{"id":128,"date":"2015-11-29T23:00:19","date_gmt":"2015-11-29T23:00:19","guid":{"rendered":"http:\/\/ewangelia-w-poezji.home.pl\/autoinstalator\/wordpress1\/?page_id=128"},"modified":"2021-07-26T12:38:43","modified_gmt":"2021-07-26T11:38:43","slug":"niedziele-wielkanocne-rok-c","status":"publish","type":"page","link":"https:\/\/poezjaiewangelia.pl\/?page_id=128","title":{"rendered":"Niedziele Wielkanocne rok C"},"content":{"rendered":"\n<div class=\"wp-block-columns is-layout-flex wp-container-core-columns-is-layout-9d6595d7 wp-block-columns-is-layout-flex\">\n<div class=\"wp-block-column is-layout-flow wp-block-column-is-layout-flow\">\n<div class=\"wp-block-image\"><figure class=\"alignright is-resized\"><a href=\"https:\/\/www.wga.hu\/frames-e.html?\/html\/p\/pontormo\/3\/04emmaus.html\" target=\"_blank\" rel=\"noopener noreferrer\"><img loading=\"lazy\" decoding=\"async\" src=\"https:\/\/poezjaiewangelia.pl\/wp-content\/uploads\/2015\/11\/Jacopo-Pontormo-Wieczerza-w-Emaus-e1462206567239.jpg\" alt=\"Jacopo Pontormo Wieczerza w Emaus\" width=\"356\" height=\"493\" title=\" Jacopo Pontormo Wieczerza w Emaus\"\/><\/a><figcaption><center><em>Jacopo Pontormo Wieczerza w Emaus<\/em><\/center><\/figcaption><\/figure><\/div>\n<\/div>\n\n\n\n<div class=\"wp-block-column is-layout-flow wp-block-column-is-layout-flow\">\n<p><span style=\"color: #ffff00;\">i<a id=\"S128\"><\/a><\/span><\/p>\n\n\n\n<figure class=\"wp-block-image size-large\"><img loading=\"lazy\" decoding=\"async\" width=\"150\" height=\"150\" src=\"https:\/\/poezjaiewangelia.pl\/wp-content\/uploads\/2018\/10\/R\u00f3\u017ca-bia\u0142a-e1592148272533.png\" alt=\"Kolor szat\" class=\"wp-image-4591\"\/><figcaption>Kolor szat<\/figcaption><\/figure>\n\n\n\n<p><span style=\"color: #1e73be;\"><a style=\"color: #1e73be;\" href=\"https:\/\/poezjaiewangelia.pl\/?page_id=4400#NW3C\">3 Niedziela Wielkanocna rok C<\/a><\/span><\/p>\n<p><span style=\"color: #1e73be;\"><a style=\"color: #1e73be;\" href=\"https:\/\/poezjaiewangelia.pl\/?page_id=4403#NW4C\">4 Niedziela Wielkanocna Rok C<\/a><\/span><\/p>\n<p><span style=\"color: #1e73be;\"><a style=\"color: #1e73be;\" href=\"https:\/\/poezjaiewangelia.pl\/?page_id=4406#NW5C\">5 Niedziela Wielkanocna rok C<\/a><\/span><\/p>\n<p><span style=\"color: #1e73be;\"><a style=\"color: #1e73be;\" href=\"https:\/\/poezjaiewangelia.pl\/?page_id=4410#NW6C\">6 Niedziela Wielkanocna rok C<\/a><\/span><\/p>\n<p><span style=\"color: #1e73be;\"><a style=\"color: #1e73be;\" href=\"https:\/\/poezjaiewangelia.pl\/?page_id=4412#NW7C\">Wniebowst\u0105pienie Pa\u0144skie rok C<\/a><\/span><\/p>\n<p>\u00a0<\/p>\n<p><span style=\"color: #1e73be;\"><a style=\"color: #1e73be;\" href=\"https:\/\/poezjaiewangelia.pl\/?page_id=59#S59\">Powr\u00f3t do Wielkanoc<\/a>\u00a0 \u00a0\u00a0 \u00a0\u00a0<a style=\"color: #1e73be;\" href=\"https:\/\/poezjaiewangelia.pl\/?page_id=703#S703\">Powr\u00f3t do Linki<\/a><\/span><\/p>\n<\/div>\n<\/div>\n\n\n\n<figure class=\"wp-block-image size-full\"><a href=\"https:\/\/www.wga.hu\/html\/a\/angelico\/00\/11fieso1.html\" target=\"_blank\" rel=\"noopener\"><img loading=\"lazy\" decoding=\"async\" width=\"2410\" height=\"350\" src=\"https:\/\/poezjaiewangelia.pl\/wp-content\/uploads\/2018\/11\/Fra-Angelico-Predella-w-o\u0142tarzu-San-Domenico-w-Fiesole.jpg\" alt=\"Fra Angelico Predella w o\u0142tarzu San Domenico w Fiesole\" class=\"wp-image-5546\"\/><\/a><figcaption>Fra Angelico <em>Predella w o\u0142tarzu San Domenico w Fiesole<\/em><\/figcaption><\/figure>\n","protected":false},"excerpt":{"rendered":"<p>i 3 Niedziela Wielkanocna rok C 4 Niedziela Wielkanocna Rok C 5 Niedziela Wielkanocna rok C 6 Niedziela Wielkanocna rok C Wniebowst\u0105pienie Pa\u0144skie rok C \u00a0 Powr\u00f3t do Wielkanoc\u00a0 \u00a0\u00a0 \u00a0\u00a0Powr\u00f3t do Linki<\/p>\n","protected":false},"author":1,"featured_media":0,"parent":59,"menu_order":4,"comment_status":"closed","ping_status":"closed","template":"","meta":{"_monsterinsights_skip_tracking":false,"_monsterinsights_sitenote_active":false,"_monsterinsights_sitenote_note":"","_monsterinsights_sitenote_category":0,"footnotes":""},"class_list":["post-128","page","type-page","status-publish","hentry"],"aioseo_notices":[],"_links":{"self":[{"href":"https:\/\/poezjaiewangelia.pl\/index.php?rest_route=\/wp\/v2\/pages\/128","targetHints":{"allow":["GET"]}}],"collection":[{"href":"https:\/\/poezjaiewangelia.pl\/index.php?rest_route=\/wp\/v2\/pages"}],"about":[{"href":"https:\/\/poezjaiewangelia.pl\/index.php?rest_route=\/wp\/v2\/types\/page"}],"author":[{"embeddable":true,"href":"https:\/\/poezjaiewangelia.pl\/index.php?rest_route=\/wp\/v2\/users\/1"}],"replies":[{"embeddable":true,"href":"https:\/\/poezjaiewangelia.pl\/index.php?rest_route=%2Fwp%2Fv2%2Fcomments&post=128"}],"version-history":[{"count":111,"href":"https:\/\/poezjaiewangelia.pl\/index.php?rest_route=\/wp\/v2\/pages\/128\/revisions"}],"predecessor-version":[{"id":9551,"href":"https:\/\/poezjaiewangelia.pl\/index.php?rest_route=\/wp\/v2\/pages\/128\/revisions\/9551"}],"up":[{"embeddable":true,"href":"https:\/\/poezjaiewangelia.pl\/index.php?rest_route=\/wp\/v2\/pages\/59"}],"wp:attachment":[{"href":"https:\/\/poezjaiewangelia.pl\/index.php?rest_route=%2Fwp%2Fv2%2Fmedia&parent=128"}],"curies":[{"name":"wp","href":"https:\/\/api.w.org\/{rel}","templated":true}]}}