{"id":138,"date":"2015-11-29T23:20:25","date_gmt":"2015-11-29T23:20:25","guid":{"rendered":"http:\/\/ewangelia-w-poezji.home.pl\/autoinstalator\/wordpress1\/?page_id=138"},"modified":"2022-07-12T14:23:44","modified_gmt":"2022-07-12T13:23:44","slug":"uroczystosci-i-swieta-ii-vi","status":"publish","type":"page","link":"https:\/\/poezjaiewangelia.pl\/?page_id=138","title":{"rendered":"Uroczysto\u015bci i \u015bwi\u0119ta II &#8211; IV"},"content":{"rendered":"\n<p><span style=\"color: #ffff00;\">i<a id=\"S138\"><\/a><\/span><\/p>\n\n\n\n<div class=\"wp-block-columns is-layout-flex wp-container-core-columns-is-layout-9d6595d7 wp-block-columns-is-layout-flex\">\n<div class=\"wp-block-column is-layout-flow wp-block-column-is-layout-flow\"><div class=\"wp-block-image\">\n<figure class=\"alignright size-medium is-resized\"><a href=\"https:\/\/commons.wikimedia.org\/wiki\/File:Hendrick_van_balen_Holy_trinity.jpg\" target=\"_blank\" rel=\"noopener noreferrer\"><img loading=\"lazy\" decoding=\"async\" src=\"https:\/\/poezjaiewangelia.pl\/wp-content\/uploads\/2015\/11\/238af8e3c2554aba5e9824a4365b75b6-204x300.jpg\" alt=\"Hendrick van Balen Tr\u00f3jca \u015awi\u0119ta\" class=\"wp-image-2230\" width=\"300\" height=\"440\" title=\"Hendrick van Balen Tr\u00f3jca \u015awi\u0119ta\"\/><\/a><figcaption><center><em>Hendrick van Balen Tr\u00f3jca \u015awi\u0119ta<\/em><\/center><\/figcaption><\/figure>\n<\/div><\/div>\n\n\n\n<div class=\"wp-block-column is-layout-flow wp-block-column-is-layout-flow\">\n<figure class=\"wp-block-image size-large\"><img loading=\"lazy\" decoding=\"async\" width=\"165\" height=\"165\" src=\"https:\/\/poezjaiewangelia.pl\/wp-content\/uploads\/2020\/04\/R\u00f3\u017ca-p.png\" alt=\"R\u00f3\u017ca\" class=\"wp-image-7046\" srcset=\"https:\/\/poezjaiewangelia.pl\/wp-content\/uploads\/2020\/04\/R\u00f3\u017ca-p.png 165w, https:\/\/poezjaiewangelia.pl\/wp-content\/uploads\/2020\/04\/R\u00f3\u017ca-p-150x150.png 150w, https:\/\/poezjaiewangelia.pl\/wp-content\/uploads\/2020\/04\/R\u00f3\u017ca-p-100x100.png 100w\" sizes=\"auto, (max-width: 165px) 100vw, 165px\" \/><\/figure>\n\n\n\n<p><a href=\"https:\/\/poezjaiewangelia.pl\/?page_id=4758#S4758\"><span style=\"color: #1e73be;\">Ofiarowanie Pa\u0144skie (2.02.)<\/span><\/a><\/p>\n<p><span style=\"color: #1e73be;\"><a style=\"color: #1e73be;\" href=\"https:\/\/poezjaiewangelia.pl\/?page_id=4767#S4767\">\u015aw. J\u00f3zefa, oblubie\u0144ca NMP (19.03.)<\/a><\/span><\/p>\n<p><span style=\"color: #1e73be;\"><a style=\"color: #1e73be;\" href=\"https:\/\/poezjaiewangelia.pl\/?page_id=4770#S4770\">Zwiastowanie Pa\u0144skie (25.03.)<\/a><\/span><\/p>\n<p><span style=\"color: #1e73be;\"><a style=\"color: #1e73be;\" href=\"https:\/\/poezjaiewangelia.pl\/?page_id=4774#S4774\">\u015aw. Wojciecha (23.04.)<\/a><\/span><\/p>\n<p>\u00a0<\/p>\n<p>\u00a0<\/p>\n<p><span style=\"color: #1e73be;\"><a style=\"color: #1e73be;\" href=\"https:\/\/poezjaiewangelia.pl\/?page_id=63#S63\">Powr\u00f3t do \u015awi\u0119ta\u00a0<\/a>\u00a0\u00a0\u00a0\u00a0<a style=\"color: #1e73be;\" href=\"https:\/\/poezjaiewangelia.pl\/?page_id=703#S703\">Powr\u00f3t do Linki<\/a><\/span><\/p>\n<\/div>\n<\/div>\n\n\n\n<figure class=\"wp-block-image size-full\"><a href=\"https:\/\/www.wga.hu\/html\/a\/angelico\/00\/11fieso1.html\" target=\"_blank\" rel=\"noopener\"><img loading=\"lazy\" decoding=\"async\" width=\"2410\" height=\"350\" src=\"https:\/\/poezjaiewangelia.pl\/wp-content\/uploads\/2018\/11\/Fra-Angelico-Predella-w-o\u0142tarzu-San-Domenico-w-Fiesole.jpg\" alt=\"Fra Angelico Predella w o\u0142tarzu San Domenico w Fiesole\" class=\"wp-image-5546\"\/><\/a><figcaption>Fra Angelico <em>Predella w o\u0142tarzu San Domenico w Fiesole<\/em><\/figcaption><\/figure>\n","protected":false},"excerpt":{"rendered":"<p>i Ofiarowanie Pa\u0144skie (2.02.) \u015aw. J\u00f3zefa, oblubie\u0144ca NMP (19.03.) Zwiastowanie Pa\u0144skie (25.03.) \u015aw. Wojciecha (23.04.) \u00a0 \u00a0 Powr\u00f3t do \u015awi\u0119ta\u00a0\u00a0\u00a0\u00a0\u00a0Powr\u00f3t do Linki<\/p>\n","protected":false},"author":1,"featured_media":0,"parent":63,"menu_order":1,"comment_status":"closed","ping_status":"closed","template":"","meta":{"_monsterinsights_skip_tracking":false,"_monsterinsights_sitenote_active":false,"_monsterinsights_sitenote_note":"","_monsterinsights_sitenote_category":0,"footnotes":""},"class_list":["post-138","page","type-page","status-publish","hentry"],"aioseo_notices":[],"_links":{"self":[{"href":"https:\/\/poezjaiewangelia.pl\/index.php?rest_route=\/wp\/v2\/pages\/138","targetHints":{"allow":["GET"]}}],"collection":[{"href":"https:\/\/poezjaiewangelia.pl\/index.php?rest_route=\/wp\/v2\/pages"}],"about":[{"href":"https:\/\/poezjaiewangelia.pl\/index.php?rest_route=\/wp\/v2\/types\/page"}],"author":[{"embeddable":true,"href":"https:\/\/poezjaiewangelia.pl\/index.php?rest_route=\/wp\/v2\/users\/1"}],"replies":[{"embeddable":true,"href":"https:\/\/poezjaiewangelia.pl\/index.php?rest_route=%2Fwp%2Fv2%2Fcomments&post=138"}],"version-history":[{"count":151,"href":"https:\/\/poezjaiewangelia.pl\/index.php?rest_route=\/wp\/v2\/pages\/138\/revisions"}],"predecessor-version":[{"id":9920,"href":"https:\/\/poezjaiewangelia.pl\/index.php?rest_route=\/wp\/v2\/pages\/138\/revisions\/9920"}],"up":[{"embeddable":true,"href":"https:\/\/poezjaiewangelia.pl\/index.php?rest_route=\/wp\/v2\/pages\/63"}],"wp:attachment":[{"href":"https:\/\/poezjaiewangelia.pl\/index.php?rest_route=%2Fwp%2Fv2%2Fmedia&parent=138"}],"curies":[{"name":"wp","href":"https:\/\/api.w.org\/{rel}","templated":true}]}}