{"id":140,"date":"2015-11-29T23:21:42","date_gmt":"2015-11-29T23:21:42","guid":{"rendered":"http:\/\/ewangelia-w-poezji.home.pl\/autoinstalator\/wordpress1\/?page_id=140"},"modified":"2021-07-26T12:52:19","modified_gmt":"2021-07-26T11:52:19","slug":"uroczystosci-i-swieta-vii-xii","status":"publish","type":"page","link":"https:\/\/poezjaiewangelia.pl\/?page_id=140","title":{"rendered":"Uroczysto\u015bci i \u015bwi\u0119ta XI &#8211; XII"},"content":{"rendered":"\n<p><span style=\"color: #ffff00;\">i<a id=\"S140\"><\/a><\/span><\/p>\n\n\n\n<div class=\"wp-block-columns is-layout-flex wp-container-core-columns-is-layout-9d6595d7 wp-block-columns-is-layout-flex\">\n<div class=\"wp-block-column is-layout-flow wp-block-column-is-layout-flow\">\n<div class=\"wp-block-image\"><figure class=\"alignright size-large is-resized\"><a href=\"https:\/\/commons.wikimedia.org\/wiki\/File:Pietro_Perugino_032.jpg\" target=\"_blank\" rel=\"noopener noreferrer\"><img loading=\"lazy\" decoding=\"async\" src=\"https:\/\/poezjaiewangelia.pl\/wp-content\/uploads\/2020\/05\/Pietro-Perugino-Przemienienie-e1590849527645.jpg\" alt=\"Pietro Perugino Przemienienie\" class=\"wp-image-8247\" width=\"377\" height=\"436\" title=\"Pietro Perugino Przemienienie\"\/><\/a><figcaption><center><em>Pietro Perugino Przemienienie<\/em><\/center><\/figcaption><\/figure><\/div>\n<\/div>\n\n\n\n<div class=\"wp-block-column is-layout-flow wp-block-column-is-layout-flow\">\n<figure class=\"wp-block-image size-large\"><img loading=\"lazy\" decoding=\"async\" width=\"165\" height=\"165\" src=\"https:\/\/poezjaiewangelia.pl\/wp-content\/uploads\/2020\/04\/R\u00f3\u017ca-p.png\" alt=\"R\u00f3\u017ca\" class=\"wp-image-7046\" srcset=\"https:\/\/poezjaiewangelia.pl\/wp-content\/uploads\/2020\/04\/R\u00f3\u017ca-p.png 165w, https:\/\/poezjaiewangelia.pl\/wp-content\/uploads\/2020\/04\/R\u00f3\u017ca-p-150x150.png 150w, https:\/\/poezjaiewangelia.pl\/wp-content\/uploads\/2020\/04\/R\u00f3\u017ca-p-100x100.png 100w\" sizes=\"auto, (max-width: 165px) 100vw, 165px\" \/><\/figure>\n\n\n\n<p><a href=\"https:\/\/poezjaiewangelia.pl\/?page_id=5016#S5016\"><span style=\"color: #1e73be;\">Wszystkich \u015awi\u0119tych (1.11.)<\/span><\/a><\/p>\n<p><span style=\"color: #1e73be;\"><a style=\"color: #1e73be;\" href=\"https:\/\/poezjaiewangelia.pl\/?page_id=5020#S5020\">Zaduszki (2.11.)<\/a><\/span><\/p>\n<p><span style=\"color: #1e73be;\"><a style=\"color: #1e73be;\" href=\"https:\/\/poezjaiewangelia.pl\/?page_id=5024#S5024\">Rocznica po\u015bwi\u0119cenia Bazyliki Latera\u0144skiej (9.11.)<\/a><\/span><\/p>\n<p><span style=\"color: #1e73be;\"><a style=\"color: #1e73be;\" href=\"https:\/\/poezjaiewangelia.pl\/?page_id=5028#S5028\">Niepokalane Pocz\u0119cie N. M. P. (8.12.)<\/a><\/span><\/p>\n<p>\u00a0<\/p>\n<p><span style=\"color: #1e73be;\"><a style=\"color: #1e73be;\" href=\"https:\/\/poezjaiewangelia.pl\/?page_id=703#S703\">Powr\u00f3t do Linki<\/a>\u00a0\u00a0\u00a0\u00a0<a style=\"color: #1e73be;\" href=\"https:\/\/poezjaiewangelia.pl\/?page_id=63#S63\">Powr\u00f3t do \u015awi\u0119ta<\/a><\/span><\/p>\n<\/div>\n<\/div>\n\n\n\n<figure class=\"wp-block-image size-full\"><a href=\"https:\/\/www.wga.hu\/html\/a\/angelico\/00\/11fieso1.html\" target=\"_blank\" rel=\"noopener\"><img loading=\"lazy\" decoding=\"async\" width=\"2410\" height=\"350\" src=\"https:\/\/poezjaiewangelia.pl\/wp-content\/uploads\/2018\/11\/Fra-Angelico-Predella-w-o\u0142tarzu-San-Domenico-w-Fiesole.jpg\" alt=\"Fra Angelico Predella w o\u0142tarzu San Domenico w Fiesole\" class=\"wp-image-5546\"\/><\/a><figcaption>Fra Angelico <em>Predella w o\u0142tarzu San Domenico w Fiesole<\/em><\/figcaption><\/figure>\n","protected":false},"excerpt":{"rendered":"<p>i Wszystkich \u015awi\u0119tych (1.11.) Zaduszki (2.11.) Rocznica po\u015bwi\u0119cenia Bazyliki Latera\u0144skiej (9.11.) Niepokalane Pocz\u0119cie N. M. P. (8.12.) \u00a0 Powr\u00f3t do Linki\u00a0\u00a0\u00a0\u00a0Powr\u00f3t do \u015awi\u0119ta<\/p>\n","protected":false},"author":1,"featured_media":0,"parent":63,"menu_order":6,"comment_status":"closed","ping_status":"closed","template":"","meta":{"_monsterinsights_skip_tracking":false,"_monsterinsights_sitenote_active":false,"_monsterinsights_sitenote_note":"","_monsterinsights_sitenote_category":0,"footnotes":""},"class_list":["post-140","page","type-page","status-publish","hentry"],"aioseo_notices":[],"_links":{"self":[{"href":"https:\/\/poezjaiewangelia.pl\/index.php?rest_route=\/wp\/v2\/pages\/140","targetHints":{"allow":["GET"]}}],"collection":[{"href":"https:\/\/poezjaiewangelia.pl\/index.php?rest_route=\/wp\/v2\/pages"}],"about":[{"href":"https:\/\/poezjaiewangelia.pl\/index.php?rest_route=\/wp\/v2\/types\/page"}],"author":[{"embeddable":true,"href":"https:\/\/poezjaiewangelia.pl\/index.php?rest_route=\/wp\/v2\/users\/1"}],"replies":[{"embeddable":true,"href":"https:\/\/poezjaiewangelia.pl\/index.php?rest_route=%2Fwp%2Fv2%2Fcomments&post=140"}],"version-history":[{"count":135,"href":"https:\/\/poezjaiewangelia.pl\/index.php?rest_route=\/wp\/v2\/pages\/140\/revisions"}],"predecessor-version":[{"id":9567,"href":"https:\/\/poezjaiewangelia.pl\/index.php?rest_route=\/wp\/v2\/pages\/140\/revisions\/9567"}],"up":[{"embeddable":true,"href":"https:\/\/poezjaiewangelia.pl\/index.php?rest_route=\/wp\/v2\/pages\/63"}],"wp:attachment":[{"href":"https:\/\/poezjaiewangelia.pl\/index.php?rest_route=%2Fwp%2Fv2%2Fmedia&parent=140"}],"curies":[{"name":"wp","href":"https:\/\/api.w.org\/{rel}","templated":true}]}}