{"id":3909,"date":"2018-10-17T12:08:20","date_gmt":"2018-10-17T12:08:20","guid":{"rendered":"https:\/\/poezjaiewangelia.pl\/?page_id=3909"},"modified":"2025-08-10T14:41:34","modified_gmt":"2025-08-10T13:41:34","slug":"1-niedziela-adwentu-rok-a","status":"publish","type":"page","link":"https:\/\/poezjaiewangelia.pl\/?page_id=3909","title":{"rendered":"1 Niedziela Adwentu rok A"},"content":{"rendered":"\n<figure id=\"attachment_8734\" aria-describedby=\"caption-attachment-8734\" style=\"width: 150px\" class=\"wp-caption alignright\"><a href=\"https:\/\/poezjaiewangelia.pl\/wp-content\/uploads\/2020\/06\/R\u00f3\u017ca-fioletowa.png\"><img loading=\"lazy\" decoding=\"async\" class=\"wp-image-8734 size-full\" src=\"https:\/\/poezjaiewangelia.pl\/wp-content\/uploads\/2020\/06\/R\u00f3\u017ca-fioletowa.png\" alt=\"Kolor szat\" width=\"150\" height=\"113\" \/><\/a><figcaption id=\"caption-attachment-8734\" class=\"wp-caption-text\">Kolor szat<\/figcaption><\/figure>\n<p><span style=\"color: #1e73be; font-family: georgia, palatino, serif;\"><a style=\"color: #1e73be;\" href=\"https:\/\/poezjaiewangelia.pl\/?page_id=51#S51\">Powr\u00f3t do Adwent<\/a> , \u00a0 <a style=\"color: #1e73be;\" href=\"https:\/\/poezjaiewangelia.pl\/?page_id=3907#S3907\">Adwent rok A<\/a>,\u00a0 <\/span><a id=\"S3909\"><\/a><span style=\"color: #1e73be; font-family: georgia, palatino, serif;\"> \u00a0<\/span><a id=\"Gora\"><\/a><span style=\"color: #1e73be;\"><span style=\"font-family: georgia, palatino, serif;\">\u00a0 <\/span><a style=\"color: #1e73be;\" href=\"https:\/\/poezjaiewangelia.pl\/?page_id=703#S 703\"><span style=\"font-family: georgia, palatino, serif;\">Powr\u00f3t do Linki<\/span><\/a><\/span><\/p>\n\n\n<div class=\"wp-block-image\">\n<figure class=\"alignleft size-large\"><a href=\"https:\/\/pl.wikipedia.org\/wiki\/Krzy%C5%BC_jerozolimski\" target=\"_blank\" rel=\"noopener noreferrer\"><img loading=\"lazy\" decoding=\"async\" width=\"101\" height=\"100\" src=\"https:\/\/poezjaiewangelia.pl\/wp-content\/uploads\/2015\/11\/Krzyz-Jerozolimski.jpg\" alt=\"Krzy\u017c Jerozolimski\" class=\"wp-image-107\" title=\"Krzy\u017c Jerozolimski\"\/><\/a><\/figure>\n<\/div>\n\n\n<hr class=\"wp-block-separator has-text-color has-luminous-vivid-amber-color has-css-opacity has-luminous-vivid-amber-background-color has-background is-style-dots\"\/>\n\n\n\n<p><strong>1 NA:<\/strong> <strong>EWANGELIA: MT 24, 37 \u2013 44;<\/strong><\/p>\n\n\n\n<hr class=\"wp-block-separator has-text-color has-luminous-vivid-amber-color has-css-opacity has-luminous-vivid-amber-background-color has-background is-style-dots\"\/>\n\n\n\n<h2 class=\"has-vivid-purple-color has-text-color wp-block-heading\">S\u0142owo Bo\u017ce<\/h2>\n\n\n<div class=\"wp-block-image\">\n<figure class=\"alignright size-large is-resized\"><a href=\"https:\/\/www.wga.hu\/frames-e.html?\/html\/m\/martin\/deluge.html\" target=\"_blank\" rel=\"noopener noreferrer\"><img loading=\"lazy\" decoding=\"async\" width=\"400\" height=\"259\" src=\"https:\/\/poezjaiewangelia.pl\/wp-content\/uploads\/2015\/11\/Martin-John-Przed-potopem-e1538210464734.jpg\" alt=\"Martin John Przed potopem\" class=\"wp-image-2196\" style=\"width:489px;height:316px\" title=\"Martin John Przed potopem\"\/><\/a><figcaption class=\"wp-element-caption\"><center><em>Martin John Przed potopem<\/em><\/center><\/figcaption><\/figure>\n<\/div>\n\n\n<p><span style=\"font-family: georgia, palatino, serif;\"><strong>Nieznany czas przyj\u015bcia.<\/strong><\/span><\/p>\n<p class=\"has-text-color\"><span style=\"color: #993300; font-family: georgia, palatino, serif;\"><strong>37 A jak by\u0142o za dni Noego, tak b\u0119dzie z przyj\u015bciem Syna&nbsp;Cz\u0142owieczego.<\/strong><\/span><\/p>\n<p><span style=\"font-family: georgia, palatino, serif;\">38 Albowiem jak w czasie przed potopem jedli i pili, \u017cenili si\u0119 i za m\u0105\u017c wydawali a\u017c do dnia, kiedy Noe wszed\u0142 do arki,<\/span><br><span style=\"font-family: georgia, palatino, serif;\">39 i nie spostrzegli si\u0119, a\u017c przyszed\u0142 potop i poch\u0142on\u0105\u0142 wszystkich, tak r\u00f3wnie\u017c b\u0119dzie z przyj\u015bciem Syna Cz\u0142owieczego.<\/span><br><span style=\"font-family: georgia, palatino, serif;\">40 Wtedy dw\u00f3ch b\u0119dzie w polu: jeden b\u0119dzie wzi\u0119ty, drugi zostawiony.<\/span><br><span style=\"font-family: georgia, palatino, serif;\">41 Dwie b\u0119d\u0105 mle\u0107 na \u017carnach: jedna b\u0119dzie wzi\u0119ta, druga zostawiona.<\/span><\/p>\n<p><span style=\"font-family: georgia, palatino, serif;\"><strong>Potrzeba czujno\u015bci.<\/strong><\/span><\/p>\n<p class=\"has-text-color\"><span style=\"color: #993300; font-family: georgia, palatino, serif;\"><strong>42 Czuwajcie wi\u0119c, bo nie wiecie, w kt\u00f3rym dniu Pan wasz przyjdzie.<\/strong><\/span><br><span style=\"color: #993300; font-family: georgia, palatino, serif;\"><strong>43 A to rozumiejcie: Gdyby gospodarz wiedzia\u0142, o kt\u00f3rej porze nocy z\u0142odziej ma przyj\u015b\u0107, na pewno by czuwa\u0142 i nie pozwoli\u0142by w\u0142ama\u0107 si\u0119 do swego domu.<\/strong><\/span><br><span style=\"color: #993300; font-family: georgia, palatino, serif;\"><strong>44 Dlatego i wy b\u0105d\u017acie gotowi, bo w chwili, kt\u00f3rej si\u0119 nie domy\u015blacie, Syn Cz\u0142owieczy przyjdzie.<\/strong><\/span><\/p>\n\n\n\n<h2 class=\"has-vivid-purple-color has-text-color wp-block-heading\">Refleksja<\/h2>\n\n\n\n<p><\/p>\n\n\n\n<p><span style=\"font-family: georgia, palatino, serif;\"><strong>Jan Twardowski<\/strong><\/span><\/p>\n\n\n\n<p><span style=\"font-family: georgia, palatino, serif;\"><em><strong>Czekanie<\/strong><\/em><\/span><\/p>\n\n\n\n<p><span style=\"font-family: georgia, palatino, serif;\">Popatrz na psa uwi\u0105zanego pod sklepem<\/span><\/p>\n<p><span style=\"font-family: georgia, palatino, serif;\">o swym panu my\u015bli<\/span><br><span style=\"font-family: georgia, palatino, serif;\">i rwie si\u0119 do niego<\/span><br><span style=\"font-family: georgia, palatino, serif;\">na dw\u00f3ch \u0142apach czeka<\/span><br><span style=\"font-family: georgia, palatino, serif;\">pan dla niego podw\u00f3rzem \u0142\u0105k\u0105 lasem domem<\/span><br><span style=\"font-family: georgia, palatino, serif;\">oczami za nim biegnie<\/span><br><span style=\"font-family: georgia, palatino, serif;\">i t\u0119skni ogonem<\/span><\/p>\n<p><span style=\"font-family: georgia, palatino, serif;\">poca\u0142uj go w \u0142ap\u0119<\/span><br><span style=\"font-family: georgia, palatino, serif;\">bo uczy jak na Boga czeka\u0107<\/span><\/p>\n<p><span style=\"font-family: georgia, palatino, serif;\"><em><strong>\u201cABC ksi\u0119dza Twardowskiego. Rok A\u201d str. 19.<\/strong><\/em><\/span><\/p>\n\n\n\n<p><span style=\"font-family: georgia, palatino, serif;\"><strong>Wac\u0142aw Oszajca<\/strong><\/span><\/p>\n<p><span style=\"font-family: georgia, palatino, serif;\"><em><strong>z Mateusza<\/strong><\/em><\/span><\/p>\n<p><span style=\"font-family: georgia, palatino, serif;\">jak wielu by\u0142o tych<\/span><br><span style=\"font-family: georgia, palatino, serif;\">z kt\u00f3rymi pracowa\u0142em na jednym polu<\/span><br><span style=\"font-family: georgia, palatino, serif;\">ale wieczorem<\/span><br><span style=\"font-family: georgia, palatino, serif;\">do domu sam wraca\u0142em<\/span><br><span style=\"font-family: georgia, palatino, serif;\">nikt mnie nie odprowadza\u0142<\/span><br><span style=\"font-family: georgia, palatino, serif;\">z iloma me\u0142\u0142em na \u017carnach<\/span><br><span style=\"font-family: georgia, palatino, serif;\">a chleb samotnie jad\u0142em<\/span><br><span style=\"font-family: georgia, palatino, serif;\">zostali zabrani<\/span><\/p>\n<p><span style=\"font-family: georgia, palatino, serif;\">mo\u017ce dlatego \u017ce nie pomie\u015bci\u0142em ich w sobie<\/span><br><span style=\"font-family: georgia, palatino, serif;\">a inny noe ju\u017c odp\u0142ywa\u0142<\/span><\/p>\n<p><span style=\"font-family: georgia, palatino, serif;\"><em><strong>\u00abReszta wi\u0119ksza od ca\u0142o\u015bci\u00bb, Warszawa 2003, str. 37<\/strong><\/em><\/span><\/p>\n\n\n\n<p class=\"has-text-align-center has-text-color\" style=\"color: #1e73be;\"><span style=\"font-family: georgia, palatino, serif;\"><a href=\"https:\/\/poezjaiewangelia.pl\/?page_id=3909#Gora\" data-wplink-edit=\"true\">Do g\u00f3ry<\/a><\/span><\/p>\n\n\n\n<p><\/p>\n","protected":false},"excerpt":{"rendered":"<p>Powr\u00f3t do Adwent , \u00a0 Adwent rok A,\u00a0 \u00a0\u00a0 Powr\u00f3t do Linki 1 NA: EWANGELIA: MT 24, 37 \u2013 44; Nieznany czas przyj\u015bcia. 37 A jak by\u0142o za dni Noego, tak b\u0119dzie z przyj\u015bciem Syna&nbsp;Cz\u0142owieczego. 38 Albowiem jak w czasie przed potopem jedli i pili, \u017cenili si\u0119 i za m\u0105\u017c wydawali a\u017c do dnia, kiedy &hellip; <a href=\"https:\/\/poezjaiewangelia.pl\/?page_id=3909\" class=\"more-link\">Czytaj dalej <span class=\"screen-reader-text\">1 Niedziela Adwentu rok A<\/span><\/a><\/p>\n","protected":false},"author":1,"featured_media":0,"parent":3907,"menu_order":1,"comment_status":"closed","ping_status":"closed","template":"","meta":{"_monsterinsights_skip_tracking":false,"_monsterinsights_sitenote_active":false,"_monsterinsights_sitenote_note":"","_monsterinsights_sitenote_category":0,"footnotes":""},"class_list":["post-3909","page","type-page","status-publish","hentry"],"aioseo_notices":[],"_links":{"self":[{"href":"https:\/\/poezjaiewangelia.pl\/index.php?rest_route=\/wp\/v2\/pages\/3909","targetHints":{"allow":["GET"]}}],"collection":[{"href":"https:\/\/poezjaiewangelia.pl\/index.php?rest_route=\/wp\/v2\/pages"}],"about":[{"href":"https:\/\/poezjaiewangelia.pl\/index.php?rest_route=\/wp\/v2\/types\/page"}],"author":[{"embeddable":true,"href":"https:\/\/poezjaiewangelia.pl\/index.php?rest_route=\/wp\/v2\/users\/1"}],"replies":[{"embeddable":true,"href":"https:\/\/poezjaiewangelia.pl\/index.php?rest_route=%2Fwp%2Fv2%2Fcomments&post=3909"}],"version-history":[{"count":73,"href":"https:\/\/poezjaiewangelia.pl\/index.php?rest_route=\/wp\/v2\/pages\/3909\/revisions"}],"predecessor-version":[{"id":10642,"href":"https:\/\/poezjaiewangelia.pl\/index.php?rest_route=\/wp\/v2\/pages\/3909\/revisions\/10642"}],"up":[{"embeddable":true,"href":"https:\/\/poezjaiewangelia.pl\/index.php?rest_route=\/wp\/v2\/pages\/3907"}],"wp:attachment":[{"href":"https:\/\/poezjaiewangelia.pl\/index.php?rest_route=%2Fwp%2Fv2%2Fmedia&parent=3909"}],"curies":[{"name":"wp","href":"https:\/\/api.w.org\/{rel}","templated":true}]}}