{"id":3996,"date":"2018-10-17T21:51:55","date_gmt":"2018-10-17T21:51:55","guid":{"rendered":"https:\/\/poezjaiewangelia.pl\/?page_id=3996"},"modified":"2020-06-24T17:49:00","modified_gmt":"2020-06-24T16:49:00","slug":"1-niedziela-adwentu-rok-b","status":"publish","type":"page","link":"https:\/\/poezjaiewangelia.pl\/?page_id=3996","title":{"rendered":"1 Niedziela Adwentu rok B"},"content":{"rendered":"\n<p><span style=\"color: #1e73be;\"><a style=\"color: #1e73be;\" href=\"https:\/\/poezjaiewangelia.pl\/?page_id=51#S51\">Powr\u00f3t do Adwent,<\/a>\u00a0<a style=\"color: #1e73be;\" href=\"https:\/\/poezjaiewangelia.pl\/?page_id=111#S111\"> Adwent rok B, <\/a><\/span><a id=\"S3996\"><\/a><span style=\"color: #1e73be;\">\u00a0<\/span><a id=\"Gora\"><\/a><span style=\"color: #1e73be;\">\u00a0<a style=\"color: #1e73be;\" href=\"https:\/\/poezjaiewangelia.pl\/?page_id=703#S703\">Powr\u00f3t do Linki<img loading=\"lazy\" decoding=\"async\" class=\"size-full wp-image-8734 alignright\" src=\"https:\/\/poezjaiewangelia.pl\/wp-content\/uploads\/2020\/06\/R\u00f3\u017ca-fioletowa.png\" alt=\"Kolor szat\" width=\"150\" height=\"113\" \/><\/a><\/span><\/p>\n\n\n\n<div class=\"wp-block-image\"><figure class=\"alignleft size-large is-resized\"><a href=\"https:\/\/pl.wikipedia.org\/wiki\/Krzy%C5%BC_jerozolimski\" target=\"_blank\" rel=\"noopener noreferrer\"><img loading=\"lazy\" decoding=\"async\" src=\"https:\/\/poezjaiewangelia.pl\/wp-content\/uploads\/2015\/11\/Krzyz-Jerozolimski.jpg\" alt=\"Krzy\u017c Jerozolimski\" class=\"wp-image-107\" width=\"101\" height=\"100\" title=\"Krzy\u017c Jerozolimski\"\/><\/a><\/figure><\/div>\n\n\n\n<hr class=\"wp-block-separator has-text-color has-background has-luminous-vivid-amber-background-color has-luminous-vivid-amber-color is-style-dots\"\/>\n\n\n\n<p><strong>1 NA: EWANGELIA: MK 13, 33 \u2013 37;<\/strong><\/p>\n\n\n\n<hr class=\"wp-block-separator has-text-color has-background has-luminous-vivid-amber-background-color has-luminous-vivid-amber-color is-style-dots\"\/>\n\n\n\n\n\n<p><strong>Potrzeba czujno\u015bci<\/strong><\/p>\n\n\n\n<p>33\u00a0Uwa\u017cajcie, czuwajcie, bo nie wiecie, kiedy czas ten nadejdzie.<br \/>34\u00a0Bo rzecz ma si\u0119 podobnie jak z cz\u0142owiekiem, kt\u00f3ry uda\u0142 si\u0119 w podr\u00f3\u017c. Zostawi\u0142 sw\u00f3j dom, powierzy\u0142 swoim s\u0142ugom staranie o wszystko, ka\u017cdemu wyznaczy\u0142 zaj\u0119cie, a od\u017awiernemu przykaza\u0142, \u017ceby czuwa\u0142.<br \/><span style=\"color: #993300;\"><strong>35\u00a0Czuwajcie wi\u0119c, bo nie wiecie, kiedy pan domu przyjdzie: z wieczora czy o p\u00f3\u0142nocy, czy o pianiu kogut\u00f3w, czy rankiem.<br \/>36\u00a0By niespodzianie przyszed\u0142szy, nie zasta\u0142 was \u015bpi\u0105cych.<br \/>37\u00a0Lecz co wam m\u00f3wi\u0119, m\u00f3wi\u0119 wszystkim: Czuwajcie!\u00bb.<\/strong><\/span><\/p>\n\n\n\n<div class=\"wp-block-image\"><figure class=\"aligncenter size-large is-resized\"><a href=\"https:\/\/www.wga.hu\/frames-e.html?\/html\/m\/michelan\/3sistina\/lastjudg\/0lastjud.html\" target=\"_blank\" rel=\"noopener noreferrer\"><img loading=\"lazy\" decoding=\"async\" src=\"https:\/\/poezjaiewangelia.pl\/wp-content\/uploads\/2015\/11\/f1628f826549c8803b970f6ac96da749-e1461937056621.jpg\" alt=\"Micha\u0142 Anio\u0142 S\u0105d Ostateczny (detal)\" class=\"wp-image-2590\" width=\"518\" height=\"341\" title=\"Micha\u0142 Anio\u0142 S\u0105d Ostateczny (detal)\"\/><\/a><figcaption><center><em>Micha\u0142 Anio\u0142 S\u0105d Ostateczny (detal)<\/em><\/center><\/figcaption><\/figure><\/div>\n\n\n\n<h2 class=\"has-vivid-purple-color has-text-color wp-block-heading\">Refleksja<\/h2>\n\n\n\n<p><\/p>\n\n\n\n<p><strong>Jan Zieli\u0144ski<\/strong><\/p>\n\n\n\n<p><em><strong>\u201eSzukam wyspy zielonej\u201d<\/strong><\/em><\/p>\n\n\n\n<p>Szukam wyspy zielonej<br>szukam miejsca<br>gdzie b\u0119dziemy m\u00f3wi\u0107<br>g\u0142o\u015bno i po cichu<br>z rado\u015bci\u0105<br>o Jezusie<br>podczas spotka\u0144 rodzinnych<br>przy kawie<br>na weselach i \u015blubach<br>na chrzcinach imieninach<br>w samochodzie<br>na \u0142\u0105ce za miastem<br>w szkole<br>na plebanii<br>na spacerze<\/p>\n\n\n\n<p>tymczasem wielka cisza<\/p>\n\n\n\n<p>mo\u017ce dopiero wtedy<br>kiedy przyjdzie Pan<br>i poruszy groby na cmentarzach<br>wszyscy m\u00f3wi\u0107 b\u0119d\u0105 bez przerwy<br>tylko o Nim<\/p>\n\n\n\n<p><em><strong>\u201eWiersze podarowane\u201d, Warszawa 1994, str.11<\/strong><\/em><\/p>\n\n\n\n<p><strong>Wac\u0142aw Oszajca<\/strong><\/p>\n\n\n\n<p><em><strong>Franciszek z Asy\u017cu \u2014 umiera<\/strong><\/em><\/p>\n\n\n\n<p>przysz\u0142a siostra \u015bmier\u0107<br>po brata Franciszka<br>znalaz\u0142a dom omieciony<br>umajony zielon\u0105 modlitw\u0105<br>okadzony psalmami<br>ale gospodarza nie zasta\u0142a<br>Pan z nag\u0142a<br>zawezwa\u0142 go do siebie<\/p>\n\n\n\n<p><em><strong>\u00abReszta wi\u0119ksza od ca\u0142o\u015bci\u00bb, Warszawa 2003, str. 57<\/strong><\/em><\/p>\n\n\n\n<p style=\"color:#1e73be\" class=\"has-text-color has-text-align-center\"><a href=\"https:\/\/poezjaiewangelia.pl\/?page_id=3996#Gora\">Do g\u00f3ry<\/a><\/p>\n","protected":false},"excerpt":{"rendered":"<p>Powr\u00f3t do Adwent,\u00a0 Adwent rok B, \u00a0\u00a0Powr\u00f3t do Linki 1 NA: EWANGELIA: MK 13, 33 \u2013 37; Potrzeba czujno\u015bci 33\u00a0Uwa\u017cajcie, czuwajcie, bo nie wiecie, kiedy czas ten nadejdzie.34\u00a0Bo rzecz ma si\u0119 podobnie jak z cz\u0142owiekiem, kt\u00f3ry uda\u0142 si\u0119 w podr\u00f3\u017c. Zostawi\u0142 sw\u00f3j dom, powierzy\u0142 swoim s\u0142ugom staranie o wszystko, ka\u017cdemu wyznaczy\u0142 zaj\u0119cie, a od\u017awiernemu przykaza\u0142, &hellip; <a href=\"https:\/\/poezjaiewangelia.pl\/?page_id=3996\" class=\"more-link\">Czytaj dalej <span class=\"screen-reader-text\">1 Niedziela Adwentu rok B<\/span><\/a><\/p>\n","protected":false},"author":1,"featured_media":0,"parent":111,"menu_order":1,"comment_status":"closed","ping_status":"closed","template":"","meta":{"_monsterinsights_skip_tracking":false,"_monsterinsights_sitenote_active":false,"_monsterinsights_sitenote_note":"","_monsterinsights_sitenote_category":0,"footnotes":""},"class_list":["post-3996","page","type-page","status-publish","hentry"],"aioseo_notices":[],"_links":{"self":[{"href":"https:\/\/poezjaiewangelia.pl\/index.php?rest_route=\/wp\/v2\/pages\/3996","targetHints":{"allow":["GET"]}}],"collection":[{"href":"https:\/\/poezjaiewangelia.pl\/index.php?rest_route=\/wp\/v2\/pages"}],"about":[{"href":"https:\/\/poezjaiewangelia.pl\/index.php?rest_route=\/wp\/v2\/types\/page"}],"author":[{"embeddable":true,"href":"https:\/\/poezjaiewangelia.pl\/index.php?rest_route=\/wp\/v2\/users\/1"}],"replies":[{"embeddable":true,"href":"https:\/\/poezjaiewangelia.pl\/index.php?rest_route=%2Fwp%2Fv2%2Fcomments&post=3996"}],"version-history":[{"count":30,"href":"https:\/\/poezjaiewangelia.pl\/index.php?rest_route=\/wp\/v2\/pages\/3996\/revisions"}],"predecessor-version":[{"id":9010,"href":"https:\/\/poezjaiewangelia.pl\/index.php?rest_route=\/wp\/v2\/pages\/3996\/revisions\/9010"}],"up":[{"embeddable":true,"href":"https:\/\/poezjaiewangelia.pl\/index.php?rest_route=\/wp\/v2\/pages\/111"}],"wp:attachment":[{"href":"https:\/\/poezjaiewangelia.pl\/index.php?rest_route=%2Fwp%2Fv2%2Fmedia&parent=3996"}],"curies":[{"name":"wp","href":"https:\/\/api.w.org\/{rel}","templated":true}]}}