{"id":4001,"date":"2018-10-17T22:30:50","date_gmt":"2018-10-17T22:30:50","guid":{"rendered":"https:\/\/poezjaiewangelia.pl\/?page_id=4001"},"modified":"2020-06-24T17:49:55","modified_gmt":"2020-06-24T16:49:55","slug":"2-niedziela-adwentu-rok-b","status":"publish","type":"page","link":"https:\/\/poezjaiewangelia.pl\/?page_id=4001","title":{"rendered":"2 Niedziela Adwentu rok B"},"content":{"rendered":"\n<p><span style=\"color: #1e73be;\"><a style=\"color: #1e73be;\" href=\"https:\/\/poezjaiewangelia.pl\/?page_id=51#S51\">Powr\u00f3t do Adwent,<\/a><a style=\"color: #1e73be;\" href=\"https:\/\/poezjaiewangelia.pl\/?page_id=111#S111\"> Adwent rok B,<\/a>\u00a0<\/span><a id=\"S4001\"><\/a><span style=\"color: #1e73be;\">\u00a0<\/span><a id=\"Gora\"><\/a><span style=\"color: #1e73be;\">\u00a0<a style=\"color: #1e73be;\" href=\"https:\/\/poezjaiewangelia.pl\/?page_id=703#S703\">Powr\u00f3t do Linki<img loading=\"lazy\" decoding=\"async\" class=\"size-full wp-image-8734 alignright\" src=\"https:\/\/poezjaiewangelia.pl\/wp-content\/uploads\/2020\/06\/R\u00f3\u017ca-fioletowa.png\" alt=\"Kolor szat\" width=\"150\" height=\"113\" \/><\/a><\/span><\/p>\n\n\n\n<div class=\"wp-block-image\"><figure class=\"alignleft size-large is-resized\"><a href=\"https:\/\/pl.wikipedia.org\/wiki\/Krzy%C5%BC_jerozolimski\" target=\"_blank\" rel=\"noopener noreferrer\"><img loading=\"lazy\" decoding=\"async\" src=\"https:\/\/poezjaiewangelia.pl\/wp-content\/uploads\/2015\/11\/Krzyz-Jerozolimski.jpg\" alt=\"Krzy\u017c Jerozolimski\" class=\"wp-image-107\" width=\"101\" height=\"100\" title=\"Krzy\u017c Jerozolimski\"\/><\/a><\/figure><\/div>\n\n\n\n<hr class=\"wp-block-separator has-text-color has-background has-luminous-vivid-amber-background-color has-luminous-vivid-amber-color is-style-dots\"\/>\n\n\n\n<p><strong>2 NA: EWANGELIA: MK 1, 1 \u2013 8;<\/strong><\/p>\n\n\n\n<hr class=\"wp-block-separator has-text-color has-background has-luminous-vivid-amber-background-color has-luminous-vivid-amber-color is-style-dots\"\/>\n\n\n\n\n\n<div class=\"wp-block-image size-large&gt;<figure class=\"><figure class=\"alignright is-resized\"><a href=\"https:\/\/commons.wikimedia.org\/wiki\/File:Preaching_of_John_the_Baptist_1634_Bartholomeus_Breenbergh.jpg\" target=\"_blank\" rel=\"noopener noreferrer\"><img loading=\"lazy\" decoding=\"async\" src=\"https:\/\/poezjaiewangelia.pl\/wp-content\/uploads\/2020\/04\/PreBreenbergh-Bartholomeus-Kazanie-\u015aw.-Jana-1024x748.jpg\" alt=\"Breenbergh Bartholomeus Kazanie \u015aw. Jana\" width=\"448\" height=\"327\" title=\"Breenbergh Bartholomeus Kazanie \u015aw. Jana\"\/><\/a><figcaption><center><em>Breenbergh Bartholomeus Kazanie \u015aw. Jana<\/em><\/center><\/figcaption><\/figure><\/div>\n\n\n\n<p><strong>Jan Chrzciciel<\/strong><\/p>\n<p>1&nbsp;Pocz\u0105tek Ewangelii o Jezusie Chrystusie, Synu Bo\u017cym.<br>2&nbsp;Jak jest napisane u proroka Izajasza:<br>Oto Ja posy\u0142am wys\u0142a\u0144ca mego<br>przed Tob\u0105;<br>on przygotuje drog\u0119 Twoj\u0105.<br>3&nbsp;G\u0142os wo\u0142aj\u0105cego na pustyni:<br>Przygotujcie drog\u0119 Panu,<br>Dla Niego prostujcie \u015bcie\u017cki!<br><span style=\"color: #993300;\"><strong>4&nbsp;Wyst\u0105pi\u0142 Jan Chrzciciel na pustyni i g\u0142osi\u0142 chrzest nawr\u00f3cenia na odpuszczenie grzech\u00f3w.<\/strong><\/span><br><span style=\"color: #993300;\"><strong>5&nbsp;Ci\u0105gn\u0119\u0142a do niego ca\u0142a judzka kraina oraz wszyscy mieszka\u0144cy Jerozolimy i przyjmowali od niego chrzest w rzece Jordan, wyznaj\u0105c [przy tym] swe grzechy.<\/strong><\/span><br><span style=\"color: #993300;\"><strong>6&nbsp;Jan nosi\u0142 odzienie z sier\u015bci wielb\u0142\u0105dziej i pas sk\u00f3rzany oko\u0142o bioder, a \u017cywi\u0142 si\u0119 szara\u0144cz\u0105 i miodem le\u015bnym.<\/strong><\/span><br><span style=\"color: #993300;\"><strong>7&nbsp;I tak g\u0142osi\u0142: \u00abIdzie za mn\u0105 mocniejszy ode mnie, a ja nie jestem godzien, aby si\u0119 schyli\u0107 i rozwi\u0105za\u0107 rzemyk u Jego sanda\u0142\u00f3w.<\/strong><\/span><br><span style=\"color: #993300;\"><strong>8&nbsp;Ja chrzci\u0142em was wod\u0105, On za\u015b chrzci\u0107 was b\u0119dzie Duchem \u015awi\u0119tym\u00bb<\/strong><\/span><\/p>\n\n\n\n<h2 class=\"has-vivid-purple-color has-text-color wp-block-heading\">Refleksja<\/h2>\n\n\n\n<p><\/p>\n\n\n\n<p><strong>Kazimierz W\u00f3jtowicz<\/strong><\/p>\n\n\n\n<p><em><strong>Do Jana Chrzciciela z obrazu Geertgena tot sint Jansa&nbsp;<\/strong><\/em><\/p>\n\n\n\n<p>Przysz\u0142y do ciebie<br>drzewa paprocie i trawy<br>ptactwo powietrzne<br>i wszelkie ziemskie zwierz\u0105tka<br>a ty cz\u0142owiek pustyni<br>siedzisz skulony<\/p>\n\n\n\n<p>w brunatnej sukni pokutnej<br>na wyst\u0119pie ska\u0142y<\/p>\n\n\n\n<p>Otwartymi szeroko oczami<br>patrzysz w inny \u015bwiat<br>i nawet nie widzisz<br>\u017ce Wieczno\u015b\u0107 sprawi\u0142a ci<br>niebiesk\u0105 peleryn\u0119<br>a bosym stopom<br>zakwit\u0142y ju\u017c stokrotki<\/p>\n\n\n\n<p><em><strong>\u201eIntencje serca\u201d, Warszawa 1985, str. 540<\/strong><\/em><\/p>\n\n\n\n<p><strong>Jan Twardowski<\/strong><\/p>\n\n\n\n<p><em><strong>Gor\u0119tsza od spojrzenia<\/strong><\/em><\/p>\n\n\n\n<p>\u017beby nie by\u0107 tak\u0105 czcigodn\u0105 osob\u0105<br>kt\u00f3rej podaj\u0105 parasol<br>kt\u00f3r\u0105 do Rzymu wysy\u0142aj\u0105<br>w telewizji jak srebrnym nieboszczykiem kr\u0119c\u0105<br>wieszaj\u0105 przy gwiazdach filmowych<\/p>\n\n\n\n<p>Ale by\u0107 chlebem<br>kt\u00f3ry kraj\u0105<br>\u017cywic\u0105 kt\u00f3r\u0105 z sosny na kadzid\u0142o skrobi\u0105<br>czym\u015b z czego robi\u0105 radio<br>\u017ceby choremu przy termometrze \u015bpiewa\u0142o<br>zegarem kt\u00f3ry w samolocie jak obrazek ze \u015bwi\u0119tym Krzysztofem leci<br>\u017c\u00f3\u0142tym dla dzieci balonem \u2013<\/p>\n\n\n\n<p>a zawsze hosti\u0105 ma\u0142\u0105<br>gor\u0119tsz\u0105 od spojrzenia<br>co si\u0119 zmienia w ofierze<\/p>\n\n\n\n<p><em><strong>\u201enie przyszed\u0142em pana nawraca\u0107\u201d, Warszawa 1986, str. 33<\/strong><\/em><\/p>\n\n\n\n<div class=\"wp-block-columns is-layout-flex wp-container-core-columns-is-layout-9d6595d7 wp-block-columns-is-layout-flex\">\n<div class=\"wp-block-column is-layout-flow wp-block-column-is-layout-flow\">\n<div class=\"wp-block-image\"><figure class=\"alignright is-resized\"><a href=\"https:\/\/www.wga.hu\/frames-e.html?\/html\/d\/donatell\/3_late\/various\/2john_1d.html\" target=\"_blank\" rel=\"noopener noreferrer\"><img loading=\"lazy\" decoding=\"async\" src=\"https:\/\/poezjaiewangelia.pl\/wp-content\/uploads\/2015\/11\/e812e2075d7e2f4c4bc9fa382cbf2ea4-e1460365057869.jpeg\" alt=\"Donatello \u015aw. Jan Chrzciciel\" width=\"300\" height=\"473\" title=\"Donatello \u015aw. Jan Chrzciciel\"\/><\/a><figcaption><center><em>Donatello \u015aw. Jan Chrzciciel<\/em><\/center><\/figcaption><\/figure><\/div>\n<\/div>\n\n\n\n<div class=\"wp-block-column is-layout-flow wp-block-column-is-layout-flow\">\n<p>&nbsp;<\/p>\n<p>&nbsp;<\/p>\n<p><strong>Jan Twardowski<\/strong><\/p>\n<p><em><strong>Mo\u017ce<\/strong><\/em><\/p>\n<p>Mo\u017ce wierzysz tak sobie<br>lepiej<br>gorzej<br>jak \u017c\u00f3\u0142w pomale\u0144ku<\/p>\n<p>uwierz wreszcie naprawd\u0119<br>po ciemku<\/p>\n<p><em><strong>\u00abNie przyszed\u0142em pana nawraca\u0107\u00bb, Pozna\u0144 2009, str. 249<\/strong><\/em><\/p>\n<\/div>\n<\/div>\n\n\n\n<p style=\"text-align: center;\"><span style=\"color: #1e73be;\"><a style=\"color: #1e73be;\" href=\"https:\/\/poezjaiewangelia.pl\/?page_id=4001#Gora\">Do g\u00f3ry<\/a><\/span><\/p>\n","protected":false},"excerpt":{"rendered":"<p>Powr\u00f3t do Adwent, Adwent rok B,\u00a0\u00a0\u00a0Powr\u00f3t do Linki 2 NA: EWANGELIA: MK 1, 1 \u2013 8; Jan Chrzciciel 1&nbsp;Pocz\u0105tek Ewangelii o Jezusie Chrystusie, Synu Bo\u017cym.2&nbsp;Jak jest napisane u proroka Izajasza:Oto Ja posy\u0142am wys\u0142a\u0144ca megoprzed Tob\u0105;on przygotuje drog\u0119 Twoj\u0105.3&nbsp;G\u0142os wo\u0142aj\u0105cego na pustyni:Przygotujcie drog\u0119 Panu,Dla Niego prostujcie \u015bcie\u017cki!4&nbsp;Wyst\u0105pi\u0142 Jan Chrzciciel na pustyni i g\u0142osi\u0142 chrzest nawr\u00f3cenia na &hellip; <a href=\"https:\/\/poezjaiewangelia.pl\/?page_id=4001\" class=\"more-link\">Czytaj dalej <span class=\"screen-reader-text\">2 Niedziela Adwentu rok B<\/span><\/a><\/p>\n","protected":false},"author":1,"featured_media":0,"parent":111,"menu_order":2,"comment_status":"closed","ping_status":"closed","template":"","meta":{"_monsterinsights_skip_tracking":false,"_monsterinsights_sitenote_active":false,"_monsterinsights_sitenote_note":"","_monsterinsights_sitenote_category":0,"footnotes":""},"class_list":["post-4001","page","type-page","status-publish","hentry"],"aioseo_notices":[],"_links":{"self":[{"href":"https:\/\/poezjaiewangelia.pl\/index.php?rest_route=\/wp\/v2\/pages\/4001","targetHints":{"allow":["GET"]}}],"collection":[{"href":"https:\/\/poezjaiewangelia.pl\/index.php?rest_route=\/wp\/v2\/pages"}],"about":[{"href":"https:\/\/poezjaiewangelia.pl\/index.php?rest_route=\/wp\/v2\/types\/page"}],"author":[{"embeddable":true,"href":"https:\/\/poezjaiewangelia.pl\/index.php?rest_route=\/wp\/v2\/users\/1"}],"replies":[{"embeddable":true,"href":"https:\/\/poezjaiewangelia.pl\/index.php?rest_route=%2Fwp%2Fv2%2Fcomments&post=4001"}],"version-history":[{"count":31,"href":"https:\/\/poezjaiewangelia.pl\/index.php?rest_route=\/wp\/v2\/pages\/4001\/revisions"}],"predecessor-version":[{"id":9011,"href":"https:\/\/poezjaiewangelia.pl\/index.php?rest_route=\/wp\/v2\/pages\/4001\/revisions\/9011"}],"up":[{"embeddable":true,"href":"https:\/\/poezjaiewangelia.pl\/index.php?rest_route=\/wp\/v2\/pages\/111"}],"wp:attachment":[{"href":"https:\/\/poezjaiewangelia.pl\/index.php?rest_route=%2Fwp%2Fv2%2Fmedia&parent=4001"}],"curies":[{"name":"wp","href":"https:\/\/api.w.org\/{rel}","templated":true}]}}