{"id":4005,"date":"2018-10-18T06:58:33","date_gmt":"2018-10-18T06:58:33","guid":{"rendered":"https:\/\/poezjaiewangelia.pl\/?page_id=4005"},"modified":"2020-08-19T10:55:45","modified_gmt":"2020-08-19T09:55:45","slug":"3-niedziela-adwentu-rok-b","status":"publish","type":"page","link":"https:\/\/poezjaiewangelia.pl\/?page_id=4005","title":{"rendered":"3 Niedziela Adwentu rok B"},"content":{"rendered":"\n<p><span style=\"color: #1e73be;\"><a style=\"color: #1e73be;\" href=\"https:\/\/poezjaiewangelia.pl\/?page_id=51#S51\">Powr\u00f3t do Adwent,<\/a>&nbsp; <a style=\"color: #1e73be;\" href=\"https:\/\/poezjaiewangelia.pl\/?page_id=111#S111\">Adwent rok B<\/a>,<\/span><a id=\"S4005\"><\/a><span style=\"color: #1e73be;\">&nbsp;<\/span><a id=\"Gora\"><\/a><span style=\"color: #1e73be;\">&nbsp;<a style=\"color: #1e73be;\" href=\"https:\/\/poezjaiewangelia.pl\/?page_id=703#S703\">Powr\u00f3t do Linki<img loading=\"lazy\" decoding=\"async\" class=\"size-full wp-image-4585 alignright\" src=\"https:\/\/poezjaiewangelia.pl\/wp-content\/uploads\/2018\/10\/R\u00f3\u017ca-r\u00f3\u017cowa-e1592144321942.png\" alt=\"Kolor szat\" width=\"120\" height=\"120\"><\/a><\/span><\/p>\n\n\n\n<div class=\"wp-block-image\"><figure class=\"alignleft size-large is-resized\"><a href=\"https:\/\/pl.wikipedia.org\/wiki\/Krzy%C5%BC_jerozolimski\" target=\"_blank\" rel=\"noopener noreferrer\"><img loading=\"lazy\" decoding=\"async\" src=\"https:\/\/poezjaiewangelia.pl\/wp-content\/uploads\/2015\/11\/Krzyz-Jerozolimski.jpg\" alt=\"Krzy\u017c Jerozolimski\" class=\"wp-image-107\" width=\"101\" height=\"100\" title=\"Krzy\u017c Jerozolimski\"\/><\/a><\/figure><\/div>\n\n\n\n<hr class=\"wp-block-separator has-text-color has-background has-luminous-vivid-amber-background-color has-luminous-vivid-amber-color is-style-dots\"\/>\n\n\n\n<p><strong>3 NA: EWANGELIA: J 6 \u2013 8. 19 \u2013 28;<\/strong><\/p>\n\n\n\n<hr class=\"wp-block-separator has-text-color has-background has-luminous-vivid-amber-background-color has-luminous-vivid-amber-color is-style-dots\"\/>\n\n\n\n<h2 class=\"has-text-color wp-block-heading\" style=\"color:#ff6791\">S\u0142owo Bo\u017ce<\/h2>\n\n\n\n<div class=\"wp-block-image\"><figure class=\"alignright size-large is-resized\"><a href=\"https:\/\/www.wga.hu\/frames-e.html?\/html\/g\/geertgen\/st_john.html\" target=\"_blank\" rel=\"noopener noreferrer\"><img loading=\"lazy\" decoding=\"async\" src=\"https:\/\/poezjaiewangelia.pl\/wp-content\/uploads\/2015\/11\/d54bdc49d0e9bab8e4f3faefc4904030-e1460365104784.jpg\" alt=\"Geertgen tot Sint Jans \u015aw. Jan Chrzciciel\" class=\"wp-image-2593\" width=\"324\" height=\"495\" title=\"Geertgen tot Sint Jans \u015aw. Jan Chrzciciel\"\/><\/a><figcaption><center><em>Geertgen tot Sint Jans \u015aw. Jan Chrzciciel<\/em><\/center><\/figcaption><\/figure><\/div>\n\n\n\n<p><strong>Prolog<\/strong><\/p>\n<p><span style=\"color: #993300;\"><strong>6 Pojawi\u0142 si\u0119 cz\u0142owiek pos\u0142any przez Boga \u2013 Jan mu by\u0142o na imi\u0119.<br>7 Przyszed\u0142 on na \u015bwiadectwo, aby za\u015bwiadczy\u0107 o \u015bwiat\u0142o\u015bci, by wszyscy uwierzyli przez niego.<br>8 Nie by\u0142 on \u015bwiat\u0142o\u015bci\u0105, lecz [pos\u0142anym], aby za\u015bwiadczy\u0107 o \u015bwiat\u0142o\u015bci.&nbsp;&nbsp;<\/strong><\/span><\/p>\n<p><strong>\u015awiadectwo Jana Chrzciciela &nbsp;<\/strong><\/p>\n<p>19 Takie jest \u015bwiadectwo Jana. Gdy \u017bydzi wys\u0142ali do niego z Jerozolimy kap\u0142an\u00f3w i lewit\u00f3w z zapytaniem: \u00abKto ty jeste\u015b?\u00bb,<br>20 on wyzna\u0142, a nie zaprzeczy\u0142, o\u015bwiadczaj\u0105c: \u00abJa nie jestem Mesjaszem\u00bb.<br>21 Zapytali go: \u00abC\u00f3\u017c zatem? Czy jeste\u015b Eliaszem?\u00bb Odrzek\u0142: \u00abNie jestem\u00bb. \u00abCzy ty jeste\u015b prorokiem?\u00bb Odpar\u0142: \u00abNie!\u00bb<br>22 Powiedzieli mu wi\u0119c: \u00abKim jeste\u015b, aby\u015bmy mogli da\u0107 odpowied\u017a tym, kt\u00f3rzy nas wys\u0142ali? Co m\u00f3wisz sam o sobie?\u00bb<br>23 Odpowiedzia\u0142: \u00abJam g\u0142os wo\u0142aj\u0105cego na pustyni: Prostujcie drog\u0119 Pa\u0144sk\u0105, jak powiedzia\u0142 prorok Izajasz\u00bb.<br>24 A wys\u0142annicy byli spo\u015br\u00f3d faryzeusz\u00f3w.<br>25 I zadawali mu pytania, m\u00f3wi\u0105c do niego: \u00abCzemu zatem chrzcisz, skoro nie jeste\u015b ani Mesjaszem, ani Eliaszem, ani prorokiem? \u00bb<br>26 Jan im tak odpowiedzia\u0142: \u00abJa chrzcz\u0119 wod\u0105. Po\u015br\u00f3d was stoi Ten, kt\u00f3rego wy nie znacie,<br>27 kt\u00f3ry po mnie idzie, a kt\u00f3remu ja nie jestem godzien odwi\u0105za\u0107 rzemyka u Jego sanda\u0142a\u00bb.<br>28 Dzia\u0142o si\u0119 to w Betanii, po drugiej stronie Jordanu, gdzie Jan udziela\u0142 chrztu.<\/p>\n\n\n\n<h2 class=\"has-text-color wp-block-heading\" style=\"color:#ff6781\">Refleksja<\/h2>\n\n\n\n<p><\/p>\n\n\n\n<p><strong>Jan Twardowski<\/strong><\/p>\n\n\n\n<p><em><strong>Do kaznodziei<\/strong><\/em><\/p>\n\n\n\n<p>Na rekolekcjach nie strasz \u015bmierci\u0105 \u2014<br>bo po co<br>Za oknami b\u00f3r pachnie \u017cywic\u0105,<br>pszczo\u0142y z pasiek si\u0119 z\u0142oc\u0105,<br>w abecad\u0142ach dzieci oczy mru\u017c\u0105<\/p>\n\n\n\n<p>Nic dr\u0119cz babek, dziadk\u00f3w czcigodnych,<br>oblubienic w kapeluszach modnych<br>rozmodlonych przed po\u015blubn\u0105 podr\u00f3\u017c\u0105<\/p>\n\n\n\n<p>M\u00f3w o cz\u0119stej komunii z Chrystusem \u2014<br>z\u0142otych sercach bij\u0105cych w ukryciu,<br>z katechizmu o cnotach najpro\u015bciej,<br>i \u017ce grzechy przeciwko nadziei<br>s\u0105 tak ci\u0119\u017ckie jak przeciw mi\u0142o\u015bci<\/p>\n\n\n\n<p>Nie o \u015bmierci m\u00f3w z ambony \u2014 o \u017cyciu \u2014<br>o \u017conie szukaj\u0105cej z lamp\u0105 w r\u0119ku<br>ig\u0142y zagubionej w ciemny wiecz\u00f3r,<br>\u017ceby m\u0105\u017c nie mia\u0142 skarpet podartych \u2014<br>wczesnej wiosny na pi\u0119tach nie czu\u0142<\/p>\n\n\n\n<p>Jak najwi\u0119cej o dobrych uczynkach,<br>o go\u015bcinnych domach, po\u015bwi\u0119ceniu,<br>o Jezusie na naszych o\u0142tarzach<br>tak samotnym w ka\u017cdym Podniesieniu<\/p>\n\n\n\n<p>I b\u0142gos\u0142aw kaznodziejsk\u0105 d\u0142oni\u0105<br>babciom, starcom, m\u0142odzie\u0144com i pannom \u2014<br>wszystkim dzieciom, co si\u0119 w berka goni\u0105,<br>zim\u0105 t\u0119skni\u0105c za \u0142y\u017cwami i sann\u0105<\/p>\n\n\n\n<p><em><strong>\u00abNie przyszed\u0142em pana nawraca\u0107\u00bb, Pozna\u0144 2009, str. 42<\/strong><\/em><\/p>\n\n\n\n<p><strong>Wac\u0142aw Oszajca<\/strong><\/p>\n\n\n\n<p><em><strong>r\u00f3\u017cewicz w rzymie<\/strong><\/em><\/p>\n\n\n\n<p>stary poeta<br>dramatopisarz<br>a wi\u0119c<br>ten kt\u00f3ry wie<br>co powiedzie\u0107<br>m\u00f3wi<br>do wiedzenia<br>wiedz\u0105c<br>\u017ce to ostatnia wizyta<br>m\u00f3wi<br>nie z grzeczno\u015bci<br>dla upewnienia si\u0119<br>\u017ce<br>b\u00f3g jest<br>boga nie ma<\/p>\n\n\n\n<p>redaktor pyta<br>do wiedzenia<br>czy do widzenia<br>nie wiem<br>skoro bezpowrotnie odje\u017cd\u017caj\u0105cy<br>m\u00f3wi\u0105c do widzenia<br>m\u00f3wi dzie\u0144 dobry<\/p>\n\n\n\n<p><em><strong>\u00abodwr\u00f3cona perspektywa\u00bb, Warszawa 2009, str. 29<\/strong><\/em><\/p>\n\n\n\n<div class=\"wp-block-columns is-layout-flex wp-container-core-columns-is-layout-9d6595d7 wp-block-columns-is-layout-flex\">\n<div class=\"wp-block-column is-layout-flow wp-block-column-is-layout-flow\">\n<div class=\"wp-block-image\"><figure class=\"alignright is-resized\"><a href=\"https:\/\/commons.wikimedia.org\/wiki\/File:San_Juan_Bautista_-_El_Greco_-_Lienzo_-_hacia_1600_-_1605.jpg\" target=\"_blank\" rel=\"noopener noreferrer\"><img loading=\"lazy\" decoding=\"async\" src=\"https:\/\/poezjaiewangelia.pl\/wp-content\/uploads\/2015\/11\/34f007b71ef7ca805f3ee6ceba3b21ed-e1460365136988.jpg\" alt=\"El Greco \u015aw. Jan Chrzciciel\" width=\"300\" height=\"505\" title=\"El Greco \u015aw. Jan Chrzciciel\"\/><\/a><figcaption><center><em>El Greco \u015aw. Jan Chrzciciel<\/em><\/center><\/figcaption><\/figure><\/div>\n<\/div>\n\n\n\n<div class=\"wp-block-column is-layout-flow wp-block-column-is-layout-flow\">\n<p>\u00a0<\/p>\n<p><strong>Imelda Kosmala<\/strong><\/p>\n<p><em><strong>Kubek dobroci<\/strong><\/em><\/p>\n<p>Podano mi<br \/>kubek dobroci<\/p>\n<p>Pij\u0105c nie mog\u0142am<br \/>zobaczy\u0107 dna<\/p>\n<p>zala\u0142a mnie<br \/>rzeka szcz\u0119\u015bcia<\/p>\n<p>Niech wr\u00f3ci<br \/>do \u017ar\u00f3d\u0142a<br \/>oceanem\u00a0<\/p>\n<p><em><strong>\u201cKu twarzy w\u0119druj\u0119\u201d, Warszawa 1997, str. 35<\/strong><\/em><\/p>\n<\/div>\n<\/div>\n\n\n\n<p style=\"text-align: center;\"><span style=\"color: #1e73be;\"><a style=\"color: #1e73be;\" href=\"https:\/\/poezjaiewangelia.pl\/?page_id=4005#Gora\">Do g\u00f3ry<\/a><\/span><\/p>\n","protected":false},"excerpt":{"rendered":"<p>Powr\u00f3t do Adwent,&nbsp; Adwent rok B,&nbsp;&nbsp;Powr\u00f3t do Linki 3 NA: EWANGELIA: J 6 \u2013 8. 19 \u2013 28; S\u0142owo Bo\u017ce Prolog 6 Pojawi\u0142 si\u0119 cz\u0142owiek pos\u0142any przez Boga \u2013 Jan mu by\u0142o na imi\u0119.7 Przyszed\u0142 on na \u015bwiadectwo, aby za\u015bwiadczy\u0107 o \u015bwiat\u0142o\u015bci, by wszyscy uwierzyli przez niego.8 Nie by\u0142 on \u015bwiat\u0142o\u015bci\u0105, lecz [pos\u0142anym], aby za\u015bwiadczy\u0107 &hellip; <a href=\"https:\/\/poezjaiewangelia.pl\/?page_id=4005\" class=\"more-link\">Czytaj dalej <span class=\"screen-reader-text\">3 Niedziela Adwentu rok B<\/span><\/a><\/p>\n","protected":false},"author":1,"featured_media":0,"parent":111,"menu_order":3,"comment_status":"closed","ping_status":"closed","template":"","meta":{"_monsterinsights_skip_tracking":false,"_monsterinsights_sitenote_active":false,"_monsterinsights_sitenote_note":"","_monsterinsights_sitenote_category":0,"footnotes":""},"class_list":["post-4005","page","type-page","status-publish","hentry"],"aioseo_notices":[],"_links":{"self":[{"href":"https:\/\/poezjaiewangelia.pl\/index.php?rest_route=\/wp\/v2\/pages\/4005","targetHints":{"allow":["GET"]}}],"collection":[{"href":"https:\/\/poezjaiewangelia.pl\/index.php?rest_route=\/wp\/v2\/pages"}],"about":[{"href":"https:\/\/poezjaiewangelia.pl\/index.php?rest_route=\/wp\/v2\/types\/page"}],"author":[{"embeddable":true,"href":"https:\/\/poezjaiewangelia.pl\/index.php?rest_route=\/wp\/v2\/users\/1"}],"replies":[{"embeddable":true,"href":"https:\/\/poezjaiewangelia.pl\/index.php?rest_route=%2Fwp%2Fv2%2Fcomments&post=4005"}],"version-history":[{"count":35,"href":"https:\/\/poezjaiewangelia.pl\/index.php?rest_route=\/wp\/v2\/pages\/4005\/revisions"}],"predecessor-version":[{"id":9239,"href":"https:\/\/poezjaiewangelia.pl\/index.php?rest_route=\/wp\/v2\/pages\/4005\/revisions\/9239"}],"up":[{"embeddable":true,"href":"https:\/\/poezjaiewangelia.pl\/index.php?rest_route=\/wp\/v2\/pages\/111"}],"wp:attachment":[{"href":"https:\/\/poezjaiewangelia.pl\/index.php?rest_route=%2Fwp%2Fv2%2Fmedia&parent=4005"}],"curies":[{"name":"wp","href":"https:\/\/api.w.org\/{rel}","templated":true}]}}