{"id":4013,"date":"2018-10-18T18:55:03","date_gmt":"2018-10-18T18:55:03","guid":{"rendered":"https:\/\/poezjaiewangelia.pl\/?page_id=4013"},"modified":"2020-06-24T17:51:35","modified_gmt":"2020-06-24T16:51:35","slug":"4-niedziela-adwentu-rok-b","status":"publish","type":"page","link":"https:\/\/poezjaiewangelia.pl\/?page_id=4013","title":{"rendered":"4 Niedziela Adwentu rok B"},"content":{"rendered":"\n<p><span style=\"color: #1e73be;\"><a style=\"color: #1e73be;\" href=\"https:\/\/poezjaiewangelia.pl\/?page_id=51#S51\">Powr\u00f3t do Adwent,<\/a>\u00a0<a style=\"color: #1e73be;\" href=\"https:\/\/poezjaiewangelia.pl\/?page_id=111#S111\"> Adwent rok B,<\/a> <\/span><a id=\"S4013\"><\/a><span style=\"color: #1e73be;\">\u00a0<\/span><a id=\"Gora\"><\/a><span style=\"color: #1e73be;\">\u00a0<a style=\"color: #1e73be;\" href=\"https:\/\/poezjaiewangelia.pl\/?page_id=703#S703\">Powr\u00f3t do Linki<img loading=\"lazy\" decoding=\"async\" class=\"size-full wp-image-8734 alignright\" src=\"https:\/\/poezjaiewangelia.pl\/wp-content\/uploads\/2020\/06\/R\u00f3\u017ca-fioletowa.png\" alt=\"Kolor szat\" width=\"150\" height=\"113\" \/><\/a><\/span><\/p>\n\n\n\n<div class=\"wp-block-image\"><figure class=\"alignleft size-large is-resized\"><a href=\"https:\/\/pl.wikipedia.org\/wiki\/Krzy%C5%BC_jerozolimski\" target=\"_blank\" rel=\"noopener noreferrer\"><img loading=\"lazy\" decoding=\"async\" src=\"https:\/\/poezjaiewangelia.pl\/wp-content\/uploads\/2015\/11\/Krzyz-Jerozolimski.jpg\" alt=\"Krzy\u017c Jerozolimski\" class=\"wp-image-107\" width=\"101\" height=\"100\" title=\"Krzy\u017c Jerozolimski\"\/><\/a><\/figure><\/div>\n\n\n\n<hr class=\"wp-block-separator has-text-color has-background has-luminous-vivid-amber-background-color has-luminous-vivid-amber-color is-style-dots\"\/>\n\n\n\n<p><strong>4 NA: EWANGELIA:\u0141K 1, 26 \u2013 38;<\/strong><\/p>\n\n\n\n<hr class=\"wp-block-separator has-text-color has-background has-luminous-vivid-amber-background-color has-luminous-vivid-amber-color is-style-dots\"\/>\n\n\n\n\n\n<div class=\"wp-block-image\"><figure class=\"alignright size-large is-resized\"><a href=\"https:\/\/www.wga.hu\/frames-e.html?\/html\/p\/pittoni\/annuncia.html\" target=\"_blank\" rel=\"noopener noreferrer\"><img loading=\"lazy\" decoding=\"async\" src=\"https:\/\/poezjaiewangelia.pl\/wp-content\/uploads\/2015\/11\/Giambattista-Pittoni-Zwiastowanie-e1461937144679.jpg\" alt=\"Giambattista Pittoni Zwiastowanie\" class=\"wp-image-2595\" width=\"492\" height=\"350\" title=\"Giambattista Pittoni Zwiastowanie\"\/><\/a><figcaption><center><em>Giambattista Pittoni Zwiastowanie<\/em><\/center><\/figcaption><\/figure><\/div>\n\n\n\n<p><strong>Zwiastowanie Maryi<\/strong><\/p>\n\n\n\n<p>26&nbsp;W sz\u00f3stym miesi\u0105cu pos\u0142a\u0142 B\u00f3g anio\u0142a Gabriela do miasta w Galilei, zwanego Nazaret,<br>27&nbsp;do Dziewicy po\u015blubionej m\u0119\u017cowi, imieniem J\u00f3zef, z rodu Dawida; a Dziewicy by\u0142o na imi\u0119 Maryja.<br>28&nbsp;Anio\u0142 wszed\u0142 do Niej i rzek\u0142: \u00abB\u0105d\u017a pozdrowiona, pe\u0142na \u0142aski, Pan z Tob\u0105,\u00bb.<br>29&nbsp;Ona zmiesza\u0142a si\u0119 na te s\u0142owa i rozwa\u017ca\u0142a, co mia\u0142oby znaczy\u0107 to pozdrowienie.<br>30&nbsp;Lecz anio\u0142 rzek\u0142 do Niej: \u00abNie b\u00f3j si\u0119, Maryjo, znalaz\u0142a\u015b bowiem \u0142ask\u0119 u Boga.<br>31&nbsp;Oto poczniesz i porodzisz Syna, kt\u00f3remu nadasz imi\u0119 Jezus.<br>32&nbsp;B\u0119dzie On wielki i b\u0119dzie nazwany Synem Najwy\u017cszego, a Pan B\u00f3g da Mu tron Jego praojca, Dawida.<br>33&nbsp;B\u0119dzie panowa\u0142 nad domem Jakuba na wieki, a Jego panowaniu nie b\u0119dzie ko\u0144ca\u00bb.<br>34&nbsp;Na to Maryja rzek\u0142a do anio\u0142a: \u00abJak\u017ce si\u0119 to stanie, skoro nie znam m\u0119\u017ca?\u00bb<br>35&nbsp;Anio\u0142 Jej odpowiedzia\u0142: \u00abDuch \u015awi\u0119ty zst\u0105pi na Ciebie i moc Najwy\u017cszego os\u0142oni Ci\u0119. Dlatego te\u017c \u015awi\u0119te, kt\u00f3re si\u0119 narodzi, b\u0119dzie nazwane Synem Bo\u017cym.<br>36&nbsp;A oto r\u00f3wnie\u017c krewna Twoja, El\u017cbieta, pocz\u0119\u0142a w swej staro\u015bci syna i jest ju\u017c w sz\u00f3stym miesi\u0105cu ta, kt\u00f3ra uchodzi za niep\u0142odn\u0105.<br>37&nbsp;Dla Boga bowiem nie ma nic niemo\u017cliwego<strong>\u00bb.<\/strong><br><strong><span style=\"color:#993300\" class=\"has-inline-color\">38&nbsp;Na to rzek\u0142a Maryja: \u00abOto Ja s\u0142u\u017cebnica Pa\u0144ska, niech Mi si\u0119 stanie wed\u0142ug twego s\u0142owa!\u00bb Wtedy odszed\u0142 od Niej anio\u0142.<\/span><\/strong><\/p>\n\n\n\n<h2 class=\"has-vivid-purple-color has-text-color wp-block-heading\">Refleksja<\/h2>\n\n\n\n<p><\/p>\n\n\n\n<p><strong>Wac\u0142aw Oszajca<\/strong><\/p>\n\n\n\n<p><em><strong>zwiastowanie<\/strong><\/em><\/p>\n\n\n\n<p>b\u0105d\u017a pozdrowiona Mario<br>Matko Syna Bo\u017cego<\/p>\n\n\n\n<p>mnie syna zwiastowali dwaj anio\u0142owie<br>czerwony wdar\u0142 si\u0119 ognistym b\u00f3lem<br>bia\u0142y wype\u0142ni\u0142 radosnym omdleniem<br>przez dziewi\u0119\u0107 miesi\u0119cy olbrzymieli we mnie<br>na przemian i jednocze\u015bnie<br>a\u017c do rozwi\u0105zania<br>wtedy odeszli<\/p>\n\n\n\n<p>czerwony powr\u00f3ci\u0142 nienazwanym l\u0119kiem<br>czwartego sierpnia czterdziestego czwartego<br>nim przybieg\u0142a \u0142\u0105czniczka ja ju\u017c wiedzia\u0142am<br>syna zabili<\/p>\n\n\n\n<p>teraz ka\u017cdego wieczoru przychodzi bia\u0142y<br>i zapewnia mnie<br>\u017ce m\u00f3j syn \u017cyje<br>razem z twoim synem<strong><\/strong><\/p>\n\n\n\n<p><em><strong>\u201c\u2026Ty za blisko, my za daleko\u2026\u201d, Lublin 1985, str. 148.<\/strong><\/em><\/p>\n\n\n\n<p><strong>Wac\u0142aw Oszajca<\/strong><\/p>\n\n\n\n<p><em><strong>Anio\u0142 Pa\u0144ski<\/strong><\/em><\/p>\n\n\n\n<p>b\u0105d\u017a pozdrowiona pi\u0119kna Mario<br>pan jest w tobie<\/p>\n\n\n\n<p>Anio\u0142 pa\u0144ski mi zwiastowa\u0142<br>ale nic si\u0119 we mnie<br>nieurodzajnym cz\u0142owieku nie pocz\u0119\u0142o<br>\u017cadne s\u0142owo<\/p>\n\n\n\n<p>b\u0105d\u017a pozdrowiona pe\u0142na \u015bwiat\u0142a<br>najszcz\u0119\u015bliwsza z kobiet<br>Pan jest w tobie<br>oto ja<br>s\u0142uga samego siebie<br>pan na \u015bmietniku resztek<br>fa\u0142szywie kolorowych nocy<br>i dni sztucznie zaciemnionych<\/p>\n\n\n\n<p>a S\u0142owo sta\u0142o si\u0119 p\u0142omieniem<br>i do reszty wysuszy\u0142o mnie<br>\u017cyj\u0105cego na od\u0142ogu<br>sta\u0142o si\u0119 ciemno\u015bci\u0105<br>i przywr\u00f3ci\u0142o nocy ciemno\u015b\u0107<br>sta\u0142o si\u0119 \u015bwiat\u0142em<br>i rozja\u015bni\u0142o dzie\u0144<\/p>\n\n\n\n<p>b\u0142ogos\u0142awimy Mario Pana<br>za ciemno\u015b\u0107 dla ciemnych<br>za \u015bwiat\u0142o dla jasnych<\/p>\n\n\n\n<p>m\u00f3dl si\u0119 za mnie \u015bwi\u0119ta Mario<br>teraz i wtedy<br>gdy ja cia\u0142o staj\u0119 si\u0119<br>s\u0142owem<\/p>\n\n\n\n<p><em><strong>\u201c\u2026Ty za blisko, my za daleko\u2026\u201d, Lublin 1985, str.110<\/strong><\/em><\/p>\n\n\n\n<div class=\"wp-block-columns is-layout-flex wp-container-core-columns-is-layout-9d6595d7 wp-block-columns-is-layout-flex\">\n<div class=\"wp-block-column is-layout-flow wp-block-column-is-layout-flow\">\n<div class=\"wp-block-image\"><figure class=\"alignright is-resized\"><a href=\"https:\/\/www.wga.hu\/frames-e.html?\/html\/g\/giotto\/padova\/3christ\/chris01.html\" target=\"_blank\" rel=\"noopener noreferrer\"><img loading=\"lazy\" decoding=\"async\" src=\"https:\/\/poezjaiewangelia.pl\/wp-content\/uploads\/2015\/11\/Giotto-di-Bondone-Narodziny-Jezusa-e1461937172428.jpg\" alt=\"Giotto di Bondone Narodziny Jezusa\" width=\"363\" height=\"367\" title=\"Giotto di Bondone Narodziny Jezusa\"\/><\/a><figcaption><center><em>Giotto di Bondone Narodziny Jezusa<\/em><\/center><\/figcaption><\/figure><\/div>\n<\/div>\n\n\n\n<div class=\"wp-block-column is-layout-flow wp-block-column-is-layout-flow\">\n<p><strong>Beata Oberty\u0144ska<\/strong><\/p>\n<p><em><strong>Zwiastowana<\/strong><\/em><\/p>\n<p>Sta\u0144 przed Ni\u0105 jak motyl,<br \/>gdy lot go znik\u0105d nadwiewa.<br \/>Zni\u017c skrzyd\u0142a, g\u0142ow\u0119 pochyl\u2026<\/p>\n<p>Przed bia\u0142\u0105, jak akacja,<br \/>przed wonn\u0105, jak werbena,<br \/>Przed Pann\u0105 na wieki wiek\u00f3w<\/p>\n<p>ukl\u0119knij i za\u015bpiewaj:<br \/>\u201eAve Maria, gratia plena<br \/>Dominus tecum\u2026\u201d<\/p>\n<p><em><strong>\u201cIntencje serca\u201d, Warszawa 1986, str. 379<\/strong><\/em><\/p>\n<p>\u00a0<\/p>\n<\/div>\n<\/div>\n\n\n\n<p class=\"has-text-align-center\"><a href=\"https:\/\/poezjaiewangelia.pl\/?page_id=4013#Gora\"><span style=\"color:#1e73be\" class=\"has-inline-color\">Do g\u00f3ry<\/span><\/a><\/p>\n","protected":false},"excerpt":{"rendered":"<p>Powr\u00f3t do Adwent,\u00a0 Adwent rok B, \u00a0\u00a0Powr\u00f3t do Linki 4 NA: EWANGELIA:\u0141K 1, 26 \u2013 38; Zwiastowanie Maryi 26&nbsp;W sz\u00f3stym miesi\u0105cu pos\u0142a\u0142 B\u00f3g anio\u0142a Gabriela do miasta w Galilei, zwanego Nazaret,27&nbsp;do Dziewicy po\u015blubionej m\u0119\u017cowi, imieniem J\u00f3zef, z rodu Dawida; a Dziewicy by\u0142o na imi\u0119 Maryja.28&nbsp;Anio\u0142 wszed\u0142 do Niej i rzek\u0142: \u00abB\u0105d\u017a pozdrowiona, pe\u0142na \u0142aski, Pan &hellip; <a href=\"https:\/\/poezjaiewangelia.pl\/?page_id=4013\" class=\"more-link\">Czytaj dalej <span class=\"screen-reader-text\">4 Niedziela Adwentu rok B<\/span><\/a><\/p>\n","protected":false},"author":1,"featured_media":0,"parent":111,"menu_order":4,"comment_status":"closed","ping_status":"closed","template":"","meta":{"_monsterinsights_skip_tracking":false,"_monsterinsights_sitenote_active":false,"_monsterinsights_sitenote_note":"","_monsterinsights_sitenote_category":0,"footnotes":""},"class_list":["post-4013","page","type-page","status-publish","hentry"],"aioseo_notices":[],"_links":{"self":[{"href":"https:\/\/poezjaiewangelia.pl\/index.php?rest_route=\/wp\/v2\/pages\/4013","targetHints":{"allow":["GET"]}}],"collection":[{"href":"https:\/\/poezjaiewangelia.pl\/index.php?rest_route=\/wp\/v2\/pages"}],"about":[{"href":"https:\/\/poezjaiewangelia.pl\/index.php?rest_route=\/wp\/v2\/types\/page"}],"author":[{"embeddable":true,"href":"https:\/\/poezjaiewangelia.pl\/index.php?rest_route=\/wp\/v2\/users\/1"}],"replies":[{"embeddable":true,"href":"https:\/\/poezjaiewangelia.pl\/index.php?rest_route=%2Fwp%2Fv2%2Fcomments&post=4013"}],"version-history":[{"count":24,"href":"https:\/\/poezjaiewangelia.pl\/index.php?rest_route=\/wp\/v2\/pages\/4013\/revisions"}],"predecessor-version":[{"id":9013,"href":"https:\/\/poezjaiewangelia.pl\/index.php?rest_route=\/wp\/v2\/pages\/4013\/revisions\/9013"}],"up":[{"embeddable":true,"href":"https:\/\/poezjaiewangelia.pl\/index.php?rest_route=\/wp\/v2\/pages\/111"}],"wp:attachment":[{"href":"https:\/\/poezjaiewangelia.pl\/index.php?rest_route=%2Fwp%2Fv2%2Fmedia&parent=4013"}],"curies":[{"name":"wp","href":"https:\/\/api.w.org\/{rel}","templated":true}]}}