{"id":4019,"date":"2018-10-18T17:39:08","date_gmt":"2018-10-18T17:39:08","guid":{"rendered":"https:\/\/poezjaiewangelia.pl\/?page_id=4019"},"modified":"2020-06-24T17:52:29","modified_gmt":"2020-06-24T16:52:29","slug":"1-niedziela-adwentu-rok-c","status":"publish","type":"page","link":"https:\/\/poezjaiewangelia.pl\/?page_id=4019","title":{"rendered":"1 Niedziela Adwentu rok C"},"content":{"rendered":"\n<p><span style=\"color: #1e73be;\"><a style=\"color: #1e73be;\" href=\"https:\/\/poezjaiewangelia.pl\/?page_id=51#S51\">Powr\u00f3t do Adwent,<\/a>\u00a0<a style=\"color: #1e73be;\" href=\"https:\/\/poezjaiewangelia.pl\/?page_id=109#S109\">\u00a0Adwent rok C,\u00a0<\/a><\/span><a id=\"S4019\"><\/a><span style=\"color: #1e73be;\">\u00a0<\/span><a id=\"Gora\"><\/a><span style=\"color: #1e73be;\">\u00a0<a style=\"color: #1e73be;\" href=\"https:\/\/poezjaiewangelia.pl\/?page_id=703#S703\">Powr\u00f3t do Linki<img loading=\"lazy\" decoding=\"async\" class=\"size-full wp-image-8734 alignright\" src=\"https:\/\/poezjaiewangelia.pl\/wp-content\/uploads\/2020\/06\/R\u00f3\u017ca-fioletowa.png\" alt=\"Kolor szat\" width=\"150\" height=\"113\" \/><\/a><\/span><\/p>\n\n\n\n<div class=\"wp-block-image\"><figure class=\"alignleft size-large is-resized\"><a href=\"https:\/\/pl.wikipedia.org\/wiki\/Krzy%C5%BC_jerozolimski\" target=\"_blank\" rel=\"noopener noreferrer\"><img loading=\"lazy\" decoding=\"async\" src=\"https:\/\/poezjaiewangelia.pl\/wp-content\/uploads\/2015\/11\/Krzyz-Jerozolimski.jpg\" alt=\"Krzy\u017c Jerozolimski\" class=\"wp-image-107\" width=\"101\" height=\"100\" title=\"Krzy\u017c Jerozolimski\"\/><\/a><\/figure><\/div>\n\n\n\n<hr class=\"wp-block-separator has-text-color has-background has-luminous-vivid-amber-background-color has-luminous-vivid-amber-color is-style-dots\"\/>\n\n\n\n<p><strong>1 NA: EWANGELIA: \u0141K 21, 25 \u2013 28. 34 \u2013 36;<\/strong><\/p>\n\n\n\n<hr class=\"wp-block-separator has-text-color has-background has-luminous-vivid-amber-background-color has-luminous-vivid-amber-color is-style-dots\"\/>\n\n\n\n\n\n<div class=\"wp-block-image\"><figure class=\"alignright size-large is-resized\"><a href=\"https:\/\/pl.wikipedia.org\/wiki\/Plik:The_Last_Judgement._Jean_Cousin..jpg\" target=\"_blank\" rel=\"noopener noreferrer\"><img loading=\"lazy\" decoding=\"async\" src=\"https:\/\/poezjaiewangelia.pl\/wp-content\/uploads\/2015\/11\/6c183f7acbede6a93f55ac2ebc0fb538-e1461937258638.jpg\" alt=\"Jean Cousin S\u0105d Ostateczny\" class=\"wp-image-2605\" width=\"366\" height=\"383\" title=\"Jean Cousin S\u0105d Ostateczny\"\/><\/a><figcaption><center><em>Jean Cousin S\u0105d Ostateczny<\/em><\/center><\/figcaption><\/figure><\/div>\n\n\n\n<p><strong>Przyj\u015bcie Chrystusa. Potrzeba czujno\u015bci<\/strong>&nbsp;&nbsp;&nbsp;<\/p>\n\n\n\n<p>25 B\u0119d\u0105 znaki na s\u0142o\u0144cu, ksi\u0119\u017cycu i gwiazdach, a na ziemi trwoga narod\u00f3w bezradnych wobec szumu morza i jego nawa\u0142nicy.<br>26 Ludzie mdle\u0107 b\u0119d\u0105 ze strachu, w oczekiwaniu wydarze\u0144 zagra\u017caj\u0105cych ziemi. Albowiem moce niebios zostan\u0105 wstrz\u0105\u015bni\u0119te.<br>27 Wtedy ujrz\u0105 Syna Cz\u0142owieczego, nadchodz\u0105cego w ob\u0142oku z wielk\u0105 moc\u0105 i chwa\u0142\u0105.<br>28 A gdy si\u0119 to dzia\u0107 zacznie, nabierzcie ducha i podnie\u015bcie g\u0142owy, poniewa\u017c zbli\u017ca si\u0119 wasze odkupienie\u00bb.<br><span style=\"color:#993300\" class=\"has-inline-color\"><strong>34 Uwa\u017cajcie na siebie, aby wasze serca nie by\u0142y oci\u0119\u017ca\u0142e wskutek ob\u017carstwa, pija\u0144stwa i trosk doczesnych, \u017ceby ten dzie\u0144 nie przypad\u0142 na was znienacka,<\/strong><br><strong>35 jak potrzask. Przyjdzie on bowiem na wszystkich, kt\u00f3rzy mieszkaj\u0105 na ca\u0142ej ziemi.<\/strong><br><strong>36 Czuwajcie wi\u0119c i m\u00f3dlcie si\u0119 w ka\u017cdym czasie, aby\u015bcie mogli unikn\u0105\u0107 tego wszystkiego, co ma nast\u0105pi\u0107, i stan\u0105\u0107 przed Synem Cz\u0142owieczym\u00bb<\/strong><\/span><\/p>\n\n\n\n<h2 class=\"has-vivid-purple-color has-text-color wp-block-heading\">Refleksja<\/h2>\n\n\n\n<p><\/p>\n\n\n\n<p><strong>Jerzy Bana\u015bkiewicz<\/strong><\/p>\n\n\n\n<p><em><strong>Spotkanie<\/strong><\/em><\/p>\n\n\n\n<p>Wiem \u017ce przyjdziesz<br>chocia\u017c dopiero<br>adwent<br>pozna\u0142em Tw\u0105 drog\u0119<br>ukryt\u0105<br>do wczoraj<br>i Twoje odnajdywanie<br>i\u015b\u0107<br>tylko i\u015b\u0107 trzeba<br>na spotkanie<br>z Kantykiem Symeona<br>Emanuelu<br>mojej codzienno\u015bci<\/p>\n\n\n\n<p><em><strong>\u201eIntencje serca\u201d, Pozna\u0144 1985, str.15<\/strong><\/em><\/p>\n\n\n\n<p><strong>Jan Zieli\u0144ski<\/strong><\/p>\n\n\n\n<p><em><strong>Jezus<\/strong><\/em><\/p>\n\n\n\n<p>Pan pot\u0119\u017cny i wielki<br>Pan nad grzechem i szatanem<br>Pan ca\u0142ego \u015bwiata<br>jest tak\u017ce Panem<br>moich wielu nieprzespanych<br>nocy<\/p>\n\n\n\n<p><em><strong>\u201eWiersze podarowane\u201d, Warszawa 1994, str. 12<\/strong><\/em><\/p>\n\n\n\n<p class=\"has-text-align-center\"><span style=\"color: #1e73be;\"><a style=\"color: #1e73be;\" href=\"https:\/\/poezjaiewangelia.pl\/?page_id=4019#Gora\">Do g\u00f3ry<\/a><\/span><\/p>\n","protected":false},"excerpt":{"rendered":"<p>Powr\u00f3t do Adwent,\u00a0\u00a0Adwent rok C,\u00a0\u00a0\u00a0Powr\u00f3t do Linki 1 NA: EWANGELIA: \u0141K 21, 25 \u2013 28. 34 \u2013 36; Przyj\u015bcie Chrystusa. Potrzeba czujno\u015bci&nbsp;&nbsp;&nbsp; 25 B\u0119d\u0105 znaki na s\u0142o\u0144cu, ksi\u0119\u017cycu i gwiazdach, a na ziemi trwoga narod\u00f3w bezradnych wobec szumu morza i jego nawa\u0142nicy.26 Ludzie mdle\u0107 b\u0119d\u0105 ze strachu, w oczekiwaniu wydarze\u0144 zagra\u017caj\u0105cych ziemi. Albowiem moce niebios &hellip; <a href=\"https:\/\/poezjaiewangelia.pl\/?page_id=4019\" class=\"more-link\">Czytaj dalej <span class=\"screen-reader-text\">1 Niedziela Adwentu rok C<\/span><\/a><\/p>\n","protected":false},"author":1,"featured_media":0,"parent":109,"menu_order":1,"comment_status":"closed","ping_status":"closed","template":"","meta":{"_monsterinsights_skip_tracking":false,"_monsterinsights_sitenote_active":false,"_monsterinsights_sitenote_note":"","_monsterinsights_sitenote_category":0,"footnotes":""},"class_list":["post-4019","page","type-page","status-publish","hentry"],"aioseo_notices":[],"_links":{"self":[{"href":"https:\/\/poezjaiewangelia.pl\/index.php?rest_route=\/wp\/v2\/pages\/4019","targetHints":{"allow":["GET"]}}],"collection":[{"href":"https:\/\/poezjaiewangelia.pl\/index.php?rest_route=\/wp\/v2\/pages"}],"about":[{"href":"https:\/\/poezjaiewangelia.pl\/index.php?rest_route=\/wp\/v2\/types\/page"}],"author":[{"embeddable":true,"href":"https:\/\/poezjaiewangelia.pl\/index.php?rest_route=\/wp\/v2\/users\/1"}],"replies":[{"embeddable":true,"href":"https:\/\/poezjaiewangelia.pl\/index.php?rest_route=%2Fwp%2Fv2%2Fcomments&post=4019"}],"version-history":[{"count":20,"href":"https:\/\/poezjaiewangelia.pl\/index.php?rest_route=\/wp\/v2\/pages\/4019\/revisions"}],"predecessor-version":[{"id":9014,"href":"https:\/\/poezjaiewangelia.pl\/index.php?rest_route=\/wp\/v2\/pages\/4019\/revisions\/9014"}],"up":[{"embeddable":true,"href":"https:\/\/poezjaiewangelia.pl\/index.php?rest_route=\/wp\/v2\/pages\/109"}],"wp:attachment":[{"href":"https:\/\/poezjaiewangelia.pl\/index.php?rest_route=%2Fwp%2Fv2%2Fmedia&parent=4019"}],"curies":[{"name":"wp","href":"https:\/\/api.w.org\/{rel}","templated":true}]}}