{"id":4024,"date":"2018-10-18T18:00:13","date_gmt":"2018-10-18T18:00:13","guid":{"rendered":"https:\/\/poezjaiewangelia.pl\/?page_id=4024"},"modified":"2020-06-14T16:09:38","modified_gmt":"2020-06-14T15:09:38","slug":"3-niedziela-adwentu-rok-c","status":"publish","type":"page","link":"https:\/\/poezjaiewangelia.pl\/?page_id=4024","title":{"rendered":"3 Niedziela Adwentu rok C"},"content":{"rendered":"\n<p><span style=\"color: #1e73be;\"><a style=\"color: #1e73be;\" href=\"https:\/\/poezjaiewangelia.pl\/?page_id=51#S51\">Powr\u00f3t do Adwent,<\/a>\u00a0<a style=\"color: #1e73be;\" href=\"https:\/\/poezjaiewangelia.pl\/?page_id=109\"> Adwent rok C,<\/a>\u00a0 <\/span><a id=\"S4024\"><\/a><span style=\"color: #1e73be;\">\u00a0<\/span><a id=\"Gora\"><\/a><span style=\"color: #1e73be;\"><a style=\"color: #1e73be;\" href=\"https:\/\/poezjaiewangelia.pl\/?page_id=703#S703\">Powr\u00f3t do Linki<img loading=\"lazy\" decoding=\"async\" class=\"size-full wp-image-4585 alignright\" src=\"https:\/\/poezjaiewangelia.pl\/wp-content\/uploads\/2018\/10\/R\u00f3\u017ca-r\u00f3\u017cowa-e1592144321942.png\" alt=\"Kolor szat\" width=\"120\" height=\"120\" \/><\/a><\/span><\/p>\n\n\n\n<div class=\"wp-block-image\"><figure class=\"alignleft size-large is-resized\"><a href=\"https:\/\/pl.wikipedia.org\/wiki\/Krzy%C5%BC_jerozolimski\" target=\"_blank\" rel=\"noopener noreferrer\"><img loading=\"lazy\" decoding=\"async\" src=\"https:\/\/poezjaiewangelia.pl\/wp-content\/uploads\/2015\/11\/Krzyz-Jerozolimski.jpg\" alt=\"Krzy\u017c Jerozolimski\" class=\"wp-image-107\" width=\"101\" height=\"100\" title=\"Krzy\u017c Jerozolimski\"\/><\/a><\/figure><\/div>\n\n\n\n<hr class=\"wp-block-separator has-text-color has-background has-luminous-vivid-amber-background-color has-luminous-vivid-amber-color is-style-dots\"\/>\n\n\n\n<p><strong>3 NA: EWANGELIA: \u0141K 3, 10 \u2013 18; <\/strong><\/p>\n\n\n\n<hr class=\"wp-block-separator has-text-color has-background has-luminous-vivid-amber-background-color has-luminous-vivid-amber-color is-style-dots\"\/>\n\n\n\n<h2 class=\"has-text-color wp-block-heading\" style=\"color:#ff6781\">S\u0142owo Bo\u017ce<\/h2>\n\n\n\n<div class=\"wp-block-image\"><figure class=\"alignright size-large is-resized\"><a href=\"https:\/\/www.wga.hu\/frames-e.html?\/html\/g\/greco_el\/08\/0807grec.html\" target=\"_blank\" rel=\"noopener noreferrer\"><img loading=\"lazy\" decoding=\"async\" src=\"https:\/\/poezjaiewangelia.pl\/wp-content\/uploads\/2015\/11\/El-Greco-Pokuta-Marii-Magdaleny-e1461937307736.jpg\" alt=\"El Greco Pokuta Marii Magdaleny\" class=\"wp-image-2607\" width=\"332\" height=\"362\" title=\"El Greco Pokuta Marii Magdaleny\"\/><\/a><figcaption><center><em>El Greco Pokuta Marii Magdaleny<\/em><\/center><\/figcaption><\/figure><\/div>\n\n\n\n<p><strong>Szczeg\u00f3lne wskazania<\/strong><\/p>\n\n\n\n<p>10 Pyta\u0142y go t\u0142umy: \u00abC\u00f3\u017c wi\u0119c mamy czyni\u0107?\u00bb<br>11 On im odpowiada\u0142: \u00abKto ma dwie suknie, niech [jedn\u0105] da temu, kt\u00f3ry nie ma; a kto ma \u017cywno\u015b\u0107, niech tak samo czyni\u00bb.<br>12 Przychodzili tak\u017ce celnicy, \u017ceby przyj\u0105\u0107 chrzest, i pytali go: \u00abNauczycielu, co mamy czyni\u0107?\u00bb<br>13 On im odpowiada\u0142: \u00abNie pobierajcie nic wi\u0119cej ponad to, ile wam wyznaczono\u00bb.<br>14 Pytali go te\u017c i \u017co\u0142nierze: \u00abA my, co mamy czyni\u0107?\u00bb On im odpowiada\u0142: \u00abNad nikim si\u0119 nie zn\u0119cajcie i nikogo nie uciskajcie, lecz poprzestawajcie na swoim \u017co\u0142dzie\u00bb.<\/p>\n<p><strong>\u015awiadectwo Jana o Mesjaszu<\/strong><\/p>\n<p><span style=\"color: #993300;\"><strong>15 Gdy wi\u0119c lud oczekiwa\u0142 z napi\u0119ciem i wszyscy snuli domys\u0142y w sercach co do Jana, czy nie jest Mesjaszem,<br>16 on tak przem\u00f3wi\u0142 do wszystkich: \u00abJa was chrzcz\u0119 wod\u0105; lecz idzie mocniejszy ode mnie, kt\u00f3remu nie jestem godzien rozwi\u0105za\u0107 rzemyka u sanda\u0142\u00f3w. On chrzci\u0107 was b\u0119dzie Duchem \u015awi\u0119tym i ogniem.<br>17 Ma On wiejad\u0142o w r\u0119ku dla oczyszczenia swego om\u0142otu: pszenic\u0119 zbierze do spichlerza, a plewy spali w ogniu nieugaszonym\u00bb.<br>18 Wiele te\u017c innych napomnie\u0144 dawa\u0142 ludowi i g\u0142osi\u0142 dobr\u0105 nowin\u0119.<\/strong><\/span><\/p>\n\n\n\n<h2 class=\"has-text-color wp-block-heading\" style=\"color:#ff6781\"><strong><span style=\"color:#ff00ff\" class=\"has-inline-color\">Refleksja<\/span><\/strong><\/h2>\n\n\n\n<p><strong>Czes\u0142aw Mi\u0142osz<\/strong><\/p>\n\n\n\n<p><em><strong>Veni Creator<\/strong><\/em><\/p>\n\n\n\n<p>Przyjd\u017a Duchu \u015awi\u0119ty,<br>zginaj\u0105c (albo nie zginaj\u0105c) trawy,<br>ukazuj\u0105c si\u0119 (albo nie) nad g\u0142ow\u0105 j\u0119zykiem p\u0142omienia,<br>kiedy sianokosy, albo kiedy na podorywk\u0119 wychodzi traktor<br>w dolinie orzechowych gaj\u00f3w, albo kiedy \u015bniegi<br>przywalaj\u0105 jod\u0142y kalekie w Sierra Newada.<br>Jestem cz\u0142owiekiem tylko, wi\u0119c potrzebuj\u0119 widzialnych znak\u00f3w,<br>nu\u017c\u0119 si\u0119 pr\u0119dko budowaniem schod\u00f3w abstrakcji.<br>Prosi\u0142em nieraz, wiesz sam, \u017ceby figura w ko\u015bciele<br>podnios\u0142a dla mnie r\u0119k\u0119, raz jeden, jedyny.<br>Ale rozumiem, \u017ce znaki mog\u0105 by\u0107 tylko ludzkie.<br>Zbud\u017a wi\u0119c jednego cz\u0142owieka, gdziekolwiek na ziemi<br>( nie mnie, bo jednak znam, co przyzwoito\u015b\u0107)<br>i pozw\u00f3l, abym patrz\u0105c na niego m\u00f3g\u0142 podziwia\u0107 Ciebie.<\/p>\n\n\n\n<p><em><strong>\u201eTo, co pisa\u0142em\u201d, Warszawa 1998, str.76<\/strong><\/em><\/p>\n\n\n\n<p><strong>Jerzy Szymik<\/strong><\/p>\n\n\n\n<p><em><strong>*** (nie pozw\u00f3l\u2026)<\/strong><\/em><\/p>\n\n\n\n<p>Nie pozw\u00f3l<br>bym<br>poucza\u0142<br>rozstrzyga\u0142<br>wiedzia\u0142<br>przygarnia\u0142 pob\u0142a\u017cliwie<br>ze \u015brodkiem na chandr\u0119<br>ze sposobem na w\u0142asne i cudze \u017cycie<br>w kieszeni sutanny<br>Pozw\u00f3l<br>\u017cy\u0107<br>to znaczy<br>s\u0142ucha\u0107 i czci\u0107.<\/p>\n\n\n\n<p><a rel=\"noreferrer noopener\" href=\"http:\/\/www.jerszym.katowice.opoka.org.pl\/wiersze\/zupelnie.html#nie\" target=\"_blank\"><span style=\"color:#1e73be\" class=\"has-inline-color\">http:\/\/www.jerszym.katowice.opoka.org.pl\/wiersze\/zupelnie.html#nie<\/span><\/a><\/p>\n\n\n\n<div class=\"wp-block-columns is-layout-flex wp-container-core-columns-is-layout-9d6595d7 wp-block-columns-is-layout-flex\">\n<div class=\"wp-block-column is-layout-flow wp-block-column-is-layout-flow\">\n<div class=\"wp-block-image size-large\"><figure class=\"alignright is-resized\"><a href=\"https:\/\/pl.wikipedia.org\/w\/index.php?title=Plik:Andrej_Rubl%C3%ABv_001.jpg&amp;filetimestamp=20050521051124\" target=\"_blank\" rel=\"noopener noreferrer\"><img loading=\"lazy\" decoding=\"async\" src=\"https:\/\/poezjaiewangelia.pl\/wp-content\/uploads\/2015\/11\/Andrej_Rublow_Holy_Trinity.jpg\" alt=\"Andrej Rublow Tr\u00f3jca \u015awi\u0119ta\" width=\"347\" height=\"429\"\/><\/a><figcaption><center><em>Andrej Rublow Tr\u00f3jca \u015awi\u0119ta<\/em><\/center><\/figcaption><\/figure><\/div>\n<\/div>\n\n\n\n<div class=\"wp-block-column is-layout-flow wp-block-column-is-layout-flow\">\n<p><strong>Jan Twardowski<\/strong><\/p>\n<p><em><strong>Westchnienie<\/strong><\/em><\/p>\n<p>Duchu stale pobo\u017cny twardy i uparty<br \/>jeste\u015b \u2013 a przecie\u017c nigdy ci\u0119 nie wida\u0107<br \/>bo przez grzeczno\u015b\u0107 udajesz \u017ce Ci\u0119 wcale nie ma<br \/>chocia\u017c chcemy ogl\u0105da\u0107 r\u0119ce oczy uszy<br \/>robi\u0107 miny na pokaz \u017ceby si\u0119 podoba\u0107<br \/>\u017ceni\u0107 si\u0119 by po kwiatkach kupowa\u0107 jarzyny<\/p>\n<p>b\u0105d\u017a ju\u017c taki jak jeste\u015b<br \/>lecz nie odchod\u017a od nas<br \/>bo czas coraz pr\u0119dszy<br \/>zn\u00f3w wiara niesta\u0142a<br \/>od samego siebie najdalej do nieba<br \/>a cia\u0142o wci\u0105\u017c nie mo\u017ce uspokoi\u0107 cia\u0142a.<\/p>\n<p><em><strong>\u201enie przyszed\u0142em pana nawraca\u0107\u201d, Warszawa 1986, str. 230<\/strong><\/em><\/p>\n<\/div>\n<\/div>\n\n\n\n<p class=\"has-text-align-center\"><a href=\"https:\/\/poezjaiewangelia.pl\/?page_id=4024#Gora\"><span style=\"color:#1e73be\" class=\"has-inline-color\">Do g\u00f3ry<\/span><\/a><\/p>\n","protected":false},"excerpt":{"rendered":"<p>Powr\u00f3t do Adwent,\u00a0 Adwent rok C,\u00a0 \u00a0Powr\u00f3t do Linki 3 NA: EWANGELIA: \u0141K 3, 10 \u2013 18; S\u0142owo Bo\u017ce Szczeg\u00f3lne wskazania 10 Pyta\u0142y go t\u0142umy: \u00abC\u00f3\u017c wi\u0119c mamy czyni\u0107?\u00bb11 On im odpowiada\u0142: \u00abKto ma dwie suknie, niech [jedn\u0105] da temu, kt\u00f3ry nie ma; a kto ma \u017cywno\u015b\u0107, niech tak samo czyni\u00bb.12 Przychodzili tak\u017ce celnicy, \u017ceby &hellip; <a href=\"https:\/\/poezjaiewangelia.pl\/?page_id=4024\" class=\"more-link\">Czytaj dalej <span class=\"screen-reader-text\">3 Niedziela Adwentu rok C<\/span><\/a><\/p>\n","protected":false},"author":1,"featured_media":0,"parent":109,"menu_order":3,"comment_status":"closed","ping_status":"closed","template":"","meta":{"_monsterinsights_skip_tracking":false,"_monsterinsights_sitenote_active":false,"_monsterinsights_sitenote_note":"","_monsterinsights_sitenote_category":0,"footnotes":""},"class_list":["post-4024","page","type-page","status-publish","hentry"],"aioseo_notices":[],"_links":{"self":[{"href":"https:\/\/poezjaiewangelia.pl\/index.php?rest_route=\/wp\/v2\/pages\/4024","targetHints":{"allow":["GET"]}}],"collection":[{"href":"https:\/\/poezjaiewangelia.pl\/index.php?rest_route=\/wp\/v2\/pages"}],"about":[{"href":"https:\/\/poezjaiewangelia.pl\/index.php?rest_route=\/wp\/v2\/types\/page"}],"author":[{"embeddable":true,"href":"https:\/\/poezjaiewangelia.pl\/index.php?rest_route=\/wp\/v2\/users\/1"}],"replies":[{"embeddable":true,"href":"https:\/\/poezjaiewangelia.pl\/index.php?rest_route=%2Fwp%2Fv2%2Fcomments&post=4024"}],"version-history":[{"count":30,"href":"https:\/\/poezjaiewangelia.pl\/index.php?rest_route=\/wp\/v2\/pages\/4024\/revisions"}],"predecessor-version":[{"id":8761,"href":"https:\/\/poezjaiewangelia.pl\/index.php?rest_route=\/wp\/v2\/pages\/4024\/revisions\/8761"}],"up":[{"embeddable":true,"href":"https:\/\/poezjaiewangelia.pl\/index.php?rest_route=\/wp\/v2\/pages\/109"}],"wp:attachment":[{"href":"https:\/\/poezjaiewangelia.pl\/index.php?rest_route=%2Fwp%2Fv2%2Fmedia&parent=4024"}],"curies":[{"name":"wp","href":"https:\/\/api.w.org\/{rel}","templated":true}]}}