{"id":4027,"date":"2018-10-18T18:19:08","date_gmt":"2018-10-18T18:19:08","guid":{"rendered":"https:\/\/poezjaiewangelia.pl\/?page_id=4027"},"modified":"2022-06-25T16:15:06","modified_gmt":"2022-06-25T15:15:06","slug":"4-niedziela-adwentu-rok-c","status":"publish","type":"page","link":"https:\/\/poezjaiewangelia.pl\/?page_id=4027","title":{"rendered":"4 Niedziela Adwentu rok C"},"content":{"rendered":"\n<p><span style=\"color: #1e73be;\"><a style=\"color: #1e73be;\" href=\"https:\/\/poezjaiewangelia.pl\/?page_id=51#S51\">Powr\u00f3t do Adwent,<\/a>&nbsp; <a style=\"color: #1e73be;\" href=\"https:\/\/poezjaiewangelia.pl\/?page_id=109#S109\">Adwent rok C,<\/a> <\/span><a id=\"S4027\"><\/a><span style=\"color: #1e73be;\">&nbsp;<\/span><a id=\"Gora\"><\/a><span style=\"color: #1e73be;\">&nbsp;<a style=\"color: #1e73be;\" href=\"https:\/\/poezjaiewangelia.pl\/?page_id=703#S703\">Powr\u00f3t do Linki<img loading=\"lazy\" decoding=\"async\" class=\"size-full wp-image-8734 alignright\" src=\"https:\/\/poezjaiewangelia.pl\/wp-content\/uploads\/2020\/06\/R\u00f3\u017ca-fioletowa.png\" alt=\"Kolor szat\" width=\"150\" height=\"113\"><\/a><\/span><\/p>\n\n\n<div class=\"wp-block-image\">\n<figure class=\"alignleft size-large is-resized\"><a href=\"https:\/\/pl.wikipedia.org\/wiki\/Krzy%C5%BC_jerozolimski\" target=\"_blank\" rel=\"noopener noreferrer\"><img loading=\"lazy\" decoding=\"async\" src=\"https:\/\/poezjaiewangelia.pl\/wp-content\/uploads\/2015\/11\/Krzyz-Jerozolimski.jpg\" alt=\"Krzy\u017c Jerozolimski\" class=\"wp-image-107\" width=\"101\" height=\"100\" title=\"Krzy\u017c Jerozolimski\"\/><\/a><\/figure>\n<\/div>\n\n\n<hr class=\"wp-block-separator has-text-color has-luminous-vivid-amber-color has-css-opacity has-luminous-vivid-amber-background-color has-background is-style-dots\"\/>\n\n\n\n<p><strong>4 NA: EWANGELIA: \u0141K 1, 39 \u2013 45;<\/strong><\/p>\n\n\n\n<hr class=\"wp-block-separator has-text-color has-luminous-vivid-amber-color has-css-opacity has-luminous-vivid-amber-background-color has-background is-style-dots\"\/>\n\n\n<div class=\"wp-block-image\">\n<figure class=\"alignright size-large is-resized\"><a href=\"https:\/\/www.wga.hu\/frames-e.html?\/html\/a\/angelico\/04\/3predel2.html\" target=\"_blank\" rel=\"noopener noreferrer\"><img loading=\"lazy\" decoding=\"async\" src=\"https:\/\/poezjaiewangelia.pl\/wp-content\/uploads\/2015\/11\/Fra_Angelico_Nawiedzenie.jpg\" alt=\"Fra Angelico Nawiedzenie\" class=\"wp-image-151\" width=\"512\" height=\"317\" title=\"Fra Angelico Nawiedzenie\" srcset=\"https:\/\/poezjaiewangelia.pl\/wp-content\/uploads\/2015\/11\/Fra_Angelico_Nawiedzenie.jpg 600w, https:\/\/poezjaiewangelia.pl\/wp-content\/uploads\/2015\/11\/Fra_Angelico_Nawiedzenie-300x186.jpg 300w\" sizes=\"auto, (max-width: 512px) 100vw, 512px\" \/><\/a><figcaption><strong>Fra Angelico <em>Nawiedzenie<\/em><\/strong><\/figcaption><\/figure>\n<\/div>\n\n\n<p><strong>Nawiedzenie<\/strong><\/p>\n\n\n\n<p>39 W tym czasie Maryja wybra\u0142a si\u0119 i posz\u0142a z po\u015bpiechem w g\u00f3ry do pewnego miasta w [pokoleniu] Judy.<br \/>40 Wesz\u0142a do domu Zachariasza i pozdrowi\u0142a El\u017cbiet\u0119.<br \/>41 Gdy El\u017cbieta us\u0142ysza\u0142a pozdrowienie Maryi, poruszy\u0142o si\u0119 dzieci\u0105tko w jej \u0142onie, a Duch \u015awi\u0119ty nape\u0142ni\u0142 El\u017cbiet\u0119.<br \/>42 Wyda\u0142a ona okrzyk i powiedzia\u0142a: \u00abB\u0142ogos\u0142awiona jeste\u015b mi\u0119dzy niewiastami i b\u0142ogos\u0142awiony jest owoc Twojego \u0142ona<br \/><span style=\"color: #993300;\"><strong><span class=\"has-inline-color\">43 A sk\u0105d\u017ce mi to, \u017ce Matka mojego Pana przychodzi do mnie?<br \/>44 Oto, skoro g\u0142os Twego pozdrowienia zabrzmia\u0142 w moich uszach, poruszy\u0142o si\u0119 z rado\u015bci dzieci\u0105tko w moim \u0142onie.<br \/>45 B\u0142ogos\u0142awiona jeste\u015b, kt\u00f3ra\u015b uwierzy\u0142a, \u017ce spe\u0142ni\u0105 si\u0119 s\u0142owa powiedziane Ci od Pana\u00bb.<\/span><\/strong><\/span><\/p>\n\n\n\n<h2 class=\"has-vivid-purple-color has-text-color wp-block-heading\">Refleksja<\/h2>\n\n\n\n<p><\/p>\n\n\n\n<p><strong>Wies\u0142aw&nbsp;Gawlik<\/strong><\/p>\n\n\n\n<p><em><strong>Nawiedzenie<\/strong><\/em><\/p>\n\n\n\n<p>Szukamy gest\u00f3w wielkich \u2013<br>a najmniejszych potrzeba.<br>Podanie szklanki wody,<br>otarcie spotnia\u0142ego czo\u0142a,<br>tysi\u0105c krok\u00f3w do bezradnej kobiety,<br>u\u015bmiech\u2026<br>\u201e w tym jednostajnym kole<br>wieczno\u015b\u0107 wraz z tob\u0105 kroczy\u2026\u201d<\/p>\n\n\n\n<p>Wymiana gest\u00f3w dobroci \u2013<br>a to gesty mi\u0142o\u015bci \u2013<br>krople rozpryskuj\u0105cej si\u0119 wody<br>podanej spragnionemu<br>w czarze splecionych d\u0142oni \u2013<br>w \u015bwietle mi\u0142o\u015bci l\u015bni\u0105,<br>jak garstka rzadkich klejnot\u00f3w \u2013<br>rosn\u0105 w melodi\u0119 sfer,<br>przenikaj\u0105c\u0105 wszech\u015bwiat,<br>zag\u0142uszaj\u0105c\u0105 b\u00f3l i z\u0142o.<\/p>\n\n\n\n<p>z serca nios\u0105cego wcielon\u0105 \u015awiat\u0142o\u015b\u0107 \u015bwiata<br>rodzi si\u0119 gest pomocy.<br>Dwa spotykaj\u0105ce si\u0119<br>takie serca<br>rozniecaj\u0105 wybuch energii mi\u0142o\u015bci<br>rozjarzaj\u0105cy si\u0119 w spotkaniu<br>Marii i El\u017cbiety<br>i promieniej\u0105cy<br>na wszystkie dalsze wieki.<\/p>\n\n\n\n<p><em><strong>\u201eIntencje serca\u201d, Pozna\u0144 1985, str. 409<\/strong><\/em><\/p>\n\n\n\n<div class=\"wp-block-columns is-layout-flex wp-container-core-columns-is-layout-9d6595d7 wp-block-columns-is-layout-flex\">\n<div class=\"wp-block-column is-layout-flow wp-block-column-is-layout-flow\"><div class=\"wp-block-image size-large\">\n<figure class=\"alignright is-resized\"><a href=\"https:\/\/www.wga.hu\/framex-e.html?file=html\/b\/bouts\/dirk_e\/altar\/1tripti2.html&amp;find=Visitation\" target=\"_blank\" rel=\"noopener noreferrer\"><img loading=\"lazy\" decoding=\"async\" src=\"https:\/\/poezjaiewangelia.pl\/wp-content\/uploads\/2015\/11\/Dieric_Bouts_the_Elder_Nawiedzenie.jpg\" alt=\"Dieric Bouts the Elder Nawiedzenie\" width=\"295\" height=\"486\" title=\"Dieric Bouts the Elder Nawiedzenie\"\/><\/a><figcaption><center><em>Dieric Bouts the Elder Nawiedzenie<\/em><\/center><\/figcaption><\/figure>\n<\/div><\/div>\n\n\n\n<div class=\"wp-block-column is-layout-flow wp-block-column-is-layout-flow\">\n<p>\u00a0<\/p>\n<p>\u00a0<\/p>\n<p><strong>Jan Zieli\u0144ski<\/strong><\/p>\n<p><em><strong>Maryja<\/strong><\/em><\/p>\n<p>Kt\u00f3ra\u015b na niebie<br \/>znakiem wielkim<br \/>b\u0105d\u017a b\u0142ogos\u0142awiona<br \/>za to<br \/>\u017ce znaki ma\u0142e<br \/>wa\u017cne<br \/>dajesz nam<br \/>na ziemi<\/p>\n<p><em><strong>Wiersze podarowane\u201d, Warszawa 1994, str. 20<\/strong><\/em><\/p>\n<\/div>\n<\/div>\n\n\n\n<p class=\"has-text-align-center\"><a href=\"https:\/\/poezjaiewangelia.pl\/?page_id=4027#Gora\"><span style=\"color:#1e73be\" class=\"has-inline-color\">Do g\u00f3ry<\/span><\/a><\/p>\n","protected":false},"excerpt":{"rendered":"<p>Powr\u00f3t do Adwent,&nbsp; Adwent rok C, &nbsp;&nbsp;Powr\u00f3t do Linki 4 NA: EWANGELIA: \u0141K 1, 39 \u2013 45; Nawiedzenie 39 W tym czasie Maryja wybra\u0142a si\u0119 i posz\u0142a z po\u015bpiechem w g\u00f3ry do pewnego miasta w [pokoleniu] Judy.40 Wesz\u0142a do domu Zachariasza i pozdrowi\u0142a El\u017cbiet\u0119.41 Gdy El\u017cbieta us\u0142ysza\u0142a pozdrowienie Maryi, poruszy\u0142o si\u0119 dzieci\u0105tko w jej \u0142onie, &hellip; <a href=\"https:\/\/poezjaiewangelia.pl\/?page_id=4027\" class=\"more-link\">Czytaj dalej <span class=\"screen-reader-text\">4 Niedziela Adwentu rok C<\/span><\/a><\/p>\n","protected":false},"author":1,"featured_media":0,"parent":109,"menu_order":4,"comment_status":"closed","ping_status":"closed","template":"","meta":{"_monsterinsights_skip_tracking":false,"_monsterinsights_sitenote_active":false,"_monsterinsights_sitenote_note":"","_monsterinsights_sitenote_category":0,"footnotes":""},"class_list":["post-4027","page","type-page","status-publish","hentry"],"aioseo_notices":[],"_links":{"self":[{"href":"https:\/\/poezjaiewangelia.pl\/index.php?rest_route=\/wp\/v2\/pages\/4027","targetHints":{"allow":["GET"]}}],"collection":[{"href":"https:\/\/poezjaiewangelia.pl\/index.php?rest_route=\/wp\/v2\/pages"}],"about":[{"href":"https:\/\/poezjaiewangelia.pl\/index.php?rest_route=\/wp\/v2\/types\/page"}],"author":[{"embeddable":true,"href":"https:\/\/poezjaiewangelia.pl\/index.php?rest_route=\/wp\/v2\/users\/1"}],"replies":[{"embeddable":true,"href":"https:\/\/poezjaiewangelia.pl\/index.php?rest_route=%2Fwp%2Fv2%2Fcomments&post=4027"}],"version-history":[{"count":36,"href":"https:\/\/poezjaiewangelia.pl\/index.php?rest_route=\/wp\/v2\/pages\/4027\/revisions"}],"predecessor-version":[{"id":9794,"href":"https:\/\/poezjaiewangelia.pl\/index.php?rest_route=\/wp\/v2\/pages\/4027\/revisions\/9794"}],"up":[{"embeddable":true,"href":"https:\/\/poezjaiewangelia.pl\/index.php?rest_route=\/wp\/v2\/pages\/109"}],"wp:attachment":[{"href":"https:\/\/poezjaiewangelia.pl\/index.php?rest_route=%2Fwp%2Fv2%2Fmedia&parent=4027"}],"curies":[{"name":"wp","href":"https:\/\/api.w.org\/{rel}","templated":true}]}}