{"id":4057,"date":"2018-10-19T16:33:56","date_gmt":"2018-10-19T16:33:56","guid":{"rendered":"https:\/\/poezjaiewangelia.pl\/?page_id=4057"},"modified":"2022-07-12T16:33:02","modified_gmt":"2022-07-12T15:33:02","slug":"narodzenie-panskie-rok-a-b-c-25-12","status":"publish","type":"page","link":"https:\/\/poezjaiewangelia.pl\/?page_id=4057","title":{"rendered":"Narodzenie Pa\u0144skie rok ABC; (25.12.)"},"content":{"rendered":"<div class=\"wp-block-image\">\n<figure class=\"alignright size-large\"><img loading=\"lazy\" decoding=\"async\" width=\"150\" height=\"150\" src=\"https:\/\/poezjaiewangelia.pl\/wp-content\/uploads\/2018\/10\/R\u00f3\u017ca-bia\u0142a-e1592148272533.png\" alt=\"Kolor szat\" class=\"wp-image-4591\"\/><figcaption>Kolor szat<\/figcaption><\/figure>\n<\/div>\n\n\n<p><a href=\"https:\/\/poezjaiewangelia.pl\/?page_id=55#S55\"><span style=\"color: #1e73be;\">Powr\u00f3t do Bo\u017ce Narodzenie,<\/span><\/a> <a id=\"Gora\"><\/a> <span style=\"color: #1e73be;\"><a style=\"color: #1e73be;\" href=\"https:\/\/poezjaiewangelia.pl\/?page_id=446#S446\">Powr\u00f3t do \u015awi\u0119ta BN, <\/a><\/span><a id=\"S4057\"><\/a><span style=\"color: #1e73be;\">&nbsp;<a style=\"color: #1e73be;\" href=\"https:\/\/poezjaiewangelia.pl\/?page_id=703#S703\">Powr\u00f3t do Linki<\/a><\/span><\/p>\n\n\n<div class=\"wp-block-image\">\n<figure class=\"alignleft size-full\"><a href=\"http:\/\/www.wga.hu\/framex-e.html?file=html\/d\/durer\/1\/08\/1pear.html&amp;find=The+Little+Child+Jesus\"><img loading=\"lazy\" decoding=\"async\" width=\"100\" height=\"131\" src=\"https:\/\/poezjaiewangelia.pl\/wp-content\/uploads\/2022\/06\/Albrecht-DURER-Madonna-z-Jezusem-i-gruszka.jpg\" alt=\"\" class=\"wp-image-9735\"\/><\/a><\/figure>\n<\/div>\n\n\n<p>\u00a0<\/p>\n<p><strong>Msza o \u015bwicie: Ewangelia: \u0141k 2, 16 \u2013 20;<\/strong><\/p>\n<p><strong>Msza w dzie\u0144: Ewangelia: J 1, 1 \u2013 18;<\/strong><\/p>\n<p>\u00a0<\/p>\n\n\n\n<h2 class=\"wp-block-heading\"><span style=\"background-color:rgba(0, 0, 0, 0)\" class=\"has-inline-color has-vivid-red-color\">S\u0142owo Bo\u017ce<\/span><\/h2>\n\n\n\n<h5><strong>Msza o \u015bwicie: \u0141k 2, 16 \u2013 20;<\/strong><\/h5>\n\n\n<div class=\"wp-block-image\">\n<figure class=\"alignleft size-large is-resized\"><a href=\"http:\/\/www.creationism.org\/images\/DoreBibleIllus\/tLuk0215Dore_TheNativity.jpg\" target=\"_blank\" rel=\"noopener noreferrer\"><img loading=\"lazy\" decoding=\"async\" src=\"https:\/\/poezjaiewangelia.pl\/wp-content\/uploads\/2015\/12\/6e189998149eee3956a3bc05feef07fc-e1461937773831.jpg\" alt=\"Gustave Dor\u00e9 Narodzenie\" class=\"wp-image-2667\" width=\"308\" height=\"416\" title=\"Gustave Dor\u00e9 Narodzenie\"\/><\/a><figcaption><center><em>Gustave Dor\u00e9 Narodzenie<\/em><\/center><\/figcaption><\/figure>\n<\/div>\n\n\n<p>&nbsp;<\/p>\n<p>&nbsp;<\/p>\n<p>16 (Pasterze)Udali si\u0119 te\u017c z po\u015bpiechem i znale\u017ali Maryj\u0119, J\u00f3zefa i Niemowl\u0119, le\u017c\u0105ce w \u017c\u0142obie.<\/p>\n<p><strong>Pasterze u \u017c\u0142\u00f3bka<\/strong><\/p>\n<p>17 Gdy Je ujrzeli, opowiedzieli o tym, co im zosta\u0142o objawione o tym Dzieci\u0119ciu.<br>18 A wszyscy, kt\u00f3rzy to s\u0142yszeli, dziwili si\u0119 temu, co im pasterze opowiadali.<br><span style=\"color: #993300;\"><strong>19 Lecz Maryja zachowywa\u0142a wszystkie te sprawy i rozwa\u017ca\u0142a je w swoim sercu.<\/strong><\/span><br>20 A pasterze wr\u00f3cili, wielbi\u0105c i wys\u0142awiaj\u0105c Boga za wszystko, co s\u0142yszeli i widzieli, jak im to by\u0142o powiedziane.<\/p>\n\n\n\n<h2 class=\"wp-block-heading\"><span style=\"background-color:rgba(0, 0, 0, 0)\" class=\"has-inline-color has-vivid-red-color\">Refleksja<\/span><\/h2>\n\n\n\n<p><strong>Jan Twardowski<\/strong><\/p>\n\n\n\n<p><em><strong>Zagadka o Niej<\/strong><\/em><\/p>\n\n\n\n<p>Tak z\u0142ota \u017ce niepozorna<br>tak niebieska \u017ce szara<br>tak pierwsza \u017ce ostatnia w kolejce<br>tak cudowna \u017ce zwyczajna<\/p>\n\n\n\n<p>m\u00f3j Bo\u017ce o ile s\u0142\u00f3w za du\u017co<br>dlatego \u017ce prawdziwe<\/p>\n\n\n\n<p><em><strong>\u00abNie przyszed\u0142em pana nawraca\u0107\u00bb, Pozna\u0144 2009, str. 151<\/strong><\/em><\/p>\n\n\n\n<p><strong>Grzegorz \u0141omzik<\/strong><\/p>\n\n\n\n<p><em><strong>Rodzi si\u0119 nadziej\u0105<\/strong><\/em><\/p>\n\n\n\n<p>To prawda<br>\u017ce Chrystus tylko raz si\u0119 narodzi\u0142<br>w betlejemskiej stajni<br>w ubogim \u017c\u0142obie<br>Ale i to jest prawd\u0105<br>\u017ce co roku rodzi si\u0119 na nowo<br>ju\u017c nie hen gdzie\u015b tam w Betlejem<br>ale rodzi si\u0119 W Tobie<br>I \u017ceby tak by\u0142o<br>nie trzeba pa\u0142ac\u00f3w<br>nie trzeba te\u017c ziemi z\u0142oci\u0107 r\u0105bkiem nieba<br>Lecz trzeba dobroci<br>takiej szczerej<br>prostej<br>kt\u00f3rej wszyscy \u0142akniemy<br>jak zg\u0142odnia\u0142y chleba<br>Bogu wi\u0119c niech b\u0119d\u0105 dzi\u0119ki<br>za tych co serce dziel\u0105<br>bo w ka\u017cdej takiej okruszynie<br>Chrystus na nowo rodzi si\u0119 nadziej\u0105<\/p>\n\n\n\n<p><strong>\u0179r\u00f3d\u0142o?<\/strong><\/p>\n\n\n\n<p><strong>Jan Twardowski<\/strong><\/p>\n\n\n\n<p><em><strong>Bolesna<\/strong><\/em><\/p>\n\n\n\n<p>Przychodzi<br>Bolesna<br>tak po cichu<br>jakby si\u0119 nic nie sta\u0142o<br>m\u00f3wi do mnie \u2013 g\u0142uptasie<br>chcesz da\u0107 wszystko<br>\u2013 za ma\u0142o<\/p>\n\n\n\n<p><em><strong>\u00abABC ksi\u0119dza Twardowskiego. Rok A\u00bb, Warszawa 2002, str. 39<\/strong><\/em><\/p>\n\n\n\n<p class=\"has-text-align-center\"><span style=\"color: #1e73be;\"><a style=\"color: #1e73be;\" href=\"https:\/\/poezjaiewangelia.pl\/?page_id=4057#Gora\">Do g\u00f3ry<\/a><\/span><\/p>\n\n\n\n<h2 class=\"wp-block-heading\"><span style=\"background-color:rgba(0, 0, 0, 0)\" class=\"has-inline-color has-vivid-red-color\">S\u0142owo Bo\u017ce<\/span><\/h2>\n\n\n\n<h5><strong>Msza w dzie\u0144: J 1, 1 \u2013 18;<\/strong><\/h5>\n\n\n<div class=\"wp-block-image\">\n<figure class=\"alignright size-large is-resized\"><a href=\"https:\/\/commons.wikimedia.org\/wiki\/File:Federico_Zuccari_001.jpg\" target=\"_blank\" rel=\"noopener noreferrer\"><img loading=\"lazy\" decoding=\"async\" src=\"https:\/\/poezjaiewangelia.pl\/wp-content\/uploads\/2015\/12\/78d9eb5e3e507edb712791fdd754e336-e1461937849202.jpg\" alt=\"Federico Zuccari \u015aw. Jan Chrzciciel\" class=\"wp-image-2668\" width=\"273\" height=\"536\" title=\"Federico Zuccari \u015aw. Jan Chrzciciel\"\/><\/a><figcaption><center><em>Federico Zuccari \u015aw. Jan Chrzciciel<\/em><\/center><\/figcaption><\/figure>\n<\/div>\n\n\n<p><strong>Prolog<\/strong><\/p>\n<p><span style=\"color: #993300;\"><strong>1 Na pocz\u0105tku by\u0142o S\u0142owo, a S\u0142owo by\u0142o u Boga, i Bogiem by\u0142o S\u0142owo.<\/strong><\/span><br><span style=\"color: #993300;\"><strong>2 Ono by\u0142o na pocz\u0105tku u Boga.<\/strong><\/span><br><span style=\"color: #993300;\"><strong>3 Wszystko przez Nie si\u0119 sta\u0142o, a bez Niego nic si\u0119 nie sta\u0142o, co si\u0119 sta\u0142o.<\/strong><\/span><br><span style=\"color: #993300;\"><strong>4 W Nim by\u0142o \u017cycie, a \u017cycie by\u0142o \u015bwiat\u0142o\u015bci\u0105 ludzi,<\/strong><\/span><br><span style=\"color: #993300;\"><strong>5 a \u015bwiat\u0142o\u015b\u0107 w ciemno\u015bci \u015bwieci i ciemno\u015b\u0107 jej nie ogarn\u0119\u0142a.<\/strong><\/span><br>6 Pojawi\u0142 si\u0119 cz\u0142owiek pos\u0142any przez Boga \u2013 Jan mu by\u0142o na imi\u0119<br>7 Przyszed\u0142 on na \u015bwiadectwo, aby za\u015bwiadczy\u0107 o \u015bwiat\u0142o\u015bci, by wszyscy uwierzyli przez niego.<br>8 Nie by\u0142 on \u015bwiat\u0142o\u015bci\u0105, lecz [pos\u0142anym], aby za\u015bwiadczy\u0107 o \u015bwiat\u0142o\u015bci.<br>9 By\u0142a \u015bwiat\u0142o\u015b\u0107 prawdziwa, kt\u00f3ra o\u015bwieca ka\u017cdego cz\u0142owieka, gdy na \u015bwiat przychodzi.<br><span style=\"color: #993300;\"><strong>10 Na \u015bwiecie by\u0142o [S\u0142owo], a \u015bwiat sta\u0142 si\u0119 przez Nie, lecz \u015bwiat Go nie pozna\u0142.<\/strong><\/span><br><span style=\"color: #993300;\"><strong>11 Przysz\u0142o do swojej w\u0142asno\u015bci, a swoi Go nie przyj\u0119li.<\/strong><\/span><br><span style=\"color: #993300;\"><strong>12 Wszystkim tym jednak, kt\u00f3rzy Je przyj\u0119li, da\u0142o moc, aby si\u0119 stali dzie\u0107mi Bo\u017cymi, tym, kt\u00f3rzy wierz\u0105 w imi\u0119 Jego<\/strong><\/span><br><span style=\"color: #993300;\"><strong>13 kt\u00f3rzy ani z krwi, ani z \u017c\u0105dzy cia\u0142a, ani z woli m\u0119\u017ca, ale z Boga si\u0119 narodzili.<\/strong><\/span><br>14 A S\u0142owo sta\u0142o si\u0119 cia\u0142em i zamieszka\u0142o w\u015br\u00f3d nas. I ogl\u0105dali\u015bmy Jego chwa\u0142\u0119, chwa\u0142\u0119, jak\u0105 Jednorodzony otrzymuje od Ojca, pe\u0142en \u0142aski i prawdy.<br>15 Jan daje o Nim \u015bwiadectwo i g\u0142o\u015bno wo\u0142a w s\u0142owach: \u00abTen by\u0142, o kt\u00f3rym powiedzia\u0142em: Ten, kt\u00f3ry po mnie idzie, przewy\u017cszy\u0142 mnie godno\u015bci\u0105, gdy\u017c by\u0142 wcze\u015bniej ode mnie\u00bb.<br>16 Z Jego pe\u0142no\u015bci wszyscy\u015bmy otrzymali \u2013 \u0142ask\u0119 po \u0142asce.<br>17 Podczas gdy Prawo zosta\u0142o nadane przez Moj\u017cesza, \u0142aska i prawda przysz\u0142y przez Jezusa Chrystusa.<br>18 Boga nikt nigdy nie widzia\u0142, Ten Jednorodzony B\u00f3g, kt\u00f3ry jest w \u0142onie Ojca, [o Nim] pouczy\u0142.<\/p>\n\n\n\n<h2 class=\"wp-block-heading\"><span style=\"background-color:rgba(0, 0, 0, 0)\" class=\"has-inline-color has-vivid-red-color\">Refleksja<\/span><\/h2>\n\n\n\n<p><strong>Jan Zieli\u0144ski<\/strong><\/p>\n\n\n\n<p><em><strong>Rozpozna\u0107<\/strong><\/em><\/p>\n\n\n\n<p>Tyle dni i nocy jestem z tob\u0105<br>jak matka<br>Moje oczy jak \u017car ognia nad tob\u0105<br>dla ciebie<br>nieustannie stwarzam ksi\u0119g\u0119 czasu<br>zamieniam burz\u0119 na powiew \u0142agodny<br>aby ci\u0119 nie przerazi\u0107<br>daj\u0119 ci deszcz na d\u0142onie<br>ziarno do serca<br>chleba \u0142amanie<br>id\u0119 za tob\u0105<\/p>\n\n\n\n<p>a jeszcze Mnie nie rozpozna\u0142e\u015b<\/p>\n\n\n\n<p><em><strong>\u201eWiersze podarowane\u201d, Warszawa 1994, str.14<\/strong><\/em><\/p>\n\n\n<div class=\"wp-block-image\">\n<figure class=\"alignright size-large is-resized\"><a href=\"https:\/\/www.wga.hu\/framex-e.html?file=html\/m\/murillo\/1\/108muril.html&amp;find=+Adoration+of+the+Shepherds\" target=\"_blank\" rel=\"noopener noreferrer\"><img loading=\"lazy\" decoding=\"async\" src=\"https:\/\/poezjaiewangelia.pl\/wp-content\/uploads\/2015\/12\/cb5d91889835b0196438c65ce1c113c9-e1458119740516.jpg\" alt=\"Bartolom\u00e9 Esteban Murillo Adoracja pasterzy\" class=\"wp-image-2669\" width=\"380\" height=\"310\" title=\"Bartolom\u00e9 Esteban Murillo Adoracja pasterzy\"\/><\/a><figcaption><center><em>Bartolom\u00e9 Esteban Murillo Adoracja pasterzy<\/em><\/center><\/figcaption><\/figure>\n<\/div>\n\n\n<p><strong>Jan Twardowski<\/strong><\/p>\n\n\n\n<p><strong><em>Naucz si\u0119 dziwi\u0107<\/em><\/strong><\/p>\n\n\n\n<p>Naucz si\u0119 dziwi\u0107 w ko\u015bciele,<br>\u017ce Hostia Naj\u015bwi\u0119tsza tak ma\u0142a,<br>\u017ce w d\u0142onie by j\u0105 schowa\u0142a<br>najni\u017csza dziewczynka w bieli,<\/p>\n\n\n\n<p>a rzesza przed ni\u0105 upada,<br>rozp\u0142acze si\u0119, spowiada \u2013<\/p>\n\n\n\n<p>\u017ce ch\u0142opcy z j\u0119zykami czarnymi od jag\u00f3d \u2013<br>na z\u0142o\u015b\u0107 babciom wlatuj\u0105 p\u00f3\u0142nago \u2013<br>w ko\u015bcio\u0142a drzwiach uchylonych<br>milkn\u0105 jak gawrony,<br>bo ich ko\u015bci\u00f3\u0142 zadziwia powag\u0105.<\/p>\n\n\n\n<p>I pomy\u015bl \u2013 jakie to dziwne,<br>\u017ce B\u00f3g mia\u0142 lata dziecinne,<br>matk\u0119, osio\u0142ka, Betlejem.<\/p>\n\n\n\n<p>Tyle tajemnic, dogmat\u00f3w,<br>Judasz\u00f3w, m\u0119czennic, kwiat\u00f3w<br>i nowe wci\u0105\u017c nawr\u00f3cenia,<\/p>\n\n\n\n<p>\u017be mo\u017cna nie m\u00f3wi\u0105c pacierzy<br>po prostu w Niego uwierzy\u0107<br>z tego wielkiego zdziwienia.<\/p>\n\n\n\n<p><em><strong>\u201enie przyszed\u0142em pana nawraca\u0107\u201d, Warszawa 1986 str.38<\/strong><\/em><\/p>\n\n\n\n<p><strong>Lusia Ogi\u0144ska<\/strong><\/p>\n\n\n\n<p><em><strong>Bo\u017ce Narodzenie<\/strong><\/em><\/p>\n\n\n\n<p>Dzieci\u0105teczko usn\u0119\u0142o na sianku,<br>owini\u0119te w chu\u015bcin\u0119 Matczyn\u0105,<br>ledwo tli si\u0119 oliwa w kaganku<br>\u015bwiat w ciemno\u015bci<br>wci\u0105\u017c nie chce Go przyj\u0105\u0107\u2026<\/p>\n\n\n\n<p>Grota ciemna jak czelu\u015b\u0107 nieznana,<br>zastuka\u0142o kopytko o\u015bl\u0105tka,<br>cho\u0107 zm\u0119czona u\u015bmiecha si\u0119 Panna,<br>policzy\u0142a<br>paluszki Dzieci\u0105tka\u2026,<\/p>\n\n\n\n<p>Tu ju\u017c by\u0142y pastuszki zl\u0119knione,<br>to przynie\u015bli co mogli, co mieli\u2026<br>B\u00f3g im pierwszym zdj\u0105\u0142 z oczu zas\u0142on\u0119,<br>oni pierwsi<br>widzieli, widzieli\u2026<\/p>\n\n\n\n<p>Stary \u015bwiat dzi\u015b odchodzi, umiera,<br>o tym wie tylko jedna Madonna!<br>Pochylona, skupiona jest teraz,<br>bo w sianeczku \u015bpi<br>prawda bezbronna!<\/p>\n\n\n\n<p>Rozmodlone anio\u0142y na niebie,<br>cicha grota \u015bwiat ca\u0142y zaprasza!<br>Bo\u017ce Dzieci\u0119 ju\u017c czeka na ciebie!<br>Jeste\u015b got\u00f3w<br>by spotka\u0107 Mesjasza?<\/p>\n\n\n\n<p><em><strong>\u00ab\u015aladami Ewangelii\u00bb, Radom 2008, str. 5<\/strong><\/em><\/p>\n\n\n\n<div class=\"wp-block-columns is-layout-flex wp-container-core-columns-is-layout-9d6595d7 wp-block-columns-is-layout-flex\">\n<div class=\"wp-block-column is-layout-flow wp-block-column-is-layout-flow\"><div class=\"wp-block-image\">\n<figure class=\"alignright is-resized\"><a href=\"https:\/\/www.wga.hu\/frames-e.html?\/html\/m\/master\/bertram\/grabow1.html\" target=\"_blank\" rel=\"noopener noreferrer\"><img loading=\"lazy\" decoding=\"async\" src=\"https:\/\/poezjaiewangelia.pl\/wp-content\/uploads\/2015\/12\/Mistrz-Bertram-Narodziny-detal-e1461937879818.jpg\" alt=\"Mistrz Bertram Narodziny (detal)\" width=\"271\" height=\"417\" title=\"Mistrz Bertram Narodziny (detal)\"\/><\/a><figcaption><center><em>Mistrz Bertram Narodziny (detal)<\/em><\/center><\/figcaption><\/figure>\n<\/div><\/div>\n\n\n\n<div class=\"wp-block-column is-layout-flow wp-block-column-is-layout-flow\">\n<p><strong>Jan Twardowski<\/strong><\/p>\n<p><strong>Dlaczego jest \u015bwi\u0119to Bo\u017cego Narodzenia?<\/strong><\/p>\n<p>Dlaczego jest \u015awi\u0119to Bo\u017cego Narodzenia?<br \/>Dlaczego wpatrujemy si\u0119 w gwiazd\u0119 na niebie?<br \/>Dlaczego \u015bpiewamy kol\u0119dy?<\/p>\n<p>Dlatego, \u017ceby si\u0119 uczy\u0107 mi\u0142o\u015bci do Pana Jezusa<br \/>Dlatego, \u017ceby podawa\u0107 sobie r\u0119ce<br \/>Dlatego, \u017ceby si\u0119 u\u015bmiecha\u0107 do siebie<br \/>Dlatego, \u017ceby sobie przebacza\u0107.<\/p>\n<p>\u017beby ka\u017cda czarodziejka po trzydziestu latach nie stawa\u0142a si\u0119 czarownic\u0105.<\/p>\n<p><em><strong>\u00abNoc Szcz\u0119\u015bliwego Rozwi\u0105zania\u00bb, Pozna\u0144 1995, str. 37<\/strong><\/em><\/p>\n<\/div>\n<\/div>\n\n\n\n<p class=\"has-text-align-center\"><a href=\"https:\/\/poezjaiewangelia.pl\/?page_id=4057#Gora\"><span style=\"color:#1e73be\" class=\"has-inline-color\">Do g\u00f3ry<\/span><\/a><\/p>\n","protected":false},"excerpt":{"rendered":"<p>Powr\u00f3t do Bo\u017ce Narodzenie, Powr\u00f3t do \u015awi\u0119ta BN, &nbsp;Powr\u00f3t do Linki \u00a0 Msza o \u015bwicie: Ewangelia: \u0141k 2, 16 \u2013 20; Msza w dzie\u0144: Ewangelia: J 1, 1 \u2013 18; \u00a0 Msza o \u015bwicie: \u0141k 2, 16 \u2013 20; &nbsp; &nbsp; 16 (Pasterze)Udali si\u0119 te\u017c z po\u015bpiechem i znale\u017ali Maryj\u0119, J\u00f3zefa i Niemowl\u0119, le\u017c\u0105ce w &hellip; <a href=\"https:\/\/poezjaiewangelia.pl\/?page_id=4057\" class=\"more-link\">Czytaj dalej <span class=\"screen-reader-text\">Narodzenie Pa\u0144skie rok ABC; (25.12.)<\/span><\/a><\/p>\n","protected":false},"author":1,"featured_media":0,"parent":446,"menu_order":2,"comment_status":"closed","ping_status":"closed","template":"","meta":{"_monsterinsights_skip_tracking":false,"_monsterinsights_sitenote_active":false,"_monsterinsights_sitenote_note":"","_monsterinsights_sitenote_category":0,"footnotes":""},"class_list":["post-4057","page","type-page","status-publish","hentry"],"aioseo_notices":[],"_links":{"self":[{"href":"https:\/\/poezjaiewangelia.pl\/index.php?rest_route=\/wp\/v2\/pages\/4057","targetHints":{"allow":["GET"]}}],"collection":[{"href":"https:\/\/poezjaiewangelia.pl\/index.php?rest_route=\/wp\/v2\/pages"}],"about":[{"href":"https:\/\/poezjaiewangelia.pl\/index.php?rest_route=\/wp\/v2\/types\/page"}],"author":[{"embeddable":true,"href":"https:\/\/poezjaiewangelia.pl\/index.php?rest_route=\/wp\/v2\/users\/1"}],"replies":[{"embeddable":true,"href":"https:\/\/poezjaiewangelia.pl\/index.php?rest_route=%2Fwp%2Fv2%2Fcomments&post=4057"}],"version-history":[{"count":47,"href":"https:\/\/poezjaiewangelia.pl\/index.php?rest_route=\/wp\/v2\/pages\/4057\/revisions"}],"predecessor-version":[{"id":9943,"href":"https:\/\/poezjaiewangelia.pl\/index.php?rest_route=\/wp\/v2\/pages\/4057\/revisions\/9943"}],"up":[{"embeddable":true,"href":"https:\/\/poezjaiewangelia.pl\/index.php?rest_route=\/wp\/v2\/pages\/446"}],"wp:attachment":[{"href":"https:\/\/poezjaiewangelia.pl\/index.php?rest_route=%2Fwp%2Fv2%2Fmedia&parent=4057"}],"curies":[{"name":"wp","href":"https:\/\/api.w.org\/{rel}","templated":true}]}}