{"id":4069,"date":"2018-10-19T19:37:40","date_gmt":"2018-10-19T19:37:40","guid":{"rendered":"https:\/\/poezjaiewangelia.pl\/?page_id=4069"},"modified":"2024-12-20T14:30:21","modified_gmt":"2024-12-20T13:30:21","slug":"swieto-sw-szczepana-pierwszego-meczennika-rok-a-b-c-26-12","status":"publish","type":"page","link":"https:\/\/poezjaiewangelia.pl\/?page_id=4069","title":{"rendered":"\u015awi\u0119to \u015aw. Szczepana, pierwszego m\u0119czennika rok ABC; (26.12.)"},"content":{"rendered":"<div class=\"wp-block-image\">\n<figure class=\"alignright size-large\"><img loading=\"lazy\" decoding=\"async\" width=\"150\" height=\"150\" src=\"https:\/\/poezjaiewangelia.pl\/wp-content\/uploads\/2018\/11\/Czerwona-r\u00f3\u017ca2-e1592152757895.png\" alt=\"Czerwona r\u00f3\u017ca\" class=\"wp-image-4739\"\/><figcaption class=\"wp-element-caption\">Kolor szat<\/figcaption><\/figure>\n<\/div>\n\n\n<p><a href=\"https:\/\/poezjaiewangelia.pl\/?page_id=55#S55\"><span style=\"color: #1e73be;\">Powr\u00f3t do Bo\u017ce Narodzenie,<\/span><\/a> <a id=\"Gora\"><\/a>\u00a0<span style=\"color: #1e73be;\"><a style=\"color: #1e73be;\" href=\"https:\/\/poezjaiewangelia.pl\/?page_id=446#S446\">Powr\u00f3t do \u015awi\u0119ta BN,<\/a> <\/span><a id=\"S4069\"><\/a><span style=\"color: #1e73be;\"> <a style=\"color: #1e73be;\" href=\"https:\/\/poezjaiewangelia.pl\/?page_id=703#S703\">Powr\u00f3t do Linki<\/a><\/span><\/p>\n\n\n\n<figure class=\"wp-block-image size-large\"><a href=\"https:\/\/it.wikipedia.org\/wiki\/File:Sacredheart.svg\"><img loading=\"lazy\" decoding=\"async\" class=\"alignleft wp-image-427\" title=\"Naj\u015bwi\u0119tsze-Serce\" src=\"https:\/\/poezjaiewangelia.pl\/wp-content\/uploads\/2015\/12\/Najswietsze-Serce2.jpg\" alt=\"Najswi\u0119tsze-Serce\" width=\"100\" height=\"112\" \/><\/a><\/figure>\n\n\n\n<p><strong>Ewangelia: Mt 10, 17 \u2013 22;<\/strong><\/p>\n\n\n\n<hr class=\"wp-block-separator has-text-color has-luminous-vivid-amber-color has-css-opacity has-luminous-vivid-amber-background-color has-background is-style-dots\"\/>\n\n\n\n<h2 class=\"wp-block-heading\"><span style=\"background-color:rgba(0, 0, 0, 0)\" class=\"has-inline-color has-vivid-red-color\">S\u0142owo Bo\u017ce<\/span><\/h2>\n\n\n<div class=\"wp-block-image\">\n<figure class=\"alignright size-large is-resized\"><a href=\"https:\/\/www.wga.hu\/framex-e.html?file=html\/a\/angelico\/10\/3east\/10east.html&amp;find=The+Stoning+of+St+Stephen\" target=\"_blank\" rel=\"noopener noreferrer\"><img loading=\"lazy\" decoding=\"async\" width=\"350\" height=\"241\" src=\"https:\/\/poezjaiewangelia.pl\/wp-content\/uploads\/2015\/12\/4d4c4a77e6d6460cba2d1d1c9cc55f9e-e1461937920393.jpg\" alt=\"Fra Angelico Ukamienowanie \u015aw. Szczepana\" class=\"wp-image-2672\" style=\"width:443px;height:305px\" title=\"Fra Angelico Ukamienowanie \u015aw. Szczepana\"\/><\/a><figcaption class=\"wp-element-caption\"><center><em>Fra Angelico Ukamienowanie \u015aw. Szczepana<\/em><\/center><\/figcaption><\/figure>\n<\/div>\n\n\n<p><strong>Zapowied\u017a prze\u015bladowa\u0144<\/strong><\/p>\n<p><span style=\"color: #993300;\"><strong>17\u00a0Miejcie si\u0119 na baczno\u015bci przed lud\u017ami! B\u0119d\u0105 was wydawa\u0107 s\u0105dom i w swych synagogach b\u0119d\u0105 was biczowa\u0107<\/strong><\/span><br \/><span style=\"color: #993300;\"><strong>18 Nawet przed namiestnik\u00f3w i kr\u00f3l\u00f3w b\u0119d\u0105 was wodzi\u0107 z mego powodu, na \u015bwiadectwo im i poganom.<\/strong><\/span><br \/>19\u00a0Kiedy was wydadz\u0105, nie martwcie si\u0119 o to, jak ani co macie m\u00f3wi\u0107. W owej bowiem godzinie b\u0119dzie wam poddane, co macie m\u00f3wi\u0107,<br \/>20\u00a0gdy\u017c nie wy b\u0119dziecie m\u00f3wili, lecz Duch Ojca waszego b\u0119dzie m\u00f3wi\u0142 przez was. 22\u00a0B\u0119dziecie w nienawi\u015bci u wszystkich z powodu mego imienia. Lecz kto wytrwa do ko\u0144ca, ten b\u0119dzie zbawiony.<br \/>21\u00a0Brat wyda brata na \u015bmier\u0107 i ojciec syna; dzieci powstan\u0105 przeciw rodzicom i o \u015bmier\u0107 ich przyprawi\u0105.<br \/>23\u00a0Gdy was prze\u015bladowa\u0107 b\u0119d\u0105 w tym mie\u015bcie, uciekajcie do innego. Zaprawd\u0119, powiadam wam: Nie zd\u0105\u017cycie obej\u015b\u0107 miast Izraela, nim przyjdzie Syn Cz\u0142owieczy<\/p>\n\n\n\n<h2 class=\"wp-block-heading\"><span style=\"background-color:rgba(0, 0, 0, 0)\" class=\"has-inline-color has-vivid-red-color\">Refleksja<\/span><\/h2>\n\n\n\n<p><strong>Kazimiera I\u0142\u0142akowicz\u00f3wna<\/strong><\/p>\n\n\n\n<p><em><strong>\u015amier\u0107 \u015awi\u0119tego Szczepana<\/strong><\/em><\/p>\n\n\n\n<p>A kt\u00f3\u017c mu za m\u0119ki zap\u0142aci?<br>Szczepana wywiedli kaci<br>na miejsce wysokie, osobne,<br>bardzo Golgocie podobne.<br>Ju\u017c ci\u0119zkie leca kamienie,<br>ju\u017c ranny w bok, ranny w ciemi\u0119.<br>A Szawe\u0142 na uboczu siad\u0142 i, pilnuj\u0105c,<br>przytrzymuje \u2013 kat\u00f3w pozdejmowane odzienie.<\/p>\n\n\n\n<p><em><strong>\u201cIntencje serca\u201d, Pozna\u0144 1985, str. 615.<\/strong><\/em><\/p>\n\n\n<div class=\"wp-block-image\">\n<figure class=\"alignleft size-large is-resized\"><a href=\"https:\/\/commons.wikimedia.org\/wiki\/File:Carracci,_Annibale_-_The_Stoning_of_St_Stephen_-_1603-04.jpg\" target=\"_blank\" rel=\"noopener noreferrer\"><img loading=\"lazy\" decoding=\"async\" width=\"350\" height=\"267\" src=\"https:\/\/poezjaiewangelia.pl\/wp-content\/uploads\/2015\/12\/4eb1c8dd71bae074413cf64b5012978f-e1461937945838.jpg\" alt=\"Annibal Carraci Ukamienowanie \u015aw. Szczepana\" class=\"wp-image-2673\" style=\"width:452px;height:345px\" title=\"Annibal Carraci Ukamienowanie \u015aw. Szczepana\"\/><\/a><figcaption class=\"wp-element-caption\"><center><em>Annibal Carraci Ukamienowanie \u015aw. Szczepana<\/em><\/center><\/figcaption><\/figure>\n<\/div>\n\n\n<p><strong>Wac\u0142aw Oszajca<\/strong><\/p>\n\n\n\n<p><em><strong>szalom<\/strong><\/em><\/p>\n\n\n\n<p>Jeruzalem biegnie po g\u00f3rach<br>lekkim krokiem okr\u0105\u017ca doliny i \u017ar\u00f3d\u0142a<br>w l\u015bnieniach \u015bwiate\u0142<br>w muzyce wiatru aut dyskotek ta\u0144czy<br>Pan pob\u0142ogos\u0142awi\u0142<br>istnieje<br>Najwy\u017cszy przepu\u015bci\u0142 swojemu miastu<br>ta\u0144czy<\/p>\n\n\n\n<p>tylko ludzie przebaczy\u0107 nie chc\u0105<br>nie umiej\u0105<\/p>\n\n\n\n<p><em><strong>\u00abReszta wi\u0119ksza od ca\u0142o\u015bci\u00bb, Warszawa 2003, str. 52<\/strong><\/em><\/p>\n\n\n\n<hr class=\"wp-block-separator has-text-color has-luminous-vivid-amber-color has-css-opacity has-luminous-vivid-amber-background-color has-background is-style-dots\"\/>\n\n\n\n<p class=\"has-text-align-center\"><a href=\"https:\/\/poezjaiewangelia.pl\/?page_id=4069#Gora\"><span style=\"color:#1e73be\" class=\"has-inline-color\">Do g\u00f3ry<\/span><\/a><\/p>\n","protected":false},"excerpt":{"rendered":"<p>Powr\u00f3t do Bo\u017ce Narodzenie, \u00a0Powr\u00f3t do \u015awi\u0119ta BN, Powr\u00f3t do Linki Ewangelia: Mt 10, 17 \u2013 22; Zapowied\u017a prze\u015bladowa\u0144 17\u00a0Miejcie si\u0119 na baczno\u015bci przed lud\u017ami! B\u0119d\u0105 was wydawa\u0107 s\u0105dom i w swych synagogach b\u0119d\u0105 was biczowa\u010718 Nawet przed namiestnik\u00f3w i kr\u00f3l\u00f3w b\u0119d\u0105 was wodzi\u0107 z mego powodu, na \u015bwiadectwo im i poganom.19\u00a0Kiedy was wydadz\u0105, nie &hellip; <a href=\"https:\/\/poezjaiewangelia.pl\/?page_id=4069\" class=\"more-link\">Czytaj dalej <span class=\"screen-reader-text\">\u015awi\u0119to \u015aw. Szczepana, pierwszego m\u0119czennika rok ABC; (26.12.)<\/span><\/a><\/p>\n","protected":false},"author":1,"featured_media":0,"parent":446,"menu_order":3,"comment_status":"closed","ping_status":"closed","template":"","meta":{"_monsterinsights_skip_tracking":false,"_monsterinsights_sitenote_active":false,"_monsterinsights_sitenote_note":"","_monsterinsights_sitenote_category":0,"footnotes":""},"class_list":["post-4069","page","type-page","status-publish","hentry"],"aioseo_notices":[],"_links":{"self":[{"href":"https:\/\/poezjaiewangelia.pl\/index.php?rest_route=\/wp\/v2\/pages\/4069","targetHints":{"allow":["GET"]}}],"collection":[{"href":"https:\/\/poezjaiewangelia.pl\/index.php?rest_route=\/wp\/v2\/pages"}],"about":[{"href":"https:\/\/poezjaiewangelia.pl\/index.php?rest_route=\/wp\/v2\/types\/page"}],"author":[{"embeddable":true,"href":"https:\/\/poezjaiewangelia.pl\/index.php?rest_route=\/wp\/v2\/users\/1"}],"replies":[{"embeddable":true,"href":"https:\/\/poezjaiewangelia.pl\/index.php?rest_route=%2Fwp%2Fv2%2Fcomments&post=4069"}],"version-history":[{"count":33,"href":"https:\/\/poezjaiewangelia.pl\/index.php?rest_route=\/wp\/v2\/pages\/4069\/revisions"}],"predecessor-version":[{"id":10593,"href":"https:\/\/poezjaiewangelia.pl\/index.php?rest_route=\/wp\/v2\/pages\/4069\/revisions\/10593"}],"up":[{"embeddable":true,"href":"https:\/\/poezjaiewangelia.pl\/index.php?rest_route=\/wp\/v2\/pages\/446"}],"wp:attachment":[{"href":"https:\/\/poezjaiewangelia.pl\/index.php?rest_route=%2Fwp%2Fv2%2Fmedia&parent=4069"}],"curies":[{"name":"wp","href":"https:\/\/api.w.org\/{rel}","templated":true}]}}