{"id":4072,"date":"2018-10-19T19:53:59","date_gmt":"2018-10-19T19:53:59","guid":{"rendered":"https:\/\/poezjaiewangelia.pl\/?page_id=4072"},"modified":"2022-07-12T16:38:20","modified_gmt":"2022-07-12T15:38:20","slug":"uroczystosc-swietej-bozej-rodzicielki-maryi-rok-a-b-c-01-01","status":"publish","type":"page","link":"https:\/\/poezjaiewangelia.pl\/?page_id=4072","title":{"rendered":"Uroczysto\u015b\u0107 \u015awi\u0119tej Bo\u017cej Rodzicielki Maryi rok ABC; (01.01.)"},"content":{"rendered":"<div class=\"wp-block-image\">\n<figure class=\"alignright size-large\"><img loading=\"lazy\" decoding=\"async\" width=\"150\" height=\"150\" src=\"https:\/\/poezjaiewangelia.pl\/wp-content\/uploads\/2018\/10\/R\u00f3\u017ca-bia\u0142a-e1592148272533.png\" alt=\"Kolor szat\" class=\"wp-image-4591\"\/><figcaption>Kolor szat<\/figcaption><\/figure>\n<\/div>\n\n\n<p><a href=\"https:\/\/poezjaiewangelia.pl\/?page_id=55#S55\"><span style=\"color: #1e73be;\">Powr\u00f3t do Bo\u017ce Narodzenie,<\/span><\/a> <a id=\"Gora\"><\/a> <a href=\"https:\/\/poezjaiewangelia.pl\/?page_id=446#S446\"><span style=\"color: #1e73be;\">Powr\u00f3t do \u015awi\u0119ta BN,<\/span><\/a> <a id=\"S4072\"><\/a><span style=\"color: #1e73be;\"> <a style=\"color: #1e73be;\" href=\"https:\/\/poezjaiewangelia.pl\/?page_id=703#S703\">Powr\u00f3t do Linki<\/a><\/span><\/p>\n\n\n\n\n<div class=\"wp-block-image\">\n<figure class=\"alignleft size-full\"><a href=\"http:\/\/www.wga.hu\/framex-e.html?file=html\/d\/durer\/1\/08\/1pear.html&amp;find=The+Little+Child+Jesus\" target=\"_blank\" rel=\"noreferrer noopener\"><img loading=\"lazy\" decoding=\"async\" width=\"100\" height=\"131\" src=\"https:\/\/poezjaiewangelia.pl\/wp-content\/uploads\/2022\/06\/Albrecht-DURER-Madonna-z-Jezusem-i-gruszka.jpg\" alt=\"\" class=\"wp-image-9735\"\/><\/a><\/figure>\n<\/div>\n\n\n<hr class=\"wp-block-separator has-text-color has-luminous-vivid-amber-color has-css-opacity has-luminous-vivid-amber-background-color has-background is-style-dots\"\/>\n\n\n\n<p><strong>Ewangelia: \u0141k 2, 16 \u2013 21;<\/strong><\/p>\n\n\n\n<hr class=\"wp-block-separator has-text-color has-luminous-vivid-amber-color has-css-opacity has-luminous-vivid-amber-background-color has-background is-style-dots\"\/>\n\n\n\n<h2 class=\"wp-block-heading\"><span style=\"background-color:rgba(0, 0, 0, 0)\" class=\"has-inline-color has-vivid-red-color\">S\u0142owo Bo\u017ce<\/span><\/h2>\n\n\n<div class=\"wp-block-image\">\n<figure class=\"alignright size-large is-resized\"><a href=\"https:\/\/commons.wikimedia.org\/wiki\/File:Abraham_Bloemaert_-_Adoration_of_the_Shepherds_-_WGA2270.jpg?uselang=pl\" target=\"_blank\" rel=\"noopener noreferrer\"><img loading=\"lazy\" decoding=\"async\" src=\"https:\/\/poezjaiewangelia.pl\/wp-content\/uploads\/2015\/12\/Abraham-Bloemaert-Adoracja-pasterzy-e1461937970478.jpg\" alt=\"Abraham Bloemaert Adoracja pasterzy\" class=\"wp-image-2674\" width=\"412\" height=\"300\" title=\"Abraham Bloemaert Adoracja pasterzy\"\/><\/a><figcaption><center><em>Abraham Bloemaert Adoracja pasterzy<\/em><\/center><\/figcaption><\/figure>\n<\/div>\n\n\n<p><strong>Pasterze u \u017c\u0142\u00f3bka<\/strong><\/p>\n<p><span style=\"color: #993300;\"><strong>16 Udali si\u0119 te\u017c z po\u015bpiechem i znale\u017ali Maryj\u0119, J\u00f3zefa i Niemowl\u0119, le\u017c\u0105ce w \u017c\u0142obie.<\/strong><\/span><br \/><span style=\"color: #993300;\"><strong>17 Gdy Je ujrzeli, opowiedzieli o tym, co im zosta\u0142o objawione o tym Dzieci\u0119ciu.<\/strong><\/span><br \/><span style=\"color: #993300;\"><strong>18 A wszyscy, kt\u00f3rzy to s\u0142yszeli, dziwili si\u0119 temu, co im pasterze opowiadali.<\/strong><\/span><br \/><span style=\"color: #993300;\"><strong>19 Lecz Maryja zachowywa\u0142a wszystkie te sprawy i rozwa\u017ca\u0142a je w swoim sercu.<\/strong><\/span><br \/>20 A pasterze wr\u00f3cili, wielbi\u0105c i wys\u0142awiaj\u0105c Boga za wszystko, co s\u0142yszeli i widzieli, jak im to by\u0142o powiedziane.<\/p>\n<p><strong>Obrzezanie\u00a0<\/strong><\/p>\n<p>21 Gdy nadszed\u0142 dzie\u0144 \u00f3smy i nale\u017ca\u0142o obrzeza\u0107 Dzieci\u0119, nadano Mu imi\u0119 Jezus, kt\u00f3rym Je nazwa\u0142 anio\u0142, zanim si\u0119 pocz\u0119\u0142o w \u0142onie [Matki].<\/p>\n\n\n\n<h2 class=\"wp-block-heading\"><span style=\"background-color:rgba(0, 0, 0, 0)\" class=\"has-inline-color has-vivid-red-color\">Refleksja<\/span><\/h2>\n\n\n\n<p><strong>Jan Twardowski<\/strong><\/p>\n\n\n\n<p><em><strong>Mamusia<\/strong><\/em><\/p>\n\n\n\n<p>\u015awi\u0119ty J\u00f3zef za\u0142ama\u0142 r\u0119ce,<br>denerwuj\u0105 si\u0119 w niebie \u015bwi\u0119ci,<br>teraz id\u0105 ju\u017c nie Trzej M\u0119drcy,<br>lecz uczeni, doktorzy, docenci.<\/p>\n\n\n\n<p>Teraz wszystko ca\u0142kiem inaczej,<br>to, co stare odesz\u0142o, min\u0119\u0142o,<br>zamiast z\u0142ota nios\u0105 dolary,<br>zamiast kadzid\u0142a \u2013 komputer,<br>zamiast mirry \u2013 video.<\/p>\n\n\n\n<p>\u2013 ach te czasy \u2013 my\u015bli Pan Jezus \u2013<br>nawet gwiazda troch\u0119 zwariowa\u0142a,<br>ale nic si\u0119 ju\u017c nie zawali,<br>bo wci\u0105\u017c Mamusia ta sama.<\/p>\n\n\n\n<p><em><strong>\u201cNoc Szcz\u0119\u015bliwego Rozwi\u0105zania\u201d, Pozna\u0144 1995, str. 83<\/strong><\/em><\/p>\n\n\n<div class=\"wp-block-image\">\n<figure class=\"alignright size-large is-resized\"><a href=\"https:\/\/www.wga.hu\/frames-e.html?\/html\/l\/leonardo\/05copies\/2yarnwi1.html\" target=\"_blank\" rel=\"noopener noreferrer\"><img loading=\"lazy\" decoding=\"async\" src=\"https:\/\/poezjaiewangelia.pl\/wp-content\/uploads\/2015\/12\/5bef4590ee48048602d539eb45e30df9-e1461938004673.jpg\" alt=\"Leonardo da Vinci Madonna z k\u0105dziel\u0105\" class=\"wp-image-2676\" width=\"380\" height=\"313\" title=\"Leonardo da Vinci Madonna z k\u0105dziel\u0105\"\/><\/a><figcaption><center><em>Leonardo da Vinci Madonna z k\u0105dziel\u0105<\/em><\/center><\/figcaption><\/figure>\n<\/div>\n\n\n<p><strong>Jan Twardowski<\/strong><\/p>\n\n\n\n<p><em><strong>W kropki zielone<\/strong><\/em><\/p>\n\n\n\n<p>Nie malujcie Matki Bo\u017cej w stajence betlejemskiej<\/p>\n\n\n\n<p>stale tylko na niebiesko i r\u00f3\u017cowo<br>z niebieskimi oczami<br>ni to ni owo<br>Tyle by\u0142o wtedy w Betlejem z\u0142otego nieba<br>anio\u0142\u00f3w bia\u0142ych w oknie<br>pstrokatych pastuszk\u00f3w za progiem<\/p>\n\n\n\n<p>Za\u0142o\u017c\u0119 si\u0119, \u017ce kto\u015b .wiece zapali\u0142<br>przed br\u0105zowym \u017c\u0142\u00f3bkiem<br>jak czerwon\u0105 lampk\u0119 przed Bogiem<\/p>\n\n\n\n<p>Osio\u0142ek podskakiwa\u0142 na czarnych kopytkach<br>w\u00f3\u0142 sepleni\u0142 w fioletowym cieniu<br>\u015bwi\u0119ty J\u00f3zef rudych prorok\u00f3w<br>k\u0105pa\u0142 w srebrnym strumieniu<\/p>\n\n\n\n<p>\u2013 Nim Ci Mamusiu \u2013 my\u015bla\u0142 Jezus \u2013<br>kupi\u0105 koron\u0119<br>lepiej Ci w zwyk\u0142ej szarej bluzce<br>w kropki zielone<\/p>\n\n\n\n<p><em><strong>\u201cNoc Szcz\u0119\u015bliwego Rozwi\u0105zania\u201d, Pozna\u0144 1995, str. 30<\/strong><\/em><\/p>\n\n\n\n<p><strong>Jan Twardowski<\/strong><\/p>\n\n\n\n<p><em><strong>O prostym pacierzu<\/strong><\/em><\/p>\n\n\n\n<p>W\u0142a\u015bnie w Betlejem wje\u017cd\u017cali<br>w groty niemalowane wrota \u2013<br>osio\u0142ek si\u0119 zacz\u0105\u0142 trz\u0105\u015b\u0107 jak w kokluszu \u2013<br>zl\u0105k\u0142 si\u0119 kapitalistycznego z\u0142ota.<\/p>\n\n\n\n<p>\u015awi\u0119ty J\u00f3zef podni\u00f3s\u0142 brwi \u2013<\/p>\n\n\n\n<p>Betlejem sta\u0142o si\u0119 pe\u0142ne<br>m\u0119drc\u00f3w<br>psycholog\u00f3w<br>astronom\u00f3w<br>kontemplatyk\u00f3w porwanych a\u017c tak do si\u00f3dmego nieba \u2013<br>\u017ce zapomnieli o imieninach mamusi<br>o j\u0119zyku w bucie<br>o kruszynie dla wr\u00f3bli chleba<\/p>\n\n\n\n<p>Wielb\u0142\u0105dy bi\u0142y kopytami i zamienia\u0142y<br>Ziemi\u0119 \u015awi\u0119t\u0105 w grzechotk\u0119 \u2013<br>w\u00f3\u0142 si\u0119 chwia\u0142 \u2013 jakby sta\u0142 na biegunach \u2013<br>a Matka Boska rzek\u0142a do \u015bwi\u0119tego J\u00f3zefa<br>\u2013 Nie wpuszczaj.<\/p>\n\n\n\n<p>Niech im ksi\u0119\u017cyc przypnie po srebrnej \u0142acie \u2013<br>niech czekaj\u0105 \u2013 p\u00f3ki najmniejszy z pasterzy<br>sko\u0144czy m\u00f3wi\u0107 zwyk\u0142y pacierz.<\/p>\n\n\n\n<p><em><strong>\u00abNoc Szcz\u0119\u015bliwego Rozwi\u0105zania\u00bb, Pozna\u0144 1995, str. 61<\/strong><\/em><\/p>\n\n\n<div class=\"wp-block-image\">\n<figure class=\"alignleft size-large is-resized\"><a href=\"https:\/\/www.wga.hu\/frames-e.html?\/html\/r\/raphael\/2firenze\/1\/32prato.html\" target=\"_blank\" rel=\"noopener noreferrer\"><img loading=\"lazy\" decoding=\"async\" src=\"https:\/\/poezjaiewangelia.pl\/wp-content\/uploads\/2015\/12\/Rafael-Santi-Madonna-del-Prato-e1461938027209.jpg\" alt=\"Rafael Santi Madonna del Prato\" class=\"wp-image-2675\" width=\"316\" height=\"399\" title=\"Rafael Santi Madonna del Prato\"\/><\/a><figcaption><center><em>Rafael Santi Madonna del Prato<\/em><\/center><\/figcaption><\/figure>\n<\/div>\n\n\n<hr class=\"wp-block-separator has-text-color has-luminous-vivid-amber-color has-css-opacity has-luminous-vivid-amber-background-color has-background is-style-dots\"\/>\n\n\n\n<p><strong>Jan Twardowski<\/strong><\/p>\n\n\n\n<p><em><strong>Tyle wiek\u00f3w<\/strong><\/em><\/p>\n\n\n\n<p>Pochwalono chrze\u015bcija\u0144stwo \u017ce tak d\u0142ugo ros\u0142o<br>m\u00f3j Bo\u017ce tyle wiek\u00f3w<br>nawet \u015bwi\u0119ci Twoi co poczernieli ze starymi deszczami<br>jak turkusy umieraj\u0105c zieleniej\u0105<br>a ono pobieg\u0142o do Matki Naj\u015bwi\u0119tszej<br>graj\u0105cej ma\u0142emu Jezusowi na laskowym orzechu<br>ubogiej \u2013 jak w grottgerowskiej burce<br>tak prawdziwej \u2013 \u017ce ju\u017c bez powrotu<\/p>\n\n\n\n<p>i skar\u017cy\u0142o si\u0119 do ucha<br>\u017ce si\u0119 jeszcze na dobre nie zacz\u0119\u0142o<\/p>\n\n\n\n<p><em><strong>\u201cNoc Szcz\u0119\u015bliwego Rozwi\u0105zania\u201d, Pozna\u0144 1995, str. 72<\/strong><\/em><\/p>\n\n\n\n<hr class=\"wp-block-separator has-text-color has-luminous-vivid-amber-color has-css-opacity has-luminous-vivid-amber-background-color has-background is-style-dots\"\/>\n\n\n\n<hr class=\"wp-block-separator has-text-color has-luminous-vivid-amber-color has-css-opacity has-luminous-vivid-amber-background-color has-background is-style-dots\"\/>\n\n\n\n<p class=\"has-text-align-center\"><a href=\"https:\/\/poezjaiewangelia.pl\/?page_id=4072#Gora\"><span style=\"color:#1e73be\" class=\"has-inline-color\">Do g\u00f3ry<\/span><\/a><\/p>\n","protected":false},"excerpt":{"rendered":"<p>Powr\u00f3t do Bo\u017ce Narodzenie, Powr\u00f3t do \u015awi\u0119ta BN, Powr\u00f3t do Linki Ewangelia: \u0141k 2, 16 \u2013 21; Pasterze u \u017c\u0142\u00f3bka 16 Udali si\u0119 te\u017c z po\u015bpiechem i znale\u017ali Maryj\u0119, J\u00f3zefa i Niemowl\u0119, le\u017c\u0105ce w \u017c\u0142obie.17 Gdy Je ujrzeli, opowiedzieli o tym, co im zosta\u0142o objawione o tym Dzieci\u0119ciu.18 A wszyscy, kt\u00f3rzy to s\u0142yszeli, dziwili si\u0119 &hellip; <a href=\"https:\/\/poezjaiewangelia.pl\/?page_id=4072\" class=\"more-link\">Czytaj dalej <span class=\"screen-reader-text\">Uroczysto\u015b\u0107 \u015awi\u0119tej Bo\u017cej Rodzicielki Maryi rok ABC; (01.01.)<\/span><\/a><\/p>\n","protected":false},"author":1,"featured_media":0,"parent":446,"menu_order":4,"comment_status":"closed","ping_status":"closed","template":"","meta":{"_monsterinsights_skip_tracking":false,"_monsterinsights_sitenote_active":false,"_monsterinsights_sitenote_note":"","_monsterinsights_sitenote_category":0,"footnotes":""},"class_list":["post-4072","page","type-page","status-publish","hentry"],"aioseo_notices":[],"_links":{"self":[{"href":"https:\/\/poezjaiewangelia.pl\/index.php?rest_route=\/wp\/v2\/pages\/4072","targetHints":{"allow":["GET"]}}],"collection":[{"href":"https:\/\/poezjaiewangelia.pl\/index.php?rest_route=\/wp\/v2\/pages"}],"about":[{"href":"https:\/\/poezjaiewangelia.pl\/index.php?rest_route=\/wp\/v2\/types\/page"}],"author":[{"embeddable":true,"href":"https:\/\/poezjaiewangelia.pl\/index.php?rest_route=\/wp\/v2\/users\/1"}],"replies":[{"embeddable":true,"href":"https:\/\/poezjaiewangelia.pl\/index.php?rest_route=%2Fwp%2Fv2%2Fcomments&post=4072"}],"version-history":[{"count":32,"href":"https:\/\/poezjaiewangelia.pl\/index.php?rest_route=\/wp\/v2\/pages\/4072\/revisions"}],"predecessor-version":[{"id":9947,"href":"https:\/\/poezjaiewangelia.pl\/index.php?rest_route=\/wp\/v2\/pages\/4072\/revisions\/9947"}],"up":[{"embeddable":true,"href":"https:\/\/poezjaiewangelia.pl\/index.php?rest_route=\/wp\/v2\/pages\/446"}],"wp:attachment":[{"href":"https:\/\/poezjaiewangelia.pl\/index.php?rest_route=%2Fwp%2Fv2%2Fmedia&parent=4072"}],"curies":[{"name":"wp","href":"https:\/\/api.w.org\/{rel}","templated":true}]}}