{"id":4123,"date":"2018-10-20T15:28:23","date_gmt":"2018-10-20T15:28:23","guid":{"rendered":"https:\/\/poezjaiewangelia.pl\/?page_id=4123"},"modified":"2022-07-12T17:06:20","modified_gmt":"2022-07-12T16:06:20","slug":"druga-niedziela-po-bozym-narodzeniu-miedzy-2-i-5-stycznia","status":"publish","type":"page","link":"https:\/\/poezjaiewangelia.pl\/?page_id=4123","title":{"rendered":"Druga Niedziela po Bo\u017cym Narodzeniu (mi\u0119dzy 2 i 5.01.) rok ABC;"},"content":{"rendered":"<div class=\"wp-block-image\">\n<figure class=\"alignright size-large\"><img loading=\"lazy\" decoding=\"async\" width=\"150\" height=\"150\" src=\"https:\/\/poezjaiewangelia.pl\/wp-content\/uploads\/2018\/10\/R\u00f3\u017ca-bia\u0142a-e1592148272533.png\" alt=\"Kolor szat\" class=\"wp-image-4591\"\/><figcaption>Kolor szat<\/figcaption><\/figure>\n<\/div>\n\n\n<p><span style=\"color: #1e73be;\"><a style=\"color: #1e73be;\" href=\"https:\/\/poezjaiewangelia.pl\/?page_id=55#S55\">Powr\u00f3t do Bo\u017ce Narodzenie,<\/a>&nbsp;<\/span><a id=\"S4123\"><\/a> <a href=\"https:\/\/poezjaiewangelia.pl\/?page_id=347#S347\"><span style=\"color: #1e73be;\">Powr\u00f3t do Niedziele BN,<\/span><\/a> <a id=\"Gora\"><\/a><span style=\"color: #1e73be;\"><a style=\"color: #1e73be;\" href=\"https:\/\/poezjaiewangelia.pl\/?page_id=703#S703\"> Powr\u00f3t do Linki<\/a>&nbsp;<\/span>&nbsp;<\/p>\n\n\n<div class=\"wp-block-image\">\n<figure class=\"alignleft size-full\"><a href=\"http:\/\/iconoskiko.blogspot.com\/p\/iconos-de-kiko-arguello.html\" target=\"_blank\" rel=\"noopener noreferrer\"><img loading=\"lazy\" decoding=\"async\" width=\"100\" height=\"125\" src=\"https:\/\/poezjaiewangelia.pl\/wp-content\/uploads\/2022\/06\/Kiko-Arguello-Swieta-Rodzina.jpg\" alt=\"\" class=\"wp-image-9721\" title=\"Kiko Arg\u00fcello \u015awi\u0119ta Rodzina\"\/><\/a><\/figure>\n<\/div>\n\n\n<hr class=\"wp-block-separator has-text-color has-luminous-vivid-amber-color has-css-opacity has-luminous-vivid-amber-background-color has-background is-style-dots\"\/>\n\n\n\n<p><strong>Ewangelia: J 1, 1 \u2013 18;<\/strong><\/p>\n\n\n\n<hr class=\"wp-block-separator has-text-color has-luminous-vivid-amber-color has-css-opacity has-luminous-vivid-amber-background-color has-background is-style-dots\"\/>\n\n\n\n<h2 class=\"wp-block-heading\"><span style=\"background-color:rgba(0, 0, 0, 0)\" class=\"has-inline-color has-vivid-red-color\">S\u0142owo Bo\u017ce<\/span><\/h2>\n\n\n<div class=\"wp-block-image\">\n<figure class=\"alignleft size-large is-resized\"><a href=\"https:\/\/www.wga.hu\/frames-e.html?\/html\/a\/andrea\/sarto\/3\/madglory.html\" target=\"_blank\" rel=\"noopener noreferrer\"><img loading=\"lazy\" decoding=\"async\" src=\"https:\/\/poezjaiewangelia.pl\/wp-content\/uploads\/2015\/12\/Andrea-del-Sarto-Dziewica-w-glorii-e1461939643514.jpg\" alt=\"Andrea del Sarto Dziewica w glorii\" class=\"wp-image-2623\" width=\"331\" height=\"411\" title=\"Andrea del Sarto Dziewica w glorii\"\/><\/a><figcaption><center><em>Andrea del Sarto Dziewica w glorii<\/em><\/center><\/figcaption><\/figure>\n<\/div>\n\n\n<p><strong>Prolog\u00a0<\/strong><\/p>\n<p>1 Na pocz\u0105tku by\u0142o S\u0142owo a S\u0142owo by\u0142o u Boga, i Bogiem by\u0142o S\u0142owo.<br \/>2 Ono by\u0142o na pocz\u0105tku u Boga.<br \/>3 Wszystko przez Nie si\u0119 sta\u0142o, a bez Niego nic si\u0119 nie sta\u0142o, co si\u0119 sta\u0142o.<br \/>4 W Nim by\u0142o \u017cycie, a \u017cycie by\u0142o \u015bwiat\u0142o\u015bci\u0105 ludzi,<br \/>5 a \u015bwiat\u0142o\u015b\u0107 w ciemno\u015bci \u015bwieci i ciemno\u015b\u0107 jej nie ogarn\u0119\u0142a.<br \/>6 Pojawi\u0142 si\u0119 cz\u0142owiek pos\u0142any przez Boga \u2013 Jan mu by\u0142o na imi\u0119.<br \/>7 Przyszed\u0142 on na \u015bwiadectwo, aby za\u015bwiadczy\u0107 o \u015bwiat\u0142o\u015bci, by wszyscy uwierzyli przez niego.<br \/>8 Nie by\u0142 on \u015bwiat\u0142o\u015bci\u0105, lecz [pos\u0142anym], aby za\u015bwiadczy\u0107 o \u015bwiat\u0142o\u015bci.<br \/><span style=\"color: #993300;\"><strong>9 By\u0142a \u015bwiat\u0142o\u015b\u0107 prawdziwa, kt\u00f3ra o\u015bwieca ka\u017cdego cz\u0142owieka, gdy na \u015bwiat przychodzi.<\/strong><\/span><br \/><span style=\"color: #993300;\"><strong>10 Na \u015bwiecie by\u0142o [S\u0142owo], a \u015bwiat sta\u0142 si\u0119 przez Nie, lecz \u015bwiat Go nie pozna\u0142.<\/strong><\/span><br \/><span style=\"color: #993300;\"><strong>11 Przysz\u0142o do swojej w\u0142asno\u015bci, a swoi Go nie przyj\u0119li.<\/strong><\/span><br \/><span style=\"color: #993300;\"><strong>12 Wszystkim tym jednak, kt\u00f3rzy Je przyj\u0119li, da\u0142o moc, aby si\u0119 stali dzie\u0107mi Bo\u017cymi, tymI, kt\u00f3rzy wierz\u0105 w imi\u0119 Jego \u2013<\/strong><\/span><br \/><span style=\"color: #993300;\"><strong>13 kt\u00f3rzy ani z krwi, ani z \u017c\u0105dzy cia\u0142a, ani z woli m\u0119\u017ca, ale z Boga si\u0119 narodzili.<\/strong><\/span><br \/>14 A S\u0142owo sta\u0142o si\u0119 cia\u0142em i zamieszka\u0142o w\u015br\u00f3d nas. I ogl\u0105dali\u015bmy Jego chwa\u0142\u0119, chwa\u0142\u0119, jak\u0105 Jednorodzony otrzymuje od Ojca, pe\u0142en \u0142aski i prawdy.<br \/>15 Jan daje o Nim \u015bwiadectwo i g\u0142o\u015bno wo\u0142a w s\u0142owach: \u00abTen by\u0142, o kt\u00f3rym powiedzia\u0142em: Ten, kt\u00f3ry po mnie idzie, przewy\u017cszy\u0142 mnie godno\u015bci\u0105, gdy\u017c by\u0142 wcze\u015bniej ode mnie\u00bb.<br \/>16 Z Jego pe\u0142no\u015bci wszyscy\u015bmy otrzymali \u2013 \u0142ask\u0119 po \u0142asce.<br \/>17 Podczas gdy Prawo zosta\u0142o nadane przez Moj\u017cesza, \u0142aska i prawda przysz\u0142y przez Jezusa Chrystusa.<br \/>18 Boga nikt nigdy nie widzia\u0142, Ten Jednorodzony B\u00f3g, kt\u00f3ry jest w \u0142onie Ojca, [o Nim] pouczy\u0142.<\/p>\n\n\n\n<h2 class=\"wp-block-heading\"><span style=\"background-color:rgba(0, 0, 0, 0)\" class=\"has-inline-color has-vivid-red-color\">Refleksja<\/span><\/h2>\n\n\n\n<p><strong>Julian Tuwim<\/strong><\/p>\n\n\n\n<p><em><strong>Chrystus<\/strong><\/em><\/p>\n\n\n\n<p>Nie skar\u017c\u0119 si\u0119 m\u00f3j Ojcze, nie skar\u017c\u0119 si\u0119 m\u00f3j Panie,<br>I\u017ce\u015b da\u0142 sercu memu to smutne mi\u0142owanie.<\/p>\n\n\n\n<p>Nie skar\u017c\u0119 si\u0119 m\u00f3j Ojcze, \u017ce tak samotnie chodz\u0119,<br>\u017bem si\u0119 ju\u017c wielce znu\u017cy\u0142 na tej ciernistej drodze.<\/p>\n\n\n\n<p>Obchodz\u0119 chaty z wie\u015bci\u0105: \u201cZbli\u017ca si\u0119 z \u0142aski Nieba\u201d<br>A ludzie m\u00f3wi\u0105: \u201cZ Bogiem\u2026\u201d I daj\u0105 kromk\u0119 chleba.<\/p>\n\n\n\n<p>Czyli s\u0105 s\u0142owa moje tak bardzo niepoj\u0119te?<br>Nie widz\u0105, \u017ce si\u0119 zbli\u017ca Kr\u00f3lestwo Twoje \u015bwi\u0119te.<\/p>\n\n\n\n<p>Nie widz\u0105, \u017ce niebiosa rozwar\u0142y si\u0119 narodom,<br>Nie wierz\u0105, cho\u0107 im prawi\u0119 z rado\u015bci\u0105 i z pogod\u0105\u2026<\/p>\n\n\n\n<p>Lecz si\u0119 nie skar\u017c\u0119 Panie, \u017ce tak strapiony chodz\u0119,<br>\u017be nie ma, nie ma kresu ciernistej mojej drodze.<\/p>\n\n\n\n<p>Ptaszkowie maj\u0105 gniazdka i liszki maj\u0105 schowy<br>I tylko Syn Cz\u0142owieczy nie ma gdzie sk\u0142oni\u0107 g\u0142owy.<\/p>\n\n\n\n<p>Lecz to nie skarga Panie\u2026Spraw jeno w bliskim cudzie,<br>I\u017cby mnie zrozumieli ci dobrzy cisi ludzie<\/p>\n\n\n\n<p><em><strong>\u201d Dzie\u0142a\u201d, Warszawa 1955,T.1, str.68.<\/strong><\/em><\/p>\n\n\n\n<p><strong>Miko\u0142aj Bieszczadowski<\/strong><\/p>\n\n\n\n<p><em><strong>Negro spirituals<\/strong><\/em><\/p>\n\n\n\n<p><em><strong>W ciemno\u015bciach wo\u0142am<\/strong><\/em><\/p>\n\n\n\n<p>W ciemno\u015bciach wo\u0142am z wszystkich si\u0142<br>O Panie \u2014<br>z\u0105b rekina przedziurawi\u0142 moj\u0105 kruch\u0105 \u0142\u00f3d\u017a<br>O Panie<br>burza kr\u0105\u017cy nade mn\u0105 jak drapie\u017cny s\u0119p<br>O Panie<br>wszyscy odeszli \u2014 moje dziecko umiera na zapalenie p\u0142uc<br>O Panie<br>lewe oko wyp\u0142yn\u0119\u0142o mi pod ciosem pi\u0119\u015bci wroga<br>a w prawym gnie\u017adzi si\u0119 teraz czarny kruk<br>O Panie<br>moje r\u0119ce te\u017c \u015blepe \u2014 potykam si\u0119 o pr\u00f3g<br>i macam doko\u0142a<br>O Panie<br>przebudzony w\u015br\u00f3d takiej nocy upadn\u0119 w d\u00f3\u0142<br>O Panie<br>w ciemno\u015bciach wo\u0142am z wszystkich si\u0142 o pomoc<br>Panie m\u00f3j!<br>Zr\u00f3b \u017ceby by\u0142o jasno \u2014 \u017ceby znowu by\u0142o jasno<br>Bo Ty jeste\u015b jasno\u015bci\u0105<br>Jasno\u015bci\u0105 \u2014 jasno\u015bci\u0105 \u2014<br>w ciemno\u015bciach wo\u0142am<\/p>\n\n\n\n<p><em><strong>\u00abZ g\u0142\u0119boko\u015bci\u2026Antologia polskiej modlitwy poetyckiej\u00bb, T. 2, Warszawa 1974, str. 352<\/strong><\/em><\/p>\n\n\n<div class=\"wp-block-image\">\n<figure class=\"alignright size-large is-resized\"><a href=\"https:\/\/www.wga.hu\/frames-e.html?\/html\/l\/leonardo\/01\/6carnat.html\" target=\"_blank\" rel=\"noopener noreferrer\"><img loading=\"lazy\" decoding=\"async\" src=\"https:\/\/poezjaiewangelia.pl\/wp-content\/uploads\/2015\/12\/efce6a32cce4d8e2e79fced18aca986e-e1461939685668.jpg\" alt=\"Leonardo da Vinci Madonna z go\u017adzikiem\" class=\"wp-image-2624\" width=\"309\" height=\"407\" title=\"Leonardo da Vinci Madonna z go\u017adzikiem\"\/><\/a><figcaption><center><em>Leonardo da Vinci Madonna z go\u017adzikiem<\/em><\/center><\/figcaption><\/figure>\n<\/div>\n\n\n<p><strong>J\u00f3zef Bohdan Zaleski<\/strong><\/p>\n\n\n\n<p><em><strong>W niesko\u0144czono\u015bciach.<\/strong><\/em><\/p>\n\n\n\n<p>W niesko\u0144czono\u015bciach utajony Bo\u017ce!<br>Ty, co prowadzisz wszech\u015bwiata ogromy<br>W bezbrze\u017cach czas\u00f3w \u2014 jako swe podno\u017ce,<br>Wszechmocny, wieczny, gro\u017any, niewidomy,<br>Ciebie pochwali\u0107 nie zdola niestety! \u2014<br>Wieszcz ni wieszczowie wszyscy tej planety.<\/p>\n\n\n\n<p>Gdy wzrok niekiedy na gwiazd\u0119 uczepi\u0119<br>I my\u015bl\u0105 wierci\u0107 poczn\u0119 g\u0142\u0105b Twych toni,<br>Zgroza przenika wskr\u00f3\u015b, jak w pustym stepie,<br>Nicestwo moje widz\u0119 jak na d\u0142oni.<\/p>\n\n\n\n<p><em><strong>\u00abZ g\u0142\u0119boko\u015bci\u2026Antologia polskiej modlitwy poetyckiej\u00bb, T . I, Warszawa 1974, str. 328<\/strong><\/em><\/p>\n\n\n\n<p><strong>Jan Twardowski<\/strong><\/p>\n\n\n\n<p><em><strong>by\u0107 niezauwa\u017conym<\/strong><\/em><\/p>\n\n\n\n<p>By\u0107 niezauwa\u017conym by spotka\u0107 si\u0119 z Toba<br>nie czytanym zbytecznym<br>w\u0142a\u015bnie byle jakim<br>przekre\u015blonym do ko\u0144ca nonszalancj\u0105 r\u0119ki<br>aromatem niemocnym jeszcze niepoznanym<br>tu\u017c pomi\u0119dzy go\u017adzikiem pieprzem i migda\u0142em<br>fotografi\u0105 niewa\u017cn\u0105 bo niedok\u0105pan\u0105<br>liryzmem co si\u0119 siebie coraz bardziej wstydzi<br>ksi\u0105\u017ck\u0105 kt\u00f3ra si\u0119 k\u0142adzie wci\u0105\u017c jedn\u0105 na drugiej<br>jab\u0142kiem po gruszce zawsze troch\u0119 kwa\u015bnym<br>rakiem trzymanym w koszu z pokrzywami<br>w\u0142osami co odchodz\u0105 jak myszy po cichu<br>szczyg\u0142em co chcia\u0142 przyfrun\u0105\u0107 lecz umar\u0142 wysoko<br>ogonem tak leciutkim \u017ce ponad rozpacz\u0105<br>biedronk\u0105 zapomnian\u0105 gdy przechodz\u0105 \u017cuki<br>\u015bwi\u0119tym kt\u00f3remu w czas remontu utr\u0105cono g\u0142ow\u0119<br>niech b\u0119dzie niewidzialnym skoro sta\u0142 si\u0119 dobrym<\/p>\n\n\n\n<p><em><strong>\u201enie przyszed\u0142em pana nawraca\u0107\u201d, Warszawa 1986, str. 276.<\/strong><\/em><\/p>\n\n\n\n<p><strong>Jan Twardowski<\/strong><\/p>\n\n\n\n<p><em><strong>Wigilia<\/strong>&nbsp;&nbsp;<\/em><\/p>\n\n\n\n<p>Ju\u017c wzdycha\u0142 na my\u015bl o Bo\u017cym Narodzeniu<br>o tym jak naprawd\u0119 by\u0142o<br>zacz\u0105\u0142 si\u0119 modli\u0107 do \u015bwi\u0119tej rewolucji w Betlejem<br>od kt\u00f3rej liczymy czas<br>kiedy znowu zacz\u0105\u0142 merda\u0107 puszysty ogon tradycji<br>wprosi\u0142a si\u0119 choinka<br>elegancko ubrana<br>mlaska\u0142y kluski z makiem<br>kura po wigilii \u015bpieszy\u0142a na ros\u00f3\u0142<br>potem milczenie wi\u0119ksze ni\u017c \u017cal<br>i ju\u017c na gwiazdk\u0119 szalik przytulny jak kotka<br>\u017ceby si\u0119 nia ubiera\u0107 za cienko<br>i nie kas\u0142a\u0107 za grubo<br>zdrzemn\u0105\u0142 si\u0119 na dw\u00f3ch fotelach<br>wydawa\u0142o mu si\u0119 \u017ce s\u0142owo cia\u0142em si\u0119 sta\u0142o \u2013 i mieszka\u0142o poza nami<\/p>\n\n\n\n<p>nawet us\u0142ysza\u0142 \u017ce za oknem<br>przyszed\u0142 Pan Jezus<br>prosty jak ko\u015bci\u00f3\u0142 z jedn\u0105 tylko malw\u0105<br>obdarty ze \u015bniegu i polskich kol\u0119d<br>za wcze\u015bnie za p\u00f3\u017ano nie w por\u0119<br>nacisn\u0105\u0142 dzwonek dzwonek by\u0142 nieczynny<\/p>\n\n\n\n<p><em><strong>\u00abNie przyszed\u0142em pana nawraca\u0107\u00bb, Pozna\u0144 2009, str. 130<\/strong><\/em><\/p>\n\n\n\n<p class=\"has-text-align-center\"><a href=\"https:\/\/poezjaiewangelia.pl\/?page_id=4123#Gora\"><span style=\"color:#1e73be\" class=\"has-inline-color\">Do g\u00f3ry<\/span><\/a><\/p>\n","protected":false},"excerpt":{"rendered":"<p>Powr\u00f3t do Bo\u017ce Narodzenie,&nbsp; Powr\u00f3t do Niedziele BN, Powr\u00f3t do Linki&nbsp;&nbsp; Ewangelia: J 1, 1 \u2013 18; Prolog\u00a0 1 Na pocz\u0105tku by\u0142o S\u0142owo a S\u0142owo by\u0142o u Boga, i Bogiem by\u0142o S\u0142owo.2 Ono by\u0142o na pocz\u0105tku u Boga.3 Wszystko przez Nie si\u0119 sta\u0142o, a bez Niego nic si\u0119 nie sta\u0142o, co si\u0119 sta\u0142o.4 W Nim &hellip; <a href=\"https:\/\/poezjaiewangelia.pl\/?page_id=4123\" class=\"more-link\">Czytaj dalej <span class=\"screen-reader-text\">Druga Niedziela po Bo\u017cym Narodzeniu (mi\u0119dzy 2 i 5.01.) rok ABC;<\/span><\/a><\/p>\n","protected":false},"author":1,"featured_media":0,"parent":347,"menu_order":2,"comment_status":"closed","ping_status":"closed","template":"","meta":{"_monsterinsights_skip_tracking":false,"_monsterinsights_sitenote_active":false,"_monsterinsights_sitenote_note":"","_monsterinsights_sitenote_category":0,"footnotes":""},"class_list":["post-4123","page","type-page","status-publish","hentry"],"aioseo_notices":[],"_links":{"self":[{"href":"https:\/\/poezjaiewangelia.pl\/index.php?rest_route=\/wp\/v2\/pages\/4123","targetHints":{"allow":["GET"]}}],"collection":[{"href":"https:\/\/poezjaiewangelia.pl\/index.php?rest_route=\/wp\/v2\/pages"}],"about":[{"href":"https:\/\/poezjaiewangelia.pl\/index.php?rest_route=\/wp\/v2\/types\/page"}],"author":[{"embeddable":true,"href":"https:\/\/poezjaiewangelia.pl\/index.php?rest_route=\/wp\/v2\/users\/1"}],"replies":[{"embeddable":true,"href":"https:\/\/poezjaiewangelia.pl\/index.php?rest_route=%2Fwp%2Fv2%2Fcomments&post=4123"}],"version-history":[{"count":26,"href":"https:\/\/poezjaiewangelia.pl\/index.php?rest_route=\/wp\/v2\/pages\/4123\/revisions"}],"predecessor-version":[{"id":9954,"href":"https:\/\/poezjaiewangelia.pl\/index.php?rest_route=\/wp\/v2\/pages\/4123\/revisions\/9954"}],"up":[{"embeddable":true,"href":"https:\/\/poezjaiewangelia.pl\/index.php?rest_route=\/wp\/v2\/pages\/347"}],"wp:attachment":[{"href":"https:\/\/poezjaiewangelia.pl\/index.php?rest_route=%2Fwp%2Fv2%2Fmedia&parent=4123"}],"curies":[{"name":"wp","href":"https:\/\/api.w.org\/{rel}","templated":true}]}}