{"id":4178,"date":"2018-10-22T14:56:08","date_gmt":"2018-10-22T14:56:08","guid":{"rendered":"https:\/\/poezjaiewangelia.pl\/?page_id=4178"},"modified":"2022-07-12T17:25:13","modified_gmt":"2022-07-12T16:25:13","slug":"sroda-popielcowa-rok-a-b-c","status":"publish","type":"page","link":"https:\/\/poezjaiewangelia.pl\/?page_id=4178","title":{"rendered":"\u015aroda Popielcowa rok ABC;"},"content":{"rendered":"\n<p><span style=\"color: #1e73be;\"><a style=\"color: #1e73be;\" href=\"https:\/\/poezjaiewangelia.pl\/?page_id=57#S57\">Powr\u00f3t do Wielki Post<\/a>&nbsp;&nbsp;<\/span><a id=\"S4178\"><\/a><span style=\"color: #1e73be;\">&nbsp;&nbsp;&nbsp;<\/span><a id=\"Gora\"><\/a><span style=\"color: #1e73be;\">&nbsp;&nbsp;<a style=\"color: #1e73be;\" href=\"https:\/\/poezjaiewangelia.pl\/?page_id=703#S703\">Powr\u00f3t do Linki<\/a><\/span><\/p>\n\n\n<div class=\"wp-block-image\">\n<figure class=\"alignright size-large\"><img loading=\"lazy\" decoding=\"async\" width=\"150\" height=\"113\" src=\"https:\/\/poezjaiewangelia.pl\/wp-content\/uploads\/2020\/06\/R\u00f3\u017ca-fioletowa.png\" alt=\"Kolor szat\" class=\"wp-image-8734\"\/><figcaption>Kolor szat<\/figcaption><\/figure>\n<\/div>\n\n<div class=\"wp-block-image\">\n<figure class=\"alignleft size-large\"><img loading=\"lazy\" decoding=\"async\" width=\"100\" height=\"129\" src=\"https:\/\/poezjaiewangelia.pl\/wp-content\/uploads\/2015\/12\/Chrystus_-_Kr\u00f3l.jpg\" alt=\"Chrystus Kr\u00f3l\" class=\"wp-image-384\" title=\"Chrystus Kr\u00f3l\"\/><\/figure>\n<\/div>\n\n\n<hr class=\"wp-block-separator has-css-opacity is-style-dots\"\/>\n\n\n\n<p><strong>Ewangelia: Mt 6, 1 \u2013 6. 16 \u2013 18;<\/strong><\/p>\n\n\n\n<h2 class=\"wp-block-heading\"><span style=\"background-color:rgba(0, 0, 0, 0)\" class=\"has-inline-color has-vivid-purple-color\">S\u0142owo Bo\u017ce<\/span><\/h2>\n\n\n\n<p><strong>Czysto\u015b\u0107 zamiar\u00f3w<\/strong><\/p>\n\n\n\n<p><strong><span style=\"color:#993300\" class=\"has-inline-color\">1 Strze\u017ccie si\u0119, \u017ceby\u015bcie uczynk\u00f3w pobo\u017cnych nie wykonywali przed lud\u017ami po to, aby was widzieli; inaczej nie b\u0119dziecie mieli nagrody u Ojca waszego, kt\u00f3ry jest w niebie.<\/span><\/strong><\/p>\n\n\n\n<p><strong>Ja\u0142mu\u017cna<\/strong><\/p>\n\n\n\n<p>2 Kiedy wi\u0119c dajesz ja\u0142mu\u017cn\u0119, nie tr\u0105b przed sob\u0105, jak ob\u0142udnicy czyni\u0105 w synagogach i na ulicach, aby ich ludzie chwalili. Zaprawd\u0119, powiadam wam: ci otrzymali ju\u017c swoj\u0105 nagrod\u0119.<br>3 Kiedy za\u015b ty dajesz ja\u0142mu\u017cn\u0119, niech nie wie lewa twoja r\u0119ka, co czyni prawa,<br>4 aby twoja ja\u0142mu\u017cna pozosta\u0142a w ukryciu. A Ojciec tw\u00f3j, kt\u00f3ry widzi w ukryciu, odda tobie.<\/p>\n\n\n<div class=\"wp-block-image\">\n<figure class=\"alignright size-large is-resized\"><a href=\"https:\/\/www.wga.hu\/frames-e.html?\/html\/r\/ricci\/sebastia\/2\/sermon.html\" target=\"_blank\" rel=\"noopener noreferrer\"><img loading=\"lazy\" decoding=\"async\" src=\"https:\/\/poezjaiewangelia.pl\/wp-content\/uploads\/2015\/11\/c96066319849d90b9b1bbba27a037932.jpg\" alt=\"Sebastiano Ricci Kazanie na g\u00f3rze\" class=\"wp-image-2638\" width=\"454\" height=\"320\" title=\"Sebastiano Ricci Kazanie na g\u00f3rze\" srcset=\"https:\/\/poezjaiewangelia.pl\/wp-content\/uploads\/2015\/11\/c96066319849d90b9b1bbba27a037932.jpg 400w, https:\/\/poezjaiewangelia.pl\/wp-content\/uploads\/2015\/11\/c96066319849d90b9b1bbba27a037932-300x212.jpg 300w\" sizes=\"auto, (max-width: 454px) 100vw, 454px\" \/><\/a><figcaption><center><em>Sebastiano Ricci Kazanie na g\u00f3rze<\/em><\/center><\/figcaption><\/figure>\n<\/div>\n\n\n<p><strong>Modlitwa<\/strong><\/p>\n<p>5 Gdy si\u0119 modlicie, nie b\u0105d\u017acie jak ob\u0142udnicy. Oni lubi\u0105 w synagogach i na rogach ulic wystawa\u0107 i modli\u0107 si\u0119, \u017ceby si\u0119 ludziom pokaza\u0107. Zaprawd\u0119, powiadam wam: otrzymali ju\u017c swoj\u0105 nagrod\u0119.<br \/>6 Ty za\u015b, gdy chcesz si\u0119 modli\u0107, wejd\u017a do swej izdebki, zamknij drzwi i m\u00f3dl si\u0119 do Ojca twego, kt\u00f3ry jest w ukryciu. A Ojciec tw\u00f3j, kt\u00f3ry widzi w ukryciu, odda tobie.<\/p>\n<p><strong>Post<\/strong><\/p>\n<p>16 Kiedy po\u015bcicie, nie b\u0105d\u017acie pos\u0119pni jak ob\u0142udnicy. Przybieraj\u0105 oni wygl\u0105d ponury, aby pokaza\u0107 ludziom, \u017ce poszcz\u0105. Zaprawd\u0119, powiadam wam: ju\u017c odebrali swoj\u0105 nagrod\u0119.<br \/>17 Ty za\u015b, gdy po\u015bcisz, nama\u015b\u0107 sobie g\u0142ow\u0119 i umyj twarz,<br \/>18 aby nie ludziom pokaza\u0107, \u017ce po\u015bcisz, ale Ojcu twemu, kt\u00f3ry jest w ukryciu. A Ojciec tw\u00f3j, kt\u00f3ry widzi w ukryciu, odda tobie.<\/p>\n\n\n\n<h2 class=\"wp-block-heading\"><span style=\"background-color:rgba(0, 0, 0, 0)\" class=\"has-inline-color has-vivid-purple-color\">Refleksja<\/span><\/h2>\n\n\n\n<p><strong>Lusia Ogi\u0144ska<\/strong><\/p>\n\n\n\n<p><em><strong>Ja\u0142mu\u017cna<\/strong><\/em><\/p>\n\n\n\n<p>(Ewangelia wed\u0142ug \u015bw. Mateusza: 6, 2 \u20147)<\/p>\n\n\n\n<p>Gdy komu\u015b dajesz ja\u0142mu\u017cn\u0119,<br>niech tego nie widzi gawied\u017a,<br>niech ci\u0119 nie zwodz\u0105 sny pr\u00f3\u017cne<br>O ziemskiej chwalbie i s\u0142awie.<br>Niech twe uczynki, twe serce,<br>kornie okryj\u0105 si\u0119 cieniem.<br>Jest kto\u015b, kto widzi najwi\u0119cej<br>\u2014 to B\u00f3g, On zna twe sumienie.<br>Gdy niesiesz pomoc i wsparcie,<br>nie tr\u0105b w ko\u0142o ob\u0142udnie,<br>miej \u015bwiata brawa w pogardzie,<br>gdy dajesz szczerze ja\u0142mu\u017cn\u0119!<\/p>\n\n\n\n<p>Dzi\u015b dobroczy\u0144cy gorliwi<br>wydaj\u0105 uczty i bale,<br>pij\u0105 na koszt nieszcz\u0119\u015bliwych,<br>i pij\u0105 za zdrowie kalek.<br>Damy opas\u0142e na uczcie<br>bawi\u0105 si\u0119, ta\u0144cz\u0105 i jedz\u0105<br>ich serca zimne, cho\u0107 t\u0142uste,<br>dzier\u017c\u0105 patronat nad bied\u0105!<\/p>\n\n\n\n<p>Pragn\u0105\u2026 by \u015bwiat ich wci\u0105\u017c chwali\u0142,<br>nie dostrzeg\u0142 serc jak kamienie,<br>nie pomn\u0105 n\u0119dzni i mali,<br>\u017ce B\u00f3g zna ka\u017cde sumienie!<br>\u2026\u2026\u2026\u2026\u2026\u2026\u2026\u2026..<br>\u2026\u2026\u2026\u2026\u2026\u2026\u2026\u2026..<br>Je\u015bli ty dajesz ja\u0142mu\u017cn\u0119,<br>pozosta\u0144 w cieniu, bez blasku!<br>Czyny prawdziwie pobo\u017cne<br>nie potrzebuj\u0105 poklasku!<\/p>\n\n\n\n<p><em><strong>\u00ab\u015aladami Ewangelii\u00bb, Radom 2008, str. 9<\/strong><\/em><\/p>\n\n\n\n<p><strong>Jan Twardowski<\/strong><\/p>\n\n\n\n<p><strong>* * *<\/strong><\/p>\n\n\n\n<p>Dogmatycy ha\u0142asuj\u0105 po \u0142acinie<br>morali\u015bci brz\u0119cz\u0105 nad korytkiem ludzkiego sumienia<br>apologeci skrzypi\u0105 \u2013 porozpinani na krzy\u017cu wiary<br>kaznodzieje reperuj\u0105 g\u0142o\u015bnik, \u017ceby ich by\u0142o lepiej s\u0142ycha\u0107<br>filozofowie mrucz\u0105 na \u015bwi\u0119tego Tomasza<br>ustawionego ju\u017c<br>ze starymi rocznikami \u015bwi\u0119tych \u2013 w archiwum raju<br>m\u0119czennicy licz\u0105 na g\u0142os uderzenia w twarz<br>skrupulatom spad\u0142a nareszcie na g\u0142ow\u0119 dynia grzechu<br>organi\u015bci oblizuj\u0105 d\u017awi\u0119ki \u2013<br>wierni podzielili si\u0119 na wojenne obozy<br>i tylko w szczerym polu<br>w oddechu zio\u0142a \u2013<br>na kl\u0119czkach podziwiaj\u0105c zaspy nieba<br>mo\u017cna jeszcze znale\u017a\u0107 Cisz\u0119<\/p>\n\n\n\n<p><em><strong>\u00abPos\u0142aniec nadziei\u00bb, Warszawa-Rzesz\u00f3w 2005, str. 60<\/strong><\/em><\/p>\n\n\n<div class=\"wp-block-image\">\n<figure class=\"alignright size-large is-resized\"><a href=\"https:\/\/www.wga.hu\/frames-e.html?\/html\/r\/ricci\/sebastia\/2\/sermon.html\" target=\"_blank\" rel=\"noopener noreferrer\"><img loading=\"lazy\" decoding=\"async\" src=\"https:\/\/poezjaiewangelia.pl\/wp-content\/uploads\/2015\/11\/996d3e6762abba96a27f0fd47f49f422-e1460469450176.jpg\" alt=\"Bernardo Strozzi Dobry u\u017cytek z pieni\u0105dza\" class=\"wp-image-3055\" width=\"431\" height=\"302\" title=\"Bernardo Strozzi Dobry u\u017cytek z pieni\u0105dza\"\/><\/a><figcaption><center><em>Bernardo Strozzi Dobry u\u017cytek z pieni\u0105dza<\/em><\/center><\/figcaption><\/figure>\n<\/div>\n\n\n<p><strong>Janusz Pasierb<\/strong><\/p>\n\n\n\n<p><em><strong>Popielec<\/strong><\/em><\/p>\n\n\n\n<p>Pami\u0119taj \u017ce proch<\/p>\n\n\n\n<p>popi\u00f3\u0142 umar\u0142ej ro\u015bliny<br>popi\u00f3\u0142 z palmy zielonej<br>popi\u00f3\u0142 z chwa\u0142y szumi\u0105cej<\/p>\n\n\n\n<p>\u017ce proch<\/p>\n\n\n\n<p>popi\u00f3\u0142 z ksi\u0105\u017cki<br>popi\u00f3\u0142 z miasta<br>popi\u00f3\u0142 ze \u015bwiata<\/p>\n\n\n\n<p>pami\u0119taj cz\u0142owiecze<\/p>\n\n\n\n<p>popi\u00f3\u0142 z cia\u0142a<br>popi\u00f3\u0142 z m\u00f3zgu<br>popi\u00f3\u0142 z u\u015bmiechu<\/p>\n\n\n\n<p>pami\u0119taj<\/p>\n\n\n\n<p>je\u015bli\u015b uczniem Jezusa<br>kt\u00f3ry przyni\u00f3s\u0142 na ziemi\u0119<br>ogie\u0144 pami\u0119taj<\/p>\n\n\n\n<p>musisz si\u0119 spali\u0107<\/p>\n\n\n\n<p><em><strong>\u00abWiersze religijne\u00bb, Pozna\u0144 \u2013 Warszawa 1983, str. 51<\/strong><\/em><\/p>\n\n\n\n<p class=\"has-text-align-center\"><a href=\"https:\/\/poezjaiewangelia.pl\/?page_id=4178#Gora\"><span style=\"color:#1e73be\" class=\"has-inline-color\">Do g\u00f3ry<\/span><\/a><\/p>\n","protected":false},"excerpt":{"rendered":"<p>Powr\u00f3t do Wielki Post&nbsp;&nbsp;&nbsp;&nbsp;&nbsp;&nbsp;&nbsp;Powr\u00f3t do Linki Ewangelia: Mt 6, 1 \u2013 6. 16 \u2013 18; Czysto\u015b\u0107 zamiar\u00f3w 1 Strze\u017ccie si\u0119, \u017ceby\u015bcie uczynk\u00f3w pobo\u017cnych nie wykonywali przed lud\u017ami po to, aby was widzieli; inaczej nie b\u0119dziecie mieli nagrody u Ojca waszego, kt\u00f3ry jest w niebie. Ja\u0142mu\u017cna 2 Kiedy wi\u0119c dajesz ja\u0142mu\u017cn\u0119, nie tr\u0105b przed sob\u0105, jak &hellip; <a href=\"https:\/\/poezjaiewangelia.pl\/?page_id=4178\" class=\"more-link\">Czytaj dalej <span class=\"screen-reader-text\">\u015aroda Popielcowa rok ABC;<\/span><\/a><\/p>\n","protected":false},"author":1,"featured_media":0,"parent":57,"menu_order":1,"comment_status":"closed","ping_status":"closed","template":"","meta":{"_monsterinsights_skip_tracking":false,"_monsterinsights_sitenote_active":false,"_monsterinsights_sitenote_note":"","_monsterinsights_sitenote_category":0,"footnotes":""},"class_list":["post-4178","page","type-page","status-publish","hentry"],"aioseo_notices":[],"_links":{"self":[{"href":"https:\/\/poezjaiewangelia.pl\/index.php?rest_route=\/wp\/v2\/pages\/4178","targetHints":{"allow":["GET"]}}],"collection":[{"href":"https:\/\/poezjaiewangelia.pl\/index.php?rest_route=\/wp\/v2\/pages"}],"about":[{"href":"https:\/\/poezjaiewangelia.pl\/index.php?rest_route=\/wp\/v2\/types\/page"}],"author":[{"embeddable":true,"href":"https:\/\/poezjaiewangelia.pl\/index.php?rest_route=\/wp\/v2\/users\/1"}],"replies":[{"embeddable":true,"href":"https:\/\/poezjaiewangelia.pl\/index.php?rest_route=%2Fwp%2Fv2%2Fcomments&post=4178"}],"version-history":[{"count":29,"href":"https:\/\/poezjaiewangelia.pl\/index.php?rest_route=\/wp\/v2\/pages\/4178\/revisions"}],"predecessor-version":[{"id":9959,"href":"https:\/\/poezjaiewangelia.pl\/index.php?rest_route=\/wp\/v2\/pages\/4178\/revisions\/9959"}],"up":[{"embeddable":true,"href":"https:\/\/poezjaiewangelia.pl\/index.php?rest_route=\/wp\/v2\/pages\/57"}],"wp:attachment":[{"href":"https:\/\/poezjaiewangelia.pl\/index.php?rest_route=%2Fwp%2Fv2%2Fmedia&parent=4178"}],"curies":[{"name":"wp","href":"https:\/\/api.w.org\/{rel}","templated":true}]}}