{"id":4183,"date":"2018-10-22T15:42:12","date_gmt":"2018-10-22T15:42:12","guid":{"rendered":"https:\/\/poezjaiewangelia.pl\/?page_id=4183"},"modified":"2023-02-12T12:00:47","modified_gmt":"2023-02-12T11:00:47","slug":"1-niedziela-wielkiego-postu-rok-a","status":"publish","type":"page","link":"https:\/\/poezjaiewangelia.pl\/?page_id=4183","title":{"rendered":"1 Niedziela Wielkiego Postu rok A"},"content":{"rendered":"\n<p><span style=\"color: #1e73be;\"><a style=\"color: #1e73be;\" href=\"https:\/\/poezjaiewangelia.pl\/?page_id=57#S57\">Powr\u00f3t do Wielki Post<\/a>\u00a0\u00a0<\/span><a id=\"S4183\"><\/a><span style=\"color: #1e73be;\">\u00a0 <a style=\"color: #1e73be;\" href=\"https:\/\/poezjaiewangelia.pl\/?page_id=113#S113\">Powr\u00f3t do WP rok A <\/a><\/span><a id=\"Gora\"><\/a><span style=\"color: #1e73be;\">\u00a0\u00a0\u00a0<a style=\"color: #1e73be;\" href=\"https:\/\/poezjaiewangelia.pl\/?page_id=703#S703\">Powr\u00f3t do Linki<\/a><\/span><\/p>\n\n\n<div class=\"wp-block-image\">\n<figure class=\"alignright size-large\"><img loading=\"lazy\" decoding=\"async\" width=\"150\" height=\"113\" src=\"https:\/\/poezjaiewangelia.pl\/wp-content\/uploads\/2020\/06\/R\u00f3\u017ca-fioletowa.png\" alt=\"Kolor szat\" class=\"wp-image-8734\"\/><figcaption class=\"wp-element-caption\">Kolor szat<\/figcaption><\/figure>\n<\/div>\n\n<div class=\"wp-block-image\">\n<figure class=\"alignleft size-large\"><a href=\"https:\/\/www.wga.hu\/framex-e.html?file=html\/g\/greco_el\/17\/1701gred.html&amp;find=Christ+on+the+Cross\" target=\"_blank\" rel=\"noopener noreferrer\"><img loading=\"lazy\" decoding=\"async\" width=\"100\" height=\"109\" src=\"https:\/\/poezjaiewangelia.pl\/wp-content\/uploads\/2015\/12\/El-Greco-Chrystus-piastuje-Krzyz.jpg\" alt=\"El Greco Chrystus piastuje Krzyz\" class=\"wp-image-386\" title=\"El Greco Chrystus piastuje Krzyz\"\/><\/a><\/figure>\n<\/div>\n\n\n<hr class=\"wp-block-separator has-text-color has-luminous-vivid-amber-color has-css-opacity has-luminous-vivid-amber-background-color has-background is-style-dots\"\/>\n\n\n\n<p><strong>Ewangelia: Mt 4, 1 \u2013 11;<\/strong><\/p>\n\n\n\n<h2 class=\"wp-block-heading\"><span style=\"background-color:rgba(0, 0, 0, 0)\" class=\"has-inline-color has-vivid-purple-color\">S\u0142owo Bo\u017ce<\/span><\/h2>\n\n\n\n<p><strong>Kuszenie Jezusa<\/strong><\/p>\n\n\n\n<p>1 Wtedy Duch wyprowadzi\u0142 Jezusa na pustyni\u0119, aby by\u0142 kuszony przez diab\u0142a.<br \/>2 A gdy przepo\u015bci\u0142 czterdzie\u015bci dni i czterdzie\u015bci nocy, odczu\u0142 w ko\u0144cu g\u0142\u00f3d.<br \/>3 Wtedy przyst\u0105pi\u0142 kusiciel i rzek\u0142 do Niego:, \u00abJe\u015bli jeste\u015b Synem Bo\u017cym, powiedz, \u017ceby te kamienie sta\u0142y si\u0119 chlebem\u00bb.<br \/>4 Lecz On mu odpar\u0142: \u00abNapisane jest: Nie samym chlebem \u017cyje cz\u0142owiek, lecz ka\u017cdym s\u0142owem, kt\u00f3re pochodzi z ust Bo\u017cych\u00bb.<br \/><span style=\"color: #993300;\"><strong>5 Wtedy wzi\u0105\u0142 Go diabe\u0142 do Miasta \u015awi\u0119tego, postawi\u0142 na naro\u017cniku \u015bwi\u0105tyni<\/strong><\/span><br \/><span style=\"color: #993300;\"><strong>6 i rzek\u0142 Mu: \u00abJe\u015bli jeste\u015b Synem Bo\u017cym, rzu\u0107 si\u0119 w d\u00f3\u0142, jest przecie\u017c napisane: Anio\u0142om swoim rozka\u017ce o tobie, a na r\u0119kach nosi\u0107 ci\u0119 b\u0119d\u0105, by\u015b przypadkiem nie urazi\u0142 swej nogi o kamie\u0144\u00bb.<\/strong><\/span><br \/><span style=\"color: #993300;\"><strong>7 Odrzek\u0142 mu Jezus: \u00abAle jest napisane tak\u017ce: Nie b\u0119dziesz wystawia\u0142 na pr\u00f3b\u0119 Pana, Boga swego\u00bb.<\/strong><\/span><br \/>8 Jeszcze raz wzi\u0105\u0142 Go diabe\u0142 na bardzo wysok\u0105 g\u00f3r\u0119, pokaza\u0142 Mu wszystkie kr\u00f3lestwa \u015bwiata oraz ich przepych<br \/>9 i rzek\u0142 do Niego: \u00abDam Ci to wszystko, je\u015bli upadniesz i oddasz mi pok\u0142on\u00bb.<br \/>10 Na to odrzek\u0142 mu Jezus: \u00abId\u017a precz, szatanie! Jest bowiem napisane: Panu, Bogu swemu, b\u0119dziesz oddawa\u0142 pok\u0142on i Jemu samemu s\u0142u\u017cy\u0107 b\u0119dziesz\u00bb<br \/>11 Wtedy opu\u015bci\u0142 Go diabe\u0142, a oto anio\u0142owie przyst\u0105pili i us\u0142ugiwali Mu.<\/p>\n\n\n<div class=\"wp-block-image\">\n<figure class=\"aligncenter size-large is-resized\"><a href=\"https:\/\/www.wga.hu\/framex-e.html?file=html\/b\/botticel\/4sistina\/temptati\/temptatj.html&amp;find=The+Temptation+of+Christ\" target=\"_blank\" rel=\"noopener noreferrer\"><img loading=\"lazy\" decoding=\"async\" src=\"https:\/\/poezjaiewangelia.pl\/wp-content\/uploads\/2015\/11\/Sandro-Botticelli-Trzy-pokusy-Jezusa-detal-e1458212710389.jpg\" alt=\"Sandro Botticelli Trzy pokusy Jezusa (detal)\" class=\"wp-image-2691\" width=\"527\" height=\"371\" title=\"Sandro Botticelli Trzy pokusy Jezusa (detal)\"\/><\/a><figcaption class=\"wp-element-caption\"><center><em>Sandro Botticelli Trzy pokusy Jezusa (detal)<\/em><\/center><\/figcaption><\/figure>\n<\/div>\n\n\n<h2 class=\"wp-block-heading\"><span style=\"background-color:rgba(0, 0, 0, 0)\" class=\"has-inline-color has-vivid-purple-color\">Refleksja<\/span><\/h2>\n\n\n\n<p><strong>Jan Zieli\u0144ski<\/strong><\/p>\n\n\n\n<p><em><strong>Kuszenie 1<\/strong><\/em><\/p>\n\n\n\n<p>Wieczorem<br>kiedy drzewa przewachlowa\u0142y<br>ostatnie pozdrowienia<br>rozmazanemu niebu<br>co\u015b podesz\u0142o cicho<br>do mego my\u015blenia<br>jakie\u015b s\u0142owa przygi\u0119te i smutne<br>jak przestraszony<br>zobacz<br>nie jestem taki straszny<br>jak mnie maluj\u0105<br>nic ci nie zrobi\u0119<br>nie b\u00f3j si\u0119<br>tylko spo\u017cyj ten nap\u00f3j<br>cudownego lenistwa<br>i zanurz si\u0119 w drzemaniu<br>by nie my\u015ble\u0107 nie my\u015ble\u0107<br>nie my\u015ble\u0107<\/p>\n\n\n\n<p><em><strong>\u00abWiersze podarowane\u00bb, Warszawa 1994, str. 80<\/strong><\/em><\/p>\n\n\n<div class=\"wp-block-image\">\n<figure class=\"alignright size-full is-resized\"><a href=\"http:\/\/www.creationism.org\/images\/DoreBibleIllus\/tLuk0407Dore_TheTemptationOfJesus.jpg\" target=\"_blank\" rel=\"noopener noreferrer\"><img loading=\"lazy\" decoding=\"async\" src=\"https:\/\/poezjaiewangelia.pl\/wp-content\/uploads\/2022\/06\/Gustave-Dore-Kuszenie-Jezusa.jpg\" alt=\"\" class=\"wp-image-9771\" width=\"390\" height=\"522\" title=\"Gustave Dor\u00e9 Kuszenie Jezusa\"\/><\/a><figcaption class=\"wp-element-caption\"><strong>Gustave Dor\u00e9 <em>Kuszenie Jezusa<\/em><\/strong><\/figcaption><\/figure>\n<\/div>\n\n\n<p><strong>Jan Zieli\u0144ski<\/strong><\/p>\n\n\n\n<p><em><strong>Kuszenie IV<\/strong><\/em><\/p>\n\n\n\n<p>Nie my\u015bl o tym co teraz<br>to niewa\u017cne<br>pomy\u015bl o tym co b\u0119dzie<br>a b\u0119dzie wspaniale<br>jeszcze troch\u0119 popracujesz nad sob\u0105<br>osi\u0105gniesz wy\u017cyny<br>modlitwa wspania\u0142a<br>p\u0142omienne kazania<br>wszyscy zas\u0142uchani<br>pomo\u017cesz temu choremu<br>mo\u017ce go uzdrowisz<br>tamtemu dasz troch\u0119 pieni\u0119dzy<br>wyprostujesz drogi tego ch\u0142opca<br>rozdasz wszystkie ksi\u0105\u017cki<br>stopniowo b\u0119dzie coraz lepiej<br>coraz lepiej<br>coraz lepiej<br>coraz lepiej<br>coraz gorzej<\/p>\n\n\n\n<p><em><strong>\u00abWiersze podarowane\u00bb, Warszawa 1994, str. 84<\/strong><\/em><\/p>\n\n\n\n<p><strong>Jan Zieli\u0144ski<\/strong><\/p>\n\n\n\n<p><em><strong>Demon II<\/strong><\/em><\/p>\n\n\n\n<p>Demon rozci\u0105ga my\u015bli jak gum\u0119<br>na r\u00f3\u017cne strony<br>aby\u015b uwierzy\u0142 \u017ce jeste\u015b tam<br>gdzie ciebie nie ma<br>wobec pokusy<br>nie odwracasz si\u0119 ty\u0142em<br>stoisz bez broni<br>niewolnik<br>przyjmujesz cios prosto w twarz<br>na upadek<br>i znowu jeste\u015b tam<br>gdzie jeste\u015b naprawd\u0119<br>w zatruciu<br>kt\u00f3re idzie z otch\u0142ani<br>prosto do \u017cycia<br>nieprawdziwego<\/p>\n\n\n\n<p><strong>\u00abWiersze podarowane\u00bb, Warszawa 1994, str. 88<\/strong><\/p>\n\n\n\n<p class=\"has-text-align-center\"><a href=\"https:\/\/poezjaiewangelia.pl\/?page_id=4183#Gora\"><span style=\"color:#1e73be\" class=\"has-inline-color\">Do g\u00f3ry<\/span><\/a><\/p>\n","protected":false},"excerpt":{"rendered":"<p>Powr\u00f3t do Wielki Post\u00a0\u00a0\u00a0 Powr\u00f3t do WP rok A \u00a0\u00a0\u00a0Powr\u00f3t do Linki Ewangelia: Mt 4, 1 \u2013 11; Kuszenie Jezusa 1 Wtedy Duch wyprowadzi\u0142 Jezusa na pustyni\u0119, aby by\u0142 kuszony przez diab\u0142a.2 A gdy przepo\u015bci\u0142 czterdzie\u015bci dni i czterdzie\u015bci nocy, odczu\u0142 w ko\u0144cu g\u0142\u00f3d.3 Wtedy przyst\u0105pi\u0142 kusiciel i rzek\u0142 do Niego:, \u00abJe\u015bli jeste\u015b Synem Bo\u017cym, &hellip; <a href=\"https:\/\/poezjaiewangelia.pl\/?page_id=4183\" class=\"more-link\">Czytaj dalej <span class=\"screen-reader-text\">1 Niedziela Wielkiego Postu rok A<\/span><\/a><\/p>\n","protected":false},"author":1,"featured_media":0,"parent":113,"menu_order":1,"comment_status":"closed","ping_status":"closed","template":"","meta":{"_monsterinsights_skip_tracking":false,"_monsterinsights_sitenote_active":false,"_monsterinsights_sitenote_note":"","_monsterinsights_sitenote_category":0,"footnotes":""},"class_list":["post-4183","page","type-page","status-publish","hentry"],"aioseo_notices":[],"_links":{"self":[{"href":"https:\/\/poezjaiewangelia.pl\/index.php?rest_route=\/wp\/v2\/pages\/4183","targetHints":{"allow":["GET"]}}],"collection":[{"href":"https:\/\/poezjaiewangelia.pl\/index.php?rest_route=\/wp\/v2\/pages"}],"about":[{"href":"https:\/\/poezjaiewangelia.pl\/index.php?rest_route=\/wp\/v2\/types\/page"}],"author":[{"embeddable":true,"href":"https:\/\/poezjaiewangelia.pl\/index.php?rest_route=\/wp\/v2\/users\/1"}],"replies":[{"embeddable":true,"href":"https:\/\/poezjaiewangelia.pl\/index.php?rest_route=%2Fwp%2Fv2%2Fcomments&post=4183"}],"version-history":[{"count":28,"href":"https:\/\/poezjaiewangelia.pl\/index.php?rest_route=\/wp\/v2\/pages\/4183\/revisions"}],"predecessor-version":[{"id":10301,"href":"https:\/\/poezjaiewangelia.pl\/index.php?rest_route=\/wp\/v2\/pages\/4183\/revisions\/10301"}],"up":[{"embeddable":true,"href":"https:\/\/poezjaiewangelia.pl\/index.php?rest_route=\/wp\/v2\/pages\/113"}],"wp:attachment":[{"href":"https:\/\/poezjaiewangelia.pl\/index.php?rest_route=%2Fwp%2Fv2%2Fmedia&parent=4183"}],"curies":[{"name":"wp","href":"https:\/\/api.w.org\/{rel}","templated":true}]}}