{"id":4189,"date":"2018-10-23T10:08:07","date_gmt":"2018-10-23T10:08:07","guid":{"rendered":"https:\/\/poezjaiewangelia.pl\/?page_id=4189"},"modified":"2022-07-12T17:29:58","modified_gmt":"2022-07-12T16:29:58","slug":"3-niedziela-wielkiego-postu-rok-a","status":"publish","type":"page","link":"https:\/\/poezjaiewangelia.pl\/?page_id=4189","title":{"rendered":"3 Niedziela Wielkiego Postu rok A"},"content":{"rendered":"\n<p><span style=\"color: #1e73be;\"><a style=\"color: #1e73be;\" href=\"https:\/\/poezjaiewangelia.pl\/?page_id=57#S57\">Powr\u00f3t do Wielki Post<\/a> <a id=\"Gora\" style=\"color: #1e73be;\"><\/a> <a style=\"color: #1e73be;\" href=\"https:\/\/poezjaiewangelia.pl\/?page_id=113#S113\">Powr\u00f3t do WP rok A<\/a>&nbsp;<\/span><a id=\"S4189\"><\/a><span style=\"color: #1e73be;\">&nbsp;<a style=\"color: #1e73be;\" href=\"https:\/\/poezjaiewangelia.pl\/?page_id=703#S703\">Powr\u00f3t do Linki<\/a>&nbsp;&nbsp;<\/span><\/p>\n\n\n<div class=\"wp-block-image\">\n<figure class=\"alignright size-large\"><img loading=\"lazy\" decoding=\"async\" width=\"150\" height=\"113\" src=\"https:\/\/poezjaiewangelia.pl\/wp-content\/uploads\/2020\/06\/R\u00f3\u017ca-fioletowa.png\" alt=\"Kolor szat\" class=\"wp-image-8734\"\/><figcaption>Kolor szat<\/figcaption><\/figure>\n<\/div>\n\n<div class=\"wp-block-image\">\n<figure class=\"alignleft\"><a href=\"https:\/\/www.wga.hu\/framex-e.html?file=html\/g\/greco_el\/17\/1701gred.html&amp;find=Christ+on+the+Cross\" target=\"_blank\" rel=\"noopener noreferrer\"><img decoding=\"async\" src=\"https:\/\/poezjaiewangelia.pl\/wp-content\/uploads\/2015\/12\/El-Greco-Chrystus-piastuje-Krzyz.jpg\" alt=\"El Greco Chrystus piastuje Krzyz\" title=\"El Greco Chrystus piastuje Krzyz\"\/><\/a><\/figure>\n<\/div>\n\n\n<hr class=\"wp-block-separator has-text-color has-luminous-vivid-amber-color has-css-opacity has-luminous-vivid-amber-background-color has-background is-style-dots\"\/>\n\n\n\n<p><strong>Ewangelia: J 4, 5 \u2013 42;<\/strong><\/p>\n\n\n\n<h2 class=\"wp-block-heading\"><span style=\"background-color:rgba(0, 0, 0, 0)\" class=\"has-inline-color has-vivid-purple-color\">S\u0142owo Bo\u017ce<\/span><\/h2>\n\n\n<div class=\"wp-block-image\">\n<figure class=\"alignleft size-large is-resized\"><a href=\"https:\/\/www.wga.hu\/frames-e.html?\/html\/g\/grebber\/pieter\/samaria.html\" target=\"_blank\" rel=\"noopener noreferrer\"><img loading=\"lazy\" decoding=\"async\" src=\"https:\/\/poezjaiewangelia.pl\/wp-content\/uploads\/2015\/11\/Pieter-de-Grebber-Chrystus-i-Samarytanka-e1461934548638.jpg\" alt=\"Pieter de Grebber Chrystus i Samarytanka\" class=\"wp-image-2696\" width=\"461\" height=\"341\" title=\"Pieter de Grebber Chrystus i Samarytanka\"\/><\/a><figcaption><center><em>Pieter de Grebber Chrystus i Samarytanka<\/em><\/center><\/figcaption><\/figure>\n<\/div>\n\n\n<p><strong>Jezus i Samarytanka<\/strong><\/p>\n<p>5 Przyby\u0142 wi\u0119c do miasteczka samaryta\u0144skiego, zwanego Sychar, w pobli\u017cu pola, kt\u00f3re [niegdy\u015b] da\u0142 Jakub synowi swemu, J\u00f3zefowi.<br \/>6 By\u0142o tam \u017ar\u00f3d\u0142o Jakuba. Jezus zm\u0119czony drog\u0105 siedzia\u0142 sobie przy studni. By\u0142o to oko\u0142o sz\u00f3stej godziny.<br \/>7 Nadesz\u0142a [tam] kobieta z Samarii, aby zaczerpn\u0105\u0107 wody. Jezus rzek\u0142 do niej: \u00abDaj Mi pi\u0107!\u00bb<br \/>8 Jego uczniowie bowiem udali si\u0119 przedtem do miasta dla zakupienia \u017cywno\u015bci.<br \/>9 Na to rzek\u0142a do Niego Samarytanka: \u00abJak\u017ce\u017c Ty b\u0119d\u0105c \u017bydem, prosisz mnie, Samarytank\u0119, bym Ci da\u0142a si\u0119 napi\u0107?\u00bb \u017bydzi bowiem z Samarytanami unikaj\u0105 si\u0119 nawzajem.<br \/>10 Jezus odpowiedzia\u0142 jej na to: \u00abO, gdyby\u015b zna\u0142a dar Bo\u017cy i [wiedzia\u0142a], kim jest Ten, kto ci m\u00f3wi: \u201cDaj Mi si\u0119 napi\u0107\u201d \u2013 prosi\u0142aby\u015b Go w\u00f3wczas, a da\u0142by ci wody \u017cywej\u00bb.<br \/>11 Powiedzia\u0142a do Niego kobieta: \u00abPanie, nie masz czerpaka, a studnia jest g\u0142\u0119boka. Sk\u0105d\u017ce wi\u0119c we\u017amiesz wody \u017cywej?<br \/><span style=\"color: #993300;\"><strong>12 Czy Ty jeste\u015b wi\u0119kszy od ojca naszego Jakuba, kt\u00f3ry da\u0142 nam t\u0119 studni\u0119, z kt\u00f3rej pi\u0142 i on sam, i jego synowie i jego byd\u0142o?\u00bb<\/strong><\/span><br \/><span style=\"color: #993300;\"><strong>13 W odpowiedzi na to rzek\u0142 do niej Jezus: \u00abKa\u017cdy, kto pije t\u0119 wod\u0119, zn\u00f3w b\u0119dzie pragn\u0105\u0142.<\/strong><\/span><br \/><span style=\"color: #993300;\"><strong>14, Kto za\u015b b\u0119dzie pi\u0142 wod\u0119, kt\u00f3r\u0105 Ja mu dam, nie b\u0119dzie pragn\u0105\u0142 na wieki, lecz woda, kt\u00f3r\u0105 Ja mu dam, stanie si\u0119 w nim \u017ar\u00f3d\u0142em wody wytryskaj\u0105cej ku \u017cyciu wiecznemu\u00bb.<\/strong><\/span><br \/>15 Rzek\u0142a do Niego kobieta: \u00abDaj mi tej wody, abym ju\u017c nie pragn\u0119\u0142a i nie przychodzi\u0142a tu czerpa\u0107\u00bb.<br \/>16 A On jej odpowiedzia\u0142: \u00abId\u017a, zawo\u0142aj swego m\u0119\u017ca i wr\u00f3\u0107 tutaj!\u00bb<br \/>17 A kobieta odrzek\u0142a Mu na to: \u00abNie mam m\u0119\u017ca\u00bb. Rzek\u0142 do niej Jezus: \u00abDobrze powiedzia\u0142a\u015b: Nie mam m\u0119\u017ca.<br \/>18 Mia\u0142a\u015b bowiem pi\u0119ciu m\u0119\u017c\u00f3w, a ten, kt\u00f3rego masz teraz, nie jest twoim m\u0119\u017cem. To powiedzia\u0142a\u015b zgodnie z prawd\u0105\u00bb.<br \/>19 Rzek\u0142a do Niego kobieta: \u00abPanie, widz\u0119, \u017ce jeste\u015b prorokiem.<br \/>20 Ojcowie nasi oddawali cze\u015b\u0107 Bogu na tej g\u00f3rze, a wy m\u00f3wicie, \u017ce w Jerozolimie jest miejsce, gdzie nale\u017cy czci\u0107 Boga\u00bb.<br \/>21 Odpowiedzia\u0142 jej Jezus: \u00abWierz Mi, kobieto, \u017ce nadchodzi godzina, kiedy ani na tej g\u00f3rze, ani w Jerozolimie nie b\u0119dziecie czcili Ojca.<br \/>22 Wy czcicie to, czego nie znacie, my czcimy to, co znamy, poniewa\u017c zbawienie bierze pocz\u0105tek od \u017byd\u00f3w.<br \/>23 Nadchodzi jednak godzina, owszem ju\u017c jest, kiedy to prawdziwi czciciele b\u0119d\u0105 oddawa\u0107 cze\u015b\u0107 Ojcu w Duchu i prawdzie, a takich to czcicieli chce mie\u0107 Ojciec.<br \/>24 B\u00f3g jest duchem: potrzeba wi\u0119c, by czciciele Jego oddawali Mu cze\u015b\u0107 w Duchu i prawdzie\u00bb.<br \/>25 Rzek\u0142a do Niego kobieta: \u00abWiem, \u017ce przyjdzie Mesjasz, zwany Chrystusem. A kiedy On przyjdzie, objawi nam wszystko\u00bb.<br \/>26 Powiedzia\u0142 do niej Jezus: \u00abJestem nim Ja, kt\u00f3ry z tob\u0105 m\u00f3wi\u0119\u00bb.<br \/>27 Na to przyszli Jego uczniowie i dziwili si\u0119, \u017ce rozmawia\u0142 z kobiet\u0105. Jednak\u017ce \u017caden nie powiedzia\u0142: \u00abCzego od niej chcesz? \u2013 lub: \u2013 Czemu z ni\u0105 rozmawiasz?\u00bb<br \/>28 Kobieta za\u015b zostawi\u0142a sw\u00f3j dzban i odesz\u0142a do miasta. I m\u00f3wi\u0142a tam ludziom:<br \/>29 \u00abP\u00f3jd\u017acie, zobaczcie cz\u0142owieka, kt\u00f3ry mi powiedzia\u0142 wszystko, co uczyni\u0142am: Czy\u017c On nie jest Mesjaszem?\u00bb<br \/>30 Wyszli z miasta i szli do Niego.<br \/>31 Tymczasem prosili Go uczniowie, m\u00f3wi\u0105c: \u00abRabbi, jedz!\u00bb<br \/>32 On im rzek\u0142: \u00abJa mam do jedzenia pokarm, o kt\u00f3rym wy nie wiecie\u00bb.<br \/>33 M\u00f3wili wi\u0119c uczniowie jeden do drugiego: \u00abCzy\u017c Mu kto przyni\u00f3s\u0142 co\u015b do zjedzenia?\u00bb<br \/>34 Powiedzia\u0142 im Jezus: \u00abMoim pokarmem jest wype\u0142ni\u0107 wol\u0119 Tego, kt\u00f3ry Mnie pos\u0142a\u0142, i wykona\u0107 Jego dzie\u0142o.<br \/>35 Czy\u017c nie m\u00f3wicie: \u201cJeszcze cztery miesi\u0105ce, a nadejd\u0105 \u017cniwa?\u201d Oto powiadam wam: Podnie\u015bcie oczy i popatrzcie na pola, jak bielej\u0105 na \u017cniwo.<br \/>36 \u017bniwiarz otrzymuje ju\u017c zap\u0142at\u0119 i zbiera plon na \u017cycie wieczne, tak i\u017c siewca cieszy si\u0119 razem ze \u017cniwiarzem.<br \/>37 Tu bowiem okazuje si\u0119 prawdziwym powiedzenie: Jeden sieje, a drugi zbiera.<br \/>38 Ja was wys\u0142a\u0142em \u017c\u0105\u0107 to, nad czym wy\u015bcie si\u0119 nie natrudzili. Inni si\u0119 natrudzili, a w ich trud wy\u015bcie weszli\u00bb.<br \/>39 Wielu Samarytan z owego miasta zacz\u0119\u0142o w Niego wierzy\u0107 dzi\u0119ki s\u0142owu kobiety \u015bwiadcz\u0105cej: \u00abPowiedzia\u0142 mi wszystko, co uczyni\u0142am\u00bb.<br \/>40 Kiedy wi\u0119c Samarytanie przybyli do Niego, prosili Go, aby u nich pozosta\u0142. Pozosta\u0142 tam zatem dwa dni.<br \/>41 I o wiele wi\u0119cej ich uwierzy\u0142o na Jego s\u0142owo,<br \/>42 a do tej kobiety m\u00f3wili: \u00abWierzymy ju\u017c nie dzi\u0119ki twemu opowiadaniu, na w\u0142asne bowiem uszy us\u0142yszeli\u015bmy i jeste\u015bmy przekonani, \u017ce On prawdziwie jest Zbawicielem \u015bwiata\u00bb.<\/p>\n\n\n\n<h2 class=\"wp-block-heading\"><span style=\"background-color:rgba(0, 0, 0, 0)\" class=\"has-inline-color has-vivid-purple-color\">Refleksja<\/span><\/h2>\n\n\n<div class=\"wp-block-image\">\n<figure class=\"alignright size-large is-resized\"><a href=\"https:\/\/www.wga.hu\/framex-e.html?file=html\/j\/juan\/2\/polypty7.html&amp;find=Christ+and+the+Woman+of+Samaria\" target=\"_blank\" rel=\"noopener noreferrer\"><img loading=\"lazy\" decoding=\"async\" src=\"https:\/\/poezjaiewangelia.pl\/wp-content\/uploads\/2015\/11\/Juan-de-Flandes-Chrystus-i-Samarytanka-e1461934583279.jpg\" alt=\"Juan de Flandes Chrystus i Samarytanka\" class=\"wp-image-2698\" width=\"326\" height=\"477\" title=\"Juan de Flandes Chrystus i Samarytanka\"\/><\/a><figcaption><center><em>Juan de Flandes Chrystus i Samarytanka<\/em><\/center><\/figcaption><\/figure>\n<\/div>\n\n\n<p><strong>Jan Zieli\u0144ski<\/strong><\/p>\n\n\n\n<p><em><strong>Przy studni<\/strong><\/em><\/p>\n\n\n\n<p>Samarytanko z Sychar<br>gdy opad\u0142a zas\u0142ona z oczu<br>przejrza\u0142a\u015b<br>zobaczy\u0142a\u015b wi\u0119cej<br>g\u0142\u0119biej<br>prosz\u0105cy przy studni<br>daj mi pi\u0107<br>\u017bebrak bosy<br>w \u0142achmanach<br>wyci\u0105gni\u0119t\u0105 d\u0142oni\u0105 b\u0142aga<br>o odrobin\u0119 mi\u0142o\u015bci<br>ode mnie<br>i od ciebie<br>zakochany<br>bardzo<br>B\u00f3g<\/p>\n\n\n\n<p><em><strong>\u00abwiersze podarowane\u00bb, Warszawa 1994, str. 25<\/strong><\/em><\/p>\n\n\n\n<p><strong>Beata Oberty\u0144ska<\/strong><\/p>\n\n\n\n<p><strong><em>* * *<\/em><\/strong><br>\u2026 To nie o mnie\u2026 Nie o to, \u017ce mi zasch\u0142o w gardle\u2026<br>Osch\u0142o\u015b\u0107 da si\u0119 wytrzyma\u0107 i w sercu i w g\u0142owie.<br>To ze strachu, \u017ce \u2013 je\u015bli pi\u0107 kiedy\u015b zapragniesz, \u2013<br>studnia moja bezd\u017awi\u0119cznym echem Ci odpowie\u2026<\/p>\n\n\n\n<p><em><strong>\u00abGrudki kadzid\u0142a\u00bb, Krak\u00f3w 1987, str. 69<\/strong><\/em><\/p>\n\n\n\n<p><strong>&nbsp;Beata Oberty\u0144ska<\/strong><\/p>\n\n\n\n<p><strong>* * *<\/strong><br>Nie podam Ci ju\u017c wody\u2026 Tobie \u2013 ani komu.<br>Wysch\u0142a. Cofn\u0119\u0142a si\u0119 wszystka.<br>Jestem jak studnia przy zburzonym domu<br>d\u00f3\u0142 gruzu i rumowiska.<\/p>\n\n\n\n<p><em><strong>\u00abGrudki kadzid\u0142a\u00bb, Krak\u00f3w 1987, str. 69<\/strong><\/em><\/p>\n\n\n\n<p><strong>Jan Zieli\u0144ski<\/strong><\/p>\n\n\n\n<p><strong>* * *<\/strong><br>\u015acie\u017cki wydeptane<br>do pracy<br>do szko\u0142y<br>po zakupy<br>na poczt\u0119<br>na dzia\u0142k\u0119<br>do ko\u015bcio\u0142a na msz\u0119<br>na urlop<br>\u015bcie\u017cki wydeptane wa\u017cnych spraw codziennych<\/p>\n\n\n\n<p>\u015bcie\u017cka do studni<br>gdzie woda \u017bycia<br>zaros\u0142a traw\u0105<\/p>\n\n\n\n<p><em><strong>\u00abwiersze podarowane\u00bb, Warszawa 1994, str. 70<\/strong><\/em><\/p>\n\n\n\n<p><strong>Janusz Pasierb<\/strong><\/p>\n\n\n\n<p><em><strong>Studnia<\/strong><\/em><\/p>\n\n\n\n<p>dzi\u0119kuj\u0119 \u017ce tego wieczora<br>zdj\u0105\u0142e\u015b z moich warg kamie\u0144<br>kt\u00f3ry zamyka mi usta<\/p>\n\n\n\n<p>\u017ce mog\u0142em przem\u00f3wi\u0107 do ludzi<br>\u017ce znowu napisa\u0142em wiersz<\/p>\n\n\n\n<p>\u017ce nie wysch\u0142o we mnie \u017ar\u00f3d\u0142o<br>kt\u00f3rego strze\u017ce kamie\u0144<br>mocniej czuj\u0119 ci\u0119\u017car kamienia<br>ni\u017ali obecno\u015b\u0107 \u017ar\u00f3d\u0142a<br>kt\u00f3re we mnie gdzie\u015b g\u0142\u0119boko bije<br>nieme p\u00f3ki kto\u015b nie podejdzie<br>i nie odwali kamienia<br>nie nadchodzi Rachela<br>m\u0142ody Jakub odsuwa kamie\u0144<br>z ust studni i ca\u0142uje usta Racheli<br>a p\u0142acz\u0105c g\u0142o\u015bno ze szcz\u0119\u015bcia<br>budzi \u017ar\u00f3d\u0142o<br>przywraca mu g\u0142os<\/p>\n\n\n\n<p><em><strong>\u00abWiersze religijne\u00bb, Pozna\u0144 \u2013 Warszawa 1983, str. 7<\/strong><\/em><\/p>\n\n\n<div class=\"wp-block-image\">\n<figure class=\"alignright size-full is-resized\"><a href=\"https:\/\/www.gutenberg.org\/files\/8710\/old\/orig8710-h\/p7.htm#078\" target=\"_blank\" rel=\"noopener noreferrer\"><img loading=\"lazy\" decoding=\"async\" src=\"https:\/\/poezjaiewangelia.pl\/wp-content\/uploads\/2022\/06\/Gustave-Dore-Jezus-i-Samarytanka.jpg\" alt=\"\" class=\"wp-image-9773\" width=\"381\" height=\"508\" title=\"Gustave Dor\u00e9 Jezus i Samarytanka\" srcset=\"https:\/\/poezjaiewangelia.pl\/wp-content\/uploads\/2022\/06\/Gustave-Dore-Jezus-i-Samarytanka.jpg 526w, https:\/\/poezjaiewangelia.pl\/wp-content\/uploads\/2022\/06\/Gustave-Dore-Jezus-i-Samarytanka-224x300.jpg 224w\" sizes=\"auto, (max-width: 381px) 100vw, 381px\" \/><\/a><figcaption><strong>Gustave Dor\u00e9 <em>Jezus i Samarytanka<\/em><\/strong><\/figcaption><\/figure>\n<\/div>\n\n\n<p><strong>Jan Zieli\u0144ski&nbsp;<\/strong><\/p>\n\n\n\n<p><em><strong>Psalm w wannie<\/strong><\/em><\/p>\n\n\n\n<p>Pozdrawiam ci\u0119 wodo<br>starsza siostro w stworzeniu<br>gdy mnie nie by\u0142o p\u0142yn\u0119\u0142a\u015b<br>kiedy odejd\u0119 pop\u0142yniesz nade mn\u0105<br>dzisiaj tw\u00f3j m\u0142odszy brat<br>stoi przed tob\u0105 zas\u0142uchany<br>co m\u00f3wisz pluskaniem z kranu<br>o wybraniu przez Pana<br>o \u017ar\u00f3d\u0142ach studniach rzekach morzu<br>o tym \u017ce za tob\u0105 prawdziwa Woda \u017bycia<\/p>\n\n\n\n<p>widz\u0119 ojca<br>jak latem wchodzi do jeziora<br>i czyni nad tob\u0105 znak krzy\u017ca<br>wchodz\u0119 do wanny<br>czyni\u0119 to samo<br>i nie wiem dlaczego<br>nag\u0142e ol\u015bnienie<br>nag\u0142e wzruszenie<br>\u0142za w oku<\/p>\n\n\n\n<p>przecie\u017c to Pan obmywa moje cia\u0142o<br>i podaje suchy r\u0119cznik<br>przecie\u017c to prawda<br>przecie\u017c tak jest<\/p>\n\n\n\n<p><em><strong>\u00abWiersze podarowane\u00bb, Warszawa 1994, str. 34<\/strong><\/em><\/p>\n\n\n\n<p class=\"has-text-align-center\"><a href=\"https:\/\/poezjaiewangelia.pl\/?page_id=4189#Gora\"><span style=\"color:#1e73be\" class=\"has-inline-color\">Do g\u00f3ry<\/span><\/a><\/p>\n","protected":false},"excerpt":{"rendered":"<p>Powr\u00f3t do Wielki Post Powr\u00f3t do WP rok A&nbsp;&nbsp;Powr\u00f3t do Linki&nbsp;&nbsp; Ewangelia: J 4, 5 \u2013 42; Jezus i Samarytanka 5 Przyby\u0142 wi\u0119c do miasteczka samaryta\u0144skiego, zwanego Sychar, w pobli\u017cu pola, kt\u00f3re [niegdy\u015b] da\u0142 Jakub synowi swemu, J\u00f3zefowi.6 By\u0142o tam \u017ar\u00f3d\u0142o Jakuba. Jezus zm\u0119czony drog\u0105 siedzia\u0142 sobie przy studni. By\u0142o to oko\u0142o sz\u00f3stej godziny.7 Nadesz\u0142a &hellip; <a href=\"https:\/\/poezjaiewangelia.pl\/?page_id=4189\" class=\"more-link\">Czytaj dalej <span class=\"screen-reader-text\">3 Niedziela Wielkiego Postu rok A<\/span><\/a><\/p>\n","protected":false},"author":1,"featured_media":0,"parent":113,"menu_order":3,"comment_status":"closed","ping_status":"closed","template":"","meta":{"_monsterinsights_skip_tracking":false,"_monsterinsights_sitenote_active":false,"_monsterinsights_sitenote_note":"","_monsterinsights_sitenote_category":0,"footnotes":""},"class_list":["post-4189","page","type-page","status-publish","hentry"],"aioseo_notices":[],"_links":{"self":[{"href":"https:\/\/poezjaiewangelia.pl\/index.php?rest_route=\/wp\/v2\/pages\/4189","targetHints":{"allow":["GET"]}}],"collection":[{"href":"https:\/\/poezjaiewangelia.pl\/index.php?rest_route=\/wp\/v2\/pages"}],"about":[{"href":"https:\/\/poezjaiewangelia.pl\/index.php?rest_route=\/wp\/v2\/types\/page"}],"author":[{"embeddable":true,"href":"https:\/\/poezjaiewangelia.pl\/index.php?rest_route=\/wp\/v2\/users\/1"}],"replies":[{"embeddable":true,"href":"https:\/\/poezjaiewangelia.pl\/index.php?rest_route=%2Fwp%2Fv2%2Fcomments&post=4189"}],"version-history":[{"count":32,"href":"https:\/\/poezjaiewangelia.pl\/index.php?rest_route=\/wp\/v2\/pages\/4189\/revisions"}],"predecessor-version":[{"id":9963,"href":"https:\/\/poezjaiewangelia.pl\/index.php?rest_route=\/wp\/v2\/pages\/4189\/revisions\/9963"}],"up":[{"embeddable":true,"href":"https:\/\/poezjaiewangelia.pl\/index.php?rest_route=\/wp\/v2\/pages\/113"}],"wp:attachment":[{"href":"https:\/\/poezjaiewangelia.pl\/index.php?rest_route=%2Fwp%2Fv2%2Fmedia&parent=4189"}],"curies":[{"name":"wp","href":"https:\/\/api.w.org\/{rel}","templated":true}]}}