{"id":4193,"date":"2018-10-23T10:45:28","date_gmt":"2018-10-23T10:45:28","guid":{"rendered":"https:\/\/poezjaiewangelia.pl\/?page_id=4193"},"modified":"2023-03-19T15:48:19","modified_gmt":"2023-03-19T14:48:19","slug":"4-niedziela-wielkiego-postu-rok-a","status":"publish","type":"page","link":"https:\/\/poezjaiewangelia.pl\/?page_id=4193","title":{"rendered":"4 Niedziela Wielkiego Postu rok A"},"content":{"rendered":"\n<p><span style=\"color: #1e73be;\"><a style=\"color: #1e73be;\" href=\"https:\/\/poezjaiewangelia.pl\/?page_id=57#S57\">Powr\u00f3t do Wielki Post<\/a>\u00a0\u00a0<\/span><a id=\"S4193\"><\/a><span style=\"color: #1e73be;\"><a style=\"color: #1e73be;\" href=\"https:\/\/poezjaiewangelia.pl\/?page_id=113#S113\"> Powr\u00f3t do WP rok A <\/a><\/span><a id=\"Gora\"><\/a><span style=\"color: #1e73be;\"> <a style=\"color: #1e73be;\" href=\"https:\/\/poezjaiewangelia.pl\/?page_id=703#S703\">Powr\u00f3t do Linki<\/a>\u00a0 <a id=\"S703\"><\/a><\/span><\/p>\n\n\n<div class=\"wp-block-image\">\n<figure class=\"alignright size-large\"><img loading=\"lazy\" decoding=\"async\" width=\"120\" height=\"120\" src=\"https:\/\/poezjaiewangelia.pl\/wp-content\/uploads\/2018\/10\/R\u00f3\u017ca-r\u00f3\u017cowa-e1592144321942.png\" alt=\"Kolor szat\" class=\"wp-image-4585\"\/><figcaption class=\"wp-element-caption\">Kolor szat<\/figcaption><\/figure>\n<\/div>\n\n<div class=\"wp-block-image\">\n<figure class=\"alignleft\"><a href=\"https:\/\/www.wga.hu\/framex-e.html?file=html\/g\/greco_el\/17\/1701gred.html&amp;find=Christ+on+the+Cross\" target=\"_blank\" rel=\"noopener noreferrer\"><img decoding=\"async\" src=\"https:\/\/poezjaiewangelia.pl\/wp-content\/uploads\/2015\/12\/El-Greco-Chrystus-piastuje-Krzyz.jpg\" alt=\"El Greco Chrystus piastuje Krzyz\" title=\"El Greco Chrystus piastuje Krzyz\"\/><\/a><\/figure>\n<\/div>\n\n\n<hr class=\"wp-block-separator has-text-color has-luminous-vivid-amber-color has-css-opacity has-luminous-vivid-amber-background-color has-background is-style-dots\"\/>\n\n\n\n<p><strong>Ewangelia: J 4, 5 \u2013 42;<\/strong><\/p>\n\n\n\n<h2 class=\"wp-block-heading\"><span style=\"background-color:rgba(0, 0, 0, 0)\" class=\"has-inline-color has-vivid-purple-color\">S\u0142owo Bo\u017ce<\/span><\/h2>\n\n\n<div class=\"wp-block-image\">\n<figure class=\"alignleft size-large is-resized\"><a href=\"https:\/\/www.wga.hu\/framex-e.html?file=html\/g\/greco_el\/02\/0201grec.html&amp;find=Christ+Healing+the+Blind\" target=\"_blank\" rel=\"noopener noreferrer\"><img loading=\"lazy\" decoding=\"async\" src=\"https:\/\/poezjaiewangelia.pl\/wp-content\/uploads\/2015\/11\/794a0406b0ddca2fe9e7999624dd5623-e1461934679310.jpg\" alt=\"El Greco Chrystus uzdrawia \u015blepego\" class=\"wp-image-2699\" width=\"389\" height=\"298\" title=\"El Greco Chrystus uzdrawia \u015blepego\"\/><\/a><figcaption class=\"wp-element-caption\"><center><em>El Greco Chrystus uzdrawia \u015blepego<\/em><\/center><\/figcaption><\/figure>\n<\/div>\n\n\n<p><strong>Uzdrowienie niewidomego od urodzenia<\/strong><\/p>\n<p>1 Przechodz\u0105c obok ujrza\u0142 pewnego cz\u0142owieka, niewidomego od urodzenia.<br \/>2 Uczniowie Jego zadali Mu pytanie: \u00abRabbi, kto zgrzeszy\u0142, \u017ce si\u0119 urodzi\u0142 niewidomym \u2013 on czy jego rodzice?\u00bb<br \/>3 Jezus odpowiedzia\u0142: \u00abAni on nie zgrzeszy\u0142, ani rodzice jego, ale [sta\u0142o si\u0119 tak], aby si\u0119 na nim objawi\u0142y sprawy Bo\u017ce.<br \/>4 Potrzeba nam pe\u0142ni\u0107 dzie\u0142a Tego, kt\u00f3ry Mnie pos\u0142a\u0142, dop\u00f3ki jest dzie\u0144. Nadchodzi noc, kiedy nikt nie b\u0119dzie m\u00f3g\u0142 dzia\u0142a\u0107.<br \/>5 Jak d\u0142ugo jestem na \u015bwiecie, jestem \u015bwiat\u0142o\u015bci\u0105 \u015bwiata\u00bb.<br \/>6 To powiedziawszy splun\u0105\u0142 na ziemi\u0119, uczyni\u0142 b\u0142oto ze \u015bliny i na\u0142o\u017cy\u0142 je na oczy niewidomego,<br \/>7 i rzek\u0142 do niego: \u00abId\u017a, obmyj si\u0119 w sadzawce Siloam2\u00bb \u2013 co si\u0119 t\u0142umaczy: Pos\u0142any. On wi\u0119c odszed\u0142, obmy\u0142 si\u0119 i wr\u00f3ci\u0142 widz\u0105c.<br \/>8 A s\u0105siedzi i ci, kt\u00f3rzy przedtem widywali go jako \u017cebraka, m\u00f3wili: \u00abCzy\u017c to nie jest ten, kt\u00f3ry siedzi i \u017cebrze?\u00bb<br \/>9 Jedni twierdzili: \u00abTak, to jest ten\u00bb, a inni przeczyli: \u00abNie, jest tylko do tamtego podobny\u00bb. On za\u015b m\u00f3wi\u0142: \u00abTo ja jestem\u00bb.<br \/>10 M\u00f3wili wi\u0119c do niego: \u00abJak\u017ce\u017c oczy ci si\u0119 otwar\u0142y?\u00bb<br \/>11 On odpowiedzia\u0142: \u00abCz\u0142owiek zwany Jezusem uczyni\u0142 b\u0142oto, pomaza\u0142 moje oczy i rzek\u0142 do mnie: \u201cId\u017a do sadzawki Siloam i obmyj si\u0119\u201d. Poszed\u0142em wi\u0119c, obmy\u0142em si\u0119 i przejrza\u0142em\u00bb.<br \/>12 Rzekli do niego: \u00abGdzie\u017c On jest?\u00bb On odrzek\u0142: \u00abNie wiem\u00bb.<br \/>13 Zaprowadzili wi\u0119c tego cz\u0142owieka, niedawno jeszcze niewidomego, do faryzeusz\u00f3w.<br \/>14 A tego dnia, w kt\u00f3rym Jezus uczyni\u0142 b\u0142oto i otworzy\u0142 mu oczy, by\u0142 szabat.<br \/>15 I zn\u00f3w faryzeusze pytali go o to, w jaki spos\u00f3b przejrza\u0142. Powiedzia\u0142 do nich: \u00abPo\u0142o\u017cy\u0142 mi b\u0142oto na oczy, obmy\u0142em si\u0119 i widz\u0119\u00bb.<br \/>16 Niekt\u00f3rzy wi\u0119c spo\u015br\u00f3d faryzeusz\u00f3w rzekli: \u00abCz\u0142owiek ten nie jest od Boga, bo nie zachowuje szabatu\u00bb. Inni powiedzieli: \u00abAle w jaki spos\u00f3b cz\u0142owiek grzeszny mo\u017ce czyni\u0107 takie znaki?\u00bb I powsta\u0142o w\u015br\u00f3d nich rozdwojenie.<br \/>17 Ponownie wi\u0119c zwr\u00f3cili si\u0119 do niewidomego: \u00abA ty, co o Nim my\u015blisz w zwi\u0105zku z tym, \u017ce ci otworzy\u0142 oczy?\u00bb Odpowiedzia\u0142: \u00abTo prorok\u00bb.<br \/>18 Jednak\u017ce \u017bydzi nie wierzyli, \u017ce by\u0142 niewidomy i \u017ce przejrza\u0142, tak \u017ce a\u017c przywo\u0142ali rodzic\u00f3w tego, kt\u00f3ry przejrza\u0142,<br \/>19 i wypytywali si\u0119 ich w s\u0142owach: \u00abCzy waszym synem jest ten, o kt\u00f3rym twierdzicie, \u017ce si\u0119 niewidomym urodzi\u0142? W jaki to spos\u00f3b teraz widzi?\u00bb<br \/>20 Rodzice za\u015b jego tak odpowiedzieli: \u00abWiemy, \u017ce to jest nasz syn i \u017ce si\u0119 urodzi\u0142 niewidomym.<br \/>21 Nie wiemy, jak si\u0119 to sta\u0142o, \u017ce teraz widzi, nie wiemy tak\u017ce, kto mu otworzy\u0142 oczy. Zapytajcie jego samego, ma swoje lata, niech m\u00f3wi za siebie\u00bb.<br \/>22 Tak powiedzieli jego rodzice, gdy\u017c bali si\u0119 \u017byd\u00f3w. \u017bydzi bowiem ju\u017c postanowili, \u017ce gdy kto\u015b uzna Jezusa za Mesjasza, zostanie wy\u0142\u0105czony z synagogi.<br \/>23 Oto dlaczego powiedzieli jego rodzice: \u00abMa swoje lata, jego samego zapytajcie!\u00bb<br \/>24 Znowu wi\u0119c przywo\u0142ali tego cz\u0142owieka, kt\u00f3ry by\u0142 niewidomy, i rzekli do niego: \u00abDaj chwa\u0142\u0119 Bogu. My wiemy, \u017ce cz\u0142owiek ten jest grzesznikiem\u00bb.<br \/>25 Na to odpowiedzia\u0142: \u00abCzy On jest grzesznikiem, tego nie wiem. Jedno wiem: by\u0142em niewidomy, a teraz widz\u0119\u00bb.<br \/>26 Rzekli wi\u0119c do niego: \u00abC\u00f3\u017c ci uczyni\u0142? W jaki spos\u00f3b otworzy\u0142 ci oczy?\u00bb<br \/>27 Odpowiedzia\u0142 im: \u00abJu\u017c wam powiedzia\u0142em, a wy\u015bcie mnie nie wys\u0142uchali. Po co znowu chcecie s\u0142ucha\u0107? Czy i wy chcecie zosta\u0107 Jego uczniami?\u00bb<br \/>28 W\u00f3wczas go zel\u017cyli i rzekli: \u00abB\u0105d\u017a ty sobie Jego uczniem, my jeste\u015bmy uczniami Moj\u017cesza.<br \/>29 My wiemy, \u017ce B\u00f3g przem\u00f3wi\u0142 do Moj\u017cesza. Co do Niego za\u015b nie wiemy, sk\u0105d pochodzi\u00bb.<br \/>30 Na to odpowiedzia\u0142 im \u00f3w cz\u0142owiek: \u00abW tym wszystkim to jest dziwne, \u017ce wy nie wiecie, sk\u0105d pochodzi, a mnie oczy otworzy\u0142.<br \/>31 Wiemy, \u017ce B\u00f3g grzesznik\u00f3w nie wys\u0142uchuje, natomiast B\u00f3g wys\u0142uchuje ka\u017cdego, kto jest czcicielem Boga i pe\u0142ni Jego wol\u0119.<br \/>32 Od wiek\u00f3w nie s\u0142yszano, aby kto\u015b otworzy\u0142 oczy niewidomemu od urodzenia.<br \/>33 Gdyby ten cz\u0142owiek nie by\u0142 od Boga, nie m\u00f3g\u0142by nic czyni\u0107\u00bb.<br \/>34 Na to dali mu tak\u0105 odpowied\u017a: \u00abCa\u0142y urodzi\u0142e\u015b si\u0119 w grzechach, a \u015bmiesz nas poucza\u0107?\u00bb I precz go wyrzucili.<br \/>35 Jezus us\u0142ysza\u0142, \u017ce wyrzucili go precz, i spotkawszy go rzek\u0142 do niego: \u00abCzy ty wierzysz w Syna Cz\u0142owieczego?\u00bb<br \/>36 On odpowiedzia\u0142: \u00abA kt\u00f3\u017c to jest, Panie, abym w Niego uwierzy\u0142?\u00bb<br \/>37 Rzek\u0142 do niego Jezus: \u00abJest Nim Ten, kt\u00f3rego widzisz i kt\u00f3ry m\u00f3wi do ciebie\u00bb.<br \/>38 On za\u015b odpowiedzia\u0142: \u00abWierz\u0119, Panie!\u00bb i odda\u0142 Mu pok\u0142on.<br \/><span style=\"color: #993300;\"><strong>39 Jezus rzek\u0142: \u00abPrzyszed\u0142em na ten \u015bwiat, aby przeprowadzi\u0107 s\u0105d, aby ci, kt\u00f3rzy nie widz\u0105, przejrzeli, a ci, kt\u00f3rzy widz\u0105 stali si\u0119 niewidomymi\u00bb.<\/strong><\/span><br \/><span style=\"color: #993300;\"><strong>40 Us\u0142yszeli to niekt\u00f3rzy faryzeusze, kt\u00f3rzy z Nim byli i rzekli do Niego: \u00abCzy\u017c i my jeste\u015bmy niewidomi?\u00bb<\/strong><\/span><br \/><span style=\"color: #993300;\"><strong>41 Jezus powiedzia\u0142 do nich: \u00abGdyby\u015bcie byli niewidomi, nie mieliby\u015bcie grzechu, ale poniewa\u017c m\u00f3wicie: \u201cWidzimy\u201d, grzech wasz trwa nadal.<\/strong><\/span><\/p>\n\n\n\n<h2 class=\"wp-block-heading\"><span style=\"background-color:rgba(0, 0, 0, 0)\" class=\"has-inline-color has-vivid-purple-color\">Refleksja<\/span><\/h2>\n\n\n<div class=\"wp-block-image\">\n<figure class=\"alignright size-large is-resized\"><a href=\"https:\/\/www.wga.hu\/framex-e.html?file=html\/l\/leyden\/1\/healing.html&amp;find=Christ+healing\" target=\"_blank\" rel=\"noopener noreferrer\"><img loading=\"lazy\" decoding=\"async\" src=\"https:\/\/poezjaiewangelia.pl\/wp-content\/uploads\/2015\/11\/3b2d6bc462f89fdf00f9f60b62dfc3dc-e1458214511830.jpg\" alt=\"Lucas van Leyden Chrystus uzdrawia \u015blepego\" class=\"wp-image-2700\" width=\"425\" height=\"324\" title=\"Lucas van Leyden Chrystus uzdrawia \u015blepego\"\/><\/a><figcaption class=\"wp-element-caption\"><center><em>Lucas van Leyden Chrystus uzdrawia \u015blepego<\/em><\/center><\/figcaption><\/figure>\n<\/div>\n\n\n<p><strong>Beata Oberty\u0144ska<\/strong><\/p>\n\n\n\n<p><strong>* * *<\/strong><br>\u015alepcowi da\u0142e\u015b pi\u0107,<br>nad \u0142ask go przywi\u00f3d\u0142szy \u017ar\u00f3dlisko!<br>\u201eWiem dzi\u015b to tylko, \u017ce nie wiem nic\u201d<br>pr\u00f3cz tego, \u017ce\u015b Ty jest \u2013 WSZYSTKO!<\/p>\n\n\n\n<p><em><strong>\u00abGrudki kadzid\u0142a\u00bb, Krak\u00f3w 1987, str. 83<\/strong><\/em><\/p>\n\n\n\n<p><strong>Jan Zieli\u0144ski<\/strong><\/p>\n\n\n\n<p><em><strong>Krucho\u015b\u0107<\/strong><\/em><\/p>\n\n\n\n<p>Przysz\u0142a ciemno\u015b\u0107<br>oczekiwane spe\u0142nienie<br>zapl\u0105ta\u0142o si\u0119 w labirynt<br>bez wyj\u015bcia<br>noga podstawiona krokom<br>upadek<br>czapa samotno\u015bci<br>po\u015br\u00f3d tylu bliskich<br>dalej niepewno\u015b\u0107 s\u0142\u00f3w<br>niepewno\u015b\u0107 jutra<br>coraz bardziej chore zdrowie<br>trudniejsza modlitwa<br>szeptanie pokus<br>bezsilno\u015b\u0107<\/p>\n\n\n\n<p>s\u0105 katechez\u0105 mi\u0142o\u015bci<br>dla twardego karku<br>b\u0142otem na oczy<br>przed przejrzeniem<\/p>\n\n\n\n<p><em><strong>\u00abwiersze podarowane\u00bb, Warszawa 1994, str. 93&nbsp;<\/strong><\/em><\/p>\n\n\n\n<p><strong>Janusz Pasierb<\/strong><\/p>\n\n\n\n<p><em><strong>Widzenie<\/strong><\/em><\/p>\n\n\n\n<p>nie widz\u0119<\/p>\n\n\n\n<p>widz\u0119 tylko litery<br>widz\u0119 \u015bwiat\u0142o kt\u00f3re przenika li\u015bcie<br>widz\u0119 chmury i s\u0142o\u0144ce widz\u0119 dziecko<br>widz\u0119 oczy u\u015bmiech czuj\u0119 dotkni\u0119cie<br>widz\u0119 kwitn\u0105ce bia\u0142o i r\u00f3\u017cowo kasztany<br>widz\u0119 brudnego \u017cebraka<br>widz\u0119 aresztanta w policyjnym wozie<br>widz\u0119 upokorzonych g\u0142odnych konaj\u0105cych<br>widz\u0119 tyle<\/p>\n\n\n\n<p>tylko ciebie nie widz\u0119<\/p>\n\n\n\n<p>ale kto\u015b wychodzi spo\u015br\u00f3d kart<br>jak z szumi\u0105cego lasu<br>kto\u015b na mnie patrzy<br>co\u015b m\u00f3wi i si\u0119 u\u015bmiecha<br>czyje\u015b rami\u0119 czasem obejmie<br>takiej czu\u0142o\u015bci nie mo\u017cna podrobi\u0107<br>ani pi\u0119kna co budzi szacunek<br>kto by chcia\u0142 udawa\u0107 tak\u0105 n\u0119dz\u0119 kt\u00f3ra nie ma g\u0142osu<br>nikt bardziej nie potrzebuje serca<br>ni\u017c Ty i ja<br>nie mog\u0119 udawa\u0107 \u015blepca<br>widz\u0119 przecie\u017c widz\u0119<\/p>\n\n\n<div class=\"wp-block-image\">\n<figure class=\"alignright size-large is-resized\"><a href=\"https:\/\/www.wga.hu\/frames-e.html?\/html\/d\/duccio\/maesta\/predel_v\/pre_v_7.html\" target=\"_blank\" rel=\"noopener noreferrer\"><img loading=\"lazy\" decoding=\"async\" src=\"https:\/\/poezjaiewangelia.pl\/wp-content\/uploads\/2018\/11\/Duccio-di-Buoninsegna-Uzdrowienie-\u015blepego-e1542375921280.jpg\" alt=\"Duccio di Buoninsegna Uzdrowienie \u015blepego\" class=\"wp-image-5312\" width=\"354\" height=\"341\" title=\"Duccio di Buoninsegna Uzdrowienie \u015blepego\"\/><\/a><figcaption class=\"wp-element-caption\"><center><em>Duccio di Buoninsegna Uzdrowienie \u015blepego<\/em><\/center><\/figcaption><\/figure>\n<\/div>\n\n\n<p><em><strong>\u00abWiersze religijne\u00bb, Pozna\u0144 \u2013 Warszawa 1983, str. 105<\/strong><\/em><\/p>\n\n\n\n<p><strong>Janusz Pasierb<\/strong><\/p>\n\n\n\n<p><em><strong>Ko\u015bci\u00f3\u0142<\/strong><\/em><\/p>\n\n\n\n<p>\u017ceby uzdrowi\u0107 \u015blepca<br>Jezus ma\u017ce mu oczy b\u0142otem<br>wybiera w\u0142a\u015bnie taki znak<br>plwocin\u0119 zmieszan\u0105 z prochem<\/p>\n\n\n\n<p>\u017c\u0105dnych w\u0142adzy pysznych samolubnych<br>b\u0142oto nie \u017cywe kamienie<br>bierze nas w czyste d\u0142onie<br>czyni narz\u0119dziem cudu<br>n\u0119dz\u0105 i brudem oczyszcza \u015bwiat<br>dotyka niewidz\u0105cych bia\u0142ych oczu<br>leczy \u015blepego od urodzenia<\/p>\n\n\n\n<p><em><strong>\u00abWiersze religijne\u00bb, Pozna\u0144 \u2013 Warszawa 1983, str. 39<\/strong><\/em><\/p>\n\n\n\n<hr class=\"wp-block-separator has-text-color has-luminous-vivid-amber-color has-css-opacity has-luminous-vivid-amber-background-color has-background is-style-dots\"\/>\n\n\n\n<p class=\"has-text-align-center\"><a href=\"https:\/\/poezjaiewangelia.pl\/?page_id=4193#Gora\"><span style=\"color:#1e73be\" class=\"has-inline-color\">Do g\u00f3ry<\/span><\/a><\/p>\n","protected":false},"excerpt":{"rendered":"<p>Powr\u00f3t do Wielki Post\u00a0\u00a0 Powr\u00f3t do WP rok A Powr\u00f3t do Linki\u00a0 Ewangelia: J 4, 5 \u2013 42; Uzdrowienie niewidomego od urodzenia 1 Przechodz\u0105c obok ujrza\u0142 pewnego cz\u0142owieka, niewidomego od urodzenia.2 Uczniowie Jego zadali Mu pytanie: \u00abRabbi, kto zgrzeszy\u0142, \u017ce si\u0119 urodzi\u0142 niewidomym \u2013 on czy jego rodzice?\u00bb3 Jezus odpowiedzia\u0142: \u00abAni on nie zgrzeszy\u0142, ani &hellip; <a href=\"https:\/\/poezjaiewangelia.pl\/?page_id=4193\" class=\"more-link\">Czytaj dalej <span class=\"screen-reader-text\">4 Niedziela Wielkiego Postu rok A<\/span><\/a><\/p>\n","protected":false},"author":1,"featured_media":0,"parent":113,"menu_order":4,"comment_status":"closed","ping_status":"closed","template":"","meta":{"_monsterinsights_skip_tracking":false,"_monsterinsights_sitenote_active":false,"_monsterinsights_sitenote_note":"","_monsterinsights_sitenote_category":0,"footnotes":""},"class_list":["post-4193","page","type-page","status-publish","hentry"],"aioseo_notices":[],"_links":{"self":[{"href":"https:\/\/poezjaiewangelia.pl\/index.php?rest_route=\/wp\/v2\/pages\/4193","targetHints":{"allow":["GET"]}}],"collection":[{"href":"https:\/\/poezjaiewangelia.pl\/index.php?rest_route=\/wp\/v2\/pages"}],"about":[{"href":"https:\/\/poezjaiewangelia.pl\/index.php?rest_route=\/wp\/v2\/types\/page"}],"author":[{"embeddable":true,"href":"https:\/\/poezjaiewangelia.pl\/index.php?rest_route=\/wp\/v2\/users\/1"}],"replies":[{"embeddable":true,"href":"https:\/\/poezjaiewangelia.pl\/index.php?rest_route=%2Fwp%2Fv2%2Fcomments&post=4193"}],"version-history":[{"count":39,"href":"https:\/\/poezjaiewangelia.pl\/index.php?rest_route=\/wp\/v2\/pages\/4193\/revisions"}],"predecessor-version":[{"id":10321,"href":"https:\/\/poezjaiewangelia.pl\/index.php?rest_route=\/wp\/v2\/pages\/4193\/revisions\/10321"}],"up":[{"embeddable":true,"href":"https:\/\/poezjaiewangelia.pl\/index.php?rest_route=\/wp\/v2\/pages\/113"}],"wp:attachment":[{"href":"https:\/\/poezjaiewangelia.pl\/index.php?rest_route=%2Fwp%2Fv2%2Fmedia&parent=4193"}],"curies":[{"name":"wp","href":"https:\/\/api.w.org\/{rel}","templated":true}]}}