{"id":4199,"date":"2018-10-23T11:53:04","date_gmt":"2018-10-23T11:53:04","guid":{"rendered":"https:\/\/poezjaiewangelia.pl\/?page_id=4199"},"modified":"2023-03-19T15:50:13","modified_gmt":"2023-03-19T14:50:13","slug":"5-niedziela-wielkiego-postu-rok-a","status":"publish","type":"page","link":"https:\/\/poezjaiewangelia.pl\/?page_id=4199","title":{"rendered":"5 Niedziela Wielkiego Postu rok A"},"content":{"rendered":"\n<p><span style=\"color: #1e73be;\"><a style=\"color: #1e73be;\" href=\"https:\/\/poezjaiewangelia.pl\/?page_id=57#S57\">Powr\u00f3t do Wielki Post<\/a>\u00a0<\/span><a id=\"S4199\"><\/a><span style=\"color: #1e73be;\"> <a style=\"color: #1e73be;\" href=\"https:\/\/poezjaiewangelia.pl\/?page_id=113#S113\">Powr\u00f3t do WP rok A<\/a> <\/span><a id=\"Gora\"><\/a><span style=\"color: #1e73be;\"> \u00a0<a style=\"color: #1e73be;\" href=\"https:\/\/poezjaiewangelia.pl\/?page_id=703#S703\">Powr\u00f3t do Linki<\/a> <a id=\"S703\"><\/a>\u00a0<\/span><\/p>\n\n\n<div class=\"wp-block-image\">\n<figure class=\"alignright size-large\"><img loading=\"lazy\" decoding=\"async\" width=\"150\" height=\"113\" src=\"https:\/\/poezjaiewangelia.pl\/wp-content\/uploads\/2020\/06\/R\u00f3\u017ca-fioletowa.png\" alt=\"Kolor szat\" class=\"wp-image-8734\"\/><figcaption class=\"wp-element-caption\">Kolor szat<\/figcaption><\/figure>\n<\/div>\n\n<div class=\"wp-block-image\">\n<figure class=\"alignleft\"><a href=\"https:\/\/www.wga.hu\/framex-e.html?file=html\/g\/greco_el\/17\/1701gred.html&amp;find=Christ+on+the+Cross\" target=\"_blank\" rel=\"noopener noreferrer\"><img decoding=\"async\" src=\"https:\/\/poezjaiewangelia.pl\/wp-content\/uploads\/2015\/12\/El-Greco-Chrystus-piastuje-Krzyz.jpg\" alt=\"El Greco Chrystus piastuje Krzyz\" title=\"El Greco Chrystus piastuje Krzyz\"\/><\/a><\/figure>\n<\/div>\n\n\n<hr class=\"wp-block-separator has-text-color has-luminous-vivid-amber-color has-css-opacity has-luminous-vivid-amber-background-color has-background is-style-dots\"\/>\n\n\n\n<p><strong>Ewangelia: J 11, 1 \u2013 45;<\/strong><\/p>\n\n\n\n<h2 class=\"wp-block-heading\"><span style=\"background-color:rgba(0, 0, 0, 0)\" class=\"has-inline-color has-vivid-purple-color\">S\u0142owo Bo\u017ce<\/span><\/h2>\n\n\n<div class=\"wp-block-image\">\n<figure class=\"alignleft size-large is-resized\"><a href=\"https:\/\/www.wga.hu\/frames-e.html?\/html\/j\/juan\/1\/lazarus2.html\" target=\"_blank\" rel=\"noopener noreferrer\"><img loading=\"lazy\" decoding=\"async\" src=\"https:\/\/poezjaiewangelia.pl\/wp-content\/uploads\/2020\/04\/Juan-de-Flandes-Wskrzeszenie-\u0141azarza-748x1024.jpg\" alt=\"Juan de Flandes Wskrzeszenie \u0141azarza\" class=\"wp-image-7366\" width=\"312\" height=\"427\" title=\"Juan de Flandes Wskrzeszenie \u0141azarza\"\/><\/a><figcaption class=\"wp-element-caption\"><center><em>Juan de Flandes Wskrzeszenie \u0141azarza<\/em><\/center><\/figcaption><\/figure>\n<\/div>\n\n\n<p><strong>Wskrzeszenie \u0141azarza<\/strong><\/p>\n<p>1 By\u0142 pewien chory, \u0141azarz z Betanii, z miejscowo\u015bci Marii i jej siostry Marty.<br \/>2 Maria za\u015b by\u0142a t\u0105, kt\u00f3ra nama\u015bci\u0142a Pana olejkiem i w\u0142osami swoimi otar\u0142a Jego nogi. Jej to brat \u0141azarz chorowa\u0142.<br \/>3 Siostry zatem pos\u0142a\u0142y do Niego wiadomo\u015b\u0107: \u00abPanie, oto choruje ten, kt\u00f3rego Ty kochasz\u00bb.<br \/>4 Jezus us\u0142yszawszy to rzek\u0142: \u00abChoroba ta nie zmierza ku \u015bmierci, ale ku chwale Bo\u017cej, aby dzi\u0119ki niej Syn Bo\u017cy zosta\u0142 otoczony chwa\u0142\u0105\u00bb.<br \/>5 A Jezus mi\u0142owa\u0142 Mart\u0119 i jej siostr\u0119, i \u0141azarza.<br \/>6 Mimo jednak \u017ce s\u0142ysza\u0142 o jego chorobie, zatrzyma\u0142 si\u0119 przez dwa dni w miejscu pobytu.<br \/>7 Dopiero potem powiedzia\u0142 do swoich uczni\u00f3w: \u00abChod\u017amy zn\u00f3w do Judei!\u00bb<br \/>8 Rzekli do Niego uczniowie: \u00abRabbi, dopiero co \u017bydzi usi\u0142owali Ci\u0119 ukamienowa\u0107 i zn\u00f3w tam idziesz?\u00bb<br \/>9 Jezus im odpowiedzia\u0142: \u00abCzy\u017c dzie\u0144 nie liczy dwunastu godzin? Je\u017celi kto\u015b chodzi za dnia, nie potknie si\u0119, poniewa\u017c widzi \u015bwiat\u0142o tego \u015bwiata.<br \/>10 Je\u017celi jednak kto\u015b chodzi w nocy, potknie si\u0119, poniewa\u017c brak mu \u015bwiat\u0142a\u00bb4.<br \/>11 To powiedzia\u0142, a nast\u0119pnie rzek\u0142 do nich: \u00ab\u0141azarz, przyjaciel nasz, zasn\u0105\u0142, lecz id\u0119, aby go obudzi\u0107\u00bb.<br \/>12 Uczniowie rzekli do Niego: \u00abPanie, je\u017celi zasn\u0105\u0142, to wyzdrowieje\u00bb.<br \/>13 Jezus jednak m\u00f3wi\u0142 o jego \u015bmierci, a im si\u0119 wydawa\u0142o, \u017ce m\u00f3wi o zwyczajnym \u015bnie.<br \/>14 Wtedy Jezus powiedzia\u0142 im otwarcie: \u00ab\u0141azarz umar\u0142,<br \/>15 ale raduj\u0119 si\u0119, \u017ce Mnie tam nie by\u0142o, ze wzgl\u0119du na was, aby\u015bcie uwierzyli. Lecz chod\u017amy do niego!\u00bb<br \/>16 Na to Tomasz, zwany Didymos, rzek\u0142 do wsp\u00f3\u0142uczni\u00f3w: \u00abChod\u017amy tak\u017ce i my, aby razem z Nim umrze\u0107\u00bb.<br \/>17 Kiedy Jezus tam przyby\u0142, zasta\u0142 \u0141azarza ju\u017c do czterech dni spoczywaj\u0105cego w grobie.<br \/>18 A Betania by\u0142a oddalona od Jerozolimy oko\u0142o pi\u0119tnastu stadi\u00f3w<br \/>19 i wielu \u017byd\u00f3w przyby\u0142o przedtem do Marty i Marii, aby je pocieszy\u0107 po bracie.<br \/>20 Kiedy za\u015b Marta dowiedzia\u0142a si\u0119, \u017ce Jezus nadchodzi, wysz\u0142a Mu na spotkanie. Maria za\u015b siedzia\u0142a w domu.<br \/>21 Marta rzek\u0142a do Jezusa: \u00abPanie, gdyby\u015b tu by\u0142, m\u00f3j brat by nie umar\u0142.<br \/>22 Lecz i teraz wiem, \u017ce B\u00f3g da Ci wszystko, o cokolwiek by\u015b prosi\u0142 Boga\u00bb.<br \/>23 Rzek\u0142 do niej Jezus: \u00abBrat tw\u00f3j zmartwychwstanie\u00bb.<br \/>24 Rzek\u0142a Marta do Niego: \u00abWiem, \u017ce zmartwychwstanie w czasie zmartwychwstania w dniu ostatecznym\u00bb.<br \/><span style=\"color: #993300;\"><strong>25 Rzek\u0142 do niej Jezus: \u00abJa jestem zmartwychwstaniem i \u017cyciem. Kto we Mnie wierzy, cho\u0107by i umar\u0142, \u017cy\u0107 b\u0119dzie.<\/strong><\/span><br \/>26 Ka\u017cdy, kto \u017cyje i wierzy we Mnie, nie umrze na wieki. Wierzysz w to?\u00bb<br \/>27 Odpowiedzia\u0142a Mu: \u00abTak, Panie! Ja mocno wierz\u0119, \u017ce\u015b Ty jest Mesjasz, Syn Bo\u017cy, kt\u00f3ry mia\u0142 przyj\u015b\u0107 na \u015bwiat\u00bb.<br \/>28 Gdy to powiedzia\u0142a, odesz\u0142a i przywo\u0142a\u0142a po kryjomu swoj\u0105 siostr\u0119, m\u00f3wi\u0105c: \u00abNauczyciel jest i wo\u0142a ci\u0119\u00bb.<br \/>29 Skoro za\u015b tamta to us\u0142ysza\u0142a, wsta\u0142a szybko i uda\u0142a si\u0119 do Niego.<br \/>30 Jezus za\u015b nie przyby\u0142 jeszcze do wsi, lecz by\u0142 wci\u0105\u017c w tym miejscu, gdzie Marta wysz\u0142a Mu na spotkanie.<br \/>31 \u017bydzi, kt\u00f3rzy byli z ni\u0105 w domu i pocieszali j\u0105, widz\u0105c, \u017ce Maria szybko wsta\u0142a i wysz\u0142a, udali si\u0119 za ni\u0105, przekonani, \u017ce idzie do grobu, aby tam p\u0142aka\u0107.<br \/>32 A gdy Maria przysz\u0142a do miejsca, gdzie by\u0142 Jezus, ujrzawszy Go upad\u0142a Mu do n\u00f3g i rzek\u0142a do Niego: \u00abPanie, gdyby\u015b tu by\u0142, m\u00f3j brat by nie umar\u0142\u00bb.<br \/>33 Gdy wi\u0119c Jezus ujrza\u0142 jak p\u0142aka\u0142a ona i \u017bydzi, kt\u00f3rzy razem z ni\u0105 przyszli, wzruszy\u0142 si\u0119 w duchu, rozrzewni\u0142 i zapyta\u0142: \u00abGdzie\u015bcie go po\u0142o\u017cyli?\u00bb<br \/>34 Odpowiedzieli Mu: \u00abPanie, chod\u017a i zobacz!\u00bb<br \/><span style=\"color: #993300;\"><strong>35 Jezus zap\u0142aka\u0142.<\/strong><\/span><br \/><span style=\"color: #993300;\"><strong>36 A \u017bydzi rzekli: \u00abOto jak go mi\u0142owa\u0142!\u00bb<\/strong><\/span><br \/><span style=\"color: #993300;\"><strong>37 Niekt\u00f3rzy z nich powiedzieli: \u00abCzy Ten, kt\u00f3ry otworzy\u0142 oczy niewidomemu, nie m\u00f3g\u0142 sprawi\u0107, by on nie umar\u0142?\u00bb<\/strong><\/span><br \/>38 A Jezus ponownie, okazuj\u0105c g\u0142\u0119bokie wzruszenie, przyszed\u0142 do grobu. By\u0142a to pieczara, a na niej spoczywa\u0142 kamie\u0144.<br \/>39 Jezus rzek\u0142: \u00abUsu\u0144cie kamie\u0144!\u00bb Siostra zmar\u0142ego, Marta, rzek\u0142a do Niego: \u00abPanie, ju\u017c cuchnie. Le\u017cy bowiem od czterech dni w grobie\u00bb.<br \/>40 Jezus rzek\u0142 do niej: \u00abCzy\u017c nie powiedzia\u0142em ci, \u017ce je\u015bli uwierzysz, ujrzysz chwa\u0142\u0119 Bo\u017c\u0105?\u00bb Usuni\u0119to wi\u0119c kamie\u0144.<br \/>41 Jezus wzni\u00f3s\u0142 oczy do g\u00f3ry i rzek\u0142: \u00abOjcze, dzi\u0119kuj\u0119 Ci, \u017ce\u015b mnie wys\u0142ucha\u0142.<br \/>42 Ja wiedzia\u0142em, \u017ce mnie zawsze wys\u0142uchujesz. Ale ze wzgl\u0119du na otaczaj\u0105cy Mnie lud to powiedzia\u0142em, aby uwierzyli, \u017ce\u015b Ty Mnie pos\u0142a\u0142\u00bb.<br \/>43 To powiedziawszy zawo\u0142a\u0142 dono\u015bnym g\u0142osem: \u00ab\u0141azarzu, wyjd\u017a na zewn\u0105trz!\u00bb<br \/>44 I wyszed\u0142 zmar\u0142y, maj\u0105c nogi i r\u0119ce powi\u0105zane opaskami, a twarz jego by\u0142a zawini\u0119ta chust\u0105. Rzek\u0142 do nich Jezus: \u00abRozwi\u0105\u017ccie go i pozw\u00f3lcie mu chodzi\u0107!\u00bb.<br \/>45 Wielu wi\u0119c spo\u015br\u00f3d \u017byd\u00f3w przyby\u0142ych do Marii ujrzawszy to, czego Jezus dokona\u0142, uwierzy\u0142o w Niego.<\/p>\n\n\n\n<h2 class=\"wp-block-heading\"><span style=\"background-color:rgba(0, 0, 0, 0)\" class=\"has-inline-color has-vivid-purple-color\">Refleksja<\/span><\/h2>\n\n\n<div class=\"wp-block-image\">\n<figure class=\"alignright size-large is-resized\"><a href=\"https:\/\/www.wga.hu\/frames-e.html?\/html\/g\/giotto\/padova\/3christ\/chris09.html\" target=\"_blank\" rel=\"noopener noreferrer\"><img loading=\"lazy\" decoding=\"async\" src=\"https:\/\/poezjaiewangelia.pl\/wp-content\/uploads\/2015\/11\/be36bf2c873d5843da2335a39ed95864-e1461934975186.jpg\" alt=\"Giotto di Bondone Wskrzeszenie \u0141azarza\" class=\"wp-image-2703\" width=\"389\" height=\"363\" title=\"Giotto di Bondone Wskrzeszenie \u0141azarza\"\/><\/a><figcaption class=\"wp-element-caption\"><center><em>Giotto di Bondone Wskrzeszenie \u0141azarza<\/em><\/center><\/figcaption><\/figure>\n<\/div>\n\n\n<p><strong>Jan Twardowski<\/strong><\/p>\n\n\n\n<p><em><strong>P\u0142acz<\/strong><\/em><\/p>\n\n\n\n<p><\/p>\n\n\n\n<p>Marta zakrz\u0105tana obrus roz\u0142o\u017cy\u0142a<br>w ros\u00f3\u0142 za gor\u0105cy chucha sercem studzi<br>mi\u0119sa nie dopiek\u0142a soli\u0107 nie sko\u0144czy\u0142a<br>nad wiar\u0105 co p\u0142acze zn\u00f3w si\u0119 zamy\u015bli\u0142a<\/p>\n\n\n\n<p>a tu tyle roboty<br>\u0141azarz z grobu wr\u00f3ci\u0142<\/p>\n\n\n\n<p>w\u0142a\u015bnie talerz odsun\u0105\u0142<br>\u2013 Marto \u2013 m\u00f3wi \u2013 Marto<br>Jezus przy mnie p\u0142aka\u0142<\/p>\n\n\n\n<p><em><strong>\u00abABC ksi\u0119dza Twardowskiego. Rok A\u00bb, Warszawa 2002, str. 53<\/strong><\/em><\/p>\n\n\n\n<p><strong>Tadeusz \u017bukowski<\/strong><\/p>\n\n\n\n<p><em><strong>Nie umiera\u2026<\/strong><\/em><\/p>\n\n\n\n<p>Nie umiera cz\u0142owiek.<\/p>\n\n\n\n<p>Nie\u015bmiertelny<br>nie stwarza<br>\u015bmiertelnego.<\/p>\n\n\n\n<p><em><strong>\u00abIntencje serca\u00bb, Pozna\u0144 1985, str. 356<\/strong><\/em><\/p>\n\n\n\n<p><strong>Janusz Pasierb<\/strong><\/p>\n\n\n\n<p><em><strong>\u0141azarz<\/strong><\/em><\/p>\n\n\n\n<p>Co mam powiedzie\u0107<br>obw\u0105chuj\u0105cym<br>ciekawym<br>przy stole<br>na podw\u00f3rku<br>w Betanii<\/p>\n\n\n\n<p>Jak tam jest<br>Ciemno<\/p>\n\n\n\n<p>Nie widzia\u0142em Abrahama Izaaka Jakuba<br>Sprawiedliwych Prorok\u00f3w S\u0119dzi\u00f3w Kr\u00f3l\u00f3w<br>ale zarazi\u0142em si\u0119<br>ich milczeniem<\/p>\n\n\n\n<p>Nie umiem m\u00f3wi\u0107<\/p>\n\n\n\n<p>Marta m\u00f3wi Wdzi\u0119czno\u015b\u0107<br>Maria \u015bpiewa Hosanna<br>Za co<\/p>\n\n\n\n<p>Wr\u00f3ci\u0142em do umierania<br>B\u0119d\u0119 musia\u0142 jeszcze raz<br>jeszcze wiele razy<br>Nie mam \u017calu<br>warto by\u0142o<br>ale po to tylko<br>\u017ceby si\u0119 dowiedzie\u0107<br>\u017ce On<br>zanim mnie wskrzesi\u0142<br>p\u0142aka\u0142<br>poniewa\u017c umar\u0142em<\/p>\n\n\n\n<p><em><strong>\u00abWiersze religijne\u00bb, Pozna\u0144 \u2013 Warszawa 1983, str. 48<\/strong><\/em><\/p>\n\n\n<div class=\"wp-block-image\">\n<figure class=\"alignright size-large is-resized\"><a href=\"https:\/\/www.wga.hu\/frames-e.html?\/html\/g\/giordano\/1\/lazarus.html\" target=\"_blank\" rel=\"noopener noreferrer\"><img loading=\"lazy\" decoding=\"async\" src=\"https:\/\/poezjaiewangelia.pl\/wp-content\/uploads\/2015\/11\/b2a6d8ffffa5e651cafd8b1c84a9494a-e1458220461181.jpg\" alt=\"Luca Giordano Wskrzeszenie \u0141azarza\" class=\"wp-image-2705\" width=\"445\" height=\"313\" title=\"Luca Giordano Wskrzeszenie \u0141azarza\"\/><\/a><figcaption class=\"wp-element-caption\"><center><em>Luca Giordano Wskrzeszenie \u0141azarza<\/em><\/center><\/figcaption><\/figure>\n<\/div>\n\n\n<p><strong>Jan Twardowski<\/strong><\/p>\n\n\n\n<p><em><strong>Na r\u0119ce<\/strong><\/em><\/p>\n\n\n\n<p>Nazywaj\u0105 ci\u0119 brzydul\u0105<br>uciekaj\u0105 w te p\u0119dy po kolei<br>bior\u0119 ciebie na r\u0119ce<br>jak kr\u00f3lika na szcz\u0119\u015bcie<br>\u015bmierci \u2013 chwilo najwi\u0119kszej nadziei<\/p>\n\n\n\n<p><em><strong>\u00abPos\u0142aniec nadziei\u00bb, Warszawa-Rzesz\u00f3w 2005, str.154<\/strong><\/em><\/p>\n\n\n\n<p><strong>Jan Zieli\u0144ski<\/strong><\/p>\n\n\n\n<p><em><strong>Nowe narodziny<\/strong><\/em><\/p>\n\n\n\n<p>Wyj\u015b\u0107 z grobu<br>z powi\u0105zania<br>z zapl\u0105tania w przepaski<br>naprzeciw g\u0142osu kt\u00f3ry wo\u0142a<br>kt\u00f3ry wo\u0142a do mnie<br>kt\u00f3ry nareszcie s\u0142ysz\u0119<br>nareszcie s\u0142ysz\u0119<br>podej\u015b\u0107 do Jezusa<br>spojrze\u0107 Mu w twarz<\/p>\n\n\n\n<p>\u2022 \u2022 \u2022<\/p>\n\n\n\n<p>nie otar\u0142 jeszcze \u0142ez<\/p>\n\n\n\n<p><em><strong>\u00abwiersze podarowane\u00bb, Warszawa 1994, str. 58<\/strong><\/em><\/p>\n\n\n\n<p><strong>Maria Imelda Kosmala<\/strong><\/p>\n\n\n\n<p><em><strong>Wskrzeszenie<\/strong><\/em><\/p>\n\n\n\n<p>Uwolnijcie twarz zwr\u00f3con\u0105 \u017cyciu<br>z opasek kszta\u0142t\u00f3w<br>z ca\u0142un\u00f3w wspomnie\u0144 i wyobra\u017ce\u0144<\/p>\n\n\n\n<p>Niech wyjdzie<br>z kamiennego wieloryba<br>na l\u0105d s\u0142o\u0144ca<br>cz\u0142owiek<br>kt\u00f3ry cuchn\u0105\u0142<br>wi\u0119cej ni\u017c cztery dni<\/p>\n\n\n\n<p><em><strong>\u00abKu twarzy w\u0119druj\u0119\u00bb, Warszawa 1997, str. 27<\/strong><\/em><\/p>\n\n\n\n<p class=\"has-text-align-center\"><a href=\"https:\/\/poezjaiewangelia.pl\/?page_id=4199#Gora\"><span style=\"color:#1e73be\" class=\"has-inline-color\">Do g\u00f3ry<\/span><\/a><\/p>\n","protected":false},"excerpt":{"rendered":"<p>Powr\u00f3t do Wielki Post\u00a0 Powr\u00f3t do WP rok A \u00a0Powr\u00f3t do Linki \u00a0 Ewangelia: J 11, 1 \u2013 45; Wskrzeszenie \u0141azarza 1 By\u0142 pewien chory, \u0141azarz z Betanii, z miejscowo\u015bci Marii i jej siostry Marty.2 Maria za\u015b by\u0142a t\u0105, kt\u00f3ra nama\u015bci\u0142a Pana olejkiem i w\u0142osami swoimi otar\u0142a Jego nogi. Jej to brat \u0141azarz chorowa\u0142.3 Siostry &hellip; <a href=\"https:\/\/poezjaiewangelia.pl\/?page_id=4199\" class=\"more-link\">Czytaj dalej <span class=\"screen-reader-text\">5 Niedziela Wielkiego Postu rok A<\/span><\/a><\/p>\n","protected":false},"author":1,"featured_media":0,"parent":113,"menu_order":5,"comment_status":"closed","ping_status":"closed","template":"","meta":{"_monsterinsights_skip_tracking":false,"_monsterinsights_sitenote_active":false,"_monsterinsights_sitenote_note":"","_monsterinsights_sitenote_category":0,"footnotes":""},"class_list":["post-4199","page","type-page","status-publish","hentry"],"aioseo_notices":[],"_links":{"self":[{"href":"https:\/\/poezjaiewangelia.pl\/index.php?rest_route=\/wp\/v2\/pages\/4199","targetHints":{"allow":["GET"]}}],"collection":[{"href":"https:\/\/poezjaiewangelia.pl\/index.php?rest_route=\/wp\/v2\/pages"}],"about":[{"href":"https:\/\/poezjaiewangelia.pl\/index.php?rest_route=\/wp\/v2\/types\/page"}],"author":[{"embeddable":true,"href":"https:\/\/poezjaiewangelia.pl\/index.php?rest_route=\/wp\/v2\/users\/1"}],"replies":[{"embeddable":true,"href":"https:\/\/poezjaiewangelia.pl\/index.php?rest_route=%2Fwp%2Fv2%2Fcomments&post=4199"}],"version-history":[{"count":26,"href":"https:\/\/poezjaiewangelia.pl\/index.php?rest_route=\/wp\/v2\/pages\/4199\/revisions"}],"predecessor-version":[{"id":10323,"href":"https:\/\/poezjaiewangelia.pl\/index.php?rest_route=\/wp\/v2\/pages\/4199\/revisions\/10323"}],"up":[{"embeddable":true,"href":"https:\/\/poezjaiewangelia.pl\/index.php?rest_route=\/wp\/v2\/pages\/113"}],"wp:attachment":[{"href":"https:\/\/poezjaiewangelia.pl\/index.php?rest_route=%2Fwp%2Fv2%2Fmedia&parent=4199"}],"curies":[{"name":"wp","href":"https:\/\/api.w.org\/{rel}","templated":true}]}}