{"id":4253,"date":"2018-10-24T08:47:13","date_gmt":"2018-10-24T08:47:13","guid":{"rendered":"https:\/\/poezjaiewangelia.pl\/?page_id=4253"},"modified":"2022-07-12T17:35:42","modified_gmt":"2022-07-12T16:35:42","slug":"3-niedziela-wielkiego-postu-rok-b","status":"publish","type":"page","link":"https:\/\/poezjaiewangelia.pl\/?page_id=4253","title":{"rendered":"3 Niedziela Wielkiego Postu rok B"},"content":{"rendered":"\n<p><span style=\"color: #1e73be;\"><a style=\"color: #1e73be;\" href=\"https:\/\/poezjaiewangelia.pl\/?page_id=57#S57\">Powr\u00f3t do Wielki Post<\/a> <\/span><a id=\"Gora\"><\/a><span style=\"color: #1e73be;\"><a style=\"color: #1e73be;\" href=\"https:\/\/poezjaiewangelia.pl\/?page_id=115#S115\"> Powr\u00f3t do WP rok B <\/a><\/span><a id=\"S4253\"><\/a><span style=\"color: #1e73be;\">&nbsp;<a style=\"color: #1e73be;\" href=\"https:\/\/poezjaiewangelia.pl\/?page_id=703#S703\">Powr\u00f3t do Linki<\/a><\/span><\/p>\n\n\n<div class=\"wp-block-image\">\n<figure class=\"alignright size-large\"><img loading=\"lazy\" decoding=\"async\" width=\"150\" height=\"113\" src=\"https:\/\/poezjaiewangelia.pl\/wp-content\/uploads\/2020\/06\/R\u00f3\u017ca-fioletowa.png\" alt=\"Kolor szat\" class=\"wp-image-8734\"\/><figcaption>Kolor szat<\/figcaption><\/figure>\n<\/div>\n\n<div class=\"wp-block-image\">\n<figure class=\"alignleft\"><a href=\"https:\/\/commons.wikimedia.org\/wiki\/File:Christ_Carrying_the_Cross_1580.jpg\" target=\"_blank\" rel=\"noopener noreferrer\"><img decoding=\"async\" src=\"https:\/\/poezjaiewangelia.pl\/wp-content\/uploads\/2015\/12\/El_Greco_Christ_Carrying_the_Cross1.jpg1.jpg\" alt=\"El Greco Chrystus d\u017awigaj\u0105cy krzy\u017c\" title=\"El Greco Chrystus d\u017awigaj\u0105cy krzy\u017c\"\/><\/a><\/figure>\n<\/div>\n\n\n<hr class=\"wp-block-separator has-text-color has-luminous-vivid-amber-color has-css-opacity has-luminous-vivid-amber-background-color has-background is-style-dots\"\/>\n\n\n\n<p><strong>Ewangelia: J 2, 13 \u2013 25;<\/strong><\/p>\n\n\n\n<h2 class=\"wp-block-heading\"><span style=\"background-color:rgba(0, 0, 0, 0)\" class=\"has-inline-color has-vivid-purple-color\">S\u0142owo Bo\u017ce<\/span><\/h2>\n\n\n<div class=\"wp-block-image\">\n<figure class=\"alignleft size-large is-resized\"><a href=\"https:\/\/commons.wikimedia.org\/wiki\/File:Piccola_passione_07.jpg\" target=\"_blank\" rel=\"noopener noreferrer\"><img loading=\"lazy\" decoding=\"async\" src=\"https:\/\/poezjaiewangelia.pl\/wp-content\/uploads\/2015\/11\/3cc9bf9151817364428503cfd57170e3-e1461934029403.jpg\" alt=\"Albrecht D\u00fcrer Jezus wyp\u0119dza kupc\u00f3w ze \u015bwi\u0105tyni\" class=\"wp-image-2729\" width=\"304\" height=\"395\" title=\"Albrecht D\u00fcrer Jezus wyp\u0119dza kupc\u00f3w ze \u015bwi\u0105tyni\"\/><\/a><figcaption><center><em>Albrecht D\u00fcrer Jezus wyp\u0119dza kupc\u00f3w ze \u015bwi\u0105tyni<\/em><\/center><\/figcaption><\/figure>\n<\/div>\n\n\n<p><strong>Znak oczyszczenia \u015bwi\u0105tyni<\/strong><\/p>\n<p>13 Zbli\u017ca\u0142a si\u0119 pora Paschy \u017cydowskiej i Jezus uda\u0142 si\u0119 do Jerozolimy.<br>14 W \u015bwi\u0105tyni napotka\u0142 siedz\u0105cych za sto\u0142ami bankier\u00f3w oraz tych, kt\u00f3rzy sprzedawali wo\u0142y, baranki i go\u0142\u0119bie.<br><span style=\"color: #993300;\"><strong>15 W\u00f3wczas sporz\u0105dziwszy sobie bicz ze sznurk\u00f3w, powyp\u0119dza\u0142 wszystkich ze \u015bwi\u0105tyni, tak\u017ce baranki i wo\u0142y, porozrzuca\u0142 monety bankier\u00f3w, a sto\u0142y powywraca\u0142.<\/strong><\/span><br><span style=\"color: #993300;\"><strong>16 Do tych za\u015b, kt\u00f3rzy sprzedawali go\u0142\u0119bie, rzek\u0142: \u00abWe\u017acie to st\u0105d, a nie r\u00f3bcie z domu mego Ojca targowiska!\u00bb<\/strong><\/span><br><span style=\"color: #993300;\"><strong>17 Uczniowie Jego przypomnieli sobie, \u017ce napisano: Gorliwo\u015b\u0107 o dom Tw\u00f3j poch\u0142onie Mnie.<\/strong><\/span><br>18 W odpowiedzi za\u015b na to \u017bydzi rzekli do Niego: \u00abJakim znakiem wyka\u017cesz si\u0119 wobec nas, skoro takie rzeczy czynisz?\u00bb<br>19 Jezus da\u0142 im tak\u0105 odpowied\u017a: \u00abZburzcie t\u0119 \u015bwi\u0105tyni\u0119, a Ja w trzech dniach wznios\u0119 j\u0105 na nowo\u00bb.<br>20 Powiedzieli do Niego \u017bydzi: \u00abCzterdzie\u015bci sze\u015b\u0107 lat budowano t\u0119 \u015bwi\u0105tyni\u0119, a Ty j\u0105 wzniesiesz w przeci\u0105gu trzech dni?\u00bb<br>21 On za\u015b m\u00f3wi\u0142 o \u015bwi\u0105tyni swego cia\u0142a.<br>22 Gdy wi\u0119c zmartwychwsta\u0142, przypomnieli sobie uczniowie Jego, \u017ce to powiedzia\u0142, i uwierzyli Pismu i s\u0142owu, kt\u00f3re wyrzek\u0142 Jezus.<\/p>\n<p><strong>Pow\u015bci\u0105gliwo\u015b\u0107 Jezusa<\/strong><\/p>\n<p>23 Kiedy za\u015b przebywa\u0142 w Jerozolimie w czasie Paschy, w dniu \u015bwi\u0105tecznym, wielu uwierzy\u0142o w imi\u0119 Jego, widz\u0105c znaki, kt\u00f3re czyni\u0142.<br>24 Jezus natomiast nie zwierza\u0142 si\u0119 im, bo wszystkich zna\u0142<br>25 i nie potrzebowa\u0142 niczyjego \u015bwiadectwa o cz\u0142owieku. Sam bowiem wiedzia\u0142, co w cz\u0142owieku si\u0119 kryje.<\/p>\n\n\n\n<h2 class=\"wp-block-heading\"><span style=\"background-color:rgba(0, 0, 0, 0)\" class=\"has-inline-color has-vivid-purple-color\">Refleksja<\/span><\/h2>\n\n\n\n<p><strong>Jan Twardowski<\/strong><\/p>\n\n\n\n<p><em><strong>Spojrza\u0142<\/strong><\/em><\/p>\n\n\n\n<p><em>Spojrza\u0142<br>na gotyk co stale stroi \u015bredniowieczne miny<br>na osiemnastowieczny o\u0142tarz jak barokow\u0105 trumn\u0119 na szczurzych \u0142apkach<br>na w\u0142ochate dywany kt\u00f3re zmieniaj\u0105 nasze kroki w skradaj\u0105ce si\u0119 koty<br>na \u017cyrandol jak dziedziczk\u0119 w krynolinie<br>na ja\u015bnie o\u015bwiecony sufit<br>na pyszno pokutne kl\u0119czniki<br>na anio\u0142a co stale o jeden numer za ma\u0142y<br>na li\u015bcie co w \u015bwietle lampki czerwonej wydaj\u0105 si\u0119 czarne<\/em><\/p>\n\n\n\n<p>stan\u0105\u0142 w k\u0105cie za\u0142ama\u0142 odj\u0119te z krzy\u017ca r\u0119ce<br>i pomy\u015bla\u0142<br>chyba to wszystko nie dla mnie<\/p>\n\n\n\n<p><em><strong>\u201cnie przyszed\u0142em pana nawraca\u0107<\/strong><strong>\u201c, Warszawa 1986,<\/strong><\/em><\/p>\n\n\n\n<p><strong>Jan Zieli\u0144ski<\/strong><\/p>\n\n\n\n<p><em><strong>* * *<\/strong><\/em><br>W z\u0142otych szatach<br>stoj\u0119 przed o\u0142tarzem<br>przebieraniec<\/p>\n\n\n\n<p>przed Jezusem<br>kt\u00f3ry jest bez szat<br>w chlebie nagim<br>na ostatnim miejscu<\/p>\n\n\n\n<p>znowu wstyd oblepi\u0142 twarz<br>uszy zap\u0142on\u0119\u0142y<br>ukry\u0142bym si\u0119<br>uciek\u0142bym do zakrystii<br>wszed\u0142bym pod st\u00f3\u0142<br>lub usiad\u0142 cicho u st\u00f3p<br>jak Maria<\/p>\n\n\n\n<p>ale uparte ja<br>trzyma mocno za nogi<br>ka\u017ce sta\u0107 prosto i \u0142adnie<br>przed ludem<br>przecie\u017c<br>lud lubi pobo\u017cne odprawianie<\/p>\n\n\n<div class=\"wp-block-image\">\n<figure class=\"alignright size-large is-resized\"><a href=\"https:\/\/www.wga.hu\/frames-e.html?\/html\/v\/valentin\/driving.html\" target=\"_blank\" rel=\"noopener noreferrer\"><img loading=\"lazy\" decoding=\"async\" src=\"https:\/\/poezjaiewangelia.pl\/wp-content\/uploads\/2015\/11\/842daea6c24cb3c9690cb50823d5cb0f-1-e1461934121560.jpg\" alt=\"Valentin Jezus wyp\u0119dza kupc\u00f3w ze \u015bwi\u0105tyni\" class=\"wp-image-2731\" width=\"363\" height=\"273\" title=\"Valentin Jezus wyp\u0119dza kupc\u00f3w ze \u015bwi\u0105tyni\"\/><\/a><figcaption><center><em>Valentin Jezus wyp\u0119dza kupc\u00f3w ze \u015bwi\u0105tyni<\/em><\/center><\/figcaption><\/figure>\n<\/div>\n\n\n<p><em><strong>\u00abwiersze podarowane\u00bb, Warszawa 1994, str. 43<\/strong><\/em><\/p>\n\n\n\n<p><strong>Jan Twardowski<\/strong><\/p>\n<p><em><strong>Dzi\u0119kuj\u0119<\/strong><\/em><\/p>\n<p>Dzi\u0119kuj\u0119 Ci \u017ce mia\u0142e\u015b r\u0119ce nogi cia\u0142o<br \/>\u017ce przyja\u017ani\u0142e\u015b si\u0119 z grzeszn\u0105 Magdalen\u0105<br \/>\u017ce wyp\u0119dzi\u0142e\u015b na zbit\u0105 g\u0142ow\u0119 kupc\u00f3w ze \u015bwi\u0105tyni<br \/>\u017ce nie by\u0142e\u015b oboj\u0119tn\u0105 liczb\u0105 doskona\u0142\u0105<\/p>\n<p><em><strong>\u201cABC ksi\u0119dza Twardowskiego. Rok C\u201d, Warszawa 2002, str.133<\/strong><\/em><\/p>\n\n\n\n<p><strong>Maria Imelda Kosmala<\/strong><\/p>\n\n\n\n<p><em><strong>Warto<\/strong><\/em><\/p>\n\n\n\n<p>Warto pozwoli\u0107 Jego wargom<br>dmucha\u0107 w siebie<br>jak w domek z lichych kart<br>I mie\u0107 gotowo\u015b\u0107<br>budowa\u0107 cho\u0107by tylko po to<br>by zdmuchn\u0105\u0142<br>i zn\u00f3w na nowo<br>rozpoczyna\u0107<br>ufnie<\/p>\n\n\n\n<p>Warto<\/p>\n\n\n\n<p><em><strong>\u00abKu twarzy w\u0119druj\u0119\u00bb, Warszawa 1997, str. 23<\/strong><\/em><\/p>\n\n\n\n<p><strong>Maria Imelda Kosmala<\/strong><\/p>\n\n\n\n<p><em><strong>\u015aladami Matki Angeli&nbsp;<\/strong><\/em><\/p>\n\n\n\n<p><em><strong>Wo\u0142anie<\/strong><\/em><\/p>\n\n\n\n<p>Czy si\u0119 sko\u0144czy\u0142a nasza epopeja<br>na dziewi\u0119tnastym stuleciu<br>czy przebrzmia\u0142a eksplozja felicja\u0144ska<br>czy jej fenomen ju\u017c si\u0119 nie powt\u00f3rzy?<\/p>\n\n\n\n<p>Matko Angelo<br>czy twoje c\u00f3ry nie ukrywaj\u0105 w chustce<br>jak niegodziwy s\u0142uga \u2014 twojego charyzmatu<br>by go nie zaprzepa\u015bci\u0107?<\/p>\n\n\n\n<p>Ty kt\u00f3ra mia\u0142a\u015b serce Machabejki<br>zwielokrotnione konaniem<br>zagrzewaj do walki swoje c\u00f3ry<br>niech wybieraj\u0105 wpatrzone w niebo<br>niech wiedz\u0105 Komu zaufa\u0142y<br>bo mocen jest<br>nawet z kamieni<br>nawet z gruz\u00f3w \u2014<br>to co run\u0119\u0142o<br>na nowo wskrzesi\u0107 \u2014<\/p>\n\n\n\n<p>Stycze\u0144 1975<\/p>\n\n\n\n<p><em><strong>\u00abKu twarzy w\u0119druj\u0119\u00bb, Warszawa 1997, str. 121<\/strong><\/em><\/p>\n\n\n<div class=\"wp-block-image\">\n<figure class=\"alignright size-large is-resized\"><a href=\"https:\/\/www.carlbloch.com\/php\/detail.php?artwork=692\" target=\"_blank\" rel=\"noopener noreferrer\"><img loading=\"lazy\" decoding=\"async\" src=\"https:\/\/poezjaiewangelia.pl\/wp-content\/uploads\/2015\/11\/e6a45fe608436a4f5a0cd76db933f12b-e1461934178556.jpg\" alt=\"Carl H. Bloch Jezus wyp\u0119dza kupc\u00f3w ze \u015bwi\u0105tyni\" class=\"wp-image-2733\" width=\"333\" height=\"379\" title=\"Carl H. Bloch Jezus wyp\u0119dza kupc\u00f3w ze \u015bwi\u0105tyni\"\/><\/a><figcaption><center><em>Carl H. Bloch Jezus wyp\u0119dza kupc\u00f3w ze \u015bwi\u0105tyni<\/em><\/center><\/figcaption><\/figure>\n<\/div>\n\n\n<p><strong>Jan Twardowski<\/strong><\/p>\n\n\n\n<p><em><strong>Poznaj\u0119<\/strong><\/em><\/p>\n\n\n\n<p>Poznaj\u0119 ciebie bo masz swe humory<br>niebo obok czy\u015b\u0107ca a piek\u0142o od zaraz<br>I ty mnie zauwa\u017casz<br>bo mam krzywe serce<br>to znaczy wiele uczu\u0107 kt\u00f3re mnie prowadz\u0105<\/p>\n\n\n\n<p>b\u0142\u0105dzimy grzeszymy<br>I trzaskamy drzwiami<br>gdy wady nam uciekn\u0105<br>to si\u0119 nie poznamy &nbsp;<strong><\/strong><\/p>\n\n\n\n<p><em><strong>\u00abABC ksi\u0119dza Twardowskiego. Rok B\u00bb, Warszawa 2002, str. 39<\/strong><\/em><\/p>\n\n\n\n<p><strong>Jan Zieli\u0144ski<\/strong><\/p>\n\n\n\n<p><em><strong>Sen<\/strong><\/em><\/p>\n\n\n\n<p>Tej nocy \u015bni\u0142o mi si\u0119<br>dostojne duchowie\u0144stwo<br>ksi\u0119\u017ca posuwali si\u0119 w g\u00f3r\u0119<br>wolnym krokiem<br>pachnia\u0142a farba drukarska<br>bardzo m\u0105drych ksi\u0105\u017cek<br>ostro\u017cnie niesiono na sutannach<br>okruchy ceg\u0142y i wapna<br>z nowych ko\u015bcio\u0142\u00f3w<br>gdzie\u015b \u0142zawi\u0142y cudowne kazania<br>kto\u015b d\u017awiga\u0142 g\u00f3r\u0119 kancelaryjnych akt<\/p>\n\n\n\n<p>sta\u0142em z boku<br>z pustymi d\u0142o\u0144mi<br>nie bardzo wiedz\u0105c<br>o co tu chodzi<br>na ko\u0144cu kolejki<br>szed\u0142 proboszcz z Ars<br>ci\u0105gn\u0105\u0142 za sob\u0105 dwuko\u0142owy w\u00f3zek<br>z odrapanym konfesjona\u0142em<\/p>\n\n\n\n<p><em><strong>\u00abwiersze podarowane\u00bb, Warszawa 1994, str. 44<\/strong><\/em><\/p>\n\n\n\n<p class=\"has-text-align-center\"><a href=\"https:\/\/poezjaiewangelia.pl\/?page_id=4253#Gora\"><span style=\"color:#1e73be\" class=\"has-inline-color\">Do g\u00f3ry<\/span><\/a><\/p>\n","protected":false},"excerpt":{"rendered":"<p>Powr\u00f3t do Wielki Post Powr\u00f3t do WP rok B &nbsp;Powr\u00f3t do Linki Ewangelia: J 2, 13 \u2013 25; Znak oczyszczenia \u015bwi\u0105tyni 13 Zbli\u017ca\u0142a si\u0119 pora Paschy \u017cydowskiej i Jezus uda\u0142 si\u0119 do Jerozolimy.14 W \u015bwi\u0105tyni napotka\u0142 siedz\u0105cych za sto\u0142ami bankier\u00f3w oraz tych, kt\u00f3rzy sprzedawali wo\u0142y, baranki i go\u0142\u0119bie.15 W\u00f3wczas sporz\u0105dziwszy sobie bicz ze sznurk\u00f3w, powyp\u0119dza\u0142 &hellip; <a href=\"https:\/\/poezjaiewangelia.pl\/?page_id=4253\" class=\"more-link\">Czytaj dalej <span class=\"screen-reader-text\">3 Niedziela Wielkiego Postu rok B<\/span><\/a><\/p>\n","protected":false},"author":1,"featured_media":0,"parent":115,"menu_order":3,"comment_status":"closed","ping_status":"closed","template":"","meta":{"_monsterinsights_skip_tracking":false,"_monsterinsights_sitenote_active":false,"_monsterinsights_sitenote_note":"","_monsterinsights_sitenote_category":0,"footnotes":""},"class_list":["post-4253","page","type-page","status-publish","hentry"],"aioseo_notices":[],"_links":{"self":[{"href":"https:\/\/poezjaiewangelia.pl\/index.php?rest_route=\/wp\/v2\/pages\/4253","targetHints":{"allow":["GET"]}}],"collection":[{"href":"https:\/\/poezjaiewangelia.pl\/index.php?rest_route=\/wp\/v2\/pages"}],"about":[{"href":"https:\/\/poezjaiewangelia.pl\/index.php?rest_route=\/wp\/v2\/types\/page"}],"author":[{"embeddable":true,"href":"https:\/\/poezjaiewangelia.pl\/index.php?rest_route=\/wp\/v2\/users\/1"}],"replies":[{"embeddable":true,"href":"https:\/\/poezjaiewangelia.pl\/index.php?rest_route=%2Fwp%2Fv2%2Fcomments&post=4253"}],"version-history":[{"count":13,"href":"https:\/\/poezjaiewangelia.pl\/index.php?rest_route=\/wp\/v2\/pages\/4253\/revisions"}],"predecessor-version":[{"id":9969,"href":"https:\/\/poezjaiewangelia.pl\/index.php?rest_route=\/wp\/v2\/pages\/4253\/revisions\/9969"}],"up":[{"embeddable":true,"href":"https:\/\/poezjaiewangelia.pl\/index.php?rest_route=\/wp\/v2\/pages\/115"}],"wp:attachment":[{"href":"https:\/\/poezjaiewangelia.pl\/index.php?rest_route=%2Fwp%2Fv2%2Fmedia&parent=4253"}],"curies":[{"name":"wp","href":"https:\/\/api.w.org\/{rel}","templated":true}]}}