{"id":4259,"date":"2018-10-24T09:40:18","date_gmt":"2018-10-24T09:40:18","guid":{"rendered":"https:\/\/poezjaiewangelia.pl\/?page_id=4259"},"modified":"2022-07-12T17:37:21","modified_gmt":"2022-07-12T16:37:21","slug":"5-niedziela-wielkiego-postu-rok-b","status":"publish","type":"page","link":"https:\/\/poezjaiewangelia.pl\/?page_id=4259","title":{"rendered":"5 Niedziela Wielkiego Postu rok B"},"content":{"rendered":"\n<p><span style=\"color: #1e73be;\"><a style=\"color: #1e73be;\" href=\"https:\/\/poezjaiewangelia.pl\/?page_id=57#S57\">Powr\u00f3t do Wielki Post,<\/a> <\/span><a id=\"Gora\"><\/a><span style=\"color: #1e73be;\"> <a style=\"color: #1e73be;\" href=\"https:\/\/poezjaiewangelia.pl\/?page_id=115#S115\">Powr\u00f3t do WP rok B,<\/a>&nbsp;<\/span><a id=\"S4259\"><\/a><span style=\"color: #1e73be;\">&nbsp;<a style=\"color: #1e73be;\" href=\"https:\/\/poezjaiewangelia.pl\/?page_id=703#S703\">Powr\u00f3t do Linki<\/a><\/span><\/p>\n\n\n<div class=\"wp-block-image\">\n<figure class=\"alignright size-large\"><img loading=\"lazy\" decoding=\"async\" width=\"150\" height=\"113\" src=\"https:\/\/poezjaiewangelia.pl\/wp-content\/uploads\/2020\/06\/R\u00f3\u017ca-fioletowa.png\" alt=\"Kolor szat\" class=\"wp-image-8734\"\/><figcaption>Kolor szat<\/figcaption><\/figure>\n<\/div>\n\n<div class=\"wp-block-image\">\n<figure class=\"alignleft\"><a href=\"https:\/\/commons.wikimedia.org\/wiki\/File:Christ_Carrying_the_Cross_1580.jpg\" target=\"_blank\" rel=\"noopener noreferrer\"><img decoding=\"async\" src=\"https:\/\/poezjaiewangelia.pl\/wp-content\/uploads\/2015\/12\/El_Greco_Christ_Carrying_the_Cross1.jpg1.jpg\" alt=\"El Greco Chrystus d\u017awigaj\u0105cy krzy\u017c\" title=\"El Greco Chrystus d\u017awigaj\u0105cy krzy\u017c\"\/><\/a><\/figure>\n<\/div>\n\n\n<hr class=\"wp-block-separator has-text-color has-luminous-vivid-amber-color has-css-opacity has-luminous-vivid-amber-background-color has-background is-style-dots\"\/>\n\n\n\n<p class=\"has-text-align-left\"><strong>Ewangelia: J 12, 20 \u2013 33;<\/strong><\/p>\n\n\n\n<h2 class=\"wp-block-heading\"><span style=\"background-color:rgba(0, 0, 0, 0)\" class=\"has-inline-color has-vivid-purple-color\">S\u0142owo Bo\u017ce<\/span><\/h2>\n\n\n<div class=\"wp-block-image\">\n<figure class=\"alignleft size-large is-resized\"><a href=\"https:\/\/pl.wikipedia.org\/w\/index.php?title=Plik:Grunewald_Isenheim1.jpg&amp;filetimestamp=20050502220439\" target=\"_blank\" rel=\"noopener noreferrer\"><img loading=\"lazy\" decoding=\"async\" src=\"https:\/\/poezjaiewangelia.pl\/wp-content\/uploads\/2015\/11\/a1df79c27a7765610cd60b66ab5d9c86-e1458229709951.jpg\" alt=\"Matthias Gr\u00fcnewald O\u0142tarz z Isenheim Ukrzy\u017cowanie\" class=\"wp-image-2739\" width=\"381\" height=\"269\" title=\"Matthias Gr\u00fcnewald O\u0142tarz z Isenheim Ukrzy\u017cowanie\"\/><\/a><figcaption><center><em>Matthias Gr\u00fcnewald O\u0142tarz z Isenheim Ukrzy\u017cowanie<\/em><\/center><\/figcaption><\/figure>\n<\/div>\n\n\n\n\n<p><strong>Godzina Syna Cz\u0142owieczego<\/strong><\/p>\n<p>20 A w\u015br\u00f3d tych, kt\u00f3rzy przybyli, aby odda\u0107 pok\u0142on [Bogu] w czasie \u015bwi\u0119ta, byli te\u017c niekt\u00f3rzy Grecy.<br \/>21 Oni wi\u0119c przyst\u0105pili do Filipa, pochodz\u0105cego z Betsaidy Galilejskiej, i prosili go m\u00f3wi\u0105c: \u00abPanie, chcemy ujrze\u0107 Jezusa\u00bb.<br \/>22 Filip poszed\u0142 i powiedzia\u0142 Andrzejowi. Z kolei Andrzej i Filip poszli i powiedzieli Jezusowi.<br \/>23 A Jezus da\u0142 im tak\u0105 odpowied\u017a: \u00abNadesz\u0142a godzina, aby zosta\u0142 uwielbiony Syn Cz\u0142owieczy.<br \/><span style=\"color: #993300;\"><strong>24 Zaprawd\u0119, zaprawd\u0119, powiadam wam: Je\u017celi ziarno pszenicy wpad\u0142szy w ziemi\u0119 nie obumrze, zostanie tylko samo, ale je\u017celi obumrze, przynosi plon obfity.<\/strong><\/span><br \/><span style=\"color: #993300;\"><strong>25 Ten, kto kocha swoje \u017cycie, traci je, a kto nienawidzi swego \u017cycia na tym \u015bwiecie, zachowa je na \u017cycie wieczne.<\/strong><\/span><br \/><span style=\"color: #993300;\"><strong>26 A kto by chcia\u0142 Mi s\u0142u\u017cy\u0107, niech idzie za Mn\u0105, a gdzie Ja jestem, tam b\u0119dzie i m\u00f3j s\u0142uga. A je\u015bli kto\u015b Mi s\u0142u\u017cy, uczci go m\u00f3j Ojciec.<\/strong><\/span><br \/>27 Teraz dusza moja dozna\u0142a l\u0119ku i c\u00f3\u017c mam powiedzie\u0107? Ojcze, wybaw Mnie od tej godziny. Nie, w\u0142a\u015bnie dlatego przyszed\u0142em na t\u0119 godzin\u0119.<br \/>28 Ojcze, ws\u0142aw Twoje imi\u0119!\u00bb. Wtem rozleg\u0142 si\u0119 g\u0142os z nieba: \u00abJu\u017c ws\u0142awi\u0142em i jeszcze ws\u0142awi\u0119\u00bb.<br \/>29 T\u0142um stoj\u0105cy [to] us\u0142ysza\u0142 i m\u00f3wi\u0142: \u00abZagrzmia\u0142o!\u00bb Inni m\u00f3wili: \u00abAnio\u0142 przem\u00f3wi\u0142 do Niego\u00bb.<br \/>30 Na to rzek\u0142 Jezus: \u00abG\u0142os ten rozleg\u0142 si\u0119 nie ze wzgl\u0119du na Mnie, ale ze wzgl\u0119du na was.<br \/>31 Teraz odbywa si\u0119 s\u0105d nad tym \u015bwiatem. Teraz w\u0142adca tego \u015bwiata zostanie precz wyrzucony.<br \/>32 A Ja, gdy zostan\u0119 nad ziemi\u0119 wywy\u017cszony, przyci\u0105gn\u0119 wszystkich do siebie\u00bb.<br \/>33 To powiedzia\u0142 zaznaczaj\u0105c, jak\u0105 \u015bmierci\u0105 mia\u0142 umrze\u0107.<\/p>\n\n\n\n<h2 class=\"wp-block-heading\"><span style=\"background-color:rgba(0, 0, 0, 0)\" class=\"has-inline-color has-vivid-purple-color\">Refleksja<\/span><\/h2>\n\n\n\n<p><strong>Wac\u0142aw Oszajca<\/strong><\/p>\n\n\n\n<p><em><strong>s\u0105dny dzie\u0144<\/strong><\/em><\/p>\n\n\n\n<p>kiedy stan\u0119 przed tob\u0105<br>przecie\u017c nie b\u0119dziesz mnie przepytywa\u0142<br>skoro wszystko wiesz<br>to ja ciebie zapytam<br>dlaczego my tutaj musieli\u015bmy ca\u0142e \u017cycie<br>je\u015b\u0107 czyje\u015b cia\u0142o<br>pi\u0107 czyj\u0105\u015b krew<br>bo tak wygl\u0105da u nas mi\u0142o\u015b\u0107<br>dlatego \u017ce nie jeste\u015b nam nic winien<br>powiedz<br>dlaczego ostatnie s\u0142owa<br>ostatnie zdanie dobrej nowiny<br>w najstarszej Ewangelii<br>to<br>Bo\u017ce m\u00f3j<br>Bo\u017ce m\u00f3j<br>czemu\u015b mnie opu\u015bci\u0142<\/p>\n\n\n\n<p><em><strong>\u00abReszta wi\u0119ksza od ca\u0142o\u015bci\u00bb, Warszawa 2003, str.141<\/strong><\/em><\/p>\n\n\n<div class=\"wp-block-image\">\n<figure class=\"alignright size-large is-resized\"><a href=\"https:\/\/commons.wikimedia.org\/wiki\/File:Christ_Carrying_the_Cross_1580.jpg\" target=\"_blank\" rel=\"noopener noreferrer\"><img loading=\"lazy\" decoding=\"async\" src=\"https:\/\/poezjaiewangelia.pl\/wp-content\/uploads\/2015\/11\/8b527789c4bad6fd98bafaf900d36586-e1461934308224.jpg\" alt=\"El Greco Chrystus d\u017awigaj\u0105cy krzy\u017c \" class=\"wp-image-2740\" width=\"287\" height=\"400\" title=\"El Greco Chrystus d\u017awigaj\u0105cy krzy\u017c \"\/><\/a><figcaption><center><em>El Greco Chrystus d\u017awigaj\u0105cy krzy\u017c <\/em><\/center><\/figcaption><\/figure>\n<\/div>\n\n\n<p><strong>Janusz Pasierb<\/strong><\/p>\n\n\n\n<p><em><strong>Ave verum<\/strong><\/em><\/p>\n\n\n\n<p>witaj cia\u0142o<br>urodzone w krwi<br>umieraj\u0105ce w krwi<\/p>\n\n\n\n<p>w kt\u00f3rym<br>i przez kt\u00f3re<br>dost\u0119pujemy zbawienia<\/p>\n\n\n\n<p><em><strong>\u00abWiersze religijne\u00bb, Pozna\u0144 \u2013 Warszawa 1983, str. 46<\/strong><\/em><\/p>\n\n\n\n<p><strong>Janusz Pasierb<\/strong><\/p>\n\n\n\n<p><em><strong>Droga<\/strong><\/em><\/p>\n\n\n\n<p>Ty jeste\u015b<br>ale i ja jestem drog\u0105<br>kiedy\u015b g\u0142adk\u0105<br>teraz wyboist\u0105<br>przesz\u0142o przez mnie tylu ludzi<br>niekt\u00f3re stopy dotyka\u0142y mnie lekko<br>inne depta\u0142y twardo<\/p>\n\n\n\n<p>Ty ci\u0105gle przeze mnie przechodzisz<br>jestem drog\u0105 Twojej nadziei<\/p>\n\n\n\n<p>jestem Twoj\u0105 drog\u0105jestem Twoj\u0105 drog\u0105 trudn\u0105<br>znaczon\u0105 jagodami ciemnej krwi<br>z wytart\u0105 w kurzu poszarpan\u0105 bruzd\u0105<br>kiedy upadasz przeze mnie<br>wtedy jeste\u015bmy najbli\u017cej<br>czuj\u0119 jak bije zm\u0119czone serce<br>zanim si\u0119 zd\u0105\u017cysz poderwa\u0107<br>\u017ceby i\u015b\u0107 dalej we mnie<\/p>\n\n\n\n<p>jestem Twoj\u0105 drog\u0105 krzy\u017cow\u0105<br>jestem Twoim skrzy\u017cowaniem dr\u00f3g<\/p>\n\n\n\n<p><em><strong>\u00abWiersze religijne\u00bb, Pozna\u0144 \u2013 Warszawa 1983, str. 77<\/strong><\/em><\/p>\n\n\n\n<p class=\"has-text-align-center\"><a href=\"https:\/\/poezjaiewangelia.pl\/?page_id=4259#Gora\"><span style=\"color:#1e73be\" class=\"has-inline-color\">Do g\u00f3ry<\/span><\/a><\/p>\n","protected":false},"excerpt":{"rendered":"<p>Powr\u00f3t do Wielki Post, Powr\u00f3t do WP rok B,&nbsp;&nbsp;Powr\u00f3t do Linki Ewangelia: J 12, 20 \u2013 33; Godzina Syna Cz\u0142owieczego 20 A w\u015br\u00f3d tych, kt\u00f3rzy przybyli, aby odda\u0107 pok\u0142on [Bogu] w czasie \u015bwi\u0119ta, byli te\u017c niekt\u00f3rzy Grecy.21 Oni wi\u0119c przyst\u0105pili do Filipa, pochodz\u0105cego z Betsaidy Galilejskiej, i prosili go m\u00f3wi\u0105c: \u00abPanie, chcemy ujrze\u0107 Jezusa\u00bb.22 Filip &hellip; <a href=\"https:\/\/poezjaiewangelia.pl\/?page_id=4259\" class=\"more-link\">Czytaj dalej <span class=\"screen-reader-text\">5 Niedziela Wielkiego Postu rok B<\/span><\/a><\/p>\n","protected":false},"author":1,"featured_media":0,"parent":115,"menu_order":5,"comment_status":"closed","ping_status":"closed","template":"","meta":{"_monsterinsights_skip_tracking":false,"_monsterinsights_sitenote_active":false,"_monsterinsights_sitenote_note":"","_monsterinsights_sitenote_category":0,"footnotes":""},"class_list":["post-4259","page","type-page","status-publish","hentry"],"aioseo_notices":[],"_links":{"self":[{"href":"https:\/\/poezjaiewangelia.pl\/index.php?rest_route=\/wp\/v2\/pages\/4259","targetHints":{"allow":["GET"]}}],"collection":[{"href":"https:\/\/poezjaiewangelia.pl\/index.php?rest_route=\/wp\/v2\/pages"}],"about":[{"href":"https:\/\/poezjaiewangelia.pl\/index.php?rest_route=\/wp\/v2\/types\/page"}],"author":[{"embeddable":true,"href":"https:\/\/poezjaiewangelia.pl\/index.php?rest_route=\/wp\/v2\/users\/1"}],"replies":[{"embeddable":true,"href":"https:\/\/poezjaiewangelia.pl\/index.php?rest_route=%2Fwp%2Fv2%2Fcomments&post=4259"}],"version-history":[{"count":11,"href":"https:\/\/poezjaiewangelia.pl\/index.php?rest_route=\/wp\/v2\/pages\/4259\/revisions"}],"predecessor-version":[{"id":9971,"href":"https:\/\/poezjaiewangelia.pl\/index.php?rest_route=\/wp\/v2\/pages\/4259\/revisions\/9971"}],"up":[{"embeddable":true,"href":"https:\/\/poezjaiewangelia.pl\/index.php?rest_route=\/wp\/v2\/pages\/115"}],"wp:attachment":[{"href":"https:\/\/poezjaiewangelia.pl\/index.php?rest_route=%2Fwp%2Fv2%2Fmedia&parent=4259"}],"curies":[{"name":"wp","href":"https:\/\/api.w.org\/{rel}","templated":true}]}}