{"id":4281,"date":"2018-10-24T14:46:13","date_gmt":"2018-10-24T14:46:13","guid":{"rendered":"https:\/\/poezjaiewangelia.pl\/?page_id=4281"},"modified":"2022-07-12T17:39:58","modified_gmt":"2022-07-12T16:39:58","slug":"2-niedziela-wielkiego-postu-rok-c","status":"publish","type":"page","link":"https:\/\/poezjaiewangelia.pl\/?page_id=4281","title":{"rendered":"2 Niedziela Wielkiego Postu rok C"},"content":{"rendered":"\n<p><span style=\"color: #1e73be;\"><a style=\"color: #1e73be;\" href=\"https:\/\/poezjaiewangelia.pl\/?page_id=57#S57\">Powr\u00f3t do Wielki Post,<\/a>&nbsp;<\/span><a id=\"S4281\"><\/a><span style=\"color: #1e73be;\"><a style=\"color: #1e73be;\" href=\"https:\/\/poezjaiewangelia.pl\/?page_id=117#S117\"> Powr\u00f3t do WP rok C, <\/a><\/span><a id=\"Gora\"><\/a><span style=\"color: #1e73be;\">&nbsp;&nbsp;<a style=\"color: #1e73be;\" href=\"https:\/\/poezjaiewangelia.pl\/?page_id=703#S703\">Powr\u00f3t do Linki<\/a><\/span><\/p>\n\n\n<div class=\"wp-block-image\">\n<figure class=\"alignright size-large\"><img loading=\"lazy\" decoding=\"async\" width=\"150\" height=\"113\" src=\"https:\/\/poezjaiewangelia.pl\/wp-content\/uploads\/2020\/06\/R\u00f3\u017ca-fioletowa.png\" alt=\"Kolor szat\" class=\"wp-image-8734\"\/><figcaption>Kolor szat<\/figcaption><\/figure>\n<\/div>\n\n<div class=\"wp-block-image\">\n<figure class=\"alignleft\"><a href=\"https:\/\/www.wga.hu\/framex-e.html?file=html\/b\/brunelle\/crucifix.html&amp;find=Crucifix\" target=\"_blank\" rel=\"noopener noreferrer\"><img decoding=\"async\" src=\"https:\/\/poezjaiewangelia.pl\/wp-content\/uploads\/2020\/04\/Filippo-Brunelleschi-Krucyfiks-2-e1588175454508.jpg\" alt=\"Filippo Brunelleschi Krucyfiks\" title=\"Filippo Brunelleschi Krucyfiks\"\/><\/a><\/figure>\n<\/div>\n\n\n<hr class=\"wp-block-separator has-text-color has-luminous-vivid-amber-color has-css-opacity has-luminous-vivid-amber-background-color has-background is-style-dots\"\/>\n\n\n\n<p><strong>Ewangelia: \u0141k 9, 28 b \u2013 36;<\/strong><\/p>\n\n\n\n<h2 class=\"wp-block-heading\"><span style=\"background-color:rgba(0, 0, 0, 0)\" class=\"has-inline-color has-vivid-purple-color\">S\u0142owo Bo\u017ce<\/span><\/h2>\n\n\n<div class=\"wp-block-image\">\n<figure class=\"alignright size-large is-resized\"><a href=\"https:\/\/www.wga.hu\/frames-e.html?\/html\/r\/raphael\/5roma\/5\/10trans.html\" target=\"_blank\" rel=\"noopener noreferrer\"><img loading=\"lazy\" decoding=\"async\" src=\"https:\/\/poezjaiewangelia.pl\/wp-content\/uploads\/2015\/11\/Rafael-Santi-Przemienienie..jpg\" alt=\"Rafael Santi Przemienienie\" class=\"wp-image-2133\" width=\"316\" height=\"463\" title=\"Rafael Santi Przemienienie\" srcset=\"https:\/\/poezjaiewangelia.pl\/wp-content\/uploads\/2015\/11\/Rafael-Santi-Przemienienie..jpg 300w, https:\/\/poezjaiewangelia.pl\/wp-content\/uploads\/2015\/11\/Rafael-Santi-Przemienienie.-205x300.jpg 205w\" sizes=\"auto, (max-width: 316px) 100vw, 316px\" \/><\/a><figcaption><center><em>Rafael Santi Przemienienie<\/em><\/center><\/figcaption><\/figure>\n<\/div>\n\n\n<p><strong>Przemienienie Jezusa<\/strong><\/p>\n<p>28 W jakie\u015b osiem dni po tych mowach wzi\u0105\u0142 z sob\u0105 Piotra, Jana i Jakuba i wyszed\u0142 na g\u00f3r\u0119, aby si\u0119 modli\u0107.<br \/>29 Gdy si\u0119 modli\u0142, wygl\u0105d Jego twarzy si\u0119 odmieni\u0142, a Jego odzienie sta\u0142o si\u0119 l\u015bni\u0105co bia\u0142e.<br \/>30 A oto dw\u00f3ch m\u0119\u017c\u00f3w rozmawia\u0142o z Nim. Byli to Moj\u017cesz i Eliasz.<br \/>31 Ukazali si\u0119 oni w chwale i m\u00f3wili o Jego odej\u015bciu, kt\u00f3rego mia\u0142 dokona\u0107 w Jerozolimie.<br \/>32 Tymczasem Piotr i towarzysze snem byli zmorzeni. Gdy si\u0119 ockn\u0119li, ujrzeli Jego chwa\u0142\u0119 i obydw\u00f3ch m\u0119\u017c\u00f3w, stoj\u0105cych przy Nim.<br \/>33 Gdy oni odchodzili od Niego, Piotr rzek\u0142 do Jezusa: \u00abMistrzu, dobrze, \u017ce tu jeste\u015bmy. Postawimy trzy namioty: jeden dla Ciebie, jeden dla Moj\u017cesza i jeden dla Eliasza\u00bb. Nie wiedzia\u0142 bowiem, co m\u00f3wi.<br \/>34 Gdy jeszcze to m\u00f3wi\u0142, zjawi\u0142 si\u0119 ob\u0142ok i os\u0142oni\u0142 ich; zl\u0119kli si\u0119, gdy [tamci] weszli w ob\u0142ok.<br \/><span style=\"color: #993300;\"><strong>35 A z ob\u0142oku odezwa\u0142 si\u0119 g\u0142os: \u00abTo jest Syn m\u00f3j, Wybrany, Jego s\u0142uchajcie!\u00bb<\/strong><\/span><br \/>36 W chwili, gdy odezwa\u0142 si\u0119 ten g\u0142os, Jezus znalaz\u0142 si\u0119 sam. A oni zachowali milczenie i w owym czasie nikomu nic nie oznajmiali o tym, co widzieli.<\/p>\n\n\n\n<h2 class=\"wp-block-heading\"><span style=\"background-color:rgba(0, 0, 0, 0)\" class=\"has-inline-color has-vivid-purple-color\">Refleksja<\/span><\/h2>\n\n\n\n<p><strong>Jan Twardowski<\/strong><\/p>\n\n\n\n<p><em><strong>Dobry Jezu<\/strong><\/em><\/p>\n\n\n\n<p>Dobry Jezu z gwo\u017adziami ostrymi<br>raz pisz\u0105cy na ostrej ziemi<\/p>\n\n\n\n<p>\u017ce pisa\u0142e\u015b, a potem star\u0142e\u015b<br>krzy\u017c podj\u0105\u0142e\u015b, za nas umar\u0142e\u015b<\/p>\n\n\n\n<p>niech Ci\u0119 wielbi\u0105, kochaj\u0105 i s\u0142ysz\u0105<br>du\u017co milcz\u0105, kr\u00f3ciutko pisz\u0105<br>nad ksi\u0105\u017ckami wielkimi, m\u0105drymi<br>sp\u00f3jrz jak w Piotra \u2013 niech p\u0142acz\u0105 w sieni.<\/p>\n\n\n<div class=\"wp-block-image\">\n<figure class=\"alignleft size-large is-resized\"><a href=\"https:\/\/www.wga.hu\/framex-e.html?file=html\/v\/veronese\/02_1550s\/4transfi.html&amp;find=The+Transfiguration+\" target=\"_blank\" rel=\"noopener noreferrer\"><img loading=\"lazy\" decoding=\"async\" src=\"https:\/\/poezjaiewangelia.pl\/wp-content\/uploads\/2015\/11\/Paolo_Veronese_-Przemienienie_Chrystusa.jpg\" alt=\"Paolo Veronese Przemienienie Chrystusa\" class=\"wp-image-2135\" width=\"286\" height=\"333\" title=\"Paolo Veronese Przemienienie Chrystusa\" srcset=\"https:\/\/poezjaiewangelia.pl\/wp-content\/uploads\/2015\/11\/Paolo_Veronese_-Przemienienie_Chrystusa.jpg 300w, https:\/\/poezjaiewangelia.pl\/wp-content\/uploads\/2015\/11\/Paolo_Veronese_-Przemienienie_Chrystusa-258x300.jpg 258w\" sizes=\"auto, (max-width: 286px) 100vw, 286px\" \/><\/a><figcaption><center><em>Paolo Veronese Przemienienie Chrystusa<\/em><\/center><\/figcaption><\/figure>\n<\/div>\n\n\n<hr class=\"wp-block-separator has-text-color has-luminous-vivid-amber-color has-css-opacity has-luminous-vivid-amber-background-color has-background is-style-dots\"\/>\n\n\n\n<p><strong>Janusz Pasierb&nbsp;<\/strong><\/p>\n\n\n\n<p><em><strong>Wczoraj oko\u0142o si\u00f3dmej<\/strong><\/em><\/p>\n\n\n\n<p>przypomnij sobie o kt\u00f3rej<br>rozmawia\u0142e\u015b wczoraj z Jezusem<\/p>\n\n\n\n<p>o kim\u015b komu nikt nie m\u00f3g\u0142 pom\u00f3c<br>kogo musia\u0142e\u015b zostawi\u0107<br>\u017ceby szuka\u0107 ratunku<br>\u017ceby pom\u00f3wi\u0107 z Jezusem<\/p>\n\n\n\n<p>pomy\u015bl mo\u017ce to by\u0142o<br>wczoraj wieczorem o si\u00f3dmej<\/p>\n\n\n\n<p><em><strong>\u00abWiersze religijne\u00bb, Pozna\u0144 \u2013 Warszawa 1983, str. 41<\/strong><\/em><\/p>\n\n\n\n<p class=\"has-text-align-center\"><a href=\"https:\/\/poezjaiewangelia.pl\/?page_id=4281&amp;preview_id=4281#Gora\"><span style=\"color:#1e73be\" class=\"has-inline-color\">Do g\u00f3ry<\/span><\/a><\/p>\n","protected":false},"excerpt":{"rendered":"<p>Powr\u00f3t do Wielki Post,&nbsp; Powr\u00f3t do WP rok C, &nbsp;&nbsp;Powr\u00f3t do Linki Ewangelia: \u0141k 9, 28 b \u2013 36; Przemienienie Jezusa 28 W jakie\u015b osiem dni po tych mowach wzi\u0105\u0142 z sob\u0105 Piotra, Jana i Jakuba i wyszed\u0142 na g\u00f3r\u0119, aby si\u0119 modli\u0107.29 Gdy si\u0119 modli\u0142, wygl\u0105d Jego twarzy si\u0119 odmieni\u0142, a Jego odzienie sta\u0142o &hellip; <a href=\"https:\/\/poezjaiewangelia.pl\/?page_id=4281\" class=\"more-link\">Czytaj dalej <span class=\"screen-reader-text\">2 Niedziela Wielkiego Postu rok C<\/span><\/a><\/p>\n","protected":false},"author":1,"featured_media":0,"parent":117,"menu_order":2,"comment_status":"closed","ping_status":"closed","template":"","meta":{"_monsterinsights_skip_tracking":false,"_monsterinsights_sitenote_active":false,"_monsterinsights_sitenote_note":"","_monsterinsights_sitenote_category":0,"footnotes":""},"class_list":["post-4281","page","type-page","status-publish","hentry"],"aioseo_notices":[],"_links":{"self":[{"href":"https:\/\/poezjaiewangelia.pl\/index.php?rest_route=\/wp\/v2\/pages\/4281","targetHints":{"allow":["GET"]}}],"collection":[{"href":"https:\/\/poezjaiewangelia.pl\/index.php?rest_route=\/wp\/v2\/pages"}],"about":[{"href":"https:\/\/poezjaiewangelia.pl\/index.php?rest_route=\/wp\/v2\/types\/page"}],"author":[{"embeddable":true,"href":"https:\/\/poezjaiewangelia.pl\/index.php?rest_route=\/wp\/v2\/users\/1"}],"replies":[{"embeddable":true,"href":"https:\/\/poezjaiewangelia.pl\/index.php?rest_route=%2Fwp%2Fv2%2Fcomments&post=4281"}],"version-history":[{"count":15,"href":"https:\/\/poezjaiewangelia.pl\/index.php?rest_route=\/wp\/v2\/pages\/4281\/revisions"}],"predecessor-version":[{"id":9974,"href":"https:\/\/poezjaiewangelia.pl\/index.php?rest_route=\/wp\/v2\/pages\/4281\/revisions\/9974"}],"up":[{"embeddable":true,"href":"https:\/\/poezjaiewangelia.pl\/index.php?rest_route=\/wp\/v2\/pages\/117"}],"wp:attachment":[{"href":"https:\/\/poezjaiewangelia.pl\/index.php?rest_route=%2Fwp%2Fv2%2Fmedia&parent=4281"}],"curies":[{"name":"wp","href":"https:\/\/api.w.org\/{rel}","templated":true}]}}