{"id":4285,"date":"2018-10-24T15:02:29","date_gmt":"2018-10-24T15:02:29","guid":{"rendered":"https:\/\/poezjaiewangelia.pl\/?page_id=4285"},"modified":"2022-07-12T17:40:56","modified_gmt":"2022-07-12T16:40:56","slug":"3-niedziela-wielkiego-postu-rok-c","status":"publish","type":"page","link":"https:\/\/poezjaiewangelia.pl\/?page_id=4285","title":{"rendered":"3 Niedziela Wielkiego Postu rok C"},"content":{"rendered":"\n<p><span style=\"color: #1e73be;\"><a style=\"color: #1e73be;\" href=\"https:\/\/poezjaiewangelia.pl\/?page_id=57#S57\">Powr\u00f3t do Wielki Post,<\/a>&nbsp;<\/span><a id=\"S4285\"><\/a><span style=\"color: #1e73be;\"><a style=\"color: #1e73be;\" href=\"https:\/\/poezjaiewangelia.pl\/?page_id=117#S117\"> Powr\u00f3t do WP rok C, <\/a><\/span><a id=\"Gora\"><\/a><span style=\"color: #1e73be;\">&nbsp;&nbsp;<a style=\"color: #1e73be;\" href=\"https:\/\/poezjaiewangelia.pl\/?page_id=703#S703\">Powr\u00f3t do Linki<\/a><\/span><\/p>\n\n\n<div class=\"wp-block-image\">\n<figure class=\"alignright size-large\"><img loading=\"lazy\" decoding=\"async\" width=\"150\" height=\"113\" src=\"https:\/\/poezjaiewangelia.pl\/wp-content\/uploads\/2020\/06\/R\u00f3\u017ca-fioletowa.png\" alt=\"Kolor szat\" class=\"wp-image-8734\"\/><figcaption>Kolor szat<\/figcaption><\/figure>\n<\/div>\n\n<div class=\"wp-block-image\">\n<figure class=\"alignleft\"><a href=\"https:\/\/www.wga.hu\/framex-e.html?file=html\/b\/brunelle\/crucifix.html&amp;find=Crucifix\" target=\"_blank\" rel=\"noopener noreferrer\"><img decoding=\"async\" src=\"https:\/\/poezjaiewangelia.pl\/wp-content\/uploads\/2020\/04\/Filippo-Brunelleschi-Krucyfiks-2-e1588175454508.jpg\" alt=\"Filippo Brunelleschi Krucyfiks\" title=\"Filippo Brunelleschi Krucyfiks\"\/><\/a><\/figure>\n<\/div>\n\n\n<hr class=\"wp-block-separator has-text-color has-luminous-vivid-amber-color has-css-opacity has-luminous-vivid-amber-background-color has-background is-style-dots\"\/>\n\n\n\n<p><strong>Ewangelia: \u0141k 13, 1 \u2013 9;<\/strong><\/p>\n\n\n\n<h2 class=\"wp-block-heading\"><span style=\"background-color:rgba(0, 0, 0, 0)\" class=\"has-inline-color has-vivid-purple-color\">S\u0142owo Bo\u017ce<\/span><\/h2>\n\n\n<div class=\"wp-block-image\">\n<figure class=\"alignleft size-large is-resized\"><a href=\"https:\/\/thinkhebrew.files.wordpress.com\/2009\/12\/fig_tree21.jpg\" target=\"_blank\" rel=\"noopener noreferrer\"><img loading=\"lazy\" decoding=\"async\" src=\"https:\/\/poezjaiewangelia.pl\/wp-content\/uploads\/2015\/11\/Drzewo_figowe-e1462000708341.jpg\" alt=\"Figowiec - terebint\" class=\"wp-image-2137\" width=\"283\" height=\"392\" title=\"Figowiec - terebint\"\/><\/a><figcaption><center><em>Figowiec &#8211; terebint<\/em><\/center><\/figcaption><\/figure>\n<\/div>\n\n\n<p><strong>Wezwanie do nawr\u00f3cenia<\/strong><br \/>1 W tym samym czasie przyszli niekt\u00f3rzy i donie\u015bli Mu o Galilejczykach, kt\u00f3rych krew Pi\u0142at zmiesza\u0142 z krwi\u0105 ich ofiar.<br \/>2 Jezus im odpowiedzia\u0142: \u00abCzy\u017c my\u015blicie, \u017ce ci Galilejczycy byli wi\u0119kszymi grzesznikami ni\u017c inni mieszka\u0144cy Galilei, \u017ce to ucierpieli?<br \/>3 Bynajmniej, powiadam wam; lecz je\u015bli si\u0119 nie nawr\u00f3cicie, wszyscy podobnie zginiecie.<br \/>4 Albo my\u015blicie, \u017ce owych osiemnastu, na kt\u00f3rych zwali\u0142a si\u0119 wie\u017ca w Siloam i zabi\u0142a ich, by\u0142o wi\u0119kszymi winowajcami ni\u017c inni mieszka\u0144cy Jerozolimy?<br \/><span style=\"color: #993300;\"><strong>5 Bynajmniej, powiadam wam; lecz je\u015bli si\u0119 nie nawr\u00f3cicie, wszyscy tak samo zginiecie\u00bb.<\/strong><\/span><\/p>\n<p><span style=\"color: #993300;\"><strong>Nieurodzajne drzewo figowe<\/strong><\/span><\/p>\n<p><span style=\"color: #993300;\"><strong>6 I opowiedzia\u0142 im nast\u0119puj\u0105c\u0105 przypowie\u015b\u0107: \u00abPewien cz\u0142owiek mia\u0142 drzewo figowe zasadzone w swojej winnicy; przyszed\u0142 i szuka\u0142 na nim owoc\u00f3w, ale nie znalaz\u0142.<\/strong><\/span><br \/><span style=\"color: #993300;\"><strong>7 Rzek\u0142 wi\u0119c do ogrodnika: \u201cOto ju\u017c trzy lata, odk\u0105d przychodz\u0119 i szukam owocu na tym drzewie figowym, a nie znajduj\u0119. Wytnij je: po co jeszcze ziemi\u0119 wyja\u0142awia?\u201d<\/strong><\/span><br \/><span style=\"color: #993300;\"><strong>8 Lecz on mu odpowiedzia\u0142: \u201cPanie, jeszcze na ten rok je pozostaw; ja okopi\u0119 je i ob\u0142o\u017c\u0119 nawozem;<\/strong><\/span><br \/><span style=\"color: #993300;\"><strong>9 mo\u017ce wyda owoc. A je\u015bli nie, w przysz\u0142o\u015bci mo\u017cesz je wyci\u0105\u0107\u201d\u00bb<\/strong><\/span><\/p>\n\n\n\n<h2 class=\"wp-block-heading\"><span style=\"background-color:rgba(0, 0, 0, 0)\" class=\"has-inline-color has-vivid-purple-color\">Refleksja<\/span><\/h2>\n\n\n\n<p><strong>Leopold Staff<\/strong><\/p>\n\n\n\n<p><strong>* * * &nbsp;<\/strong><br>Je\u017celi t\u0142um\u00f3w karmi\u0142e\u015b narody,<br>Kt\u00f3re si\u0119 zbieg\u0142y z pobli\u017ca i z dali,<br>Pi\u0119ci\u0105 ryb, chocia\u017c niedowiarstwem mali<br>Byli, a jednak nasycili g\u0142ody;<\/p>\n\n\n\n<p>Je\u017celi\u015b, Panie, na wzburzeniu wody<br>\u015ar\u00f3d uczni\u00f3w, co Twej bli\u017cy nie ufali,<br>S\u0142owem swym rozruch uspokoi\u0142 fali,<br>I\u017c nikt, co l\u0119ka\u0142 si\u0119, nie dozna\u0142 szkody:<\/p>\n\n\n\n<p>Czy\u017c by\u0107 nie mo\u017ce, kr\u00f3lu wszech stuleci,<br>Abym ja, kt\u00f3ry p\u0142yn\u0119 w kruchej \u0142odzi<br>I kt\u00f3rym burza niekie\u0142znana ciska,<\/p>\n\n\n\n<p>Nie mia\u0142 by\u0107 z Twoich apostolskich dzieci<br>I przej\u015b\u0107 do Ciebie po mych win powodzi,<br>Cho\u0107, jak Piotr, Twegom zapar\u0142 si\u0119 nazwiska?<\/p>\n\n\n\n<p><em><strong>\u00abZ g\u0142\u0119boko\u015bci\u2026Antologia polskiej modlitwy poetyckiej\u00bb, T. II, Warszawa 1974, str. 11<\/strong><\/em><\/p>\n\n\n\n<p><strong>Beata Oberty\u0144ska<\/strong><\/p>\n\n\n\n<p><strong>* * *<\/strong><br>Przekl\u0105\u0142e\u015b mnie, jak fig\u0119\u2026 I usch\u0142am. Po korzenie.<br>C\u00f3\u017c bo z drzewa, co nigdy owocu mie\u0107 nie b\u0119dzie?<br>Za to mo\u017cesz mnie teraz w ogie\u0144 Tw\u00f3j pchn\u0105\u0107\u2026 P\u0142omienie<br>tym wy\u017cej bij\u0105 w g\u00f3r\u0119, im suchsze by\u0142y ga\u0142\u0119zie\u2026<\/p>\n\n\n\n<p><em><strong>\u00abGrudki kadzid\u0142a\u00bb, Krak\u00f3w 1987, str. 88<\/strong><\/em><\/p>\n\n\n\n<p><strong>Beata Oberty\u0144ska<\/strong><\/p>\n\n\n\n<p><strong>* * *<\/strong><br>Czemu\u015b j\u0105 przekl\u0105\u0142, Panie? A mo\u017ce ta figa<br>ku w\u0142asnej Ci\u0119 rozpaczy czcz\u0105 wita\u0142a g\u0119stw\u0105?<br>Za c\u00f3\u017c t\u0119 drug\u0105 kl\u0105tw\u0119 wypad\u0142o jej d\u017awiga\u0107?<br>Przecie\u017c by\u0142a ja\u0142owa \u2013 a to ju\u017c przekle\u0144stwo!<\/p>\n\n\n\n<p><em><strong>\u00abGrudki kadzid\u0142a\u00bb, Krak\u00f3w 1987, str. 115<\/strong><\/em><\/p>\n\n\n\n<p><strong>Lusia Ogi\u0144ska<\/strong><br><em><strong>Nieurodzajne drzewo<\/strong><\/em><br><em>&nbsp;&nbsp;&nbsp; (Ewangelia wed\u0142ug \u015bw. \u0141ukasza: 13, 6 \u20149)<\/em><\/p>\n\n\n\n<p>W pewnym ogrodzie ros\u0142o drzewo,<br>ga\u0142\u0119zie mia\u0142o roz\u0142o\u017cyste,<br>dumnie wznosi\u0142o si\u0119 pod niebo,<br>rozpo\u015bciera\u0142o pi\u0119kne li\u015bcie\u2026<br>To drzewo nie owocowa\u0142o,<br>cho\u0107 lat min\u0119\u0142o bardzo wiele,<br>chocia\u017c pi\u0119knia\u0142o, promienia\u0142o,<br>pycha si\u0119 wplot\u0142a w jego ziele\u0144.<\/p>\n\n\n\n<p>Do ogrodnika Pan powiada:<br>To drzewo mnie nape\u0142nia gniewem,<br>pr\u00f3\u017cniacze jest, i soki zjada,<br>jest bezowocnym, pustym drzewem!<br>Ogrodnik lito\u015bciwy, prosty<br>zm\u0119czon\u0105 d\u0142o\u0144 na korze k\u0142adzie:<\/p>\n\n\n\n<p>\u2014 O Panie wielki, b\u0105d\u017a mi\u0142o\u015bciw,<br>cho\u0107 jeszcze rok niech ro\u015bnie w sadzie!<br>Dam mu nawozu i z zieleni<br>pych\u0119 \u017cywiczn\u0105 ze\u0144 wytocz\u0119.<br>To drzewo, Panie, si\u0119 odmieni<br>miodowe zrodzi nam owoce!<\/p>\n\n\n\n<p>I cz\u0142owiek bywa jak to drzewo<br>gdy swoj\u0105 pych\u0105 ogr\u00f3d psuje,<br>i z siebie nie chce da\u0107 niczego,<br>bo \u017cyciem swym nie owocuje!<br>Cho\u0107 ogrodnicy si\u0119 wstawiaj\u0105:<br>Maryja, \u015bwi\u0119ci, anio\u0142owie\u2026<br>Z nadziej\u0105 Boga zapewniaj\u0105:<br>\u2014 Wyda owoce pr\u00f3\u017cny cz\u0142owiek.<br>\u2026\u2026\u2026\u2026\u2026\u2026\u2026\u2026\u2026..<br>\u2026\u2026\u2026\u2026\u2026\u2026\u2026\u2026\u2026..<br>W ko\u0144cu umilknie nawet niebo,<br>gdy mi\u0142osierdzia czas odliczy,<br>zostanie bezowocne drzewo\u2026<br>Zap\u0142acz\u0105 Bo\u017cy ogrodnicy!<\/p>\n\n\n\n<p><em><strong>\u00ab\u015aladami Ewangelii\u00bb, Radom 2008, str. 53<\/strong><\/em><\/p>\n\n\n<div class=\"wp-block-image\">\n<figure class=\"alignright size-large\"><a href=\"https:\/\/www.ogrod-pl.com\/a\/pl\/2837-ficus-carica-figa-karyjska\/\" target=\"_blank\" rel=\"noopener noreferrer\"><img loading=\"lazy\" decoding=\"async\" width=\"290\" height=\"290\" src=\"https:\/\/poezjaiewangelia.pl\/wp-content\/uploads\/2015\/11\/Owoce_figowca.jpg\" alt=\"Owoce figowca\" class=\"wp-image-2138\" title=\"Owoce figowca\" srcset=\"https:\/\/poezjaiewangelia.pl\/wp-content\/uploads\/2015\/11\/Owoce_figowca.jpg 290w, https:\/\/poezjaiewangelia.pl\/wp-content\/uploads\/2015\/11\/Owoce_figowca-150x150.jpg 150w\" sizes=\"auto, (max-width: 290px) 100vw, 290px\" \/><\/a><figcaption><center><em>Owoce figowca<\/em><\/center><\/figcaption><\/figure>\n<\/div>\n\n\n<p><strong>Jan Twardowski&nbsp;<\/strong><\/p>\n\n\n\n<p><em><strong>On<\/strong><\/em><\/p>\n\n\n\n<p>Zatrzyma\u0142 si\u0119<br>cie\u0144 pod oknem<br>nade mn\u0105 chmury w\u0119drowne<br>udam \u017ce mnie nie ma<br>zapomn\u0119<br>puka<\/p>\n\n\n\n<p>zn\u00f3w nie otwieram<br>my\u015bl\u0119: \u2013 P\u00f3\u017ano ciemno.<br>\u2013 Kto? \u2013 pytam wreszcie<br>\u2013 Tw\u00f3j B\u00f3g zakochany<br>z mi\u0142o\u015bci\u0105 niewzajemn\u0105<\/p>\n\n\n\n<p><strong>\u00abNie przyszed\u0142em pana nawraca\u0107\u00bb, Pozna\u0144 2009, str. 404<\/strong><\/p>\n\n\n\n<p class=\"has-text-align-center\"><a href=\"https:\/\/poezjaiewangelia.pl\/?page_id=4285&amp;preview_id=4285#Gora\"><span style=\"color:#1e73be\" class=\"has-inline-color\">Do g\u00f3ry<\/span><\/a><\/p>\n","protected":false},"excerpt":{"rendered":"<p>Powr\u00f3t do Wielki Post,&nbsp; Powr\u00f3t do WP rok C, &nbsp;&nbsp;Powr\u00f3t do Linki Ewangelia: \u0141k 13, 1 \u2013 9; Wezwanie do nawr\u00f3cenia1 W tym samym czasie przyszli niekt\u00f3rzy i donie\u015bli Mu o Galilejczykach, kt\u00f3rych krew Pi\u0142at zmiesza\u0142 z krwi\u0105 ich ofiar.2 Jezus im odpowiedzia\u0142: \u00abCzy\u017c my\u015blicie, \u017ce ci Galilejczycy byli wi\u0119kszymi grzesznikami ni\u017c inni mieszka\u0144cy Galilei, &hellip; <a href=\"https:\/\/poezjaiewangelia.pl\/?page_id=4285\" class=\"more-link\">Czytaj dalej <span class=\"screen-reader-text\">3 Niedziela Wielkiego Postu rok C<\/span><\/a><\/p>\n","protected":false},"author":1,"featured_media":0,"parent":117,"menu_order":3,"comment_status":"closed","ping_status":"closed","template":"","meta":{"_monsterinsights_skip_tracking":false,"_monsterinsights_sitenote_active":false,"_monsterinsights_sitenote_note":"","_monsterinsights_sitenote_category":0,"footnotes":""},"class_list":["post-4285","page","type-page","status-publish","hentry"],"aioseo_notices":[],"_links":{"self":[{"href":"https:\/\/poezjaiewangelia.pl\/index.php?rest_route=\/wp\/v2\/pages\/4285","targetHints":{"allow":["GET"]}}],"collection":[{"href":"https:\/\/poezjaiewangelia.pl\/index.php?rest_route=\/wp\/v2\/pages"}],"about":[{"href":"https:\/\/poezjaiewangelia.pl\/index.php?rest_route=\/wp\/v2\/types\/page"}],"author":[{"embeddable":true,"href":"https:\/\/poezjaiewangelia.pl\/index.php?rest_route=\/wp\/v2\/users\/1"}],"replies":[{"embeddable":true,"href":"https:\/\/poezjaiewangelia.pl\/index.php?rest_route=%2Fwp%2Fv2%2Fcomments&post=4285"}],"version-history":[{"count":11,"href":"https:\/\/poezjaiewangelia.pl\/index.php?rest_route=\/wp\/v2\/pages\/4285\/revisions"}],"predecessor-version":[{"id":9975,"href":"https:\/\/poezjaiewangelia.pl\/index.php?rest_route=\/wp\/v2\/pages\/4285\/revisions\/9975"}],"up":[{"embeddable":true,"href":"https:\/\/poezjaiewangelia.pl\/index.php?rest_route=\/wp\/v2\/pages\/117"}],"wp:attachment":[{"href":"https:\/\/poezjaiewangelia.pl\/index.php?rest_route=%2Fwp%2Fv2%2Fmedia&parent=4285"}],"curies":[{"name":"wp","href":"https:\/\/api.w.org\/{rel}","templated":true}]}}