{"id":4288,"date":"2018-10-24T15:19:06","date_gmt":"2018-10-24T15:19:06","guid":{"rendered":"https:\/\/poezjaiewangelia.pl\/?page_id=4288"},"modified":"2022-07-12T17:41:51","modified_gmt":"2022-07-12T16:41:51","slug":"4-niedziela-wielkiego-postu-rok-c","status":"publish","type":"page","link":"https:\/\/poezjaiewangelia.pl\/?page_id=4288","title":{"rendered":"4 Niedziela Wielkiego Postu rok C"},"content":{"rendered":"\n\n\n<p><span style=\"color: #1e73be;\"><a style=\"color: #1e73be;\" href=\"https:\/\/poezjaiewangelia.pl\/?page_id=57#S57\">Powr\u00f3t do Wielki Post,<\/a>&nbsp;<\/span><a id=\"S4288\"><\/a><span style=\"color: #1e73be;\"><a style=\"color: #1e73be;\" href=\"https:\/\/poezjaiewangelia.pl\/?page_id=117#S117\"> Powr\u00f3t do WP rok C, <\/a><\/span><a id=\"Gora\"><\/a><span style=\"color: #1e73be;\">&nbsp;&nbsp;<a style=\"color: #1e73be;\" href=\"https:\/\/poezjaiewangelia.pl\/?page_id=703#S703\">Powr\u00f3t do Linki<\/a><\/span><\/p>\n\n\n<div class=\"wp-block-image\">\n<figure class=\"alignright size-large\"><img loading=\"lazy\" decoding=\"async\" width=\"120\" height=\"120\" src=\"https:\/\/poezjaiewangelia.pl\/wp-content\/uploads\/2018\/10\/R\u00f3\u017ca-r\u00f3\u017cowa-e1592144321942.png\" alt=\"Kolor szat\" class=\"wp-image-4585\"\/><figcaption>Kolor szat<\/figcaption><\/figure>\n<\/div>\n\n<div class=\"wp-block-image\">\n<figure class=\"alignleft\"><a href=\"https:\/\/www.wga.hu\/framex-e.html?file=html\/b\/brunelle\/crucifix.html&amp;find=Crucifix\" target=\"_blank\" rel=\"noopener noreferrer\"><img decoding=\"async\" src=\"https:\/\/poezjaiewangelia.pl\/wp-content\/uploads\/2020\/04\/Filippo-Brunelleschi-Krucyfiks-2-e1588175454508.jpg\" alt=\"Filippo Brunelleschi Krucyfiks\" title=\"Filippo Brunelleschi Krucyfiks\"\/><\/a><\/figure>\n<\/div>\n\n\n<hr class=\"wp-block-separator has-text-color has-luminous-vivid-amber-color has-css-opacity has-luminous-vivid-amber-background-color has-background is-style-dots\"\/>\n\n\n\n<p><strong>Ewangelia: \u0141k 15, 1 \u2013 3. 11 \u2013 32;<\/strong><\/p>\n\n\n\n<h2 class=\"wp-block-heading\"><span style=\"background-color:rgba(0, 0, 0, 0)\" class=\"has-inline-color has-vivid-purple-color\">S\u0142owo Bo\u017ce<\/span><\/h2>\n\n\n\n<p><strong>Zaginiona owca<\/strong><\/p>\n\n\n\n<p>1 Zbli\u017cali si\u0119 do Niego wszyscy celnicy i grzesznicy, aby Go s\u0142ucha\u0107.<br>2 Na to szemrali faryzeusze i uczeni w Pi\u015bmie: \u00abTen przyjmuje grzesznik\u00f3w i jada z nimi\u00bb.<br>3 Opowiedzia\u0142 im wtedy nast\u0119puj\u0105c\u0105 przypowie\u015b\u0107:<\/p>\n\n\n<div class=\"wp-block-image\">\n<figure class=\"alignleft size-large is-resized\"><a href=\"https:\/\/www.wga.hu\/framex-e.html?file=html\/r\/rosa\/prodigal.html&amp;find=The+Prodigal+Son\" target=\"_blank\" rel=\"noopener noreferrer\"><img loading=\"lazy\" decoding=\"async\" src=\"https:\/\/poezjaiewangelia.pl\/wp-content\/uploads\/2015\/11\/Salvator_Rosa_-Syn_marnotrawny-e1462000746405.jpg\" alt=\"Salvador Rosa Syn marnotrawny\" class=\"wp-image-2142\" width=\"313\" height=\"400\" title=\"Salvador Rosa Syn marnotrawny\"\/><\/a><figcaption><center><em>Salvador Rosa Syn marnotrawny<\/em><\/center><\/figcaption><\/figure>\n<\/div>\n\n\n<p><strong>Syn marnotrawny<\/strong><\/p>\n\n\n\n<p>11 Powiedzia\u0142 te\u017c: \u00abPewien cz\u0142owiek mia\u0142 dw\u00f3ch syn\u00f3w.<br \/>12 M\u0142odszy z nich rzek\u0142 do ojca: \u201cOjcze, daj mi cz\u0119\u015b\u0107 maj\u0105tku, kt\u00f3ra na mnie przypada\u201d. Podzieli\u0142 wi\u0119c maj\u0105tek mi\u0119dzy nich.<br \/>13 Nied\u0142ugo potem m\u0142odszy syn, zabrawszy wszystko, odjecha\u0142 w dalekie strony i tam roztrwoni\u0142 sw\u00f3j maj\u0105tek, \u017cyj\u0105c rozrzutnie.<br \/>14 A gdy wszystko wyda\u0142, nasta\u0142 ci\u0119\u017cki g\u0142\u00f3d w owej krainie i on sam zacz\u0105\u0142 cierpie\u0107 niedostatek.<br \/>15 Poszed\u0142 i przysta\u0142 do jednego z obywateli owej krainy, a ten pos\u0142a\u0142 go na swoje pola \u017ceby pas\u0142 \u015bwinie.<br \/>16 Pragn\u0105\u0142 on nape\u0142ni\u0107 sw\u00f3j \u017co\u0142\u0105dek str\u0105kami, kt\u00f3rymi \u017cywi\u0142y si\u0119 \u015bwinie, lecz nikt mu ich nie dawa\u0142.<br \/>17 Wtedy zastanowi\u0142 si\u0119 i rzek\u0142: Ilu\u017c to najemnik\u00f3w mojego ojca ma pod dostatkiem chleba, a ja tu z g\u0142odu gin\u0119.<br \/>18 Zabior\u0119 si\u0119 i p\u00f3jd\u0119 do mego ojca, i powiem mu: Ojcze, zgrzeszy\u0142em przeciw Bogu i wzgl\u0119dem ciebie;<br \/>19 ju\u017c nie jestem godzien nazywa\u0107 si\u0119 twoim synem: uczy\u0144 mi\u0119 cho\u0107by jednym z najemnik\u00f3w.<br \/><span style=\"color: #993300;\"><strong>20 Wybra\u0142 si\u0119 wi\u0119c i poszed\u0142 do swojego ojca. A gdy by\u0142 jeszcze daleko, ujrza\u0142 go jego ojciec i wzruszy\u0142 si\u0119 g\u0142\u0119boko; wybieg\u0142 naprzeciw niego, rzuci\u0142 mu si\u0119 na szyj\u0119 i uca\u0142owa\u0142 go.<\/strong><\/span><br \/><span style=\"color: #993300;\"><strong>21 A syn rzek\u0142 do niego: \u201cOjcze, zgrzeszy\u0142em przeciw Bogu i wzgl\u0119dem ciebie, ju\u017c nie jestem godzien nazywa\u0107 si\u0119 twoim synem\u201d.<\/strong><\/span><br \/>22 Lecz ojciec rzek\u0142 do swoich s\u0142ug: \u201cPrzynie\u015bcie szybko najlepsz\u0105 szat\u0119 i ubierzcie go; dajcie mu te\u017c pier\u015bcie\u0144 na r\u0119k\u0119 i sanda\u0142y na nogi!<br \/>23 Przyprowad\u017acie utuczone ciel\u0119 i zabijcie: b\u0119dziemy ucztowa\u0107 i bawi\u0107 si\u0119,<br \/>24 poniewa\u017c ten m\u00f3j syn by\u0142 umar\u0142y, a zn\u00f3w o\u017cy\u0142; zagin\u0105\u0142, a odnalaz\u0142 si\u0119\u201d. I zacz\u0119li si\u0119 bawi\u0107.<br \/>25 Tymczasem starszy jego syn przebywa\u0142 na polu. Gdy wraca\u0142 i by\u0142 blisko domu, us\u0142ysza\u0142 muzyk\u0119 i ta\u0144ce.<br \/>26 Przywo\u0142a\u0142 jednego ze s\u0142ug i pyta\u0142 go, co to ma znaczy\u0107.<br \/>27 Ten mu rzek\u0142: \u201cTw\u00f3j brat powr\u00f3ci\u0142, a ojciec tw\u00f3j kaza\u0142 zabi\u0107 utuczone ciel\u0119, poniewa\u017c odzyska\u0142 go zdrowego\u201d.<br \/>28 Na to rozgniewa\u0142 si\u0119 i nie chcia\u0142 wej\u015b\u0107; wtedy ojciec jego wyszed\u0142 i t\u0142umaczy\u0142 mu.<br \/>29 Lecz on odpowiedzia\u0142 ojcu: \u201cOto tyle lat ci s\u0142u\u017c\u0119 i nigdy nie przekroczy\u0142em twojego rozkazu; ale mnie nie da\u0142e\u015b nigdy ko\u017al\u0119cia, \u017cebym si\u0119 zabawi\u0142 z przyjaci\u00f3\u0142mi.<br \/><span style=\"color: #993300;\"><strong>30 Skoro jednak wr\u00f3ci\u0142 ten syn tw\u00f3j, kt\u00f3ry roztrwoni\u0142 tw\u00f3j maj\u0105tek z nierz\u0105dnicami, kaza\u0142e\u015b zabi\u0107 dla niego utuczone ciel\u0119\u201d.<\/strong><\/span><br \/><span style=\"color: #993300;\"><strong>31 Lecz on mu odpowiedzia\u0142: \u201cMoje dziecko, ty zawsze jeste\u015b przy mnie i wszystko moje do ciebie nale\u017cy.<\/strong><\/span><br \/><span style=\"color: #993300;\"><strong>32 A trzeba si\u0119 weseli\u0107 i cieszy\u0107 z tego, \u017ce ten brat tw\u00f3j by\u0142 umar\u0142y, a zn\u00f3w o\u017cy\u0142, zagin\u0105\u0142, a odnalaz\u0142 si\u0119\u201d\u00bb.<\/strong><\/span><\/p>\n\n\n\n<h2 class=\"wp-block-heading\"><span style=\"background-color:rgba(0, 0, 0, 0)\" class=\"has-inline-color has-vivid-purple-color\">Refleksja<\/span><\/h2>\n\n\n\n<p><strong>Janusz Pasierb<\/strong><\/p>\n\n\n\n<p><em><strong>Syn marnotrawny<\/strong><\/em><\/p>\n\n\n\n<p>wracam<br>zaledwie domy\u015blam si\u0119 domu<br>tak bo ta droga wspina si\u0119 na wzg\u00f3rze<br>tak bo ten kamie\u0144 przy kt\u00f3rym tak dawno<br>muzyka czy j\u0105 us\u0142ysz\u0119<br>uczta jak prze\u0142kn\u0105\u0107 cho\u0107by k\u0119s pieczeni<br>\u015bwi\u0105teczna szata nie ogrzeje wystyg\u0142ego cia\u0142a<br>pier\u015bcie\u0144 ze\u015bli\u017anie si\u0119 z palca<br>wszystko przychodzi za p\u00f3\u017ano<br>dla mnie<br>kt\u00f3ry odszed\u0142em za wcze\u015bnie<br>kt\u00f3ry nie mam si\u0142y<br>otworzy\u0107 oczu<br>i dr\u017c\u0105c w ciemno\u015bci<br>czuj\u0119 tylko dr\u017c\u0105cy<br>dotyk to obj\u0119cie<\/p>\n\n\n\n<p><em><strong>\u00abWiersze religijne\u00bb, Pozna\u0144 \u2013 Warszawa 1983, str. 45<\/strong><\/em><\/p>\n\n\n\n<p><strong>Maria Konopnicka<\/strong><\/p>\n\n\n\n<p><em><strong>W skrusze<\/strong><\/em><\/p>\n\n\n\n<p>Je\u015blim obrazi\u0142, je\u015blim Ci\u0119 zasmuci\u0142,<br>Je\u015bli niebacznie odbieg\u0142em od Ciebie,<br>Wyci\u0105gnij d\u0142o\u0144 sw\u0105, a\u017cebym si\u0119 wr\u00f3ci\u0142,<br>Ojcze m\u00f3j w niebie!<\/p>\n\n\n\n<p>Dziecko ja Twoje! Cho\u0107 s\u0142abe, niekarne,<br>Cho\u0107 si\u0119 z Twej \u015bcie\u017cki odbij\u0119 w bezdro\u017ce,<br>Ku Tobie wo\u0142am, ku Tobie si\u0119 garn\u0119,<br>Przebacz mi, Bo\u017ce!<\/p>\n\n\n\n<p>Obmyj m\u0105 dusz\u0119, wr\u00f3\u0107 serce mi wolne,<br>Niech zn\u00f3w Ci \u015bpiewam pie\u015b\u0144 chwa\u0142y radosn\u0105,<br>Niech b\u0119d\u0119 czysty, jak lilie te polne,<br>Co w niebo rosn\u0105!<\/p>\n\n\n\n<p>Otrz\u0105\u015bnij skrzyd\u0142a Twojego anio\u0142a<br>Z ziemskiego py\u0142u i z ziemskich dr\u00f3g b\u0142ota,<br>I niech mu znowu zab\u0142y\u015bnie u czo\u0142a<br>Gwiazda Twa z\u0142ota!<\/p>\n\n\n\n<p><em><strong>\u00abZ g\u0142\u0119boko\u015bci\u2026Antologia polskiej modlitwy poetyckiej\u00bb, T. 1, Warszawa 1974, str. 452<\/strong><\/em><\/p>\n\n\n\n<p><strong>Stanis\u0142aw Herakliusz Lubomirski<\/strong><\/p>\n\n\n\n<p><em><strong>Synem ci\u0119 marnotratnym mi\u0142o\u015b\u0107 uczyni\u0142a<\/strong><\/em><\/p>\n\n\n\n<p><em>Latroni&nbsp; dat paradisum, Dscipulo Matrem, Patri animam.<\/em><\/p>\n\n\n\n<p>Synem Ci\u0119 marnotrawnym mi\u0142o\u015b\u0107 uczyni\u0142a,<br>O szczodry Zbawicielu! Ta Ci\u0119 obna\u017cy\u0142a<br>Z purpury i dla tej si\u0119 samej nagim sta\u0142e\u015b.<br>Krew, cialo, siebie, \u017cywot i wszytko rozda\u0142e\u015b.<br>Aza jeszcze nie dosy\u0107! I Matk\u0119 Uczniowi,<br>I ducha da\u0142e\u015b Ojcu, I niebo \u0142otrowi.<\/p>\n\n\n\n<p><em><strong>\u00abZ g\u0142\u0119boko\u015bci\u2026Antologia polskiej modlitwy poetyckiej\u00bb, T. 1, Warszawa 1974, str. 165<\/strong><\/em><\/p>\n\n\n<div class=\"wp-block-image\">\n<figure class=\"alignright size-large is-resized\"><a href=\"https:\/\/www.wga.hu\/framex-e.html?file=html\/m\/murillo\/2\/210muril.html&amp;find=Back+to+the+Prodigal+Son\" target=\"_blank\" rel=\"noopener noreferrer\"><img loading=\"lazy\" decoding=\"async\" src=\"https:\/\/poezjaiewangelia.pl\/wp-content\/uploads\/2015\/11\/afb2e33dc1efde7eccf44e68dcefb9b0-e1462000777814.jpg\" alt=\"Bartolom\u00e9 Esteban Murillo Powr\u00f3t syna marnotrawnego\" class=\"wp-image-2147\" width=\"353\" height=\"325\" title=\"Bartolom\u00e9 Esteban Murillo Powr\u00f3t syna marnotrawnego\"\/><\/a><figcaption><center><em>Bartolom\u00e9 Esteban Murillo Powr\u00f3t syna marnotrawnego <\/em><\/center><\/figcaption><\/figure>\n<\/div>\n\n\n<p><strong>Tomasz Olizarowski<\/strong><\/p>\n\n\n\n<p><em><strong>Powr\u00f3t do ojca<\/strong><\/em><\/p>\n\n\n\n<p>Za sercem szed\u0142em \u2014 straci\u0142em drog\u0119;<br>Przeciwkom sercu kl\u0105tw\u0119 gotowa\u0142 \u2014<br>Przekl\u0105\u0142em rozum, gdym go spr\u00f3bowa\u0142.<br>Widz\u0119: Bez Ciebie nic ja nie mog\u0119,<br>Panie! nie mog\u0119.<\/p>\n\n\n\n<p>Przetar\u0142em oko; wzi\u0105\u0142em na ucho,<br>Co m\u00f3wi\u0105 ludzie i co anieli \u2014<br>S\u0142ysz\u0119 g\u0142os prawdy, widz\u0119 my\u015bl w bieli\u2026<br>Lecz widz\u0119 ciemno, lecz s\u0142ysz\u0119 g\u0142ucho:<br>Ciemno i g\u0142ucho.<\/p>\n\n\n\n<p>S\u0142ysz\u0119, cho\u0107 g\u0142ucho; widz\u0119, cho\u0107 ciemno.<br>Syn marnotrawny wracam do Ojca<br>Przyjmij mi\u0119, Panie! z \u0142aski ogrojca<br>Ze\u015blij anio\u0142a, aby by\u0142 ze mn\u0105:<br>Anio\u0142 m\u00f3j ze mn\u0105.<\/p>\n\n\n\n<p><em><strong>\u00abZ g\u0142\u0119boko\u015bci\u2026Antologia polskiej modlitwy poetyckiej\u00bb, T. 1, Warszawa 1974, str. 355<\/strong><\/em><\/p>\n\n\n\n<p><strong>Janusz Pasierb<\/strong><\/p>\n\n\n\n<p><em><strong>Przypowie\u015b\u0107 o Ojcu &nbsp;<\/strong><\/em><\/p>\n\n\n\n<p>Kiedy si\u0119 starasz zapomnie\u0107<br>pami\u0119ta<\/p>\n\n\n\n<p>kiedy nie mo\u017cesz zasn\u0105\u0107<br>czeka a\u017c si\u0119 obudzisz<\/p>\n\n\n\n<p>kiedy nie my\u015blisz wraca\u0107<br>wygl\u0105da ciebie<\/p>\n\n\n\n<p>kiedy nie widzisz wyj\u015bcia<br>ka\u017ce otwiera\u0107 wrota<\/p>\n\n\n\n<p>kiedy umierasz z g\u0142odu<br>poleca nakrywa\u0107 sto\u0142y<\/p>\n\n\n\n<p>kiedy si\u0119 kulisz w \u0142achmanie<br>wybiera dla ciebie szat\u0119<\/p>\n\n\n\n<p>gdy m\u00f3wisz wstan\u0119 i p\u00f3jd\u0119<br>rusza naprzeciw<\/p>\n\n\n\n<p>gdy trzesz oczy jak suche kamienie<br>p\u0142acze nad tob\u0105<\/p>\n\n\n\n<p>kiedy nie \u015bmiesz wyci\u0105gn\u0105\u0107 r\u0119k\u0119<br>opl\u0105tuj\u0105 ci\u0119 jego ramiona<\/p>\n\n\n\n<p>gdy tw\u00f3j brat wypomni \u017ce\u015b odszed\u0142<br>odpowie \u017ce w\u0142a\u015bnie wr\u00f3ci\u0142e\u015b<\/p>\n\n\n\n<p><em><strong>\u00abWiersze religijne\u00bb, Pozna\u0144 \u2013 Warszawa 1983, str. 38<\/strong><\/em><\/p>\n\n\n\n<p><strong>Wac\u0142aw Oszajca<\/strong><\/p>\n\n\n\n<p><em><strong>Syn Marnotrawny \u2013 Rembrandt<\/strong><\/em><\/p>\n\n\n\n<p>szed\u0142e\u015b okr\u0119\u017cn\u0105 drog\u0105 i<br>przyszed\u0142e\u015b za p\u00f3\u017ano<br>kiedy ojciec tw\u00f3j wypatrzy\u0142<br>za tob\u0105 oczy i og\u0142uch\u0142 od ciszy<br>teraz usi\u0142uje ci\u0119 zobaczy\u0107 opuszkami<br>na pr\u00f3\u017cno<br>palce zdr\u0119twia\u0142y od r\u00f3\u017ca\u0144c\u00f3w<br>za ciebie<\/p>\n\n\n\n<p><em><strong>\u00ab\u2026Ty za blisko, my za daleko\u2026\u00bb, Lublin 1985, str. 49<\/strong><\/em><\/p>\n\n\n\n<p class=\"has-text-align-center\"><a href=\"https:\/\/poezjaiewangelia.pl\/?page_id=4288&amp;preview_id=4288#Gora\"><span style=\"color:#1e73be\" class=\"has-inline-color\">Do g\u00f3ry<\/span><\/a><\/p>\n","protected":false},"excerpt":{"rendered":"<p>Powr\u00f3t do Wielki Post,&nbsp; Powr\u00f3t do WP rok C, &nbsp;&nbsp;Powr\u00f3t do Linki Ewangelia: \u0141k 15, 1 \u2013 3. 11 \u2013 32; Zaginiona owca 1 Zbli\u017cali si\u0119 do Niego wszyscy celnicy i grzesznicy, aby Go s\u0142ucha\u0107.2 Na to szemrali faryzeusze i uczeni w Pi\u015bmie: \u00abTen przyjmuje grzesznik\u00f3w i jada z nimi\u00bb.3 Opowiedzia\u0142 im wtedy nast\u0119puj\u0105c\u0105 przypowie\u015b\u0107: &hellip; <a href=\"https:\/\/poezjaiewangelia.pl\/?page_id=4288\" class=\"more-link\">Czytaj dalej <span class=\"screen-reader-text\">4 Niedziela Wielkiego Postu rok C<\/span><\/a><\/p>\n","protected":false},"author":1,"featured_media":0,"parent":117,"menu_order":4,"comment_status":"closed","ping_status":"closed","template":"","meta":{"_monsterinsights_skip_tracking":false,"_monsterinsights_sitenote_active":false,"_monsterinsights_sitenote_note":"","_monsterinsights_sitenote_category":0,"footnotes":""},"class_list":["post-4288","page","type-page","status-publish","hentry"],"aioseo_notices":[],"_links":{"self":[{"href":"https:\/\/poezjaiewangelia.pl\/index.php?rest_route=\/wp\/v2\/pages\/4288","targetHints":{"allow":["GET"]}}],"collection":[{"href":"https:\/\/poezjaiewangelia.pl\/index.php?rest_route=\/wp\/v2\/pages"}],"about":[{"href":"https:\/\/poezjaiewangelia.pl\/index.php?rest_route=\/wp\/v2\/types\/page"}],"author":[{"embeddable":true,"href":"https:\/\/poezjaiewangelia.pl\/index.php?rest_route=\/wp\/v2\/users\/1"}],"replies":[{"embeddable":true,"href":"https:\/\/poezjaiewangelia.pl\/index.php?rest_route=%2Fwp%2Fv2%2Fcomments&post=4288"}],"version-history":[{"count":13,"href":"https:\/\/poezjaiewangelia.pl\/index.php?rest_route=\/wp\/v2\/pages\/4288\/revisions"}],"predecessor-version":[{"id":9976,"href":"https:\/\/poezjaiewangelia.pl\/index.php?rest_route=\/wp\/v2\/pages\/4288\/revisions\/9976"}],"up":[{"embeddable":true,"href":"https:\/\/poezjaiewangelia.pl\/index.php?rest_route=\/wp\/v2\/pages\/117"}],"wp:attachment":[{"href":"https:\/\/poezjaiewangelia.pl\/index.php?rest_route=%2Fwp%2Fv2%2Fmedia&parent=4288"}],"curies":[{"name":"wp","href":"https:\/\/api.w.org\/{rel}","templated":true}]}}