{"id":4309,"date":"2018-10-26T11:55:50","date_gmt":"2018-10-26T11:55:50","guid":{"rendered":"https:\/\/poezjaiewangelia.pl\/?page_id=4309"},"modified":"2023-03-29T11:06:13","modified_gmt":"2023-03-29T10:06:13","slug":"zmartwychwstanie-panskie","status":"publish","type":"page","link":"https:\/\/poezjaiewangelia.pl\/?page_id=4309","title":{"rendered":"Zmartwychwstanie Pa\u0144skie rok ABC"},"content":{"rendered":"\n<p><span style=\"color: #1e73be;\"><a style=\"color: #1e73be;\" href=\"https:\/\/poezjaiewangelia.pl\/?page_id=59#S59\">Powr\u00f3t do Wielkanoc,<\/a>&nbsp;&nbsp;<\/span><a id=\"S4309\"><\/a><span style=\"color: #1e73be;\"><a style=\"color: #1e73be;\" href=\"https:\/\/poezjaiewangelia.pl\/?page_id=130#S130\"> \u015awi\u0119ta Wielkanocne rok ABC<\/a>, <\/span><a id=\"Gora\"><\/a><span style=\"color: #1e73be;\"> &nbsp;<a style=\"color: #1e73be;\" href=\"https:\/\/poezjaiewangelia.pl\/?page_id=703#S703\">Powr\u00f3t do Linki<\/a><\/span><\/p>\n\n\n<div class=\"wp-block-image\">\n<figure class=\"alignright size-large\"><img loading=\"lazy\" decoding=\"async\" width=\"150\" height=\"150\" src=\"https:\/\/poezjaiewangelia.pl\/wp-content\/uploads\/2018\/10\/R\u00f3\u017ca-bia\u0142a-e1592148272533.png\" alt=\"Kolor szat\" class=\"wp-image-4591\"\/><figcaption class=\"wp-element-caption\">Kolor szat<\/figcaption><\/figure>\n<\/div>\n\n<div class=\"wp-block-image\">\n<figure class=\"alignleft size-large\"><a href=\"https:\/\/www.wga.hu\/framex-e.html?file=html\/v\/veronese\/04_1570s\/1resurre.html&amp;find=Resurrection\" target=\"_blank\" rel=\"noopener noreferrer\"><img loading=\"lazy\" decoding=\"async\" width=\"100\" height=\"128\" src=\"https:\/\/poezjaiewangelia.pl\/wp-content\/uploads\/2015\/12\/Paolo-Veronese-Zmartwychwstanie.jpg\" alt=\"Paolo Veronese Zmartwychwstanie (detal)\" class=\"wp-image-401\" title=\"Paolo Veronese Zmartwychwstanie (detal)\"\/><\/a><\/figure>\n<\/div>\n\n\n<hr class=\"wp-block-separator has-text-color has-luminous-vivid-amber-color has-css-opacity has-luminous-vivid-amber-background-color has-background is-style-dots\"\/>\n\n\n\n<p><strong>Ewangelia: J 20, 1 \u2013 9;<\/strong><\/p>\n\n\n\n<h2 class=\"wp-block-heading\"><strong><span style=\"color:#3366ff\" class=\"has-inline-color\">S\u0141OWO BO\u017bE<\/span><\/strong><\/h2>\n\n\n<div class=\"wp-block-image\">\n<figure class=\"alignleft size-large is-resized\"><a href=\"https:\/\/www.wga.hu\/frames-e.html?\/html\/s\/schongau\/ludwig\/panel1.html\" target=\"_blank\" rel=\"noopener noreferrer\"><img loading=\"lazy\" decoding=\"async\" src=\"https:\/\/poezjaiewangelia.pl\/wp-content\/uploads\/2020\/04\/Ludwig-Schongauer-Zmartwychwstanie-561x1024.jpg\" alt=\"Ludwig Schongauer Zmartwychwstanie\" class=\"wp-image-7432\" width=\"295\" height=\"538\" title=\"Ludwig Schongauer Zmartwychwstanie\"\/><\/a><figcaption class=\"wp-element-caption\"><center><em>Ludwig Schongauer Zmartwychwstanie<\/em><\/center><\/figcaption><\/figure>\n<\/div>\n\n\n<p><strong>Maria Magdalena, Piotr i Jan przy grobie<\/strong><\/p>\n<p><span style=\"color: #993300;\"><strong>1 A pierwszego dnia po szabacie, wczesnym rankiem, gdy jeszcze by\u0142o ciemno, Maria Magdalena uda\u0142a si\u0119 do grobu i zobaczy\u0142a kamie\u0144 odsuni\u0119ty od grobu.<\/strong><\/span><br \/><span style=\"color: #993300;\"><strong>2 Pobieg\u0142a wi\u0119c i przyby\u0142a do Szymona Piotra i do drugiego ucznia, kt\u00f3rego Jezus kocha\u0142, i rzek\u0142a do nich: \u00abZabrano Pana z grobu i nie wiemy, gdzie Go po\u0142o\u017cono\u00bb.\u00a0<\/strong><\/span><br \/>3 Wyszed\u0142 wi\u0119c Piotr i \u00f3w drugi ucze\u0144 i szli do grobu.<br \/>4 Biegli oni obydwaj razem, lecz \u00f3w drugi ucze\u0144 wyprzedzi\u0142 Piotra i przyby\u0142 pierwszy do grobu.<br \/>5 A kiedy si\u0119 nachyli\u0142, zobaczy\u0142 le\u017c\u0105ce p\u0142\u00f3tna, jednak\u017ce nie wszed\u0142 do \u015brodka.<br \/>6 Nadszed\u0142 potem tak\u017ce Szymon Piotr, id\u0105cy za nim. Wszed\u0142 on do wn\u0119trza grobu i ujrza\u0142 le\u017c\u0105ce p\u0142\u00f3tna\u00a0 7 oraz chust\u0119, kt\u00f3ra by\u0142a na Jego g\u0142owie, le\u017c\u0105c\u0105 nie razem z p\u0142\u00f3tnami, ale oddzielnie zwini\u0119t\u0105 na jednym miejscu.<br \/>8 Wtedy wszed\u0142 do wn\u0119trza tak\u017ce i \u00f3w drugi ucze\u0144, kt\u00f3ry przyby\u0142 pierwszy do grobu. Ujrza\u0142 i uwierzy\u0142.<br \/><span style=\"color: #993300;\"><strong>9 Dot\u0105d bowiem nie rozumieli jeszcze Pisma, [kt\u00f3re m\u00f3wi], \u017ce On ma powsta\u0107 z martwych.<\/strong><\/span><\/p>\n\n\n\n<h2 class=\"wp-block-heading\"><strong><span style=\"color:#3366ff\" class=\"has-inline-color\">REFLEKSJA<\/span><\/strong><\/h2>\n\n\n\n<p><strong>Jan Twardowski<\/strong><\/p>\n\n\n\n<p><em><strong>Od ko\u0144ca<\/strong><\/em><\/p>\n\n\n\n<p>Zacznij od Zmartwychwstania<br>od pustego grobu<br>od Matki Boskiej Radosnej<br>wtedy nawet krzy\u017c ucieszy<br>jak perkoz dwuczuby na wiosn\u0119<br>anio\u0142 sam wyt\u0142umaczy jak trzeba<br>cho\u0107 doktoratu z teologii nie ma<br>grzech ci\u0119\u017cki staje si\u0119 lekki<br>gdy si\u0119 jak \u015bwintuch rozp\u0142acze<br>\u2013 nie r\u00f3bcie beksy ze mnie<br>m\u00f3wi Matka Boska<br>to kiedy\u015b<br>teraz inaczej<br>zacznij od pustego grobu<br>od s\u0142o\u0144ca<br>ewangelie czyta si\u0119 jak hebrajskie litery<br>od ko\u0144ca<\/p>\n\n\n\n<p><em><strong>\u00abABC ksi\u0119dza Twardowskiego. Rok A\u00bb, Warszawa 2002, str. 59<\/strong><\/em><\/p>\n\n\n\n<p><strong>Zofia Zaborowska<\/strong><\/p>\n\n\n\n<p><em><strong>Najpierw ukaza\u0142 si\u0119 Magdalenie<\/strong><\/em><\/p>\n\n\n\n<p>\u2026A kiedy jeszcze le\u017ca\u0142 w grobie<br>rozmy\u015blali uczniowie o zmartwychwstaniu:<\/p>\n\n\n\n<p>Marzy\u0142 Piotr:<br>\u2014 Wie, jak Go bardzo kocham\u2026<br>Pewnie mnie uka\u017ce si\u0119 najpierw<br>nie pami\u0119taj\u0105c, \u017ce stch\u00f3rzy\u0142em\u2026<\/p>\n\n\n\n<p>Spodziewa\u0142 si\u0119 Jan:<br>\u2014 Wyr\u00f3\u017cni\u0142 mnie na ostatniej wieczerzy<br>i z krzy\u017ca przem\u00f3wi\u0142\u2026<br>Chyba i teraz ujrz\u0119 Go przed innymi,<br>skorom tak umi\u0142owany\u2026<br>Co prawda bli\u017csza Mu Matka,<br>wi\u0119c mo\u017ce Ona wcze\u015bniej zobaczy\u2026<\/p>\n\n\n\n<p>A Tomasz w og\u00f3le w\u0105tpi\u0142 w cud,<br>bo nie by\u0142 wierny<br>lecz niewierny.<br>S\u0105dzi\u0142 jednak, \u017ce z tego powodu<br>pierwszy by ogl\u0105da\u0142 Pana,<br>gdyby Pan zmartwychwsta\u0142.<\/p>\n\n\n\n<p>I jeszcze inni ludzie snuli domys\u0142y:<br>\u2014 Je\u017celi zmartwychwstanie, Klaudio,<br>b\u0105d\u017a spokojna, pierwsi si\u0119 dowiemy<br>\u2014 m\u00f3wi\u0142 z ironi\u0105 Pi\u0142at do \u017cony \u2014<br>Przyjdzie tu triumfowa\u0107,<br>mo\u017ce zemsty szuka\u0107 na mnie?<\/p>\n\n\n\n<p>\u2014 Spoczywa w moim ogrodzie.<br>Nie po\u017ca\u0142owa\u0142em Mu pi\u0119knego grobowca.<br>Je\u017celi zmartwychwstanie<br>zjawi si\u0119 zaraz z podzi\u0119k\u0105.<\/p>\n\n\n\n<p>\u2014 Oby tylko naprawd\u0119 nie o\u017cy\u0142.<br>Z nami pierwszymi policzy\u0142by si\u0119 za bicie<br>i krzy\u017cowanie<br>\u2014 martwili si\u0119 \u017co\u0142nierze stoj\u0105cy przy grobie.<\/p>\n\n\n<div class=\"wp-block-image\">\n<figure class=\"alignright size-large is-resized\"><a href=\"https:\/\/www.wga.hu\/framex-e.html?file=html\/t\/tintoret\/3_1560s\/6cassia1.html&amp;find=Resurrection\" target=\"_blank\" rel=\"noopener noreferrer\"><img loading=\"lazy\" decoding=\"async\" src=\"https:\/\/poezjaiewangelia.pl\/wp-content\/uploads\/2015\/11\/Tintoretto-Zmartwychwstanie-e1457172731411.jpg\" alt=\"Tintoretto Zmartwychwstanie\" class=\"wp-image-2304\" width=\"298\" height=\"470\" title=\"Tintoretto Zmartwychwstanie\"\/><\/a><figcaption class=\"wp-element-caption\"><center><em>Tintoretto Zmartwychwstanie<\/em><\/center><\/figcaption><\/figure>\n<\/div>\n\n\n<p>A On by\u0142 w\u015br\u00f3d nas po to<br>by zbawia\u0107<br>\u201cpokut\u0119 czyni\u0105cych grzesznik\u00f3w\u201d.<\/p>\n\n\n\n<p>Dlatego<br>\u201cpo swym zmartwychwstaniu<br>wczesnym rankiem<br>w pierwszy dzie\u0144 tygodnia<br>Jezus ukaza\u0142 si\u0119 naprz\u00f3d<br>Marii Magdalenie\u201d<\/p>\n\n\n\n<p><em><strong>&nbsp;\u00abIntencje serca\u00bb, Pozna\u0144 1985, str. 253<\/strong><\/em><\/p>\n\n\n\n<p><strong>Jan Twardowski<\/strong><\/p>\n\n\n\n<p><em><strong>Na pogrzeb Jezusa<\/strong><\/em><\/p>\n\n\n\n<p>Baranek bieg\u0142 na pogrzeb<br>najwcze\u015bniej przed \u015bwitaniem<br>p\u0142aka\u0142a trawa niemrawa \u017ce nie mog\u0142a ruszy\u0107 si\u0119 sama<br>lilie bia\u0142e jak r\u0119ce matki omdla\u0142e<br>r\u00f3\u017ce czerwone jak uszy zawstydzone<br>nie zd\u0105\u017cy\u0142 ju\u017c na pogrzeb<br>wpad\u0142 na zmartwychwstanie<br>gr\u00f3b murowany jak bomba si\u0119 rozlecia\u0142<br>baranek cho\u0107 nie zd\u0105\u017cy\u0142 z rado\u015bci si\u0119 rozbecza\u0142<\/p>\n\n\n\n<p><em><strong>\u00abABC ksi\u0119dza Twardowskiego. Rok B\u00bb, Warszawa 2002, str. 51<\/strong><\/em><\/p>\n\n\n\n<p class=\"has-text-align-center\"><a href=\"https:\/\/poezjaiewangelia.pl\/?page_id=4309&amp;preview_id=4309#Gora\"><span style=\"color:#1e73be\" class=\"has-inline-color\">Do g\u00f3ry<\/span><\/a><\/p>\n","protected":false},"excerpt":{"rendered":"<p>Powr\u00f3t do Wielkanoc,&nbsp;&nbsp; \u015awi\u0119ta Wielkanocne rok ABC, &nbsp;Powr\u00f3t do Linki Ewangelia: J 20, 1 \u2013 9; Maria Magdalena, Piotr i Jan przy grobie 1 A pierwszego dnia po szabacie, wczesnym rankiem, gdy jeszcze by\u0142o ciemno, Maria Magdalena uda\u0142a si\u0119 do grobu i zobaczy\u0142a kamie\u0144 odsuni\u0119ty od grobu.2 Pobieg\u0142a wi\u0119c i przyby\u0142a do Szymona Piotra i &hellip; <a href=\"https:\/\/poezjaiewangelia.pl\/?page_id=4309\" class=\"more-link\">Czytaj dalej <span class=\"screen-reader-text\">Zmartwychwstanie Pa\u0144skie rok ABC<\/span><\/a><\/p>\n","protected":false},"author":1,"featured_media":0,"parent":130,"menu_order":1,"comment_status":"closed","ping_status":"closed","template":"","meta":{"_monsterinsights_skip_tracking":false,"_monsterinsights_sitenote_active":false,"_monsterinsights_sitenote_note":"","_monsterinsights_sitenote_category":0,"footnotes":""},"class_list":["post-4309","page","type-page","status-publish","hentry"],"aioseo_notices":[],"_links":{"self":[{"href":"https:\/\/poezjaiewangelia.pl\/index.php?rest_route=\/wp\/v2\/pages\/4309","targetHints":{"allow":["GET"]}}],"collection":[{"href":"https:\/\/poezjaiewangelia.pl\/index.php?rest_route=\/wp\/v2\/pages"}],"about":[{"href":"https:\/\/poezjaiewangelia.pl\/index.php?rest_route=\/wp\/v2\/types\/page"}],"author":[{"embeddable":true,"href":"https:\/\/poezjaiewangelia.pl\/index.php?rest_route=\/wp\/v2\/users\/1"}],"replies":[{"embeddable":true,"href":"https:\/\/poezjaiewangelia.pl\/index.php?rest_route=%2Fwp%2Fv2%2Fcomments&post=4309"}],"version-history":[{"count":34,"href":"https:\/\/poezjaiewangelia.pl\/index.php?rest_route=\/wp\/v2\/pages\/4309\/revisions"}],"predecessor-version":[{"id":10353,"href":"https:\/\/poezjaiewangelia.pl\/index.php?rest_route=\/wp\/v2\/pages\/4309\/revisions\/10353"}],"up":[{"embeddable":true,"href":"https:\/\/poezjaiewangelia.pl\/index.php?rest_route=\/wp\/v2\/pages\/130"}],"wp:attachment":[{"href":"https:\/\/poezjaiewangelia.pl\/index.php?rest_route=%2Fwp%2Fv2%2Fmedia&parent=4309"}],"curies":[{"name":"wp","href":"https:\/\/api.w.org\/{rel}","templated":true}]}}