{"id":4314,"date":"2018-10-26T11:54:29","date_gmt":"2018-10-26T11:54:29","guid":{"rendered":"https:\/\/poezjaiewangelia.pl\/?page_id=4314"},"modified":"2023-03-29T10:52:14","modified_gmt":"2023-03-29T09:52:14","slug":"poniedzialek-wielkanocny","status":"publish","type":"page","link":"https:\/\/poezjaiewangelia.pl\/?page_id=4314","title":{"rendered":"Poniedzia\u0142ek Wielkanocny rok ABC"},"content":{"rendered":"\n<p><span style=\"color: #1e73be;\"><a style=\"color: #1e73be;\" href=\"https:\/\/poezjaiewangelia.pl\/?page_id=59#S59\">Powr\u00f3t do Wielkanoc,<\/a> \u00a0<\/span><a id=\"Gora\"><\/a><span style=\"color: #1e73be;\">\u00a0<a style=\"color: #1e73be;\" href=\"https:\/\/poezjaiewangelia.pl\/?page_id=130#S130\"> \u015awi\u0119ta Wielkanocne rok ABC,<\/a>\u00a0 <\/span><a id=\"S4314\"><\/a><span style=\"color: #1e73be;\"> <a style=\"color: #1e73be;\" href=\"https:\/\/poezjaiewangelia.pl\/?page_id=703#S703\">\u00a0 Powr\u00f3t do Linki<\/a><a style=\"color: #1e73be;\" href=\"https:\/\/poezjaiewangelia.pl\/?page_id=59#S59\"><span style=\"color: #1e73be;\">\u00a0\u00a0<\/span><\/a><\/span><\/p>\n\n\n<div class=\"wp-block-image\">\n<figure class=\"alignright size-large\"><img loading=\"lazy\" decoding=\"async\" width=\"150\" height=\"150\" src=\"https:\/\/poezjaiewangelia.pl\/wp-content\/uploads\/2018\/10\/R\u00f3\u017ca-bia\u0142a-e1592148272533.png\" alt=\"Kolor szat\" class=\"wp-image-4591\"\/><figcaption class=\"wp-element-caption\">Kolor szat<\/figcaption><\/figure>\n<\/div>\n\n<div class=\"wp-block-image\">\n<figure class=\"alignleft\"><a href=\"https:\/\/www.wga.hu\/framex-e.html?file=html\/v\/veronese\/04_1570s\/1resurre.html&amp;find=Resurrection\" target=\"_blank\" rel=\"noopener noreferrer\"><img decoding=\"async\" src=\"https:\/\/poezjaiewangelia.pl\/wp-content\/uploads\/2015\/12\/Paolo-Veronese-Zmartwychwstanie.jpg\" alt=\"Paolo Veronese Zmartwychwstanie (detal)\" title=\"Paolo Veronese Zmartwychwstanie (detal)\"\/><\/a><\/figure>\n<\/div>\n\n\n<hr class=\"wp-block-separator has-text-color has-luminous-vivid-amber-color has-css-opacity has-luminous-vivid-amber-background-color has-background is-style-dots\"\/>\n\n\n\n<p><strong>Ewangelia: Mt 28, 8 \u2013 15;<\/strong><\/p>\n\n\n\n<h2 class=\"wp-block-heading\"><strong><span style=\"color:#3366ff\" class=\"has-inline-color\">S\u0141OWO BO\u017bE<\/span><\/strong><\/h2>\n\n\n<div class=\"wp-block-image\">\n<figure class=\"alignleft size-large is-resized\"><a href=\"https:\/\/commons.wikimedia.org\/wiki\/File:Raffaello_Sanzio_Auferstehung_Christi_Sao_Paulo.jpg\" target=\"_blank\" rel=\"noopener noreferrer\"><img loading=\"lazy\" decoding=\"async\" src=\"https:\/\/poezjaiewangelia.pl\/wp-content\/uploads\/2020\/04\/Rafael-Santi-Zmartwychwstanie-Chrystusa-e1587827588926.jpg\" alt=\"Rafael Santi Zmartwychwstanie Chrystusa\" class=\"wp-image-7446\" width=\"292\" height=\"357\" title=\"Rafael Santi Zmartwychwstanie Chrystusa\"\/><\/a><figcaption class=\"wp-element-caption\"><center><em>Rafael Santi Zmartwychwstanie Chrystusa<\/em><\/center><\/figcaption><\/figure>\n<\/div>\n\n\n<p>8 Po\u015bpiesznie wi\u0119c oddali\u0142y si\u0119 od grobu, z boja\u017ani\u0105 i wielk\u0105 rado\u015bci\u0105, i bieg\u0142y oznajmi\u0107 to Jego uczniom.<\/p>\n\n\n\n<p><strong>Jezus ukazuje si\u0119 niewiastom<\/strong><\/p>\n\n\n\n<p>9 A oto Jezus stan\u0105\u0142 przed nimi i rzek\u0142: \u00abWitajcie!\u00bb One podesz\u0142y do Niego, obj\u0119\u0142y Go za nogi i odda\u0142y Mu pok\u0142on.<br>10 A Jezus rzek\u0142 do  nich: \u00abNie b\u00f3jcie si\u0119! Id\u017acie i oznajmijcie moim braciom: niech id\u0105 do Galilei, tam Mnie zobacz\u0105\u00bb.<\/p>\n\n\n\n<p><strong>Przekupiona stra\u017c<\/strong><\/p>\n\n\n\n<p>11 Gdy one by\u0142y w drodze, niekt\u00f3rzy ze stra\u017cy przyszli do miasta i powiadomili arcykap\u0142an\u00f3w o wszystkim, co zasz\u0142o.<br>12 Ci zebrali si\u0119 ze starszymi, a po naradzie dali \u017co\u0142nierzom sporo pieni\u0119dzy<br><span style=\"color: #993300;\"><strong>13 i rzekli: \u00abRozpowiadajcie tak: Jego uczniowie przyszli w nocy i wykradli Go, gdy\u015bmy spali.<\/strong><\/span><br><span style=\"color: #993300;\"><strong>14 A gdyby to dosz\u0142o do uszu namiestnika, my z nim pom\u00f3wimy i wybawimy was z k\u0142opotu\u00bb.<\/strong><\/span><br><span style=\"color: #993300;\"><strong>15 Ci wi\u0119c wzi\u0119li pieni\u0105dze i uczynili, jak ich pouczono. I tak roznios\u0142a si\u0119 ta pog\u0142oska mi\u0119dzy \u017bydami i trwa a\u017c do dnia dzisiejszego.<\/strong><\/span><\/p>\n\n\n\n<h2 class=\"wp-block-heading\"><strong><span style=\"color:#3366ff\" class=\"has-inline-color\">REFLEKSJA<\/span><\/strong><\/h2>\n\n\n\n<p><strong>Jan Twardowski<\/strong><\/p>\n\n\n\n<p><em><strong>Przez piek\u0142o<\/strong><\/em><\/p>\n\n\n\n<p>Modl\u0119 si\u0119 do Jezusa w cierniach<br>w przezi\u0119bionej kaplicy<br>do Jezusa z ludzk\u0105 migren\u0105<br>przy krzywej \u015bwiecy<br>od Zmartwychwsta\u0142ego odchodz\u0105<br>chyba nieskory w potrzebie<br>czy mo\u017ce taki zrozumie\u0107<br>kt\u00f3remu dobrze jest w niebie<br>majestatyczny i ch\u0142odny<br>z marmuru wykuli mu r\u0119ce<br>czy mo\u017ce taki us\u0142ysze\u0107<br>p\u0142acz\u0105ce nad sob\u0105 serce<br>przyjd\u0105 podr\u00f3\u017cni z Katynia<br>przed Zmartwychwsta\u0142ym ukl\u0119kn\u0105<br>jak ludzki jest ten nieludzki<br>co trafi\u0142 do nieba przez piek\u0142o<\/p>\n\n\n\n<p><em><strong>\u00abABC ksi\u0119dza Twardowskiego. Rok C\u00bb, Warszawa 2002, str.49<\/strong><\/em><\/p>\n\n\n<div class=\"wp-block-image\">\n<figure class=\"alignright size-large\"><a href=\"https:\/\/www.wga.hu\/framex-e.html?file=html\/r\/rubens\/11religi\/05resur.html&amp;find=Resurrection\" target=\"_blank\" rel=\"noopener noreferrer\"><img loading=\"lazy\" decoding=\"async\" width=\"300\" height=\"431\" src=\"https:\/\/poezjaiewangelia.pl\/wp-content\/uploads\/2015\/11\/Pieter-Rubens-Zmartwychwstanie-e1457173895771.jpg\" alt=\"Pieter Rubens Zmartwychwstanie\" class=\"wp-image-2306\" title=\"Pieter Rubens Zmartwychwstanie\"\/><\/a><figcaption class=\"wp-element-caption\"><center><em>Pieter Rubens Zmartwychwstanie<\/em><\/center><\/figcaption><\/figure>\n<\/div>\n\n\n<p><strong>Maria Imelda Kosmala<\/strong><\/p>\n\n\n\n<p><em><strong>\u015aladami m\u0119ki mojego Pana<\/strong><\/em><\/p>\n\n\n\n<p><em><strong>\u015alad 15<\/strong><\/em><br><em>\u00abRozka\u017c, aby zabezpieczono gr\u00f3b a\u017c do trzeciego dnia\u00bb (Mt 27, 64;)<\/em><\/p>\n\n\n\n<p>Przegra\u0142e\u015b tak absurdalnie<br>wed\u0142ug naszej rachuby<br>o Twoim zmartwychwstaniu<br>pami\u0119tali przezorni wrogowie<br>chcieli utrwali\u0107 pami\u0119\u0107 Twojej niemocy<br>ha\u0144by poni\u017cenia bezsi\u0142y<br>je\u015bli ju\u017c B\u00f3g to taki kt\u00f3ry umar\u0142<br>i pogrzebany by\u0142 na oczach t\u0142umu<br>c\u00f3\u017c po mi\u0142o\u015bci nawet tak wielkiej jak Bo\u017ca<br>skoro \u015bmier\u0107 j\u0105 poch\u0142onie \u2013<br>pozostanie nieszkodliwym mitem historii<\/p>\n\n\n\n<p>A trzeciego dnia<br>Chwa\u0142a<br>Powsta\u0142<br>Widzieli \u015bwiadkowie<\/p>\n\n\n\n<p><em><strong>\u00abKu twarzy w\u0119druj\u0119\u00bb, Warszawa 1997, str. 82<\/strong><\/em><\/p>\n\n\n\n<p class=\"has-text-align-center\"><a href=\"https:\/\/poezjaiewangelia.pl\/?page_id=4314#Gora\"><span style=\"color:#1e73be\" class=\"has-inline-color\">Do g\u00f3ry<\/span><\/a><\/p>\n","protected":false},"excerpt":{"rendered":"<p>Powr\u00f3t do Wielkanoc, \u00a0\u00a0 \u015awi\u0119ta Wielkanocne rok ABC,\u00a0 \u00a0 Powr\u00f3t do Linki\u00a0\u00a0 Ewangelia: Mt 28, 8 \u2013 15; 8 Po\u015bpiesznie wi\u0119c oddali\u0142y si\u0119 od grobu, z boja\u017ani\u0105 i wielk\u0105 rado\u015bci\u0105, i bieg\u0142y oznajmi\u0107 to Jego uczniom. Jezus ukazuje si\u0119 niewiastom 9 A oto Jezus stan\u0105\u0142 przed nimi i rzek\u0142: \u00abWitajcie!\u00bb One podesz\u0142y do Niego, obj\u0119\u0142y &hellip; <a href=\"https:\/\/poezjaiewangelia.pl\/?page_id=4314\" class=\"more-link\">Czytaj dalej <span class=\"screen-reader-text\">Poniedzia\u0142ek Wielkanocny rok ABC<\/span><\/a><\/p>\n","protected":false},"author":1,"featured_media":0,"parent":130,"menu_order":2,"comment_status":"closed","ping_status":"closed","template":"","meta":{"_monsterinsights_skip_tracking":false,"_monsterinsights_sitenote_active":false,"_monsterinsights_sitenote_note":"","_monsterinsights_sitenote_category":0,"footnotes":""},"class_list":["post-4314","page","type-page","status-publish","hentry"],"aioseo_notices":[],"_links":{"self":[{"href":"https:\/\/poezjaiewangelia.pl\/index.php?rest_route=\/wp\/v2\/pages\/4314","targetHints":{"allow":["GET"]}}],"collection":[{"href":"https:\/\/poezjaiewangelia.pl\/index.php?rest_route=\/wp\/v2\/pages"}],"about":[{"href":"https:\/\/poezjaiewangelia.pl\/index.php?rest_route=\/wp\/v2\/types\/page"}],"author":[{"embeddable":true,"href":"https:\/\/poezjaiewangelia.pl\/index.php?rest_route=\/wp\/v2\/users\/1"}],"replies":[{"embeddable":true,"href":"https:\/\/poezjaiewangelia.pl\/index.php?rest_route=%2Fwp%2Fv2%2Fcomments&post=4314"}],"version-history":[{"count":22,"href":"https:\/\/poezjaiewangelia.pl\/index.php?rest_route=\/wp\/v2\/pages\/4314\/revisions"}],"predecessor-version":[{"id":10349,"href":"https:\/\/poezjaiewangelia.pl\/index.php?rest_route=\/wp\/v2\/pages\/4314\/revisions\/10349"}],"up":[{"embeddable":true,"href":"https:\/\/poezjaiewangelia.pl\/index.php?rest_route=\/wp\/v2\/pages\/130"}],"wp:attachment":[{"href":"https:\/\/poezjaiewangelia.pl\/index.php?rest_route=%2Fwp%2Fv2%2Fmedia&parent=4314"}],"curies":[{"name":"wp","href":"https:\/\/api.w.org\/{rel}","templated":true}]}}