{"id":4326,"date":"2018-10-26T12:49:32","date_gmt":"2018-10-26T12:49:32","guid":{"rendered":"https:\/\/poezjaiewangelia.pl\/?page_id=4326"},"modified":"2022-07-12T17:54:14","modified_gmt":"2022-07-12T16:54:14","slug":"niedziela-zeslania-ducha-swietego-rok-a-b-c","status":"publish","type":"page","link":"https:\/\/poezjaiewangelia.pl\/?page_id=4326","title":{"rendered":"Zes\u0142anie Ducha \u015awi\u0119tego rok ABC"},"content":{"rendered":"\n<p><span style=\"color: #1e73be;\"><a style=\"color: #1e73be;\" href=\"https:\/\/poezjaiewangelia.pl\/?page_id=59#S59\">Powr\u00f3t do Wielkanoc,<\/a> &nbsp;<\/span><a id=\"S4326\"><\/a><span style=\"color: #1e73be;\"><a style=\"color: #1e73be;\" href=\"https:\/\/poezjaiewangelia.pl\/?page_id=130#S130\"> \u015awi\u0119ta Wielkanocne rok ABC, <\/a><\/span><a id=\"Gora\"><\/a><span style=\"color: #1e73be;\">&nbsp;<a style=\"color: #1e73be;\" href=\"https:\/\/poezjaiewangelia.pl\/?page_id=703#S703\">Powr\u00f3t do Linki<\/a><\/span><\/p>\n\n\n<div class=\"wp-block-image\">\n<figure class=\"alignright size-large\"><img loading=\"lazy\" decoding=\"async\" width=\"150\" height=\"150\" src=\"https:\/\/poezjaiewangelia.pl\/wp-content\/uploads\/2018\/11\/Czerwona-r\u00f3\u017ca2-e1592152757895.png\" alt=\"Czerwona r\u00f3\u017ca\" class=\"wp-image-4739\"\/><figcaption>Kolor szat<\/figcaption><\/figure>\n<\/div>\n\n<div class=\"wp-block-image\">\n<figure class=\"alignleft\"><a href=\"https:\/\/www.wga.hu\/framex-e.html?file=html\/v\/veronese\/04_1570s\/1resurre.html&amp;find=Resurrection\" target=\"_blank\" rel=\"noopener noreferrer\"><img decoding=\"async\" src=\"https:\/\/poezjaiewangelia.pl\/wp-content\/uploads\/2015\/12\/Paolo-Veronese-Zmartwychwstanie.jpg\" alt=\"Paolo Veronese Zmartwychwstanie (detal)\" title=\"Paolo Veronese Zmartwychwstanie (detal)\"\/><\/a><\/figure>\n<\/div>\n\n\n<hr class=\"wp-block-separator has-text-color has-luminous-vivid-amber-color has-css-opacity has-luminous-vivid-amber-background-color has-background is-style-dots\"\/>\n\n\n\n<p><strong>Msza Wigilii J 7, 37 \u2013 39;<\/strong><br><strong>Ewangelia: J 20, 19 \u2013 23;<\/strong><\/p>\n\n\n\n<h2 class=\"wp-block-heading\"><strong><span style=\"color:#3366ff\" class=\"has-inline-color\">S\u0141OWO BO\u017bE<\/span><\/strong><\/h2>\n\n\n\n<h5><strong>Msza Wigilii J 7, 37 \u2013 39;<\/strong><\/h5>\n\n\n<div class=\"wp-block-image\">\n<figure class=\"alignleft is-resized\"><a href=\"https:\/\/www.wga.hu\/frames-e.html?\/html\/r\/restout\/jean2\/pentecos.html\" target=\"_blank\" rel=\"noopener noreferrer\"><img loading=\"lazy\" decoding=\"async\" src=\"https:\/\/poezjaiewangelia.pl\/wp-content\/uploads\/2015\/11\/b345d15c57d7c0d3499b77e4315e3271-e1457175546170.jpg\" alt=\"Jean Restout Zes\u0142anie Ducha \u015awi\u0119tego\" width=\"461\" height=\"271\" title=\"Jean Restout Zes\u0142anie Ducha \u015awi\u0119tego\"\/><\/a><figcaption><center><em>Jean Restout Zes\u0142anie Ducha \u015awi\u0119tego<\/em><\/center><\/figcaption><\/figure>\n<\/div>\n\n\n<p><strong data-rich-text-format-boundary=\"true\">\u0179r\u00f3d\u0142o wody \u017cywej<\/strong><\/p>\n<p><span class=\"has-inline-color\" style=\"color: #993300;\"><strong>37&nbsp; W ostatnim za\u015b, najbardziej uroczystym dniu \u015bwi\u0119ta, Jezus stoj\u0105c zawo\u0142a\u0142 dono\u015bnym g\u0142osem:<\/strong><br><strong>\u00abJe\u015bli kto\u015b jest spragniony, a wierzy we Mnie \u2013 niech przyjdzie do Mnie i pije!<\/strong><br><strong>38 Jak rzek\u0142o Pismo: Strumienie wody \u017cywej pop\u0142yn\u0105 z jego wn\u0119trza\u00bb.<\/strong><br><strong>39 A powiedzia\u0142 to o Duchu, kt\u00f3rego mieli otrzyma\u0107 wierz\u0105cy w Niego; Duch bowiem jeszcze nie by\u0142 &lt;dany&gt;, poniewa\u017c Jezus nie zosta\u0142 jeszcze uwielbiony.<\/strong><\/span><\/p>\n\n\n\n<h2 class=\"wp-block-heading\"><strong><span style=\"color:#3366ff\" class=\"has-inline-color\">REFLEKSJA<\/span><\/strong><\/h2>\n\n\n\n<p><strong>Jan Zieli\u0144ski<\/strong><br><strong>\u2026<\/strong><br>\u015acie\u017cki wydeptane<br>do pracy<br>do szko\u0142y<br>po zakupy<br>na poczt\u0119<br>na dzia\u0142k\u0119<br>do ko\u015bcio\u0142a na msz\u0119<br>na urlop<br>\u015bcie\u017cki wydeptane<br>wa\u017cnych spraw codziennych<\/p>\n\n\n\n<p>\u015bcie\u017cka do studni<br>gdzie woda \u017bycia<br>zaros\u0142a traw\u0105<\/p>\n\n\n\n<p><em><strong>\u00abWiersze podarowane\u00bb, Warszawa 1994, str. 70<\/strong><\/em><\/p>\n\n\n\n<p><strong>Jan Zieli\u0144ski<\/strong><\/p>\n\n\n\n<p><em><strong>Psalm w wannie<\/strong><\/em><\/p>\n\n\n\n<p>Pozdrawiam ci\u0119 wodo<br>starsza siostro W stworzeniu<br>gdy mnie nie by\u0142o p\u0142yn\u0119\u0142a\u015b<br>kiedy odejd\u0119 pop\u0142yniesz nade mn\u0105<br>dzisiaj tw\u00f3j m\u0142odszy brat<br>stoi przed tob\u0105 zas\u0142uchany<br>co m\u00f3wisz pluskaniem z kranu<br>o wybraniu przez Pana<br>o \u017ar\u00f3d\u0142ach studniach rzekach morzu<br>o tym \u017ce za tob\u0105 prawdziwa Woda \u017bycia<br>widz\u0119 ojca<br>jak latem wchodzi do jeziora<br>i czyni nad tob\u0105 znak krzy\u017ca<br>wchodz\u0119 do wanny<br>czyni\u0119 to samo<br>i nie wiem dlaczego<br>nag\u0142e ol\u015bnienie<br>nag\u0142e wzruszenie<br>\u0142za w oku<br>przecie\u017c to Pan obmywa moje cia\u0142o<br>i podaje suchy r\u0119cznik<br>przecie\u017c to prawda<br>przecie\u017c tak jest<\/p>\n\n\n\n<p><em><strong>\u00abWiersze podarowane\u00bb, Warszawa 1994, str. 34<\/strong><\/em><\/p>\n\n\n\n<h2 class=\"wp-block-heading\"><strong><span style=\"color:#3366ff\" class=\"has-inline-color\">S\u0141OWO BO\u017bE<\/span><\/strong><\/h2>\n\n\n\n<h5><strong>Ewangelia: J 20, 19 \u2013 23;<\/strong><\/h5>\n\n\n<div class=\"wp-block-image\">\n<figure class=\"alignleft size-large is-resized\"><a href=\"https:\/\/www.wga.hu\/frames-e.html?\/html\/d\/duccio\/maesta\/crown_v\/cro_v_1.html\" target=\"_blank\" rel=\"noopener noreferrer\"><img loading=\"lazy\" decoding=\"async\" src=\"https:\/\/poezjaiewangelia.pl\/wp-content\/uploads\/2015\/11\/591bf1764af6bc78b7deef68324dabd2-e1457174694144.jpg\" alt=\"Duccio di Buoninsegna Jezus przechodzi przez zamkni\u0119te drzwi\" class=\"wp-image-2310\" width=\"399\" height=\"294\" title=\"Duccio di Buoninsegna Jezus przechodzi przez zamkni\u0119te drzwi\"\/><\/a><figcaption><center><em>Duccio di Buoninsegna Jezus przechodzi przez zamkni\u0119te drzwi<\/em><\/center><\/figcaption><\/figure>\n<\/div>\n\n\n<p><strong>Zmartwychwsta\u0142y ukazuje si\u0119 Aposto\u0142om<\/strong><\/p>\n<p>19 Wieczorem owego pierwszego dnia tygodnia, tam gdzie przebywali uczniowie, gdy drzwi by\u0142y zamkni\u0119te z obawy przed \u017bydami, przyszed\u0142 Jezus, stan\u0105\u0142 po\u015brodku i rzek\u0142 do nich: \u00abPok\u00f3j wam!\u00bb<br \/>20 A to powiedziawszy, pokaza\u0142 im r\u0119ce i bok. Uradowali si\u0119 zatem uczniowie ujrzawszy Pana.<br \/><span style=\"color: #993300;\"><strong>21 A Jezus znowu rzek\u0142 do nich: \u00abPok\u00f3j wam! Jak Ojciec Mnie pos\u0142a\u0142, tak i Ja was posy\u0142am\u00bb.<\/strong><\/span><br \/><span style=\"color: #993300;\"><strong>22 Po tych s\u0142owach tchn\u0105\u0142 na nich i powiedzia\u0142 im: \u00abWe\u017amijcie Ducha \u015awi\u0119tego!<\/strong><\/span><br \/><span style=\"color: #993300;\"><strong>23 Kt\u00f3rym odpu\u015bcicie grzechy, s\u0105 im odpuszczone, a kt\u00f3rym zatrzymacie, s\u0105 im zatrzymane\u00bb<\/strong><\/span><\/p>\n\n\n\n<h2 class=\"wp-block-heading\"><strong><span style=\"color:#3366ff\" class=\"has-inline-color\">REFLEKSJA<\/span><\/strong><\/h2>\n\n\n\n<p><strong>Jan Twardowski<\/strong><\/p>\n\n\n\n<p><em><strong>Wiersz do Ducha \u015awi\u0119tego<\/strong><\/em><\/p>\n\n\n\n<p>Duchu \u015awi\u0119ty, kt\u00f3ry wszystko \u0142\u0105czysz<br>i chcesz, \u017ceby by\u0142a zgoda.<br>Prosimy Ciebie,<br>\u017ceby nie by\u0142o ludzi zagniewanych,<br>\u017cyj\u0105cych jak pies z kotem,<br>dokuczaj\u0105cych sobie tam i z powrotem,<br>takich, kt\u00f3rzy nawet w czasie arytmetyki<br>pokazuj\u0105 sobie j\u0119zyki.<\/p>\n\n\n\n<p>Duchu \u015awi\u0119ty, ni z tego ni z owego,<br>tchnij na nas, chuchnij na ca\u0142ego.<br>Amen.<\/p>\n\n\n\n<p><em><strong>\u00abABC ksi\u0119dza Twardowskiego. Rok C\u00bb, Warszawa 2002, str. 65<\/strong><\/em><\/p>\n\n\n\n<p><strong>Jan Twardowski<\/strong><\/p>\n\n\n\n<p><em><strong>Bliscy i obcy<\/strong><\/em><\/p>\n\n\n<div class=\"wp-block-image\">\n<figure class=\"alignright size-large is-resized\"><a href=\"https:\/\/pl.wikipedia.org\/w\/index.php?title=Plik:Kazimirowski_Eugeniusz,_Divine_Mercy,_1934.jpg&amp;filetimestamp=20100122193010\" target=\"_blank\" rel=\"noopener noreferrer\"><img loading=\"lazy\" decoding=\"async\" src=\"https:\/\/poezjaiewangelia.pl\/wp-content\/uploads\/2020\/04\/Jezu-Ufam-Tobbie-Eugeniusz-Kazimirowski.-470x1024.jpg\" alt=\"Eugeniusz Kazimirowski Jezu ufam Tobbie\" class=\"wp-image-7466\" width=\"235\" height=\"512\" title=\"Eugeniusz Kazimirowski Jezu ufam Tobbie \"\/><\/a><figcaption><center><em>Eugeniusz Kazimirowski Jezu ufam Tobbie<\/em><\/center><\/figcaption><\/figure>\n<\/div>\n\n\n<p>Co tu si\u0119 dzieje<br>ksi\u0119\u017cyc p\u0142aski jak dolar<br>dom bez domu<br>dwoje bliskich i obcych<br>jak po grzechu ka\u017cdy bardziej samotny<br>lato ucieka z ostatnim motylem na ramieniu<br>nawet zachwyt nie zachwyca<br>zimno po ka\u017cdym s\u0142owie<br>jedzenie smutne<br>wszystko jak nagie ciel\u0119<br>tak zawsze<br>kiedy si\u0119 z mi\u0142o\u015bci wymknie tajemnica<\/p>\n\n\n\n<p><em><strong>\u00abnie przyszed\u0142em pana nawraca\u0107\u00bb, Warszawa 1986, str..231<\/strong><\/em><\/p>\n\n\n\n<p><strong>Jan Twardowski<\/strong><\/p>\n\n\n\n<p><em><strong>Szcz\u0119\u015bcie<\/strong><\/em><\/p>\n\n\n\n<p>nie ma mi\u0142o\u015bci bez odpowiedzi<br>serce zostaje dalej cho\u0107 odesz\u0142o<br>byle nie dla siebie<\/p>\n\n\n\n<p>wtedy krowa pociesza ogonem<br>dwumetrowy goryl obejmuje goryla<br>koza p\u00f3jdzie do kozy<br>zimorodek czeka na zim\u0119 \u017ceby si\u0119 urodzi\u0107<br>je\u017c nie je\u017cy si\u0119 na je\u017cyc\u0119<br>komputer pyta koguta o godzin\u0119<br>bocian powr\u00f3\u017cy cho\u0107by jedn\u0105 bezpartyjn\u0105 nog\u0105<br>ca\u0142uj\u0105 wszystkich nawet nikogo<br>a szcz\u0119\u015bcie tak jak skrzypce im starsze tym m\u0142odsze<\/p>\n\n\n\n<p><em><strong>\u00abnie przyszed\u0142em pana nawraca\u0107\u00bb, Warszawa 1986, str..382<\/strong><\/em><\/p>\n\n\n\n<p class=\"has-text-align-center\"><a href=\"https:\/\/poezjaiewangelia.pl\/?page_id=4326#Gora\"><span style=\"color:#1e73be\" class=\"has-inline-color\">Do g\u00f3ry<\/span><\/a><\/p>\n","protected":false},"excerpt":{"rendered":"<p>Powr\u00f3t do Wielkanoc, &nbsp; \u015awi\u0119ta Wielkanocne rok ABC, &nbsp;Powr\u00f3t do Linki Msza Wigilii J 7, 37 \u2013 39;Ewangelia: J 20, 19 \u2013 23; Msza Wigilii J 7, 37 \u2013 39; \u0179r\u00f3d\u0142o wody \u017cywej 37&nbsp; W ostatnim za\u015b, najbardziej uroczystym dniu \u015bwi\u0119ta, Jezus stoj\u0105c zawo\u0142a\u0142 dono\u015bnym g\u0142osem:\u00abJe\u015bli kto\u015b jest spragniony, a wierzy we Mnie \u2013 niech &hellip; <a href=\"https:\/\/poezjaiewangelia.pl\/?page_id=4326\" class=\"more-link\">Czytaj dalej <span class=\"screen-reader-text\">Zes\u0142anie Ducha \u015awi\u0119tego rok ABC<\/span><\/a><\/p>\n","protected":false},"author":1,"featured_media":0,"parent":130,"menu_order":4,"comment_status":"closed","ping_status":"closed","template":"","meta":{"_monsterinsights_skip_tracking":false,"_monsterinsights_sitenote_active":false,"_monsterinsights_sitenote_note":"","_monsterinsights_sitenote_category":0,"footnotes":""},"class_list":["post-4326","page","type-page","status-publish","hentry"],"aioseo_notices":[],"_links":{"self":[{"href":"https:\/\/poezjaiewangelia.pl\/index.php?rest_route=\/wp\/v2\/pages\/4326","targetHints":{"allow":["GET"]}}],"collection":[{"href":"https:\/\/poezjaiewangelia.pl\/index.php?rest_route=\/wp\/v2\/pages"}],"about":[{"href":"https:\/\/poezjaiewangelia.pl\/index.php?rest_route=\/wp\/v2\/types\/page"}],"author":[{"embeddable":true,"href":"https:\/\/poezjaiewangelia.pl\/index.php?rest_route=\/wp\/v2\/users\/1"}],"replies":[{"embeddable":true,"href":"https:\/\/poezjaiewangelia.pl\/index.php?rest_route=%2Fwp%2Fv2%2Fcomments&post=4326"}],"version-history":[{"count":29,"href":"https:\/\/poezjaiewangelia.pl\/index.php?rest_route=\/wp\/v2\/pages\/4326\/revisions"}],"predecessor-version":[{"id":9987,"href":"https:\/\/poezjaiewangelia.pl\/index.php?rest_route=\/wp\/v2\/pages\/4326\/revisions\/9987"}],"up":[{"embeddable":true,"href":"https:\/\/poezjaiewangelia.pl\/index.php?rest_route=\/wp\/v2\/pages\/130"}],"wp:attachment":[{"href":"https:\/\/poezjaiewangelia.pl\/index.php?rest_route=%2Fwp%2Fv2%2Fmedia&parent=4326"}],"curies":[{"name":"wp","href":"https:\/\/api.w.org\/{rel}","templated":true}]}}