{"id":4340,"date":"2018-10-26T20:18:11","date_gmt":"2018-10-26T20:18:11","guid":{"rendered":"https:\/\/poezjaiewangelia.pl\/?page_id=4340"},"modified":"2023-04-23T22:29:49","modified_gmt":"2023-04-23T21:29:49","slug":"3-niedziela-wielkanocna-rok-a","status":"publish","type":"page","link":"https:\/\/poezjaiewangelia.pl\/?page_id=4340","title":{"rendered":"3 Niedziela Wielkanocna rok A"},"content":{"rendered":"\n<p><span style=\"color: #1e73be;\"><a style=\"color: #1e73be;\" href=\"https:\/\/poezjaiewangelia.pl\/?page_id=59#S59\">Powr\u00f3t do Wielkanoc,<\/a>\u00a0\u00a0<\/span><a id=\"S4340\"><\/a><span style=\"color: #1e73be;\"><a style=\"color: #1e73be;\" href=\"https:\/\/poezjaiewangelia.pl\/?page_id=124#S124\"> Niedziele Wielkanocne rok A, <\/a><\/span><a id=\"Gora\"><\/a><span style=\"color: #1e73be;\"> \u00a0<a style=\"color: #1e73be;\" href=\"https:\/\/poezjaiewangelia.pl\/?page_id=703#S703\">Powr\u00f3t do Linki<\/a><\/span><\/p>\n\n\n<div class=\"wp-block-image\">\n<figure class=\"alignright size-large\"><img loading=\"lazy\" decoding=\"async\" width=\"150\" height=\"150\" src=\"https:\/\/poezjaiewangelia.pl\/wp-content\/uploads\/2018\/10\/R\u00f3\u017ca-bia\u0142a-e1592148272533.png\" alt=\"Kolor szat\" class=\"wp-image-4591\"\/><figcaption class=\"wp-element-caption\">Kolor szat<\/figcaption><\/figure>\n<\/div>\n\n<div class=\"wp-block-image\">\n<figure class=\"alignleft\"><a href=\"https:\/\/www.wga.hu\/framex-e.html?file=html\/v\/veronese\/04_1570s\/1resurre.html&amp;find=Resurrection\" target=\"_blank\" rel=\"noopener noreferrer\"><img decoding=\"async\" src=\"https:\/\/poezjaiewangelia.pl\/wp-content\/uploads\/2015\/12\/Paolo-Veronese-Zmartwychwstanie.jpg\" alt=\"Paolo Veronese Zmartwychwstanie (detal)\" title=\"Paolo Veronese Zmartwychwstanie (detal)\"\/><\/a><\/figure>\n<\/div>\n\n\n<hr class=\"wp-block-separator has-text-color has-luminous-vivid-amber-color has-css-opacity has-luminous-vivid-amber-background-color has-background is-style-dots\"\/>\n\n\n\n<p><strong>Ewangelia: \u0141k 24, 13 \u2013 35;<\/strong><\/p>\n\n\n\n<h2 class=\"wp-block-heading\"><strong><span style=\"color:#3366ff\" class=\"has-inline-color\">S\u0141OWO BO\u017bE<\/span><\/strong><\/h2>\n\n\n<div class=\"wp-block-image\">\n<figure class=\"alignleft size-large is-resized\"><a href=\"https:\/\/www.wga.hu\/frames-e.html?\/html\/t\/tiziano\/03_1530s\/3emmaus.html\" target=\"_blank\" rel=\"noopener noreferrer\"><img loading=\"lazy\" decoding=\"async\" src=\"https:\/\/poezjaiewangelia.pl\/wp-content\/uploads\/2015\/11\/Tycjan-Wieczerza-w-Emaus-e1462199293255.jpg\" alt=\"Tycjan Wieczerza w Emaus\" class=\"wp-image-2761\" width=\"452\" height=\"305\" title=\"Tycjan Wieczerza w Emaus\"\/><\/a><figcaption class=\"wp-element-caption\"><center><em>Tycjan Wieczerza w Emaus<\/em><\/center><\/figcaption><\/figure>\n<\/div>\n\n\n<p><strong>Uczniowie z Emaus<\/strong><\/p>\n<p>13 Tego samego dnia dwaj z nich byli w drodze do wsi, zwanej Emaus, oddalonej sze\u015b\u0107dziesi\u0105t stadi\u00f3w od Jerozolimy.<br>14 Rozmawiali oni z sob\u0105 o tym wszystkim, co si\u0119 wydarzy\u0142o.<br>15 Gdy tak rozmawiali i rozprawiali z sob\u0105, sam Jezus przybli\u017cy\u0142 si\u0119 i szed\u0142 z nimi.<br>16 Lecz oczy ich by\u0142y niejako na uwi\u0119zi, tak \u017ce Go nie poznali.<br>17 On za\u015b ich zapyta\u0142: \u00abC\u00f3\u017c to za rozmowy prowadzicie z sob\u0105 w drodze?\u00bb Zatrzymali si\u0119 smutni.<br>18 A jeden z nich, imieniem Kleofas, odpowiedzia\u0142 Mu: \u00abTy jeste\u015b chyba jedynym z przebywaj\u0105cych w Jerozolimie, kt\u00f3ry nie wie, co si\u0119 tam w tych dniach sta\u0142o\u00bb.<br>19 Zapyta\u0142 ich: \u00abC\u00f3\u017c takiego?\u00bb Odpowiedzieli Mu: \u00abTo, co si\u0119 sta\u0142o z Jezusem Nazarejczykiem, kt\u00f3ry by\u0142 prorokiem pot\u0119\u017cnym w czynie i s\u0142owie wobec Boga i ca\u0142ego ludu;<br>20 jak arcykap\u0142ani i nasi przyw\u00f3dcy wydali Go na \u015bmier\u0107 i ukrzy\u017cowali.<br>21 A my\u015bmy si\u0119 spodziewali, \u017ce On w\u0142a\u015bnie mia\u0142 wyzwoli\u0107 Izraela. Tak, a po tym wszystkim dzi\u015b ju\u017c trzeci dzie\u0144, jak si\u0119 to sta\u0142o.<br>22 Nadto jeszcze niekt\u00f3re z naszych kobiet przerazi\u0142y nas: by\u0142y rano u grobu,<br>23 a nie znalaz\u0142szy Jego cia\u0142a, wr\u00f3ci\u0142y i opowiedzia\u0142y, \u017ce mia\u0142y widzenie anio\u0142\u00f3w, kt\u00f3rzy zapewniaj\u0105, i\u017c On \u017cyje.<br>24 Poszli niekt\u00f3rzy z naszych do grobu i zastali wszystko tak, jak kobiety opowiada\u0142y, ale Jego nie widzieli\u00bb.<br>25 Na to On rzek\u0142 do nich: \u00abO nierozumni, jak nieskore s\u0105 wasze serca do wierzenia we wszystko, co powiedzieli prorocy!<br>26 Czy\u017c Mesjasz nie mia\u0142 tego cierpie\u0107, aby wej\u015b\u0107 do swej chwa\u0142y?\u00bb<br>27 I zaczynaj\u0105c od Moj\u017cesza poprzez wszystkich prorok\u00f3w wyk\u0142ada\u0142 im, co we wszystkich Pismach odnosi\u0142o si\u0119 do Niego.<br>28 Tak przybli\u017cyli si\u0119 do wsi, do kt\u00f3rej zd\u0105\u017cali, a On okazywa\u0142, jakoby mia\u0142 i\u015b\u0107 dalej.<br><span style=\"color: #993300;\"><strong>29 Lecz przymusili Go, m\u00f3wi\u0105c: \u00abZosta\u0144 z nami, gdy\u017c ma si\u0119 ku wieczorowi i dzie\u0144 si\u0119 ju\u017c nachyli\u0142\u00bb. Wszed\u0142 wi\u0119c, aby zosta\u0107 z nimi.<\/strong><\/span><br><span style=\"color: #993300;\"><strong>30 Gdy zaj\u0105\u0142 z nimi miejsce u sto\u0142u, wzi\u0105\u0142 chleb, odm\u00f3wi\u0142 b\u0142ogos\u0142awie\u0144stwo, po\u0142ama\u0142 go i dawa\u0142 im.<\/strong><\/span><br><span style=\"color: #993300;\"><strong>31 Wtedy oczy im si\u0119 otworzy\u0142y i poznali Go, lecz On znikn\u0105\u0142 im z oczu.<\/strong><\/span><br><span style=\"color: #993300;\"><strong>32 I m\u00f3wili nawzajem do siebie: \u00abCzy serce nie pa\u0142a\u0142o w nas, kiedy rozmawia\u0142 z nami w drodze i Pisma nam wyja\u015bnia\u0142?\u00bb<\/strong><\/span><br>33 W tej samej godzinie wybrali si\u0119 i wr\u00f3cili do Jerozolimy. Tam zastali zebranych Jedenastu i innych z nimi,<br>34 kt\u00f3rzy im oznajmili: \u00abPan rzeczywi\u015bcie zmartwychwsta\u0142 i ukaza\u0142 si\u0119 Szymonowi\u00bb.<br>35 Oni r\u00f3wnie\u017c opowiadali, co ich spotka\u0142o w drodze, i jak Go poznali przy \u0142amaniu chleba.<\/p>\n\n\n\n<h2 class=\"wp-block-heading\"><strong><span style=\"color:#3366ff\" class=\"has-inline-color\">REFLEKSJA<\/span><\/strong><\/h2>\n\n\n<div class=\"wp-block-image\">\n<figure class=\"alignright size-large\"><a href=\"https:\/\/www.wga.hu\/html\/m\/marziale\/s_emmaus.html\" target=\"_blank\" rel=\"noopener noreferrer\"><img loading=\"lazy\" decoding=\"async\" width=\"400\" height=\"338\" src=\"https:\/\/poezjaiewangelia.pl\/wp-content\/uploads\/2020\/04\/Marco-Marziale-Wieczerza-w-Emmaus.jpg\" alt=\"Marco Marziale Wieczerza w Emmaus\" class=\"wp-image-7506\" title=\"Marco Marziale Wieczerza w Emmaus\" srcset=\"https:\/\/poezjaiewangelia.pl\/wp-content\/uploads\/2020\/04\/Marco-Marziale-Wieczerza-w-Emmaus.jpg 400w, https:\/\/poezjaiewangelia.pl\/wp-content\/uploads\/2020\/04\/Marco-Marziale-Wieczerza-w-Emmaus-300x254.jpg 300w\" sizes=\"auto, (max-width: 400px) 100vw, 400px\" \/><\/a><figcaption class=\"wp-element-caption\"><center><em>Marco Marziale Wieczerza w Emmaus<\/em><\/center><\/figcaption><\/figure>\n<\/div>\n\n\n<p><strong>Anna Kamie\u0144ska<\/strong><\/p>\n\n\n\n<p><em><strong>Emaus<\/strong><\/em><\/p>\n\n\n\n<p>Nie poznajemy<br>nigdy do ko\u0144ca<br>nigdy na pewno<\/p>\n\n\n\n<p>Wydaje si\u0119<br>ale ju\u017c nie<\/p>\n\n\n\n<p>Serce pa\u0142a\u0142o<br>ale och\u0142\u00f3d\u0142o<\/p>\n\n\n\n<p>Czy to On<br>milczy<br>czy to Ty<br>znika<br>Zawsze jest tylko chleb<br>r\u0119ce i gest<\/p>\n\n\n\n<p>Twarz coraz inna<br>coraz nowa twarz<\/p>\n\n\n\n<p>Ma si\u0119 ku wieczorowi<br>a dzie\u0144 si\u0119 nachyla<br>pora spoczynku<br>woda wino chleb<\/p>\n\n\n\n<p>Czemu\u015bcie nie spytali wprost<br>nie pochwycili Go za nogi<br>r\u0105k nie trzymali<br>cienia nie przywi\u0105zali do \u0142awy<\/p>\n\n\n\n<p>Stoimy tak uczniowie<br>kt\u00f3rzy nie doszli do Emaus<br>a r\u0119ce ci\u0105\u017c\u0105 od zdumienia<\/p>\n\n\n\n<p>Czy to On<br>by\u0142<br>na pewno<br>gdzie<\/p>\n\n\n\n<p>\u015alady zamiot\u0142a noc<br>czym pr\u0119dzej<br>nie\u015bmy innym<br>pewno\u015b\u0107 niepewno\u015bci<\/p>\n\n\n\n<p><em><strong>\u00abIntencje serca\u00bb, Pozna\u0144 1985, str. 253<\/strong><\/em><\/p>\n\n\n\n<p><strong>Maciej J\u00f3zef Kononowicz<\/strong><\/p>\n\n\n\n<p><em><strong>Droga do Emaus<\/strong><\/em><\/p>\n\n\n\n<p>Drogi nasze codziennie wiod\u0105 do Emaus,<br>co dnia tysi\u0105ce braci mijamy w po\u015bpiechu \u2013<br>w\u015br\u00f3d nich i Ciebie, Jezu, nierozpoznawany,<br>kt\u00f3ry d\u017awigasz na barkach ci\u0119\u017car naszych grzech\u00f3w.<\/p>\n\n\n\n<p>Drogi nasze codziennie wiod\u0105 do Emaus \u2013<br>Zbyt ci\u0119\u017cko Ci\u0119 rozpozna\u0107 i ci\u0119\u017cko uwierzy\u0107,<br>\u017ce\u015b zawsze jest kalek\u0105, starcem lub n\u0119dzarzem<br>uporczywym, natr\u0119tnym i tragicznie biednym.<\/p>\n\n\n\n<p>Drogi nasze codziennie do Emaus wiod\u0105 \u2013<br>Rozprawiamy o Tobie uczenie i tkliwie:<br>s\u0142yszysz nas i \u2013 z nadziej\u0105 krzy\u017cem przej\u015bcie grodz\u0105c<br>prosisz o cyrenejsk\u0105 przys\u0142ug\u0119 i\u2026 milkniesz.<\/p>\n\n\n\n<p>Drogi nasze codziennie wiod\u0105 do Emaus \u2013<br>Wst\u0119pujemy do \u015bwi\u0105ty\u0144, by ujrze\u0107 Ci\u0119 w Hostii,<br>aby m\u00f3c Ci\u0119 nie pozna\u0107 w bli\u017anich, co mijaj\u0105,<br>by wykupi\u0107 si\u0119 z trudnej ofiary: z mi\u0142o\u015bci\u2026<\/p>\n\n\n\n<p><em><strong>\u00abIntencje serca\u00bb, Pozna\u0144 1985, str. 255<\/strong><\/em><\/p>\n\n\n<div class=\"wp-block-image\">\n<figure class=\"alignright size-large is-resized\"><a href=\"https:\/\/www.wga.hu\/frames-e.html?\/html\/b\/bloemaer\/abraham\/emmaus.html\" target=\"_blank\" rel=\"noopener noreferrer\"><img loading=\"lazy\" decoding=\"async\" src=\"https:\/\/poezjaiewangelia.pl\/wp-content\/uploads\/2015\/11\/Abraham-Bloemaert-Emaus-e1462199321825.jpg\" alt=\"Abraham Bloemaert Emaus\" class=\"wp-image-2762\" width=\"429\" height=\"286\" title=\"Abraham Bloemaert Emaus\"\/><\/a><figcaption class=\"wp-element-caption\"><center><em>Abraham Bloemaert Emaus<\/em><\/center><\/figcaption><\/figure>\n<\/div>\n\n\n<p><strong>Janusz Pasierb<\/strong><\/p>\n\n\n\n<p><em><strong>Po po\u0142udniu<\/strong><\/em><\/p>\n\n\n\n<p>przy\u0142\u0105czy\u0142 si\u0119 do nich<br>w drodze<br>zdawa\u0142 si\u0119 i\u015b\u0107 dalej<br>przez jedno popo\u0142udnie<br>mieli Go tylko dla siebie<br>nawet wszech\u015bwiat musia\u0142 poczeka\u0107<br>na punkt omega<br>jak korepetytor<br>nieznu\u017cenie<br>wyk\u0142ada\u0142 im pisma<br>jeszcze raz<br>od pocz\u0105tku<\/p>\n\n\n\n<p>dzi\u015b po po\u0142udniu<br>jeszcze raz od pocz\u0105tku<br>w drodze jak zawsze<br>naprawd\u0119 dalej id\u0105cy<br>nieznajomy<br>cierpliwy<br>bliski<\/p>\n\n\n\n<p>gdy \u015bwiat si\u0119 zmierzcha<br>to ciep\u0142o w sercu<\/p>\n\n\n\n<p><em><strong>\u00abIntencje serca\u00bb, Pozna\u0144 1985, str. 258<\/strong><\/em><\/p>\n\n\n<p style=\"text-align: center;\"><span style=\"color: #1e73be;\"><a style=\"color: #1e73be;\" href=\"https:\/\/poezjaiewangelia.pl\/?page_id=4340#Gora\">Do g\u00f3ry<\/a><\/span><\/p>","protected":false},"excerpt":{"rendered":"<p>Powr\u00f3t do Wielkanoc,\u00a0\u00a0 Niedziele Wielkanocne rok A, \u00a0Powr\u00f3t do Linki Ewangelia: \u0141k 24, 13 \u2013 35; Uczniowie z Emaus 13 Tego samego dnia dwaj z nich byli w drodze do wsi, zwanej Emaus, oddalonej sze\u015b\u0107dziesi\u0105t stadi\u00f3w od Jerozolimy.14 Rozmawiali oni z sob\u0105 o tym wszystkim, co si\u0119 wydarzy\u0142o.15 Gdy tak rozmawiali i rozprawiali z sob\u0105, &hellip; <a href=\"https:\/\/poezjaiewangelia.pl\/?page_id=4340\" class=\"more-link\">Czytaj dalej <span class=\"screen-reader-text\">3 Niedziela Wielkanocna rok A<\/span><\/a><\/p>\n","protected":false},"author":1,"featured_media":0,"parent":124,"menu_order":1,"comment_status":"closed","ping_status":"closed","template":"","meta":{"_monsterinsights_skip_tracking":false,"_monsterinsights_sitenote_active":false,"_monsterinsights_sitenote_note":"","_monsterinsights_sitenote_category":0,"footnotes":""},"class_list":["post-4340","page","type-page","status-publish","hentry"],"aioseo_notices":[],"_links":{"self":[{"href":"https:\/\/poezjaiewangelia.pl\/index.php?rest_route=\/wp\/v2\/pages\/4340","targetHints":{"allow":["GET"]}}],"collection":[{"href":"https:\/\/poezjaiewangelia.pl\/index.php?rest_route=\/wp\/v2\/pages"}],"about":[{"href":"https:\/\/poezjaiewangelia.pl\/index.php?rest_route=\/wp\/v2\/types\/page"}],"author":[{"embeddable":true,"href":"https:\/\/poezjaiewangelia.pl\/index.php?rest_route=\/wp\/v2\/users\/1"}],"replies":[{"embeddable":true,"href":"https:\/\/poezjaiewangelia.pl\/index.php?rest_route=%2Fwp%2Fv2%2Fcomments&post=4340"}],"version-history":[{"count":30,"href":"https:\/\/poezjaiewangelia.pl\/index.php?rest_route=\/wp\/v2\/pages\/4340\/revisions"}],"predecessor-version":[{"id":10365,"href":"https:\/\/poezjaiewangelia.pl\/index.php?rest_route=\/wp\/v2\/pages\/4340\/revisions\/10365"}],"up":[{"embeddable":true,"href":"https:\/\/poezjaiewangelia.pl\/index.php?rest_route=\/wp\/v2\/pages\/124"}],"wp:attachment":[{"href":"https:\/\/poezjaiewangelia.pl\/index.php?rest_route=%2Fwp%2Fv2%2Fmedia&parent=4340"}],"curies":[{"name":"wp","href":"https:\/\/api.w.org\/{rel}","templated":true}]}}