{"id":4351,"date":"2018-10-26T19:09:23","date_gmt":"2018-10-26T19:09:23","guid":{"rendered":"https:\/\/poezjaiewangelia.pl\/?page_id=4351"},"modified":"2022-07-12T17:57:27","modified_gmt":"2022-07-12T16:57:27","slug":"5-niedziela-wielkanocna-rok-a","status":"publish","type":"page","link":"https:\/\/poezjaiewangelia.pl\/?page_id=4351","title":{"rendered":"5 Niedziela Wielkanocna rok A"},"content":{"rendered":"\n<p><span style=\"color: #1e73be;\"><a style=\"color: #1e73be;\" href=\"https:\/\/poezjaiewangelia.pl\/?page_id=59#S59\">Powr\u00f3t do Wielkanoc<\/a>, <a id=\"S4351\" style=\"color: #1e73be;\"><\/a>&nbsp; <a style=\"color: #1e73be;\" href=\"https:\/\/poezjaiewangelia.pl\/?page_id=124#S124\">Niedziele Wielkanocne rok A<\/a>, <a id=\"Gora\" style=\"color: #1e73be;\"><\/a>&nbsp; <a style=\"color: #1e73be;\" href=\"https:\/\/poezjaiewangelia.pl\/?page_id=703#S703\">Powr\u00f3t do Linki<\/a><\/span><\/p>\n\n\n<div class=\"wp-block-image\">\n<figure class=\"alignright size-large\"><img loading=\"lazy\" decoding=\"async\" width=\"150\" height=\"150\" src=\"https:\/\/poezjaiewangelia.pl\/wp-content\/uploads\/2018\/10\/R\u00f3\u017ca-bia\u0142a-e1592148272533.png\" alt=\"Kolor szat\" class=\"wp-image-4591\"\/><figcaption>Kolor szat<\/figcaption><\/figure>\n<\/div>\n\n<div class=\"wp-block-image\">\n<figure class=\"alignleft\"><a href=\"https:\/\/www.wga.hu\/framex-e.html?file=html\/v\/veronese\/04_1570s\/1resurre.html&amp;find=Resurrection\" target=\"_blank\" rel=\"noopener noreferrer\"><img decoding=\"async\" src=\"https:\/\/poezjaiewangelia.pl\/wp-content\/uploads\/2015\/12\/Paolo-Veronese-Zmartwychwstanie.jpg\" alt=\"Paolo Veronese Zmartwychwstanie (detal)\" title=\"Paolo Veronese Zmartwychwstanie (detal)\"\/><\/a><\/figure>\n<\/div>\n\n\n<hr class=\"wp-block-separator has-text-color has-luminous-vivid-amber-color has-css-opacity has-luminous-vivid-amber-background-color has-background is-style-dots\"\/>\n\n\n\n<p><strong>Ewangelia: J 14, 1 \u2013 12;<\/strong><\/p>\n\n\n\n<h2 class=\"wp-block-heading\"><strong><span style=\"color:#3366ff\" class=\"has-inline-color\">S\u0141OWO BO\u017bE<\/span><\/strong><\/h2>\n\n\n<div class=\"wp-block-image\">\n<figure class=\"alignleft size-large\"><a href=\"https:\/\/www.wga.hu\/framex-e.html?file=html\/t\/tiziano\/05_1550s\/02trinit.html&amp;find=Trinity\" target=\"_blank\" rel=\"noopener noreferrer\"><img loading=\"lazy\" decoding=\"async\" width=\"300\" height=\"439\" src=\"https:\/\/poezjaiewangelia.pl\/wp-content\/uploads\/2015\/11\/00f306d19a2d8bf08d3dc3c51455fd74-e1458552839144.jpg\" alt=\"Tiziano Vecellio Tr\u00f3jca \u015awi\u0119ta w chwale\" class=\"wp-image-2764\" title=\"Tiziano Vecellio Tr\u00f3jca \u015awi\u0119ta w chwale\"\/><\/a><figcaption><center><em>Tiziano Vecellio Tr\u00f3jca \u015awi\u0119ta w chwale<\/em><\/center><\/figcaption><\/figure>\n<\/div>\n\n\n<p><strong>Do domu Ojca<\/strong><\/p>\n<p><span style=\"color: #993300;\"><strong>1 Niech si\u0119 nie trwo\u017cy serce wasze. Wierzycie w Boga? I we Mnie wierzcie!<\/strong><\/span><br \/><span style=\"color: #993300;\"><strong>2 W domu Ojca mego jest mieszka\u0144 wiele. Gdyby tak nie by\u0142o, to bym wam powiedzia\u0142. Id\u0119 przecie\u017c przygotowa\u0107 wam miejsce.<\/strong><\/span><br \/><span style=\"color: #993300;\"><strong>3 A gdy odejd\u0119 i przygotuj\u0119 wam miejsce, przyjd\u0119 powt\u00f3rnie i zabior\u0119 was do siebie, aby\u015bcie i wy byli tam, gdzie Ja jestem.<\/strong><\/span><br \/><span style=\"color: #993300;\"><strong>4 Znacie drog\u0119, dok\u0105d Ja id\u0119\u00bb.<\/strong><\/span><br \/><span style=\"color: #993300;\"><strong>\u00a05 Odezwa\u0142 si\u0119 do Niego Tomasz: \u00abPanie, nie wiemy, dok\u0105d idziesz. Jak wi\u0119c mo\u017cemy zna\u0107 drog\u0119?\u00bb<\/strong><\/span><br \/><span style=\"color: #993300;\"><strong>6 Odpowiedzia\u0142 mu Jezus: \u00abJa jestem drog\u0105 i prawd\u0105, i \u017cyciem. Nikt nie przychodzi do Ojca inaczej jak tylko przeze Mnie.<\/strong><\/span><br \/>7 Gdyby\u015bcie Mnie poznali, znaliby\u015bcie i mojego Ojca. Ale teraz ju\u017c Go znacie i zobaczyli\u015bcie\u00bb.<br \/>8 Rzek\u0142 do Niego Filip: \u00abPanie, poka\u017c nam Ojca, a to nam wystarczy\u00bb.<br \/>9 Odpowiedzia\u0142 mu Jezus: \u00abFilipie, tak d\u0142ugo jestem z wami, a jeszcze Mnie nie pozna\u0142e\u015b? Kto Mnie zobaczy\u0142, zobaczy\u0142 tak\u017ce i Ojca. Dlaczego wi\u0119c m\u00f3wisz: \u201cPoka\u017c nam Ojca?\u201d<br \/>10 Czy nie wierzysz, \u017ce Ja jestem w Ojcu, a Ojciec we Mnie? S\u0142\u00f3w tych, kt\u00f3re wam m\u00f3wi\u0119, nie wypowiadam od siebie. Ojciec, kt\u00f3ry trwa we Mnie, On sam dokonuje tych dzie\u0142.<br \/>11 Wierzcie Mi, \u017ce Ja jestem w Ojcu, a Ojciec we Mnie. Je\u017celi za\u015b nie \u2013 wierzcie przynajmniej ze wzgl\u0119du na same dzie\u0142a!<br \/>12 Zaprawd\u0119, zaprawd\u0119, powiadam wam: Kto we Mnie wierzy, b\u0119dzie tak\u017ce dokonywa\u0142 tych dzie\u0142, kt\u00f3rych Ja dokonuj\u0119, owszem, i wi\u0119ksze od tych uczyni, bo Ja id\u0119 do Ojca.<br \/>13 A o cokolwiek prosi\u0107 b\u0119dziecie w imi\u0119 moje, to uczyni\u0119, aby Ojciec by\u0142 otoczony chwa\u0142\u0105 w Synu.<br \/>14 O cokolwiek prosi\u0107 mnie b\u0119dziecie w imi\u0119 moje, Ja to spe\u0142ni\u0119.<\/p>\n\n\n\n<h2 class=\"wp-block-heading\"><strong><span style=\"color:#3366ff\" class=\"has-inline-color\">REFLEKSJA<\/span><\/strong><\/h2>\n\n\n\n<p><strong>Maria Imelda Kosmala<\/strong><\/p>\n\n\n\n<p><em><strong>\u015aladami m\u0119ki mojego Pana<\/strong><\/em><br><em><strong>\u015alad 1<\/strong><\/em><br><em>&nbsp; Ty mnie jeszcze nie znasz(J 14, 9)<\/em><\/p>\n\n\n\n<p>W ranach widz\u0119<br>w \u017c\u0142\u00f3bku czcz\u0119<br>wielbi\u0119 w Hostii niepodobnej<br>w s\u0142owie s\u0142ucham<br>w Chlebie jem<\/p>\n\n\n\n<p>w krzywych liniach proste zgadn\u0119<br>wiatr mi wieje Tw\u00f3j kierunek<br>dojrz\u0119 w locie szarej \u0107my<br>pod stopami w trawy \u017ad\u017able<br>po omacku niezawodnie<br>trafi\u0119 do najg\u0142\u0119bszych \u017ar\u00f3de\u0142<\/p>\n\n\n\n<p>tylko co dzie\u0144 z bliska<br>wci\u0105\u017c prze\u015blepiam<br>tajemnic\u0119 i barier\u0119 \u2014<br>twarz cz\u0142owieka \u2014 Tw\u00f3j sobowt\u00f3r<br>jakby\u015b nigdy nie powiedzia\u0142<br>\u017ce w tym ca\u0142a RZECZ<\/p>\n\n\n\n<p><em><strong>\u00abKu twarzy w\u0119druj\u0119\u00bb, Warszawa 1997, str. 68<\/strong><\/em><\/p>\n\n\n\n<p><strong>Maria Imelda Kosmala<\/strong><\/p>\n\n\n\n<p><em><strong>Refleksja<\/strong><\/em><\/p>\n\n\n\n<p>Czy po mnie zostanie<br>taki \u0142omot serca<br>gor\u0105cy niestrudzony<br>\u017ceby nim jeszcze po latach<br>d\u017awi\u0119cza\u0142 piach wawerski \u2014<br>\u017ceby w jego echu rozmodlonym<br>kto\u015b nieznany<br>\u2014 mo\u017ce ten co si\u0119 dopiero narodzi \u2014<br>odnalaz\u0142 w\u0142asn\u0105 przygod\u0119<br>i przyszed\u0142<br>i wybra\u0142<br>bo warto \u2014<\/p>\n\n\n\n<p>czy po mnie zostanie<br>taka smuga \u015bwietlistej rado\u015bci<br>w codziennych wyborach<br>w popio\u0142ach ofiary<br>\u017ceby kto\u015b kto t\u0119 sam\u0105 drog\u0119 przejdzie<br>Bogiem si\u0119 zauroczy\u0142<br>zarazi\u0142 samym szcz\u0119\u015bciem<br>\u017ce wybra\u0142<br>\u017ce odda\u0142<br>\u017ce warto \u2014<\/p>\n\n\n\n<p><em><strong>\u00abKu twarzy w\u0119druj\u0119\u00bb, Warszawa 1997, str. 178<\/strong><\/em><\/p>\n\n\n\n<p><strong>Thomas Merton<\/strong><\/p>\n\n\n\n<p><em><strong>Moje Credo<\/strong><\/em><\/p>\n\n\n\n<p>Wierz\u0119, \u017ce \u017cycie nie jest przygod\u0105,<br>kt\u00f3r\u0105 mo\u017cna prze\u017cywa\u0107 wed\u0142ug<br>zmieniaj\u0105cych si\u0119 pr\u0105d\u00f3w mody,<br>ale pe\u0142nym zapa\u0142u wype\u0142nianiem planu,<br>jaki B\u00f3g ma w stosunku do ka\u017cdego z nas:<br>planu mi\u0142o\u015bci, kt\u00f3ra przemienia<br>nasze ludzkie \u017cycie.<\/p>\n\n\n\n<p>Wierz\u0119, \u017ce najwi\u0119ksz\u0105 rado\u015bci\u0105 cz\u0142owieka<br>jest spotkanie z Jezusem Chrystusem,<br>Bogiem \u2013 Cz\u0142owiekiem. W Nim wszystko<br>\u2013 n\u0119dza ludzka, grzechy, historia, nadzieje \u2013<br>nabiera nowego wymiaru i znaczenia.<\/p>\n\n\n\n<p>Wierz\u0119, \u017ce cz\u0142owiek mo\u017ce si\u0119 odrodzi\u0107<br>do prawdziwego i godnego \u017cycia<br>w ka\u017cdym momencie swojej egzystencji.<br>Wype\u0142niaj\u0105c do ko\u0144ca wol\u0119 Bo\u017c\u0105<br>mo\u017ce \u2013 nie tylko sta\u0107 si\u0119 wolny \u2013<br>ale tak\u017ce zwyci\u0119\u017ca\u0107 z\u0142o<\/p>\n\n\n\n<p><em><strong>\u00abSiedmiopi\u0119trowa g\u00f3ra\u00bb, Krak\u00f3w 1972, str. ?<\/strong><\/em><\/p>\n\n\n\n<p><strong>Janusz Pasierb<\/strong><\/p>\n\n\n\n<p><em><strong>Obejmowanie<\/strong><\/em><\/p>\n\n\n\n<p>k\u0142ad\u0119 r\u0119k\u0119 na oczach<br>\u015bwieci cia\u0142o<\/p>\n\n\n\n<p>przyk\u0142adam d\u0142o\u0144 do uszu<br>dochodzi mnie g\u0142os<\/p>\n\n\n\n<p>przytulam si\u0119 do ziemi<br>bije serce<\/p>\n\n\n\n<p>przyciskam do piersi Ksi\u0119g\u0119<br>pulsuje s\u0142owo<\/p>\n\n\n\n<p>otwieram ramiona<\/p>\n\n\n\n<p><em><strong>\u00abWiersze religijne\u00bb, Pozna\u0144 \u2013 Warszawa 1983, str. 110<\/strong><\/em><\/p>\n\n\n\n<p><strong>Wojciech B\u0105k<\/strong><\/p>\n\n\n<div class=\"wp-block-image\">\n<figure class=\"alignright size-large is-resized\"><a href=\"http:\/\/www.creationism.org\/images\/DoreBibleIllus\/xRev2101Dore_TheNewJerusalem.jpg\" target=\"_blank\" rel=\"noopener noreferrer\"><img loading=\"lazy\" decoding=\"async\" src=\"https:\/\/poezjaiewangelia.pl\/wp-content\/uploads\/2015\/11\/26591df18a326068f96b4689b2e344b3-e1462199381607.jpg\" alt=\"Gustave Dor\u00e9 Nowe Jeruzalem\" class=\"wp-image-2765\" width=\"300\" height=\"405\" title=\"Gustave Dor\u00e9 Nowe Jeruzalem\"\/><\/a><figcaption><center><em>Gustave Dor\u00e9 Nowe Jeruzalem<\/em><\/center><\/figcaption><\/figure>\n<\/div>\n\n\n<p><em><strong>A tym, co \u015bmier\u0107\u2026<\/strong><\/em><\/p>\n\n\n\n<p>A tym, co \u015bmier\u0107 ju\u017c przekroczyli,<br>Lecz jeszcze \u015bciana ich od Ciebie dzieli,<br>B\u0105d\u017a bram\u0105, Bo\u017ce, by w Tobie od\u017cyli,<br>Twym zmartwychwstaniem \u017cywi i weseli!<\/p>\n\n\n\n<p>Wybaw ich z m\u0119ki, oczy\u015b\u0107 ogniem grzech,<br>Niechaj przy Tobie stan\u0105 wyzwoleni \u2013<br>Ty, kt\u00f3ry\u015b Ojcem, u\u015bmierz S\u0119dzi gniew,<br>Ty, kt\u00f3ry\u015b Zbawc\u0105, ocal ich z p\u0142omieni!<\/p>\n\n\n\n<p>Niechaj opuszcz\u0105 z Tob\u0105 ziemi\u0119 m\u0105k,<br>Ty, kt\u00f3ry\u015b jest Mi\u0142o\u015bci\u0105, ich wyprowad\u017a \u2013<br>Podaj im pomoc Twych wszechmocnych R\u0105k<br>I pozw\u00f3l im z u\u015bmiechem Ci\u0119 mi\u0142owa\u0107.<\/p>\n\n\n\n<p>Ty, kt\u00f3ry jeste\u015b S\u0142owo, kt\u00f3ry jeste\u015b B\u00f3g,<br>Przyjmij ich w dom Sw\u00f3j wielki. Niechaj przejd\u0105 pr\u00f3g!<\/p>\n\n\n\n<p><em><strong>\u00abIntencje serca\u00bb, Pozna\u0144 1985, str. 3<\/strong><\/em><\/p>\n\n\n\n<p><strong>Maria Imelda Kosmala<\/strong><\/p>\n\n\n\n<p><em><strong>Modlitwa rzeczy prostych<\/strong><\/em><\/p>\n\n\n\n<p>Daj mi o Panie<br>cieniem krzy\u017ca kierunek na rozdro\u017cu<br>drzewa ogo\u0142oconego cierpliwe czekanie<br>\u015bwierszcza dzi\u0119kczynienie<br>odlatuj\u0105cych li\u015bci m\u0105dr\u0105 cisz\u0119<\/p>\n\n\n\n<p><em><strong>\u00abKu twarzy w\u0119druj\u0119\u00bb, Warszawa 1997, str. 64<\/strong><\/em><\/p>\n\n\n\n<p class=\"has-text-align-center\"><a href=\"https:\/\/poezjaiewangelia.pl\/?page_id=4351#Gora\"><span style=\"color:#1e73be\" class=\"has-inline-color\">Do g\u00f3ry<\/span><\/a><\/p>\n","protected":false},"excerpt":{"rendered":"<p>Powr\u00f3t do Wielkanoc, &nbsp; Niedziele Wielkanocne rok A, &nbsp; Powr\u00f3t do Linki Ewangelia: J 14, 1 \u2013 12; Do domu Ojca 1 Niech si\u0119 nie trwo\u017cy serce wasze. Wierzycie w Boga? I we Mnie wierzcie!2 W domu Ojca mego jest mieszka\u0144 wiele. Gdyby tak nie by\u0142o, to bym wam powiedzia\u0142. Id\u0119 przecie\u017c przygotowa\u0107 wam miejsce.3 &hellip; <a href=\"https:\/\/poezjaiewangelia.pl\/?page_id=4351\" class=\"more-link\">Czytaj dalej <span class=\"screen-reader-text\">5 Niedziela Wielkanocna rok A<\/span><\/a><\/p>\n","protected":false},"author":1,"featured_media":0,"parent":124,"menu_order":3,"comment_status":"closed","ping_status":"closed","template":"","meta":{"_monsterinsights_skip_tracking":false,"_monsterinsights_sitenote_active":false,"_monsterinsights_sitenote_note":"","_monsterinsights_sitenote_category":0,"footnotes":""},"class_list":["post-4351","page","type-page","status-publish","hentry"],"aioseo_notices":[],"_links":{"self":[{"href":"https:\/\/poezjaiewangelia.pl\/index.php?rest_route=\/wp\/v2\/pages\/4351","targetHints":{"allow":["GET"]}}],"collection":[{"href":"https:\/\/poezjaiewangelia.pl\/index.php?rest_route=\/wp\/v2\/pages"}],"about":[{"href":"https:\/\/poezjaiewangelia.pl\/index.php?rest_route=\/wp\/v2\/types\/page"}],"author":[{"embeddable":true,"href":"https:\/\/poezjaiewangelia.pl\/index.php?rest_route=\/wp\/v2\/users\/1"}],"replies":[{"embeddable":true,"href":"https:\/\/poezjaiewangelia.pl\/index.php?rest_route=%2Fwp%2Fv2%2Fcomments&post=4351"}],"version-history":[{"count":22,"href":"https:\/\/poezjaiewangelia.pl\/index.php?rest_route=\/wp\/v2\/pages\/4351\/revisions"}],"predecessor-version":[{"id":9990,"href":"https:\/\/poezjaiewangelia.pl\/index.php?rest_route=\/wp\/v2\/pages\/4351\/revisions\/9990"}],"up":[{"embeddable":true,"href":"https:\/\/poezjaiewangelia.pl\/index.php?rest_route=\/wp\/v2\/pages\/124"}],"wp:attachment":[{"href":"https:\/\/poezjaiewangelia.pl\/index.php?rest_route=%2Fwp%2Fv2%2Fmedia&parent=4351"}],"curies":[{"name":"wp","href":"https:\/\/api.w.org\/{rel}","templated":true}]}}