{"id":4355,"date":"2018-10-26T19:30:51","date_gmt":"2018-10-26T19:30:51","guid":{"rendered":"https:\/\/poezjaiewangelia.pl\/?page_id=4355"},"modified":"2022-07-12T17:58:31","modified_gmt":"2022-07-12T16:58:31","slug":"6-niedziela-wielkanocna-rok-a","status":"publish","type":"page","link":"https:\/\/poezjaiewangelia.pl\/?page_id=4355","title":{"rendered":"6 Niedziela Wielkanocna rok A"},"content":{"rendered":"\n<p><span style=\"color: #1e73be;\"><a style=\"color: #1e73be;\" href=\"https:\/\/poezjaiewangelia.pl\/?page_id=59#S59\">Powr\u00f3t do Wielkanoc,<\/a>&nbsp;&nbsp;<\/span><a id=\"S4355\"><\/a><span style=\"color: #1e73be;\"> <a style=\"color: #1e73be;\" href=\"https:\/\/poezjaiewangelia.pl\/?page_id=124#S124\">Niedziele Wielkanocne rok A,<\/a> &nbsp;<\/span><a id=\"Gora\"><\/a><span style=\"color: #1e73be;\"> &nbsp;<a style=\"color: #1e73be;\" href=\"https:\/\/poezjaiewangelia.pl\/?page_id=703#S703\">Powr\u00f3t do Linki<\/a><\/span><\/p>\n\n\n<div class=\"wp-block-image\">\n<figure class=\"alignright size-large\"><img loading=\"lazy\" decoding=\"async\" width=\"150\" height=\"150\" src=\"https:\/\/poezjaiewangelia.pl\/wp-content\/uploads\/2018\/10\/R\u00f3\u017ca-bia\u0142a-e1592148272533.png\" alt=\"Kolor szat\" class=\"wp-image-4591\"\/><figcaption>Kolor szat<\/figcaption><\/figure>\n<\/div>\n\n<div class=\"wp-block-image\">\n<figure class=\"alignleft\"><a href=\"https:\/\/www.wga.hu\/framex-e.html?file=html\/v\/veronese\/04_1570s\/1resurre.html&amp;find=Resurrection\" target=\"_blank\" rel=\"noopener noreferrer\"><img decoding=\"async\" src=\"https:\/\/poezjaiewangelia.pl\/wp-content\/uploads\/2015\/12\/Paolo-Veronese-Zmartwychwstanie.jpg\" alt=\"Paolo Veronese Zmartwychwstanie (detal)\" title=\"Paolo Veronese Zmartwychwstanie (detal)\"\/><\/a><\/figure>\n<\/div>\n\n\n<hr class=\"wp-block-separator has-text-color has-luminous-vivid-amber-color has-css-opacity has-luminous-vivid-amber-background-color has-background is-style-dots\"\/>\n\n\n\n<p><strong>Ewangelia: J 14, 15 \u2013 21;<\/strong><\/p>\n\n\n\n<h2 class=\"wp-block-heading\"><strong><span style=\"color:#3366ff\" class=\"has-inline-color\">S\u0141OWO BO\u017bE<\/span><\/strong><\/h2>\n\n\n\n<p><strong>Zapowied\u017a Pocieszyciela<\/strong><\/p>\n<p>15 Je\u017celi Mnie mi\u0142ujecie, b\u0119dziecie zachowywa\u0107 moje przykazania.<br \/>16 Ja za\u015b b\u0119d\u0119 prosi\u0142 Ojca, a innego Pocieszyciela da wam, aby z wami by\u0142 na zawsze<br \/>17 Ducha Prawdy, kt\u00f3rego \u015bwiat przyj\u0105\u0107 nie mo\u017ce, poniewa\u017c Go nie widzi ani nie zna. Ale wy Go znacie, poniewa\u017c u was przebywa i w was b\u0119dzie.<br \/>18 Nie zostawi\u0119 was sierotami: Przyjd\u0119 do was.<br \/><span style=\"color: #993300;\"><strong>19 Jeszcze chwila, a \u015bwiat nie b\u0119dzie ju\u017c Mnie ogl\u0105da\u0142. Ale wy Mnie widzicie, poniewa\u017c Ja \u017cyj\u0119 i wy \u017cy\u0107 b\u0119dziecie.<\/strong><\/span><br \/><span style=\"color: #993300;\"><strong>20 W owym dniu poznacie, \u017ce Ja jestem w Ojcu moim, a wy we Mnie i Ja w was.<\/strong><\/span><\/p>\n<p><strong>Mi\u0142o\u015b\u0107 objawiona<\/strong><\/p>\n<p>21 Kto ma przykazania moje i zachowuje je, ten Mnie mi\u0142uje. Kto za\u015b Mnie mi\u0142uje, ten b\u0119dzie umi\u0142owany przez Ojca mego, a r\u00f3wnie\u017c Ja b\u0119d\u0119 go mi\u0142owa\u0142 i objawi\u0119 mu siebie\u00bb.<\/p>\n\n\n\n<h2 class=\"wp-block-heading\"><strong><span style=\"color:#3366ff\" class=\"has-inline-color\">REFLEKSJA<\/span><\/strong><\/h2>\n\n\n<div class=\"wp-block-image\">\n<figure class=\"alignright size-large is-resized\"><a href=\"https:\/\/www.wga.hu\/framex-e.html?file=html\/p\/pereda\/trinity.html&amp;find=Trinity\" target=\"_blank\" rel=\"noopener noreferrer\"><img loading=\"lazy\" decoding=\"async\" src=\"https:\/\/poezjaiewangelia.pl\/wp-content\/uploads\/2015\/11\/da19330cb71baf6bdec2f5cec0c028b4-e1462199440777.jpg\" alt=\"Antonio de Pereda Tr\u00f3jca \u015awi\u0119ta\" class=\"wp-image-2766\" width=\"457\" height=\"280\" title=\"Antonio de Pereda Tr\u00f3jca \u015awi\u0119ta\"\/><\/a><figcaption><center><em>Antonio de Pereda Tr\u00f3jca \u015awi\u0119ta<\/em><\/center><\/figcaption><\/figure>\n<\/div>\n\n\n<p><strong>Maria Imelda Kosmala<\/strong><\/p>\n\n\n\n<p><em><strong>Maluczko<\/strong><\/em><\/p>\n\n\n\n<p>Maluczko<br>a Pan dr\u017c\u0105cymi palcami<br>rozwi\u0105\u017ce czasu w\u0119ze\u0142<\/p>\n\n\n\n<p>Maluczko<br>a z oczu zdejmie katarakt\u0119 ziemi<br>ods\u0142oni T W A R Z<br>i powie jam ci jest<br>Mi\u0142o\u015b\u0107<br>Patrz \u2014<br>Dzi\u015b jest TERAZ<\/p>\n\n\n\n<p>B\u0119d\u0119 wchodzi\u0107 w Dom Oblicza<br>poznawa\u0107<br>mieszka\u0107<br>mi\u0142owa\u0107<br>w Pierwszym i Ostatnim i \u017bywyrn<\/p>\n\n\n\n<p>Stoj\u0119 na progu oczekiwania<br>pod cieniem dw\u00f3ch bierwion<br>odpoczywam w strudzonym milczeniu<\/p>\n\n\n\n<p>Maluczko \u2014<\/p>\n\n\n\n<p><em><strong>\u00abKu twarzy w\u0119druj\u0119\u00bb, Warszawa 1997, str.15<\/strong><\/em><\/p>\n\n\n\n<p><strong>Leopold Staff<\/strong><\/p>\n\n\n\n<p><em><strong>Kto szuka Ci\u0119\u2026<\/strong><\/em><\/p>\n\n\n\n<p>Kto szuka Ci\u0119, ju\u017c znalaz\u0142 Ciebie;<br>Ju\u017c Ci\u0119 ma, komu Ciebie trzeba;<br>Kto t\u0119skni w niebo Twe, ju\u017c jest w niebie;<br>Kto g\u0142odny go, je z Twego chleba.<\/p>\n\n\n\n<p>Nie widz\u0105 Ciebie moje oczy,<br>Nie s\u0142ysz\u0105 Ciebie moje uszy;<br>A jeste\u015b \u015bwiat\u0142em w mej pomroczy,<br>A jeste\u015b \u015bpiewem w mojej duszy!<\/p>\n\n\n\n<p><em><strong>\u00abIntencje serca\u00bb, Pozna\u0144 1985, str. 310.<\/strong><\/em><\/p>\n\n\n\n<p><strong>Wac\u0142aw Oszajca<\/strong><\/p>\n\n\n\n<p><em><strong>Zwyk\u0142e pi\u0119kno<\/strong><\/em><\/p>\n\n\n\n<p>kiedy widz\u0119 tych dwoje<br>jak w ka\u017cdym w\u0142\u00f3knie cia\u0142a<br>w ka\u017cdej kropelce krwi<br>unosz\u0105 ponad ziemi\u0119<br>spe\u0142nienie ognia<\/p>\n\n\n\n<p>kiedy widz\u0119 jak matka<br>kobieta ci\u0119\u017cka jak ziemia<br>przemienia siebie dla synka<br>w strumyczek mleka<br>a ow\u0142osione \u0142apy ojca<br>bezpieczniejsze s\u0105 od snu<\/p>\n\n\n\n<p>kiedy widz\u0119 jak starzy oboje<br>przed\u0142u\u017caj\u0105 dzie\u0144 powolnym spacerem<br>pr\u0119dzej uwierz\u0119 w nieistnienie Boga<br>ni\u017c w przemijalno\u015b\u0107 tego pi\u0119kna<\/p>\n\n\n\n<p><strong><em>\u00abTy za blisko, my za daleko\u2026\u00bb, Lublin 1985, str. 38<\/em><\/strong><\/p>\n\n\n\n<p class=\"has-text-align-center\"><a href=\"https:\/\/poezjaiewangelia.pl\/?page_id=4355#Gora\"><span style=\"color:#1e73be\" class=\"has-inline-color\">Do g\u00f3ry<\/span><\/a><\/p>\n","protected":false},"excerpt":{"rendered":"<p>Powr\u00f3t do Wielkanoc,&nbsp;&nbsp; Niedziele Wielkanocne rok A, &nbsp; &nbsp;Powr\u00f3t do Linki Ewangelia: J 14, 15 \u2013 21; Zapowied\u017a Pocieszyciela 15 Je\u017celi Mnie mi\u0142ujecie, b\u0119dziecie zachowywa\u0107 moje przykazania.16 Ja za\u015b b\u0119d\u0119 prosi\u0142 Ojca, a innego Pocieszyciela da wam, aby z wami by\u0142 na zawsze17 Ducha Prawdy, kt\u00f3rego \u015bwiat przyj\u0105\u0107 nie mo\u017ce, poniewa\u017c Go nie widzi ani &hellip; <a href=\"https:\/\/poezjaiewangelia.pl\/?page_id=4355\" class=\"more-link\">Czytaj dalej <span class=\"screen-reader-text\">6 Niedziela Wielkanocna rok A<\/span><\/a><\/p>\n","protected":false},"author":1,"featured_media":0,"parent":124,"menu_order":4,"comment_status":"closed","ping_status":"closed","template":"","meta":{"_monsterinsights_skip_tracking":false,"_monsterinsights_sitenote_active":false,"_monsterinsights_sitenote_note":"","_monsterinsights_sitenote_category":0,"footnotes":""},"class_list":["post-4355","page","type-page","status-publish","hentry"],"aioseo_notices":[],"_links":{"self":[{"href":"https:\/\/poezjaiewangelia.pl\/index.php?rest_route=\/wp\/v2\/pages\/4355","targetHints":{"allow":["GET"]}}],"collection":[{"href":"https:\/\/poezjaiewangelia.pl\/index.php?rest_route=\/wp\/v2\/pages"}],"about":[{"href":"https:\/\/poezjaiewangelia.pl\/index.php?rest_route=\/wp\/v2\/types\/page"}],"author":[{"embeddable":true,"href":"https:\/\/poezjaiewangelia.pl\/index.php?rest_route=\/wp\/v2\/users\/1"}],"replies":[{"embeddable":true,"href":"https:\/\/poezjaiewangelia.pl\/index.php?rest_route=%2Fwp%2Fv2%2Fcomments&post=4355"}],"version-history":[{"count":14,"href":"https:\/\/poezjaiewangelia.pl\/index.php?rest_route=\/wp\/v2\/pages\/4355\/revisions"}],"predecessor-version":[{"id":9991,"href":"https:\/\/poezjaiewangelia.pl\/index.php?rest_route=\/wp\/v2\/pages\/4355\/revisions\/9991"}],"up":[{"embeddable":true,"href":"https:\/\/poezjaiewangelia.pl\/index.php?rest_route=\/wp\/v2\/pages\/124"}],"wp:attachment":[{"href":"https:\/\/poezjaiewangelia.pl\/index.php?rest_route=%2Fwp%2Fv2%2Fmedia&parent=4355"}],"curies":[{"name":"wp","href":"https:\/\/api.w.org\/{rel}","templated":true}]}}