{"id":4381,"date":"2018-10-27T14:57:26","date_gmt":"2018-10-27T14:57:26","guid":{"rendered":"https:\/\/poezjaiewangelia.pl\/?page_id=4381"},"modified":"2022-07-12T18:03:57","modified_gmt":"2022-07-12T17:03:57","slug":"4-niedziela-wielkanocna-dobrego-pasterza-rok-b","status":"publish","type":"page","link":"https:\/\/poezjaiewangelia.pl\/?page_id=4381","title":{"rendered":"4 NW &#8211; Dobrego Pasterza rok B"},"content":{"rendered":"\n<p><span style=\"color: #1e73be;\"><a style=\"color: #1e73be;\" href=\"https:\/\/poezjaiewangelia.pl\/?page_id=59#S59\">Powr\u00f3t do Wielkanoc,<\/a>&nbsp;&nbsp;<\/span><a id=\"S4381\"><\/a><span style=\"color: #1e73be;\"> <a style=\"color: #1e73be;\" href=\"https:\/\/poezjaiewangelia.pl\/?page_id=126#S126\">Niedziele Wielkanocne rok B,<\/a><strong><em>&nbsp;<a id=\"Gora\" style=\"color: #1e73be;\"><\/a><\/em><\/strong>&nbsp;&nbsp;<a style=\"color: #1e73be;\" href=\"https:\/\/poezjaiewangelia.pl\/?page_id=703#S703\">Powr\u00f3t do Linki<\/a><\/span><\/p>\n\n\n<div class=\"wp-block-image\">\n<figure class=\"alignright size-large\"><img loading=\"lazy\" decoding=\"async\" width=\"150\" height=\"150\" src=\"https:\/\/poezjaiewangelia.pl\/wp-content\/uploads\/2018\/10\/R\u00f3\u017ca-bia\u0142a-e1592148272533.png\" alt=\"Kolor szat\" class=\"wp-image-4591\"\/><figcaption>Kolor szat<\/figcaption><\/figure>\n<\/div>\n\n<div class=\"wp-block-image\">\n<figure class=\"alignleft\"><a href=\"https:\/\/www.wga.hu\/framex-e.html?file=html\/v\/veronese\/04_1570s\/1resurre.html&amp;find=Resurrection\" target=\"_blank\" rel=\"noopener noreferrer\"><img decoding=\"async\" src=\"https:\/\/poezjaiewangelia.pl\/wp-content\/uploads\/2015\/12\/Paolo-Veronese-Zmartwychwstanie.jpg\" alt=\"Paolo Veronese Zmartwychwstanie (detal)\" title=\"Paolo Veronese Zmartwychwstanie (detal)\"\/><\/a><\/figure>\n<\/div>\n\n\n<hr class=\"wp-block-separator has-text-color has-luminous-vivid-amber-color has-css-opacity has-luminous-vivid-amber-background-color has-background is-style-dots\"\/>\n\n\n\n<p><strong>Ewangelia: J 10, 11 \u2013 18;<\/strong><\/p>\n\n\n\n<h2 class=\"wp-block-heading\"><strong><span style=\"color:#3366ff\" class=\"has-inline-color\">S\u0141OWO BO\u017bE<\/span><\/strong><\/h2>\n\n\n<div class=\"wp-block-image\">\n<figure class=\"alignleft size-large is-resized\"><a href=\"https:\/\/toliveischrist.wordpress.com\/2009\/04\/07\/holy-week-2\/\" target=\"_blank\" rel=\"noopener noreferrer\"><img loading=\"lazy\" decoding=\"async\" src=\"https:\/\/poezjaiewangelia.pl\/wp-content\/uploads\/2015\/11\/Chrystus-Dobry-Pasterz-Ikona-Grecja-e1460748955145.jpg\" alt=\"Chrystus Dobry Pasterz Ikona Grecja\" class=\"wp-image-2778\" width=\"314\" height=\"404\" title=\"Chrystus Dobry Pasterz Ikona Grecja\"\/><\/a><figcaption><center><em>Chrystus Dobry Pasterz Ikona Grecja<\/em><\/center><\/figcaption><\/figure>\n<\/div>\n\n\n<p><strong>Dobry Pasterz<\/strong><\/p>\n<p><span style=\"color: #993300;\"><strong>11 Ja jestem dobrym pasterzem. Dobry pasterz daje \u017cycie swoje za owce.<\/strong><\/span><br \/><span style=\"color: #993300;\"><strong>12 Najemnik za\u015b i ten, kto nie jest pasterzem, kt\u00f3rego owce nie s\u0105 w\u0142asno\u015bci\u0105, widz\u0105c nadchodz\u0105cego wilka, opuszcza owce i ucieka, a wilk je porywa i rozprasza;<\/strong><\/span><br \/><span style=\"color: #993300;\"><strong>13 dlatego, \u017ce jest najemnikiem i nie zale\u017cy mu na owcach<\/strong><\/span><br \/>14 Ja jestem dobrym pasterzem i znam owce moje, a moje Mnie znaj\u0105,<br \/>15 podobnie jak Mnie zna Ojciec, a Ja znam Ojca. \u017bycie moje oddaj\u0119 za owce.<br \/>16 Mam tak\u017ce inne owce, kt\u00f3re nie s\u0105 z tej owczarni. I te musz\u0119 przyprowadzi\u0107 i b\u0119d\u0105 s\u0142ucha\u0107 g\u0142osu mego, i nastanie jedna owczarnia, jeden pasterz<br \/>17 Dlatego mi\u0142uje Mnie Ojciec, bo Ja \u017cycie moje oddaj\u0119, aby je [potem] zn\u00f3w odzyska\u0107.<br \/>18 Nikt Mi go nie zabiera, lecz Ja od siebie je oddaj\u0119. Mam moc je odda\u0107 i mam moc je zn\u00f3w odzyska\u0107. Taki nakaz otrzyma\u0142em od mojego Ojca\u00bb.<\/p>\n\n\n\n<h2 class=\"wp-block-heading\"><strong><span style=\"color:#3366ff\" class=\"has-inline-color\">REFLEKSJA<\/span><\/strong><\/h2>\n\n\n\n<p><strong>Jan Twardowski<\/strong><\/p>\n\n\n\n<p><em><strong>Boj\u0119 si\u0119 Twojej mi\u0142o\u015bci<\/strong><\/em><\/p>\n\n\n\n<p>Nie boj\u0119 si\u0119 d\u0119tej orkiestry przy ko\u0144cu \u015bwiata<br>biblijnego tupania<br>boj\u0119 si\u0119 Twojej mi\u0142o\u015bci<br>\u017ce kochasz zupe\u0142nie inaczej<br>tak bliski i inny<br>jak mr\u00f3wka przed nied\u017awiedziem<br>krzy\u017ce ustawiasz jak \u017co\u0142nierzy za wysokich<br>nie patrzysz moimi oczyma<br>mo\u017ce widzisz jak pszczo\u0142a<br>dla kt\u00f3rej bia\u0142e lilie s\u0105 zielononiebieskie<br>pytaj\u0105cego omijasz jak je\u017ca na spacerze<br>g\u0142osisz \u017ce czysto\u015b\u0107 jest oddaniem siebie<br>ludzi do ludzi zbli\u017casz<br>i stale uczysz odchodzi\u0107<br>m\u00f3wisz zbyt cz\u0119sto do \u017cywych<br>umarli to wyt\u0142umacz\u0105<\/p>\n\n\n\n<p>boj\u0119 si\u0119 Twojej mi\u0142o\u015bci<br>tej najprawdziwszej i innej<\/p>\n\n\n\n<p><em><strong>\u00abnie przyszed\u0142em pana nawraca\u0107\u00bb, Warszawa 1986, str. 127<\/strong><\/em><\/p>\n\n\n\n<p><strong>Maria Imelda Kosmala<\/strong><\/p>\n\n\n\n<p><em><strong>Najemnicy<\/strong><\/em><\/p>\n\n\n\n<p>Ukradli lask\u0119 i g\u0142os<\/p>\n\n\n\n<p>Pas\u0105 stada chaosu<\/p>\n\n\n\n<p>Dzwonek zgubionej prawdy<br>brz\u0119czy natr\u0119tnie jak owca<br>nad przepa\u015bci\u0105<br>A oni gnaj\u0105 stada do zatrutych \u017ar\u00f3de\u0142<br>A oni gnaj\u0105 stada do zatrutych \u017ar\u00f3de\u0142<br>Owce skubi\u0105 \u0142apczywie<br>ru\u0144 zielonego fa\u0142szu<\/p>\n\n\n\n<p>A lew drapie\u017cny<br>nie musi szuka\u0107<br>kogo by po\u017car\u0142<\/p>\n\n\n<div class=\"wp-block-image\">\n<figure class=\"alignright size-large is-resized\"><a href=\"https:\/\/commons.wikimedia.org\/wiki\/File:Le_Bon_Pasteur_Philippe_de_Champaigne.jpg\" target=\"_blank\" rel=\"noopener noreferrer\"><img loading=\"lazy\" decoding=\"async\" src=\"https:\/\/poezjaiewangelia.pl\/wp-content\/uploads\/2018\/11\/Philippe-de-Champaigne-Dobry-Pasterz-e1542185721570.jpg\" alt=\"Philippe de Champaigne Dobry Pasterz\" class=\"wp-image-5250\" width=\"330\" height=\"399\" title=\"Philippe de Champaigne Dobry Pasterz\"\/><\/a><figcaption><center><em>Philippe de Champaigne Dobry Pasterz<\/em><\/center><\/figcaption><\/figure>\n<\/div>\n\n\n<p><em><strong>\u00abKu twarzy w\u0119druj\u0119\u00bb, Warszawa 1997, str. 34<\/strong><\/em><\/p>\n\n\n\n<p><strong>Jan Twardowski <\/strong><\/p>\n\n\n\n<p><strong>&nbsp;<\/strong><em><strong>Owieczka i baranek<\/strong><\/em><\/p>\n\n\n\n<p>Zm\u00f3w obgaduj\u0105 ciebie owieczko<br>od rana,<br>\u017ce na swych czterech czarnych kopytkach<br>zbieg\u0142a\u015b od Pana.<\/p>\n\n\n\n<p>Lecz On ci\u0119 kocha,<br>nie widzi winy.<br>Siostrzyczko nasza jak g\u0105ska bia\u0142a<br>na imieniny.<\/p>\n\n\n\n<p>Na pewno anio\u0142 przystojny jak malowanka,<br>lecz ty, owieczko, jeste\u015b rozs\u0105dna,<br>wolisz baranka.<\/p>\n\n\n\n<p><em><strong>\u00abKubek z jednym uchem\u00bb, Warszawa 2000, str. 50<\/strong><\/em><\/p>\n\n\n\n<p class=\"has-text-align-center\"><a href=\"https:\/\/poezjaiewangelia.pl\/?page_id=4381&amp;preview_id=4381#Gora\"><span style=\"color:#1e73be\" class=\"has-inline-color\">Do g\u00f3ry<\/span><\/a><\/p>\n","protected":false},"excerpt":{"rendered":"<p>Powr\u00f3t do Wielkanoc,&nbsp;&nbsp; Niedziele Wielkanocne rok B,&nbsp;&nbsp;&nbsp;Powr\u00f3t do Linki Ewangelia: J 10, 11 \u2013 18; Dobry Pasterz 11 Ja jestem dobrym pasterzem. Dobry pasterz daje \u017cycie swoje za owce.12 Najemnik za\u015b i ten, kto nie jest pasterzem, kt\u00f3rego owce nie s\u0105 w\u0142asno\u015bci\u0105, widz\u0105c nadchodz\u0105cego wilka, opuszcza owce i ucieka, a wilk je porywa i rozprasza;13 &hellip; <a href=\"https:\/\/poezjaiewangelia.pl\/?page_id=4381\" class=\"more-link\">Czytaj dalej <span class=\"screen-reader-text\">4 NW &#8211; Dobrego Pasterza rok B<\/span><\/a><\/p>\n","protected":false},"author":1,"featured_media":0,"parent":126,"menu_order":2,"comment_status":"closed","ping_status":"closed","template":"","meta":{"_monsterinsights_skip_tracking":false,"_monsterinsights_sitenote_active":false,"_monsterinsights_sitenote_note":"","_monsterinsights_sitenote_category":0,"footnotes":""},"class_list":["post-4381","page","type-page","status-publish","hentry"],"aioseo_notices":[],"_links":{"self":[{"href":"https:\/\/poezjaiewangelia.pl\/index.php?rest_route=\/wp\/v2\/pages\/4381","targetHints":{"allow":["GET"]}}],"collection":[{"href":"https:\/\/poezjaiewangelia.pl\/index.php?rest_route=\/wp\/v2\/pages"}],"about":[{"href":"https:\/\/poezjaiewangelia.pl\/index.php?rest_route=\/wp\/v2\/types\/page"}],"author":[{"embeddable":true,"href":"https:\/\/poezjaiewangelia.pl\/index.php?rest_route=\/wp\/v2\/users\/1"}],"replies":[{"embeddable":true,"href":"https:\/\/poezjaiewangelia.pl\/index.php?rest_route=%2Fwp%2Fv2%2Fcomments&post=4381"}],"version-history":[{"count":18,"href":"https:\/\/poezjaiewangelia.pl\/index.php?rest_route=\/wp\/v2\/pages\/4381\/revisions"}],"predecessor-version":[{"id":9996,"href":"https:\/\/poezjaiewangelia.pl\/index.php?rest_route=\/wp\/v2\/pages\/4381\/revisions\/9996"}],"up":[{"embeddable":true,"href":"https:\/\/poezjaiewangelia.pl\/index.php?rest_route=\/wp\/v2\/pages\/126"}],"wp:attachment":[{"href":"https:\/\/poezjaiewangelia.pl\/index.php?rest_route=%2Fwp%2Fv2%2Fmedia&parent=4381"}],"curies":[{"name":"wp","href":"https:\/\/api.w.org\/{rel}","templated":true}]}}