{"id":4400,"date":"2018-10-27T22:55:03","date_gmt":"2018-10-27T22:55:03","guid":{"rendered":"https:\/\/poezjaiewangelia.pl\/?page_id=4400"},"modified":"2022-07-12T18:07:20","modified_gmt":"2022-07-12T17:07:20","slug":"3-niedziela-wielkanocna-rok-c","status":"publish","type":"page","link":"https:\/\/poezjaiewangelia.pl\/?page_id=4400","title":{"rendered":"3 Niedziela Wielkanocna rok C"},"content":{"rendered":"\n<p><span style=\"color: #1e73be;\"><a style=\"color: #1e73be;\" href=\"https:\/\/poezjaiewangelia.pl\/?page_id=59#S59\">Powr\u00f3t do Wielkanoc,<\/a> &nbsp;<\/span><a id=\"NW3C\"><\/a><span style=\"color: #1e73be;\"><a style=\"color: #1e73be;\" href=\"https:\/\/poezjaiewangelia.pl\/?page_id=128#S128\"> Niedziele Wielkanocne rok C<\/a>,&nbsp; <\/span><a id=\"Gora\"><\/a><span style=\"color: #1e73be;\"> &nbsp;<a style=\"color: #1e73be;\" href=\"https:\/\/poezjaiewangelia.pl\/?page_id=703#S703\">Powr\u00f3t do Linki<\/a><\/span><\/p>\n\n\n<div class=\"wp-block-image\">\n<figure class=\"alignright size-large\"><img loading=\"lazy\" decoding=\"async\" width=\"150\" height=\"150\" src=\"https:\/\/poezjaiewangelia.pl\/wp-content\/uploads\/2018\/10\/R\u00f3\u017ca-bia\u0142a-e1592148272533.png\" alt=\"Kolor szat\" class=\"wp-image-4591\"\/><figcaption>Kolor szat<\/figcaption><\/figure>\n<\/div>\n\n<div class=\"wp-block-image\">\n<figure class=\"alignleft\"><a href=\"https:\/\/www.wga.hu\/framex-e.html?file=html\/v\/veronese\/04_1570s\/1resurre.html&amp;find=Resurrection\" target=\"_blank\" rel=\"noopener noreferrer\"><img decoding=\"async\" src=\"https:\/\/poezjaiewangelia.pl\/wp-content\/uploads\/2015\/12\/Paolo-Veronese-Zmartwychwstanie.jpg\" alt=\"Paolo Veronese Zmartwychwstanie (detal)\" title=\"Paolo Veronese Zmartwychwstanie (detal)\"\/><\/a><\/figure>\n<\/div>\n\n\n<hr class=\"wp-block-separator has-text-color has-luminous-vivid-amber-color has-css-opacity has-luminous-vivid-amber-background-color has-background is-style-dots\"\/>\n\n\n\n<p><strong>Ewangelia: J 21, 1 \u2013 19;<\/strong><\/p>\n\n\n\n<h2 class=\"wp-block-heading\"><strong><span style=\"color:#3366ff\" class=\"has-inline-color\">S\u0141OWO BO\u017bE<\/span><\/strong><\/h2>\n\n\n\n<p><strong>Zmartwychwsta\u0142y ukazuje si\u0119 w Galilei<\/strong><\/p>\n<p>1 Potem znowu ukaza\u0142 si\u0119 Jezus nad Morzem Tyberiadzkim. A ukaza\u0142 si\u0119 w ten spos\u00f3b:<br>2 Byli razem Szymon Piotr, Tomasz, zwany Didymos, Natanael z Kany Galilejskiej, synowie Zebedeusza oraz dwaj inni z Jego uczni\u00f3w.<br>3 Szymon Piotr powiedzia\u0142 do nich: \u00abId\u0119 \u0142owi\u0107 ryby\u00bb. Odpowiedzieli mu: \u00abIdziemy i my z tob\u0105\u00bb. Wyszli wi\u0119c i wsiedli do \u0142odzi, ale tej nocy nic nie z\u0142owili.<br>4 A gdy ranek za\u015bwita\u0142, Jezus stan\u0105\u0142 na brzegu. Jednak\u017ce uczniowie nie wiedzieli, \u017ce to by\u0142 Jezus.<br>5 A Jezus rzek\u0142 do nich: \u00abDzieci, czy macie co na posi\u0142ek?\u00bb Odpowiedzieli Mu: \u00abNie\u00bb.<br>6 On rzek\u0142 do nich: \u00abZarzu\u0107cie sie\u0107 po prawej stronie \u0142odzi, a znajdziecie\u00bb. Zarzucili wi\u0119c i z powodu mn\u00f3stwa ryb nie mogli jej wyci\u0105gn\u0105\u0107.<br><span style=\"color: #993300;\"><strong>7 Powiedzia\u0142 wi\u0119c do Piotra \u00f3w ucze\u0144, kt\u00f3rego Jezus mi\u0142owa\u01422: \u00abTo jest Pan!\u00bb Szymon Piotr us\u0142yszawszy, \u017ce to jest Pan, przywdzia\u0142 na siebie wierzchni\u0105 szat\u0119 \u2013 by\u0142 bowiem prawie nagi \u2013 i rzuci\u0142 si\u0119 w morze.<\/strong><\/span><br>8 Reszta uczni\u00f3w dobi\u0142a \u0142odzi\u0105, ci\u0105gn\u0105c za sob\u0105 sie\u0107 z rybami. Od brzegu bowiem nie by\u0142o daleko \u2013 tylko oko\u0142o dwustu \u0142okci.<br>9 A kiedy zeszli na l\u0105d, ujrzeli \u017carz\u0105ce si\u0119 na ziemi w\u0119gle, a na nich u\u0142o\u017con\u0105 ryb\u0119 oraz chleb.<br>10 Rzek\u0142 do nich Jezus: \u00abPrzynie\u015bcie jeszcze ryb, kt\u00f3re\u015bcie teraz u\u0142owili\u00bb.<br>11 Poszed\u0142 Szymon Piotr i wyci\u0105gn\u0105\u0142 na brzeg sie\u0107 pe\u0142n\u0105 wielkich ryb w liczbie stu pi\u0119\u0107dziesi\u0119ciu trzech. A pomimo tak wielkiej ilo\u015bci, sie\u0107 si\u0119 nie rozerwa\u0142a.<br>12 Rzek\u0142 do nich Jezus: \u00abChod\u017acie, posilcie si\u0119!\u00bb \u017baden z uczni\u00f3w nie odwa\u017cy\u0142 si\u0119 zada\u0107 Mu pytania: \u00abKto Ty jeste\u015b?\u00bb bo wiedzieli, \u017ce to jest Pan.<br>13 A Jezus przyszed\u0142, wzi\u0105\u0142 chleb i poda\u0142 im \u2013 podobnie i ryb\u0119.<br>14 To ju\u017c trzeci raz, jak Jezus ukaza\u0142 si\u0119 uczniom od chwili, gdy zmartwychwsta\u0142.<\/p>\n<p><strong>Piotr otrzymuje w\u0142adz\u0119 pastersk\u0105<\/strong><\/p>\n\n\n<div class=\"wp-block-image\">\n<figure class=\"alignleft size-large is-resized\"><a href=\"https:\/\/www.wga.hu\/framex-e.html?file=html\/r\/raphael\/6tapestr\/4handing.html&amp;find=Saint+Peter\" target=\"_blank\" rel=\"noopener noreferrer\"><img loading=\"lazy\" decoding=\"async\" src=\"https:\/\/poezjaiewangelia.pl\/wp-content\/uploads\/2015\/11\/Rafael-Santi-Przekazanie-Kluczy-e1462206679627.jpg\" alt=\"Rafael Santi Przekazanie Kluczy\" class=\"wp-image-2321\" width=\"474\" height=\"289\" title=\"Rafael Santi Przekazanie Kluczy\"\/><\/a><figcaption><center><em>Rafael Santi Przekazanie Kluczy<\/em><\/center><\/figcaption><\/figure>\n<\/div>\n\n\n<p>15 A gdy spo\u017cyli \u015bniadanie, rzek\u0142 Jezus do Szymona Piotra: \u00abSzymonie, synu Jana, czy mi\u0142ujesz Mnie wi\u0119cej ani\u017celi ci?\u00bb Odpowiedzia\u0142 Mu: \u00abTak, Panie, Ty wiesz, \u017ce Ci\u0119 kocham\u00bb. Rzek\u0142 do niego: \u00abPa\u015b baranki moje!\u00bb<br \/>16 I znowu, po raz drugi, powiedzia\u0142 do niego: \u00abSzymonie, synu Jana, czy mi\u0142ujesz Mnie?\u00bb Odpar\u0142 Mu: \u00abTak, Panie, Ty wiesz, \u017ce Ci\u0119 kocham\u00bb. Rzek\u0142 do niego: \u00abPa\u015b owce moje!\u00bb.<br \/>19 To powiedzia\u0142, aby zaznaczy\u0107, jak\u0105 \u015bmierci\u0105 uwielbi Boga. A wypowiedziawszy to rzek\u0142 do niego: \u00abP\u00f3jd\u017a za Mn\u0105!\u00bb<br \/><span style=\"color: #993300;\"><strong>17 Powiedzia\u0142 mu po raz trzeci: \u00abSzymonie, synu Jana, czy kochasz Mnie?\u00bb Zasmuci\u0142 si\u0119 Piotr, \u017ce mu po raz trzeci powiedzia\u0142: \u00abCzy kochasz Mnie?\u00bb I rzek\u0142 do Niego: \u00abPanie, Ty wszystko wiesz, Ty wiesz, \u017ce Ci\u0119 kocham\u00bb. Rzek\u0142 do niego Jezus: \u00abPa\u015b owce moje!<\/strong><\/span><br \/><span style=\"color: #993300;\"><strong>18 Zaprawd\u0119, zaprawd\u0119, powiadam ci: Gdy by\u0142e\u015b m\u0142odszy, opasywa\u0142e\u015b si\u0119 sam i chodzi\u0142e\u015b, gdzie chcia\u0142e\u015b. Ale gdy si\u0119 zestarzejesz, wyci\u0105gniesz r\u0119ce swoje, a inny ci\u0119 opasze i poprowadzi, dok\u0105d nie chcesz\u00bb.<\/strong><\/span><br \/>19 To powiedzia\u0142, aby zaznaczy\u0107, jak\u0105 \u015bmierci\u0105 uwielbi Boga. A wypowiedziawszy to rzek\u0142 do niego: \u00abP\u00f3jd\u017a za Mn\u0105!\u00bb<\/p>\n\n\n\n<h2 class=\"wp-block-heading\"><strong><span style=\"color:#3366ff\" class=\"has-inline-color\">REFLEKSJA<\/span><\/strong><\/h2>\n\n\n\n<p><strong>Jan Twardowski<\/strong><\/p>\n\n\n\n<p><em><strong>Co prosi o mi\u0142o\u015b\u0107<\/strong><\/em><\/p>\n\n\n\n<p>B\u00f3g wszechmog\u0105cy co prosi o mi\u0142o\u015b\u0107<br>tak wszechmog\u0105cy \u017ce nie wszystko mo\u017ce<br>skoro da\u0142 woln\u0105 wol\u0119<br>mi\u0142o\u015b\u0107 teraz sama<br>wybiera po swojemu<br>to czyni co zechce<br>wi\u0119c czasem wzruszenie jak szcz\u0119\u015bcie przylaszczek<br>co si\u0119 od razu na wiosn\u0119 kochaj\u0105<br>bywa oboj\u0119tno\u015b\u0107 to jest sprawy trudne<br>g\u0142ogi tak bliskie \u017ce siebie nie znaj\u0105<br>kocha lub nie kocha \u2013 to j\u0119k nie pytanie<br>wi\u0119c oczy zwierz\u0105t ogromne i smutne<br>\u015bpi spokojnie w gnie\u017adzie<br>szpak szpakowa szpaczek<br>B\u00f3g co prosi o mi\u0142o\u015b\u0107<br>rozgrzeszy zrozumie<br>Wszechmoc wszystko potrafi<br>wi\u0119c tak\u017ce zap\u0142acze<br>Wszechmog\u0105cy gdy kocha najs\u0142abszym by\u0107 umie.<\/p>\n\n\n\n<p><em><strong>\u00abPos\u0142aniec nadziei\u00bb, Warszawa \u2013 Rzesz\u00f3w 2005, str. 118.<\/strong><\/em><\/p>\n\n\n\n<p><strong>Beata Oberty\u0144ska<\/strong><\/p>\n\n\n\n<p><em><strong>* * *<\/strong><\/em><br>\u00abCho\u0107by ci\u0119 gi\u0105\u0142 do ziemi m\u0142y\u0144ski kamie\u0144 win,<br>ufaj Mi! I gdy \u015bwitem przyjd\u0119 nad jezioro,<br>owi\u0144 nago\u015b\u0107 twej n\u0119dzy skruch\u0105 i pokor\u0105,<br>krzyknij: Pan jest! \u2013 skocz z \u0142odzi na g\u0142\u0119bi\u0119 \u2013 i p\u0142y\u0144!\u00bb<\/p>\n\n\n\n<p><em><strong>\u00abGrudki kadzid\u0142a\u00bb, Krak\u00f3w 1987, str. 41<\/strong><\/em><\/p>\n\n\n\n<p><strong>Beata Oberty\u0144ska<\/strong><\/p>\n\n\n\n<p><strong>* * *<\/strong><br>Ciemno\u015b\u0107, cisza i zamr\u00f3z. Nic. Bezwad zastyg\u0142y\u2026<br>Jestem, jak kto\u015b za \u017cycia zatrza\u015bni\u0119ty w trumnie.<br>A przecie\u017c wiem g\u0142\u0119binnie, a niezbicie, jak nigdy,<br>\u017ce Ci\u0119 kocham \u2013 tym kocham, \u017ce Ci\u0119 kocha\u0107 nie umiem\u2026<\/p>\n\n\n\n<p><em><strong>\u00abGrudki kadzid\u0142a\u00bb, Krak\u00f3w 1987, str. 75<\/strong><\/em><\/p>\n\n\n\n<p><strong>Beata Oberty\u0144ska<\/strong><\/p>\n\n\n\n<p><strong>* * *<\/strong><br>Twoja to wola \u2013 czy moja to wina<br>ta m\u0119ka czcza i ja\u0142owa?<br>Jak to si\u0119 dzieje, Mi\u0142o\u015bci jedyna,<br>\u017ce Ci\u0119 nie umiem mi\u0142owa\u0107?<\/p>\n\n\n\n<p><em><strong>\u00abGrudki kadzid\u0142a\u00bb, Krak\u00f3w 1987, str. 77<\/strong><\/em><\/p>\n\n\n\n<p><strong>Roman Indrzejczyk<\/strong><\/p>\n\n\n\n<p><em><strong>Ty wiesz wszystko\u2026<\/strong><\/em><\/p>\n\n\n\n<p>Czy kochasz Mnie, Piotrze? zapyta\u0142e\u015b Panie \u2013<br>Cho\u0107 przecie\u017c dobrze wiedzia\u0142e\u015b\u2026<br>Czy mi\u0142ujesz Mnie bardziej ani\u017celi inni?<br>Chcia\u0142e\u015b, \u017ceby wyzna\u0142 i \u017ceby pomy\u015bla\u0142,<br>\u017beby si\u0119 zawaha\u0142,<br>\u017beby lepiej pozna\u0142 tajemnice serca,<br>\u017beby wejrza\u0142 w siebie<br>I sobie przypomnia\u0142 swat, niedoskona\u0142o\u015b\u0107,<br>Swe ludzkie s\u0142abo\u015bci<br>I \u017ceby zap\u0142aka\u0142, \u017ceby si\u0119 zawstydzi\u0142\u2026<br>Ty wszystko wiesz, Panie,<br>Ty wiesz, \u017ce Ci\u0119 kocham,<br>Nawet, je\u015bli b\u0142\u0105dz\u0119, r\u00f3wnie\u017c, kiedy grzesz\u0119!<\/p>\n\n\n\n<p>I ja Tobie, Panie, to pytanie stawiam:<br>Kochasz mnie m\u00f3j Bo\u017ce?<br>Wiara nie wystarcza, ja chc\u0119 si\u0119 upewni\u0107.<br>Za Piotrem powt\u00f3rz\u0119 \u2013 Ty wszystko wiesz, Panie,<br>Ty wiesz, \u017ce Ci\u0119 kocham!<br>Nawet je\u015bli&nbsp; b\u0142\u0105dz\u0119 i kiedy si\u0119 smuc\u0119,<br>R\u00f3wnie\u017c kiedy t\u0119skni\u0119 do ludzkiej mi\u0142o\u015bci,<br>Kiedy ciesz\u0119 si\u0119 czu\u0142o\u015bci\u0105 innego cz\u0142owieka.<br>Pragn\u0119 si\u0119 upewni\u0107, \u017ce mnie nie odrzucasz,<br>Ze kochasz mnie nadal<br>I \u017ce jeste\u015b ze mn\u0105.<br>Gdy prze\u017cywam rado\u015b\u0107, \u017ce si\u0119 te\u017c u\u015bmiechasz\u2026<\/p>\n\n\n\n<p><em><strong>\u00abI niech tak zostanie\u00bb, Warszawa 2005, str. 18<\/strong><\/em><\/p>\n\n\n<div class=\"wp-block-image\">\n<figure class=\"alignright size-large is-resized\"><a href=\"https:\/\/pl.wikipedia.org\/w\/index.php?title=Plik:Simeon_Solomon_-_Shadrach_Meshach_Abednego.JPG&amp;filetimestamp=20050828201319\" target=\"_blank\" rel=\"noopener noreferrer\"><img loading=\"lazy\" decoding=\"async\" src=\"https:\/\/poezjaiewangelia.pl\/wp-content\/uploads\/2015\/11\/6e4af3ebc3b766c6bec0104b7d93f47d-e1462206739399.jpg\" alt=\"Simeon Solomon Trzej m\u0142odzie\u0144cy w piecu ognistym\" class=\"wp-image-2322\" width=\"302\" height=\"442\" title=\"Simeon Solomon Trzej m\u0142odzie\u0144cy w piecu ognistym\"\/><\/a><figcaption><center><em>Simeon Solomon Trzej m\u0142odzie\u0144cy w piecu ognistym<\/em><\/center><\/figcaption><\/figure>\n<\/div>\n\n\n<p><strong>Jan Zieli\u0144ski <\/strong><\/p>\n\n\n\n<p><strong>&nbsp;<\/strong><em><strong>Przebudzenie<\/strong><\/em><\/p>\n\n\n\n<p>Przepasany sob\u0105 samym<br>id\u0119 gdzie chc\u0119<br>a\u017c do zatracenia<br>w senno\u015b\u0107 leniw\u0105<br>w u\u015bpienie<\/p>\n\n\n\n<p>lecz ju\u017c idzie w nasz\u0105 stron\u0119<br>przebudzenie<br>ju\u017c biegnie Dobra Nowina<br>wo\u0142anie<br>wsta\u0144 i id\u017a<\/p>\n\n\n\n<p>Ja ci\u0119 przepasz\u0119 inaczej<br>poprowadz\u0119<br>razem przejdziemy<br>przez piec ognisty<\/p>\n\n\n\n<p><em><strong>\u201eWiersze podarowane\u201d, Warszawa 1994, str.109<\/strong><\/em><\/p>\n\n\n\n<p><strong>Jan Twardowski<\/strong><\/p>\n\n\n\n<p><em><strong>Do \u015bwi\u0119tego Piotra<\/strong><\/em><\/p>\n\n\n\n<p>Nie na pocz\u0105tku kiedy zaczynamy wierzy\u0107<br>wtedy chodzimy jeszcze jak borsuk na ca\u0142ej stopie<br>z nosem do g\u00f3ry<br>ale potem<br>kiedy milknie pobekiwanie \u015bwiate\u0142<br>\u015bciemnia si\u0119 jakby katechizm mru\u017cy\u0142 oko<br>wi\u0119dnie ultrafiolet jak hiacynt<br>niebo wydaje si\u0119 grzeczne i niewskazane<br>na samym szarym ko\u0144cu wiary<br>gdzie przystaje spocona teologia<br>kaznodzieja nie gimnastykuje j\u0119zyka<br>wtedy przyjd\u017a<br>wprost z dziedzi\u0144ca Kajfaszowego<br>jeszcze bez kluczy<br>a ju\u017c ze \u0142zami kt\u00f3re najdalej prowadz\u0105<\/p>\n\n\n\n<p><em><strong>\u00abNie przyszed\u0142em pana nawraca\u0107\u00bb, Pozna\u0144 2009, str. 11<\/strong><\/em><\/p>\n\n\n\n<p class=\"has-text-align-center\"><a href=\"https:\/\/poezjaiewangelia.pl\/?page_id=4400&amp;preview_id=4400#Gora\"><span style=\"color:#1e73be\" class=\"has-inline-color\">Do g\u00f3ry<\/span><\/a><\/p>\n","protected":false},"excerpt":{"rendered":"<p>Powr\u00f3t do Wielkanoc, &nbsp; Niedziele Wielkanocne rok C,&nbsp; &nbsp;Powr\u00f3t do Linki Ewangelia: J 21, 1 \u2013 19; Zmartwychwsta\u0142y ukazuje si\u0119 w Galilei 1 Potem znowu ukaza\u0142 si\u0119 Jezus nad Morzem Tyberiadzkim. A ukaza\u0142 si\u0119 w ten spos\u00f3b:2 Byli razem Szymon Piotr, Tomasz, zwany Didymos, Natanael z Kany Galilejskiej, synowie Zebedeusza oraz dwaj inni z Jego &hellip; <a href=\"https:\/\/poezjaiewangelia.pl\/?page_id=4400\" class=\"more-link\">Czytaj dalej <span class=\"screen-reader-text\">3 Niedziela Wielkanocna rok C<\/span><\/a><\/p>\n","protected":false},"author":1,"featured_media":0,"parent":128,"menu_order":1,"comment_status":"closed","ping_status":"closed","template":"","meta":{"_monsterinsights_skip_tracking":false,"_monsterinsights_sitenote_active":false,"_monsterinsights_sitenote_note":"","_monsterinsights_sitenote_category":0,"footnotes":""},"class_list":["post-4400","page","type-page","status-publish","hentry"],"aioseo_notices":[],"_links":{"self":[{"href":"https:\/\/poezjaiewangelia.pl\/index.php?rest_route=\/wp\/v2\/pages\/4400","targetHints":{"allow":["GET"]}}],"collection":[{"href":"https:\/\/poezjaiewangelia.pl\/index.php?rest_route=\/wp\/v2\/pages"}],"about":[{"href":"https:\/\/poezjaiewangelia.pl\/index.php?rest_route=\/wp\/v2\/types\/page"}],"author":[{"embeddable":true,"href":"https:\/\/poezjaiewangelia.pl\/index.php?rest_route=\/wp\/v2\/users\/1"}],"replies":[{"embeddable":true,"href":"https:\/\/poezjaiewangelia.pl\/index.php?rest_route=%2Fwp%2Fv2%2Fcomments&post=4400"}],"version-history":[{"count":14,"href":"https:\/\/poezjaiewangelia.pl\/index.php?rest_route=\/wp\/v2\/pages\/4400\/revisions"}],"predecessor-version":[{"id":10000,"href":"https:\/\/poezjaiewangelia.pl\/index.php?rest_route=\/wp\/v2\/pages\/4400\/revisions\/10000"}],"up":[{"embeddable":true,"href":"https:\/\/poezjaiewangelia.pl\/index.php?rest_route=\/wp\/v2\/pages\/128"}],"wp:attachment":[{"href":"https:\/\/poezjaiewangelia.pl\/index.php?rest_route=%2Fwp%2Fv2%2Fmedia&parent=4400"}],"curies":[{"name":"wp","href":"https:\/\/api.w.org\/{rel}","templated":true}]}}