{"id":4403,"date":"2018-10-27T22:36:35","date_gmt":"2018-10-27T22:36:35","guid":{"rendered":"https:\/\/poezjaiewangelia.pl\/?page_id=4403"},"modified":"2022-07-12T18:10:32","modified_gmt":"2022-07-12T17:10:32","slug":"4-niedziela-wielkanocna-dobrego-pasterza-rok-c","status":"publish","type":"page","link":"https:\/\/poezjaiewangelia.pl\/?page_id=4403","title":{"rendered":"4 NW &#8211; Dobrego Pasterza rok C"},"content":{"rendered":"\n<p><span style=\"color: #1e73be;\"><a style=\"color: #1e73be;\" href=\"https:\/\/poezjaiewangelia.pl\/?page_id=59#S59\">Powr\u00f3t do Wielkanoc<\/a> &nbsp;<\/span><a id=\"NW4C\"><\/a><span style=\"color: #1e73be;\"><a style=\"color: #1e73be;\" href=\"https:\/\/poezjaiewangelia.pl\/?page_id=128#S128\"> Niedziele Wielkanocne rok C,&nbsp;<\/a> &nbsp;<\/span><a id=\"Gora\"><\/a><span style=\"color: #1e73be;\"> &nbsp;<a style=\"color: #1e73be;\" href=\"https:\/\/poezjaiewangelia.pl\/?page_id=703#S703\">Powr\u00f3t do Linki<\/a><\/span><\/p>\n\n\n<div class=\"wp-block-image\">\n<figure class=\"alignleft size-large\"><a href=\"https:\/\/www.wga.hu\/framex-e.html?file=html\/v\/veronese\/04_1570s\/1resurre.html&amp;find=Resurrection\" target=\"_blank\" rel=\"noopener noreferrer\"><img loading=\"lazy\" decoding=\"async\" width=\"100\" height=\"128\" src=\"https:\/\/poezjaiewangelia.pl\/wp-content\/uploads\/2015\/12\/Paolo-Veronese-Zmartwychwstanie1.jpg\" alt=\"Paolo Veronese Zmartwychwstanie\" class=\"wp-image-429\" title=\"Paolo Veronese Zmartwychwstanie\"\/><\/a><\/figure>\n<\/div>\n\n<div class=\"wp-block-image\">\n<figure class=\"alignright size-large\"><img loading=\"lazy\" decoding=\"async\" width=\"150\" height=\"150\" src=\"https:\/\/poezjaiewangelia.pl\/wp-content\/uploads\/2018\/10\/R\u00f3\u017ca-bia\u0142a-e1592148272533.png\" alt=\"Kolor szat\" class=\"wp-image-4591\"\/><figcaption>Kolor szat<\/figcaption><\/figure>\n<\/div>\n\n\n<hr class=\"wp-block-separator has-text-color has-luminous-vivid-amber-color has-css-opacity has-luminous-vivid-amber-background-color has-background is-style-dots\"\/>\n\n\n\n<p><strong>Ewangelia: J 10, 27 \u2013 30;<\/strong><\/p>\n\n\n\n<h2 class=\"wp-block-heading\"><strong><span style=\"color:#3366ff\" class=\"has-inline-color\">S\u0141OWO BO\u017bE<\/span><\/strong><\/h2>\n\n\n<div class=\"wp-block-image\">\n<figure class=\"alignleft size-full is-resized\"><a href=\"http:\/\/iconoskiko.blogspot.com\/p\/iconos-de-kiko-arguello.html\" target=\"_blank\" rel=\"noopener noreferrer\"><img loading=\"lazy\" decoding=\"async\" src=\"https:\/\/poezjaiewangelia.pl\/wp-content\/uploads\/2022\/06\/Kiko-Arguello-Dobry-Pasterz.jpg\" alt=\"\" class=\"wp-image-9763\" width=\"218\" height=\"349\" title=\"Kiko Arg\u00fcello Dobry Pasterz\" srcset=\"https:\/\/poezjaiewangelia.pl\/wp-content\/uploads\/2022\/06\/Kiko-Arguello-Dobry-Pasterz.jpg 300w, https:\/\/poezjaiewangelia.pl\/wp-content\/uploads\/2022\/06\/Kiko-Arguello-Dobry-Pasterz-188x300.jpg 188w\" sizes=\"auto, (max-width: 218px) 100vw, 218px\" \/><\/a><figcaption><strong>Kiko Arg\u00fcello <em>Dobry Pasterz<\/em><\/strong><\/figcaption><\/figure>\n<\/div>\n\n\n<hr class=\"wp-block-separator has-text-color has-luminous-vivid-amber-color has-css-opacity has-luminous-vivid-amber-background-color has-background is-style-dots\"\/>\n\n\n\n<p><strong>Chrystus \u2013 jedno z Ojcem<\/strong><\/p>\n<p><span style=\"color: #993300;\"><strong>27 Moje owce s\u0142uchaj\u0105 mego g\u0142osu, a Ja znam je. Id\u0105 one za Mn\u0105<\/strong><\/span><br><span style=\"color: #993300;\"><strong>28 i Ja daj\u0119 im \u017cycie wieczne. Nie zgin\u0105 one na wieki i nikt nie wyrwie ich z mojej r\u0119ki.<\/strong><\/span><br>29 Ojciec m\u00f3j, kt\u00f3ry Mi je da\u0142, jest wi\u0119kszy od wszystkich. I nikt nie mo\u017ce ich wyrwa\u0107 z r\u0119ki mego Ojca.<br>30 Ja i Ojciec jedno jeste\u015bmy\u00bb.<\/p>\n<p>&nbsp;<\/p>\n\n\n\n<h2 class=\"wp-block-heading\"><strong><span style=\"color:#3366ff\" class=\"has-inline-color\">REFLEKSJA<\/span><\/strong><\/h2>\n\n\n\n<p><strong>Beata Oberty\u0144ska<\/strong><\/p>\n\n\n\n<p><strong>* * *<\/strong><br>Gdym po wysch\u0142ych pastwiskach owc\u0105 zap\u00f3\u017anion\u0105<br>wa\u0142\u0119sa\u0142a si\u0119 sama \u2013 nie wiem gdzie i po co \u2013<br>poszczu\u0142e\u015b mnie owczarkiem Cierpienia, a ono<br>w Mi\u0142osierdzie mnie Twoje zagna\u0142o przed noc\u0105\u2026<\/p>\n\n\n\n<p><em><strong>\u00abGrudki kadzid\u0142a\u00bb, Krak\u00f3w 1987, str. 88<\/strong><\/em><\/p>\n\n\n\n<p><strong>Jan Twardowski<\/strong><\/p>\n\n\n\n<p><em><strong>Baranku wielkanocny<\/strong><\/em><\/p>\n\n\n\n<p>Baranku wielkanocny co\u015b wybieg\u0142 z rozpaczy<br>z paskudnego k\u0105ta<br>z tego co po ludzku si\u0119 nie uda\u0142o<br>prawda \u017ce trzeba sta\u0107 si\u0119 bezradnym<br>by nielogicznie si\u0119 sta\u0142o<\/p>\n\n\n\n<p>Baranku wielkanocny co\u015b wybieg\u0142 czysty<br>z popio\u0142u<br>prawda \u017ce trzeba dosta\u0107 pa\u0142\u0105<br>by wierzy\u0107 znowu<\/p>\n\n\n<div class=\"wp-block-image\">\n<figure class=\"alignright size-large is-resized\"><a href=\"https:\/\/stainedglassmuseum.com\/collections\/78_2_11.htm\" target=\"_blank\" rel=\"noopener noreferrer\"><img loading=\"lazy\" decoding=\"async\" src=\"https:\/\/poezjaiewangelia.pl\/wp-content\/uploads\/2015\/12\/Chrystus-Dobry-Pasterz-607x1024.jpg\" alt=\"O`Connor Chrystus Dobry Pasterz Dundee, Szkocja\" class=\"wp-image-1179\" width=\"304\" height=\"512\" title=\"O`Connor Chrystus Dobry Pasterz Dundee, Szkocja\"\/><\/a><figcaption><center><em>O`Connor Chrystus Dobry Pasterz Dundee, Szkocja<\/em><\/center><\/figcaption><\/figure>\n<\/div>\n\n\n<p><em><strong>\u00abABC ksi\u0119dza Twardowskiego. Rok C\u00bb, Warszawa 2002, str. 57<\/strong><\/em><\/p>\n\n\n\n<p><strong>Jan Twardowski<\/strong><\/p>\n\n\n\n<p><strong>Noc<\/strong><\/p>\n\n\n\n<p>Noc \u2013 gwiazd\u0119 przyprowadza<br>smutek \u2013 bia\u0142\u0105 brzoz\u0119<br>mi\u0142o\u015b\u0107 niesie w ofierze czystego baranka<br>spok\u00f3j \u2013 samotno\u015b\u0107 mr\u00f3wek gdy wszystkie s\u0105 razem<\/p>\n\n\n\n<p>Wiara stale chce pyta\u0107<br>lecz gard\u0142o wysycha<br>je\u015bli B\u00f3g jest milczeniem<br>zamilcze\u0107 potrzeba.<\/p>\n\n\n\n<p><strong>\u201cnie przyszed\u0142em pana nawraca\u0107\u201d, Warszawa 1986, str. 319<\/strong><\/p>\n\n\n\n<p><strong>Beata Oberty\u0144ska<\/strong><\/p>\n\n\n\n<p><strong>* * *<\/strong><br>Gdy zejd\u0119 na manowce,<br>gdy w kozi r\u00f3g si\u0119 zapchn\u0119<br>znajd\u017a mnie \u2013 jak w cierniu owc\u0119,<br>wymie\u0107 \u2013 jak z k\u0105ta drachm\u0119 \u2013 amen.<\/p>\n\n\n\n<p><em><strong>\u00abGrudki kadzid\u0142a\u00bb, Krak\u00f3w 1987, str. 70<\/strong><\/em><\/p>\n\n\n\n<p style=\"text-align: center;\"><span style=\"color: #1e73be;\"><a style=\"color: #1e73be;\" href=\"https:\/\/poezjaiewangelia.pl\/?page_id=4403&amp;preview_id=4403#Gora\">Do g\u00f3ry<\/a><\/span><\/p>\n","protected":false},"excerpt":{"rendered":"<p>Powr\u00f3t do Wielkanoc &nbsp; Niedziele Wielkanocne rok C,&nbsp; &nbsp; &nbsp;Powr\u00f3t do Linki Ewangelia: J 10, 27 \u2013 30; Chrystus \u2013 jedno z Ojcem 27 Moje owce s\u0142uchaj\u0105 mego g\u0142osu, a Ja znam je. Id\u0105 one za Mn\u010528 i Ja daj\u0119 im \u017cycie wieczne. Nie zgin\u0105 one na wieki i nikt nie wyrwie ich z mojej &hellip; <a href=\"https:\/\/poezjaiewangelia.pl\/?page_id=4403\" class=\"more-link\">Czytaj dalej <span class=\"screen-reader-text\">4 NW &#8211; Dobrego Pasterza rok C<\/span><\/a><\/p>\n","protected":false},"author":1,"featured_media":0,"parent":128,"menu_order":2,"comment_status":"closed","ping_status":"closed","template":"","meta":{"_monsterinsights_skip_tracking":false,"_monsterinsights_sitenote_active":false,"_monsterinsights_sitenote_note":"","_monsterinsights_sitenote_category":0,"footnotes":""},"class_list":["post-4403","page","type-page","status-publish","hentry"],"aioseo_notices":[],"_links":{"self":[{"href":"https:\/\/poezjaiewangelia.pl\/index.php?rest_route=\/wp\/v2\/pages\/4403","targetHints":{"allow":["GET"]}}],"collection":[{"href":"https:\/\/poezjaiewangelia.pl\/index.php?rest_route=\/wp\/v2\/pages"}],"about":[{"href":"https:\/\/poezjaiewangelia.pl\/index.php?rest_route=\/wp\/v2\/types\/page"}],"author":[{"embeddable":true,"href":"https:\/\/poezjaiewangelia.pl\/index.php?rest_route=\/wp\/v2\/users\/1"}],"replies":[{"embeddable":true,"href":"https:\/\/poezjaiewangelia.pl\/index.php?rest_route=%2Fwp%2Fv2%2Fcomments&post=4403"}],"version-history":[{"count":25,"href":"https:\/\/poezjaiewangelia.pl\/index.php?rest_route=\/wp\/v2\/pages\/4403\/revisions"}],"predecessor-version":[{"id":10002,"href":"https:\/\/poezjaiewangelia.pl\/index.php?rest_route=\/wp\/v2\/pages\/4403\/revisions\/10002"}],"up":[{"embeddable":true,"href":"https:\/\/poezjaiewangelia.pl\/index.php?rest_route=\/wp\/v2\/pages\/128"}],"wp:attachment":[{"href":"https:\/\/poezjaiewangelia.pl\/index.php?rest_route=%2Fwp%2Fv2%2Fmedia&parent=4403"}],"curies":[{"name":"wp","href":"https:\/\/api.w.org\/{rel}","templated":true}]}}