{"id":4406,"date":"2018-10-27T22:56:18","date_gmt":"2018-10-27T22:56:18","guid":{"rendered":"https:\/\/poezjaiewangelia.pl\/?page_id=4406"},"modified":"2022-07-12T18:14:10","modified_gmt":"2022-07-12T17:14:10","slug":"5-niedziela-wielkanocna-rok-c","status":"publish","type":"page","link":"https:\/\/poezjaiewangelia.pl\/?page_id=4406","title":{"rendered":"5 Niedziela Wielkanocna rok C"},"content":{"rendered":"\n<p><span style=\"color: #1e73be;\"><a style=\"color: #1e73be;\" href=\"https:\/\/poezjaiewangelia.pl\/?page_id=59#S59\">Powr\u00f3t do Wielkanoc,<\/a> &nbsp;<\/span><a id=\"NW5C\"><\/a><span style=\"color: #1e73be;\"><a style=\"color: #1e73be;\" href=\"https:\/\/poezjaiewangelia.pl\/?page_id=128#S128\"> Niedziele Wielkanocne rok C<\/a>,&nbsp; <\/span><a id=\"Gora\"><\/a><span style=\"color: #1e73be;\"> <a style=\"color: #1e73be;\" href=\"https:\/\/poezjaiewangelia.pl\/?page_id=703#S703\">Powr\u00f3t do Linki<\/a><\/span><\/p>\n\n\n<div class=\"wp-block-image\">\n<figure class=\"alignright size-large\"><img loading=\"lazy\" decoding=\"async\" width=\"150\" height=\"150\" src=\"https:\/\/poezjaiewangelia.pl\/wp-content\/uploads\/2018\/10\/R\u00f3\u017ca-bia\u0142a-e1592148272533.png\" alt=\"Kolor szat\" class=\"wp-image-4591\"\/><figcaption>Kolor szat<\/figcaption><\/figure>\n<\/div>\n\n<div class=\"wp-block-image\">\n<figure class=\"alignleft size-large\"><a href=\"https:\/\/www.wga.hu\/framex-e.html?file=html\/v\/veronese\/04_1570s\/1resurre.html&amp;find=Resurrection\" target=\"_blank\" rel=\"noopener noreferrer\"><img loading=\"lazy\" decoding=\"async\" width=\"100\" height=\"128\" src=\"https:\/\/poezjaiewangelia.pl\/wp-content\/uploads\/2015\/12\/Paolo-Veronese-Zmartwychwstanie1.jpg\" alt=\"Paolo Veronese Zmartwychwstanie\" class=\"wp-image-429\" title=\"Paolo Veronese Zmartwychwstanie\"\/><\/a><\/figure>\n<\/div>\n\n\n<hr class=\"wp-block-separator has-text-color has-luminous-vivid-amber-color has-css-opacity has-luminous-vivid-amber-background-color has-background is-style-dots\"\/>\n\n\n\n<p><strong>Ewangelia: J 13, 31 \u2013 33a. 34 \u2013 35;<\/strong><\/p>\n\n\n\n<h2 class=\"wp-block-heading\"><strong><span style=\"color:#3366ff\" class=\"has-inline-color\">S\u0141OWO BO\u017bE<\/span><\/strong><\/h2>\n\n\n<div class=\"wp-block-image\">\n<figure class=\"alignleft size-large is-resized\"><a href=\"https:\/\/www.wga.hu\/framex-e.html?file=html\/s\/signorel\/various\/9commun.html&amp;find=Christ+and+the+Apostles+\" target=\"_blank\" rel=\"noopener noreferrer\"><img loading=\"lazy\" decoding=\"async\" src=\"https:\/\/poezjaiewangelia.pl\/wp-content\/uploads\/2015\/11\/71a5e96c2bf21e993f92d0f62823539a-e1462206932176.jpg\" alt=\"Luca Signorelli Komunia Aposto\u0142\u00f3w\" class=\"wp-image-2325\" width=\"300\" height=\"328\" title=\"Luca Signorelli Komunia Aposto\u0142\u00f3w\"\/><\/a><figcaption><center><em>Luca Signorelli Komunia Aposto\u0142\u00f3w<\/em><\/center><\/figcaption><\/figure>\n<\/div>\n\n\n<p><strong>Wobec bliskiego rozstania<\/strong><\/p>\n<p><span style=\"color: #993300;\"><strong>31 Po jego wyj\u015bciu rzek\u0142 Jezus: \u00abSyn Cz\u0142owieczy zosta\u0142 teraz otoczony chwa\u0142\u0105, a w Nim B\u00f3g zosta\u0142 chwa\u0142\u0105 otoczony.<\/strong><\/span><br>32 Je\u017celi B\u00f3g zosta\u0142 w Nim otoczony chwa\u0142\u0105, to i B\u00f3g Go otoczy chwa\u0142\u0105 w sobie samym, i to zaraz Go chwa\u0142\u0105 otoczy.<br>33 Dzieci, jeszcze kr\u00f3tko jestem z wami. B\u0119dziecie Mnie szuka\u0107, ale \u2013 jak to \u017bydom powiedzia\u0142em, tak i teraz wam m\u00f3wi\u0119 \u2013 dok\u0105d Ja id\u0119, wy p\u00f3j\u015b\u0107 nie mo\u017cecie<br><span style=\"color: #993300;\"><strong>34 Przykazanie nowe daj\u0119 wam, aby\u015bcie si\u0119 wzajemnie mi\u0142owali tak, jak Ja was umi\u0142owa\u0142em; \u017ceby\u015bcie i wy tak si\u0119 mi\u0142owali wzajemnie.<\/strong><\/span><br><span style=\"color: #993300;\"><strong>35 Po tym wszyscy poznaj\u0105, \u017ce\u015bcie uczniami moimi, je\u015bli b\u0119dziecie si\u0119 wzajemnie mi\u0142owali\u00bb.<\/strong><\/span><\/p>\n\n\n\n<h2 class=\"wp-block-heading\"><strong><span style=\"color:#3366ff\" class=\"has-inline-color\">REFLEKSJA<\/span><\/strong><\/h2>\n\n\n\n<p><strong>Jan Twardowski<\/strong><\/p>\n\n\n\n<p><em><strong>Mi\u0142o\u015b\u0107<\/strong><\/em><\/p>\n\n\n\n<p>Jest mi\u0142o\u015b\u0107 trudna<\/p>\n\n\n\n<p>jak s\u00f3l czy po prostu kamie\u0144 do zjedzenia<br>jest przewiduj\u0105ca<br>taka co gr\u00f3b zamawia wci\u0105\u017c na dwie osoby<br>niedok\u0142adna jak ucze\u0144 co czyta po \u0142ebkach<br>jest cienka jak op\u0142atek bo wewn\u0105trz wzruszenie<br>jest mi\u0142o\u015b\u0107 wariatka egoistka gapa<br>jak jesie\u0144 lekko chora z ksi\u0119\u017cycem k\u0142amczuchem<br>jest mi\u0142o\u015b\u0107 co by\u0142a cia\u0142em a sta\u0142a si\u0119 duchem<br>i ta co nie odejdzie \u2013 bo zn\u00f3w niemo\u017cliwa.<\/p>\n\n\n\n<p><em><strong>\u00abnie przyszed\u0142em pana nawraca\u0107\u00bb, Warszawa 1986, str. 324<\/strong><\/em><\/p>\n\n\n\n<p><strong>Jan Twardowski<\/strong><\/p>\n\n\n\n<p><em><strong>Tak ma\u0142o<\/strong><\/em><\/p>\n\n\n\n<p>Jest mi\u0142o\u015b\u0107<br>za nic<br>nie chce list\u00f3w<br>spotka\u0144<br>ciel\u0119ciny bez ko\u015bci<br>piernika<br>ani form wyklepanych<br>ani g\u0142osu w telefonie<br>\u2013 zapnij palto \u017ceby nie zatka\u0142o<br>tak ma\u0142o potrzeba tak ma\u0142o<\/p>\n\n\n\n<p>jest wielka mi\u0142o\u015b\u0107<br>uczy\u0142a \u015bwi\u0119ta babcia<br>pozostaj\u0119 jej wierny<br>mi\u0142o\u015bci za B\u00f3g zap\u0142a\u0107<\/p>\n\n\n\n<p><em><strong>\u201cnie przyszed\u0142em pana nawraca\u0107\u201d, Warszawa 1986, str. 387<\/strong><\/em><\/p>\n\n\n\n<p><strong>Janusz Pasierb<\/strong><\/p>\n\n\n\n<p><em><strong>St-Gervais<\/strong><\/em><\/p>\n\n\n\n<p>\u015bwi\u0119ty Gerwazy jest bia\u0142y i szary<\/p>\n\n\n\n<p>nie my\u015bla\u0142em \u017ce w Pary\u017cu<br>s\u0105 tacy zgrzebni \u015bwi\u0119ci<\/p>\n\n\n\n<p>tylko Pan B\u00f3g nosi tu czerwon\u0105 szat\u0119<br>co wida\u0107 wyra\u017anie<br>bo niebo w ka\u017cd\u0105 niedziel\u0119<br>otwiera si\u0119 o jedenastej<\/p>\n\n\n<div class=\"wp-block-image\">\n<figure class=\"alignright size-large is-resized\"><a href=\"https:\/\/www.faustyna.pl\/zmbm\/obraz\/\" target=\"_blank\" rel=\"noopener noreferrer\"><img loading=\"lazy\" decoding=\"async\" src=\"https:\/\/poezjaiewangelia.pl\/wp-content\/uploads\/2020\/04\/Adolf-Hyla-Jezu-ufam-Tobie-e1587893481497.jpg\" alt=\"Adolf Hyla Jezu ufam Tobie\" class=\"wp-image-7467\" width=\"296\" height=\"443\" title=\"Adolf Hyla Jezu ufam Tobie\"\/><\/a><figcaption><center><em>Adolf Hyla Jezu ufam Tobie<\/em><\/center><\/figcaption><\/figure>\n<\/div>\n\n\n<p>s\u0105 ikony kwiaty jest krucyfiks z drewna<br>kt\u00f3re zwini\u0119te z b\u00f3lu krzyczy<br>ale pozatem ile ciszy<br>dzieci podnosz\u0105ce na Ojcze nasz r\u0119ce<br>wygl\u0105daj\u0105 jak weso\u0142e drzewka<\/p>\n\n\n\n<p>mo\u017cna tu ujrze\u0107 \u015bpiew<br>dotkn\u0105\u0107 z\u0142oconych organowych nut<br>us\u0142ysze\u0107 blade \u015bwiat\u0142o \u015bwiec<br>\u015bwiat\u0142o jak \u015bwi\u0119to<br>alleluja amen<\/p>\n\n\n\n<p>a Jezus m\u00f3wi ojcze chcia\u0142em<br>by oni zawsze byli ze mn\u0105<br>i zobaczyli moj\u0105 chwa\u0142\u0119<\/p>\n\n\n\n<p><em>7 niedziela Wielkanocy, 18. 5. 80<\/em><\/p>\n\n\n\n<p><em><strong>\u00abWiersze religijne\u00bb, Pozna\u0144 \u2013 Warszawa 1983, str.108<\/strong><\/em><\/p>\n\n\n\n<p><strong>Jan Twardowski<\/strong><\/p>\n\n\n\n<p><em><strong>Zbawiony<\/strong><\/em><\/p>\n\n\n\n<p>Ten kt\u00f3rego kochaj\u0105 zostanie zbawiony<br>cho\u0107 kocha si\u0119 dlatego \u017ce si\u0119 nie rozumie<br>niekiedy tylko ogarnia zdumienie<br>jakby si\u0119 ksi\u0119\u017cyc \u015bwintuch rozebra\u0142 do naga<br>ten kt\u00f3rego kochaj\u0105 zostanie zbawiony<br>ile razy b\u0142\u0105dzi\u0142e\u015b ale kto\u015b ci\u0119 kocha\u0142<br>czeka\u0142 w oknie bo oddech pozosta\u0142 na szybie<br>ile razy grzeszy\u0142e\u015b \u2014 \u0142za ci\u0119 uzdrowi\u0142a<br>a mi\u0142o\u015b\u0107 jest ju\u017c czysta gdy przy ko\u0144cu p\u0142acze<br>i jak lew nie\u015bmia\u0142o ty\u0142em si\u0119 odwraca<br>je\u015bli bliskich zabraknie sam Pan B\u00f3g przygarnie<br>powie ci to na staro\u015b\u0107 \u015blimak zamy\u015blony<br>rozpacz stara k\u0142amczucha co rozrabia na dnie<\/p>\n\n\n\n<p>czas ju\u017c poza czasem<br>s\u0142owo ponad s\u0142owem<\/p>\n\n\n\n<p>gwiazda co przez okno chce ci\u0119 stukn\u0105\u0107 w g\u0142ow\u0119<br>\u0142otr na trzech gwo\u017adziach za nas powieszony<\/p>\n\n\n\n<p>ten kt\u00f3rego kochaj\u0105 zostanie zbawiony<\/p>\n\n\n\n<p><em><strong>\u00abNie przyszed\u0142em pana nawraca\u0107\u00bb, Pozna\u0144 2009, str. 367<\/strong><\/em><\/p>\n\n\n\n<p class=\"has-text-align-center\"><span style=\"color: #1e73be;\"><a style=\"color: #1e73be;\" href=\"https:\/\/poezjaiewangelia.pl\/?page_id=4406#Gora\"><span class=\"has-inline-color\">D<\/span>o g\u00f3ry<\/a><\/span><\/p>\n","protected":false},"excerpt":{"rendered":"<p>Powr\u00f3t do Wielkanoc, &nbsp; Niedziele Wielkanocne rok C,&nbsp; Powr\u00f3t do Linki Ewangelia: J 13, 31 \u2013 33a. 34 \u2013 35; Wobec bliskiego rozstania 31 Po jego wyj\u015bciu rzek\u0142 Jezus: \u00abSyn Cz\u0142owieczy zosta\u0142 teraz otoczony chwa\u0142\u0105, a w Nim B\u00f3g zosta\u0142 chwa\u0142\u0105 otoczony.32 Je\u017celi B\u00f3g zosta\u0142 w Nim otoczony chwa\u0142\u0105, to i B\u00f3g Go otoczy chwa\u0142\u0105 &hellip; <a href=\"https:\/\/poezjaiewangelia.pl\/?page_id=4406\" class=\"more-link\">Czytaj dalej <span class=\"screen-reader-text\">5 Niedziela Wielkanocna rok C<\/span><\/a><\/p>\n","protected":false},"author":1,"featured_media":0,"parent":128,"menu_order":3,"comment_status":"closed","ping_status":"closed","template":"","meta":{"_monsterinsights_skip_tracking":false,"_monsterinsights_sitenote_active":false,"_monsterinsights_sitenote_note":"","_monsterinsights_sitenote_category":0,"footnotes":""},"class_list":["post-4406","page","type-page","status-publish","hentry"],"aioseo_notices":[],"_links":{"self":[{"href":"https:\/\/poezjaiewangelia.pl\/index.php?rest_route=\/wp\/v2\/pages\/4406","targetHints":{"allow":["GET"]}}],"collection":[{"href":"https:\/\/poezjaiewangelia.pl\/index.php?rest_route=\/wp\/v2\/pages"}],"about":[{"href":"https:\/\/poezjaiewangelia.pl\/index.php?rest_route=\/wp\/v2\/types\/page"}],"author":[{"embeddable":true,"href":"https:\/\/poezjaiewangelia.pl\/index.php?rest_route=\/wp\/v2\/users\/1"}],"replies":[{"embeddable":true,"href":"https:\/\/poezjaiewangelia.pl\/index.php?rest_route=%2Fwp%2Fv2%2Fcomments&post=4406"}],"version-history":[{"count":17,"href":"https:\/\/poezjaiewangelia.pl\/index.php?rest_route=\/wp\/v2\/pages\/4406\/revisions"}],"predecessor-version":[{"id":10003,"href":"https:\/\/poezjaiewangelia.pl\/index.php?rest_route=\/wp\/v2\/pages\/4406\/revisions\/10003"}],"up":[{"embeddable":true,"href":"https:\/\/poezjaiewangelia.pl\/index.php?rest_route=\/wp\/v2\/pages\/128"}],"wp:attachment":[{"href":"https:\/\/poezjaiewangelia.pl\/index.php?rest_route=%2Fwp%2Fv2%2Fmedia&parent=4406"}],"curies":[{"name":"wp","href":"https:\/\/api.w.org\/{rel}","templated":true}]}}