{"id":4410,"date":"2018-10-27T23:24:31","date_gmt":"2018-10-27T23:24:31","guid":{"rendered":"https:\/\/poezjaiewangelia.pl\/?page_id=4410"},"modified":"2022-07-12T18:15:09","modified_gmt":"2022-07-12T17:15:09","slug":"6-niedziela-wielkanocna-rok-c","status":"publish","type":"page","link":"https:\/\/poezjaiewangelia.pl\/?page_id=4410","title":{"rendered":"6 Niedziela Wielkanocna rok C"},"content":{"rendered":"\n<p><span style=\"color: #1e73be;\"><a style=\"color: #1e73be;\" href=\"https:\/\/poezjaiewangelia.pl\/?page_id=59#S59\">Powr\u00f3t do Wielkanoc,<\/a> &nbsp;<\/span><a id=\"NW6C\"><\/a><span style=\"color: #1e73be;\"><a style=\"color: #1e73be;\" href=\"https:\/\/poezjaiewangelia.pl\/?page_id=128#S128\"> Niedziela Wielkanocna rok C,<\/a>&nbsp; <\/span><a id=\"Gora\"><\/a><span style=\"color: #1e73be;\"> &nbsp;<a style=\"color: #1e73be;\" href=\"https:\/\/poezjaiewangelia.pl\/?page_id=703#S703\">Powr\u00f3t do Linki<\/a><\/span><\/p>\n\n\n<div class=\"wp-block-image\">\n<figure class=\"alignright size-large\"><img loading=\"lazy\" decoding=\"async\" width=\"150\" height=\"150\" src=\"https:\/\/poezjaiewangelia.pl\/wp-content\/uploads\/2018\/10\/R\u00f3\u017ca-bia\u0142a-e1592148272533.png\" alt=\"Kolor szat\" class=\"wp-image-4591\"\/><figcaption>Kolor szat<\/figcaption><\/figure>\n<\/div>\n\n<div class=\"wp-block-image\">\n<figure class=\"alignleft size-large\"><a href=\"https:\/\/www.wga.hu\/framex-e.html?file=html\/v\/veronese\/04_1570s\/1resurre.html&amp;find=Resurrection\" target=\"_blank\" rel=\"noopener noreferrer\"><img loading=\"lazy\" decoding=\"async\" width=\"100\" height=\"128\" src=\"https:\/\/poezjaiewangelia.pl\/wp-content\/uploads\/2015\/12\/Paolo-Veronese-Zmartwychwstanie1.jpg\" alt=\"Paolo Veronese Zmartwychwstanie\" class=\"wp-image-429\" title=\"Paolo Veronese Zmartwychwstanie\"\/><\/a><\/figure>\n<\/div>\n\n\n<hr class=\"wp-block-separator has-text-color has-luminous-vivid-amber-color has-css-opacity has-luminous-vivid-amber-background-color has-background is-style-dots\"\/>\n\n\n\n<p><strong>Ewangelia: J 14, 23 \u2013 29;<\/strong><\/p>\n\n\n\n<h2 class=\"wp-block-heading\"><strong><span style=\"color:#3366ff\" class=\"has-inline-color\">S\u0141OWO BO\u017bE<\/span><\/strong><\/h2>\n\n\n\n<p><strong>Mi\u0142o\u015b\u0107 objawiona<\/strong><\/p>\n<p><span style=\"color: #993300;\"><strong>23 W odpowiedzi rzek\u0142 do niego Jezus:, \u00abJe\u015bli Mnie kto mi\u0142uje, b\u0119dzie zachowywa\u0142 moj\u0105 nauk\u0119, a Ojciec m\u00f3j umi\u0142uje go, i przyjdziemy do niego, i b\u0119dziemy u niego przebywa\u0107.<\/strong><\/span><br><span style=\"color: #993300;\"><strong>24 Kto Mnie nie mi\u0142uje, ten nie zachowuje s\u0142\u00f3w moich. A nauka, kt\u00f3r\u0105 s\u0142yszycie, nie jest moja, ale Tego, kt\u00f3ry Mnie pos\u0142a\u0142, Ojca.<\/strong><\/span><\/p>\n<p><strong>Pos\u0142annictwo Ducha. Pok\u00f3j<\/strong><\/p>\n<p>25 To wam powiedzia\u0142em przebywaj\u0105c w\u015br\u00f3d was.<br>26 A Pocieszyciel, Duch \u015awi\u0119ty, kt\u00f3rego Ojciec po\u015ble w moim imieniu, On was wszystkiego nauczy7 i przypomni wam wszystko, co Ja wam powiedzia\u0142em.<br><span style=\"color: #993300;\"><strong>27 Pok\u00f3j zostawiam wam, pok\u00f3j m\u00f3j daj\u0119 wam. Nie tak jak daje \u015bwiat, Ja wam daj\u0119. Niech si\u0119 nie trwo\u017cy serce wasze ani si\u0119 l\u0119ka!<\/strong><\/span><br>28 S\u0142yszeli\u015bcie, \u017ce wam powiedzia\u0142em: Odchodz\u0119 i przyjd\u0119 zn\u00f3w do was. Gdyby\u015bcie Mnie mi\u0142owali, rozradowaliby\u015bcie si\u0119, \u017ce id\u0119 do Ojca, bo Ojciec wi\u0119kszy jest ode Mnie.<br>29 A teraz powiedzia\u0142em wam o tym, zanim to nast\u0105pi, aby\u015bcie uwierzyli, gdy si\u0119 to stanie.<\/p>\n\n\n\n<h2 class=\"wp-block-heading\"><strong><span style=\"color:#3366ff\" class=\"has-inline-color\">REFLEKSJA<\/span><\/strong><\/h2>\n\n\n\n<p><strong>Jan Twardowski<\/strong><\/p>\n\n\n\n<p><em><strong>Co potem<\/strong><\/em><\/p>\n\n\n<div class=\"wp-block-image\">\n<figure class=\"alignright size-large is-resized\"><a href=\"https:\/\/www.wga.hu\/frames-e.html?\/html\/d\/duccio\/maesta\/verso_1\/verso04.html\" target=\"_blank\" rel=\"noopener noreferrer\"><img loading=\"lazy\" decoding=\"async\" src=\"https:\/\/poezjaiewangelia.pl\/wp-content\/uploads\/2015\/11\/70f2738098132d4c8a425250a5c22ff4-e1462206996951.jpg\" alt=\"Duccio di Buoninsegna Chrystus \u017cegna si\u0119 z Aposto\u0142ami\" class=\"wp-image-2327\" width=\"390\" height=\"341\" title=\"Duccio di Buoninsegna Chrystus \u017cegna si\u0119 z Aposto\u0142ami\"\/><\/a><figcaption><center><em>Duccio di Buoninsegna Chrystus \u017cegna si\u0119 z Aposto\u0142ami<\/em><\/center><\/figcaption><\/figure>\n<\/div>\n\n\n<p>Co potem \u2013 to, co zawsze<br>poznika\u0142o tylu<br>\u015bmier\u0107 zajdzie starszym z przodu<br>a m\u0142odszym od ty\u0142u<\/p>\n\n\n\n<p>takie s\u0105 pocz\u0105tku prawid\u0142a niebieskie<br>nikogo nic nie dziwi. Poprzez \u017cycia bram\u0119<br>przed chwil\u0105 przeszed\u0142 kto\u015b zbawiony z pieskiem<br>szli razem szukaj\u0105c Boga lepszego od ludzi<\/p>\n\n\n\n<p>rozgl\u0105da si\u0119 po k\u0105tach a taki wzruszony<br>jak ch\u0142opak co na choink\u0119 polecia\u0142 do szko\u0142y<br>lub ten co niesie serce wyci\u0105gni\u0119te z piek\u0142a<br>kochamy nazbyt cz\u0119sto gdy kocha\u0107 nie mo\u017cna<br>a mi\u0142o\u015b\u0107 im g\u0142upsza tym bardziej ostro\u017cna<\/p>\n\n\n\n<p>Wchodz\u0105 w Pana naszego kr\u00f3lestwo ubogie<br>doktoraty na zimno chrupie mysz pod progiem<br>a to co zrozumia\u0142e\u015b to ju\u017c nie jest Bogiem<\/p>\n\n\n\n<p><em><strong>\u00abPos\u0142aniec nadziei\u00bb, Warszawa \u2013 Rzesz\u00f3w 2005, str. 115<\/strong><\/em><\/p>\n\n\n\n<p><strong>Jerzy Kierst<\/strong><\/p>\n\n\n\n<p><em><strong>Mi\u0142o\u015b\u0107 ziemska<\/strong><\/em><\/p>\n\n\n\n<p>Ty, kt\u00f3ry sosny ko\u0142yszesz<br>i oczy otwierasz. b\u0142awatkom,<br>nape\u0142\u0144 \u015bmierteln\u0105 cisz\u0119<br>trzepotem skrzyde\u0142 i \u015bwiat\u0142em.<\/p>\n\n\n\n<p>O mi\u0142o\u015b\u0107\u2026 O kropl\u0119 jedn\u0105<br>z Twoich majowych deszcz\u00f3w<br>dla traw, co od rdzy wi\u0119dn\u0105<br>i such\u0105 warg\u0105 szeleszcz\u0105.<\/p>\n\n\n\n<p>Jest taka si\u0142a sosnowa,<br>co ob\u0142ok wi\u0105\u017ce do ziemi<br>I deszczom ka\u017ce ca\u0142owa\u0107<br>s\u0119ki sosnowych korzeni.<\/p>\n\n\n\n<p>Przywr\u00f3\u0107 mi\u0142o\u015b\u0107 do \u015bwiata,<br>pe\u0142nego str\u0105conych skrzyde\u0142,<br>gdzie czo\u0142g na miedzy oplata<br>pow\u00f3j anielstwa sid\u0142em.<\/p>\n\n\n\n<p>O mi\u0142o\u015b\u0107 ludzi, co he\u0142my<br>zrzucili z krwawego czo\u0142a,<br>by zbiera\u0107 \u2014 jak ziarna \u2014 ceg\u0142y<br>w ruinach smuk\u0142ego ko\u015bcio\u0142a.<\/p>\n\n\n\n<p>Przywr\u00f3\u0107 jedyne prawo,<br>co \u015bwieci w li\u015bciu pod s\u0142o\u0144ce<br>I kt\u00f3re w burzy jak \u015bwiat\u0142o<br>pocz\u0105tkiem jest I ko\u0144cem.<\/p>\n\n\n\n<p>Gorycz, co truje rzeki,<br>i noc ku \u015bmierci pochy\u0142\u0105<br>odmie\u0144 \u2014 rzu\u0107 na powieki<br>\u015bwiat\u0142o i \u0142zy \u2014 daj mi\u0142o\u015b\u0107.<\/p>\n\n\n\n<p>Ty, kt\u00f3ry globy ko\u0142yszesz<br>i ciep\u0142ym oddychasz latem,<br>nape\u0142\u0144 \u015bmierteln\u0105 cisz\u0119<br>skrzyd\u0142ami, \u015bpiewem i \u015bwiat\u0142em.<\/p>\n\n\n\n<p><em><strong>\u00abZ g\u0142\u0119boko\u015bci\u2026Antologia polskiej modlitwy poetyckiej\u00bb, T. 2, Warszawa 1974, str. 259<\/strong><\/em><\/p>\n\n\n\n<p><strong>Jan Twardowski<\/strong><\/p>\n\n\n\n<p><em><strong>Najbli\u017cej<\/strong><\/em><\/p>\n\n\n\n<p>B\u00f3g kocha ciebie poprzez list serdeczny co doszed\u0142<br>poprzez \u017cyczenia na \u015bwi\u0119ta<br>poprzez rzeczy tak wa\u017cne \u017ce si\u0119 o nich nie pami\u0119ta<br>przez kogo\u015b kto by\u0142 przy tobie w grypie<br>przez tego co po spowiedzi ju\u017c nie szczypie<br>poprzez deszcz co ci w uchu zadzwoni\u0142<br>poprzez kogo\u015b kto ci si\u0119 krzywi\u0107 zabroni\u0142<br>poprzez psa co nogi ci liza\u0142<br>przez serce krzycz\u0105ce z krzy\u017ca<\/p>\n\n\n\n<p><em><strong>\u00abABC ksi\u0119dza Twardowskiego. Rok A\u00bb, Warszawa 2002, str. 63<\/strong><\/em><\/p>\n\n\n\n<p style=\"text-align: center;\"><span style=\"color: #1e73be;\"><a style=\"color: #1e73be;\" href=\"https:\/\/poezjaiewangelia.pl\/?page_id=4410#Gora\">Do g\u00f3ry<\/a><\/span><\/p>\n","protected":false},"excerpt":{"rendered":"<p>Powr\u00f3t do Wielkanoc, &nbsp; Niedziela Wielkanocna rok C,&nbsp; &nbsp;Powr\u00f3t do Linki Ewangelia: J 14, 23 \u2013 29; Mi\u0142o\u015b\u0107 objawiona 23 W odpowiedzi rzek\u0142 do niego Jezus:, \u00abJe\u015bli Mnie kto mi\u0142uje, b\u0119dzie zachowywa\u0142 moj\u0105 nauk\u0119, a Ojciec m\u00f3j umi\u0142uje go, i przyjdziemy do niego, i b\u0119dziemy u niego przebywa\u0107.24 Kto Mnie nie mi\u0142uje, ten nie zachowuje &hellip; <a href=\"https:\/\/poezjaiewangelia.pl\/?page_id=4410\" class=\"more-link\">Czytaj dalej <span class=\"screen-reader-text\">6 Niedziela Wielkanocna rok C<\/span><\/a><\/p>\n","protected":false},"author":1,"featured_media":0,"parent":128,"menu_order":4,"comment_status":"closed","ping_status":"closed","template":"","meta":{"_monsterinsights_skip_tracking":false,"_monsterinsights_sitenote_active":false,"_monsterinsights_sitenote_note":"","_monsterinsights_sitenote_category":0,"footnotes":""},"class_list":["post-4410","page","type-page","status-publish","hentry"],"aioseo_notices":[],"_links":{"self":[{"href":"https:\/\/poezjaiewangelia.pl\/index.php?rest_route=\/wp\/v2\/pages\/4410","targetHints":{"allow":["GET"]}}],"collection":[{"href":"https:\/\/poezjaiewangelia.pl\/index.php?rest_route=\/wp\/v2\/pages"}],"about":[{"href":"https:\/\/poezjaiewangelia.pl\/index.php?rest_route=\/wp\/v2\/types\/page"}],"author":[{"embeddable":true,"href":"https:\/\/poezjaiewangelia.pl\/index.php?rest_route=\/wp\/v2\/users\/1"}],"replies":[{"embeddable":true,"href":"https:\/\/poezjaiewangelia.pl\/index.php?rest_route=%2Fwp%2Fv2%2Fcomments&post=4410"}],"version-history":[{"count":11,"href":"https:\/\/poezjaiewangelia.pl\/index.php?rest_route=\/wp\/v2\/pages\/4410\/revisions"}],"predecessor-version":[{"id":10004,"href":"https:\/\/poezjaiewangelia.pl\/index.php?rest_route=\/wp\/v2\/pages\/4410\/revisions\/10004"}],"up":[{"embeddable":true,"href":"https:\/\/poezjaiewangelia.pl\/index.php?rest_route=\/wp\/v2\/pages\/128"}],"wp:attachment":[{"href":"https:\/\/poezjaiewangelia.pl\/index.php?rest_route=%2Fwp%2Fv2%2Fmedia&parent=4410"}],"curies":[{"name":"wp","href":"https:\/\/api.w.org\/{rel}","templated":true}]}}