{"id":4412,"date":"2018-10-27T23:34:29","date_gmt":"2018-10-27T23:34:29","guid":{"rendered":"https:\/\/poezjaiewangelia.pl\/?page_id=4412"},"modified":"2022-07-12T18:15:49","modified_gmt":"2022-07-12T17:15:49","slug":"wniebowstapienie-panskie-7-nw-rok-c","status":"publish","type":"page","link":"https:\/\/poezjaiewangelia.pl\/?page_id=4412","title":{"rendered":"7 NW &#8211; Wniebowst\u0105pienie Pa\u0144skie rok C"},"content":{"rendered":"\n<p><span style=\"color: #1e73be;\"><a style=\"color: #1e73be;\" href=\"https:\/\/poezjaiewangelia.pl\/?page_id=59#S59\">Powr\u00f3t do Wielkanoc<\/a> &nbsp;<\/span><a id=\"NW7C\"><\/a><span style=\"color: #1e73be;\"><a style=\"color: #1e73be;\" href=\"https:\/\/poezjaiewangelia.pl\/?page_id=128#S128\"> Niedziele Wielkanocne rok C,<\/a>&nbsp; <\/span><a id=\"Gora\"><\/a><span style=\"color: #1e73be;\"> &nbsp;<a style=\"color: #1e73be;\" href=\"https:\/\/poezjaiewangelia.pl\/?page_id=703#S703\">Powr\u00f3t do Linki<\/a><\/span><\/p>\n\n\n<div class=\"wp-block-image\">\n<figure class=\"alignright size-large\"><img loading=\"lazy\" decoding=\"async\" width=\"150\" height=\"150\" src=\"https:\/\/poezjaiewangelia.pl\/wp-content\/uploads\/2018\/10\/R\u00f3\u017ca-bia\u0142a-e1592148272533.png\" alt=\"Kolor szat\" class=\"wp-image-4591\"\/><figcaption>Kolor szat<\/figcaption><\/figure>\n<\/div>\n\n<div class=\"wp-block-image\">\n<figure class=\"alignleft size-large\"><a href=\"https:\/\/www.wga.hu\/frames-e.html?\/html\/r\/robbia\/luca\/duomo\/6duomo.html\" target=\"_blank\" rel=\"noopener noreferrer\"><img loading=\"lazy\" decoding=\"async\" width=\"101\" height=\"100\" src=\"https:\/\/poezjaiewangelia.pl\/wp-content\/uploads\/2015\/12\/Luca-della-Robbia-Ascension-of-Christ1.jpg\" alt=\"Luca della Robbia Wniebowst\u0105pienie\" class=\"wp-image-411\" title=\"Luca della Robbia Wniebowst\u0105pienie\"\/><\/a><\/figure>\n<\/div>\n\n\n<hr class=\"wp-block-separator has-text-color has-luminous-vivid-amber-color has-css-opacity has-luminous-vivid-amber-background-color has-background is-style-dots\"\/>\n\n\n\n<p><strong>Ewangelia: \u0141k 24, 46 \u2013 53;<\/strong><\/p>\n\n\n\n<h2 class=\"wp-block-heading\"><strong><span style=\"color:#3366ff\" class=\"has-inline-color\">S\u0141OWO BO\u017bE<\/span><\/strong><\/h2>\n\n\n\n<p><strong>Ostatnie pouczenia<\/strong><\/p>\n<p><span style=\"color: #993300;\"><strong>46 i rzek\u0142 do nich: \u00abTak jest napisane: Mesjasz b\u0119dzie cierpia\u0142 i trzeciego dnia zmartwychwstanie,<\/strong><\/span><br><span style=\"color: #993300;\"><strong>47 w imi\u0119 Jego g\u0142oszone b\u0119dzie nawr\u00f3cenie i odpuszczenie grzech\u00f3w wszystkim narodom, pocz\u0105wszy od Jerozolimy.<\/strong><\/span><br>48 Wy jeste\u015bcie \u015bwiadkami tego.<br>49 Oto Ja ze\u015bl\u0119 na was obietnic\u0119 mojego Ojca. Wy za\u015b pozosta\u0144cie w mie\u015bcie, a\u017c b\u0119dziecie przyobleczeni moc\u0105 z wysoka\u00bb.<\/p>\n<p><strong>Wniebowst\u0105pienie<\/strong><\/p>\n<p>50 Potem wyprowadzi\u0142 ich ku Betanii i podni\u00f3s\u0142szy r\u0119ce b\u0142ogos\u0142awi\u0142 ich.<br>51 A kiedy ich b\u0142ogos\u0142awi\u0142, rozsta\u0142 si\u0119 z nimi i zosta\u0142 uniesiony do nieba.<\/p>\n<p><strong>Zako\u0144czenie<\/strong><\/p>\n<p>52 Oni za\u015b oddali Mu pok\u0142on i z wielk\u0105 rado\u015bci\u0105 wr\u00f3cili do Jerozolimy,<br>53 gdzie stale przebywali w \u015bwi\u0105tyni, b\u0142ogos\u0142awi\u0105c Boga.<\/p>\n\n\n\n<h2 class=\"wp-block-heading\"><strong><span style=\"color:#3366ff\" class=\"has-inline-color\">REFLEKSJA<\/span><\/strong><\/h2>\n\n\n\n<p><strong>Wac\u0142aw Oszajca<\/strong><\/p>\n\n\n\n<p><em><strong>skowyt<\/strong><\/em><\/p>\n\n\n<div class=\"wp-block-image\">\n<figure class=\"alignright size-large is-resized\"><a href=\"https:\/\/www.wga.hu\/framex-e.html?file=html\/a\/andrea\/vanni\/ascensio.html&amp;find=Ascension+of+Christ\" target=\"_blank\" rel=\"noopener noreferrer\"><img loading=\"lazy\" decoding=\"async\" src=\"https:\/\/poezjaiewangelia.pl\/wp-content\/uploads\/2015\/11\/c5b9dba105957c95ac01be018a9b1751-e1457179457233.jpg\" alt=\"Andrea di Vanni d'Andrea Wniebowst\u0105pienie\" class=\"wp-image-2328\" width=\"268\" height=\"639\" title=\"Andrea di Vanni d'Andrea Wniebowst\u0105pienie\"\/><\/a><figcaption><center><em>Andrea di Vanni d&#8217;Andrea Wniebowst\u0105pienie<\/em><\/center><\/figcaption><\/figure>\n<\/div>\n\n\n<p>nie ciebie nie ma<br>wi\u0119c zr\u00f3b co\u015b rusz si\u0119<br>robert got\u00f3w podpisa\u0107 cyrograf z diab\u0142em<br>byleby dosi\u0105\u015b\u0107<br>wybacz<br>nie chodzi o uczucia wy\u017csze<br>bo nie ma czasu<br>za pi\u0119\u0107 lat g\u00f3ra<br>umrze<br>on chcia\u0142by cho\u0107by raz jeden<br>dosi\u0105\u015b\u0107 baby<br>nie kobiety<br>bro\u0144 bo\u017ce feministki<br>ale najlepiej tej spod latarni<br>rafa\u0142 chcia\u0142by delikatniej<br>romantyczniej<br>po mickiewiczowsku<\/p>\n\n\n\n<p>w maciejkach<br>ale ju\u017c<br>zaraz<br>i<br>ja mam im m\u00f3wi\u0107 o bogu<br>jak u augustyna<br>czyli o duszy nie\u015bmiertelnej<br>jak u ratzingera<br>gdzie krew ma kolor zielony<br>a tymczasem<br>zmierzch<br>i po p\u00f3\u0142nocy<br>w najlepszym przypadku<br>lekko mokra pid\u017cama<\/p>\n\n\n\n<p><strong>\u00abodwr\u00f3cona perspektywa\u00bb, Warszawa 2009, str. 30<\/strong><\/p>\n\n\n\n<p><strong>Jan Twardowski<\/strong><\/p>\n\n\n\n<p><em><strong>Wo\u0142anie<\/strong><\/em><\/p>\n\n\n\n<p>Bli\u017cszy od regu\u0142 \u017cycia wewn\u0119trznego<br>przepis\u00f3w na zbawienie<br>odwrotna strono rozpaczy<br>\u015bwiec\u0105cy nawet niewierz\u0105cym jak ogromne cia\u0142o dobroci<br>ile razy kl\u0119kam przed Tob\u0105 boja\u017aliwy i spokojny<br>z wszystkimi dowodami na istnienie Boga w torbie m\u00f3zgu<br>i spuszczonym pyskiem sumienia<br>prosz\u0105c<br>aby\u015b mnie nauczy\u0142<br>cierpienia bez pyta\u0144<\/p>\n\n\n\n<p><em><strong>\u00abnie przyszed\u0142em pana nawraca\u0107\u00bb, Warszawa 1986, str. 114<\/strong><\/em><\/p>\n\n\n\n<p style=\"text-align: center;\"><span style=\"color: #1e73be;\"><a style=\"color: #1e73be;\" href=\"https:\/\/poezjaiewangelia.pl\/?page_id=4412#Gora\">Do g\u00f3ry<\/a><\/span><\/p>\n","protected":false},"excerpt":{"rendered":"<p>Powr\u00f3t do Wielkanoc &nbsp; Niedziele Wielkanocne rok C,&nbsp; &nbsp;Powr\u00f3t do Linki Ewangelia: \u0141k 24, 46 \u2013 53; Ostatnie pouczenia 46 i rzek\u0142 do nich: \u00abTak jest napisane: Mesjasz b\u0119dzie cierpia\u0142 i trzeciego dnia zmartwychwstanie,47 w imi\u0119 Jego g\u0142oszone b\u0119dzie nawr\u00f3cenie i odpuszczenie grzech\u00f3w wszystkim narodom, pocz\u0105wszy od Jerozolimy.48 Wy jeste\u015bcie \u015bwiadkami tego.49 Oto Ja ze\u015bl\u0119 &hellip; <a href=\"https:\/\/poezjaiewangelia.pl\/?page_id=4412\" class=\"more-link\">Czytaj dalej <span class=\"screen-reader-text\">7 NW &#8211; Wniebowst\u0105pienie Pa\u0144skie rok C<\/span><\/a><\/p>\n","protected":false},"author":1,"featured_media":0,"parent":128,"menu_order":5,"comment_status":"closed","ping_status":"closed","template":"","meta":{"_monsterinsights_skip_tracking":false,"_monsterinsights_sitenote_active":false,"_monsterinsights_sitenote_note":"","_monsterinsights_sitenote_category":0,"footnotes":""},"class_list":["post-4412","page","type-page","status-publish","hentry"],"aioseo_notices":[],"_links":{"self":[{"href":"https:\/\/poezjaiewangelia.pl\/index.php?rest_route=\/wp\/v2\/pages\/4412","targetHints":{"allow":["GET"]}}],"collection":[{"href":"https:\/\/poezjaiewangelia.pl\/index.php?rest_route=\/wp\/v2\/pages"}],"about":[{"href":"https:\/\/poezjaiewangelia.pl\/index.php?rest_route=\/wp\/v2\/types\/page"}],"author":[{"embeddable":true,"href":"https:\/\/poezjaiewangelia.pl\/index.php?rest_route=\/wp\/v2\/users\/1"}],"replies":[{"embeddable":true,"href":"https:\/\/poezjaiewangelia.pl\/index.php?rest_route=%2Fwp%2Fv2%2Fcomments&post=4412"}],"version-history":[{"count":10,"href":"https:\/\/poezjaiewangelia.pl\/index.php?rest_route=\/wp\/v2\/pages\/4412\/revisions"}],"predecessor-version":[{"id":10005,"href":"https:\/\/poezjaiewangelia.pl\/index.php?rest_route=\/wp\/v2\/pages\/4412\/revisions\/10005"}],"up":[{"embeddable":true,"href":"https:\/\/poezjaiewangelia.pl\/index.php?rest_route=\/wp\/v2\/pages\/128"}],"wp:attachment":[{"href":"https:\/\/poezjaiewangelia.pl\/index.php?rest_route=%2Fwp%2Fv2%2Fmedia&parent=4412"}],"curies":[{"name":"wp","href":"https:\/\/api.w.org\/{rel}","templated":true}]}}