{"id":4774,"date":"2018-11-03T15:15:52","date_gmt":"2018-11-03T15:15:52","guid":{"rendered":"https:\/\/poezjaiewangelia.pl\/?page_id=4774"},"modified":"2022-07-12T18:22:30","modified_gmt":"2022-07-12T17:22:30","slug":"uroczystosc-sw-wojciecha-biskupa-i-meczennika-glownego-patrona-polski-23-04-rok-a-b-c","status":"publish","type":"page","link":"https:\/\/poezjaiewangelia.pl\/?page_id=4774","title":{"rendered":"Uroczysto\u015b\u0107 \u015aw. Wojciecha, biskupa i m\u0119czennika, g\u0142\u00f3wnego patrona Polski (23.04.) rok ABC;"},"content":{"rendered":"<div class=\"wp-block-image\">\n<figure class=\"alignright size-large\"><img loading=\"lazy\" decoding=\"async\" width=\"150\" height=\"150\" src=\"https:\/\/poezjaiewangelia.pl\/wp-content\/uploads\/2018\/11\/Czerwona-r\u00f3\u017ca2-e1592152757895.png\" alt=\"Czerwona r\u00f3\u017ca\" class=\"wp-image-4739\"\/><figcaption>Kolor szat<\/figcaption><\/figure>\n<\/div>\n\n\n<p><span style=\"color: #1e73be;\"><a style=\"color: #1e73be;\" href=\"https:\/\/poezjaiewangelia.pl\/?page_id=63#S63\">Powr\u00f3t do \u015awi\u0119ta,<\/a> <\/span><a id=\"S4774\"><\/a><span style=\"color: #1e73be;\"><a style=\"color: #1e73be;\" href=\"https:\/\/poezjaiewangelia.pl\/?page_id=138#S138\"> Uroczysto\u015bci i \u015bwi\u0119ta II \u2013 IV,<\/a>&nbsp; <\/span><a id=\"Gora\"><\/a><span style=\"color: #1e73be;\"><a style=\"color: #1e73be;\" href=\"https:\/\/poezjaiewangelia.pl\/?page_id=703#S703\">Powr\u00f3t do Linki<\/a><\/span><\/p>\n\n\n<div class=\"wp-block-image\">\n<figure class=\"alignleft size-large\"><a href=\"https:\/\/commons.wikimedia.org\/wiki\/File:Sacredheart.svg?uselang=pl\" target=\"_blank\" rel=\"noopener noreferrer\"><img loading=\"lazy\" decoding=\"async\" width=\"100\" height=\"112\" src=\"https:\/\/poezjaiewangelia.pl\/wp-content\/uploads\/2015\/12\/Najswietsze-Serce2.jpg\" alt=\"Najswi\u0119tsze-Serce\" class=\"wp-image-427\" title=\"Najswi\u0119tsze-Serce\"\/><\/a><\/figure>\n<\/div>\n\n\n<hr class=\"wp-block-separator has-text-color has-luminous-vivid-amber-color has-css-opacity has-luminous-vivid-amber-background-color has-background is-style-dots\"\/>\n\n\n\n<p><strong>Ewangelia: J 12, 24 \u2013 26;<\/strong><\/p>\n\n\n\n<h2 class=\"wp-block-heading\"><strong><span class=\"has-inline-color has-luminous-vivid-orange-color\">S\u0141OWO BO\u017bE<\/span><\/strong><\/h2>\n\n\n<div class=\"wp-block-image\">\n<figure class=\"alignleft size-large is-resized\"><a href=\"https:\/\/pl.wikipedia.org\/w\/index.php?title=Plik:Szt-adalbert.jpg&amp;filetimestamp=20050924212340\" target=\"_blank\" rel=\"noopener noreferrer\"><img loading=\"lazy\" decoding=\"async\" src=\"https:\/\/poezjaiewangelia.pl\/wp-content\/uploads\/2015\/11\/4f486a9557de6203161c6027654552d3-e1462033572631.jpg\" alt=\"Kov\u00e1cs Mih\u00e1ly \u015aw. Wojciech\" class=\"wp-image-2250\" width=\"265\" height=\"349\"\/><\/a><figcaption><center><em>Kov\u00e1cs Mih\u00e1ly \u015aw. Wojciech<\/em><\/center><\/figcaption><\/figure>\n<\/div>\n\n\n<p>\u00a0<\/p>\n<p>\u00a0<\/p>\n<p><strong>Godzina Syna Cz\u0142owieczego<\/strong><\/p>\n<p><span style=\"color: #993300;\"><strong>24 Zaprawd\u0119, zaprawd\u0119, powiadam wam: Je\u017celi ziarno pszenicy wpad\u0142szy w ziemi\u0119 nie obumrze, zostanie tylko samo, ale je\u017celi obumrze, przynosi plon obfity.<\/strong><\/span><br \/>25 Ten, kto kocha swoje \u017cycie, traci je, a kto nienawidzi swego \u017cycia na tym \u015bwiecie, zachowa je na \u017cycie wieczne.<br \/>26 A kto by chcia\u0142 Mi s\u0142u\u017cy\u0107, niech idzie za Mn\u0105, a gdzie Ja jestem, tam b\u0119dzie i m\u00f3j s\u0142uga. A je\u015bli kto\u015b Mi s\u0142u\u017cy, uczci go m\u00f3j Ojciec.<\/p>\n\n\n\n<h2 class=\"wp-block-heading\"><strong><span class=\"has-inline-color has-luminous-vivid-orange-color\">REFLEKSJA<\/span><\/strong><\/h2>\n\n\n\n<p><strong>Wiktor Gomulicki<\/strong><\/p>\n\n\n\n<p><em><strong>Modlitwa<\/strong><\/em><\/p>\n\n\n\n<p>Na \u015bwiecie tak strasznie, na \u015bwiecie tak czarno,<br>W m\u0119czarniach ludzko\u015b\u0107 si\u0119 wije,<br>Bezp\u0142odnie zamiera i s\u0142owo, i ziarno,<br>A w m\u00f3zgach l\u0119gn\u0105 si\u0119 \u017cmije\u2026<\/p>\n\n\n\n<p>Ty ziarnom daj plenno\u015b\u0107, Ty skrzyd\u0142a daj s\u0142owom,<br>Najlepszy Ojcze i Panie!<br>Niech jutrznia zab\u0142y\u015bnie i niechaj si\u0119 znowu<br>Powt\u00f3rzy Twe zmartwychwstanie!\u2026<\/p>\n\n\n\n<p><em><strong>\u00abZ g\u0142\u0119boko\u015bci\u2026Antologia polskiej modlitwy poetyckiej\u00bb, T . I, Warszawa 1974, str. 460<\/strong><\/em><\/p>\n\n\n\n<p><strong>Boles\u0142aw Taborski<\/strong><\/p>\n\n\n\n<p><em><strong>Drzwi Gnie\u017anie\u0144skie (fragment)<\/strong><\/em><\/p>\n\n\n\n<p><em><strong>XIV. ZAB\u00d3JSTWO<\/strong><\/em><\/p>\n\n\n\n<p>w strachu czeka\u0142a wiara<br>na dokonanie chytrego planu<br>bo\u017ca g\u0142owa bo\u017cy cios bo\u017cy<br>\u201enie wiedz\u0105 co czyni\u0105\u201d<br>narz\u0119dziami s\u0105 boskiej przemocy<\/p>\n\n\n\n<p>wczepi\u0142 si\u0119 B\u00f3g we w\u0142osy<br>pazurami swych trudnych zrz\u0105dze\u0144<br>okrakiem stan\u0105\u0142 na twej struchla\u0142o\u015bci<br>w\u0142\u00f3czni\u0119 wrazi\u0142 top\u00f3r wbi\u0142<br>w kamie\u0144 na schody swej odwiecznej chwa\u0142y<br>odwr\u00f3cili wyuczonym gestem<br>niewierne twarze wierni towarzysze<br>dyplomatyczny miecz w obronie<br>gest tresowanej pow\u015bci\u0105gliwo\u015bci<br>tysi\u0105cletnia taktyka s\u0142u\u017cek dw\u00f3ch \u015bwiat\u00f3w<br>ob\u0142uda wielkich s\u0142\u00f3w i ma\u0142ych dusz<\/p>\n\n\n\n<p>powalony<br>ma\u0142y<br>oniemia\u0142y<br>strachem<br>i wiar\u0105<br>giniesz<br>sam jeden<\/p>\n\n\n\n<p>wielki<\/p>\n\n\n\n<p><em><strong>\u00abIntencje serca\u00bb, Pozna\u0144 1985, str. 629<\/strong><\/em><\/p>\n\n\n\n<p><strong>Stefan Durzy\u0144ski<\/strong><\/p>\n\n\n\n<p><em><strong>Wojciechu!<\/strong><\/em><br><em><strong>Tw\u00f3j posiew w nas mn\u00f3\u017c!<\/strong><\/em><\/p>\n\n\n\n<p>Na \u015bwi\u0119tej wiary wyznanie<br>Wojciecha zaprasza nas gr\u00f3d:<br>Tu w Krzy\u017cu Polski zaranie<br>Zbawienia tu obj\u0105\u0142 nas cud!<\/p>\n\n\n\n<p>Relikwie \u015bwi\u0119te niesiemy:<br>\u201eM\u0119czennik ukocha\u0142 nasz lud!\u201d<br>Z nim w prawdzie ducha idziemy,<br>gdzie szcz\u0119\u015bcie jest wieczne bez, z\u0142ud!<\/p>\n\n\n\n<p>Z Chrystusa Cia\u0142em \u2014 Ko\u015bcio\u0142em<br>Wojciecha za\u015blubia nas krew \u2014<br>i brata nar\u00f3d pospo\u0142em<br>ku niebu!\u2026 Wojciecha to zew!<\/p>\n\n\n\n<p>\u201eBo\u017cymi dzie\u0107mi jeste\u015bcie!\u201d<br>\u2014 Pasterza raduje nas g\u0142os \u2014<br>\u201eDo Ojca serce wi\u0119c wznie\u015bcie,<br>w kt\u00f3rego wszechmocy wasz los!\u201d<\/p>\n\n\n\n<p>Wie\u017cyce krzy\u017cem wie\u0144czymy,<br>w nas Wojciech zaszczepi\u0142 ten znak.<br>Nad wie\u017ce w krzy\u017cu \u2014 d\u0105\u017cymy,<br>nam Wojciech wytyczy\u0142 ten szlak.<\/p>\n\n\n<div class=\"wp-block-image \u015awi\u0119ty Wojciech z herbem - miniatura\">\n<figure class=\"alignright size-large is-resized\"><a href=\"https:\/\/pl.wikipedia.org\/w\/index.php?title=Plik:%C5%9Awi%C4%99ty_Wojciech.PNG&amp;filetimestamp=20070228103241\" target=\"_blank\" rel=\"noopener noreferrer\"><img loading=\"lazy\" decoding=\"async\" src=\"https:\/\/poezjaiewangelia.pl\/wp-content\/uploads\/2015\/11\/3f23e615bd053d38a7c7d958e3a21747-e1462032732611.jpg\" alt=\"\u015awi\u0119ty Wojciech z herbem - miniatura\" class=\"wp-image-2252\" width=\"370\" height=\"360\"\/><\/a><figcaption><center><em>\u015awi\u0119ty Wojciech z herbem &#8211; miniatura<\/em><\/center><\/figcaption><\/figure>\n<\/div>\n\n\n<p>Za wie\u0142k\u0105 cen\u0119 kupieni,<br>t\u0105 cen\u0105 Chrystusa jest Krzy\u017c,<br>Krwi\u0105 Bo\u017cej M\u0119ki ochrzczeni,<br>co Bo\u017ce szukamy \u2014 co wzwy\u017c!<\/p>\n\n\n\n<p>Konfesj\u0105 \u017cyw\u0105 by\u0107 chcemy,<br>wynios\u0142\u0105 nad ziemi\u0119, nad czas,<br>w Chrystusie j\u0105 budujemy:<br>Duch Bo\u017cy Wojciecha trwa w nas!<\/p>\n\n\n\n<p>Do Polski Ciebie wys\u0142a\u0142a \u2014<br>na wiary siejb\u0119 i plon \u2014<br>Opatrzno\u015b\u0107\u2026 w Polsce mie\u0107 chcia\u0142a<br>Maryi Kr\u00f3lestwo i Tron<\/p>\n\n\n\n<p>Maryi, Boga-Rodzicy<br>Imienia i ber\u0142a nas ucz!<br>W Maryi mo\u017cnej prawicy<br>przeznacze\u0144 narodu jest klucz!<\/p>\n\n\n\n<p><em><strong>\u00abIntencje serca\u00bb, Pozna\u0144 1985, str.&nbsp; 627<\/strong><\/em><\/p>\n\n\n\n<p class=\"has-text-align-center\"><a href=\"https:\/\/poezjaiewangelia.pl\/?page_id=4774#Gora\"><span style=\"color:#1e73be\" class=\"has-inline-color\">Do g\u00f3ry<\/span><\/a><\/p>\n","protected":false},"excerpt":{"rendered":"<p>Powr\u00f3t do \u015awi\u0119ta, Uroczysto\u015bci i \u015bwi\u0119ta II \u2013 IV,&nbsp; Powr\u00f3t do Linki Ewangelia: J 12, 24 \u2013 26; \u00a0 \u00a0 Godzina Syna Cz\u0142owieczego 24 Zaprawd\u0119, zaprawd\u0119, powiadam wam: Je\u017celi ziarno pszenicy wpad\u0142szy w ziemi\u0119 nie obumrze, zostanie tylko samo, ale je\u017celi obumrze, przynosi plon obfity.25 Ten, kto kocha swoje \u017cycie, traci je, a kto nienawidzi &hellip; <a href=\"https:\/\/poezjaiewangelia.pl\/?page_id=4774\" class=\"more-link\">Czytaj dalej <span class=\"screen-reader-text\">Uroczysto\u015b\u0107 \u015aw. Wojciecha, biskupa i m\u0119czennika, g\u0142\u00f3wnego patrona Polski (23.04.) rok ABC;<\/span><\/a><\/p>\n","protected":false},"author":1,"featured_media":0,"parent":138,"menu_order":4,"comment_status":"closed","ping_status":"closed","template":"","meta":{"_monsterinsights_skip_tracking":false,"_monsterinsights_sitenote_active":false,"_monsterinsights_sitenote_note":"","_monsterinsights_sitenote_category":0,"footnotes":""},"class_list":["post-4774","page","type-page","status-publish","hentry"],"aioseo_notices":[],"_links":{"self":[{"href":"https:\/\/poezjaiewangelia.pl\/index.php?rest_route=\/wp\/v2\/pages\/4774","targetHints":{"allow":["GET"]}}],"collection":[{"href":"https:\/\/poezjaiewangelia.pl\/index.php?rest_route=\/wp\/v2\/pages"}],"about":[{"href":"https:\/\/poezjaiewangelia.pl\/index.php?rest_route=\/wp\/v2\/types\/page"}],"author":[{"embeddable":true,"href":"https:\/\/poezjaiewangelia.pl\/index.php?rest_route=\/wp\/v2\/users\/1"}],"replies":[{"embeddable":true,"href":"https:\/\/poezjaiewangelia.pl\/index.php?rest_route=%2Fwp%2Fv2%2Fcomments&post=4774"}],"version-history":[{"count":19,"href":"https:\/\/poezjaiewangelia.pl\/index.php?rest_route=\/wp\/v2\/pages\/4774\/revisions"}],"predecessor-version":[{"id":10010,"href":"https:\/\/poezjaiewangelia.pl\/index.php?rest_route=\/wp\/v2\/pages\/4774\/revisions\/10010"}],"up":[{"embeddable":true,"href":"https:\/\/poezjaiewangelia.pl\/index.php?rest_route=\/wp\/v2\/pages\/138"}],"wp:attachment":[{"href":"https:\/\/poezjaiewangelia.pl\/index.php?rest_route=%2Fwp%2Fv2%2Fmedia&parent=4774"}],"curies":[{"name":"wp","href":"https:\/\/api.w.org\/{rel}","templated":true}]}}