{"id":4779,"date":"2018-11-03T16:22:40","date_gmt":"2018-11-03T16:22:40","guid":{"rendered":"https:\/\/poezjaiewangelia.pl\/?page_id=4779"},"modified":"2021-07-26T12:48:46","modified_gmt":"2021-07-26T11:48:46","slug":"uroczystosci-i-swieta-ruchome-v-vi","status":"publish","type":"page","link":"https:\/\/poezjaiewangelia.pl\/?page_id=4779","title":{"rendered":"Uroczysto\u015bci i \u015bwi\u0119ta ruchome V \u2013 VI"},"content":{"rendered":"\n<p><span style=\"color: #ffff00;\">i<a id=\"S4779\"><\/a><\/span><\/p>\n\n\n\n<div class=\"wp-block-columns is-layout-flex wp-container-core-columns-is-layout-9d6595d7 wp-block-columns-is-layout-flex\">\n<div class=\"wp-block-column is-layout-flow wp-block-column-is-layout-flow\">\n<div class=\"wp-block-image\"><figure class=\"alignright size-large is-resized\"><a href=\"https:\/\/en.wikipedia.org\/wiki\/File:Sacred-heart-of-jesus-ibarraran.jpg\" target=\"_blank\" rel=\"noopener noreferrer\"><img loading=\"lazy\" decoding=\"async\" src=\"https:\/\/poezjaiewangelia.pl\/wp-content\/uploads\/2018\/11\/Jose-Maria-Ibarraran-y-Ponce-Serce-Jezusa.jpg\" alt=\"Jose Maria Ibarraran y Ponce Serce Jezusa\" class=\"wp-image-4783\" width=\"337\" height=\"497\" title=\"Jose Maria Ibarraran y Ponce Serce Jezusa\"\/><\/a><figcaption><center><em>Jose Maria Ibarraran y Ponce Serce Jezusa<\/em><\/center><\/figcaption><\/figure><\/div>\n\n\n\n<p><\/p>\n<\/div>\n\n\n\n<div class=\"wp-block-column is-layout-flow wp-block-column-is-layout-flow\">\n<figure class=\"wp-block-image size-large\"><img loading=\"lazy\" decoding=\"async\" width=\"165\" height=\"165\" src=\"https:\/\/poezjaiewangelia.pl\/wp-content\/uploads\/2020\/04\/R\u00f3\u017ca-p.png\" alt=\"R\u00f3\u017ca\" class=\"wp-image-7046\" srcset=\"https:\/\/poezjaiewangelia.pl\/wp-content\/uploads\/2020\/04\/R\u00f3\u017ca-p.png 165w, https:\/\/poezjaiewangelia.pl\/wp-content\/uploads\/2020\/04\/R\u00f3\u017ca-p-150x150.png 150w, https:\/\/poezjaiewangelia.pl\/wp-content\/uploads\/2020\/04\/R\u00f3\u017ca-p-100x100.png 100w\" sizes=\"auto, (max-width: 165px) 100vw, 165px\" \/><\/figure>\n\n\n\n<p><span style=\"color: #1e73be;\"><a style=\"color: #1e73be;\" href=\"https:\/\/poezjaiewangelia.pl\/?page_id=4790#S4790\">\u015awi\u0119to NMP Matki Ko\u015bcio\u0142a rok ABC;\u00a0<\/a><\/span><\/p>\n<p><span style=\"color: #1e73be;\"><a style=\"color: #1e73be;\" href=\"https:\/\/poezjaiewangelia.pl\/?page_id=5559#S5559\">\u015awi\u0119to Chrystusa Najwy\u017cszego i Wiecznego Kap\u0142ana rok A, B, C;<\/a><\/span><\/p>\n<p><span style=\"color: #1e73be;\"><a style=\"color: #1e73be;\" href=\"https:\/\/poezjaiewangelia.pl\/?page_id=4796#S4796\">Uroczysto\u015b\u0107 Naj\u015bwi\u0119tszej Tr\u00f3jcy rok A, B, C;<\/a><\/span><\/p>\n<p><span style=\"color: #1e73be;\"><a style=\"color: #1e73be;\" href=\"https:\/\/poezjaiewangelia.pl\/?page_id=4810#S4810\">Uroczysto\u015b\u0107 Bo\u017cego Cia\u0142a rok A, B, C;<\/a><\/span><\/p>\n<p><span style=\"color: #1e73be;\"><a style=\"color: #1e73be;\" href=\"https:\/\/poezjaiewangelia.pl\/?page_id=4817#S4817\">Uroczysto\u015b\u0107 Serca P. Jezusa rok A, B, C;<\/a><\/span><\/p>\n<p>\u00a0<\/p>\n<p><span style=\"color: #1e73be;\"><a style=\"color: #1e73be;\" href=\"https:\/\/poezjaiewangelia.pl\/?page_id=63#S63\">Powr\u00f3t do \u015awi\u0119ta<\/a>\u00a0\u00a0\u00a0\u00a0<\/span><a href=\"https:\/\/poezjaiewangelia.pl\/?page_id=703#S703\"><span style=\"color: #1e73be;\">Powr\u00f3t do Linki<\/span><\/a><\/p>\n<\/div>\n<\/div>\n\n\n\n<figure class=\"wp-block-image size-full\"><a href=\"https:\/\/www.wga.hu\/html\/a\/angelico\/00\/11fieso1.html\" target=\"_blank\" rel=\"noopener\"><img loading=\"lazy\" decoding=\"async\" width=\"2410\" height=\"350\" src=\"https:\/\/poezjaiewangelia.pl\/wp-content\/uploads\/2018\/11\/Fra-Angelico-Predella-w-o\u0142tarzu-San-Domenico-w-Fiesole.jpg\" alt=\"Fra Angelico Predella w o\u0142tarzu San Domenico w Fiesole\" class=\"wp-image-5546\"\/><\/a><figcaption>Fra Angelico <em>Predella w o\u0142tarzu San Domenico w Fiesole<\/em><\/figcaption><\/figure>\n","protected":false},"excerpt":{"rendered":"<p>i \u015awi\u0119to NMP Matki Ko\u015bcio\u0142a rok ABC;\u00a0 \u015awi\u0119to Chrystusa Najwy\u017cszego i Wiecznego Kap\u0142ana rok A, B, C; Uroczysto\u015b\u0107 Naj\u015bwi\u0119tszej Tr\u00f3jcy rok A, B, C; Uroczysto\u015b\u0107 Bo\u017cego Cia\u0142a rok A, B, C; Uroczysto\u015b\u0107 Serca P. Jezusa rok A, B, C; \u00a0 Powr\u00f3t do \u015awi\u0119ta\u00a0\u00a0\u00a0\u00a0Powr\u00f3t do Linki<\/p>\n","protected":false},"author":1,"featured_media":0,"parent":63,"menu_order":3,"comment_status":"closed","ping_status":"closed","template":"","meta":{"_monsterinsights_skip_tracking":false,"_monsterinsights_sitenote_active":false,"_monsterinsights_sitenote_note":"","_monsterinsights_sitenote_category":0,"footnotes":""},"class_list":["post-4779","page","type-page","status-publish","hentry"],"aioseo_notices":[],"_links":{"self":[{"href":"https:\/\/poezjaiewangelia.pl\/index.php?rest_route=\/wp\/v2\/pages\/4779","targetHints":{"allow":["GET"]}}],"collection":[{"href":"https:\/\/poezjaiewangelia.pl\/index.php?rest_route=\/wp\/v2\/pages"}],"about":[{"href":"https:\/\/poezjaiewangelia.pl\/index.php?rest_route=\/wp\/v2\/types\/page"}],"author":[{"embeddable":true,"href":"https:\/\/poezjaiewangelia.pl\/index.php?rest_route=\/wp\/v2\/users\/1"}],"replies":[{"embeddable":true,"href":"https:\/\/poezjaiewangelia.pl\/index.php?rest_route=%2Fwp%2Fv2%2Fcomments&post=4779"}],"version-history":[{"count":19,"href":"https:\/\/poezjaiewangelia.pl\/index.php?rest_route=\/wp\/v2\/pages\/4779\/revisions"}],"predecessor-version":[{"id":9564,"href":"https:\/\/poezjaiewangelia.pl\/index.php?rest_route=\/wp\/v2\/pages\/4779\/revisions\/9564"}],"up":[{"embeddable":true,"href":"https:\/\/poezjaiewangelia.pl\/index.php?rest_route=\/wp\/v2\/pages\/63"}],"wp:attachment":[{"href":"https:\/\/poezjaiewangelia.pl\/index.php?rest_route=%2Fwp%2Fv2%2Fmedia&parent=4779"}],"curies":[{"name":"wp","href":"https:\/\/api.w.org\/{rel}","templated":true}]}}