{"id":4790,"date":"2018-11-04T10:27:17","date_gmt":"2018-11-04T09:27:17","guid":{"rendered":"https:\/\/poezjaiewangelia.pl\/?page_id=4790"},"modified":"2022-07-18T17:49:59","modified_gmt":"2022-07-18T16:49:59","slug":"swieto-nmp-matki-kosciola-poniedz-po-zeslaniu-ducha-sw-rok-a-b-c","status":"publish","type":"page","link":"https:\/\/poezjaiewangelia.pl\/?page_id=4790","title":{"rendered":"\u015awi\u0119to NMP Matki Ko\u015bcio\u0142a (poniedzia\u0142ek po Zes\u0142aniu Ducha \u015aw.) rok ABC;"},"content":{"rendered":"<div class=\"wp-block-image\">\n<figure class=\"alignright size-large\"><img loading=\"lazy\" decoding=\"async\" width=\"150\" height=\"150\" src=\"https:\/\/poezjaiewangelia.pl\/wp-content\/uploads\/2018\/10\/R\u00f3\u017ca-bia\u0142a-e1592148272533.png\" alt=\"Kolor szat\" class=\"wp-image-4591\"\/><figcaption>Kolor szat<\/figcaption><\/figure>\n<\/div>\n\n\n<p><span style=\"color: #1e73be;\"><a style=\"color: #1e73be;\" href=\"https:\/\/poezjaiewangelia.pl\/?page_id=63#S63\">Powr\u00f3t do \u015awi\u0119ta,<\/a>&nbsp;&nbsp;<\/span><a id=\"S4790\"><\/a><span style=\"color: #1e73be;\">&nbsp; <a style=\"color: #1e73be;\" href=\"https:\/\/poezjaiewangelia.pl\/?page_id=4779#S4779\">Uroczysto\u015bci i \u015bwi\u0119ta ruchome V \u2013 VI<\/a>, <\/span><a id=\"Gora\"><\/a><span style=\"color: #1e73be;\">&nbsp;&nbsp;<a style=\"color: #1e73be;\" href=\"https:\/\/poezjaiewangelia.pl\/?page_id=703#S703\">Powr\u00f3t do Linki<\/a><\/span><\/p>\n\n\n<div class=\"wp-block-image\">\n<figure class=\"alignleft size-full\"><a href=\"http:\/\/www.strag.art.pl\/images\/ikony\/\" target=\"_blank\" rel=\"noopener noreferrer\"><img loading=\"lazy\" decoding=\"async\" width=\"100\" height=\"130\" src=\"https:\/\/poezjaiewangelia.pl\/wp-content\/uploads\/2022\/06\/Kiko-Arguello-Madonna.jpg\" alt=\"\" class=\"wp-image-9729\" title=\"Kiko Arg\u00fcello Madonna\"\/><\/a><\/figure>\n<\/div>\n\n\n<hr class=\"wp-block-separator has-text-color has-luminous-vivid-amber-color has-css-opacity has-luminous-vivid-amber-background-color has-background is-style-dots\"\/>\n\n\n\n<p><strong>Ewangelia: J 2,1 \u2013 11; albo J 19,25 \u2013 27; albo \u0141k 1,26 \u2013 38;<\/strong><\/p>\n\n\n\n<p><\/p>\n\n\n\n<h2 class=\"wp-block-heading\"><strong><span class=\"has-inline-color has-luminous-vivid-orange-color\">S\u0141OWO BO\u017bE<\/span><\/strong><\/h2>\n\n\n\n<h5><strong>J 2, 1 \u2013 11;<\/strong><\/h5>\n\n\n<div class=\"wp-block-image\">\n<figure class=\"alignright size-large is-resized\"><a href=\"https:\/\/www.wga.hu\/framex-e.html?file=html\/m\/master\/catholic\/catholi.html&amp;find=The+Marriage+at+Cana\" target=\"_blank\" rel=\"noopener noreferrer\"><img loading=\"lazy\" decoding=\"async\" src=\"https:\/\/poezjaiewangelia.pl\/wp-content\/uploads\/2015\/11\/Mistrz-z-Kastylii-Wesele-w-Kanie-e1457115008559.jpg\" alt=\"Mistrz z Kastylii Wesele w Kanie\" class=\"wp-image-2262\" width=\"340\" height=\"374\" title=\"Mistrz z Kastylii Wesele w Kanie\"\/><\/a><figcaption><center><em>Mistrz z Kastylii Wesele w Kanie<\/em><\/center><\/figcaption><\/figure>\n<\/div>\n\n\n<p><strong>Pierwszy znak w Kanie Galilejskiej<\/strong><\/p>\n<p>1 Trzeciego dnia odbywa\u0142o si\u0119 wesele w Kanie Galilejskiej i by\u0142a tam Matka Jezusa.<br>2 Zaproszono na to wesele tak\u017ce Jezusa i Jego uczni\u00f3w.<br><span style=\"color: #993300;\"><strong>3 A kiedy zabrak\u0142o wina, Matka Jezusa m\u00f3wi do Niego: \u00abNie maj\u0105 ju\u017c wina\u00bb.<\/strong><\/span><br><span style=\"color: #993300;\"><strong>4 Jezus Jej odpowiedzia\u0142: \u00abCzy\u017c to moja lub Twoja sprawa, Niewiasto?* Czy\u017c jeszcze nie nadesz\u0142a godzina moja*?\u00bb<\/strong><\/span><br><span style=\"color: #993300;\"><strong>5 Wtedy Matka Jego powiedzia\u0142a do s\u0142ug: \u00abZr\u00f3bcie wszystko, cokolwiek wam powie\u00bb*.<\/strong><\/span><br>6 Sta\u0142o za\u015b tam sze\u015b\u0107 st\u0105gwi kamiennych przeznaczonych do \u017cydowskich oczyszcze\u0144*, z kt\u00f3rych ka\u017cda mog\u0142a pomie\u015bci\u0107 dwie lub trzy miary.<br>7 Rzek\u0142 do nich Jezus: \u00abNape\u0142nijcie st\u0105gwie wod\u0105!\u00bb I nape\u0142nili je a\u017c po brzegi.<br>8 Potem do nich powiedzia\u0142: \u00abZaczerpnijcie teraz i zanie\u015bcie staro\u015bcie weselnemu!\u00bb Oni za\u015b zanie\u015bli.<br>9 A gdy starosta weselny skosztowa\u0142 wody, kt\u00f3ra sta\u0142a si\u0119 winem \u2013 nie wiedzia\u0142 bowiem, sk\u0105d ono pochodzi, ale s\u0142udzy, kt\u00f3rzy czerpali wod\u0119, wiedzieli \u2013 przywo\u0142a\u0142 pana m\u0142odego<br>10 i powiedzia\u0142 do niego: \u00abKa\u017cdy cz\u0142owiek stawia najpierw dobre wino, a gdy si\u0119 napij\u0105, w\u00f3wczas gorsze. Ty zachowa\u0142e\u015b dobre wino a\u017c do tej pory\u00bb.<br>11 Taki to pocz\u0105tek znak\u00f3w* uczyni\u0142 Jezus w Kanie Galilejskiej. Objawi\u0142 swoj\u0105 chwa\u0142\u0119 i uwierzyli w Niego Jego uczniowie<\/p>\n\n\n\n<h2 class=\"wp-block-heading\"><strong><span class=\"has-inline-color has-luminous-vivid-orange-color\">REFLEKSJA<\/span><\/strong><\/h2>\n\n\n\n<p><strong>Maria Imelda Kosmala<\/strong><\/p>\n\n\n\n<p><em><strong>O Matce Bo\u017cej inaczej<\/strong><\/em><\/p>\n\n\n\n<p>Nikt nigdy nie pisa\u0142 o zmarszczkach<br>Matki Bo\u017cej<br>o Jej w\u0142osach srebrzystych na skroniach<br>jak niteczki po\u015bwiaty w czas pe\u0142ni ksi\u0119\u017cyca<br>czy\u017cby ich nie mia\u0142a?<br>czy m\u00f3wi\u0107 nie wypada o bliznach mi\u0142o\u015bci<br>wielkiej bo zwyczajnej \u2014<\/p>\n\n\n\n<p>wszyscy wizjonerzy widzieli J\u0105 m\u0142od\u0105 i pi\u0119kn\u0105<br>tak pi\u0119kn\u0105 \u017ce j\u0119zyk im si\u0119 pl\u0105ta\u0142<br>w nieudolnym s\u0142owie<br>malarzom dr\u017ca\u0142y p\u0119dzle pod palcami<br>a Bernadetka wo\u0142a\u0142a w rozpaczy<br>to do Niej nie podobne!<\/p>\n\n\n\n<p>nikt nigdy nie pisze o Jej spracowanych r\u0119kach<br>o sp\u0119kanych od trudu d\u0142oniach<br>galilejskiej Gosposi<\/p>\n\n\n\n<p>Jej wizerunki nie rejestruj\u0105<br>\u017cadnej zmarszczki trudu czy zak\u0142opotania<br>jakby nie musia\u0142a \u017cy\u0107 wiar\u0105 z chwili na chwil\u0119<br>jakby nic zna\u0142a bezradno\u015bci wobec tajemnicy<\/p>\n\n\n\n<p>czemu w litanii nie ma wezwania<br>Matko codzienna<br>Matko zwyczajnie nam podobna<\/p>\n\n\n\n<p>Matko spracowana<\/p>\n\n\n\n<p>Ukryta w cieniu mie\u015bciny<br>z kt\u00f3rej nie wysz\u0142o nic dobrego<\/p>\n\n\n\n<p>S\u0105 r\u00f3\u017ce duchowne Przedziwne naczynia<br>a tak by si\u0119 chcia\u0142o nada\u0107 Jej imi\u0119<\/p>\n\n\n\n<p>Matko zatroskana<br>Matko gospodarna<br>przepasana frtuchem<br>schylona nad \u017carnami<br>o d\u0142oniach oblepionych ciastem<br>zamiataj\u0105ca k\u0105ty ubogiego mieszkania<br>w poszukiwaniu zapodzianej drachmy<br>krzesz\u0105ca ogie\u0144<br>zapalaj\u0105ca oliw\u0119 w lampie<br>nios\u0105ca na g\u0142owie wod\u0119 ze studni odleg\u0142ej<\/p>\n\n\n\n<p>Matko licz\u0105ca po wyp\u0142acie<br>ubogi zarobek J\u00f3zefa<br>p\u0142acz\u0105ca za zgubionym Synem<\/p>\n\n\n\n<p>wolimy legend\u0119<br>czemu z Twego \u017cycia usuwamy \u015bwi\u0119t\u0105 szaro\u015b\u0107<br>poezj\u0119 fakt\u00f3w<br>wszystko co Ci\u0119 czyni nam podobn\u0105<br>stawiamy Twoje stopy na sierpie ksi\u0119\u017cyca<br>jakby\u015b by\u0142a bardziej kosmiczna ni\u017c ziemska<\/p>\n\n\n\n<p>dalekie gwiazdy ta\u0144cz\u0105 wok\u00f3\u0142 Twojej g\u0142owy<\/p>\n\n\n\n<p>Panno najwierniejsza w kr\u00f3lestwie codzienno\u015bci<\/p>\n\n\n\n<p>pi\u0119kna jak jedna chwila zanurzona w Bogu<br>Matko ubogich<\/p>\n\n\n\n<p><em><strong>\u00abKu twarzy w\u0119druj\u0119\u00bb, Warszawa 1997, str. 149<\/strong><\/em><\/p>\n\n\n\n<p><strong>Mariusz Berny\u015b<\/strong><\/p>\n\n\n\n<p><em><strong>Jak w Kanie<\/strong><\/em><\/p>\n\n\n\n<p>B\u00f3g Ojciec milczy, cho\u0107 z mi\u0142o\u015bci\u0105 patrzy<br>chocia\u017c Ci\u0119 pos\u0142a\u0142 \u2013 jedynego Syna<br>ka\u017ce Ci czeka\u0107 na w\u0142a\u015bciwy moment,<br>bo jeszcze nie nadesz\u0142a Twa godzina<\/p>\n\n\n\n<p>ale m\u00f3j, Panie, pospiesz mi z pomoc\u0105<br>ja wiem, jak bardzo kochasz mnie w ukryciu<br>bez Twojej mocnej r\u0119ki nic nie zrobi\u0119<br>bez Ciebie, Panie, to nic po tym \u017cyciu<\/p>\n\n\n\n<p>ja wiem, \u017ce w oczach Boga czas jest inny<br>ale jak teraz zwyci\u0119\u017cy\u0107 niepok\u00f3j<br>bez Twego cudu nie umiem p\u00f3j\u015b\u0107 dalej<br>i sam nie zrobi\u0119 w \u017cyciu ani kroku<\/p>\n\n\n\n<p>sp\u00f3jrz, jak Maryja za mn\u0105 si\u0119 wstawia<br>\u017ceby\u015b jak w Kanie zn\u00f3w uczyni\u0142 znak<br>czy Ojciec mo\u017ce odpowiedzie\u0107 \u201cnie\u201d<br>Tej, kt\u00f3ra powiedzia\u0142a Jemu \u201ctak\u201d<\/p>\n\n\n\n<p><em><strong>\u00abwiersze o Mi\u0142o\u015bci i powo\u0142aniu\u00bb, Z\u0105bki 2014, str. 97<\/strong><\/em><\/p>\n\n\n\n<div class=\"wp-block-columns is-layout-flex wp-container-core-columns-is-layout-9d6595d7 wp-block-columns-is-layout-flex\">\n<div class=\"wp-block-column is-layout-flow wp-block-column-is-layout-flow\"><div class=\"wp-block-image\">\n<figure class=\"aligncenter is-resized\"><img loading=\"lazy\" decoding=\"async\" src=\"https:\/\/poezjaiewangelia.pl\/wp-content\/uploads\/2022\/06\/Gustave-Dore-Wesele-w-Kanie.jpg\" alt=\"\" class=\"wp-image-9731\" width=\"308\" height=\"415\" srcset=\"https:\/\/poezjaiewangelia.pl\/wp-content\/uploads\/2022\/06\/Gustave-Dore-Wesele-w-Kanie.jpg 526w, https:\/\/poezjaiewangelia.pl\/wp-content\/uploads\/2022\/06\/Gustave-Dore-Wesele-w-Kanie-223x300.jpg 223w\" sizes=\"auto, (max-width: 308px) 100vw, 308px\" \/><\/figure>\n<\/div>\n\n\n<p class=\"has-text-align-center\">Gustave Dor\u00e9 <em>Wesele w Kanie<\/em><\/p>\n<\/div>\n\n\n\n<div class=\"wp-block-column is-layout-flow wp-block-column-is-layout-flow\">\n<hr class=\"wp-block-separator has-text-color has-luminous-vivid-amber-color has-css-opacity has-luminous-vivid-amber-background-color has-background is-style-dots\"\/>\n\n\n\n<hr class=\"wp-block-separator has-text-color has-luminous-vivid-amber-color has-css-opacity has-luminous-vivid-amber-background-color has-background is-style-dots\"\/>\n\n\n\n<p><strong>Jan Twardowski<\/strong><\/p>\n\n\n\n<p><em><strong>Powracamy<\/strong><\/em><\/p>\n\n\n\n<p>Z Matk\u0105 Bosk\u0105 jest tak<br>najpierw bliska najbli\u017csza<br>jak choinka op\u0142atek gwiazdka<br>mama, mamusia, matka<br>potem teologia t\u0142umaczy sercu<br>\u017ce Pan Jezus na pierwszym miejscu<br>lata biegn\u0105 samotno\u015b\u0107 wieczno\u015b\u0107<br>powracamy do Niej jak dziecko<\/p>\n\n\n\n<p><em><strong>\u00abNie przyszed\u0142em pana nawraca\u0107\u00bb, Pozna\u0144 2009, str. 458<\/strong><\/em><\/p>\n<\/div>\n<\/div>\n\n\n\n<h2 class=\"wp-block-heading\"><strong><span class=\"has-inline-color has-luminous-vivid-orange-color\">S\u0141OWO BO\u017bE<\/span><\/strong><\/h2>\n\n\n\n<h5><strong>J 19, 25 \u2013 27;<\/strong><\/h5>\n\n\n\n<p><strong>Testament z krzy\u017ca<\/strong><\/p>\n<p>25 A obok krzy\u017ca Jezusowego sta\u0142y: Matka Jego i siostra Matki Jego, Maria, \u017cona Kleofasa, i Maria Magdalena.<br><span style=\"color: #993300;\"><strong>26 Kiedy wi\u0119c Jezus ujrza\u0142 Matk\u0119 i stoj\u0105cego obok Niej ucznia, kt\u00f3rego mi\u0142owa\u0142, rzek\u0142 do Matki: \u00abNiewiasto, oto syn Tw\u00f3j\u00bb.<\/strong><\/span><br><span style=\"color: #993300;\"><strong>27 Nast\u0119pnie rzek\u0142 do ucznia: \u00abOto Matka twoja\u00bb. I od tej godziny ucze\u0144 wzi\u0105\u0142 J\u0105 do siebie.<\/strong><\/span><\/p>\n\n\n\n<h2 class=\"wp-block-heading\"><strong><span class=\"has-inline-color has-luminous-vivid-orange-color\">REFLEKSJA<\/span><\/strong><\/h2>\n\n\n\n<div class=\"wp-block-columns is-layout-flex wp-container-core-columns-is-layout-9d6595d7 wp-block-columns-is-layout-flex\">\n<div class=\"wp-block-column is-layout-flow wp-block-column-is-layout-flow\"><div class=\"wp-block-image\">\n<figure class=\"aligncenter size-large is-resized\"><a href=\"https:\/\/commons.wikimedia.org\/wiki\/File:Andrea_di_Bonaiuto._Crucifixion._1370-77_Pinacoteca_Vaticana.jpg\" target=\"_blank\" rel=\"noopener noreferrer\"><img loading=\"lazy\" decoding=\"async\" src=\"https:\/\/poezjaiewangelia.pl\/wp-content\/uploads\/2015\/11\/ab83a84e30c46240f7415be6064aedd1-e1462032903771.jpg\" alt=\"Andrea da Firenze Ukrzy\u017cowanie\" class=\"wp-image-2263\" width=\"300\" height=\"442\" title=\"Andrea da Firenze Ukrzy\u017cowanie\"\/><\/a><figcaption><center><em>Andrea da Firenze Ukrzy\u017cowanie<\/em><\/center><\/figcaption><\/figure>\n<\/div><\/div>\n\n\n\n<div class=\"wp-block-column is-layout-flow wp-block-column-is-layout-flow\">\n<hr class=\"wp-block-separator has-text-color has-luminous-vivid-amber-color has-css-opacity has-luminous-vivid-amber-background-color has-background is-style-dots\"\/>\n\n\n\n<p><strong>Jan Zieli\u0144ski<\/strong><\/p>\n\n\n\n<p><em><strong>Matka Ko\u015bcio\u0142a&nbsp;<\/strong><\/em><\/p>\n\n\n\n<p>Siostra Moj\u017cesza<br>Miriam<br>czuwaj\u0105ca nad ko\u0142ysk\u0105 brata<\/p>\n\n\n\n<p>Maryja<br>pochylona nad Ko\u015bcio\u0142em<br>p\u0142yn\u0105cym<br>rzek\u0105 czasu<\/p>\n\n\n\n<p><em><strong>\u201eWiersze podarowane\u201d, Warszawa 1994, str. 21<\/strong><\/em><\/p>\n<\/div>\n<\/div>\n\n\n\n<p><strong>Imelda Maria Kosmala<\/strong><\/p>\n\n\n\n<p><em><strong>\u015alad 11<\/strong><\/em><br><em><strong>Oto Matka Twoja&nbsp;(J 19, 27)<\/strong><\/em><\/p>\n\n\n\n<p>Pod niebem g\u0142uchym jakby odszed\u0142 z niego B\u00f3g<br>by nigdy ju\u017c nie wr\u00f3ci\u0107<br>pod skarg\u0105 Syna strom\u0105 i zawrotn\u0105<br>jak mrok przepa\u015bci \u2014<br>sta\u0142a Bolesna<br>nie kamienna nie mityczna Niobe<br>sta\u0142a cz\u0142owiecza<br>matka Boga \u2014<\/p>\n\n\n\n<p>jak \u0142za st\u0119\u017ca\u0142a<br>jak pie\u015b\u0144 przerwana<br>jak moc dojrza\u0142a<br>jak b\u00f3l milcz\u0105cy \u2014<br>Bogurodzica<\/p>\n\n\n\n<p>Nieprawda \u017ce tylko siedmioma mieczami<br>b\u00f3l przeszy\u0142 Jej serce na wylot<br>pod krzy\u017cem wszystkie ludzkie dzieci<br>otrzyma\u0142a w testamencie od Syna<\/p>\n\n\n\n<p>ka\u017cdy z nas tkwi w sercu Jej m\u0119cze\u0144stwa<br>jak miecz \u2014<br>a Ona \u2014 Matka \u2014 nigdy go stamt\u0105d<br>nie zechce wyj\u0105\u0107<br>dop\u00f3ki nie przemieni<\/p>\n\n\n\n<p><em><strong>\u00abKu twarzy w\u0119druj\u0119\u00bb, Warszawa 1997, str. 78<\/strong><\/em><\/p>\n\n\n\n<p><strong>Maria Imelda Kosmala<\/strong><\/p>\n\n\n\n<p><em><strong>\u015alad 9<\/strong><\/em><br><em><strong>A pod krzy\u017cem Jezusowym&nbsp;(J 19, 25)<\/strong><\/em><\/p>\n\n\n\n<p>W cieniu drzewa zbawienia<br>wczoraj dzi\u015b i jutro<br>Stoj\u0105 ludzie<br>pro\u015bci grzeszni wielcy mali<br>gapie cynicy zbrodniarze \u015bwi\u0119ci<br>szydercy bezradni kaci oboj\u0119tni<br>bliscy dalecy przeci\u0119tni p\u0142omienni<br>tch\u00f3rze g\u0142upcy niewinni wygodni<br>w\u0142a\u015bnie t a k i c h umi\u0142owa\u0142e\u015b<br>dla t a k i c h zst\u0105pi\u0142e\u015b na ziemi\u0119<br>aby dzieli\u0107 ich los<br>za t a k i c h wyda\u0142e\u015b samego siebie<br>t a c y tworz\u0105 Ko\u015bci\u00f3\u0142 Tw\u00f3j<br>t a k i m i pozosta\u0142e\u015b a\u017c do sko\u0144czenia \u015bwiata<br>dlatego jedno mo\u017cna powiedzie\u0107<br>o Twojej mi\u0142o\u015bci \u2014<br>jest tajemnic\u0105 tajemnic<\/p>\n\n\n\n<p><em><strong>\u00abKu twarzy w\u0119druj\u0119\u00bb, Warszawa 1997, str. 76<\/strong><\/em><\/p>\n\n\n\n<p><strong>Stanis\u0142aw Albert<\/strong><\/p>\n\n\n\n<p><em><strong>Matko Chrystusowa<\/strong><\/em><\/p>\n\n\n\n<p>Matko ci\u0119\u017carna<br>Matko pod krzy\u017cem<br>Matko Zmartwychwsta\u0142ego<\/p>\n\n\n\n<p>Pozw\u00f3l nam umrze\u0107<br>i pocz\u0105\u0107 si\u0119 w Twym \u0142onie<br>pe\u0142nym zawsze Tego<br>co r\u00f3s\u0142 w nim dziewi\u0119\u0107 miesi\u0119cy.<br>Jego wola. Powiedzia\u0142:<br>\u201cOto Matka twoja\u201d.<\/p>\n\n\n\n<p><em><strong>\u00abIntencje serca\u00bb, Pozna\u0144 1985, str. 401<\/strong><\/em><\/p>\n\n\n\n<h2 class=\"wp-block-heading\"><strong><span class=\"has-inline-color has-luminous-vivid-orange-color\">S\u0141OWO BO\u017bE<\/span><\/strong><\/h2>\n\n\n\n<h5><strong>\u0141k 1, 26 \u2013 38<\/strong><strong>;<\/strong><\/h5>\n\n\n<div class=\"wp-block-image\">\n<figure class=\"alignright size-large is-resized\"><a href=\"https:\/\/www.wga.hu\/framex-e.html?file=html\/l\/lippi\/filippo\/1440\/09annunc.html&amp;find=The+Annunciation\" target=\"_blank\" rel=\"noopener noreferrer\"><img loading=\"lazy\" decoding=\"async\" src=\"https:\/\/poezjaiewangelia.pl\/wp-content\/uploads\/2015\/11\/Filippo-Lippi-Zwiastowanie-e1462032982971.jpg\" alt=\"Filippo Lippi Zwiastowanie\" class=\"wp-image-2264\" width=\"424\" height=\"277\" title=\"Filippo Lippi Zwiastowanie\"\/><\/a><figcaption><center><em>Filippo Lippi Zwiastowanie<\/em><\/center><\/figcaption><\/figure>\n<\/div>\n\n\n<p><strong>Zwiastowanie Maryi<\/strong><\/p>\n<p>26 W sz\u00f3stym miesi\u0105cu pos\u0142a\u0142 B\u00f3g anio\u0142a Gabriela do miasta w Galilei, zwanego Nazaret,<br>27 do Dziewicy po\u015blubionej m\u0119\u017cowi, imieniem J\u00f3zef, z rodu Dawida*; a Dziewicy by\u0142o na imi\u0119 Maryja.<br>28 Anio\u0142 wszed\u0142 do Niej i rzek\u0142: \u00abB\u0105d\u017a pozdrowiona, pe\u0142na \u0142aski, Pan z Tob\u0105, &lt;b\u0142ogos\u0142awiona jeste\u015b mi\u0119dzy niewiastami&gt;\u00bb.<br>29 Ona zmiesza\u0142a si\u0119 na te s\u0142owa i rozwa\u017ca\u0142a, co mia\u0142oby znaczy\u0107 to pozdrowienie.<br>30 Lecz anio\u0142 rzek\u0142 do Niej: \u00abNie b\u00f3j si\u0119, Maryjo, znalaz\u0142a\u015b bowiem \u0142ask\u0119 u Boga.<br>31 Oto poczniesz i porodzisz Syna, kt\u00f3remu nadasz imi\u0119 Jezus.<br>32 B\u0119dzie On wielki i b\u0119dzie nazwany Synem Najwy\u017cszego, a Pan B\u00f3g da Mu tron Jego praojca, Dawida.<br>33 B\u0119dzie panowa\u0142 nad domem Jakuba na wieki, a Jego panowaniu nie b\u0119dzie ko\u0144ca\u00bb.<br><span style=\"color: #993300;\"><strong>34 Na to Maryja rzek\u0142a do anio\u0142a: \u00abJak\u017ce si\u0119 to stanie, skoro nie znam m\u0119\u017ca?\u00bb*<\/strong><\/span><br><span style=\"color: #993300;\"><strong>35 Anio\u0142 Jej odpowiedzia\u0142: \u00abDuch \u015awi\u0119ty zst\u0105pi na Ciebie i moc Najwy\u017cszego os\u0142oni Ci\u0119. Dlatego te\u017c \u015awi\u0119te, kt\u00f3re si\u0119 narodzi, b\u0119dzie nazwane Synem Bo\u017cym*.<\/strong><\/span><br>36 A oto r\u00f3wnie\u017c krewna Twoja, El\u017cbieta, pocz\u0119\u0142a w swej staro\u015bci syna i jest ju\u017c w sz\u00f3stym miesi\u0105cu ta, kt\u00f3ra uchodzi za niep\u0142odn\u0105.<br>37 Dla Boga bowiem nie ma nic niemo\u017cliwego\u00bb.<br>38 Na to rzek\u0142a Maryja: \u00abOto Ja s\u0142u\u017cebnica Pa\u0144ska, niech Mi si\u0119 stanie wed\u0142ug twego s\u0142owa!\u00bb Wtedy odszed\u0142 od Niej anio\u0142.<\/p>\n\n\n\n<h2 class=\"wp-block-heading\"><strong><span class=\"has-inline-color has-luminous-vivid-orange-color\">REFLEKSJA<\/span><\/strong><\/h2>\n\n\n\n<p><strong>Jan Zieli\u0144ski<\/strong><\/p>\n\n\n\n<p><em><strong>Katechezy w Urlach<\/strong><\/em><\/p>\n\n\n\n<p>Kiedy d\u0142o\u0144 Gabriela<br>wskaza\u0142a ma\u0142y ko\u015bci\u00f3\u0142ek nad Liwcerri<br>najpierw sosny<br>potem ludzie pytali<br>jak\u017ce si\u0119 to stanie<\/p>\n\n\n\n<p>kiedy anio\u0142 odlatywa\u0142<br>i by\u0142 ju\u017c wysoko<br>obejrza\u0142 si\u0119 za siebie<br>zobaczy\u0142<br>jak na dole w\u015br\u00f3d soseri<br>S\u0142owo staje si\u0119 cia\u0142em<\/p>\n\n\n\n<p><em><strong>\u00abWiersze podarowane\u00bb, Warszawa 1994, str. 107<\/strong><\/em><\/p>\n\n\n\n<div class=\"wp-block-columns is-layout-flex wp-container-core-columns-is-layout-9d6595d7 wp-block-columns-is-layout-flex\">\n<div class=\"wp-block-column is-layout-flow wp-block-column-is-layout-flow\"><div class=\"wp-block-image\">\n<figure class=\"aligncenter size-large is-resized\"><a href=\"https:\/\/commons.wikimedia.org\/wiki\/File:Philippe_de_Champaigne_-_The_Annunciation_-_WGA04704.jpg\" target=\"_blank\" rel=\"noopener noreferrer\"><img loading=\"lazy\" decoding=\"async\" src=\"https:\/\/poezjaiewangelia.pl\/wp-content\/uploads\/2019\/09\/Philippe-de-Champaigne-Zwiastowanie.jpg\" alt=\"Philippe de Champaigne Zwiastowanie\" class=\"wp-image-6440\" width=\"293\" height=\"450\" title=\"Philippe de Champaigne Zwiastowanie\" srcset=\"https:\/\/poezjaiewangelia.pl\/wp-content\/uploads\/2019\/09\/Philippe-de-Champaigne-Zwiastowanie.jpg 585w, https:\/\/poezjaiewangelia.pl\/wp-content\/uploads\/2019\/09\/Philippe-de-Champaigne-Zwiastowanie-195x300.jpg 195w\" sizes=\"auto, (max-width: 293px) 100vw, 293px\" \/><\/a><figcaption><center><em>Philippe de Champaigne Zwiastowanie<\/em><\/center><\/figcaption><\/figure>\n<\/div><\/div>\n\n\n\n<div class=\"wp-block-column is-layout-flow wp-block-column-is-layout-flow\">\n<p><strong>Wiktor Gomulicki<\/strong><\/p>\n\n\n\n<p><em><strong>Anio\u0142 Pa\u0144ski<\/strong><\/em><\/p>\n\n\n\n<p>\u201eAnio\u0142 Pa\u0144ski zwiastowa\u0142\u201d\u2026 Ta pie\u015b\u0144 od stuleci<br>O ka\u017cdym przedwieczerzu z ziemi w niebo leci,<br>Uciszaj\u0105 si\u0119 przy niej dusze i przyroda.<br>Dzwon j\u0105 \u015bpiewa, czy gromy hucz\u0105, czy pogoda,<br>W pokoju i gdy wojny szaleje huragan,<br>Przez Matk\u0119 swoj\u0105 Chrystus jest t\u0105 pie\u015bni\u0105 b\u0142agan.<br>Gdy j\u0105 wie\u015bniak us\u0142yszy w polu, przy zaj\u0119ciu,<br>P\u0142ug wstrzymuje, przykl\u0119ka jak we wniebowzi\u0119ciu,<br>Kosy, sierpa poniecha\u0142, i z oczyma w g\u00f3rze<br>Wzdycha, podobny \u015bwi\u0119tych przydro\u017cnej figurze.<br>I w mie\u015bcie ona czasem przechodnia dogoni,<br>Zdziwiony staje, pr\u00f3\u017cno wzruszeniu si\u0119 broni:<br>Z rozbudzonym sumieniem, zmi\u0119tym my\u015bl\u0105 czo\u0142em,<br>Po\u0142awiacz zysk\u00f3w sta\u0142 si\u0119 na chwil\u0119 anio\u0142em\u2026<\/p>\n\n\n\n<p><em><strong>\u00abModlitwy\u00bb, Warszawa 2004, str. 119<\/strong><\/em><\/p>\n<\/div>\n<\/div>\n\n\n\n<p><strong>Maria Imelda Kosmala<\/strong><\/p>\n\n\n\n<p><em><strong>Niezapisana obecno\u015b\u0107<\/strong><\/em><\/p>\n\n\n\n<p>Tylko cz\u0142owiek chce powiedzie\u0107 wszystko<br>B\u00f3g wypowiada si\u0119 milczeniem i znakiem<br>a je\u015bli s\u0142owem \u2014 to Tym<br>kt\u00f3re w \u017c\u0142obie k\u0142adzie<br>w chleb i wino przemienia<br>wydaje na krzy\u017c \u2014<\/p>\n\n\n\n<p>Matko jeste\u015b znakiem<br>bo\u017cego milczenia w Ewangelii<br>znakiem prostym i godnym<br>kt\u00f3ry rodzi S\u0142owo Ojca<br>i kt\u00f3ry stoi obok<br>gdy Chrystus umiera<\/p>\n\n\n\n<p>A gdy zmartwychwstanie<br>jeste\u015b<br>niezapisan\u0105 nigdzie o b e c n o \u015b c i \u0105<\/p>\n\n\n\n<p><em><strong>\u00abKu twarzy w\u0119druj\u0119\u00bb, Warszawa 1997, str. 83<\/strong><\/em><\/p>\n\n\n\n<p style=\"text-align: center;\"><span style=\"color: #1e73be;\"><a style=\"color: #1e73be;\" href=\"https:\/\/poezjaiewangelia.pl\/?page_id=4790#Gora\">Do g\u00f3ry<\/a><\/span><\/p>\n\n\n\n<p><\/p>\n","protected":false},"excerpt":{"rendered":"<p>Powr\u00f3t do \u015awi\u0119ta,&nbsp;&nbsp;&nbsp; Uroczysto\u015bci i \u015bwi\u0119ta ruchome V \u2013 VI, &nbsp;&nbsp;Powr\u00f3t do Linki Ewangelia: J 2,1 \u2013 11; albo J 19,25 \u2013 27; albo \u0141k 1,26 \u2013 38; J 2, 1 \u2013 11; Pierwszy znak w Kanie Galilejskiej 1 Trzeciego dnia odbywa\u0142o si\u0119 wesele w Kanie Galilejskiej i by\u0142a tam Matka Jezusa.2 Zaproszono na to &hellip; <a href=\"https:\/\/poezjaiewangelia.pl\/?page_id=4790\" class=\"more-link\">Czytaj dalej <span class=\"screen-reader-text\">\u015awi\u0119to NMP Matki Ko\u015bcio\u0142a (poniedzia\u0142ek po Zes\u0142aniu Ducha \u015aw.) rok ABC;<\/span><\/a><\/p>\n","protected":false},"author":1,"featured_media":0,"parent":4779,"menu_order":1,"comment_status":"closed","ping_status":"closed","template":"","meta":{"_monsterinsights_skip_tracking":false,"_monsterinsights_sitenote_active":false,"_monsterinsights_sitenote_note":"","_monsterinsights_sitenote_category":0,"footnotes":""},"class_list":["post-4790","page","type-page","status-publish","hentry"],"aioseo_notices":[],"_links":{"self":[{"href":"https:\/\/poezjaiewangelia.pl\/index.php?rest_route=\/wp\/v2\/pages\/4790","targetHints":{"allow":["GET"]}}],"collection":[{"href":"https:\/\/poezjaiewangelia.pl\/index.php?rest_route=\/wp\/v2\/pages"}],"about":[{"href":"https:\/\/poezjaiewangelia.pl\/index.php?rest_route=\/wp\/v2\/types\/page"}],"author":[{"embeddable":true,"href":"https:\/\/poezjaiewangelia.pl\/index.php?rest_route=\/wp\/v2\/users\/1"}],"replies":[{"embeddable":true,"href":"https:\/\/poezjaiewangelia.pl\/index.php?rest_route=%2Fwp%2Fv2%2Fcomments&post=4790"}],"version-history":[{"count":26,"href":"https:\/\/poezjaiewangelia.pl\/index.php?rest_route=\/wp\/v2\/pages\/4790\/revisions"}],"predecessor-version":[{"id":10020,"href":"https:\/\/poezjaiewangelia.pl\/index.php?rest_route=\/wp\/v2\/pages\/4790\/revisions\/10020"}],"up":[{"embeddable":true,"href":"https:\/\/poezjaiewangelia.pl\/index.php?rest_route=\/wp\/v2\/pages\/4779"}],"wp:attachment":[{"href":"https:\/\/poezjaiewangelia.pl\/index.php?rest_route=%2Fwp%2Fv2%2Fmedia&parent=4790"}],"curies":[{"name":"wp","href":"https:\/\/api.w.org\/{rel}","templated":true}]}}