{"id":4796,"date":"2018-11-04T13:05:05","date_gmt":"2018-11-04T12:05:05","guid":{"rendered":"https:\/\/poezjaiewangelia.pl\/?page_id=4796"},"modified":"2022-07-18T17:53:02","modified_gmt":"2022-07-18T16:53:02","slug":"uroczystosc-najswietszej-trojcy-rok-a-b-c","status":"publish","type":"page","link":"https:\/\/poezjaiewangelia.pl\/?page_id=4796","title":{"rendered":"Uroczysto\u015b\u0107 Naj\u015bwi\u0119tszej Tr\u00f3jcy rok A, B, C; (niedziela po Pentecoste)"},"content":{"rendered":"\n<div class=\"wp-block-columns is-layout-flex wp-container-core-columns-is-layout-9d6595d7 wp-block-columns-is-layout-flex\">\n<div class=\"wp-block-column is-layout-flow wp-block-column-is-layout-flow\"><div class=\"wp-block-image\">\n<figure class=\"alignright size-large is-resized\"><a href=\"https:\/\/www.wga.hu\/frames-e.html?\/html\/w\/wolffort\/trinity.html\" target=\"_blank\" rel=\"noopener noreferrer\"><img loading=\"lazy\" decoding=\"async\" src=\"https:\/\/poezjaiewangelia.pl\/wp-content\/uploads\/2018\/11\/Artus-Wolfort-Tr\u00f3jca-\u015awi\u0119ta-786x1024.jpg\" alt=\"Artus Wolfort Tr\u00f3jca \u015awi\u0119ta\" class=\"wp-image-4797\" width=\"338\" height=\"440\" title=\"Artus Wolfort Tr\u00f3jca \u015awi\u0119ta\"\/><\/a><figcaption><center><em>Artus Wolfort Tr\u00f3jca \u015awi\u0119ta<\/em><\/center><\/figcaption><\/figure>\n<\/div><\/div>\n\n\n\n<div class=\"wp-block-column is-layout-flow wp-block-column-is-layout-flow\">\n<p><span style=\"color: #ffff00;\">i<a id=\"S4796\"><\/a><a id=\"Gora\"><\/a><\/span><\/p>\n\n\n\n<figure class=\"wp-block-image size-large\"><img loading=\"lazy\" decoding=\"async\" width=\"150\" height=\"150\" src=\"https:\/\/poezjaiewangelia.pl\/wp-content\/uploads\/2018\/10\/R\u00f3\u017ca-bia\u0142a-e1592148272533.png\" alt=\"Kolor szat\" class=\"wp-image-4591\"\/><figcaption>Kolor szat<\/figcaption><\/figure>\n\n\n\n<p><span style=\"color: #1e73be;\"><a style=\"color: #1e73be;\" href=\"https:\/\/poezjaiewangelia.pl\/?page_id=4796#TrojcaA\">Uroczysto\u015b\u0107 Naj\u015bwi\u0119tszej Tr\u00f3jcy Rok A<\/a><\/span><\/p>\n<p><span style=\"color: #1e73be;\"><a style=\"color: #1e73be;\" href=\"https:\/\/poezjaiewangelia.pl\/?page_id=4796#TrojcaB\">Uroczysto\u015b\u0107 Naj\u015bwi\u0119tszej Tr\u00f3jcy Rok B<\/a><\/span><\/p>\n<p><span style=\"color: #1e73be;\"><a style=\"color: #1e73be;\" href=\"https:\/\/poezjaiewangelia.pl\/?page_id=4796#TrojcaC\">Uroczysto\u015b\u0107 Naj\u015bwi\u0119tszej Tr\u00f3jcy Rok C<\/a><\/span><\/p>\n<\/div>\n<\/div>\n\n\n\n<p><span style=\"color: #1e73be;\"><a style=\"color: #1e73be;\" href=\"https:\/\/poezjaiewangelia.pl\/?page_id=63#S63\">Powr\u00f3t do \u015awi\u0119ta,<\/a>&nbsp; <a style=\"color: #1e73be;\" href=\"https:\/\/poezjaiewangelia.pl\/?page_id=4779#S4779\">Uroczysto\u015bci i \u015bwi\u0119ta ruchome V \u2013 VI,<\/a>&nbsp; <a id=\"TrojcaA\" style=\"color: #1e73be;\"><\/a> &nbsp;<a style=\"color: #1e73be;\" href=\"https:\/\/poezjaiewangelia.pl\/?page_id=703#S703\">Powr\u00f3t do Linki<\/a>&nbsp;&nbsp;<\/span><\/p>\n\n\n<div class=\"wp-block-image\">\n<figure class=\"alignleft size-large\"><a href=\"https:\/\/www.wga.hu\/frames-e.html?\/html\/a\/andrea\/castagno\/3_1450s\/05trinit.html\" target=\"_blank\" rel=\"noopener noreferrer\"><img loading=\"lazy\" decoding=\"async\" width=\"110\" height=\"100\" src=\"https:\/\/poezjaiewangelia.pl\/wp-content\/uploads\/2015\/12\/Andrea-dal-Castagno-Holy-Trinity.jpg\" alt=\"Andrea dal Castagno Naj\u015bwi\u0119tsza Tr\u00f3jca\" class=\"wp-image-408\" title=\"Andrea dal Castagno Naj\u015bwi\u0119tsza Tr\u00f3jca\"\/><\/a><\/figure>\n<\/div>\n\n\n<hr class=\"wp-block-separator has-text-color has-luminous-vivid-amber-color has-css-opacity has-luminous-vivid-amber-background-color has-background is-style-dots\"\/>\n\n\n\n<p><strong><strong>Naj\u015bwi\u0119tsza Tr\u00f3jca r<\/strong>ok A: Ewangelia: J 3, 16 \u2013 18;<\/strong><\/p>\n\n\n\n<h2 class=\"wp-block-heading\"><strong><span class=\"has-inline-color has-luminous-vivid-orange-color\">S\u0141OWO BO\u017bE<\/span><\/strong><\/h2>\n\n\n\n<p><strong>Nikodem<\/strong><\/p>\n<p><span style=\"color: #993300;\"><strong>16 Tak bowiem B\u00f3g umi\u0142owa\u0142 \u015bwiat, \u017ce Syna swego Jednorodzonego da\u0142, aby ka\u017cdy, kto w Niego wierzy, nie zgin\u0105\u0142, ale mia\u0142 \u017cycie wieczne.<\/strong><\/span><br><span style=\"color: #993300;\"><strong>17 Albowiem B\u00f3g nie pos\u0142a\u0142 swego Syna na \u015bwiat po to, aby \u015bwiat pot\u0119pi\u0142, ale po to, by \u015bwiat zosta\u0142 przez Niego zbawiony.<\/strong><\/span><br>18 Kto wierzy w Niego, nie podlega pot\u0119pieniu; a kto nie wierzy, ju\u017c zosta\u0142 pot\u0119piony, bo nie uwierzy\u0142 w imi\u0119 Jednorodzonego Syna Bo\u017cego.<br>19 A s\u0105d polega na tym, \u017ce \u015bwiat\u0142o przysz\u0142o na \u015bwiat, lecz ludzie bardziej umi\u0142owali ciemno\u015b\u0107 ani\u017celi \u015bwiat\u0142o: bo z\u0142e by\u0142y ich uczynki<br>20 Ka\u017cdy bowiem, kto si\u0119 dopuszcza nieprawo\u015bci, nienawidzi \u015bwiat\u0142a i nie zbli\u017ca si\u0119 do \u015bwiat\u0142a, aby nie pot\u0119piono jego uczynk\u00f3w.<br>21 Kto spe\u0142nia wymagania prawdy, zbli\u017ca si\u0119 do \u015bwiat\u0142a, aby si\u0119 okaza\u0142o, \u017ce jego uczynki s\u0105 dokonane w Bogu\u00bb.<\/p>\n\n\n\n<h2 class=\"wp-block-heading\"><strong><span class=\"has-inline-color has-luminous-vivid-orange-color\">REFLEKSJA<\/span><\/strong><\/h2>\n\n\n<div class=\"wp-block-image\">\n<figure class=\"alignright size-large is-resized\"><a href=\"https:\/\/www.wga.hu\/frames-e.html?\/html\/b\/beccafum\/2\/1trinitz.html\" target=\"_blank\" rel=\"noopener noreferrer\"><img loading=\"lazy\" decoding=\"async\" src=\"https:\/\/poezjaiewangelia.pl\/wp-content\/uploads\/2015\/11\/2cbe142fcc8c5a0a793e58b136b59558-e1457121200350.jpg\" alt=\"Domenico Beccafumi Tr\u00f3jca \u015awi\u0119ta\" class=\"wp-image-2267\" width=\"320\" height=\"390\" title=\"Domenico Beccafumi Tr\u00f3jca \u015awi\u0119ta\"\/><\/a><figcaption><center><em>Domenico Beccafumi Tr\u00f3jca \u015awi\u0119ta<\/em><\/center><\/figcaption><\/figure>\n<\/div>\n\n\n<p><strong>Janusz Pasierb<\/strong><\/p>\n\n\n\n<p><em><strong>Rzeczy ostatnie<\/strong><\/em><\/p>\n\n\n\n<p>Po\u0142\u00f3\u017c mnie jak piecz\u0119\u0107 na sercu swoim<br>ostatecznie i dos\u0142ownie spe\u0142niaj\u0105 si\u0119 pisma<br>nawet te o piecz\u0119ci i sercu<br>g\u0142owa Jana<br>na sercu<br>jak kamie\u0144<br>jak ud\u017awign\u0105\u0107<br>jak traci\u0107<br>rzeczy ostatnie<br>ostatni poca\u0142unek<br>z\u0142o\u017cy zdrajca<br>ostatnim upojeniem<br>b\u0119dzie \u017c\u00f3\u0142\u0107<br>ostatnia przeszyje serce<br>w\u0142\u00f3cznia<br>i kamie\u0144 grobu zamknie piecz\u0119\u0107<\/p>\n\n\n\n<p><em><strong>\u00abWiersze religijne\u00bb, Pozna\u0144 \u2013 Warszawa 1983, str. 43<\/strong><\/em><\/p>\n\n\n\n<p><strong>Roman Indrzejczyk<\/strong><\/p>\n\n\n\n<p><em><strong>B\u00f3g jest mi\u0142o\u015bci\u0105<\/strong><\/em><\/p>\n\n\n\n<p>M\u00f3wisz: zakochany\u2026<br>Lecz, je\u015bli dlatego jest taki radosny,<br>Jak ogrodnik z bajki drzewa szcz\u0119\u015bcia sadzi<br>I g\u0142osi doko\u0142a, \u017ce \u017cycie jest pi\u0119kne,<br>Naiwnie powiada: \u015bwiat zn\u00f3w b\u0119dzie lepszy\u2026<br>To niech tak zostanie.<\/p>\n\n\n\n<p>Niekt\u00f3rzy pytaj\u0105 sk\u0105d ma tak\u0105 si\u0142\u0119?<br>I troch\u0119 si\u0119 dziwi\u0105.<\/p>\n\n\n\n<p>Ale\u2026<br>Kiedy si\u0119 zamartwiasz, na pewno go spotkasz,<br>Nawet skaleczony b\u0119dzie ci\u0119 pociesza\u0142,<br>Swoimi oczami do serca ci zajrzy,<br>Wci\u0105\u017c wierzy w cz\u0142owieka, a mo\u017ce udaje\u2026<br>Powiesz: zakochany.<\/p>\n\n\n\n<p>Mo\u017ce zakochany po prostu w mi\u0142o\u015bci\u2026<br>A mi\u0142o\u015bci\u0105 B\u00f3g jest.<\/p>\n\n\n\n<p><em><strong>\u00abI niech tak zostanie\u00bb, Warszawa 2005, str. 2<\/strong><\/em><\/p>\n\n\n\n<p><strong>Janusz Pasierb<\/strong><\/p>\n\n\n\n<p><em><strong>Mi\u0142o\u015b\u0107 ukrzy\u017cowana<\/strong><\/em><\/p>\n\n\n\n<p>Amor meus<br>krucifixus<br>mi\u0142o\u015b\u0107<br>nie tylko moja<br>niemo\u017cliwa<br>nie do \u017cycia<br>skazana<br>przed narodzeniem<br>wierna<br>tak mocno trzymaj\u0105 gwo\u017adzie<br>teraz i w godzin\u0119<\/p>\n\n\n\n<p><em><strong>\u00abWiersze religijne\u00bb, Pozna\u0144 \u2013 Warszawa 1983, str. 84<\/strong><\/em><\/p>\n\n\n\n<p style=\"text-align: center;\"><span style=\"color: #1e73be;\"><a style=\"color: #1e73be;\" href=\"https:\/\/poezjaiewangelia.pl\/?page_id=4796#Gora\">Do g\u00f3ry<\/a><\/span><\/p>\n\n\n\n<p><span style=\"color: #1e73be;\"><a style=\"color: #1e73be;\" href=\"https:\/\/poezjaiewangelia.pl\/?page_id=63#S63\">Powr\u00f3t do \u015awi\u0119ta<\/a>&nbsp; <\/span><a id=\"TrojcaB\"><\/a><span style=\"color: #1e73be;\">&nbsp;&nbsp;<a style=\"color: #1e73be;\" href=\"https:\/\/poezjaiewangelia.pl\/?page_id=703#S703\">Powr\u00f3t do Linki<\/a>&nbsp;&nbsp;<\/span><\/p>\n\n\n<div class=\"wp-block-image\">\n<figure class=\"alignleft size-large\"><a href=\"https:\/\/www.wga.hu\/frames-e.html?\/html\/a\/andrea\/castagno\/3_1450s\/05trinit.html\" target=\"_blank\" rel=\"noopener noreferrer\"><img loading=\"lazy\" decoding=\"async\" width=\"110\" height=\"100\" src=\"https:\/\/poezjaiewangelia.pl\/wp-content\/uploads\/2015\/12\/Andrea-dal-Castagno-Holy-Trinity.jpg\" alt=\"Andrea dal Castagno Naj\u015bwi\u0119tsza Tr\u00f3jca\" class=\"wp-image-408\" title=\"Andrea dal Castagno Naj\u015bwi\u0119tsza Tr\u00f3jca\"\/><\/a><\/figure>\n<\/div>\n\n\n<hr class=\"wp-block-separator has-text-color has-luminous-vivid-amber-color has-css-opacity has-luminous-vivid-amber-background-color has-background is-style-dots\"\/>\n\n\n\n<p><strong><strong>Naj\u015bwi\u0119tsza Tr\u00f3jca r<\/strong>ok B: Ewangelia: Mt 28, 16 \u2013 20;<\/strong><\/p>\n\n\n\n<hr class=\"wp-block-separator has-css-opacity is-style-dots\"\/>\n\n\n\n<h2 class=\"wp-block-heading\"><strong><span class=\"has-inline-color has-luminous-vivid-orange-color\">S\u0141OWO BO\u017bE<\/span><\/strong><\/h2>\n\n\n<div class=\"wp-block-image\">\n<figure class=\"alignleft size-large is-resized\"><a href=\"https:\/\/www.wga.hu\/frames-e.html?\/html\/d\/duccio\/maesta\/crown_v\/cro_v_6.html\" target=\"_blank\" rel=\"noopener noreferrer\"><img loading=\"lazy\" decoding=\"async\" src=\"https:\/\/poezjaiewangelia.pl\/wp-content\/uploads\/2015\/11\/Duccio-di-Buoninsegna-Objawienie-w-Galilei-e1457121824910.jpg\" alt=\"Duccio di Buoninsegna Objawienie w Galilei\" class=\"wp-image-2269\" width=\"393\" height=\"301\" title=\"Duccio di Buoninsegna Objawienie w Galilei\"\/><\/a><figcaption><center><em>Duccio di Buoninsegna Objawienie w Galilei<\/em><\/center><\/figcaption><\/figure>\n<\/div>\n\n\n<p>&nbsp;<\/p>\n<p><strong>Ostatni rozkaz<\/strong><\/p>\n<p>16 Jedenastu za\u015b uczni\u00f3w uda\u0142o si\u0119 do Galilei na g\u00f3r\u0119, tam gdzie Jezus im poleci\u0142.<br>17 A gdy Go ujrzeli, oddali Mu pok\u0142on. Niekt\u00f3rzy jednak w\u0105tpili.<br>18 Wtedy Jezus podszed\u0142 do nich i przem\u00f3wi\u0142 tymi<br>s\u0142owami: \u00abDana Mi jest wszelka w\u0142adza w niebie i na ziemi.<br><span style=\"color: #993300;\"><strong>19 Id\u017acie wi\u0119c i nauczajcie wszystkie narody, udzielaj\u0105c im chrztu w imi\u0119 Ojca i Syna, i Ducha \u015awi\u0119tego.<\/strong><\/span><br><span style=\"color: #993300;\"><strong>20 Uczcie je zachowywa\u0107 wszystko, co wam przykaza\u0142em. A oto Ja jestem z wami przez wszystkie dni, a\u017c do sko\u0144czenia \u015bwiata\u00bb.<\/strong><\/span><\/p>\n\n\n\n<h2 class=\"wp-block-heading\"><strong><span class=\"has-inline-color has-luminous-vivid-orange-color\">REFLEKSJA<\/span><\/strong><\/h2>\n\n\n\n<p><strong>Kazimierz Brodzi\u0144ski<\/strong><\/p>\n\n\n\n<p><em><strong>Hymn do Boga<\/strong><\/em><\/p>\n\n\n\n<p>Bo\u017ce!&nbsp; jak wielka Twoja opieka!<br>R\u0119k\u0105 ojcowsk\u0105 \u015bwiaty obj\u0119\u0142a.<br>Lito\u015bci\u0105 wie\u0144czysz skronie cz\u0142owieka,<br>Jemu moc da\u0142e\u015b g\u0142osi\u0107 Twe dzie\u0142a.<br>Bo\u017ce! jak wielka Twoja opieka!<br>Ty\u015b \u2014 nasze \u017cycie! Ty\u015b \u2014 nasz obro\u0144ca!<br>Wielbi\u0107 Ci\u0119 b\u0119dziem, Bo\u017ce! bez ko\u0144ca.<\/p>\n\n\n\n<p><em><strong>\u00abZ g\u0142\u0119boko\u015bci\u2026Antologia polskiej modlitwy poetyckiej\u00bb, T. 1, Warszawa 1974, str. 289<\/strong><\/em><\/p>\n\n\n\n<p><strong>Jan Zieli\u0144ski<\/strong><\/p>\n\n\n\n<p><em><strong>Nowa ewangelizacja 1<\/strong><\/em><\/p>\n\n\n\n<p>Od pewnego czasu<br>w\u0119druj\u0105 po \u015bwiecie<br>gromady \u017cebrak\u00f3w<\/p>\n\n\n\n<p>rozpoznali gdzie skarb<\/p>\n\n\n\n<p>stawiaj\u0105 drogowskazy<br>pokazuj\u0105 kierunek<br>je\u015bli chcesz chod\u017a z nami<br>m\u00f3wi\u0105<br>podaj d\u0142o\u0144<br>zaprowadzimy ci\u0119 do miejsca<br>gdzie ko\u0144czy si\u0119 w\u0142\u00f3cz\u0119ga<\/p>\n\n\n\n<p>przyjaciele zastawiaj\u0105 st\u00f3\u0142<br>przychodzi Baranek<br>otwiera ksi\u0119g\u0119 i podaje kielich<br>biesiadnicy<br>pod spokojnym \u0142ukiem t\u0119czy<br>siedz\u0105<br>\u015bpiewaj\u0105<br>zielone psalmy<\/p>\n\n\n\n<p><em><strong>\u00abWiersze podarowane\u00bb, Warszawa 1994, str.110<\/strong><\/em><\/p>\n\n\n<div class=\"wp-block-image\">\n<figure class=\"alignright size-large is-resized\"><a href=\"https:\/\/commons.wikimedia.org\/wiki\/File:Silesia_Throne_of_Grace.jpg\" target=\"_blank\" rel=\"noopener noreferrer\"><img loading=\"lazy\" decoding=\"async\" src=\"https:\/\/poezjaiewangelia.pl\/wp-content\/uploads\/2020\/05\/Tr\u00f3jca-\u015awi\u0119ta-ze-\u015awierzawy.jpg\" alt=\"Tr\u00f3jca \u015awi\u0119ta O\u0142tarz- \u015awierzawa\" class=\"wp-image-8202\" width=\"309\" height=\"472\" title=\"Tr\u00f3jca \u015awi\u0119ta O\u0142tarz- \u015awierzawa\" srcset=\"https:\/\/poezjaiewangelia.pl\/wp-content\/uploads\/2020\/05\/Tr\u00f3jca-\u015awi\u0119ta-ze-\u015awierzawy.jpg 412w, https:\/\/poezjaiewangelia.pl\/wp-content\/uploads\/2020\/05\/Tr\u00f3jca-\u015awi\u0119ta-ze-\u015awierzawy-197x300.jpg 197w\" sizes=\"auto, (max-width: 309px) 100vw, 309px\" \/><\/a><figcaption><center><em>Tr\u00f3jca \u015awi\u0119ta O\u0142tarz- \u015awierzawa<\/em><\/center><\/figcaption><\/figure>\n<\/div>\n\n\n<p><strong>Wac\u0142aw Oszajca<\/strong><\/p>\n\n\n\n<p><em><strong>zwornik<\/strong><\/em><\/p>\n\n\n\n<p>tak<br>to ja jestem granic\u0105 \u015bwiat\u0142a<br>we mnie zbiega si\u0119 wsch\u00f3d z zachodem<br>p\u00f3\u0142noc z po\u0142udniem<br>wystarczy jeden m\u00f3j krok<br>i ju\u017c przesun\u0105\u0142em<br>przenios\u0142em w sobie ten zwornik<br>magnetyzmu i \u015bwiat\u0142a<br>to ja jestem<br>praziemi\u0105 i praoceanem<br>pocz\u0105tkiem \u017cycia w ogniu i wodzie<br>w duchu i ciele<br>to ja zarazem sacrum i profanum<br>chrzcz\u0119 ciebie Boga imieniem<br>kt\u00f3re nieustannie zgaduj\u0119<br>to ja cz\u0142owiek kt\u00f3ry tobie i samemu sobie<br>staj\u0119 si\u0119 obrazem i podobie\u0144stwem<br>to czyni\u0119<br>cierpi\u0105c w rado\u015bci i \u017ce wiem nie wiedz\u0105c<\/p>\n\n\n\n<p><em><strong>\u00abReszta wi\u0119ksza od ca\u0142o\u015bci\u00bb, Warszawa 2003, str. 39<\/strong><\/em><\/p>\n\n\n\n<p style=\"text-align: center;\"><span style=\"color: #1e73be;\"><a style=\"color: #1e73be;\" href=\"https:\/\/poezjaiewangelia.pl\/?page_id=4796#Gora\">Do g\u00f3ry<\/a><\/span><\/p>\n\n\n\n<p><span style=\"color: #1e73be;\"><a style=\"color: #1e73be;\" href=\"https:\/\/poezjaiewangelia.pl\/?page_id=63#S63\">Powr\u00f3t do \u015awi\u0119ta<\/a>&nbsp; <\/span><a id=\"TrojcaC\"><\/a><span style=\"color: #1e73be;\">&nbsp;&nbsp;<a style=\"color: #1e73be;\" href=\"https:\/\/poezjaiewangelia.pl\/?page_id=703#S703\">Powr\u00f3t do Linki<\/a>&nbsp;&nbsp;<\/span><\/p>\n\n\n<div class=\"wp-block-image\">\n<figure class=\"alignleft size-large\"><a href=\"https:\/\/www.wga.hu\/frames-e.html?\/html\/a\/andrea\/castagno\/3_1450s\/05trinit.html\" target=\"_blank\" rel=\"noopener noreferrer\"><img loading=\"lazy\" decoding=\"async\" width=\"110\" height=\"100\" src=\"https:\/\/poezjaiewangelia.pl\/wp-content\/uploads\/2015\/12\/Andrea-dal-Castagno-Holy-Trinity.jpg\" alt=\"Andrea dal Castagno Naj\u015bwi\u0119tsza Tr\u00f3jca\" class=\"wp-image-408\" title=\"Andrea dal Castagno Naj\u015bwi\u0119tsza Tr\u00f3jca\"\/><\/a><\/figure>\n<\/div>\n\n\n<hr class=\"wp-block-separator has-text-color has-luminous-vivid-amber-color has-css-opacity has-luminous-vivid-amber-background-color has-background is-style-dots\"\/>\n\n\n\n<p><strong>Naj\u015bwi\u0119tsza Tr\u00f3jca rok C: Ewangelia: J 16, 12 \u2013 15;<\/strong><\/p>\n\n\n\n<h2 class=\"wp-block-heading\"><strong><span class=\"has-inline-color has-luminous-vivid-orange-color\">S\u0141OWO BO\u017bE<\/span><\/strong><\/h2>\n\n\n\n<p><strong>S\u0105d Ducha \u015awi\u0119tego<\/strong><\/p>\n<p><span style=\"color: #993300;\"><strong>12 Jeszcze wiele mam wam do powiedzenia, ale teraz [jeszcze] znie\u015b\u0107 nie mo\u017cecie.<\/strong><\/span><br><span style=\"color: #993300;\"><strong>13 Gdy za\u015b przyjdzie On, Duch Prawdy, doprowadzi was do ca\u0142ej prawdy. Bo nie b\u0119dzie m\u00f3wi\u0142 od siebie, ale powie wszystko, cokolwiek us\u0142yszy, i oznajmi wam rzeczy przysz\u0142e.<\/strong><\/span><br>14 On Mnie otoczy chwa\u0142\u0105, poniewa\u017c z mojego we\u017amie i wam objawi.<br>15 Wszystko, co ma Ojciec, jest moje. Dlatego powiedzia\u0142em, \u017ce z mojego we\u017amie i wam objawi.<\/p>\n\n\n\n<h2 class=\"wp-block-heading\"><strong><span class=\"has-inline-color has-luminous-vivid-orange-color\">REFLEKSJA<\/span><\/strong><\/h2>\n\n\n<div class=\"wp-block-image\">\n<figure class=\"alignright size-large is-resized\"><a href=\"https:\/\/www.wga.hu\/framex-e.html?file=html\/m\/mildorfe\/mildorf2.html&amp;find=Pentecost\" target=\"_blank\" rel=\"noopener noreferrer\"><img loading=\"lazy\" decoding=\"async\" src=\"https:\/\/poezjaiewangelia.pl\/wp-content\/uploads\/2015\/11\/60c89f9ed3b37e2fd97a35a428400997-e1457122056715.jpg\" alt=\"Joseph Ignaz Mildorfer Zes\u0142anie Ducha \u015awi\u0119tego\" class=\"wp-image-2270\" width=\"300\" height=\"530\" title=\"Joseph Ignaz Mildorfer Zes\u0142anie Ducha \u015awi\u0119tego\"\/><\/a><figcaption><center><em>Joseph Ignaz Mildorfer Zes\u0142anie Ducha \u015awi\u0119tego<\/em><\/center><\/figcaption><\/figure>\n<\/div>\n\n\n<p><strong>W\u0142adys\u0142aw Orkan<\/strong><\/p>\n\n\n\n<p><em><strong>Id\u0119 ku Tobie<\/strong><\/em><\/p>\n\n\n\n<p>Id\u0119 ku Tobie \u2026 a my\u015bl mi\u0119 wyprzedza.<br>Lec\u0105c w\u015br\u00f3d mg\u0142awic jak spragniona kania \u2013<br>I chocia\u017c nie wiem Twojego nazwania:<br>Czy imi\u0119 Twoje Spokojno\u015b\u0107, czy wiedza \u2013<\/p>\n\n\n\n<p>Id\u0119 ku Tobie\u2026 Cho\u0107 mg\u0142y nie rozrzedza<br>Wzrok ni przede mn\u0105 drogi nie ods\u0142ania,<br>Cho\u0107 mi\u0119 strach zi\u0119bi i boja\u017a\u0144 zb\u0142\u0105kania,<br>Gdy mi ostatnia we mgle ginie miedza \u2013<\/p>\n\n\n\n<p>Id\u0119 ku Tobie\u2026 Z zapa\u0142em pielgrzyma,<br>Ufno\u015bci\u0105 dziecka id\u0119 w\u015br\u00f3d pado\u0142u,<br>Ze mn\u0105 t\u0119sknica i smutek pospo\u0142u\u2026<\/p>\n\n\n\n<p>I nie wiem: k\u0119dy droga si\u0119 zatrzyma:<br>czy tu na ziemi, na s\u0142o\u0144cu, czy w niebie \u2013<br>Id\u0119 i szukam, jakbym szuka\u0142 siebie\u2026<\/p>\n\n\n\n<p><em><strong>\u00abZ g\u0142\u0119boko\u015bci\u2026Antologia polskiej modlitwy poetyckiej\u00bb, T . I, Warszawa 1974, str. 534<\/strong><\/em><\/p>\n\n\n\n<p><strong>Jan Twardowski<\/strong><\/p>\n\n\n\n<p><em><strong>Zdziwienie<\/strong><\/em><\/p>\n\n\n\n<p>Dziwi\u0105 si\u0119 kuropatwy co chodz\u0105 parami<br>wszystkie na plotki schodz\u0105ce si\u0119 wrony<br>lipcowe gwiazdozbiory Rak i Lew na niebie<br>panny po \u015blubie co nie chc\u0105 by\u0107 same<br>filozof z bzikiem bo odnalaz\u0142 \u017con\u0119<br>bekas co gwi\u017cd\u017ce stale dwie sylaby<br>dziwi si\u0119 ksi\u0119\u017cyc sam na sam ze sob\u0105<\/p>\n\n\n\n<p>\u017ce B\u00f3g jest jeden<br>i nigdy samotny.<\/p>\n\n\n\n<p><em><strong>\u00abABC ksi\u0119dza Twardowskiego. Rok C\u00bb, Warszawa 2002, str. 67<\/strong><\/em><\/p>\n\n\n\n<p><strong>Janusz Pasierb<\/strong><\/p>\n\n\n\n<p><strong><em>Odwiedziny<\/em><\/strong><\/p>\n\n\n\n<p>trzej<br>nieznajomi<br>m\u0142odzi<br>skrzydlaci<br>nachyleni \u0142agodnie<br>w szaroz\u0142otym \u015bwietle po\u0142udnia<br>pod d\u0119bem w Mamre<br>zwiastuj\u0105cy spokojn\u0105 rado\u015b\u0107<\/p>\n\n\n\n<p>na ikonie Rublowa<br>nie ma namiotu<br>ani Abrahama<\/p>\n\n\n\n<p>siedzicie<br>przed moim<br>domem<\/p>\n\n\n\n<p><em><strong>\u00abWiersze religijne\u00bb, Pozna\u0144 \u2013 Warszawa 1983, str. 11<\/strong><\/em><\/p>\n\n\n\n<p style=\"text-align: center;\"><span style=\"color: #1e73be;\"><a style=\"color: #1e73be;\" href=\"https:\/\/poezjaiewangelia.pl\/?page_id=4796#Gora\">Do g\u00f3ry<\/a><\/span><\/p>\n","protected":false},"excerpt":{"rendered":"<p>i Uroczysto\u015b\u0107 Naj\u015bwi\u0119tszej Tr\u00f3jcy Rok A Uroczysto\u015b\u0107 Naj\u015bwi\u0119tszej Tr\u00f3jcy Rok B Uroczysto\u015b\u0107 Naj\u015bwi\u0119tszej Tr\u00f3jcy Rok C Powr\u00f3t do \u015awi\u0119ta,&nbsp; Uroczysto\u015bci i \u015bwi\u0119ta ruchome V \u2013 VI,&nbsp; &nbsp;Powr\u00f3t do Linki&nbsp;&nbsp; Naj\u015bwi\u0119tsza Tr\u00f3jca rok A: Ewangelia: J 3, 16 \u2013 18; Nikodem 16 Tak bowiem B\u00f3g umi\u0142owa\u0142 \u015bwiat, \u017ce Syna swego Jednorodzonego da\u0142, aby ka\u017cdy, kto w &hellip; <a href=\"https:\/\/poezjaiewangelia.pl\/?page_id=4796\" class=\"more-link\">Czytaj dalej <span class=\"screen-reader-text\">Uroczysto\u015b\u0107 Naj\u015bwi\u0119tszej Tr\u00f3jcy rok A, B, C; (niedziela po Pentecoste)<\/span><\/a><\/p>\n","protected":false},"author":1,"featured_media":0,"parent":4779,"menu_order":3,"comment_status":"closed","ping_status":"closed","template":"","meta":{"_monsterinsights_skip_tracking":false,"_monsterinsights_sitenote_active":false,"_monsterinsights_sitenote_note":"","_monsterinsights_sitenote_category":0,"footnotes":""},"class_list":["post-4796","page","type-page","status-publish","hentry"],"aioseo_notices":[],"_links":{"self":[{"href":"https:\/\/poezjaiewangelia.pl\/index.php?rest_route=\/wp\/v2\/pages\/4796","targetHints":{"allow":["GET"]}}],"collection":[{"href":"https:\/\/poezjaiewangelia.pl\/index.php?rest_route=\/wp\/v2\/pages"}],"about":[{"href":"https:\/\/poezjaiewangelia.pl\/index.php?rest_route=\/wp\/v2\/types\/page"}],"author":[{"embeddable":true,"href":"https:\/\/poezjaiewangelia.pl\/index.php?rest_route=\/wp\/v2\/users\/1"}],"replies":[{"embeddable":true,"href":"https:\/\/poezjaiewangelia.pl\/index.php?rest_route=%2Fwp%2Fv2%2Fcomments&post=4796"}],"version-history":[{"count":26,"href":"https:\/\/poezjaiewangelia.pl\/index.php?rest_route=\/wp\/v2\/pages\/4796\/revisions"}],"predecessor-version":[{"id":10022,"href":"https:\/\/poezjaiewangelia.pl\/index.php?rest_route=\/wp\/v2\/pages\/4796\/revisions\/10022"}],"up":[{"embeddable":true,"href":"https:\/\/poezjaiewangelia.pl\/index.php?rest_route=\/wp\/v2\/pages\/4779"}],"wp:attachment":[{"href":"https:\/\/poezjaiewangelia.pl\/index.php?rest_route=%2Fwp%2Fv2%2Fmedia&parent=4796"}],"curies":[{"name":"wp","href":"https:\/\/api.w.org\/{rel}","templated":true}]}}