{"id":4810,"date":"2018-11-04T20:21:13","date_gmt":"2018-11-04T19:21:13","guid":{"rendered":"https:\/\/poezjaiewangelia.pl\/?page_id=4810"},"modified":"2022-07-18T17:54:27","modified_gmt":"2022-07-18T16:54:27","slug":"uroczystosc-najswietszego-ciala-i-krwi-chrystusa-rok-a-b-c","status":"publish","type":"page","link":"https:\/\/poezjaiewangelia.pl\/?page_id=4810","title":{"rendered":"Uroczysto\u015b\u0107 Naj\u015bwi\u0119tszego Cia\u0142a i Krwi Chrystusa rok A, B, C;"},"content":{"rendered":"\n<p><span style=\"color: #ffff00;\">i<a id=\"S4810\"><\/a><a id=\"Gora\"><\/a><\/span><\/p>\n\n\n<div class=\"wp-block-image\">\n<figure class=\"aligncenter size-large is-resized\"><a href=\"https:\/\/commons.wikimedia.org\/wiki\/File:The_Last_Supper_-_Leonardo_Da_Vinci_-_High_Resolution_32x16.jpg\" target=\"_blank\" rel=\"noopener noreferrer\"><img loading=\"lazy\" decoding=\"async\" src=\"https:\/\/poezjaiewangelia.pl\/wp-content\/uploads\/2018\/11\/LEONARDO-da-Vinci-Ostatnia-Wieczerza-1024x557.jpg\" alt=\"Leonardo da Vinci Ostatnia Wieczerza\" class=\"wp-image-4811\" width=\"572\" height=\"310\" title=\"Leonardo da Vinci Ostatnia Wieczerza\"\/><\/a><figcaption><center><em>Leonardo da Vinci Ostatnia Wieczerza<\/em><\/center><\/figcaption><\/figure>\n<\/div>\n\n<div class=\"wp-block-image\">\n<figure class=\"alignright size-large\"><img loading=\"lazy\" decoding=\"async\" width=\"150\" height=\"150\" src=\"https:\/\/poezjaiewangelia.pl\/wp-content\/uploads\/2018\/10\/R\u00f3\u017ca-bia\u0142a-e1592148272533.png\" alt=\"Kolor szat\" class=\"wp-image-4591\"\/><figcaption>Kolor szat<\/figcaption><\/figure>\n<\/div>\n\n\n\n\n<hr class=\"wp-block-separator has-text-color has-luminous-vivid-amber-color has-css-opacity has-luminous-vivid-amber-background-color has-background is-style-dots\"\/>\n\n\n\n<p><span style=\"color: #1e73be;\"><a style=\"color: #1e73be;\" href=\"https:\/\/poezjaiewangelia.pl\/?page_id=4810#BCialoA\">Bo\u017ce Cia\u0142o Rok A&nbsp;<\/a>&nbsp;&nbsp;&nbsp;&nbsp;&nbsp;<a style=\"color: #1e73be;\" href=\"https:\/\/poezjaiewangelia.pl\/?page_id=4810#BCialoB\">Bo\u017ce Cia\u0142o Rok B<\/a>&nbsp;&nbsp;&nbsp;&nbsp;&nbsp;<a style=\"color: #1e73be;\" href=\"https:\/\/poezjaiewangelia.pl\/?page_id=4810#BCialoC\">Bo\u017ce Cia\u0142o Rok C<\/a><\/span><\/p>\n\n\n\n<hr class=\"wp-block-separator has-text-color has-luminous-vivid-amber-color has-css-opacity has-luminous-vivid-amber-background-color has-background is-style-dots\"\/>\n\n\n\n<p><span style=\"color: #1e73be;\"><a style=\"color: #1e73be;\" href=\"https:\/\/poezjaiewangelia.pl\/?page_id=63#S63\">&nbsp;Powr\u00f3t do \u015awi\u0119ta,<\/a>&nbsp;&nbsp;<a style=\"color: #1e73be;\" href=\"https:\/\/poezjaiewangelia.pl\/?page_id=4779#S4779\">Uroczysto\u015bci i \u015bwi\u0119ta ruchome V \u2013 VI,<\/a>&nbsp; <\/span><a id=\"BCialoA\"><\/a><span style=\"color: #1e73be;\">&nbsp;&nbsp;&nbsp;<a style=\"color: #1e73be;\" href=\"https:\/\/poezjaiewangelia.pl\/?page_id=703#S703\">Powr\u00f3t do Linki<\/a><\/span><\/p>\n\n\n<div class=\"wp-block-image\">\n<figure class=\"alignleft size-large\"><a href=\"https:\/\/www.wga.hu\/framex-e.html?file=html\/j\/juanes\/1lastsup.html&amp;find=The+Last+Supper+\" target=\"_blank\" rel=\"noopener noreferrer\"><img loading=\"lazy\" decoding=\"async\" width=\"100\" height=\"115\" src=\"https:\/\/poezjaiewangelia.pl\/wp-content\/uploads\/2015\/12\/Juan-de-Juanes-Ostatnia-Wieczerza1-e1457122308191.jpg\" alt=\"Juan de Juanes Ostatnia Wieczerza (detal)\" class=\"wp-image-419\" title=\"Juan de Juanes Ostatnia Wieczerza (detal)\"\/><\/a><\/figure>\n<\/div>\n\n\n<hr class=\"wp-block-separator has-text-color has-luminous-vivid-amber-color has-css-opacity has-luminous-vivid-amber-background-color has-background is-style-dots\"\/>\n\n\n\n<p><strong><strong>Bo\u017ce Cia\u0142o r<\/strong>ok A: Ewangelia: J 6, 51 \u2013 58;<\/strong><\/p>\n\n\n\n<h2 class=\"wp-block-heading\"><strong><span class=\"has-inline-color has-luminous-vivid-orange-color\">S\u0141OWO BO\u017bE<\/span><\/strong><\/h2>\n\n\n\n<p><strong>Mowa eucharystyczna<\/strong><\/p>\n<p>51 Ja jestem chlebem \u017cywym, kt\u00f3ry zst\u0105pi\u0142 z nieba. Je\u015bli kto spo\u017cywa ten chleb, b\u0119dzie \u017cy\u0142 na wieki. Chlebem, kt\u00f3ry Ja dam, jest moje cia\u0142o za \u017cycie \u015bwiata\u00bb.<br>52 Sprzeczali si\u0119 wi\u0119c mi\u0119dzy sob\u0105 \u017bydzi m\u00f3wi\u0105c: \u00abJak On mo\u017ce nam da\u0107 [swoje] cia\u0142o do spo\u017cycia?\u00bb<br>53 Rzek\u0142 do nich Jezus: \u00abZaprawd\u0119, zaprawd\u0119, powiadam wam: Je\u017celi nie b\u0119dziecie spo\u017cywali Cia\u0142a Syna Cz\u0142owieczego i nie b\u0119dziecie pili Krwi Jego, nie b\u0119dziecie mieli \u017cycia w sobie.<br>54 Kto spo\u017cywa moje Cia\u0142o i pije moj\u0105 Krew, ma \u017cycie wieczne, a Ja go wskrzesz\u0119 w dniu ostatecznym.<br><span style=\"color: #993300;\"><strong>55 Cia\u0142o moje jest prawdziwym pokarmem, a Krew moja jest prawdziwym napojem.<\/strong><\/span><br>56 Kto spo\u017cywa moje Cia\u0142o i Krew moj\u0105 pije, trwa we Mnie, a Ja w nim.<br>57 Jak Mnie pos\u0142a\u0142 \u017cyj\u0105cy Ojciec, a Ja \u017cyj\u0119 przez* Ojca, tak i ten, kto Mnie spo\u017cywa, b\u0119dzie \u017cy\u0142 przeze Mnie.<br><span style=\"color: #993300;\"><strong>58 To jest chleb, kt\u00f3ry z nieba zst\u0105pi\u0142 \u2013 nie jest on taki jak ten, kt\u00f3ry jedli wasi przodkowie, a poumierali. Kto spo\u017cywa ten chleb, b\u0119dzie \u017cy\u0142 na wieki\u00bb.<\/strong><\/span><\/p>\n\n\n<div class=\"wp-block-image\">\n<figure class=\"aligncenter size-large is-resized\"><img loading=\"lazy\" decoding=\"async\" src=\"https:\/\/poezjaiewangelia.pl\/wp-content\/uploads\/2015\/11\/Luca-Signorelli-Ostatnia-Wieczerza-e1457126842801.jpg\" alt=\"Luca Signorelli Ostatnia Wieczerza\" class=\"wp-image-2288\" width=\"586\" height=\"248\" title=\"Luca Signorelli Ostatnia Wieczerza\"\/><figcaption><center><em>Luca Signorelli Ostatnia Wieczerza<\/em><\/center><\/figcaption><\/figure>\n<\/div>\n\n\n<h2 class=\"wp-block-heading\"><strong><span class=\"has-inline-color has-luminous-vivid-orange-color\">REFLEKSJA<\/span><\/strong><\/h2>\n\n\n\n<p><strong>Marek Skwarnicki<\/strong><\/p>\n\n\n\n<p><em><strong>Bo\u017ce Cia\u0142o \u2013 Gradua\u0142<\/strong><\/em><\/p>\n\n\n\n<p>Otwierasz r\u0119k\u0119 swoj\u0105<br>Na d\u0142oni trzymasz ziarno.<\/p>\n\n\n\n<p>Ziarno \u017cycia.<br>Ziarno \u015bwi\u0119te.<br>Ziarno wiary niepoj\u0119te.<br>Ziarnem B\u00f3g cz\u0142owieka karmi,<br>Cia\u0142em swym ze wzg\u00f3rz Kalwarii.<\/p>\n\n\n\n<p>Otwierasz r\u0119k\u0119 swoj\u0105<br>Naczynie pe\u0142ne wina.<\/p>\n\n\n\n<p>Wino ciemne<br>taje4mnicy.<br>Wino wiecznej obietnicy.<br>Winem B\u00f3g cz\u0142owieka syci,<br>poi krwi\u0105 swej tajemnicy.<\/p>\n\n\n\n<p>Otwierasz usta swoje<br>i m\u00f3wisz prawd\u0119 pe\u0142n\u0105.<\/p>\n\n\n\n<p>S\u0142owo \u017cywe.<br>Ziarno s\u0142owa.<br>Prawd\u0119 w s\u0142owie B\u00f3g darowa\u0142.<br>P\u0142onie po\u015br\u00f3d nocy s\u0142owo.<br>S\u0142owo, kt\u00f3re jest osob\u0105.<\/p>\n\n\n\n<p>Alleluja!<\/p>\n\n\n\n<p><em><strong>\u00abIntencje serca\u00bb, Pozna\u0144 1985, str. 307<\/strong><\/em><\/p>\n\n\n\n<p><strong>Marek Skwarnicki<\/strong><\/p>\n\n\n\n<p><em><strong>Bo\u017ce Cia\u0142o \u2013 Communio<\/strong><\/em><\/p>\n\n\n\n<p>A uczni\u00f3w by\u0142o dwunastu,<br>A ludzi by\u0142y miliony.<br>Rozeszli si\u0119 uczniowie<br>We wszystkie \u015bwiata strony.<br>Dobr\u0105 nowin\u0119 nie\u015bli<br>Wioskom, narodom i miastom.<br>Ludzi by\u0142y miliony<br>A uczni\u00f3w by\u0142o dwunastu.<\/p>\n\n\n\n<p>Ich by\u0142o tylko dwunastu<br>I Pocieszyciel jeden,<br>\u0141amali si\u0119 z wszystkimi<br>Codziennym swoim chlebem.<br>Wie\u015b\u0107 o pokoju nie\u015bli<br>Przez wszystkie kontynenty,<br>Uczni\u00f3w by\u0142o dwunastu,<br>A pok\u00f3j jeden \u2013 \u015bwi\u0119ty.<\/p>\n\n\n\n<p>Niech lasy zakwitn\u0105 oliwne.<br>\u015apiewajmy ludziom pie\u015b\u0144 now\u0105.<br>Zanie\u015bmy do swoich dom\u00f3w<br>Mi\u0142o\u015b\u0107 i dobre s\u0142owo.<br>Zanie\u015bmy do swoich dom\u00f3w<br>Ga\u0142\u0105zki pojednania.<br>Niech lasy zakwitn\u0105 oliwne<br>Ogrody zmartwychwstania.<\/p>\n\n\n\n<p><em><strong>\u00abIntencje serca\u00bb, Pozna\u0144 1985, str. 308<\/strong><\/em><\/p>\n\n\n\n<p style=\"text-align: center;\"><span style=\"color: #1e73be;\"><a style=\"color: #1e73be;\" href=\"https:\/\/poezjaiewangelia.pl\/?page_id=4810#Gora\">Do g\u00f3ry<\/a><\/span><\/p>\n\n\n\n<p><span style=\"color: #1e73be;\"><a style=\"color: #1e73be;\" href=\"https:\/\/poezjaiewangelia.pl\/?page_id=63#S63\">Powr\u00f3t do \u015awi\u0119ta<\/a>&nbsp;&nbsp;<\/span><a id=\"BCialoB\"><\/a><span style=\"color: #1e73be;\">&nbsp;&nbsp;&nbsp;<a style=\"color: #1e73be;\" href=\"https:\/\/poezjaiewangelia.pl\/?page_id=703#S703\">Powr\u00f3t do Linki<\/a><\/span><\/p>\n\n\n<div class=\"wp-block-image\">\n<figure class=\"alignleft size-large\"><a href=\"https:\/\/www.wga.hu\/framex-e.html?file=html\/j\/juanes\/1lastsup.html&amp;find=The+Last+Supper+\" target=\"_blank\" rel=\"noopener noreferrer\"><img loading=\"lazy\" decoding=\"async\" width=\"100\" height=\"115\" src=\"https:\/\/poezjaiewangelia.pl\/wp-content\/uploads\/2015\/12\/Juan-de-Juanes-Ostatnia-Wieczerza1-e1457122308191.jpg\" alt=\"Juan de Juanes Ostatnia Wieczerza (detal)\" class=\"wp-image-419\" title=\"Juan de Juanes Ostatnia Wieczerza (detal)\"\/><\/a><\/figure>\n<\/div>\n\n\n<hr class=\"wp-block-separator has-text-color has-luminous-vivid-amber-color has-css-opacity has-luminous-vivid-amber-background-color has-background is-style-dots\"\/>\n\n\n\n<p><strong><strong>Bo\u017ce Cia\u0142o r<\/strong>ok B: Ewangelia: \u2013 Mk 14, 12 \u2013 16. 22 \u2013 26;<\/strong><\/p>\n\n\n\n<h2 class=\"wp-block-heading\"><strong><span class=\"has-inline-color has-luminous-vivid-orange-color\">S\u0141OWO BO\u017bE<\/span><\/strong><\/h2>\n\n\n\n<p><strong>Przygotowanie Paschy<\/strong><\/p>\n<p>12 W pierwszy dzie\u0144 Prza\u015bnik\u00f3w, kiedy ofiarowywano Pasch\u0119, zapytali Jezusa Jego uczniowie: \u00abGdzie chcesz, aby\u015bmy poszli poczyni\u0107 przygotowania, \u017ceby\u015b m\u00f3g\u0142 spo\u017cy\u0107 Pasch\u0119?\u00bb<br>13 I pos\u0142a\u0142 dw\u00f3ch spo\u015br\u00f3d swoich uczni\u00f3w z tym poleceniem: \u00abId\u017acie do miasta, a spotka was cz\u0142owiek, nios\u0105cy dzban wody. Id\u017acie za nim<br>14 i tam, gdzie wejdzie, powiecie gospodarzowi: Nauczyciel pyta: gdzie jest dla Mnie izba, w kt\u00f3rej m\u00f3g\u0142bym spo\u017cy\u0107 Pasch\u0119 z moimi uczniami?<br>15 On wska\u017ce wam na g\u00f3rze sal\u0119 du\u017c\u0105, us\u0142an\u0105* i gotow\u0105. Tam przygotujecie dla nas\u00bb.<br>16 Uczniowie wybrali si\u0119 i przyszli do miasta, gdzie znale\u017ali, tak jak im powiedzia\u0142, i przygotowali Pasch\u0119.<\/p>\n<p><strong>Ustanowienie Eucharystii<\/strong><\/p>\n<p><span style=\"color: #993300;\"><strong>22 A gdy jedli, wzi\u0105\u0142 chleb, odm\u00f3wi\u0142 b\u0142ogos\u0142awie\u0144stwo, po\u0142ama\u0142 i da\u0142 im m\u00f3wi\u0105c: \u00abBierzcie, to jest Cia\u0142o moje\u00bb.23 Potem wzi\u0105\u0142 kielich i odm\u00f3wiwszy dzi\u0119kczynienie da\u0142 im, i pili z niego wszyscy.<\/strong><\/span><br><span style=\"color: #993300;\"><strong>24 I rzek\u0142 do nich: \u00abTo jest moja Krew Przymierza, kt\u00f3ra za wielu b\u0119dzie wylana.<\/strong><\/span><br>25 Zaprawd\u0119, powiadam wam: Odt\u0105d nie b\u0119d\u0119 ju\u017c pi\u0142 z owocu winnego krzewu a\u017c do owego dnia, kiedy pi\u0107 go b\u0119d\u0119 nowy w kr\u00f3lestwie Bo\u017cym\u00bb.<br>26 Po od\u015bpiewaniu hymnu wyszli w stron\u0119 G\u00f3ry Oliwnej.<\/p>\n\n\n\n<h2 class=\"wp-block-heading\"><strong><span class=\"has-inline-color has-luminous-vivid-orange-color\">REFLEKSJA<\/span><\/strong><\/h2>\n\n\n<div class=\"wp-block-image\">\n<figure class=\"aligncenter size-large is-resized\"><a href=\"https:\/\/www.wga.hu\/framex-e.html?file=html\/b\/bouts\/dirk_e\/lastsupp\/0altar.html&amp;find=Eucharist\" target=\"_blank\" rel=\"noopener noreferrer\"><img loading=\"lazy\" decoding=\"async\" src=\"https:\/\/poezjaiewangelia.pl\/wp-content\/uploads\/2015\/11\/83556c64f16d7f2fda06ef0a67f9e1dd-e1462033049725.jpg\" alt=\"Dieric Bouts the Elder O\u0142tarz Naj\u015bwi\u0119tszego Sakramentu\" class=\"wp-image-2287\" width=\"501\" height=\"316\" title=\"Dieric Bouts the Elder O\u0142tarz Naj\u015bwi\u0119tszego Sakramentu\"\/><\/a><figcaption><center><em>Dieric Bouts the Elder O\u0142tarz Naj\u015bwi\u0119tszego Sakramentu<\/em><\/center><\/figcaption><\/figure>\n<\/div>\n\n\n<p><strong>Jan Twardowski<\/strong><\/p>\n\n\n\n<p><em><strong>O \u0142asce zdziwienia<\/strong><\/em><\/p>\n\n\n\n<p>Naucz si\u0119 dziwi\u0107 w ko\u015bciele \u2013<\/p>\n\n\n\n<p>\u017ce Hostia Naj\u015bwi\u0119tsza tak ma\u0142a<br>\u017ce w d\u0142onie by j\u0105 schowa\u0142a<br>najni\u017csza dziewczynka z bieli<\/p>\n\n\n\n<p>a rzesza przed ni\u0105 upada<br>rozp\u0142acze si\u0119, spowiada \u2013<\/p>\n\n\n\n<p>\u017ce ch\u0142opcy z j\u0119zykami czarnymi od jag\u00f3d \u2013<br>na z\u0142o\u015b\u0107 babciom wylatuj\u0105c p\u00f3\u0142nago \u2013<br>w ko\u015bcio\u0142a drzwiach uchylonych<br>milkn\u0105 jak gawrony<br>bo ich ko\u015bci\u00f3\u0142 zadziwia powag\u0105.<\/p>\n\n\n\n<p>I pomy\u015bl. Jakie to dziwne<br>\u017ce B\u00f3g mia\u0142 lata dziecinne<br>Matk\u0119, osio\u0142ka, Betlejem\u2026<\/p>\n\n\n\n<p>Tyle tajemnic, judasz\u00f3w<br>m\u0119czennic, koszyczk\u00f3w, kwiat\u00f3w<\/p>\n\n\n\n<p>i nowe wci\u0105\u017c nawr\u00f3cenia<\/p>\n\n\n\n<p>\u017ce mo\u017cna nie m\u00f3wi\u0105c pacierzy<br>po prostu w Niego uwierzy\u0107<br>z tego wielkiego zdziwienia\u00abIntencje serca\u00bb, Pozna\u0144 1985, str. 312Krwi Przenaj\u015bwi\u0119tszaJan TwardowskiKrwi Przenaj\u015bwi\u0119tsza z Litanii<br>s\u0142abo\u015b\u0107 moj\u0105, n\u0119dz\u0119 ogarnij \u2013<br>ju\u017c mnie przemie\u0144 zawsze niedobrego<br>z grzechem ka\u017cdym \u2013 w bia\u0142\u0105 iskr\u0119 \u015bniegu.Krwi Przenaj\u015bwi\u0119tsza z Ran wszystkich \u2013<br>obmyj oczy me z ka\u017cdego l\u0119ku \u2013<br>niech \u0142za spadnie na garb mego grzechu \u2013<br>jak serdeczne organki d\u017awi\u0119ku.<\/p>\n\n\n\n<p>Krwi Przenaj\u015bwi\u0119tsza z Mszy ka\u017cdej \u2013<br>\u015bwiat uratuj na w\u0142osku wisz\u0105cy \u2013<br>niech nie b\u0119dzie w \u0142ask gor\u0105cym deszczu<br>jak sztubaczek nad algebr\u0105 \u015bpi\u0105cy.<\/p>\n\n\n\n<p>Krwi Przenaj\u015bwi\u0119tsza z kielich\u00f3w \u2013<br>daj nam p\u0142aka\u0107 nad sob\u0105 po cichu \u2013<br>przy o\u0142tarzach, tramwajach, na bruku \u2013<br>W Sakramencie Bo\u017cego S\u0142uchu.<\/p>\n\n\n\n<p><em><strong>\u00abIntencje serca\u00bb, Pozna\u0144 1985, str. 311<\/strong><\/em><\/p>\n\n\n\n<p style=\"text-align: center;\"><span style=\"color: #1e73be;\"><a style=\"color: #1e73be;\" href=\"https:\/\/poezjaiewangelia.pl\/?page_id=4810#Gora\">Do g\u00f3ry<\/a><\/span><\/p>\n\n\n\n<p><span style=\"color: #1e73be;\"><a style=\"color: #1e73be;\" href=\"https:\/\/poezjaiewangelia.pl\/?page_id=63#S63\">Powr\u00f3t do \u015awi\u0119ta<\/a>&nbsp;&nbsp;<\/span><a id=\"BCialoC\"><\/a><span style=\"color: #1e73be;\">&nbsp;&nbsp;&nbsp;<a style=\"color: #1e73be;\" href=\"https:\/\/poezjaiewangelia.pl\/?page_id=703#S703\">Powr\u00f3t do Linki<\/a><\/span><\/p>\n\n\n<div class=\"wp-block-image\">\n<figure class=\"alignleft size-large\"><a href=\"https:\/\/www.wga.hu\/framex-e.html?file=html\/j\/juanes\/1lastsup.html&amp;find=The+Last+Supper+\" target=\"_blank\" rel=\"noopener noreferrer\"><img loading=\"lazy\" decoding=\"async\" width=\"100\" height=\"115\" src=\"https:\/\/poezjaiewangelia.pl\/wp-content\/uploads\/2015\/12\/Juan-de-Juanes-Ostatnia-Wieczerza1-e1457122308191.jpg\" alt=\"Juan de Juanes Ostatnia Wieczerza (detal)\" class=\"wp-image-419\" title=\"Juan de Juanes Ostatnia Wieczerza (detal)\"\/><\/a><\/figure>\n<\/div>\n\n\n<hr class=\"wp-block-separator has-text-color has-luminous-vivid-amber-color has-css-opacity has-luminous-vivid-amber-background-color has-background is-style-dots\"\/>\n\n\n\n<p><strong>Bo\u017ce Cia\u0142o rok C: Ewangelia: \u0141k 9, 11 b \u2013 17;<\/strong><\/p>\n\n\n\n<h2 class=\"wp-block-heading\"><strong><span class=\"has-inline-color has-luminous-vivid-orange-color\">S\u0141OWO BO\u017bE<\/span><\/strong><\/h2>\n\n\n\n<p>11 &nbsp;Lecz t\u0142umy dowiedzia\u0142y si\u0119 o tym i posz\u0142y za Nim. On je przyj\u0105\u0142 i m\u00f3wi\u0142 im o kr\u00f3lestwie Bo\u017cym, a tych, kt\u00f3rzy leczenia potrzebowali, uzdrawia\u0142.<\/p>\n<p><strong>Pierwsze rozmno\u017cenie chleba&nbsp;<\/strong><\/p>\n<p>12 Dzie\u0144 pocz\u0105\u0142 si\u0119 chyli\u0107 ku wieczorowi. Wtedy przyst\u0105pi\u0142o do Niego Dwunastu m\u00f3wi\u0105c: \u00abOdpraw t\u0142um; niech id\u0105 do okolicznych wsi i zagr\u00f3d, gdzie znajd\u0105 schronienie i \u017cywno\u015b\u0107, bo jeste\u015bmy tu na pustkowiu\u00bb.<br>13 Lecz On rzek\u0142 do nich: \u00abWy dajcie im je\u015b\u0107!\u00bb Oni odpowiedzieli: \u00abMamy tylko pi\u0119\u0107 chleb\u00f3w i dwie ryby; chyba \u017ce p\u00f3jdziemy i nakupimy \u017cywno\u015bci dla wszystkich tych ludzi\u00bb.<br>14 By\u0142o bowiem oko\u0142o pi\u0119ciu tysi\u0119cy m\u0119\u017cczyzn. Wtedy rzek\u0142 do swych uczni\u00f3w: \u00abKa\u017ccie im rozsi\u0105\u015b\u0107 si\u0119 gromadami mniej wi\u0119cej po pi\u0119\u0107dziesi\u0119ciu!\u00bb<br>15 Uczynili tak i rozmie\u015bcili wszystkich.<br><span style=\"color: #993300;\"><strong>16 A On wzi\u0105\u0142 te pi\u0119\u0107 chleb\u00f3w i dwie ryby, spojrza\u0142 w niebo i odm\u00f3wiwszy nad nimi b\u0142ogos\u0142awie\u0144stwo, po\u0142ama\u0142 i dawa\u0142 uczniom, by podawali ludowi.<\/strong><\/span><br><span style=\"color: #993300;\"><strong>17 Jedli i nasycili si\u0119 wszyscy, i zebrano jeszcze dwana\u015bcie kosz\u00f3w u\u0142omk\u00f3w, kt\u00f3re im zosta\u0142y.<\/strong><\/span><\/p>\n\n\n<div class=\"wp-block-image\">\n<figure class=\"aligncenter size-large is-resized\"><a href=\"https:\/\/commons.wikimedia.org\/wiki\/File:Brotvermehrungskirche_BW_3-2.JPG\" target=\"_blank\" rel=\"noopener noreferrer\"><img loading=\"lazy\" decoding=\"async\" src=\"https:\/\/poezjaiewangelia.pl\/wp-content\/uploads\/2020\/05\/Cud-chleba-i-ryb-Mozaika-w-Tabdze-1024x714.jpg\" alt=\"Cud chleba i ryb Mozaika w Tabdze\" class=\"wp-image-8205\" width=\"512\" height=\"357\" title=\"Cud chleba i ryb Mozaika w Tabdze\" srcset=\"https:\/\/poezjaiewangelia.pl\/wp-content\/uploads\/2020\/05\/Cud-chleba-i-ryb-Mozaika-w-Tabdze-1024x714.jpg 1024w, https:\/\/poezjaiewangelia.pl\/wp-content\/uploads\/2020\/05\/Cud-chleba-i-ryb-Mozaika-w-Tabdze-300x209.jpg 300w, https:\/\/poezjaiewangelia.pl\/wp-content\/uploads\/2020\/05\/Cud-chleba-i-ryb-Mozaika-w-Tabdze-768x536.jpg 768w, https:\/\/poezjaiewangelia.pl\/wp-content\/uploads\/2020\/05\/Cud-chleba-i-ryb-Mozaika-w-Tabdze-685x478.jpg 685w, https:\/\/poezjaiewangelia.pl\/wp-content\/uploads\/2020\/05\/Cud-chleba-i-ryb-Mozaika-w-Tabdze.jpg 1200w\" sizes=\"auto, (max-width: 512px) 100vw, 512px\" \/><\/a><figcaption><center><em>Cud chleba i ryb Mozaika w Tabdze<\/em><\/center><\/figcaption><\/figure>\n<\/div>\n\n\n<p><strong>Marek Skwarnicki<\/strong><\/p>\n\n\n\n<p><em><strong>Bo\u017ce Cia\u0142o \u2013 Introit<\/strong><\/em><\/p>\n\n\n\n<p>G\u0142odny chodz\u0119 po mie\u015bcie.<br>Id\u0119 g\u0142odny przez \u017cycie.<br>S\u0142ysza\u0142em, \u017ce w Twoim domu<br>wyborn\u0105 trzymasz pszenic\u0119.<br>S\u0142ysza\u0142em, \u017ce S\u0142owo Twoje<br>jest sytym prawdy miodem.<br>Przychodz\u0119 do Twego domu<br>Cz\u0142owiek zm\u0119czony g\u0142odem<\/p>\n\n\n\n<p><em><strong>\u00abIntencje serca\u00bb, Pozna\u0144 1985, str. 307<\/strong><\/em><\/p>\n\n\n\n<p><strong>Beata Oberty\u0144ska<\/strong><\/p>\n\n\n\n<p><strong>* * *<\/strong><br>O, Boska Cierpliwo\u015bci! Po\u017ca\u0142uj nas! Naprawd\u0119!<br>To biedne ludzkie stado! Ta serc ja\u0142owa gleba!<br>Gdy pierwszy g\u0142\u00f3d zasyci glon j\u0119czmiennego chleba,<br>bezmy\u015blnie \u0142ask u\u0142omki wdeptujemy w traw\u0119\u2026<\/p>\n\n\n\n<p><em><strong>\u00abGrudki kadzid\u0142a\u00bb, Krak\u00f3w 1987, str. 108<\/strong><\/em><\/p>\n\n\n\n<p><strong>Marek Skwarnicki<\/strong><\/p>\n\n\n\n<p><em><strong>Bo\u017ce Cia\u0142o \u2013 Offertorium<\/strong><\/em><\/p>\n\n\n\n<p>Z\u0142o\u017c\u0119 na Pa\u0144skim stole<br>cz\u0142owiecz\u0105 swoj\u0105 dol\u0119.<\/p>\n\n\n\n<p>Wyjawi\u0119 w Pa\u0144skim domu<br>zal nieznany nikomu.<\/p>\n\n\n\n<p>Przed raju gospodarzem<br>po\u0142o\u017c\u0119 garstk\u0119 marze\u0144.<\/p>\n\n\n\n<p>Bogu na wysoko\u015bci<br>opowiem swe rado\u015bci.<\/p>\n\n\n\n<p>Do r\u0105k mu podam skrycie<br>codzienne moje \u017cycie.<\/p>\n\n\n\n<p><em><strong>\u00abIntencje serca\u00bb, Pozna\u0144 1985, str. 308.<\/strong><\/em><\/p>\n\n\n\n<p style=\"text-align: center;\"><span style=\"color: #1e73be;\"><a style=\"color: #1e73be;\" href=\"https:\/\/poezjaiewangelia.pl\/?page_id=4810#Gora\">Do g\u00f3ry<\/a><\/span><\/p>\n","protected":false},"excerpt":{"rendered":"<p>i Bo\u017ce Cia\u0142o Rok A&nbsp;&nbsp;&nbsp;&nbsp;&nbsp;&nbsp;Bo\u017ce Cia\u0142o Rok B&nbsp;&nbsp;&nbsp;&nbsp;&nbsp;Bo\u017ce Cia\u0142o Rok C &nbsp;Powr\u00f3t do \u015awi\u0119ta,&nbsp;&nbsp;Uroczysto\u015bci i \u015bwi\u0119ta ruchome V \u2013 VI,&nbsp; &nbsp;&nbsp;&nbsp;Powr\u00f3t do Linki Bo\u017ce Cia\u0142o rok A: Ewangelia: J 6, 51 \u2013 58; Mowa eucharystyczna 51 Ja jestem chlebem \u017cywym, kt\u00f3ry zst\u0105pi\u0142 z nieba. Je\u015bli kto spo\u017cywa ten chleb, b\u0119dzie \u017cy\u0142 na wieki. Chlebem, kt\u00f3ry &hellip; <a href=\"https:\/\/poezjaiewangelia.pl\/?page_id=4810\" class=\"more-link\">Czytaj dalej <span class=\"screen-reader-text\">Uroczysto\u015b\u0107 Naj\u015bwi\u0119tszego Cia\u0142a i Krwi Chrystusa rok A, B, C;<\/span><\/a><\/p>\n","protected":false},"author":1,"featured_media":0,"parent":4779,"menu_order":4,"comment_status":"closed","ping_status":"closed","template":"","meta":{"_monsterinsights_skip_tracking":false,"_monsterinsights_sitenote_active":false,"_monsterinsights_sitenote_note":"","_monsterinsights_sitenote_category":0,"footnotes":""},"class_list":["post-4810","page","type-page","status-publish","hentry"],"aioseo_notices":[],"_links":{"self":[{"href":"https:\/\/poezjaiewangelia.pl\/index.php?rest_route=\/wp\/v2\/pages\/4810","targetHints":{"allow":["GET"]}}],"collection":[{"href":"https:\/\/poezjaiewangelia.pl\/index.php?rest_route=\/wp\/v2\/pages"}],"about":[{"href":"https:\/\/poezjaiewangelia.pl\/index.php?rest_route=\/wp\/v2\/types\/page"}],"author":[{"embeddable":true,"href":"https:\/\/poezjaiewangelia.pl\/index.php?rest_route=\/wp\/v2\/users\/1"}],"replies":[{"embeddable":true,"href":"https:\/\/poezjaiewangelia.pl\/index.php?rest_route=%2Fwp%2Fv2%2Fcomments&post=4810"}],"version-history":[{"count":20,"href":"https:\/\/poezjaiewangelia.pl\/index.php?rest_route=\/wp\/v2\/pages\/4810\/revisions"}],"predecessor-version":[{"id":10023,"href":"https:\/\/poezjaiewangelia.pl\/index.php?rest_route=\/wp\/v2\/pages\/4810\/revisions\/10023"}],"up":[{"embeddable":true,"href":"https:\/\/poezjaiewangelia.pl\/index.php?rest_route=\/wp\/v2\/pages\/4779"}],"wp:attachment":[{"href":"https:\/\/poezjaiewangelia.pl\/index.php?rest_route=%2Fwp%2Fv2%2Fmedia&parent=4810"}],"curies":[{"name":"wp","href":"https:\/\/api.w.org\/{rel}","templated":true}]}}