{"id":4839,"date":"2018-11-05T10:44:34","date_gmt":"2018-11-05T10:44:34","guid":{"rendered":"https:\/\/poezjaiewangelia.pl\/?page_id=4839"},"modified":"2023-01-28T15:18:05","modified_gmt":"2023-01-28T14:18:05","slug":"uroczystosc-najswietszej-maryi-panny-krolowej-polski-03-05-rok-a-b-c","status":"publish","type":"page","link":"https:\/\/poezjaiewangelia.pl\/?page_id=4839","title":{"rendered":"Uroczysto\u015b\u0107 Naj\u015bwi\u0119tszej Maryi Panny Kr\u00f3lowej Polski (3.05.) rok ABC;"},"content":{"rendered":"\n<p><span style=\"color: #1e73be;\"><a style=\"color: #1e73be;\" href=\"https:\/\/poezjaiewangelia.pl\/?page_id=63#S63\">Powr\u00f3t do \u015awi\u0119ta,<\/a> <\/span><a id=\"S4839\"><\/a><span style=\"color: #1e73be;\"><a style=\"color: #1e73be;\" href=\"https:\/\/poezjaiewangelia.pl\/?page_id=4781#S4781\"> Uroczysto\u015bci i \u015bwi\u0119ta V \u2013 VI,\u00a0 <\/a><\/span><a id=\"Gora\"><\/a><span style=\"color: #1e73be;\">\u00a0<a style=\"color: #1e73be;\" href=\"https:\/\/poezjaiewangelia.pl\/?page_id=703#S703\">Powr\u00f3t do Linki<\/a><\/span><\/p>\n\n\n<div class=\"wp-block-image\">\n<figure class=\"alignright size-large\"><img loading=\"lazy\" decoding=\"async\" width=\"150\" height=\"150\" src=\"https:\/\/poezjaiewangelia.pl\/wp-content\/uploads\/2018\/10\/R\u00f3\u017ca-bia\u0142a-e1592148272533.png\" alt=\"Kolor szat\" class=\"wp-image-4591\"\/><figcaption class=\"wp-element-caption\">Kolor szat<\/figcaption><\/figure>\n<\/div>\n\n<div class=\"wp-block-image\">\n<figure class=\"alignleft size-large\"><a href=\"http:\/\/jasnagora.pl\/pl\/o-sanktuarium\/historia-cudownego-obrazu\/\" target=\"_blank\" rel=\"noopener noreferrer\"><img loading=\"lazy\" decoding=\"async\" width=\"100\" height=\"130\" src=\"https:\/\/poezjaiewangelia.pl\/wp-content\/uploads\/2015\/12\/Matka-Boska-Czestochowska1.jpg\" alt=\"Matka Boska Cz\u0119stochowska\" class=\"wp-image-425\" title=\"Matka Boska Cz\u0119stochowska\"\/><\/a><\/figure>\n<\/div>\n\n\n<hr class=\"wp-block-separator has-text-color has-luminous-vivid-amber-color has-css-opacity has-luminous-vivid-amber-background-color has-background is-style-dots\"\/>\n\n\n\n<p><strong>Ewangelia: J 19, 25 \u2013 27;<\/strong><\/p>\n\n\n\n<h2 class=\"wp-block-heading\"><strong><span class=\"has-inline-color has-luminous-vivid-orange-color\">S\u0141OWO BO\u017bE<\/span><\/strong><\/h2>\n\n\n<div class=\"wp-block-image\">\n<figure class=\"alignleft size-large is-resized\"><a href=\"https:\/\/www.wga.hu\/frames-e.html?\/html\/c\/carpioni\/crucifix.html\" target=\"_blank\" rel=\"noopener noreferrer\"><img loading=\"lazy\" decoding=\"async\" src=\"https:\/\/poezjaiewangelia.pl\/wp-content\/uploads\/2015\/11\/fbce84fdab505c5ee6fb402815b8c919-e1457113340167.jpg\" alt=\"Giulio Carpioni Ukrzy\u017cowanie\" class=\"wp-image-2253\" width=\"267\" height=\"407\" title=\"Giulio Carpioni Ukrzy\u017cowanie\"\/><\/a><figcaption class=\"wp-element-caption\"><center><em>Giulio Carpioni Ukrzy\u017cowanie<\/em><\/center><\/figcaption><\/figure>\n<\/div>\n\n\n<p>\u00a0<\/p>\n<p>\u00a0<\/p>\n<p>\u00a0<\/p>\n<p><strong>Testament z krzy\u017ca<\/strong><\/p>\n<p>25 A obok krzy\u017ca Jezusowego sta\u0142y: Matka Jego i siostra Matki Jego, Maria, \u017cona Kleofasa, i Maria Magdalena.<br \/>26 Kiedy wi\u0119c Jezus ujrza\u0142 Matk\u0119 i stoj\u0105cego obok Niej ucznia, kt\u00f3rego mi\u0142owa\u0142, rzek\u0142 do Matki: \u00abNiewiasto, oto syn Tw\u00f3j\u00bb.<br \/><span style=\"color: #993300;\"><strong>27 Nast\u0119pnie rzek\u0142 do ucznia: \u00abOto Matka twoja\u00bb. I od tej godziny ucze\u0144 wzi\u0105\u0142 J\u0105 do siebie.<\/strong><\/span><\/p>\n\n\n\n<h2 class=\"wp-block-heading\"><strong><span class=\"has-inline-color has-luminous-vivid-orange-color\">REFLEKSJA<\/span><\/strong><\/h2>\n\n\n\n<p><strong>Jan Twardowski<\/strong><\/p>\n\n\n\n<p><em><strong>Do Matki Bo\u017cej<\/strong><\/em><\/p>\n\n\n\n<p>Matk\u0105 mi jeste\u015b<br>bo matka bezbronna<br>ka\u017cdego najpewniej obroni<br>cho\u0107by jednym palcem jak u\u015bmiechem d\u0142oni<br>zwyk\u0142ym krzy\u017cykiem zdj\u0119tym ze swojego cia\u0142a<\/p>\n\n\n\n<p>Kr\u00f3low\u0105 mi jeste\u015b<br>gdy panujesz we mnie<br>gdy grzechy swe wyznam p\u0142acz\u0105c po kryjomu<br>ukl\u0119kn\u0119 \u2013 zaprosz\u0119 do siebie<br>by\u015b tupa\u0142a na diab\u0142a w ca\u0142ym moim domu<\/p>\n\n\n\n<p><em><strong>\u00abPos\u0142aniec nadziei\u00bb, Warszawa \u2013 Rzesz\u00f3w 2005, str. 121.Niedziela Naj\u015bwi\u0119tszej Tr\u00f3jcy<\/strong><\/em><\/p>\n\n\n\n<p><strong>Jan Twardowski<\/strong><\/p>\n\n\n\n<p><strong>* * *<\/strong><br>Nic mnie nie za\u0142ama\u0142o<br>ani pustka po \u017cyczliwym spojrzeniu<br>ani zbieranie na tac\u0119<br>ani to \u017ce o ma\u0142o nie zwichn\u0105\u0142em palca stukaj\u0105c w konfesjona\u0142 ani pytania osiemnastoletnich<br>ani anonimy kt\u00f3rych koperty nawet sycz\u0105 \u2014<br>ani dowody w kt\u00f3re trzeba najpierw uwierzy\u0107<br>ani wierni kt\u00f3rzy si\u0119 nienawidz\u0105 w tramwajach<br>ani cnota p\u0142acz\u0105ca jak nieszcz\u0119\u015bliwe szcz\u0119\u015bcie<br>ani kaznodzieje ze z\u0142otymi z\u0119bami<br>ani obawa \u017ce nie dam rady nie dojd\u0119<br>wywr\u00f3c\u0119 si\u0119 jeszcze przed p\u0142otem Kr\u00f3lestwa Niebieskiego<br>bogatsi zostan\u0105 coraz bogatsi a biedni coraz biedniejsi<br>nawet ptaki \u015bpiewaj\u0105 ze strachu<br>nic mnie nie za\u0142ama\u0142o<br>bo wci\u0105\u017c widz\u0119 Ciebie Matko Naj\u015bwi\u0119tsza<br>zamiast ber\u0142a \u2014 trzymasz k\u0142\u0119bek w\u0142\u00f3czki<\/p>\n\n\n<div class=\"wp-block-image\">\n<figure class=\"alignright size-large is-resized\"><a href=\"https:\/\/pl.wikipedia.org\/wiki\/Plik:Gdansk_Kosciol_Mariacki_Piekna_Madonna.jpg\" target=\"_blank\" rel=\"noopener noreferrer\"><img loading=\"lazy\" decoding=\"async\" src=\"https:\/\/poezjaiewangelia.pl\/wp-content\/uploads\/2015\/11\/984cccb972eb73987ec8523a1166747b-e1462032806729.jpg\" alt=\"Gda\u0144ska Pi\u0119kna Madonna - Bazylika Mariacka\" class=\"wp-image-2255\" width=\"250\" height=\"425\" title=\"Gda\u0144ska Pi\u0119kna Madonna \u2013 Bazylika Mariacka\"\/><\/a><figcaption class=\"wp-element-caption\"><center><em>Gda\u0144ska Pi\u0119kna Madonna &#8211; Bazylika Mariacka<\/em><\/center><\/figcaption><\/figure>\n<\/div>\n\n\n<p>cerujesz teologi\u0119<\/p>\n\n\n\n<p><em><strong>\u00abNie przyszed\u0142em pana nawraca\u0107\u00bb, Pozna\u0144 2009, str. 70<\/strong><\/em><\/p>\n\n\n\n<p><strong>Jan Twardowski<\/strong><\/p>\n\n\n\n<p><em><strong>Nie b\u00f3j si\u0119<\/strong><\/em><\/p>\n\n\n\n<p>Nie b\u00f3j si\u0119 kocha\u0107 je\u015bli tylko wierzysz<br>Matka Boska Kr\u00f3low\u0105 wi\u0119c Jej ziemia ca\u0142a<br>przetrzyma ustr\u00f3j prze\u017cyje rozstanie<br>serce jak stary Werter zdolne do cierpienia<\/p>\n\n\n\n<p>a mi\u0142o\u015b\u0107 daje to czego nie daje<br>wi\u0119cej ni\u017c my\u015blisz bo jest ca\u0142a Stamt\u0105d<br>a \u015bmier\u0107 to ciekawostka \u017ce trzeba i\u015b\u0107 dalej<\/p>\n\n\n\n<p><em><strong>\u00abNie przyszed\u0142em pana nawraca\u0107\u00bb, Pozna\u0144 2009, str. 383<\/strong><\/em><\/p>\n\n\n\n<hr class=\"wp-block-separator has-text-color has-luminous-vivid-amber-color has-css-opacity has-luminous-vivid-amber-background-color has-background is-style-dots\"\/>\n\n\n\n<hr class=\"wp-block-separator has-text-color has-luminous-vivid-amber-color has-css-opacity has-luminous-vivid-amber-background-color has-background is-style-dots\"\/>\n\n\n\n<p class=\"has-text-align-center\"><a href=\"https:\/\/poezjaiewangelia.pl\/?page_id=4839#Gora\"><span style=\"color:#1e73be\" class=\"has-inline-color\">Do g\u00f3ry<\/span><\/a><\/p>\n","protected":false},"excerpt":{"rendered":"<p>Powr\u00f3t do \u015awi\u0119ta, Uroczysto\u015bci i \u015bwi\u0119ta V \u2013 VI,\u00a0 \u00a0Powr\u00f3t do Linki Ewangelia: J 19, 25 \u2013 27; \u00a0 \u00a0 \u00a0 Testament z krzy\u017ca 25 A obok krzy\u017ca Jezusowego sta\u0142y: Matka Jego i siostra Matki Jego, Maria, \u017cona Kleofasa, i Maria Magdalena.26 Kiedy wi\u0119c Jezus ujrza\u0142 Matk\u0119 i stoj\u0105cego obok Niej ucznia, kt\u00f3rego mi\u0142owa\u0142, rzek\u0142 &hellip; <a href=\"https:\/\/poezjaiewangelia.pl\/?page_id=4839\" class=\"more-link\">Czytaj dalej <span class=\"screen-reader-text\">Uroczysto\u015b\u0107 Naj\u015bwi\u0119tszej Maryi Panny Kr\u00f3lowej Polski (3.05.) rok ABC;<\/span><\/a><\/p>\n","protected":false},"author":1,"featured_media":0,"parent":4781,"menu_order":1,"comment_status":"closed","ping_status":"closed","template":"","meta":{"_monsterinsights_skip_tracking":false,"_monsterinsights_sitenote_active":false,"_monsterinsights_sitenote_note":"","_monsterinsights_sitenote_category":0,"footnotes":""},"class_list":["post-4839","page","type-page","status-publish","hentry"],"aioseo_notices":[],"_links":{"self":[{"href":"https:\/\/poezjaiewangelia.pl\/index.php?rest_route=\/wp\/v2\/pages\/4839","targetHints":{"allow":["GET"]}}],"collection":[{"href":"https:\/\/poezjaiewangelia.pl\/index.php?rest_route=\/wp\/v2\/pages"}],"about":[{"href":"https:\/\/poezjaiewangelia.pl\/index.php?rest_route=\/wp\/v2\/types\/page"}],"author":[{"embeddable":true,"href":"https:\/\/poezjaiewangelia.pl\/index.php?rest_route=\/wp\/v2\/users\/1"}],"replies":[{"embeddable":true,"href":"https:\/\/poezjaiewangelia.pl\/index.php?rest_route=%2Fwp%2Fv2%2Fcomments&post=4839"}],"version-history":[{"count":15,"href":"https:\/\/poezjaiewangelia.pl\/index.php?rest_route=\/wp\/v2\/pages\/4839\/revisions"}],"predecessor-version":[{"id":10290,"href":"https:\/\/poezjaiewangelia.pl\/index.php?rest_route=\/wp\/v2\/pages\/4839\/revisions\/10290"}],"up":[{"embeddable":true,"href":"https:\/\/poezjaiewangelia.pl\/index.php?rest_route=\/wp\/v2\/pages\/4781"}],"wp:attachment":[{"href":"https:\/\/poezjaiewangelia.pl\/index.php?rest_route=%2Fwp%2Fv2%2Fmedia&parent=4839"}],"curies":[{"name":"wp","href":"https:\/\/api.w.org\/{rel}","templated":true}]}}