{"id":4844,"date":"2018-11-05T11:25:21","date_gmt":"2018-11-05T11:25:21","guid":{"rendered":"https:\/\/poezjaiewangelia.pl\/?page_id=4844"},"modified":"2022-07-18T17:43:59","modified_gmt":"2022-07-18T16:43:59","slug":"nawiedzenie-najswietszej-marii-panny-31-05-rok-a-b-c","status":"publish","type":"page","link":"https:\/\/poezjaiewangelia.pl\/?page_id=4844","title":{"rendered":"Nawiedzenie Naj\u015bwi\u0119tszej Marii Panny (31.05.) rok ABC;"},"content":{"rendered":"\n<p><span style=\"color: #1e73be;\"><a style=\"color: #1e73be;\" href=\"https:\/\/poezjaiewangelia.pl\/?page_id=63#S63\">Powr\u00f3t do \u015awi\u0119ta,<\/a> &nbsp;<\/span><a id=\"S4844\"><\/a><span style=\"color: #1e73be;\"><a style=\"color: #1e73be;\" href=\"https:\/\/poezjaiewangelia.pl\/?page_id=4781#S4781\"> Uroczysto\u015bci i \u015bwi\u0119ta V \u2013 VI,&nbsp; <\/a><\/span><a id=\"Gora\"><\/a><span style=\"color: #1e73be;\">&nbsp;<a style=\"color: #1e73be;\" href=\"https:\/\/poezjaiewangelia.pl\/?page_id=703#S703\">Powr\u00f3t do Linki<\/a><\/span><\/p>\n\n\n<div class=\"wp-block-image\">\n<figure class=\"alignright size-large\"><img loading=\"lazy\" decoding=\"async\" width=\"150\" height=\"150\" src=\"https:\/\/poezjaiewangelia.pl\/wp-content\/uploads\/2018\/10\/R\u00f3\u017ca-bia\u0142a-e1592148272533.png\" alt=\"Kolor szat\" class=\"wp-image-4591\"\/><figcaption>Kolor szat<\/figcaption><\/figure>\n<\/div>\n\n<div class=\"wp-block-image\">\n<figure class=\"alignleft size-full\"><a href=\"http:\/\/iconoskiko.blogspot.com\/p\/iconos-de-kiko-arguello.html\" target=\"_blank\" rel=\"noopener noreferrer\"><img loading=\"lazy\" decoding=\"async\" width=\"100\" height=\"130\" src=\"https:\/\/poezjaiewangelia.pl\/wp-content\/uploads\/2022\/06\/Kiko-Arguello-Madonna.jpg\" alt=\"\" class=\"wp-image-9729\" title=\"Kiko Arg\u00fcello Madonna\"\/><\/a><\/figure>\n<\/div>\n\n\n<hr class=\"wp-block-separator has-text-color has-luminous-vivid-amber-color has-css-opacity has-luminous-vivid-amber-background-color has-background is-style-dots\"\/>\n\n\n\n<p><strong>Ewangelia \u0141k 1,39-56;<\/strong><\/p>\n\n\n\n<h2 class=\"wp-block-heading\"><strong><span class=\"has-inline-color has-luminous-vivid-orange-color\">S\u0141OWO BO\u017bE<\/span><\/strong><\/h2>\n\n\n<div class=\"wp-block-image\">\n<figure class=\"alignleft size-large is-resized\"><a href=\"https:\/\/www.wga.hu\/framex-e.html?file=html\/t\/tintoret\/5_1580s\/1visitat.html&amp;find=Visitation\" target=\"_blank\" rel=\"noopener noreferrer\"><img loading=\"lazy\" decoding=\"async\" src=\"https:\/\/poezjaiewangelia.pl\/wp-content\/uploads\/2015\/11\/Tintoretto-Nawiedzenie.jpg\" alt=\"Tintoretto Nawiedzenie\" class=\"wp-image-2798\" width=\"408\" height=\"264\"\/><\/a><figcaption><center><em>Tintoretto Nawiedzenie<\/em><\/center><\/figcaption><\/figure>\n<\/div>\n\n\n<p><strong>Nawiedzenie<\/strong><\/p>\n<p>39 W tym czasie Maryja wybra\u0142a si\u0119 i posz\u0142a z po\u015bpiechem w g\u00f3ry do pewnego miasta w [pokoleniu] Judy.<br \/>40 Wesz\u0142a do domu Zachariasza i pozdrowi\u0142a El\u017cbiet\u0119.<br \/>41 Gdy El\u017cbieta us\u0142ysza\u0142a pozdrowienie Maryi, poruszy\u0142o si\u0119 dzieci\u0105tko w jej \u0142onie, a Duch \u015awi\u0119ty nape\u0142ni\u0142 El\u017cbiet\u0119.<br \/><span style=\"color: #993300;\">42\u00a0<strong>Wyda\u0142a ona okrzyk i powiedzia\u0142a: \u00abB\u0142ogos\u0142awiona jeste\u015b mi\u0119dzy niewiastami i b\u0142ogos\u0142awiony jest owoc Twojego \u0142ona.<\/strong><\/span><br \/>43 A sk\u0105d\u017ce mi to, \u017ce Matka mojego Pana przychodzi do mnie?<br \/>44 Oto, skoro g\u0142os Twego pozdrowienia zabrzmia\u0142 w moich uszach, poruszy\u0142o si\u0119 z rado\u015bci dzieci\u0105tko w moim \u0142onie.<br \/>45 B\u0142ogos\u0142awiona jeste\u015b, kt\u00f3ra\u015b uwierzy\u0142a, \u017ce spe\u0142ni\u0105 si\u0119 s\u0142owa powiedziane Ci od Pana\u00bb.<\/p>\n<div id=\"attachment_2798\" class=\"wp-caption alignright\">\u00a0<\/div>\n<p><strong>Magnificat<\/strong><\/p>\n<p>46 Wtedy Maryja rzek\u0142a:<br \/>\u00abWielbi dusza moja Pana,<br \/>47 i raduje si\u0119 duch m\u00f3j w Bogu, moim Zbawcy.<br \/>48 Bo wejrza\u0142 na uni\u017cenie S\u0142u\u017cebnicy swojej.<br \/><span style=\"color: #993300;\"><strong>Oto bowiem b\u0142ogos\u0142awi\u0107 mnie b\u0119d\u0105 odt\u0105d wszystkie pokolenia,<\/strong><\/span><br \/><span style=\"color: #993300;\"><strong>49 gdy\u017c wielkie rzeczy uczyni\u0142 mi Wszechmocny.<\/strong><\/span><br \/>\u015awi\u0119te jest Jego imi\u0119<br \/>50 a swoje mi\u0142osierdzie na pokolenia i pokolenia [zachowuje] dla tych, co si\u0119 Go boj\u0105.<br \/>51 On przejawia moc ramienia swego,<br \/>rozprasza [ludzi] pyszni\u0105cych si\u0119 zamys\u0142ami serc swoich.<br \/>52 Str\u0105ca w\u0142adc\u00f3w z tronu, a wywy\u017csza pokornych.<br \/>53 G\u0142odnych nasyca dobrami, a bogatych z niczym odprawia.<br \/>54 Uj\u0105\u0142 si\u0119 za s\u0142ug\u0105 swoim, Izraelem,<br \/>pomny na mi\u0142osierdzie swoje \u2013<br \/>55 jak przyobieca\u0142 naszym ojcom \u2013<br \/>na rzecz Abrahama i jego potomstwa na wieki\u00bb.<br \/>56 Maryja pozosta\u0142a u niej oko\u0142o trzech miesi\u0119cy; potem wr\u00f3ci\u0142a do domu.<\/p>\n\n\n\n<h2 class=\"wp-block-heading\"><strong><span class=\"has-inline-color has-luminous-vivid-orange-color\">REFLEKSJA<\/span><\/strong><\/h2>\n\n\n\n<p><strong>Beata Oberty\u0144ska<\/strong><\/p>\n\n\n\n<p><em><strong>Nawiedzenie<\/strong><\/em><\/p>\n\n\n\n<p>Dwie t\u0119cze \u2013 z kt\u00f3rych jedna \u0142ukiem w drug\u0105 wnika.<br>I Pie\u015b\u0144, kt\u00f3ra nam echo na wieczno\u015b\u0107 przechowa.<br>I ten Duchem spr\u0119\u017cony podryw poprzednika<br>co z El\u017cbiety \u2013 przez Mari\u0119 \u2013 poczu\u0142 blisko\u015b\u0107 S\u0141OWA.<\/p>\n\n\n\n<p><strong>\u00abGrudki kadzid\u0142a\u00bb, Krak\u00f3w 1987, str.122<\/strong><\/p>\n\n\n<div class=\"wp-block-image\">\n<figure class=\"alignright size-large is-resized\"><img loading=\"lazy\" decoding=\"async\" src=\"https:\/\/poezjaiewangelia.pl\/wp-content\/uploads\/2018\/11\/Philippe-de-Champaigne-Nawiedzenie.jpg\" alt=\"Philippe de Champaigne Nawiedzenie\" class=\"wp-image-5498\" width=\"300\" height=\"386\" title=\"Philippe de Champaigne Nawiedzenie\" srcset=\"https:\/\/poezjaiewangelia.pl\/wp-content\/uploads\/2018\/11\/Philippe-de-Champaigne-Nawiedzenie.jpg 300w, https:\/\/poezjaiewangelia.pl\/wp-content\/uploads\/2018\/11\/Philippe-de-Champaigne-Nawiedzenie-233x300.jpg 233w\" sizes=\"auto, (max-width: 300px) 100vw, 300px\" \/><figcaption><center><em>Philippe de Champaigne Nawiedzenie<\/em><\/center><\/figcaption><\/figure>\n<\/div>\n\n\n<p><strong>Mariusz Berny\u015b<\/strong><\/p>\n\n\n\n<p><em><strong>Maryjo o pi\u0119knym sercu<\/strong><\/em><\/p>\n\n\n\n<p>Maryjo o pi\u0119knym sercu<br>Matko Niepokalana<br>dzi\u015b serce moje zrani\u0142o<br>mojego Pana<\/p>\n\n\n\n<p>On zmieni\u0107 chcia\u0142 moj\u0105 mi\u0142o\u015b\u0107<br>w mi\u0142o\u015b\u0107 czyst\u0105, niewinn\u0105<\/p>\n\n\n\n<p>i pragn\u0105\u0142, by serce by\u0142o<br>czym by\u0107 powinno<\/p>\n\n\n\n<p>a serce boi si\u0119 kocha\u0107<br>dotknij je swoj\u0105 r\u0119k\u0105<br>niech czym by\u0107 powinno<br>Pi\u0119kna Panienko<\/p>\n\n\n\n<p>we\u017a je w swe d\u0142onie, jak wtedy<br>w niepokalanych wodach<br>z mi\u0142o\u015bci\u0105 nosi\u0142a\u015b w sobie<br>serduszko Boga<\/p>\n\n\n\n<p>i no\u015b tak d\u0142ugo to serce<br>co l\u0119ka si\u0119 ciemno\u015bci<br>a\u017c si\u0119 w twych d\u0142oniach przemieni<br>w p\u0142omie\u0144 mi\u0142o\u015bci<\/p>\n\n\n\n<p><strong>\u00abwiersze o Mi\u0142o\u015bci i powo\u0142aniu\u00bb, Z\u0105bki 2014, str. 14<\/strong><\/p>\n\n\n\n<p class=\"has-text-align-center\"><a href=\"https:\/\/poezjaiewangelia.pl\/?page_id=4844#Gora\"><span style=\"color:#1e73be\" class=\"tadv-color\">Do g\u00f3ry<\/span><\/a><\/p>\n","protected":false},"excerpt":{"rendered":"<p>Powr\u00f3t do \u015awi\u0119ta, &nbsp; Uroczysto\u015bci i \u015bwi\u0119ta V \u2013 VI,&nbsp; &nbsp;Powr\u00f3t do Linki Ewangelia \u0141k 1,39-56; Nawiedzenie 39 W tym czasie Maryja wybra\u0142a si\u0119 i posz\u0142a z po\u015bpiechem w g\u00f3ry do pewnego miasta w [pokoleniu] Judy.40 Wesz\u0142a do domu Zachariasza i pozdrowi\u0142a El\u017cbiet\u0119.41 Gdy El\u017cbieta us\u0142ysza\u0142a pozdrowienie Maryi, poruszy\u0142o si\u0119 dzieci\u0105tko w jej \u0142onie, a &hellip; <a href=\"https:\/\/poezjaiewangelia.pl\/?page_id=4844\" class=\"more-link\">Czytaj dalej <span class=\"screen-reader-text\">Nawiedzenie Naj\u015bwi\u0119tszej Marii Panny (31.05.) rok ABC;<\/span><\/a><\/p>\n","protected":false},"author":1,"featured_media":0,"parent":4781,"menu_order":3,"comment_status":"closed","ping_status":"closed","template":"","meta":{"_monsterinsights_skip_tracking":false,"_monsterinsights_sitenote_active":false,"_monsterinsights_sitenote_note":"","_monsterinsights_sitenote_category":0,"footnotes":""},"class_list":["post-4844","page","type-page","status-publish","hentry"],"aioseo_notices":[],"_links":{"self":[{"href":"https:\/\/poezjaiewangelia.pl\/index.php?rest_route=\/wp\/v2\/pages\/4844","targetHints":{"allow":["GET"]}}],"collection":[{"href":"https:\/\/poezjaiewangelia.pl\/index.php?rest_route=\/wp\/v2\/pages"}],"about":[{"href":"https:\/\/poezjaiewangelia.pl\/index.php?rest_route=\/wp\/v2\/types\/page"}],"author":[{"embeddable":true,"href":"https:\/\/poezjaiewangelia.pl\/index.php?rest_route=\/wp\/v2\/users\/1"}],"replies":[{"embeddable":true,"href":"https:\/\/poezjaiewangelia.pl\/index.php?rest_route=%2Fwp%2Fv2%2Fcomments&post=4844"}],"version-history":[{"count":12,"href":"https:\/\/poezjaiewangelia.pl\/index.php?rest_route=\/wp\/v2\/pages\/4844\/revisions"}],"predecessor-version":[{"id":10017,"href":"https:\/\/poezjaiewangelia.pl\/index.php?rest_route=\/wp\/v2\/pages\/4844\/revisions\/10017"}],"up":[{"embeddable":true,"href":"https:\/\/poezjaiewangelia.pl\/index.php?rest_route=\/wp\/v2\/pages\/4781"}],"wp:attachment":[{"href":"https:\/\/poezjaiewangelia.pl\/index.php?rest_route=%2Fwp%2Fv2%2Fmedia&parent=4844"}],"curies":[{"name":"wp","href":"https:\/\/api.w.org\/{rel}","templated":true}]}}