{"id":4846,"date":"2018-11-05T11:42:52","date_gmt":"2018-11-05T11:42:52","guid":{"rendered":"https:\/\/poezjaiewangelia.pl\/?page_id=4846"},"modified":"2022-07-18T17:45:26","modified_gmt":"2022-07-18T16:45:26","slug":"uroczystosc-narodzenia-sw-jana-chrzciciela-24-06-rok-a-b-c","status":"publish","type":"page","link":"https:\/\/poezjaiewangelia.pl\/?page_id=4846","title":{"rendered":"Uroczysto\u015b\u0107 Narodzenia \u015aw. Jana Chrzciciela (24.06), rok ABC;"},"content":{"rendered":"\n<p><span style=\"color: #1e73be;\"><a style=\"color: #1e73be;\" href=\"https:\/\/poezjaiewangelia.pl\/?page_id=63#S63\">Powr\u00f3t do \u015awi\u0119ta,<\/a>&nbsp;&nbsp;<\/span><a id=\"S4846\"><\/a><span style=\"color: #1e73be;\">&nbsp; <a style=\"color: #1e73be;\" href=\"https:\/\/poezjaiewangelia.pl\/?page_id=4781#S4781\">Uroczysto\u015bci i \u015bwi\u0119ta V \u2013 VI, <\/a><\/span><a id=\"Gora\"><\/a><span style=\"color: #1e73be;\">&nbsp;&nbsp;<a style=\"color: #1e73be;\" href=\"https:\/\/poezjaiewangelia.pl\/?page_id=703#S703\">Powr\u00f3t do Linki<\/a><\/span><\/p>\n\n\n<div class=\"wp-block-image\">\n<figure class=\"alignright size-large\"><img loading=\"lazy\" decoding=\"async\" width=\"150\" height=\"150\" src=\"https:\/\/poezjaiewangelia.pl\/wp-content\/uploads\/2018\/10\/R\u00f3\u017ca-bia\u0142a-e1592148272533.png\" alt=\"Kolor szat\" class=\"wp-image-4591\"\/><figcaption>Kolor szat<\/figcaption><\/figure>\n<\/div>\n\n<div class=\"wp-block-image\">\n<figure class=\"alignleft size-large\"><a href=\"https:\/\/commons.wikimedia.org\/wiki\/File:Leonardo_da_Vinci_-_Saint_John_the_Baptist_C2RMF_retouched.jpg\" target=\"_blank\" rel=\"noopener noreferrer\"><img loading=\"lazy\" decoding=\"async\" width=\"100\" height=\"114\" src=\"https:\/\/poezjaiewangelia.pl\/wp-content\/uploads\/2015\/11\/0e349c219fd322eb55a231a7410391cf.jpg\" alt=\"Leonardo da Vinci \u015aw. Jan Chrzciciel (detal)\" class=\"wp-image-1988\" title=\"Leonardo da Vinci \u015aw. Jan Chrzciciel (detal)\"\/><\/a><\/figure>\n<\/div>\n\n\n<hr class=\"wp-block-separator has-text-color has-luminous-vivid-amber-color has-css-opacity has-luminous-vivid-amber-background-color has-background is-style-dots\"\/>\n\n\n\n<p><strong>Ewangelia: \u0141k 1, 57 \u2013 66. 80;<\/strong><\/p>\n\n\n\n<h2 class=\"wp-block-heading\"><strong><span class=\"has-inline-color has-luminous-vivid-orange-color\">S\u0141OWO BO\u017bE<\/span><\/strong><\/h2>\n\n\n<div class=\"wp-block-image\">\n<figure class=\"alignleft size-large is-resized\"><a href=\"https:\/\/www.wga.hu\/frames-e.html?\/html\/l\/lippi\/filippo\/1450pr\/22leave.html\" target=\"_blank\" rel=\"noopener noreferrer\"><img loading=\"lazy\" decoding=\"async\" src=\"https:\/\/poezjaiewangelia.pl\/wp-content\/uploads\/2015\/11\/066b334a3a416b9e8aefdbc105e925f1-e1462033344207.jpg\" alt=\"Filippo Lippi \u015aw. Jan \u017cegna si\u0119 z rodzicami\" class=\"wp-image-2278\" width=\"417\" height=\"266\" title=\"Filippo Lippi \u015aw. Jan \u017cegna si\u0119 z rodzicami\"\/><\/a><figcaption><center><em>Filippo Lippi \u015aw. Jan \u017cegna si\u0119 z rodzicami<\/em><\/center><\/figcaption><\/figure>\n<\/div>\n\n\n<p><strong>Narodzenie Jana<\/strong><\/p>\n<p>57 Dla El\u017cbiety za\u015b nadszed\u0142 czas rozwi\u0105zania i urodzi\u0142a syna.<br \/>58 Gdy jej s\u0105siedzi i krewni us\u0142yszeli, \u017ce Pan okaza\u0142 tak wielkie mi\u0142osierdzie nad ni\u0105, cieszyli si\u0119 z ni\u0105 razem.<br \/>59 \u00d3smego dnia przyszli, aby obrzeza\u0107 dzieci\u0119, i chcieli mu da\u0107 imi\u0119 ojca jego, Zachariasza.<br \/>60 Jednak\u017ce matka jego odpowiedzia\u0142a: \u00abNie, lecz ma otrzyma\u0107 imi\u0119 Jan\u00bb.<br \/>61 Odrzekli jej: \u00abNie ma nikogo w twoim rodzie, kto by nosi\u0142 to imi\u0119\u00bb.<br \/>62 Pytali wi\u0119c znakami jego ojca, jak by go chcia\u0142 nazwa\u0107.<br \/>63 On za\u017c\u0105da\u0142 tabliczki i napisa\u0142: \u00abJan b\u0119dzie mu na imi\u0119\u00bb. I wszyscy si\u0119 dziwili.<br \/><span style=\"color: #993300;\"><strong>64 A natychmiast otworzy\u0142y si\u0119 jego usta, j\u0119zyk si\u0119 rozwi\u0105za\u0142 i m\u00f3wi\u0142 wielbi\u0105c Boga.<\/strong><\/span><br \/><span style=\"color: #993300;\"><strong>65 I pad\u0142 strach na wszystkich ich s\u0105siad\u00f3w. W ca\u0142ej g\u00f3rskiej krainie Judei rozpowiadano o tym wszystkim, co si\u0119 zdarzy\u0142o.<\/strong><\/span><br \/><span style=\"color: #993300;\"><strong>66 A wszyscy, kt\u00f3rzy o tym s\u0142yszeli, brali to sobie do serca i pytali: \u00abKim\u017ce b\u0119dzie to dzieci\u0119?\u00bb Bo istotnie r\u0119ka Pa\u0144ska by\u0142a z nim.<\/strong><\/span><br \/>80 Ch\u0142opiec za\u015b r\u00f3s\u0142 i wzmacnia\u0142 si\u0119 duchem, a \u017cy\u0142 na pustkowiu a\u017c do dnia ukazania si\u0119 przed Izraelem.<\/p>\n\n\n\n<h2 class=\"wp-block-heading\"><strong><span class=\"has-inline-color has-luminous-vivid-orange-color\">REFLEKSJA<\/span><\/strong><\/h2>\n\n\n\n<p><strong>Janusz Pasierb<\/strong><\/p>\n\n\n\n<p><em><strong>S\u0142owo<\/strong><\/em><\/p>\n\n\n\n<p>okaleczonym j\u0119zykiem<br>obracam roz\u017carzony w\u0119giel<br>przytrzymuj\u0119 wargami<br>\u017ceby nie upad\u0142 na ziemi\u0119<\/p>\n\n\n\n<p>nie rozumiem nigdy<br>jak z tego be\u0142kotu<br>z \u015bwiadectwa kaleki<br>ludzie mog\u0105 czerpa\u0107<br>co\u015b<br>co im pozwala<br>\u017cy\u0107<br>cierpie\u0107<br>umiera\u0107<\/p>\n\n\n<div class=\"wp-block-image\">\n<figure class=\"alignright size-large is-resized\"><a href=\"https:\/\/www.wga.hu\/frames-e.html?\/html\/e\/eyck_van\/jan\/09ghent\/1open1\/u5john1.html\" target=\"_blank\" rel=\"noopener noreferrer\"><img loading=\"lazy\" decoding=\"async\" src=\"https:\/\/poezjaiewangelia.pl\/wp-content\/uploads\/2015\/11\/cedaf3d5263c92d4d62050312352d31d-e1457124285695.jpeg\" alt=\"Jan van Eyck \u015awi\u0119ty Jan Chrzciciel\" class=\"wp-image-2277\" width=\"250\" height=\"332\" title=\"Jan van Eyck \u015awi\u0119ty Jan Chrzciciel\"\/><\/a><figcaption><center><em>Jan van Eyck \u015awi\u0119ty Jan Chrzciciel<\/em><\/center><\/figcaption><\/figure>\n<\/div>\n\n\n<p><em><strong>\u00abWiersze religijne\u00bb, Pozna\u0144 \u2013 Warszawa 1983, str. 3<\/strong><\/em><\/p>\n\n\n\n<p><strong>Janusz Pasierb<\/strong><\/p>\n\n\n\n<p><em><strong>Dzi\u0119kczynienie<\/strong><\/em><\/p>\n\n\n\n<p>kiedy si\u0119 zjawi\u0142e\u015b<br>kiedy naprawd\u0119 wszed\u0142e\u015b w moje \u017cycie<br>odk\u0105d zacz\u0105\u0142e\u015b tyle dla mnie z n a c z y \u0107<br>dokona\u0142em odkrycia<br>nie wiedzia\u0142em \u017ce mog\u0119 by\u0107 tak samotny<br>\u017ce mog\u0119 by\u0107 samotny tak<br>w ten jeszcze jeden<br>nie doznany przedtem<br>spos\u00f3b<\/p>\n\n\n\n<p><em><strong>\u00abWiersze religijne\u00bb,&nbsp;<\/strong><\/em><strong>Pozna\u0144 \u2013 Warszawa 1983, str. 109<\/strong><\/p>\n\n\n\n<hr class=\"wp-block-separator has-text-color has-luminous-vivid-amber-color has-css-opacity has-luminous-vivid-amber-background-color has-background is-style-dots\"\/>\n\n\n\n<p class=\"has-text-align-center\"><a href=\"https:\/\/poezjaiewangelia.pl\/?page_id=4846#Gora\"><span style=\"color:#1e73be\" class=\"has-inline-color\">Do g\u00f3ry<\/span><\/a><\/p>\n","protected":false},"excerpt":{"rendered":"<p>Powr\u00f3t do \u015awi\u0119ta,&nbsp;&nbsp;&nbsp; Uroczysto\u015bci i \u015bwi\u0119ta V \u2013 VI, &nbsp;&nbsp;Powr\u00f3t do Linki Ewangelia: \u0141k 1, 57 \u2013 66. 80; Narodzenie Jana 57 Dla El\u017cbiety za\u015b nadszed\u0142 czas rozwi\u0105zania i urodzi\u0142a syna.58 Gdy jej s\u0105siedzi i krewni us\u0142yszeli, \u017ce Pan okaza\u0142 tak wielkie mi\u0142osierdzie nad ni\u0105, cieszyli si\u0119 z ni\u0105 razem.59 \u00d3smego dnia przyszli, aby obrzeza\u0107 &hellip; <a href=\"https:\/\/poezjaiewangelia.pl\/?page_id=4846\" class=\"more-link\">Czytaj dalej <span class=\"screen-reader-text\">Uroczysto\u015b\u0107 Narodzenia \u015aw. Jana Chrzciciela (24.06), rok ABC;<\/span><\/a><\/p>\n","protected":false},"author":1,"featured_media":0,"parent":4781,"menu_order":4,"comment_status":"closed","ping_status":"closed","template":"","meta":{"_monsterinsights_skip_tracking":false,"_monsterinsights_sitenote_active":false,"_monsterinsights_sitenote_note":"","_monsterinsights_sitenote_category":0,"footnotes":""},"class_list":["post-4846","page","type-page","status-publish","hentry"],"aioseo_notices":[],"_links":{"self":[{"href":"https:\/\/poezjaiewangelia.pl\/index.php?rest_route=\/wp\/v2\/pages\/4846","targetHints":{"allow":["GET"]}}],"collection":[{"href":"https:\/\/poezjaiewangelia.pl\/index.php?rest_route=\/wp\/v2\/pages"}],"about":[{"href":"https:\/\/poezjaiewangelia.pl\/index.php?rest_route=\/wp\/v2\/types\/page"}],"author":[{"embeddable":true,"href":"https:\/\/poezjaiewangelia.pl\/index.php?rest_route=\/wp\/v2\/users\/1"}],"replies":[{"embeddable":true,"href":"https:\/\/poezjaiewangelia.pl\/index.php?rest_route=%2Fwp%2Fv2%2Fcomments&post=4846"}],"version-history":[{"count":13,"href":"https:\/\/poezjaiewangelia.pl\/index.php?rest_route=\/wp\/v2\/pages\/4846\/revisions"}],"predecessor-version":[{"id":10018,"href":"https:\/\/poezjaiewangelia.pl\/index.php?rest_route=\/wp\/v2\/pages\/4846\/revisions\/10018"}],"up":[{"embeddable":true,"href":"https:\/\/poezjaiewangelia.pl\/index.php?rest_route=\/wp\/v2\/pages\/4781"}],"wp:attachment":[{"href":"https:\/\/poezjaiewangelia.pl\/index.php?rest_route=%2Fwp%2Fv2%2Fmedia&parent=4846"}],"curies":[{"name":"wp","href":"https:\/\/api.w.org\/{rel}","templated":true}]}}