{"id":4852,"date":"2018-11-05T18:12:47","date_gmt":"2018-11-05T18:12:47","guid":{"rendered":"https:\/\/poezjaiewangelia.pl\/?page_id=4852"},"modified":"2022-07-18T17:47:00","modified_gmt":"2022-07-18T16:47:00","slug":"uroczystosc-swietych-apostolow-piotra-i-pawla-29-06-rok-a-b-c","status":"publish","type":"page","link":"https:\/\/poezjaiewangelia.pl\/?page_id=4852","title":{"rendered":"Uroczysto\u015b\u0107 \u015bwi\u0119tych aposto\u0142\u00f3w Piotra i Paw\u0142a (29.06), rok ABC;"},"content":{"rendered":"<div class=\"wp-block-image\">\n<figure class=\"alignright size-large\"><img loading=\"lazy\" decoding=\"async\" width=\"150\" height=\"150\" src=\"https:\/\/poezjaiewangelia.pl\/wp-content\/uploads\/2018\/11\/Czerwona-r\u00f3\u017ca2-e1592152757895.png\" alt=\"Czerwona r\u00f3\u017ca\" class=\"wp-image-4739\"\/><figcaption>Kolor szat<\/figcaption><\/figure>\n<\/div>\n\n\n<p><span style=\"color: #1e73be;\"><a style=\"color: #1e73be;\" href=\"https:\/\/poezjaiewangelia.pl\/?page_id=63#S63\">Powr\u00f3t do \u015awi\u0119ta,<\/a>&nbsp; <a id=\"S4852\" style=\"color: #1e73be;\"><\/a> &nbsp;<a style=\"color: #1e73be;\" href=\"https:\/\/poezjaiewangelia.pl\/?page_id=4781#S4781\">Uroczysto\u015bci i \u015bwi\u0119ta V \u2013 VI<\/a>, <a id=\"Gora\" style=\"color: #1e73be;\"><\/a>&nbsp;<a style=\"color: #1e73be;\" href=\"https:\/\/poezjaiewangelia.pl\/?page_id=703#S703\">Powr\u00f3t do Linki<\/a><\/span><\/p>\n\n\n<div class=\"wp-block-image\">\n<figure class=\"alignleft size-large\"><a href=\"https:\/\/commons.wikimedia.org\/wiki\/File:El_Greco_-_Apostles_Peter_and_Paul_-_WGA10496.jpg\" target=\"_blank\" rel=\"noopener noreferrer\"><img loading=\"lazy\" decoding=\"async\" width=\"100\" height=\"134\" src=\"https:\/\/poezjaiewangelia.pl\/wp-content\/uploads\/2015\/11\/d3b086ca4177eb1d4a4818418a52b206.jpg\" alt=\"El Greco \u015awi\u0119ci Piotr i Pawe\u0142\" class=\"wp-image-1991\" title=\"El Greco \u015awi\u0119ci Piotr i Pawe\u0142\"\/><\/a><\/figure>\n<\/div>\n\n\n<hr class=\"wp-block-separator has-text-color has-luminous-vivid-amber-color has-css-opacity has-luminous-vivid-amber-background-color has-background is-style-dots\"\/>\n\n\n\n<p><strong>Wigilia: J 21, 15 \u2013 19;<br>Ewangelia: Mt 16, 13 \u2013 19;<\/strong><\/p>\n\n\n\n<h2 class=\"wp-block-heading\"><strong><span class=\"has-inline-color has-luminous-vivid-orange-color\">S\u0141OWO BO\u017bE<\/span><\/strong><\/h2>\n\n\n\n<h5><strong>Msza Wigilii: J 21, 15 \u2013 19;<\/strong><\/h5>\n\n\n<div class=\"wp-block-image\">\n<figure class=\"alignleft size-large is-resized\"><a href=\"https:\/\/www.wga.hu\/frames-e.html?\/html\/c\/cesari\/madonna.html\" target=\"_blank\" rel=\"noopener noreferrer\"><img loading=\"lazy\" decoding=\"async\" src=\"https:\/\/poezjaiewangelia.pl\/wp-content\/uploads\/2020\/06\/Lorenzo-Veneziano-G\u0142oszenie-\u015bw.-Piotra-e1591555094393.jpg\" alt=\"Lorenzo Veneziano G\u0142oszenie \u015bw. Piotra\" class=\"wp-image-8630\" width=\"377\" height=\"284\" title=\"Lorenzo Veneziano G\u0142oszenie \u015bw. Piotra\"\/><\/a><figcaption><center><em>Lorenzo Veneziano G\u0142oszenie \u015bw. Piotra<\/em><\/center><\/figcaption><\/figure>\n<\/div>\n\n\n<p>&nbsp;<\/p>\n<p><strong>Piotr otrzymuje w\u0142adz\u0119 pastersk\u0105<\/strong><\/p>\n<p>15 A gdy spo\u017cyli \u015bniadanie, rzek\u0142 Jezus do Szymona Piotra: \u00abSzymonie, synu Jana, czy mi\u0142ujesz Mnie wi\u0119cej ani\u017celi ci?\u00bb Odpowiedzia\u0142 Mu: \u00abTak, Panie, Ty wiesz, \u017ce Ci\u0119 kocham\u00bb. Rzek\u0142 do niego: \u00abPa\u015b baranki moje!\u00bb<br>16 I znowu, po raz drugi, powiedzia\u0142 do niego: \u00abSzymonie, synu Jana, czy mi\u0142ujesz Mnie?\u00bb<br>Odpar\u0142 Mu: \u00abTak, Panie, Ty wiesz, \u017ce Ci\u0119 kocham\u00bb. Rzek\u0142 do niego: \u00abPa\u015b owce moje!\u00bb.<br><span style=\"color: #993300;\"><strong>17 Powiedzia\u0142 mu po raz trzeci: \u00abSzymonie, synu Jana, czy kochasz Mnie?\u00bb Zasmuci\u0142 si\u0119 Piotr, \u017ce mu po raz trzeci powiedzia\u0142:<\/strong><\/span><br><span style=\"color: #993300;\"><strong>\u00abCzy kochasz Mnie?\u00bb I rzek\u0142 do Niego: \u00abPanie, Ty wszystko wiesz, Ty wiesz, \u017ce Ci\u0119 kocham\u00bb&nbsp;Rzek\u0142 do niego Jezus: \u00abPa\u015b owce moje!<\/strong><\/span><br><strong><span style=\"color: #993300;\">18 Zaprawd\u0119, zaprawd\u0119, powiadam ci: Gdy by\u0142e\u015b m\u0142odszy, opasywa\u0142e\u015b si\u0119 sam i chodzi\u0142e\u015b, gdzie chcia\u0142e\u015b. Ale gdy si\u0119 zestarzejesz, wyci\u0105gniesz r\u0119ce swoje, a inny ci\u0119 opasze i poprowadzi, dok\u0105d nie chcesz\u00bb.<\/span><\/strong><br><strong><span style=\"color: #993300;\">19 To powiedzia\u0142, aby zaznaczy\u0107, jak\u0105 \u015bmierci\u0105 uwielbi Boga. A wypowiedziawszy to rzek\u0142 do niego: \u00abP\u00f3jd\u017a za Mn\u0105!\u00bb<\/span><\/strong><\/p>\n\n\n\n<h2 class=\"wp-block-heading\"><strong><span class=\"has-inline-color has-luminous-vivid-orange-color\">REFLEKSJA<\/span><\/strong><\/h2>\n\n\n\n<p><strong>Jerzy Szymik<\/strong><\/p>\n\n\n\n<p><em><strong>Z Audena<\/strong><\/em><\/p>\n\n\n\n<p>Czytam Audena<br>w majow\u0105 niedziel\u0119:<\/p>\n\n\n\n<p>Powiedzia\u0142 nam, \u017ce mamy wolny wyb\u00f3r;<br>My, jak to dzieci, my\u015bleli\u015bmy pro\u015bciej:<br>\u201cOjcowska Mi\u0142o\u015b\u0107 zadba o nas chyba,<br>A si\u0142\u0105 \u2013 w ostateczno\u015bci \u2013<\/p>\n\n\n\n<p>Da sobie rad\u0119 z gorsz\u0105 \u0142obuzeri\u0105\u201d \u2013<br>W pe\u0142nych boja\u017ani religijnej g\u0142owach<br>Nie za\u015bwita\u0142o, \u017ce On ca\u0142kiem serio<br>Rozumia\u0142 by\u0142 swoje s\u0142owa.<\/p>\n\n\n\n<p>Wi\u0119c je\u015bli jestem wolny<br>i wybiera\u0107 mog\u0119,<br>wybieram jeszcze<br>i ten dwuwiersz:<\/p>\n\n\n<div class=\"wp-block-image\">\n<figure class=\"alignright size-large is-resized\"><a href=\"https:\/\/www.wga.hu\/frames-e.html?\/html\/c\/caravagg\/05\/28ceras.html\" target=\"_blank\" rel=\"noopener noreferrer\"><img loading=\"lazy\" decoding=\"async\" src=\"https:\/\/poezjaiewangelia.pl\/wp-content\/uploads\/2020\/06\/Caravaggio-Ukrzy\u017cowanie-\u015bw-Piotra-783x1024.jpg\" alt=\"Caravaggio Ukrzy\u017cowanie \u015bw, Piotra.\" class=\"wp-image-8629\" width=\"260\" height=\"352\" title=\"Caravaggio Ukrzy\u017cowanie \u015bw, Piotra.\"\/><\/a><figcaption><center><em>Caravaggio Ukrzy\u017cowanie \u015bw, Piotra.<\/em><\/center><\/figcaption><\/figure>\n<\/div>\n\n\n<p>Je\u017celi mi\u0142o\u015b\u0107 nigdy nie jest jednakowa,<br>Niech to ja b\u0119d\u0119 zawsze tym, kto bardziej kocha<\/p>\n\n\n\n<p>i dedykuj\u0119 go ciemnej stronie mojej duszy<\/p>\n\n\n\n<p><a href=\"http:\/\/www.jerszym.katowice.opoka.org.pl\/index.php?view=poezja\"><span style=\"color:#1e73be\" class=\"has-inline-color\">http:\/\/www.jerszym.katowice.opoka.org.pl\/index.php?view=poezja<\/span><\/a><\/p>\n\n\n\n<p><strong>Jan Twardowski<\/strong><\/p>\n\n\n\n<p><em><strong>Do&nbsp; albumu po raz drugi<\/strong><\/em><\/p>\n\n\n\n<p>Nie czekaj na wzajemno\u015b\u0107<br>telefon i r\u00f3\u017ce<br>gdy ciebie nie chc\u0105<br>nie piszcz nie szlochaj<\/p>\n\n\n\n<p>najwa\u017cniejsze przecie\u017c \u017ce ty kogo\u015b kochasz<\/p>\n\n\n\n<p>czy wiesz<br>\u017ce \u0142zy si\u0119 \u015bmiej\u0105 kiedy s\u0105 za du\u017ce<\/p>\n\n\n\n<p><a href=\"http:\/\/wiersze.doktorzy.pl\/doalbumu.htm\"><span style=\"color:#1e73be\" class=\"has-inline-color\">http:\/\/wiersze.doktorzy.pl\/doalbumu.htm<\/span><\/a><\/p>\n\n\n\n\n\n<h2 class=\"wp-block-heading\"><strong><span class=\"has-inline-color has-luminous-vivid-orange-color\">S\u0141OWO BO\u017bE<\/span><\/strong><\/h2>\n\n\n\n<h5><strong>Msza w dzie\u0144: Mt 16. 13 \u2013 19;<\/strong><\/h5>\n\n\n<div class=\"wp-block-image\">\n<figure class=\"alignleft size-large is-resized\"><a href=\"https:\/\/www.wga.hu\/frames-e.html?\/html\/c\/cesari\/madonna.html\" target=\"_blank\" rel=\"noopener noreferrer\"><img loading=\"lazy\" decoding=\"async\" src=\"https:\/\/poezjaiewangelia.pl\/wp-content\/uploads\/2015\/11\/b0a895b43e5e2ac8d78787aed3145849-e1462033415199.jpg\" alt=\"Giuseppe Cesari Madonna z dzieci\u0105tkiem oraz \u015awi\u0119ci Piotr i Pawe\u0142\" class=\"wp-image-2275\" width=\"266\" height=\"389\" title=\"Giuseppe Cesari Madonna z dzieci\u0105tkiem oraz \u015awi\u0119ci Piotr i Pawe\u0142\"\/><\/a><figcaption><center><em>Giuseppe Cesari Madonna z dzieci\u0105tkiem oraz \u015awi\u0119ci Piotr i Pawe\u0142<\/em><\/center><\/figcaption><\/figure>\n<\/div>\n\n\n<p>\u00a0<\/p>\n<p><strong>Wyznanie Piotra<\/strong><\/p>\n<p>13 Gdy Jezus przyszed\u0142 w okolice Cezarei Filipowej, pyta\u0142 swych uczni\u00f3w: \u00abZa kogo ludzie uwa\u017caj\u0105 Syna Cz\u0142owieczego?\u00bb<br \/>14 A oni odpowiedzieli: \u00abJedni za Jana Chrzciciela, inni za Eliasza, jeszcze inni za Jeremiasza albo za jednego z prorok\u00f3w\u00bb.<br \/>15 Jezus zapyta\u0142 ich: \u00abA wy za kogo Mnie uwa\u017cacie?\u00bb<br \/>16 Odpowiedzia\u0142 Szymon Piotr: \u00abTy jeste\u015b Mesjasz, Syn Boga \u017cywego\u00bb.<br \/>17 Na to Jezus mu rzek\u0142: \u00abB\u0142ogos\u0142awiony jeste\u015b, Szymonie, synu Jony. Albowiem nie objawi\u0142y ci tego cia\u0142o i krew*, lecz Ojciec m\u00f3j, kt\u00f3ry jest w niebie.<br \/><span style=\"color: #993300;\"><strong>18 Ot\u00f3\u017c i Ja tobie powiadam: Ty jeste\u015b Piotr [czyli Ska\u0142a], i na tej Skale zbuduj\u0119 Ko\u015bci\u00f3\u0142 m\u00f3j, a bramy piekielne go nie przemog\u0105<\/strong><\/span><br \/><span style=\"color: #993300;\"><strong>19 I tobie dam klucze kr\u00f3lestwa niebieskiego; cokolwiek zwi\u0105\u017cesz na ziemi, b\u0119dzie zwi\u0105zane w niebie, a co rozwi\u0105\u017cesz na ziemi, b\u0119dzie rozwi\u0105zane w niebie\u00bb.<\/strong><\/span><\/p>\n\n\n\n<h2 class=\"wp-block-heading\"><strong><span class=\"has-inline-color has-luminous-vivid-orange-color\">REFLEKSJA<\/span><\/strong><\/h2>\n\n\n\n<p><strong>Mieczys\u0142aw Jastrun<\/strong><\/p>\n\n\n\n<p><em><strong>Pawe\u0142 z Tarsu<\/strong><\/em><\/p>\n\n\n\n<p>Mniej dr\u017c\u0105cy w sobie ni\u017c zwierz\u0119 gdy czuje zag\u0142ad\u0119.<br>Pawe\u0142 yel Szawel szed\u0142 \u015bmia\u0142o na \u015bmier\u0107<br>niegdy\u015b pora\u017cony w bramie Damaszku<br>wyszed\u0142 z celi nie boj\u0105c si\u0119 w swej duszy<br>(kt\u00f3rej nie\u015bmiertelno\u015b\u0107 byia dia\u0144 pewnikiem)<br>ani Rzymu ani Cesarza ani miecza nad g\u0142ow\u0105<br>a je\u015bli maj\u0105c za chwil\u0119 wybuchn\u0105\u0107 krwi\u0105<br>pomy\u015bla\u0142: nie ma tego za kt\u00f3rego ginie<br>i nic \u017ce go opu\u015bci\u0142 w ostatniej godzinie<br>i \u017ce go teraz mo\u017ce w nim nie by\u0142o\u2026<\/p>\n\n\n\n<p>Kat zbli\u017cy\u0142 si\u0119. A Cesarz powiedzia\u0142 z u\u015bmiechem<br>\u201eTo nic tylko jedna gwiazda kt\u00f3ra minie\u201d.<\/p>\n\n\n\n<p><em><strong>\u00abIntencje serca\u00bb, Pozna\u0144 1985, str. 598<\/strong><\/em><\/p>\n\n\n\n<p><strong>Jan Turnau<\/strong><\/p>\n\n\n\n<p><em><strong>Oskar\u017cenie<\/strong><\/em><\/p>\n\n\n\n<p>Zmieni\u0142 pogl\u0105dy o sto osiemdziesi\u0105t stopni<br>nazywa bia\u0142ym co kiedy\u015b zwa\u0142 czarnym<br>tylko krowa nie zmienia pogl\u0105d\u00f3w ale<br>nie mamy a\u017c tak kr\u00f3tkiej pami\u0119ci<br>cz\u0142owiek uczciwy nigdy si\u0119 tak nie zachowuje<br>zrozum on donosi\u0142 wtr\u0105ca\u0142 do wi\u0119zienia<br>to nic \u017ce teraz go bij\u0105<br>on na co\u015b liczy<br>wietrzy zn\u00f3w jaki\u015b interes<\/p>\n\n\n\n<p>Tak m\u00f3wili o Pawle z Tarsu<\/p>\n\n\n\n<p><em><strong>\u00abIntencje serca\u00bb, Pozna\u0144 1985, str. 599<\/strong><\/em><\/p>\n\n\n\n<p><strong>Jan Turnau<\/strong><\/p>\n\n\n\n<p><em><strong>Inwokacja<\/strong><\/em><\/p>\n\n\n\n<p>Piotrze Ty\u015b jest opoka<br>Fundament szeroki jak Ko\u015bci\u00f3\u0142<br>Piotrze Ty\u015b jest jedno\u015bci\u0105<\/p>\n\n\n\n<p>Musisz spoczywa\u0107 z Jakubem<br>Musisz i\u015b\u0107 naprz\u00f3d za Paw\u0142em<br>Ty\u015b jest to\u017csamo\u015b\u0107 i zmiana<\/p>\n\n\n\n<p>Ka\u017cdemu wolno by\u0107 sob\u0105<br>W Ko\u015bciele jest miejsce dla wszystkich<br>Tak\u017ce dla Ciebie jest Piotrze<br>Pomi\u0119dzy kowad\u0142em i m\u0142otem<\/p>\n\n\n\n<p>Opoko twarda jak wiara<\/p>\n\n\n\n<p><em><strong>\u00abIntencje serca\u00bb, Pozna\u0144 1985, str. 600<\/strong><\/em><\/p>\n\n\n<div class=\"wp-block-image\">\n<figure class=\"alignright size-large is-resized\"><a href=\"https:\/\/commons.wikimedia.org\/wiki\/File:St.Paul-PhilippeChampaigne.jpg\" target=\"_blank\" rel=\"noopener noreferrer\"><img loading=\"lazy\" decoding=\"async\" src=\"https:\/\/poezjaiewangelia.pl\/wp-content\/uploads\/2019\/09\/Philippe-de-Champaigne-\u015awi\u0119ty-Pawe\u0142.jpg\" alt=\"Philippe de Champaigne \u015awi\u0119ty Pawe\u0142\" class=\"wp-image-6466\" width=\"298\" height=\"376\" title=\"Philippe de Champaigne \u015awi\u0119ty Pawe\u0142\" srcset=\"https:\/\/poezjaiewangelia.pl\/wp-content\/uploads\/2019\/09\/Philippe-de-Champaigne-\u015awi\u0119ty-Pawe\u0142.jpg 595w, https:\/\/poezjaiewangelia.pl\/wp-content\/uploads\/2019\/09\/Philippe-de-Champaigne-\u015awi\u0119ty-Pawe\u0142-238x300.jpg 238w\" sizes=\"auto, (max-width: 298px) 100vw, 298px\" \/><\/a><figcaption><center><em>Philippe de Champaigne \u015awi\u0119ty Pawe\u0142<\/em><\/center><\/figcaption><\/figure>\n<\/div>\n\n\n<p><strong>&nbsp;Jan Zieli\u0144ski<\/strong><\/p>\n\n\n\n<p><em><strong>Konfesjona\u0142<\/strong><\/em><\/p>\n\n\n\n<p>Wchodz\u0119 cicho do drewnianej przystani<br>siadam przy d\u0119bowym sercu<br>strzepuj\u0119 kurz z ucha<br>i nas\u0142uchuj\u0119<br>czy nie p\u0142yniesz poboczem nawy<br>do tego portu<\/p>\n\n\n\n<p>nie b\u00f3j si\u0119<br>nie b\u0119d\u0119 marszczy\u0142 czo\u0142a<br>widz\u0105c ci\u0119 w ca\u0142o\u015bci<br>i nie b\u0119d\u0119 kr\u0119ci\u0142 si\u0119 nerwowo<br>i znacz\u0105co chrz\u0105ka\u0142<\/p>\n\n\n\n<p>tylko jeszcze bardziej wtul\u0119 si\u0119<br>w t\u0119 \u015bwi\u0119t\u0105 bezradno\u015b\u0107<br>a mo\u017ce wtedy<br>uda mi si\u0119 zapali\u0107<br>kt\u00f3r\u0105\u015b z twoich wygas\u0142ych latarni<\/p>\n\n\n\n<p><em><strong>\u00abWiersze podarowane\u00bb, Warszawa 1994, str. 49<\/strong><\/em><\/p>\n\n\n\n<p><strong>Jan Zieli\u0144ski<\/strong><\/p>\n\n\n\n<p><em><strong>Odpuszczenie win<\/strong><\/em><\/p>\n\n\n\n<p>Pewnego dnia rozpozna\u0142em<br>\u017ce d\u0142onie<br>zielone ga\u0142\u0119zie cia\u0142a<br>anteny<br>naczynia<br>obrus pod Eucharysti\u0119<br>maj\u0105 usta i m\u00f3wi\u0105<\/p>\n\n\n\n<p>demony dr\u017c\u0105<br>kiedy k\u0142ad\u0119 d\u0142onie<br>na twojej rozpalonej g\u0142owie<\/p>\n\n\n\n<p><em><strong>\u00abWiersze podarowane\u00bb, Warszawa 1994, str. 51<\/strong><\/em><\/p>\n\n\n\n<p class=\"has-text-align-center\"><a href=\"https:\/\/poezjaiewangelia.pl\/?page_id=4852#Gora\"><span style=\"color:#1e73be\" class=\"has-inline-color\">Do g\u00f3ry<\/span><\/a><\/p>\n","protected":false},"excerpt":{"rendered":"<p>Powr\u00f3t do \u015awi\u0119ta,&nbsp; &nbsp;Uroczysto\u015bci i \u015bwi\u0119ta V \u2013 VI, &nbsp;Powr\u00f3t do Linki Wigilia: J 21, 15 \u2013 19;Ewangelia: Mt 16, 13 \u2013 19; Msza Wigilii: J 21, 15 \u2013 19; &nbsp; Piotr otrzymuje w\u0142adz\u0119 pastersk\u0105 15 A gdy spo\u017cyli \u015bniadanie, rzek\u0142 Jezus do Szymona Piotra: \u00abSzymonie, synu Jana, czy mi\u0142ujesz Mnie wi\u0119cej ani\u017celi ci?\u00bb Odpowiedzia\u0142 &hellip; <a href=\"https:\/\/poezjaiewangelia.pl\/?page_id=4852\" class=\"more-link\">Czytaj dalej <span class=\"screen-reader-text\">Uroczysto\u015b\u0107 \u015bwi\u0119tych aposto\u0142\u00f3w Piotra i Paw\u0142a (29.06), rok ABC;<\/span><\/a><\/p>\n","protected":false},"author":1,"featured_media":0,"parent":4781,"menu_order":5,"comment_status":"closed","ping_status":"closed","template":"","meta":{"_monsterinsights_skip_tracking":false,"_monsterinsights_sitenote_active":false,"_monsterinsights_sitenote_note":"","_monsterinsights_sitenote_category":0,"footnotes":""},"class_list":["post-4852","page","type-page","status-publish","hentry"],"aioseo_notices":[],"_links":{"self":[{"href":"https:\/\/poezjaiewangelia.pl\/index.php?rest_route=\/wp\/v2\/pages\/4852","targetHints":{"allow":["GET"]}}],"collection":[{"href":"https:\/\/poezjaiewangelia.pl\/index.php?rest_route=\/wp\/v2\/pages"}],"about":[{"href":"https:\/\/poezjaiewangelia.pl\/index.php?rest_route=\/wp\/v2\/types\/page"}],"author":[{"embeddable":true,"href":"https:\/\/poezjaiewangelia.pl\/index.php?rest_route=\/wp\/v2\/users\/1"}],"replies":[{"embeddable":true,"href":"https:\/\/poezjaiewangelia.pl\/index.php?rest_route=%2Fwp%2Fv2%2Fcomments&post=4852"}],"version-history":[{"count":18,"href":"https:\/\/poezjaiewangelia.pl\/index.php?rest_route=\/wp\/v2\/pages\/4852\/revisions"}],"predecessor-version":[{"id":10019,"href":"https:\/\/poezjaiewangelia.pl\/index.php?rest_route=\/wp\/v2\/pages\/4852\/revisions\/10019"}],"up":[{"embeddable":true,"href":"https:\/\/poezjaiewangelia.pl\/index.php?rest_route=\/wp\/v2\/pages\/4781"}],"wp:attachment":[{"href":"https:\/\/poezjaiewangelia.pl\/index.php?rest_route=%2Fwp%2Fv2%2Fmedia&parent=4852"}],"curies":[{"name":"wp","href":"https:\/\/api.w.org\/{rel}","templated":true}]}}