{"id":4947,"date":"2018-11-07T05:33:28","date_gmt":"2018-11-07T05:33:28","guid":{"rendered":"https:\/\/poezjaiewangelia.pl\/?page_id=4947"},"modified":"2022-07-18T17:57:39","modified_gmt":"2022-07-18T16:57:39","slug":"swieto-przemienienia-panskiego-rok-a-b-c-6-08","status":"publish","type":"page","link":"https:\/\/poezjaiewangelia.pl\/?page_id=4947","title":{"rendered":"\u015awi\u0119to Przemienienia Pa\u0144skiego rok A, B, C; (6.08.)"},"content":{"rendered":"\n<div class=\"wp-block-columns is-layout-flex wp-container-core-columns-is-layout-9d6595d7 wp-block-columns-is-layout-flex\">\n<div class=\"wp-block-column is-layout-flow wp-block-column-is-layout-flow\"><div class=\"wp-block-image\">\n<figure class=\"alignright size-large is-resized\"><a href=\"https:\/\/www.wga.hu\/frames-e.html?\/html\/d\/duccio\/maesta\/predel_v\/pre_v_8.html\" target=\"_blank\" rel=\"noopener noreferrer\"><img loading=\"lazy\" decoding=\"async\" src=\"https:\/\/poezjaiewangelia.pl\/wp-content\/uploads\/2015\/11\/Duccio-di-Buoninsegna-Przemienienie-e1458599028466.jpg\" alt=\"Duccio di Buoninsegna Przemienienie\" class=\"wp-image-2796\" width=\"349\" height=\"325\" title=\"Duccio di Buoninsegna Przemienienie\"\/><\/a><figcaption><center><em>Duccio di Buoninsegna Przemienienie<\/em><\/center><\/figcaption><\/figure>\n<\/div><\/div>\n\n\n\n<div class=\"wp-block-column is-layout-flow wp-block-column-is-layout-flow\">\n<p><span style=\"color: #ffff00;\">i<a id=\"S4947\"><\/a><a id=\"Gora\"><\/a><\/span><\/p>\n\n\n\n<figure class=\"wp-block-image size-large\"><img loading=\"lazy\" decoding=\"async\" width=\"150\" height=\"150\" src=\"https:\/\/poezjaiewangelia.pl\/wp-content\/uploads\/2018\/10\/R\u00f3\u017ca-bia\u0142a-e1592148272533.png\" alt=\"Kolor szat\" class=\"wp-image-4591\"\/><figcaption>Kolor szat<\/figcaption><\/figure>\n\n\n\n<p>&nbsp;<\/p>\n<p><span style=\"color: #1e73be;\"><a style=\"color: #1e73be;\" href=\"https:\/\/poezjaiewangelia.pl\/?page_id=4947#PrzemA\">Przemienienie Pa\u0144skie Rok A<\/a><\/span><\/p>\n<p><span style=\"color: #1e73be;\"><a style=\"color: #1e73be;\" href=\"https:\/\/poezjaiewangelia.pl\/?page_id=4947#PrzemB\">Przemienienie Pa\u0144skie Rok B<\/a><\/span><\/p>\n<p><span style=\"color: #1e73be;\"><a style=\"color: #1e73be;\" href=\"https:\/\/poezjaiewangelia.pl\/?page_id=4947#PrzemC\">Przemienienie Pa\u0144skie Rok C<\/a><\/span><\/p>\n<\/div>\n<\/div>\n\n\n\n<p><span style=\"color: #1e73be;\"><a style=\"color: #1e73be;\" href=\"https:\/\/poezjaiewangelia.pl\/?page_id=63#S63\">Powr\u00f3t do \u015awi\u0119ta<\/a>, <a style=\"color: #1e73be;\" href=\"https:\/\/poezjaiewangelia.pl\/?page_id=4978#S4978\">Uroczysto\u015bci i \u015bwi\u0119ta VIII,<\/a>&nbsp; <\/span><a id=\"PrzemA\"><\/a><span style=\"color: #1e73be;\">&nbsp;&nbsp;<a style=\"color: #1e73be;\" href=\"https:\/\/poezjaiewangelia.pl\/?page_id=703#S703\">Powr\u00f3t do Linki<\/a><\/span><\/p>\n\n\n<div class=\"wp-block-image\">\n<figure class=\"alignleft size-large\"><a href=\"https:\/\/www.wga.hu\/framex-e.html?file=html\/r\/raphael\/5roma\/5\/10trans2.html&amp;find=Christ+on+the+Cross\" target=\"_blank\" rel=\"noopener noreferrer\"><img loading=\"lazy\" decoding=\"async\" width=\"100\" height=\"136\" src=\"https:\/\/poezjaiewangelia.pl\/wp-content\/uploads\/2015\/12\/Rafael-Santi-Przemienienie.jpg\" alt=\"Rafael Santi Przemienienie\" class=\"wp-image-402\" title=\"Rafael Santi Przemienienie\"\/><\/a><\/figure>\n<\/div>\n\n\n<hr class=\"wp-block-separator has-text-color has-luminous-vivid-amber-color has-css-opacity has-luminous-vivid-amber-background-color has-background is-style-dots\"\/>\n\n\n\n<p><strong><strong>Przemienienie Pa\u0144skie r<\/strong>ok A: Ewangelia: Mt 17, 1 \u2013 9;<\/strong><\/p>\n\n\n\n<h2 class=\"wp-block-heading\"><strong><span class=\"has-inline-color has-luminous-vivid-orange-color\">S\u0141OWO BO\u017bE<\/span><\/strong><\/h2>\n\n\n\n<p><strong>Przemienienie Pa\u0144skie<\/strong><\/p>\n<p>1 Po sze\u015bciu dniach Jezus wzi\u0105\u0142 z sob\u0105 Piotra, Jakuba i brata jego Jana i zaprowadzi\u0142 ich na g\u00f3r\u0119 wysok\u0105, osobno.<br>2 Tam przemieni\u0142 si\u0119 wobec nich: twarz Jego zaja\u015bnia\u0142a jak s\u0142o\u0144ce, odzienie za\u015b sta\u0142o si\u0119 bia\u0142e jak \u015bwiat\u0142o.<br>3 A oto im si\u0119 ukazali Moj\u017cesz i Eliasz, kt\u00f3rzy rozmawiali z Nim.<br>4 Wtedy Piotr rzek\u0142 do Jezusa: \u00abPanie, dobrze, \u017ce tu jeste\u015bmy; je\u015bli chcesz, postawi\u0119 tu trzy namioty: jeden dla Ciebie, jeden dla Moj\u017cesza i jeden dla Eliasza\u00bb.<br><span style=\"color: #993300;\"><strong>5 Gdy on jeszcze m\u00f3wi\u0142, oto ob\u0142ok \u015bwietlany os\u0142oni\u0142 ich, a z ob\u0142oku odezwa\u0142 si\u0119 g\u0142os: \u00abTo jest m\u00f3j Syn umi\u0142owany, w kt\u00f3rym mam upodobanie, Jego s\u0142uchajcie!\u00bb<\/strong><\/span><br><span style=\"color: #993300;\"><strong>6 Uczniowie, s\u0142ysz\u0105c to, upadli na twarz i bardzo si\u0119 zl\u0119kli.<\/strong><\/span><br><span style=\"color: #993300;\"><strong>7 A Jezus zbli\u017cy\u0142 si\u0119 do nich, dotkn\u0105\u0142 ich i rzek\u0142: \u00abWsta\u0144cie, nie l\u0119kajcie si\u0119!\u00bb<\/strong><\/span><br>8 Gdy podnie\u015bli oczy, nikogo nie widzieli, tylko samego Jezusa.<\/p>\n<p><strong>Przyj\u015bcie Eliasza<\/strong><\/p>\n<p>9 A gdy schodzili z g\u00f3ry, Jezus przykaza\u0142 im m\u00f3wi\u0105c: \u00abNie opowiadajcie nikomu o tym widzeniu, a\u017c Syn Cz\u0142owieczy zmartwychwstanie\u00bb.<\/p>\n\n\n\n<h2 class=\"wp-block-heading\"><strong><span class=\"has-inline-color has-luminous-vivid-orange-color\">REFLEKSJA<\/span><\/strong><\/h2>\n\n\n<div class=\"wp-block-image\">\n<figure class=\"alignright size-large is-resized\"><a href=\"https:\/\/www.wga.hu\/framex-e.html?file=html\/b\/bellini\/giovanni\/1459\/015trans.html&amp;find=The+Transfiguration+\" target=\"_blank\" rel=\"noopener noreferrer\"><img loading=\"lazy\" decoding=\"async\" src=\"https:\/\/poezjaiewangelia.pl\/wp-content\/uploads\/2015\/11\/Giovanni-Bellini-Przemienienie-Chrystusa-e1462099395444.jpg\" alt=\"Giovanni Bellini Przemienienie Chrystusa\" class=\"wp-image-2795\" width=\"270\" height=\"398\" title=\"Giovanni Bellini Przemienienie Chrystusa\"\/><\/a><figcaption><center><em>Giovanni Bellini Przemienienie Chrystusa<\/em><\/center><\/figcaption><\/figure>\n<\/div>\n\n\n<p><strong>Jan Zieli\u0144ski<\/strong><\/p>\n\n\n\n<p><em><strong>Ucho<\/strong><\/em><\/p>\n\n\n\n<p>Mo\u017ce najbardziej b\u0142ogos\u0142awione<br>miejsce stworzonego cia\u0142a<br>skoro tutaj<br>tymi kom\u00f3rkami<br>odbieram rzek\u0119 d\u017awi\u0119czn\u0105 s\u0142\u00f3w<br>wiadomo\u015b\u0107 najlepsza<br>o Baranku Zabitym<br>nowym istnieniu<br>przygotowanym za darmo<br>przez wylan\u0105 Krew<br>o \u017cyciu prawdziwym<br>\u015bwi\u0105tecznym \u015bpiewie<\/p>\n\n\n\n<p><em><strong>Wiersze podarowane\u00bb, Warszawa 1994, str. 31<\/strong><\/em><\/p>\n\n\n\n<p><strong>Juliusz S\u0142owacki<\/strong><\/p>\n\n\n\n<p><em><strong>Panie, je\u017celi zamkniesz s\u0142uch narodu<\/strong><\/em><\/p>\n\n\n\n<p>Panie! je\u017celi zanikniesz s\u0142uch narodu,<br>Na pr\u00f3\u017cno cz\u0142owiek swe glosy nat\u0119\u017ca:<br>Cho\u0107by mia\u0142 si\u0142\u0119 i odwag\u0119 m\u0119\u017ca,<br>Z niemi\u0142owania umrze tak jak z g\u0142odu.<\/p>\n\n\n\n<p>Pr\u00f3\u017cno na r\u0119ce r\u0119kawice k\u0142adnie<br>I jako szermierz wyst\u0105pi zapa\u015bnie\u2026<br>Lice mu wyschnie i oko zaga\u015bnie,<br>Sprzepa\u015bci si\u0119 pier\u015b \u2014 I g\u0142os w ni\u0105 zapadnie.<\/p>\n\n\n\n<p>Ale komu Ty Twoje namaszczenie<br>W\u0142o\u017cysz na czo\u0142o, ten bez \u017cadnej pracy<br>W powietrzu Twoim jak powietrzni ptacy<br>P\u0142ywa, a \u015bwi\u0119te karmi\u0105 go promienie.<\/p>\n\n\n\n<p><em><strong>\u00abZ g\u0142\u0119boko\u015bci\u2026 Antologia polskiej modlitwy poetyckiej\u00bb, T . I, Warszawa 1974, str.347<\/strong><\/em><\/p>\n\n\n\n<p class=\"has-text-align-center\"><a href=\"https:\/\/poezjaiewangelia.pl\/?page_id=4947#Gora\"><span style=\"color:#1e73be\" class=\"has-inline-color\">Do g\u00f3ry<\/span><\/a><\/p>\n\n\n\n<p><span style=\"color: #1e73be;\"><a style=\"color: #1e73be;\" href=\"https:\/\/poezjaiewangelia.pl\/?page_id=63#S63\">Powr\u00f3t do \u015awi\u0119ta<\/a>&nbsp;&nbsp;&nbsp;&nbsp;<\/span><a id=\"PrzemB\"><\/a><span style=\"color: #1e73be;\">&nbsp;&nbsp;&nbsp;<a style=\"color: #1e73be;\" href=\"https:\/\/poezjaiewangelia.pl\/?page_id=703#S703\">Powr\u00f3t do Linki<\/a><\/span><\/p>\n\n\n<div class=\"wp-block-image size-large\">\n<figure class=\"alignleft\"><a href=\"https:\/\/www.wga.hu\/framex-e.html?file=html\/r\/raphael\/5roma\/5\/10trans2.html&amp;find=Christ+on+the+Cross\" target=\"_blank\" rel=\"noopener noreferrer\"><img decoding=\"async\" src=\"https:\/\/poezjaiewangelia.pl\/wp-content\/uploads\/2015\/12\/Rafael-Santi-Przemienienie.jpg\" alt=\"Rafael Santi Przemienienie\" title=\"Rafael Santi Przemienienie\"\/><\/a><\/figure>\n<\/div>\n\n\n<hr class=\"wp-block-separator has-text-color has-luminous-vivid-amber-color has-css-opacity has-luminous-vivid-amber-background-color has-background is-style-dots\"\/>\n\n\n\n<p><strong><strong>Przemienienie Pa\u0144skie r<\/strong>ok B: Ewangelia: Mk 9, 2 \u2013 10;<\/strong><\/p>\n\n\n\n<h2 class=\"wp-block-heading\"><strong><span class=\"has-inline-color has-luminous-vivid-orange-color\">S\u0141OWO BO\u017bE<\/span><\/strong><\/h2>\n\n\n\n<p><strong>Przemienienie Pa\u0144skie<\/strong><\/p>\n<p><span style=\"color: #993300;\"><strong>2 Po sze\u015bciu dniach Jezus wzi\u0105\u0142 z sob\u0105 Piotra, Jakuba i Jana i zaprowadzi\u0142 ich samych osobno na g\u00f3r\u0119 wysok\u0105. Tam przemieni\u0142 si\u0119 wobec nich.<\/strong><\/span><br><span style=\"color: #993300;\"><strong>3 Jego odzienie sta\u0142o si\u0119 l\u015bni\u0105co bia\u0142e tak, jak \u017caden folusznik na ziemi wybieli\u0107 nie zdo\u0142a.<\/strong><\/span><br>4 I ukaza\u0142 si\u0119 im Eliasz z Moj\u017ceszem, kt\u00f3rzy rozmawiali z Jezusem.<br>5 Wtedy Piotr rzek\u0142 do Jezusa: \u00abRabbi, dobrze, \u017ce tu jeste\u015bmy; postawimy trzy namioty: jeden dla Ciebie, jeden dla Moj\u017cesza i jeden dla Eliasza\u00bb.<br>6 Nie wiedzia\u0142 bowiem, co nale\u017cy m\u00f3wi\u0107, tak byli przestraszeni.<br><span style=\"color: #993300;\"><strong>7 I zjawi\u0142 si\u0119 ob\u0142ok, os\u0142aniaj\u0105cy ich, a z ob\u0142oku odezwa\u0142 si\u0119 g\u0142os: \u00abTo jest m\u00f3j Syn umi\u0142owany, Jego s\u0142uchajcie!\u00bb.<\/strong><\/span><br>8 I zaraz potem, gdy si\u0119 rozejrzeli, nikogo ju\u017c nie widzieli przy sobie, tylko samego Jezusa<\/p>\n<p><strong>Przyj\u015bcie Eliasza<\/strong><\/p>\n<p>9 A gdy schodzili z g\u00f3ry, przykaza\u0142 im, aby nikomu nie rozpowiadali o tym, co widzieli, zanim Syn Cz\u0142owieczy nie powstanie z martwych.<br>10 Zachowali to polecenie, rozprawiaj\u0105c tylko mi\u0119dzy sob\u0105, co znaczy \u201cpowsta\u0107 z martwych\u201d.<\/p>\n\n\n\n<h2 class=\"wp-block-heading\"><strong><span class=\"has-inline-color has-luminous-vivid-orange-color\">REFLEKSJA<\/span><\/strong><\/h2>\n\n\n\n<p><strong>Juliusz S\u0142owacki<\/strong><\/p>\n\n\n\n<p><em><strong>0! Wielki Bo\u017ce \u2014 o Panie Wszechmocny<\/strong><\/em><\/p>\n\n\n\n<p>0! wielki Bo\u017ce \u2014 o Panie wszechmocny,<br>W Tobie jest \u015bwiat\u0142o\u015b\u0107, si\u0142a mego \u0142ona,<br>W Tobie ja ufam jak bocian p\u00f3\u0142nocny,<br>Kt\u00f3rego skrzyd\u0142o nad morzami kona.<br>Wielkie mg\u0142y cisn\u0105 i wiatr bije mocny.<\/p>\n\n\n\n<p><em><strong>\u00abZ g\u0142\u0119boko\u015bci\u2026 Antologia polskiej modlitwy poetyckiej\u00bb, T . I, Warszawa 1974, str. 348<\/strong><\/em><\/p>\n\n\n<div class=\"wp-block-image\">\n<figure class=\"alignright size-full is-resized\"><a href=\"\/\/www.creationism.org\/images\/DoreBibleIllus\/rMat1702Dore_TheTransfiguration.jpg\" target=\"_blank\" rel=\"noopener noreferrer\"><img loading=\"lazy\" decoding=\"async\" src=\"https:\/\/poezjaiewangelia.pl\/wp-content\/uploads\/2022\/06\/Gustave-Dore-Przemienienie.jpg\" alt=\"\" class=\"wp-image-9755\" width=\"340\" height=\"461\" title=\"Gustave Dor\u00e9 Przemienienie\" srcset=\"https:\/\/poezjaiewangelia.pl\/wp-content\/uploads\/2022\/06\/Gustave-Dore-Przemienienie.jpg 526w, https:\/\/poezjaiewangelia.pl\/wp-content\/uploads\/2022\/06\/Gustave-Dore-Przemienienie-221x300.jpg 221w\" sizes=\"auto, (max-width: 340px) 100vw, 340px\" \/><\/a><figcaption><strong>Gustave Dor\u00e9 <em>Przemienienie<\/em><\/strong><\/figcaption><\/figure>\n<\/div>\n\n\n<p><em><strong>Kazimierz Przerwa Tetmajer<\/strong><\/em><\/p>\n\n\n\n<p><em><strong>I mia\u0142em chwil\u0119\u2026<\/strong><\/em><\/p>\n\n\n\n<p>I mia\u0142em chwil\u0119, \u017ce \u015bwiat przed oczami<br>zas\u0142oni\u0142 mi si\u0119 niebieskimi mg\u0142ami<br>i \u015bwietla\u0142 ca\u0142y, jak o s\u0142o\u0144ca wschodzie<br>\u015bwietlej\u0105 fale niebieskie na wodzie.<\/p>\n\n\n\n<p>I mia\u0142em chwil\u0119 takiego zachwytu,<br>jakbym ju\u017c nie by\u0142 wi\u0119cej cz\u0119\u015bci\u0105 bytu,<br>ale tak w przestrze\u0144 pust\u0105, niesko\u0144czon\u0105<br>ton\u0105\u0142, jak mewy w widnokr\u0119gu ton\u0105..<\/p>\n\n\n\n<p>I tylko w dali ledwo widniej\u0105ce<br>drzewa si\u0119 w dole z\u0142oci\u0142y na \u0142\u0105ce,<br>i jakby domy bia\u0142e, pe\u0142ne s\u0142o\u0144ca,<br>a wko\u0142o przestrze\u0144 i b\u0142\u0119kit bez ko\u0144ca\u2026<\/p>\n\n\n\n<p>I nic nie czu\u0142em, co cz\u0142owiek czu\u0107 mo\u017ce,<br>zda\u0142o si\u0119, szaty Twej dotykam, Bo\u017ce,<br>i z\u0142udnie ludzkiej odj\u0119ty pami\u0119ci,<br>przez chwil\u0119 by\u0142em, jak s\u0105 wniebowzi\u0119ci\u2026<\/p>\n\n\n\n<p><em><strong>\u00abZ g\u0142\u0119boko\u015bci\u2026 Antologia polskiej modlitwy poetyckiej\u00bb, T . I, Warszawa 1974, str. 503<\/strong><\/em><\/p>\n\n\n\n<p><strong>Juliusz S\u0142owacki<\/strong><\/p>\n\n\n\n<p><em><strong>Zachwycenie<\/strong><\/em><\/p>\n\n\n\n<p>Bo m\u00f3j Stworzyciel znalaz\u0142 mi\u0119 na ziemi<br>I napad\u0142 w nocy ogniami z\u0142otemi..<\/p>\n\n\n\n<p>Bo Pan, m\u00f3wi\u0105cy w objawieniu: Jestem,<br>Napad\u0142 mi\u0119 w ogniach z trzaskiem i szelestem.<\/p>\n\n\n\n<p>Przeto\u017c si\u0119, Panie, wiecznie upokorz\u0119<br>Pomn\u0105c na ono p\u0142omieniste \u0142o\u017ce.<\/p>\n\n\n\n<p>Gdy Pan nade mn\u0105 sta\u0142 w ognia oponach,<br>Gdym by\u0142 jak ptaszek w Pana mego szponach,<\/p>\n\n\n\n<p>Gdy sta\u0142 nade mn\u0105 jak ogie\u0144 straszliwy,<br>Kiedym si\u0119 w strachu s\u0105dzi\u0142 ju\u017c nie\u017cywy \u2014<\/p>\n\n\n\n<p>Diaczego\u017c bym si\u0119, o Panie, zapiera\u0142,<br>\u017bem dr\u017ca\u0142 i ca\u0142y z przestrachu umiera\u0142\u2026<\/p>\n\n\n\n<p>Dlaczego\u017c bym si\u0119 mia\u0142 zapiera\u0107 strachu,<br>\u017bem dr\u017ca\u0142 jak listek w Pana mego gmachu?<\/p>\n\n\n\n<p>Takiej boja\u017ani bym nie dozna\u0142, Panie,<br>Cho\u0107bym si\u0119 dosta\u0142 pod miecz\u00f3w \u015bcinanie.<\/p>\n\n\n\n<p>Cho\u0107bym czu\u0142 w sobie to, co ludzie \u015bwi\u0119ci,<br>Tak bym nie straci\u0142 wiedzy I pami\u0119ci.<\/p>\n\n\n\n<p>Przywalon by\u0142em Twej lekko\u015bci ska\u0142\u0105,<br>Serce jak ptaszek zl\u0119kniony lata\u0142o.<\/p>\n\n\n\n<p>\u015awiat\u0142em zala\u0142y si\u0119 moje alkierze,<br>A jam by\u0142 porwan jako lekkie pierze.<\/p>\n\n\n\n<p>I przez wiatr lekki, I przez szelest \u015bwi\u0119ty<br>By\u0142em pochwycon, a z \u0142o\u017ca nie zdj\u0119ty.<\/p>\n\n\n\n<p><em><strong>\u00abZ g\u0142\u0119boko\u015bci\u2026 Antologia polskiej modlitwy poetyckiej\u00bb, T . I, Warszawa 1974, str. 346<\/strong><\/em><\/p>\n\n\n\n<p class=\"has-text-align-center\"><a href=\"https:\/\/poezjaiewangelia.pl\/?page_id=4947#Gora\"><span style=\"color:#1e73be\" class=\"has-inline-color\">Do g\u00f3ry<\/span><\/a><\/p>\n\n\n\n<p><span style=\"color: #1e73be;\"><a style=\"color: #1e73be;\" href=\"https:\/\/poezjaiewangelia.pl\/?page_id=63#S63\">Powr\u00f3t do \u015awi\u0119ta<\/a>&nbsp;&nbsp;&nbsp;&nbsp;<\/span><a id=\"PrzemC\"><\/a><span style=\"color: #1e73be;\">&nbsp;&nbsp;&nbsp;<a style=\"color: #1e73be;\" href=\"https:\/\/poezjaiewangelia.pl\/?page_id=703#S703\">Powr\u00f3t do Linki<\/a><\/span><\/p>\n\n\n<div class=\"wp-block-image size-large\">\n<figure class=\"alignleft\"><a href=\"https:\/\/www.wga.hu\/framex-e.html?file=html\/r\/raphael\/5roma\/5\/10trans2.html&amp;find=Christ+on+the+Cross\" target=\"_blank\" rel=\"noopener noreferrer\"><img decoding=\"async\" src=\"https:\/\/poezjaiewangelia.pl\/wp-content\/uploads\/2015\/12\/Rafael-Santi-Przemienienie.jpg\" alt=\"Rafael Santi Przemienienie\" title=\"Rafael Santi Przemienienie\"\/><\/a><\/figure>\n<\/div>\n\n\n<hr class=\"wp-block-separator has-text-color has-luminous-vivid-amber-color has-css-opacity has-luminous-vivid-amber-background-color has-background is-style-dots\"\/>\n\n\n\n<p><strong>Przemienienie Pa\u0144skie rok C: Ewangelia: \u0141k 9, 28 b \u2013 36;<\/strong><\/p>\n\n\n\n<h2 class=\"wp-block-heading\"><strong><span class=\"has-inline-color has-luminous-vivid-orange-color\">S\u0141OWO BO\u017bE<\/span><\/strong><\/h2>\n\n\n\n<p><strong>Przemienienie Pa\u0144skie<\/strong><\/p>\n<p>28b Jezus wzi\u0105\u0142 z sob\u0105 Piotra, Jana i Jakuba i wyszed\u0142 na g\u00f3r\u0119, aby si\u0119 modli\u0107.<br \/>29 Gdy si\u0119 modli\u0142, wygl\u0105d Jego twarzy si\u0119 odmieni\u0142, a Jego odzienie sta\u0142o si\u0119 l\u015bni\u0105co bia\u0142e.<br \/>30 A oto dw\u00f3ch m\u0119\u017c\u00f3w rozmawia\u0142o z Nim. Byli to Moj\u017cesz i Eliasz.<br \/>31 Ukazali si\u0119 oni w chwale i m\u00f3wili o Jego odej\u015bciu, kt\u00f3rego mia\u0142 dokona\u0107 w Jerozolimie.<br \/>32 Tymczasem Piotr i towarzysze snem byli zmorzeni. Gdy si\u0119 ockn\u0119li, ujrzeli Jego chwa\u0142\u0119 i obydw\u00f3ch m\u0119\u017c\u00f3w, stoj\u0105cych przy Nim.<br \/>33 Gdy oni odchodzili od Niego, Piotr rzek\u0142 do Jezusa: \u00abMistrzu, dobrze, \u017ce tu jeste\u015bmy. Postawimy trzy namioty: jeden dla Ciebie, jeden dla Moj\u017cesza i jeden dla Eliasza\u00bb. Nie wiedzia\u0142 bowiem, co m\u00f3wi.<br \/><span style=\"color: #993300;\"><strong>34 Gdy jeszcze to m\u00f3wi\u0142, zjawi\u0142 si\u0119 ob\u0142ok i os\u0142oni\u0142 ich; zl\u0119kli si\u0119, gdy [tamci] weszli w ob\u0142ok.<\/strong><\/span><br \/><span style=\"color: #993300;\"><strong>35 A z ob\u0142oku odezwa\u0142 si\u0119 g\u0142os: \u00abTo jest Syn m\u00f3j, Wybrany*, Jego s\u0142uchajcie!\u00bb<\/strong><\/span><br \/>36 W chwili, gdy odezwa\u0142 si\u0119 ten g\u0142os, Jezus znalaz\u0142 si\u0119 sam. A oni zachowali milczenie i w owym czasie nikomu nic nie oznajmiali o tym, co widzieli<\/p>\n\n\n\n<h2 class=\"wp-block-heading\"><strong><span class=\"has-inline-color has-luminous-vivid-orange-color\">REFLEKSJA<\/span><\/strong><\/h2>\n\n\n<div class=\"wp-block-image\">\n<figure class=\"alignright size-large is-resized\"><a href=\"https:\/\/www.wga.hu\/frames-e.html?\/html\/l\/lotto\/2\/07transf.html\" target=\"_blank\" rel=\"noopener noreferrer\"><img loading=\"lazy\" decoding=\"async\" src=\"https:\/\/poezjaiewangelia.pl\/wp-content\/uploads\/2015\/11\/Lorenzo-Lotto-Przemienienie-e1462099451778.jpg\" alt=\"Lorenzo Lotto Przemienienie\" class=\"wp-image-2797\" width=\"275\" height=\"405\" title=\"Lorenzo Lotto Przemienienie\"\/><\/a><figcaption><center><em>Lorenzo Lotto Przemienienie<\/em><\/center><\/figcaption><\/figure>\n<\/div>\n\n\n<p><strong>Tadeusz Mici\u0144ski<\/strong><\/p>\n\n\n\n<p><strong>* * *<\/strong><br>Kto jestem? wie tylko ten,<br>kt\u00f3ry wie, i\u017c mnie wcale nie ma.<br>\u015ani mnie kto\u015b, jakby ci\u0119\u017cki sen \u2014<br>p\u0142acze kto\u015b o mnie pod brzozami trzema!<br>Imi\u0119 Jezus powtarzam w\u015br\u00f3d nocy,<br>imi\u0119 Jezus powtarzam, gdy p\u0142acz\u0119 \u2014<br>imi\u0119 Jezus powtarzam, gdy kracze<br>nad mogi\u0142\u0105 moj\u0105 ptak niemocy!<br>Imi\u0119 Jezus nape\u0142nia moich serc komor\u0119,<br>imi\u0119 Jezus mam na ka\u017cdym g\u0142azie,<br>imi\u0119 Jezus zamienia mi\u0119 w \u015bwi\u0119t\u0105 potwor\u0119,<br>kt\u00f3ra idzie przez sady i kwitn\u0105ce bazie.<br>Imi\u0119 Jezus na wirchu mam ksi\u0119\u017cyca g\u00f3ry,<br>kt\u00f3rem wyry\u0142, zanim ziemia ta by\u0142a ognista!<br>Imi\u0119 Jezus wymawiam w\u015br\u00f3d \u017cycia tortury \u2014<br>w domu ob\u0142\u0119du, gdzie droga jest ciernista.<br>Imi\u0119 Jezus kocham nad lice kochanki,<br>nad jeziora, nad lasy i nad \u015bwitania \u2014<br>imi\u0119 Jezus wprowadza mi\u0119 w szranki<br>rycerzy bo\u017cych \u2014 Zmartwychwstania!<br>0, tajemnicze \u2014<br>Ciebie z r\u0105k gwiezdnych odbieram \u2014 i l\u015bnie\u0144<br>w moim sercu nie oblicz\u0119!<\/p>\n\n\n\n<p><em><strong>\u00abZ g\u0142\u0119boko\u015bci\u2026 Antologia polskiej modlitwy poetyckiej\u00bb, T . I, Warszawa 1974, str. 530<\/strong><\/em><\/p>\n\n\n\n<p><strong>Jan Twardowski<\/strong><\/p>\n\n\n\n<p><em><strong>Za wszystko<\/strong><\/em><\/p>\n\n\n\n<p>Za wszystko dzi\u0119kuj\u0119<br>za spok\u00f3j i trwog\u0119<br>za to, \u017ce nie rozumiem<br>i odej\u015b\u0107 nie mog\u0119<br>za to, \u017ce nas \u0142\u0105cz\u0105 niepoznane r\u0119ce<br>za jedn\u0105 jeszcze jesie\u0144, by pokocha\u0107 wi\u0119cej<br>uratuje, otworzy parasol nade mn\u0105<br>pos\u0142usze\u0144stwo, co prowadzi w ciemno\u015b\u0107<\/p>\n\n\n\n<p><em><strong>\u00abNie przyszed\u0142em pana nawraca\u0107\u00bb, Pozna\u0144 2009, str. 440<\/strong><\/em><\/p>\n\n\n\n<p class=\"has-text-align-center\"><a href=\"https:\/\/poezjaiewangelia.pl\/?page_id=4947#Gora\"><span style=\"color:#1e73be\" class=\"has-inline-color\">Do g\u00f3ry<\/span><\/a><\/p>\n","protected":false},"excerpt":{"rendered":"<p>i &nbsp; Przemienienie Pa\u0144skie Rok A Przemienienie Pa\u0144skie Rok B Przemienienie Pa\u0144skie Rok C Powr\u00f3t do \u015awi\u0119ta, Uroczysto\u015bci i \u015bwi\u0119ta VIII,&nbsp; &nbsp;&nbsp;Powr\u00f3t do Linki Przemienienie Pa\u0144skie rok A: Ewangelia: Mt 17, 1 \u2013 9; Przemienienie Pa\u0144skie 1 Po sze\u015bciu dniach Jezus wzi\u0105\u0142 z sob\u0105 Piotra, Jakuba i brata jego Jana i zaprowadzi\u0142 ich na g\u00f3r\u0119 &hellip; <a href=\"https:\/\/poezjaiewangelia.pl\/?page_id=4947\" class=\"more-link\">Czytaj dalej <span class=\"screen-reader-text\">\u015awi\u0119to Przemienienia Pa\u0144skiego rok A, B, C; (6.08.)<\/span><\/a><\/p>\n","protected":false},"author":1,"featured_media":0,"parent":4978,"menu_order":1,"comment_status":"closed","ping_status":"closed","template":"","meta":{"_monsterinsights_skip_tracking":false,"_monsterinsights_sitenote_active":false,"_monsterinsights_sitenote_note":"","_monsterinsights_sitenote_category":0,"footnotes":""},"class_list":["post-4947","page","type-page","status-publish","hentry"],"aioseo_notices":[],"_links":{"self":[{"href":"https:\/\/poezjaiewangelia.pl\/index.php?rest_route=\/wp\/v2\/pages\/4947","targetHints":{"allow":["GET"]}}],"collection":[{"href":"https:\/\/poezjaiewangelia.pl\/index.php?rest_route=\/wp\/v2\/pages"}],"about":[{"href":"https:\/\/poezjaiewangelia.pl\/index.php?rest_route=\/wp\/v2\/types\/page"}],"author":[{"embeddable":true,"href":"https:\/\/poezjaiewangelia.pl\/index.php?rest_route=\/wp\/v2\/users\/1"}],"replies":[{"embeddable":true,"href":"https:\/\/poezjaiewangelia.pl\/index.php?rest_route=%2Fwp%2Fv2%2Fcomments&post=4947"}],"version-history":[{"count":22,"href":"https:\/\/poezjaiewangelia.pl\/index.php?rest_route=\/wp\/v2\/pages\/4947\/revisions"}],"predecessor-version":[{"id":10026,"href":"https:\/\/poezjaiewangelia.pl\/index.php?rest_route=\/wp\/v2\/pages\/4947\/revisions\/10026"}],"up":[{"embeddable":true,"href":"https:\/\/poezjaiewangelia.pl\/index.php?rest_route=\/wp\/v2\/pages\/4978"}],"wp:attachment":[{"href":"https:\/\/poezjaiewangelia.pl\/index.php?rest_route=%2Fwp%2Fv2%2Fmedia&parent=4947"}],"curies":[{"name":"wp","href":"https:\/\/api.w.org\/{rel}","templated":true}]}}