{"id":4961,"date":"2018-11-07T11:24:35","date_gmt":"2018-11-07T11:24:35","guid":{"rendered":"https:\/\/poezjaiewangelia.pl\/?page_id=4961"},"modified":"2022-08-14T13:52:00","modified_gmt":"2022-08-14T12:52:00","slug":"uroczystosc-wniebowziecia-n-m-p-rok-a-b-c-15-08","status":"publish","type":"page","link":"https:\/\/poezjaiewangelia.pl\/?page_id=4961","title":{"rendered":"Uroczysto\u015b\u0107 Wniebowzi\u0119cia N. M. P. rok ABC; (15.08.)"},"content":{"rendered":"\n<p><span style=\"color: #1e73be;\"><a style=\"color: #1e73be;\" href=\"https:\/\/poezjaiewangelia.pl\/?page_id=63#S63\">Powr\u00f3t do \u015awi\u0119ta ,<\/a>\u00a0\u00a0<\/span><a id=\"S4961\"><\/a><span style=\"color: #1e73be;\"><a style=\"color: #1e73be;\" href=\"https:\/\/poezjaiewangelia.pl\/?page_id=4978#S4978\"> Uroczysto\u015bci i \u015bwi\u0119ta VIII<\/a>,\u00a0 <\/span><a id=\"Gora\"><\/a><span style=\"color: #1e73be;\"> \u00a0<a style=\"color: #1e73be;\" href=\"https:\/\/poezjaiewangelia.pl\/?page_id=703#S703\">Powr\u00f3t do Linki\u00a0<\/a><\/span><\/p>\n\n\n<div class=\"wp-block-image\">\n<figure class=\"alignright size-large\"><img loading=\"lazy\" decoding=\"async\" width=\"150\" height=\"150\" src=\"https:\/\/poezjaiewangelia.pl\/wp-content\/uploads\/2018\/10\/R\u00f3\u017ca-bia\u0142a-e1592148272533.png\" alt=\"Kolor szat\" class=\"wp-image-4591\"\/><figcaption>Kolor szat<\/figcaption><\/figure>\n<\/div>\n\n<div class=\"wp-block-image\">\n<figure class=\"alignleft size-full\"><a href=\"http:\/\/iconoskiko.blogspot.com\/p\/iconos-de-kiko-arguello.html\" target=\"_blank\" rel=\"noreferrer noopener\"><img loading=\"lazy\" decoding=\"async\" width=\"100\" height=\"130\" src=\"https:\/\/poezjaiewangelia.pl\/wp-content\/uploads\/2022\/06\/Kiko-Arguello-Madonna.jpg\" alt=\"\" class=\"wp-image-9729\" title=\"Kiko Arg\u00fcello Madonna\"\/><\/a><\/figure>\n<\/div>\n\n\n<hr class=\"wp-block-separator has-text-color has-luminous-vivid-amber-color has-css-opacity has-luminous-vivid-amber-background-color has-background is-style-dots\"\/>\n\n\n\n<p><\/p>\n\n\n\n<p><strong>Ewangelia: \u0141k 1, 39 \u2013 56;<\/strong><\/p>\n\n\n\n<h2 class=\"wp-block-heading\"><strong><span class=\"has-inline-color has-luminous-vivid-orange-color\">S\u0141OWO BO\u017bE<\/span><\/strong><\/h2>\n\n\n<div class=\"wp-block-image\">\n<figure class=\"alignleft size-large is-resized\"><a href=\"https:\/\/commons.wikimedia.org\/wiki\/File:Giotto_-_Scrovegni_-_-16-_-_Visitation.jpg\" target=\"_blank\" rel=\"noopener noreferrer\"><img loading=\"lazy\" decoding=\"async\" src=\"https:\/\/poezjaiewangelia.pl\/wp-content\/uploads\/2020\/06\/Giotto-di-Bondone-Nawiedzenie-e1591611212256.jpg\" alt=\"Giotto di Bondone Nawiedzenie\" class=\"wp-image-8643\" width=\"350\" height=\"377\" title=\"Giotto di Bondone Nawiedzenie\"\/><\/a><figcaption><center><em>Giotto di Bondone Nawiedzenie<\/em><\/center><\/figcaption><\/figure>\n<\/div>\n\n\n<p><strong>Nawiedzenie<\/strong><\/p>\n<p>39 W tym czasie Maryja wybra\u0142a si\u0119 i posz\u0142a z po\u015bpiechem w g\u00f3ry do pewnego miasta w [pokoleniu] Judy.<br \/>40 Wesz\u0142a do domu Zachariasza i pozdrowi\u0142a El\u017cbiet\u0119.<br \/>41 Gdy El\u017cbieta us\u0142ysza\u0142a pozdrowienie Maryi, poruszy\u0142o si\u0119 dzieci\u0105tko w jej \u0142onie, a Duch \u015awi\u0119ty nape\u0142ni\u0142 El\u017cbiet\u0119.<br \/>42 Wyda\u0142a ona okrzyk i powiedzia\u0142a: \u00abB\u0142ogos\u0142awiona jeste\u015b mi\u0119dzy niewiastami i b\u0142ogos\u0142awiony jest owoc Twojego \u0142ona.<br \/>43 A sk\u0105d\u017ce mi to, \u017ce Matka mojego Pana przychodzi do mnie?<br \/>44 Oto, skoro g\u0142os Twego pozdrowienia zabrzmia\u0142 w moich uszach, poruszy\u0142o si\u0119 z rado\u015bci dzieci\u0105tko w moim \u0142onie.<br \/>45 B\u0142ogos\u0142awiona jeste\u015b, kt\u00f3ra\u015b uwierzy\u0142a, \u017ce spe\u0142ni\u0105 si\u0119 s\u0142owa powiedziane Ci od Pana\u00bb.<\/p>\n<p><strong>Magnificat<\/strong><\/p>\n<p><span style=\"color: #993300;\"><strong>46 Wtedy Maryja rzek\u0142a:<\/strong><\/span><br \/><span style=\"color: #993300;\"><strong>\u00abWielbi dusza moja Pana,<\/strong><\/span><br \/><span style=\"color: #993300;\"><strong>47 i raduje si\u0119 duch m\u00f3j w Bogu, moim Zbawcy.<\/strong><\/span><br \/><span style=\"color: #993300;\"><strong>48 Bo wejrza\u0142 na uni\u017cenie S\u0142u\u017cebnicy swojej.<\/strong><\/span><br \/><span style=\"color: #993300;\"><strong>Oto bowiem b\u0142ogos\u0142awi\u0107 mnie b\u0119d\u0105 odt\u0105d wszystkie pokolenia,<\/strong><\/span><br \/><span style=\"color: #993300;\"><strong>49 gdy\u017c wielkie rzeczy uczyni\u0142 mi Wszechmocny.<\/strong><\/span><br \/><span style=\"color: #993300;\"><strong>\u015awi\u0119te jest Jego imi\u0119 \u2013<\/strong><\/span><br \/>50 a swoje mi\u0142osierdzie na pokolenia i pokolenia [zachowuje] dla tych, co si\u0119 Go boj\u0105.<br \/>51 On przejawia moc ramienia swego,<br \/>rozprasza [ludzi] pyszni\u0105cych si\u0119 zamys\u0142ami serc swoich.<br \/>52 Str\u0105ca w\u0142adc\u00f3w z tronu, a wywy\u017csza pokornych.<br \/>53 G\u0142odnych nasyca dobrami, a bogatych z niczym odprawia.<br \/>54 Uj\u0105\u0142 si\u0119 za s\u0142ug\u0105 swoim, Izraelem,<br \/>pomny na mi\u0142osierdzie swoje \u2013<br \/>55 jak przyobieca\u0142 naszym ojcom \u2013<br \/>na rzecz Abrahama i jego potomstwa na wieki\u00bb.<br \/>56 Maryja pozosta\u0142a u niej oko\u0142o trzech miesi\u0119cy; potem wr\u00f3ci\u0142a do domu.<\/p>\n\n\n\n<h2 class=\"wp-block-heading\"><strong><span class=\"has-inline-color has-luminous-vivid-orange-color\">REFLEKSJA<\/span><\/strong><\/h2>\n\n\n\n<p><strong>Wac\u0142aw Oszajca<\/strong><\/p>\n\n\n\n<p><em><strong>nawiedzenie<\/strong><\/em><\/p>\n\n\n\n<p>przed wschodem s\u0142o\u0144ca<br>nawiedzi\u0142a mnie \u017c\u00f3\u0142ta matka<br>przynios\u0142a \u017c\u00f3\u0142tego syna<br>siedz\u0105cego na podwini\u0119tych nogach<br>w porannej rosie \u017c\u00f3\u0142ty b\u00f3g dr\u017ca\u0142 z zimna<\/p>\n\n\n\n<p>w po\u0142udnie nawiedzi\u0142a mnie czerwona matka<br>syn mocno zaciska\u0142 wargi<br>chow\u0105j\u0105c za z\u0119bami odpowied\u017a<br>na pytanie o cen\u0119 z\u0142ota i krwi<br>czerwony b\u00f3g op\u0142ywa\u0142 gor\u0105cym potem<\/p>\n\n\n\n<p>wieczorem przysz\u0142a czarna matka<br>z czarnym synem<br>wargi rozchyli\u0142 szeroko jak do poca\u0142unku<br>r\u0119kami w powietrzu wybija\u0142 rytm ta\u0144ca<br>czarny b\u00f3g t\u0119skni\u0142 za cieniem palmy<\/p>\n\n\n\n<p>o p\u00f3\u0142nocy nawiedzi\u0142a mnie \u017cydowska dziewczyna<br>by\u0142a w ci\u0105\u017cy<br>m\u00f3wi\u0142a \u017ce z woli boga kt\u00f3rego twarzy<br>nikt nigdy nie widzia\u0142<br>o kt\u00f3rym tylko to jedno wiadomo \u017ce<br>JEST<br>po czasie dowiedzia\u0142em si\u0119 od pasterzy<br>Bo\u017cy Syn podobny jest do matki<\/p>\n\n\n\n<p><em><strong>\u00ab\u2026 Ty za blisko, my za daleko\u2026\u00bb, Lublin 1985, str. 150<\/strong><\/em><\/p>\n\n\n\n<p><strong>Jan Twardowski<\/strong><\/p>\n\n\n\n<p><em><strong>Wniebowzi\u0119cie<\/strong><\/em><\/p>\n\n\n<div class=\"wp-block-image\">\n<figure class=\"alignright size-large is-resized\"><a href=\"https:\/\/www.wga.hu\/framex-e.html?file=html\/w\/weyden\/rogier\/17other\/3visitat.html&amp;find=Visitation\" target=\"_blank\" rel=\"noopener noreferrer\"><img loading=\"lazy\" decoding=\"async\" src=\"https:\/\/poezjaiewangelia.pl\/wp-content\/uploads\/2015\/11\/Rogier-van-der-Weyden-Nawiedzenie-e1462099520788.jpg\" alt=\"Rogier van der Weyden Nawiedzenie\" class=\"wp-image-2799\" width=\"286\" height=\"488\" title=\"Rogier van der Weyden Nawiedzenie\"\/><\/a><figcaption><center><em>Rogier van der Weyden Nawiedzenie<\/em><\/center><\/figcaption><\/figure>\n<\/div>\n\n\n<p>Nikt nie bieg\u0142 do Ciebie z lekarstwem po schodach<br>lampy nie przymru\u017cono \u017ceby nie razi\u0142a nikt nie widzia\u0142 jak r\u0119ka Twa od \u0142okcia blednie<br>pies nie p\u0142aka\u0142 serdecznie \u017ce pani umiera<br>nawet anio\u0142 zaniecha\u0142 nadymania tr\u0105by<br>to dobrze bo \u015bmier\u0107 przecie\u017c za du\u017co upraszcza<br>a ponadto zbyt ludzka z\u0142a i niedyskretna<br>nikt nie przymkn\u0105\u0142 Twych oczu nie zas\u0142oni\u0142 twarzy<br>ani w bramie nie szepta\u0142 rozebranym g\u0142osem<br>o tym co za g\u0142o\u015bno s\u0142yszy si\u0119 w milczeniu<br>Pan uchroni\u0142 do ko\u0144ca i zdrow\u0105 zostawi\u0142<br>tylko kiedy pukano Ciebie ju\u017c nie by\u0142o<br>nie \u015bmier\u0107 ale mi\u0142o\u015b\u0107 ca\u0142\u0105 Ci\u0119 zabra\u0142a<br>je\u015bli mi\u0142o\u015b\u0107 jest prawd\u0105 to cia\u0142a nie wida\u0107<\/p>\n\n\n\n<p>dzie\u0144 by\u0142 taki jak zawsze powietrze dzwoni\u0142o<br>pszczo\u0142ami co wychodz\u0105 rano na pogod\u0119<br>tylko ta sama cisza to straszne milczenie<br>to puste miejsce przy kubku na stole<br>cho\u0107by si\u0119 razem z cia\u0142em opuszcza\u0142o ziemi\u0119<\/p>\n\n\n\n<p><em><strong>\u00abNie przyszed\u0142em pana nawraca\u0107\u00bb, Pozna\u0144 2009, str. 245<\/strong><\/em><\/p>\n\n\n\n<p><strong>Wac\u0142aw Oszajca \u201c<\/strong>&nbsp;<em><strong>wniebowzi\u0119cie\u201d<\/strong><\/em><\/p>\n\n\n\n<p>delikatnym skinieniem d\u0142oni<br>nakaza\u0142a\u015b t\u0119czowym anio\u0142om<br>wyj\u015b\u0107 do sieni<br>zostawiii ci\u0119 na progu w niedomkni\u0119tych drzwiach<\/p>\n\n\n\n<p>po twojej twarzy<br>w\u0119drowa\u0142y t\u0105 sam\u0105 zmarszczk\u0105 \u0142zy<\/p>\n\n\n\n<p>poderwa\u0142em si\u0119 z krzes\u0142a<br>biegn\u0119 do ciebie<br>ale takim samym skinieniem r\u0119ki<br>nakazujesz mi pozosta\u0107 w miejscu<\/p>\n\n\n\n<p>znik\u0142a\u015b<br>a na progu w niedomkni\u0119tych drzwiach<br>kwitnie<br>macierzanka i rozchodnik<\/p>\n\n\n\n<p><em><strong>\u00ab\u2026 Ty za blisko, my za daleko\u2026\u00bb, Lublin 1985, str.152<\/strong><\/em><\/p>\n\n\n\n<p><strong>Jan Twardowski<\/strong><\/p>\n\n\n\n<p><em><strong>Wniebowzi\u0119cie<\/strong><\/em><\/p>\n\n\n\n<p>To przecie\u017c za wysoko<br>za daleko od ziemi<br>lepiej bezdomnej chyba<br>pozosta\u0107 z bezdomnymi<br>po co po gwiazdach szuka\u0107<br>zagranicznego raju<br>lepiej ubogiej z nami<br>pozosta\u0107 w biednym kraju<br>czy mo\u017cna w\u015br\u00f3d anio\u0142\u00f3w<br>o wole i o\u015ble pami\u0119ta\u0107<\/p>\n\n\n\n<p>ciesz\u0119 si\u0119 i martwi\u0119<br>\u017ce jeste\u015b wniebowzi\u0119ta<\/p>\n\n\n\n<p><em><strong>\u00abABC ksi\u0119dza Twardowskiego. Rok B\u00bb, Warszawa 2002, str. 109<\/strong><\/em><\/p>\n\n\n\n<p><strong>Jan Zieli\u0144ski<\/strong><\/p>\n\n\n\n<p><em><strong>Magnificat&nbsp;<\/strong><\/em><\/p>\n\n\n\n<p>Jak tu \u015bpiewa\u0107 Panu<br>kiedy nie jestem psalmist\u0105 ani kantorem<br>popl\u0105tane tonacje uwi\u0119z\u0142y w gardle jak supe\u0142<\/p>\n\n\n\n<p>a przecie\u017c uwielbia Pana moja dusza<br>cia\u0142o<br>ca\u0142y \u015bwiat obok<\/p>\n\n\n\n<p>rano gdy otwieram oczy<br>przychodzi zdumienie<br>domy stoj\u0105 na swoim miejscu<br>s\u0142o\u0144ce \u015bwieci jak wczoraj<br>bomba jeszcze nie wybuch\u0142a<\/p>\n\n\n\n<p>rozklekotane buty<br>znowu w ma\u0142\u017ce\u0144stwie z nogami<\/p>\n\n\n\n<p>znowu mog\u0119 zamilkn\u0105\u0107<br>g\u0142\u0119boko do g\u0142\u0119bi najg\u0142\u0119bszej<br>a\u017c pop\u0142yn\u0105 rzeki szumi\u0105ce<br>ze \u017ar\u00f3d\u0142a przywo\u0142uj\u0119 u\u015bmiechy<br>\u0142atwe i nie\u0142atwe<\/p>\n\n\n\n<p>do nieba nade mn\u0105<br>do deszczu<br>do dziecka na drodze ze szko\u0142y<br>do nie wierz\u0105cej dziewczyny<br>do ksi\u0119dza proboszcza<br>do petenta og\u0142upionego w kancelarii<br>do hodowanej w klatce serca ma\u0142py<\/p>\n\n\n\n<p><em><strong>\u00abWiersze podarowane\u00bb, Warszawa 1994, str. 36<\/strong><\/em><\/p>\n\n\n\n<div class=\"wp-block-columns is-layout-flex wp-container-core-columns-is-layout-9d6595d7 wp-block-columns-is-layout-flex\">\n<div class=\"wp-block-column is-layout-flow wp-block-column-is-layout-flow\"><div class=\"wp-block-image\">\n<figure class=\"alignright size-large is-resized\"><a href=\"http:\/\/iconoskiko.blogspot.com\/\" target=\"_blank\" rel=\"noopener noreferrer\"><img loading=\"lazy\" decoding=\"async\" src=\"https:\/\/poezjaiewangelia.pl\/wp-content\/uploads\/2015\/11\/3dacfb650f3929cea53180ec91370dfc-e1462099607781.jpg\" alt=\"Kiko Arg\u00fcello Za\u015bni\u0119cie i Wniebowzi\u0119cie Maryi\" class=\"wp-image-2801\" width=\"360\" height=\"374\" title=\"Kiko Arg\u00fcello Za\u015bni\u0119cie i wniebowzi\u0119cie Maryi\"\/><\/a><figcaption><center><em>Kiko Arg\u00fcello Za\u015bni\u0119cie i Wniebowzi\u0119cie Maryi<\/em><\/center><\/figcaption><\/figure>\n<\/div><\/div>\n\n\n\n<div class=\"wp-block-column is-layout-flow wp-block-column-is-layout-flow\">\n<p><strong>Jan Twardowski<\/strong><\/p>\n\n\n\n<p><em><strong>Pro\u015bba<\/strong><\/em><\/p>\n\n\n\n<p>Panno \u015awi\u0119ta rysowana w zeszycie<br>dzieci\u0119cymi r\u0105czkami \u2014<br>pi\u0119kna jak jedna kreska<br>m\u00f3dl si\u0119 za nami<\/p>\n\n\n\n<p>\u017ceby w ko\u015bcio\u0142ach nie by\u0142o wyszywanych serwetek<br>katafalku z czarn\u0105 kap\u0105<br>anio\u0142ka z barokow\u0105 \u0142apk\u0105<br>p\u0119dzelkami przy chor\u0105gwiach fr\u0119dzli<br>stukaj\u0105cych pieni\u0119dzy<br>ozd\u00f3bek z trupi\u0105 g\u0142\u00f3wk\u0105<br>\u015bwi\u0119tej Tereski jak rozpieszczonej gwiazdy<br>niepodobnych do siebie \u015bwi\u0119tych<br>co nie mog\u0105 wyj\u015b\u0107 z nieswojej twarzy \u2014<br>\u017ceby nie by\u0142o<br>sympatycznego g\u0142adko uczesanego Pana Jezusa tylko<br>dla porz\u0105dnych ludzi<\/p>\n\n\n\n<p><em><strong>\u00abNie przyszed\u0142em pana nawraca\u0107\u00bb, Pozna\u0144 2009, str. 92<\/strong><\/em><\/p>\n<\/div>\n<\/div>\n\n\n\n<p class=\"has-text-align-center\"><a href=\"https:\/\/poezjaiewangelia.pl\/?page_id=4961#Gora\"><span style=\"color:#1e73be\" class=\"has-inline-color\">Do g\u00f3ry<\/span><\/a><\/p>\n","protected":false},"excerpt":{"rendered":"<p>Powr\u00f3t do \u015awi\u0119ta ,\u00a0\u00a0 Uroczysto\u015bci i \u015bwi\u0119ta VIII,\u00a0 \u00a0Powr\u00f3t do Linki\u00a0 Ewangelia: \u0141k 1, 39 \u2013 56; Nawiedzenie 39 W tym czasie Maryja wybra\u0142a si\u0119 i posz\u0142a z po\u015bpiechem w g\u00f3ry do pewnego miasta w [pokoleniu] Judy.40 Wesz\u0142a do domu Zachariasza i pozdrowi\u0142a El\u017cbiet\u0119.41 Gdy El\u017cbieta us\u0142ysza\u0142a pozdrowienie Maryi, poruszy\u0142o si\u0119 dzieci\u0105tko w jej \u0142onie, &hellip; <a href=\"https:\/\/poezjaiewangelia.pl\/?page_id=4961\" class=\"more-link\">Czytaj dalej <span class=\"screen-reader-text\">Uroczysto\u015b\u0107 Wniebowzi\u0119cia N. M. P. rok ABC; (15.08.)<\/span><\/a><\/p>\n","protected":false},"author":1,"featured_media":0,"parent":4978,"menu_order":2,"comment_status":"closed","ping_status":"closed","template":"","meta":{"_monsterinsights_skip_tracking":false,"_monsterinsights_sitenote_active":false,"_monsterinsights_sitenote_note":"","_monsterinsights_sitenote_category":0,"footnotes":""},"class_list":["post-4961","page","type-page","status-publish","hentry"],"aioseo_notices":[],"_links":{"self":[{"href":"https:\/\/poezjaiewangelia.pl\/index.php?rest_route=\/wp\/v2\/pages\/4961","targetHints":{"allow":["GET"]}}],"collection":[{"href":"https:\/\/poezjaiewangelia.pl\/index.php?rest_route=\/wp\/v2\/pages"}],"about":[{"href":"https:\/\/poezjaiewangelia.pl\/index.php?rest_route=\/wp\/v2\/types\/page"}],"author":[{"embeddable":true,"href":"https:\/\/poezjaiewangelia.pl\/index.php?rest_route=\/wp\/v2\/users\/1"}],"replies":[{"embeddable":true,"href":"https:\/\/poezjaiewangelia.pl\/index.php?rest_route=%2Fwp%2Fv2%2Fcomments&post=4961"}],"version-history":[{"count":16,"href":"https:\/\/poezjaiewangelia.pl\/index.php?rest_route=\/wp\/v2\/pages\/4961\/revisions"}],"predecessor-version":[{"id":10154,"href":"https:\/\/poezjaiewangelia.pl\/index.php?rest_route=\/wp\/v2\/pages\/4961\/revisions\/10154"}],"up":[{"embeddable":true,"href":"https:\/\/poezjaiewangelia.pl\/index.php?rest_route=\/wp\/v2\/pages\/4978"}],"wp:attachment":[{"href":"https:\/\/poezjaiewangelia.pl\/index.php?rest_route=%2Fwp%2Fv2%2Fmedia&parent=4961"}],"curies":[{"name":"wp","href":"https:\/\/api.w.org\/{rel}","templated":true}]}}