{"id":4965,"date":"2018-11-07T11:33:58","date_gmt":"2018-11-07T11:33:58","guid":{"rendered":"https:\/\/poezjaiewangelia.pl\/?page_id=4965"},"modified":"2022-07-18T18:03:54","modified_gmt":"2022-07-18T17:03:54","slug":"uroczystosc-n-m-p-czestochowskiej-rok-abc-26-08","status":"publish","type":"page","link":"https:\/\/poezjaiewangelia.pl\/?page_id=4965","title":{"rendered":"Uroczysto\u015b\u0107 N. M. P. Cz\u0119stochowskiej rok ABC; (26.08.)"},"content":{"rendered":"\n<p><span style=\"color: #1e73be;\"><a style=\"color: #1e73be;\" href=\"https:\/\/poezjaiewangelia.pl\/?page_id=63#S63\">Powr\u00f3t do \u015awi\u0119ta,<\/a>&nbsp; &nbsp;<\/span><a id=\"S4965\"><\/a><span style=\"color: #1e73be;\"><a style=\"color: #1e73be;\" href=\"https:\/\/poezjaiewangelia.pl\/?page_id=4978#S4978\"> Uroczysto\u015bci i \u015bwi\u0119ta VIII<\/a>,&nbsp; <\/span><a id=\"Gora\"><\/a><span style=\"color: #1e73be;\">&nbsp;&nbsp;<a style=\"color: #1e73be;\" href=\"https:\/\/poezjaiewangelia.pl\/?page_id=703#S703\">Powr\u00f3t do Linki<\/a><\/span><\/p>\n\n\n<div class=\"wp-block-image\">\n<figure class=\"alignright size-large\"><img loading=\"lazy\" decoding=\"async\" width=\"150\" height=\"150\" src=\"https:\/\/poezjaiewangelia.pl\/wp-content\/uploads\/2018\/10\/R\u00f3\u017ca-bia\u0142a-e1592148272533.png\" alt=\"Kolor szat\" class=\"wp-image-4591\"\/><figcaption>Kolor szat<\/figcaption><\/figure>\n<\/div>\n\n<div class=\"wp-block-image\">\n<figure class=\"alignleft size-large\"><a href=\"http:\/\/jasnagora.pl\/pl\/o-sanktuarium\/historia-cudownego-obrazu\/\" target=\"_blank\" rel=\"noopener noreferrer\"><img loading=\"lazy\" decoding=\"async\" width=\"100\" height=\"130\" src=\"https:\/\/poezjaiewangelia.pl\/wp-content\/uploads\/2015\/12\/Matka-Boska-Czestochowska1.jpg\" alt=\"Matka Boska Cz\u0119stochowska\" class=\"wp-image-425\" title=\"Matka Boska Cz\u0119stochowska\"\/><\/a><\/figure>\n<\/div>\n\n\n<hr class=\"wp-block-separator has-text-color has-luminous-vivid-amber-color has-css-opacity has-luminous-vivid-amber-background-color has-background is-style-dots\"\/>\n\n\n\n<p><strong>Ewangelia: J 2,1 \u2013 11;<\/strong><\/p>\n\n\n\n<h2 class=\"wp-block-heading\"><strong><span class=\"has-inline-color has-luminous-vivid-orange-color\">S\u0141OWO BO\u017bE<\/span><\/strong><\/h2>\n\n\n<div class=\"wp-block-image\">\n<figure class=\"alignleft size-large is-resized\"><a href=\"https:\/\/www.wga.hu\/framex-e.html?file=html\/j\/juan\/2\/polypty8.html&amp;find=The+Marriage+at+Cana\" target=\"_blank\" rel=\"noopener noreferrer\"><img loading=\"lazy\" decoding=\"async\" src=\"https:\/\/poezjaiewangelia.pl\/wp-content\/uploads\/2015\/11\/Juan-de-Flandes-Cud-w-Kanie-Galilejskiej-e1462099636450.jpg\" alt=\"Juan de Flandes Cud w Kanie Galilejskiej\" class=\"wp-image-2802\" width=\"298\" height=\"400\" title=\"Juan de Flandes Cud w Kanie Galilejskiej\"\/><\/a><figcaption><center><em>Juan de Flandes Cud w Kanie Galilejskiej<\/em><\/center><\/figcaption><\/figure>\n<\/div>\n\n\n<p>\u00a0<\/p>\n<p><strong>Pierwszy znak w Kanie Galilejskiej<\/strong><\/p>\n<p>1 Trzeciego dnia odbywa\u0142o si\u0119 wesele w Kanie Galilejskiej i by\u0142a tam Matka Jezusa.<br \/>2 Zaproszono na to wesele tak\u017ce Jezusa i Jego uczni\u00f3w.<br \/><span style=\"color: #993300;\"><strong>3 A kiedy zabrak\u0142o wina, Matka Jezusa m\u00f3wi do Niego: \u00abNie maj\u0105 ju\u017c wina\u00bb.<\/strong><\/span><br \/><span style=\"color: #993300;\"><strong>4 Jezus Jej odpowiedzia\u0142: \u00abCzy\u017c to moja lub Twoja sprawa, Niewiasto?* Czy\u017c jeszcze nie nadesz\u0142a godzina moja*?\u00bb<\/strong><\/span><br \/><span style=\"color: #993300;\"><strong>5 Wtedy Matka Jego powiedzia\u0142a do s\u0142ug: \u00abZr\u00f3bcie wszystko, cokolwiek wam powie\u00bb*.<\/strong><\/span><br \/>6 Sta\u0142o za\u015b tam sze\u015b\u0107 st\u0105gwi kamiennych przeznaczonych do \u017cydowskich oczyszcze\u0144*, z kt\u00f3rych ka\u017cda mog\u0142a pomie\u015bci\u0107 dwie lub trzy miary.<br \/>7 Rzek\u0142 do nich Jezus: \u00abNape\u0142nijcie st\u0105gwie wod\u0105!\u00bb I nape\u0142nili je a\u017c po brzegi.<br \/>8 Potem do nich powiedzia\u0142: \u00abZaczerpnijcie teraz i zanie\u015bcie staro\u015bcie weselnemu!\u00bb Oni za\u015b zanie\u015bli.<br \/>9 A gdy starosta weselny skosztowa\u0142 wody, kt\u00f3ra sta\u0142a si\u0119 winem \u2013 nie wiedzia\u0142 bowiem, sk\u0105d ono pochodzi, ale s\u0142udzy, kt\u00f3rzy czerpali wod\u0119, wiedzieli \u2013 przywo\u0142a\u0142 pana m\u0142odego<br \/>10 i powiedzia\u0142 do niego: \u00abKa\u017cdy cz\u0142owiek stawia najpierw dobre wino, a gdy si\u0119 napij\u0105, w\u00f3wczas gorsze. Ty zachowa\u0142e\u015b dobre wino a\u017c do tej pory\u00bb.<br \/>11 Taki to pocz\u0105tek znak\u00f3w uczyni\u0142 Jezus w Kanie Galilejskiej. Objawi\u0142 swoj\u0105 chwa\u0142\u0119 i uwierzyli w Niego Jego uczniowie.<\/p>\n\n\n\n<h2 class=\"wp-block-heading\"><strong><span class=\"has-inline-color has-luminous-vivid-orange-color\">REFLEKSJA<\/span><\/strong><\/h2>\n\n\n\n<p><strong>Anna Kamie\u0144ska<\/strong><\/p>\n\n\n\n<p><em><strong>Pie\u015b\u0144 Jasnog\u00f3rska<\/strong><\/em><\/p>\n\n\n\n<p>\u201eO Gospodzie uwielbiona<br>Nad niebiosa wywy\u017cszona\u201d<\/p>\n\n\n\n<p>We \u015bnie przysz\u0142a twarz sw\u0105 przybli\u017cy\u0142a<br>Tak \u0142agodna \u017ce w powietrzu stoi<br>Dotkn\u0105\u0107 mi palcami pozwoli\u0142a<br>Dw\u00f3ch serdecznych na twarzy blizn swoich<\/p>\n\n\n\n<p>Jedna blizna<br>To od szabli rana<br>Druga rana<br>Przeze mnie zadana<\/p>\n\n\n\n<p>W wielkim S\u0142o\u0144cu ca\u0142a\u015b opalona<br>Twoje blizny dwie \u0142ez koleiny<br>Ca\u0142a\u015b mroczna ca\u0142a zamy\u015blona<br>Jakby moje zmroczy\u0142y Ci\u0119 winy<\/p>\n\n\n\n<p>Ca\u0142a\u015b pi\u0119kna w z\u0142ocie i w koralu<br>Tobie morze bursztyny kruszy\u0142o<br>I brylait6w tyle ile \u017calu<br>Tyle dzieci \u0142zy Ci przynosi\u0142o<\/p>\n\n\n\n<p>Po co Ci turkusy i rubiny<br>Srebro z\u0142oto chciwo\u015bci si\u0119 l\u0119ka<br>Wszystko to nie warte tej Drobiny<br>Tego Skarbu co trzymasz na r\u0119kach<\/p>\n\n\n\n<p>Krwi\u0105 cz\u0142owiecz\u0105<br>Prawda nasycona<br>Mlekiem ludzkim<br>M\u0105dro\u015b\u0107 wykarmiona<\/p>\n\n\n\n<p>Niech u\u015bmiechn\u0105 mi si\u0119 usta Twoje<br>Cho\u0107 widzia\u0142y do\u015b\u0107 b\u00f3lu ludzkiego<br>A mnie pozw\u00f3l spocz\u0105\u0107 w Twym pokoju<br>W szcz\u0119\u015bciu Twego smutku matczynego<\/p>\n\n\n\n<p><em><strong>\u00abIntencje serca\u00bb, Pozna\u0144 1985, str. 443<\/strong><\/em><\/p>\n\n\n\n<p><strong>Janusz Pasierb<\/strong><\/p>\n\n\n\n<p><strong>* * *<\/strong><br>noc\u0105 kiedy ogl\u0105dam obraz<br>kiedy patrz\u0119 na Ciebie w b\u0142\u0119kitnych blaskach<br>zimno p\u0142on\u0105cych brylant\u00f3w<br>\u2014 jaka ciep\u0142a jest Twoja brunatna twarz i d\u0142onie<br>\u2014 jeste\u015b ciemna i pi\u0119kna<br>Twarz Twoja ziemia pszeniczna i sk\u00f3rka<br>wiejskiego chleba<br>nie pachniesz kadzid\u0142ami lecz woskiem i miodem<br>po wyj\u0119ciu z o\u0142tarza wida\u0107 w bocznym \u015bwietle<br>wg\u0142\u0119bienia i bruzdy<br>\u2014 jeste\u015b ziemi\u0105 kaleczon\u0105 przez wojny<br>poznaczon\u0105 przez czas<br>tarcz\u0105 kt\u00f3ra wzi\u0119\u0142a na siebie ciosy<br>\u2014 ogl\u0105dana z g\u00f3ry i z bliska przypominasz zarys ojczyzny<br>w ultrafiolecie \u015bwiecisz zielono jak ozimina<br>jak \u0142\u0105ka w kwietniu<br>tajemnico radosna bolesna chwalebna<br>tera\u017aniejszo\u015bci nasza przesz\u0142o\u015bci<br>bizantyjska andegawe\u0144ska opolska jagiello\u0144ska polska<br>w pokoju i w wojnach<br>mi\u0119dzy wschodem a zachodem jak s\u0142o\u0144ce<br>pociemnia\u0142a\u015b od naszych modlitw<br>nieruchoma<br>s\u0142uchasz uwa\u017cnie<br>przez kraj i rozproszenia nasze idziesz wytrwale<br>przyczyno naszej wierno\u015bci<br>gwiazdo zaranna<br>\u015bwiat\u0142o ostatnie<br>ziemio kt\u00f3ra rodzi niebo<br>owoc<br>Twojego \u017cywota<br>nasze \u017bycie<br>Jezus<br>Jasna G\u00f3ra, 8\/9 marca 1979<\/p>\n\n\n\n<p><em><strong>\u00abWiersze religijne\u00bb, Pozna\u0144 \u2013 Warszawa 1983, str. 54<\/strong><\/em><\/p>\n\n\n\n<p><strong>Maria Pawlikowska-Jasnorzewska<\/strong><\/p>\n\n\n<div class=\"wp-block-image\">\n<figure class=\"alignright size-large is-resized\"><a href=\"https:\/\/commons.wikimedia.org\/wiki\/File:Vitrail_Chartres_210209_07.jpg?uselang=pl\" target=\"_blank\" rel=\"noopener noreferrer\"><img loading=\"lazy\" decoding=\"async\" src=\"https:\/\/poezjaiewangelia.pl\/wp-content\/uploads\/2020\/06\/Witra\u017c-w-Chartres-XIII-w.-Wesele-w-Kanie.jpg\" alt=\"Witra\u017c w Chartres XIII w. Wesele w Kanie\" class=\"wp-image-8645\" width=\"350\" height=\"347\" title=\"Witra\u017c w Chartres XIII w. Wesele w Kanie\" srcset=\"https:\/\/poezjaiewangelia.pl\/wp-content\/uploads\/2020\/06\/Witra\u017c-w-Chartres-XIII-w.-Wesele-w-Kanie-150x150.jpg 150w, https:\/\/poezjaiewangelia.pl\/wp-content\/uploads\/2020\/06\/Witra\u017c-w-Chartres-XIII-w.-Wesele-w-Kanie-100x100.jpg 100w\" sizes=\"auto, (max-width: 350px) 100vw, 350px\" \/><\/a><figcaption><center><em>Witra\u017c w Chartres XIII w. Wesele w Kanie<\/em><center><\/center><\/center><\/figcaption><\/figure>\n<\/div>\n\n\n<p><em><strong>Czarny portret<\/strong><\/em><\/p>\n\n\n\n<p>Madonno hebanowa o dw\u00f3ch pr\u0119gach na twarzy!<br>nazbyt pi\u0119kny by\u0142 owal Tw\u00f3j \u015bwi\u0119ty.<br>Za nas, wszystkie pi\u0119kno\u015bci, policzek Tw\u00f3j si\u0119 \u017carzy,<br>nienawistnie poci\u0119ty \u2014 \u2014 \u2014<\/p>\n\n\n\n<p>I \u017cadne serca z\u0142ote, srebrne, platynowe,<br>\u017cywe czy z drogich kamieni,<br>nie ukoj\u0105, nie ucisz\u0105 zdumienia,<br>kt\u00f3re si\u0119 w oczach Twych mieni..<strong><\/strong><\/p>\n\n\n\n<p><em><strong>\u00abIntencje serca\u00bb, Pozna\u0144 1985, str. 447<\/strong><\/em><\/p>\n\n\n\n<p><strong>Wiktor Woroszylski<\/strong><\/p>\n\n\n\n<p><strong>* * *<\/strong>Matko Boska ciemnolica<br>przyby\u0142a z dalekich stron<br>spraw by nikt tu nie by\u0142 obcy<br>ka\u017cdy \u017ceby mia\u0142 tu dom<\/p>\n\n\n\n<p>Matko Boska ze szramami<br>rany ducha zasklep nam<br>krwawe rowy dziel\u0105 ludzi<br>niech si\u0119 \u015bci\u0105gn\u0105 na kszta\u0142t szram<\/p>\n\n\n\n<p>Matko Boska taka ludzka<br>nasz\u0105 s\u0142abo\u015b\u0107 sercem znasz<br>tyle unie\u015b\u0107 trzeba w \u017cyciu<br>jak ud\u017awigii\u0105\u0107 naucz nas<\/p>\n\n\n\n<p>Matko Boska co\u015b zazna\u0142a<br>upokorze\u0144 gwa\u0142t\u00f3w krzywd<br>Ty\u015b rado\u015bci\u0105 \u015bpiewem ca\u0142a<br>blask na rz\u0119sach Twoich dr\u017cy<strong><\/strong><\/p>\n\n\n\n<p><em><strong>\u00abIntencje serca\u00bb, Pozna\u0144 1985, str. 460<\/strong><\/em><\/p>\n\n\n\n<p><strong>Wac\u0142aw Oszajca<\/strong><\/p>\n\n\n\n<p><em><strong>na Jasnej G\u00f3rze<\/strong><\/em><\/p>\n\n\n\n<p>Matko<br>smutnymi oczami<br>twarz\u0105 poci\u0119t\u0105<br>napi\u0119tnowan\u0105<br>zza czarnego werniksu<br>pr\u00f3bujesz mi co\u015b powiedzie\u0107<br>co Matko<\/p>\n\n\n\n<p>popatrz<br>moje oczy te\u017c ciemniej\u0105<br>czas mia\u017cd\u017cy moj\u0105 twarz<br>kopytami wydarze\u0144<br>poza werniksuje usta<br>nie wiem o czym dzisiaj<br>mam z tob\u0105 rozmawia\u0107<\/p>\n\n\n\n<p>mo\u017ce wi\u0119c nic nie m\u00f3wmy<br>przytulmy tylko do siebie twarze<strong><\/strong><\/p>\n\n\n\n<p><em><strong>\u00ab\u2026Ty za blisko, my za daleko\u2026\u00bb, Lublin 1985, str. 119<\/strong><\/em><\/p>\n\n\n\n<p class=\"has-text-align-center\"><a href=\"https:\/\/poezjaiewangelia.pl\/?page_id=4965#Gora\"><span style=\"color:#1e73be\" class=\"has-inline-color\">Do g\u00f3ry<\/span><\/a><\/p>\n","protected":false},"excerpt":{"rendered":"<p>Powr\u00f3t do \u015awi\u0119ta,&nbsp; &nbsp; Uroczysto\u015bci i \u015bwi\u0119ta VIII,&nbsp; &nbsp;&nbsp;Powr\u00f3t do Linki Ewangelia: J 2,1 \u2013 11; \u00a0 Pierwszy znak w Kanie Galilejskiej 1 Trzeciego dnia odbywa\u0142o si\u0119 wesele w Kanie Galilejskiej i by\u0142a tam Matka Jezusa.2 Zaproszono na to wesele tak\u017ce Jezusa i Jego uczni\u00f3w.3 A kiedy zabrak\u0142o wina, Matka Jezusa m\u00f3wi do Niego: \u00abNie &hellip; <a href=\"https:\/\/poezjaiewangelia.pl\/?page_id=4965\" class=\"more-link\">Czytaj dalej <span class=\"screen-reader-text\">Uroczysto\u015b\u0107 N. M. P. Cz\u0119stochowskiej rok ABC; (26.08.)<\/span><\/a><\/p>\n","protected":false},"author":1,"featured_media":0,"parent":4978,"menu_order":3,"comment_status":"closed","ping_status":"closed","template":"","meta":{"_monsterinsights_skip_tracking":false,"_monsterinsights_sitenote_active":false,"_monsterinsights_sitenote_note":"","_monsterinsights_sitenote_category":0,"footnotes":""},"class_list":["post-4965","page","type-page","status-publish","hentry"],"aioseo_notices":[],"_links":{"self":[{"href":"https:\/\/poezjaiewangelia.pl\/index.php?rest_route=\/wp\/v2\/pages\/4965","targetHints":{"allow":["GET"]}}],"collection":[{"href":"https:\/\/poezjaiewangelia.pl\/index.php?rest_route=\/wp\/v2\/pages"}],"about":[{"href":"https:\/\/poezjaiewangelia.pl\/index.php?rest_route=\/wp\/v2\/types\/page"}],"author":[{"embeddable":true,"href":"https:\/\/poezjaiewangelia.pl\/index.php?rest_route=\/wp\/v2\/users\/1"}],"replies":[{"embeddable":true,"href":"https:\/\/poezjaiewangelia.pl\/index.php?rest_route=%2Fwp%2Fv2%2Fcomments&post=4965"}],"version-history":[{"count":21,"href":"https:\/\/poezjaiewangelia.pl\/index.php?rest_route=\/wp\/v2\/pages\/4965\/revisions"}],"predecessor-version":[{"id":10031,"href":"https:\/\/poezjaiewangelia.pl\/index.php?rest_route=\/wp\/v2\/pages\/4965\/revisions\/10031"}],"up":[{"embeddable":true,"href":"https:\/\/poezjaiewangelia.pl\/index.php?rest_route=\/wp\/v2\/pages\/4978"}],"wp:attachment":[{"href":"https:\/\/poezjaiewangelia.pl\/index.php?rest_route=%2Fwp%2Fv2%2Fmedia&parent=4965"}],"curies":[{"name":"wp","href":"https:\/\/api.w.org\/{rel}","templated":true}]}}