{"id":4993,"date":"2018-11-08T12:26:31","date_gmt":"2018-11-08T12:26:31","guid":{"rendered":"https:\/\/poezjaiewangelia.pl\/?page_id=4993"},"modified":"2021-07-26T12:51:27","modified_gmt":"2021-07-26T11:51:27","slug":"uroczystosci-i-swieta-ix-x","status":"publish","type":"page","link":"https:\/\/poezjaiewangelia.pl\/?page_id=4993","title":{"rendered":"Uroczysto\u015bci i \u015bwi\u0119ta IX &#8211; X"},"content":{"rendered":"\n<p><span style=\"color: #ffff00;\">i<a id=\"S4993\"><\/a><\/span><\/p>\n\n\n\n<div class=\"wp-block-columns is-layout-flex wp-container-core-columns-is-layout-9d6595d7 wp-block-columns-is-layout-flex\">\n<div class=\"wp-block-column is-layout-flow wp-block-column-is-layout-flow\">\n<div class=\"wp-block-image\"><figure class=\"alignright size-full is-resized\"><a href=\"https:\/\/commons.wikimedia.org\/wiki\/File:L%27_Annonciation_de_1644,_Philippe_de_Champaigne..jpg\" target=\"_blank\" rel=\"noopener noreferrer\"><img loading=\"lazy\" decoding=\"async\" src=\"https:\/\/poezjaiewangelia.pl\/wp-content\/uploads\/2018\/11\/Philippe-de-Champaigne-Zwiastowanie-e1541671240573.jpg\" alt=\"Philippe de Champaigne Zwiastowanie\" class=\"wp-image-4992\" width=\"400\" height=\"396\" title=\"Philippe de Champaigne Zwiastowanie\"\/><\/a><figcaption><center><em>Philippe de Champaigne Zwiastowanie<\/em><\/center><\/figcaption><\/figure><\/div>\n<\/div>\n\n\n\n<div class=\"wp-block-column is-layout-flow wp-block-column-is-layout-flow\">\n<figure class=\"wp-block-image size-large\"><img loading=\"lazy\" decoding=\"async\" width=\"165\" height=\"165\" src=\"https:\/\/poezjaiewangelia.pl\/wp-content\/uploads\/2020\/04\/R\u00f3\u017ca-p.png\" alt=\"R\u00f3\u017ca\" class=\"wp-image-7046\" srcset=\"https:\/\/poezjaiewangelia.pl\/wp-content\/uploads\/2020\/04\/R\u00f3\u017ca-p.png 165w, https:\/\/poezjaiewangelia.pl\/wp-content\/uploads\/2020\/04\/R\u00f3\u017ca-p-150x150.png 150w, https:\/\/poezjaiewangelia.pl\/wp-content\/uploads\/2020\/04\/R\u00f3\u017ca-p-100x100.png 100w\" sizes=\"auto, (max-width: 165px) 100vw, 165px\" \/><\/figure>\n\n\n\n<p><a href=\"https:\/\/poezjaiewangelia.pl\/?page_id=4997#S4997\"><span style=\"color: #1e73be;\">Narodzenie N. M. P. (8.09.)<\/span><\/a><\/p>\n<p><span style=\"color: #1e73be;\"><a style=\"color: #1e73be;\" href=\"https:\/\/poezjaiewangelia.pl\/?page_id=5000#S5000\">Podwy\u017cszenie Krzy\u017ca \u015awi\u0119tego (14.09.)<\/a><\/span><\/p>\n<p><span style=\"color: #1e73be;\"><a style=\"color: #1e73be;\" href=\"https:\/\/poezjaiewangelia.pl\/?page_id=5002#S5002\">\u015aw. Stanis\u0142awa Kostki \u2013 patrona Polski (18.09.)<\/a><\/span><\/p>\n<p><span style=\"color: #1e73be;\"><a style=\"color: #1e73be;\" href=\"https:\/\/poezjaiewangelia.pl\/?page_id=5006#S5006\">Rocznica po\u015bwi\u0119cenia Ko\u015bcio\u0142a (10)<\/a><\/span><\/p>\n<p>\u00a0<\/p>\n<p><span style=\"color: #1e73be;\"><a style=\"color: #1e73be;\" href=\"https:\/\/poezjaiewangelia.pl\/?page_id=63#S63\">Powr\u00f3t do \u015awi\u0119ta<\/a>\u00a0\u00a0\u00a0<a style=\"color: #1e73be;\" href=\"https:\/\/poezjaiewangelia.pl\/?page_id=703#S703\">Powr\u00f3t do Linki<\/a><\/span><\/p>\n<\/div>\n<\/div>\n\n\n\n<figure class=\"wp-block-image size-full\"><a href=\"https:\/\/www.wga.hu\/html\/a\/angelico\/00\/11fieso1.html\" target=\"_blank\" rel=\"noopener\"><img loading=\"lazy\" decoding=\"async\" width=\"2410\" height=\"350\" src=\"https:\/\/poezjaiewangelia.pl\/wp-content\/uploads\/2018\/11\/Fra-Angelico-Predella-w-o\u0142tarzu-San-Domenico-w-Fiesole.jpg\" alt=\"Fra Angelico Predella w o\u0142tarzu San Domenico w Fiesole\" class=\"wp-image-5546\"\/><\/a><figcaption>Fra Angelico <em>Predella w o\u0142tarzu San Domenico w Fiesole<\/em><\/figcaption><\/figure>\n","protected":false},"excerpt":{"rendered":"<p>i Narodzenie N. M. P. (8.09.) Podwy\u017cszenie Krzy\u017ca \u015awi\u0119tego (14.09.) \u015aw. Stanis\u0142awa Kostki \u2013 patrona Polski (18.09.) Rocznica po\u015bwi\u0119cenia Ko\u015bcio\u0142a (10) \u00a0 Powr\u00f3t do \u015awi\u0119ta\u00a0\u00a0\u00a0Powr\u00f3t do Linki<\/p>\n","protected":false},"author":1,"featured_media":0,"parent":63,"menu_order":5,"comment_status":"closed","ping_status":"closed","template":"","meta":{"_monsterinsights_skip_tracking":false,"_monsterinsights_sitenote_active":false,"_monsterinsights_sitenote_note":"","_monsterinsights_sitenote_category":0,"footnotes":""},"class_list":["post-4993","page","type-page","status-publish","hentry"],"aioseo_notices":[],"_links":{"self":[{"href":"https:\/\/poezjaiewangelia.pl\/index.php?rest_route=\/wp\/v2\/pages\/4993","targetHints":{"allow":["GET"]}}],"collection":[{"href":"https:\/\/poezjaiewangelia.pl\/index.php?rest_route=\/wp\/v2\/pages"}],"about":[{"href":"https:\/\/poezjaiewangelia.pl\/index.php?rest_route=\/wp\/v2\/types\/page"}],"author":[{"embeddable":true,"href":"https:\/\/poezjaiewangelia.pl\/index.php?rest_route=\/wp\/v2\/users\/1"}],"replies":[{"embeddable":true,"href":"https:\/\/poezjaiewangelia.pl\/index.php?rest_route=%2Fwp%2Fv2%2Fcomments&post=4993"}],"version-history":[{"count":10,"href":"https:\/\/poezjaiewangelia.pl\/index.php?rest_route=\/wp\/v2\/pages\/4993\/revisions"}],"predecessor-version":[{"id":9566,"href":"https:\/\/poezjaiewangelia.pl\/index.php?rest_route=\/wp\/v2\/pages\/4993\/revisions\/9566"}],"up":[{"embeddable":true,"href":"https:\/\/poezjaiewangelia.pl\/index.php?rest_route=\/wp\/v2\/pages\/63"}],"wp:attachment":[{"href":"https:\/\/poezjaiewangelia.pl\/index.php?rest_route=%2Fwp%2Fv2%2Fmedia&parent=4993"}],"curies":[{"name":"wp","href":"https:\/\/api.w.org\/{rel}","templated":true}]}}